{"id":521,"date":"2021-11-02T10:23:48","date_gmt":"2021-11-02T10:23:48","guid":{"rendered":"https:\/\/toys4vip.com\/produit\/lhorloge-qui-indique-le-temps-en-parole\/"},"modified":"2021-11-15T15:24:41","modified_gmt":"2021-11-15T15:24:41","slug":"lhorloge-qui-indique-le-temps-en-parole","status":"publish","type":"product","link":"https:\/\/www.toys4vip.com\/fr\/luxury-toy\/lhorloge-qui-indique-le-temps-en-parole\/38\/","title":{"rendered":"L&rsquo;Horloge qui indique le temps en parole"},"content":{"rendered":"<p>Vitre frontale en verre acrylique avec s\u00e9rigraphie multicouche sur bo\u00eetier aluminium monobloc.<\/p>\n<p>QLOCKTWO TOUCH est une horloge murale haute pr\u00e9cision avec fonction alarme au format 450\u00d7450\u00d720 mm. Au bureau, au salon ou dans la chambre \u00e0 coucher, la QLOCKTWO TOUCH est compacte et fait le bonheur des siens \u00e0 de nombreux endroits. Cette horloge indique l\u2019heure avec des mots \u00e9crits \u00e0 partir d\u2019une matrice de lettres. Gr\u00e2ce \u00e0 un proc\u00e9d\u00e9 s\u00e9rigraphique sp\u00e9cifique, les lettres illumin\u00e9es par des LED d\u2019un blanc \u00e9clatant s\u2019affichent d\u2019une empreinte tr\u00e8s marqu\u00e9e. Le boitier monolithique est obtenu par un proc\u00e9d\u00e9 co\u00fbteux de fraisage lisse d\u2019un bloc aluminium d\u2019une seule pi\u00e8ce. Cet ensemble cr\u00e9e une nouvelle r\u00e9f\u00e9rence d\u2018esth\u00e9tique pour les horloges de table.<\/p>\n<p>La QLOCKTWO TOUCH convainc par ses fonctions sophistiqu\u00e9es. Elle s\u2019harmonise automatiquement avec l\u2019\u00e9clairage ambiant. Diff\u00e9rentes options d\u2019intensit\u00e9 lumineuse sont s\u00e9lectionnables. En mode nocturne, l\u2019heure s\u2019affiche en douceur par un simple toucher. La fonction alarmes\u2019active par simple pression de touche. Quand l\u2019alarme se d\u00e9clenche, il suffit d\u2018effleurer l\u2018horloge pour continuer \u00e0 somnoler un peu plus longtemps.<\/p>\n<p>Dimensions: 45 \u00d7 45 \u00d7 2 cm<br \/>\nExiste aussi en version de bureau Dimensions: 13,5 \u00d7 13,5 \u00d7 1,8 cm<br \/>\nau prix de 445 \u20ac<\/p>\n","protected":false},"excerpt":{"rendered":"<p>Vitre frontale en verre acrylique avec s\u00e9rigraphie multicouche sur bo\u00eetier aluminium monobloc. QLOCKTWO TOUCH est une horloge murale haute pr\u00e9cision avec fonction alarme au format 450\u00d7450\u00d720 mm. Au bureau, au salon ou dans la chambre \u00e0 coucher, la QLOCKTWO TOUCH est compacte et fait le bonheur des siens \u00e0 de nombreux endroits. Cette horloge indique [&hellip;]<\/p>\n","protected":false},"featured_media":519,"comment_status":"open","ping_status":"closed","template":"","meta":[],"product_cat":[42],"product_tag":[],"yoast_head":"<!-- This site is optimized with the Yoast SEO plugin v17.4 - https:\/\/yoast.com\/wordpress\/plugins\/seo\/ -->\n<title>L&#039;Horloge qui indique le temps en parole - Toys4Vip<\/title>\n<meta name=\"description\" content=\"Vitre frontale en verre acrylique avec s\u00e9rigraphie multicouche sur bo\u00eetier aluminium monobloc.QLOCKTWO TOUCH est une horloge murale haute pr\u00e9cision avec fonction alarme au format 450\u00d7450\u00d720 mm. Au bureau, au salon ou dans la chambre \u00e0 coucher, la QLOCKTWO TOUCH est compacte et fait le bonheur des siens \u00e0 de nombreux endroits. Cette horloge indique l\u2019heure avec des mots \u00e9crits \u00e0 partir d\u2019une matrice de lettres.\" \/>\n<meta name=\"robots\" content=\"index, follow, max-snippet:-1, max-image-preview:large, max-video-preview:-1\" \/>\n<link rel=\"canonical\" href=\"https:\/\/www.toys4vip.com\/fr\/luxury-toy\/lhorloge-qui-indique-le-temps-en-parole\/38\/\" \/>\n<meta property=\"og:locale\" content=\"fr_FR\" \/>\n<meta property=\"og:type\" content=\"article\" \/>\n<meta property=\"og:title\" content=\"L&#039;Horloge qui indique le temps en parole - Toys4Vip\" \/>\n<meta property=\"og:description\" content=\"Vitre frontale en verre acrylique avec s\u00e9rigraphie multicouche sur bo\u00eetier aluminium monobloc.QLOCKTWO TOUCH est une horloge murale haute pr\u00e9cision avec fonction alarme au format 450\u00d7450\u00d720 mm. Au bureau, au salon ou dans la chambre \u00e0 coucher, la QLOCKTWO TOUCH est compacte et fait le bonheur des siens \u00e0 de nombreux endroits. Cette horloge indique l\u2019heure avec des mots \u00e9crits \u00e0 partir d\u2019une matrice de lettres.\" \/>\n<meta property=\"og:url\" content=\"https:\/\/www.toys4vip.com\/fr\/luxury-toy\/lhorloge-qui-indique-le-temps-en-parole\/38\/\" \/>\n<meta property=\"og:site_name\" content=\"Toys4Vip\" \/>\n<meta property=\"article:modified_time\" content=\"2021-11-15T15:24:41+00:00\" \/>\n<meta property=\"og:image\" content=\"https:\/\/www.toys4vip.com\/app\/uploads\/2021\/11\/main-31.jpg\" \/>\n\t<meta property=\"og:image:width\" content=\"920\" \/>\n\t<meta property=\"og:image:height\" content=\"342\" \/>\n<meta name=\"twitter:card\" content=\"summary_large_image\" \/>\n<meta name=\"twitter:label1\" content=\"Dur\u00e9e de lecture est.\" \/>\n\t<meta name=\"twitter:data1\" content=\"1 minute\" \/>\n<script type=\"application\/ld+json\" class=\"yoast-schema-graph\">{\"@context\":\"https:\/\/schema.org\",\"@graph\":[{\"@type\":\"WebSite\",\"@id\":\"https:\/\/www.toys4vip.com\/fr\/#website\",\"url\":\"https:\/\/www.toys4vip.com\/fr\/\",\"name\":\"Toys4Vip\",\"description\":\"Jouets de luxe nouveau concept store\",\"potentialAction\":[{\"@type\":\"SearchAction\",\"target\":{\"@type\":\"EntryPoint\",\"urlTemplate\":\"https:\/\/www.toys4vip.com\/fr\/?s={search_term_string}\"},\"query-input\":\"required name=search_term_string\"}],\"inLanguage\":\"fr-FR\"},{\"@type\":\"ImageObject\",\"@id\":\"https:\/\/www.toys4vip.com\/fr\/luxury-toy\/lhorloge-qui-indique-le-temps-en-parole\/38\/#primaryimage\",\"inLanguage\":\"fr-FR\",\"url\":\"https:\/\/www.toys4vip.com\/app\/uploads\/2021\/11\/main-31.jpg\",\"contentUrl\":\"https:\/\/www.toys4vip.com\/app\/uploads\/2021\/11\/main-31.jpg\",\"width\":920,\"height\":342},{\"@type\":\"WebPage\",\"@id\":\"https:\/\/www.toys4vip.com\/fr\/luxury-toy\/lhorloge-qui-indique-le-temps-en-parole\/38\/#webpage\",\"url\":\"https:\/\/www.toys4vip.com\/fr\/luxury-toy\/lhorloge-qui-indique-le-temps-en-parole\/38\/\",\"name\":\"L'Horloge qui indique le temps en parole - Toys4Vip\",\"isPartOf\":{\"@id\":\"https:\/\/www.toys4vip.com\/fr\/#website\"},\"primaryImageOfPage\":{\"@id\":\"https:\/\/www.toys4vip.com\/fr\/luxury-toy\/lhorloge-qui-indique-le-temps-en-parole\/38\/#primaryimage\"},\"datePublished\":\"2021-11-02T10:23:48+00:00\",\"dateModified\":\"2021-11-15T15:24:41+00:00\",\"description\":\"Vitre frontale en verre acrylique avec s\\u00e9rigraphie multicouche sur bo\\u00eetier aluminium monobloc.QLOCKTWO TOUCH est une horloge murale haute pr\\u00e9cision avec fonction alarme au format 450\\u00d7450\\u00d720 mm. Au bureau, au salon ou dans la chambre \\u00e0 coucher, la QLOCKTWO TOUCH est compacte et fait le bonheur des siens \\u00e0 de nombreux endroits. Cette horloge indique l\\u2019heure avec des mots \\u00e9crits \\u00e0 partir d\\u2019une matrice de lettres.\",\"breadcrumb\":{\"@id\":\"https:\/\/www.toys4vip.com\/fr\/luxury-toy\/lhorloge-qui-indique-le-temps-en-parole\/38\/#breadcrumb\"},\"inLanguage\":\"fr-FR\",\"potentialAction\":[{\"@type\":\"ReadAction\",\"target\":[\"https:\/\/www.toys4vip.com\/fr\/luxury-toy\/lhorloge-qui-indique-le-temps-en-parole\/38\/\"]}]},{\"@type\":\"BreadcrumbList\",\"@id\":\"https:\/\/www.toys4vip.com\/fr\/luxury-toy\/lhorloge-qui-indique-le-temps-en-parole\/38\/#breadcrumb\",\"itemListElement\":[{\"@type\":\"ListItem\",\"position\":1,\"name\":\"Home\",\"item\":\"https:\/\/www.toys4vip.com\/fr\/\"},{\"@type\":\"ListItem\",\"position\":2,\"name\":\"Objets \/ Cat\\u00e9gories\",\"item\":\"https:\/\/www.toys4vip.com\/fr\/luxury-toys\/\"},{\"@type\":\"ListItem\",\"position\":3,\"name\":\"L&#8217;Horloge qui indique le temps en parole\"}]}]}<\/script>\n<!-- \/ Yoast SEO plugin. -->","yoast_head_json":{"title":"L'Horloge qui indique le temps en parole - Toys4Vip","description":"Vitre frontale en verre acrylique avec s\u00e9rigraphie multicouche sur bo\u00eetier aluminium monobloc.QLOCKTWO TOUCH est une horloge murale haute pr\u00e9cision avec fonction alarme au format 450\u00d7450\u00d720 mm. Au bureau, au salon ou dans la chambre \u00e0 coucher, la QLOCKTWO TOUCH est compacte et fait le bonheur des siens \u00e0 de nombreux endroits. Cette horloge indique l\u2019heure avec des mots \u00e9crits \u00e0 partir d\u2019une matrice de lettres.","robots":{"index":"index","follow":"follow","max-snippet":"max-snippet:-1","max-image-preview":"max-image-preview:large","max-video-preview":"max-video-preview:-1"},"canonical":"https:\/\/www.toys4vip.com\/fr\/luxury-toy\/lhorloge-qui-indique-le-temps-en-parole\/38\/","og_locale":"fr_FR","og_type":"article","og_title":"L'Horloge qui indique le temps en parole - Toys4Vip","og_description":"Vitre frontale en verre acrylique avec s\u00e9rigraphie multicouche sur bo\u00eetier aluminium monobloc.QLOCKTWO TOUCH est une horloge murale haute pr\u00e9cision avec fonction alarme au format 450\u00d7450\u00d720 mm. Au bureau, au salon ou dans la chambre \u00e0 coucher, la QLOCKTWO TOUCH est compacte et fait le bonheur des siens \u00e0 de nombreux endroits. Cette horloge indique l\u2019heure avec des mots \u00e9crits \u00e0 partir d\u2019une matrice de lettres.","og_url":"https:\/\/www.toys4vip.com\/fr\/luxury-toy\/lhorloge-qui-indique-le-temps-en-parole\/38\/","og_site_name":"Toys4Vip","article_modified_time":"2021-11-15T15:24:41+00:00","og_image":[{"width":920,"height":342,"url":"https:\/\/www.toys4vip.com\/app\/uploads\/2021\/11\/main-31.jpg","type":"image\/jpeg"}],"twitter_card":"summary_large_image","twitter_misc":{"Dur\u00e9e de lecture est.":"1 minute"},"schema":{"@context":"https:\/\/schema.org","@graph":[{"@type":"WebSite","@id":"https:\/\/www.toys4vip.com\/fr\/#website","url":"https:\/\/www.toys4vip.com\/fr\/","name":"Toys4Vip","description":"Jouets de luxe nouveau concept store","potentialAction":[{"@type":"SearchAction","target":{"@type":"EntryPoint","urlTemplate":"https:\/\/www.toys4vip.com\/fr\/?s={search_term_string}"},"query-input":"required name=search_term_string"}],"inLanguage":"fr-FR"},{"@type":"ImageObject","@id":"https:\/\/www.toys4vip.com\/fr\/luxury-toy\/lhorloge-qui-indique-le-temps-en-parole\/38\/#primaryimage","inLanguage":"fr-FR","url":"https:\/\/www.toys4vip.com\/app\/uploads\/2021\/11\/main-31.jpg","contentUrl":"https:\/\/www.toys4vip.com\/app\/uploads\/2021\/11\/main-31.jpg","width":920,"height":342},{"@type":"WebPage","@id":"https:\/\/www.toys4vip.com\/fr\/luxury-toy\/lhorloge-qui-indique-le-temps-en-parole\/38\/#webpage","url":"https:\/\/www.toys4vip.com\/fr\/luxury-toy\/lhorloge-qui-indique-le-temps-en-parole\/38\/","name":"L'Horloge qui indique le temps en parole - Toys4Vip","isPartOf":{"@id":"https:\/\/www.toys4vip.com\/fr\/#website"},"primaryImageOfPage":{"@id":"https:\/\/www.toys4vip.com\/fr\/luxury-toy\/lhorloge-qui-indique-le-temps-en-parole\/38\/#primaryimage"},"datePublished":"2021-11-02T10:23:48+00:00","dateModified":"2021-11-15T15:24:41+00:00","description":"Vitre frontale en verre acrylique avec s\u00e9rigraphie multicouche sur bo\u00eetier aluminium monobloc.QLOCKTWO TOUCH est une horloge murale haute pr\u00e9cision avec fonction alarme au format 450\u00d7450\u00d720 mm. Au bureau, au salon ou dans la chambre \u00e0 coucher, la QLOCKTWO TOUCH est compacte et fait le bonheur des siens \u00e0 de nombreux endroits. Cette horloge indique l\u2019heure avec des mots \u00e9crits \u00e0 partir d\u2019une matrice de lettres.","breadcrumb":{"@id":"https:\/\/www.toys4vip.com\/fr\/luxury-toy\/lhorloge-qui-indique-le-temps-en-parole\/38\/#breadcrumb"},"inLanguage":"fr-FR","potentialAction":[{"@type":"ReadAction","target":["https:\/\/www.toys4vip.com\/fr\/luxury-toy\/lhorloge-qui-indique-le-temps-en-parole\/38\/"]}]},{"@type":"BreadcrumbList","@id":"https:\/\/www.toys4vip.com\/fr\/luxury-toy\/lhorloge-qui-indique-le-temps-en-parole\/38\/#breadcrumb","itemListElement":[{"@type":"ListItem","position":1,"name":"Home","item":"https:\/\/www.toys4vip.com\/fr\/"},{"@type":"ListItem","position":2,"name":"Objets \/ Cat\u00e9gories","item":"https:\/\/www.toys4vip.com\/fr\/luxury-toys\/"},{"@type":"ListItem","position":3,"name":"L&#8217;Horloge qui indique le temps en parole"}]}]}},"_links":{"self":[{"href":"https:\/\/www.toys4vip.com\/fr\/wp-json\/wp\/v2\/product\/521"}],"collection":[{"href":"https:\/\/www.toys4vip.com\/fr\/wp-json\/wp\/v2\/product"}],"about":[{"href":"https:\/\/www.toys4vip.com\/fr\/wp-json\/wp\/v2\/types\/product"}],"replies":[{"embeddable":true,"href":"https:\/\/www.toys4vip.com\/fr\/wp-json\/wp\/v2\/comments?post=521"}],"wp:featuredmedia":[{"embeddable":true,"href":"https:\/\/www.toys4vip.com\/fr\/wp-json\/wp\/v2\/media\/519"}],"wp:attachment":[{"href":"https:\/\/www.toys4vip.com\/fr\/wp-json\/wp\/v2\/media?parent=521"}],"wp:term":[{"taxonomy":"product_cat","embeddable":true,"href":"https:\/\/www.toys4vip.com\/fr\/wp-json\/wp\/v2\/product_cat?post=521"},{"taxonomy":"product_tag","embeddable":true,"href":"https:\/\/www.toys4vip.com\/fr\/wp-json\/wp\/v2\/product_tag?post=521"}],"curies":[{"name":"wp","href":"https:\/\/api.w.org\/{rel}","templated":true}]}}