{"id":506,"date":"2021-11-02T10:23:46","date_gmt":"2021-11-02T10:23:46","guid":{"rendered":"https:\/\/toys4vip.com\/produit\/wally-power\/"},"modified":"2021-11-16T18:24:01","modified_gmt":"2021-11-16T18:24:01","slug":"wally-power","status":"publish","type":"product","link":"https:\/\/www.toys4vip.com\/fr\/luxury-toy\/wally-power\/32\/","title":{"rendered":"Wally Power"},"content":{"rendered":"<p>Le 55 Wallypower est la preuve que design et sobri\u00e9t\u00e9 ne sont pas n\u00e9cessairement incompatibles. Puissamment motoris\u00e9 avec ses 4 x 435 ch Volvo Penta, cette unit\u00e9 dispose d\u2019un immense espace ext\u00e9rieur avec salon et grande plage arri\u00e8re, tandis qu\u2019il existe deux versions int\u00e9rieures, avec deux et trois cabines.<\/p>\n","protected":false},"excerpt":{"rendered":"<p>Le 55 Wallypower est la preuve que design et sobri\u00e9t\u00e9 ne sont pas n\u00e9cessairement incompatibles. Puissamment motoris\u00e9 avec ses 4 x 435 ch Volvo Penta, cette unit\u00e9 dispose d\u2019un immense espace ext\u00e9rieur avec salon et grande plage arri\u00e8re, tandis qu\u2019il existe deux versions int\u00e9rieures, avec deux et trois cabines.<\/p>\n","protected":false},"featured_media":504,"comment_status":"open","ping_status":"closed","template":"","meta":[],"product_cat":[26,86],"product_tag":[],"yoast_head":"<!-- This site is optimized with the Yoast SEO plugin v17.4 - https:\/\/yoast.com\/wordpress\/plugins\/seo\/ -->\n<title>Wally Power - Toys4Vip<\/title>\n<meta name=\"description\" content=\"Le 55 Wallypower est la preuve que design et sobri\u00e9t\u00e9 ne sont pas n\u00e9cessairement incompatibles. Puissamment motoris\u00e9 avec ses 4 x 435 ch Volvo Penta, cette unit\u00e9 dispose d\u2019un immense espace ext\u00e9rieur avec salon et grande plage arri\u00e8re, tandis qu\u2019il existe deux versions int\u00e9rieures, avec deux et trois cabines.\" \/>\n<meta name=\"robots\" content=\"index, follow, max-snippet:-1, max-image-preview:large, max-video-preview:-1\" \/>\n<link rel=\"canonical\" href=\"https:\/\/www.toys4vip.com\/fr\/luxury-toy\/wally-power\/32\/\" \/>\n<meta property=\"og:locale\" content=\"fr_FR\" \/>\n<meta property=\"og:type\" content=\"article\" \/>\n<meta property=\"og:title\" content=\"Wally Power - Toys4Vip\" \/>\n<meta property=\"og:description\" content=\"Le 55 Wallypower est la preuve que design et sobri\u00e9t\u00e9 ne sont pas n\u00e9cessairement incompatibles. Puissamment motoris\u00e9 avec ses 4 x 435 ch Volvo Penta, cette unit\u00e9 dispose d\u2019un immense espace ext\u00e9rieur avec salon et grande plage arri\u00e8re, tandis qu\u2019il existe deux versions int\u00e9rieures, avec deux et trois cabines.\" \/>\n<meta property=\"og:url\" content=\"https:\/\/www.toys4vip.com\/fr\/luxury-toy\/wally-power\/32\/\" \/>\n<meta property=\"og:site_name\" content=\"Toys4Vip\" \/>\n<meta property=\"article:modified_time\" content=\"2021-11-16T18:24:01+00:00\" \/>\n<meta property=\"og:image\" content=\"https:\/\/www.toys4vip.com\/app\/uploads\/2021\/11\/main-26.jpg\" \/>\n\t<meta property=\"og:image:width\" content=\"1500\" \/>\n\t<meta property=\"og:image:height\" content=\"1100\" \/>\n<meta name=\"twitter:card\" content=\"summary_large_image\" \/>\n<script type=\"application\/ld+json\" class=\"yoast-schema-graph\">{\"@context\":\"https:\/\/schema.org\",\"@graph\":[{\"@type\":\"WebSite\",\"@id\":\"https:\/\/www.toys4vip.com\/fr\/#website\",\"url\":\"https:\/\/www.toys4vip.com\/fr\/\",\"name\":\"Toys4Vip\",\"description\":\"Jouets de luxe nouveau concept store\",\"potentialAction\":[{\"@type\":\"SearchAction\",\"target\":{\"@type\":\"EntryPoint\",\"urlTemplate\":\"https:\/\/www.toys4vip.com\/fr\/?s={search_term_string}\"},\"query-input\":\"required name=search_term_string\"}],\"inLanguage\":\"fr-FR\"},{\"@type\":\"ImageObject\",\"@id\":\"https:\/\/www.toys4vip.com\/fr\/luxury-toy\/wally-power\/32\/#primaryimage\",\"inLanguage\":\"fr-FR\",\"url\":\"https:\/\/www.toys4vip.com\/app\/uploads\/2021\/11\/main-26.jpg\",\"contentUrl\":\"https:\/\/www.toys4vip.com\/app\/uploads\/2021\/11\/main-26.jpg\",\"width\":1500,\"height\":1100},{\"@type\":\"WebPage\",\"@id\":\"https:\/\/www.toys4vip.com\/fr\/luxury-toy\/wally-power\/32\/#webpage\",\"url\":\"https:\/\/www.toys4vip.com\/fr\/luxury-toy\/wally-power\/32\/\",\"name\":\"Wally Power - Toys4Vip\",\"isPartOf\":{\"@id\":\"https:\/\/www.toys4vip.com\/fr\/#website\"},\"primaryImageOfPage\":{\"@id\":\"https:\/\/www.toys4vip.com\/fr\/luxury-toy\/wally-power\/32\/#primaryimage\"},\"datePublished\":\"2021-11-02T10:23:46+00:00\",\"dateModified\":\"2021-11-16T18:24:01+00:00\",\"description\":\"Le 55 Wallypower est la preuve que design et sobri\\u00e9t\\u00e9 ne sont pas n\\u00e9cessairement incompatibles. Puissamment motoris\\u00e9 avec ses 4 x 435 ch Volvo Penta, cette unit\\u00e9 dispose d\\u2019un immense espace ext\\u00e9rieur avec salon et grande plage arri\\u00e8re, tandis qu\\u2019il existe deux versions int\\u00e9rieures, avec deux et trois cabines.\",\"breadcrumb\":{\"@id\":\"https:\/\/www.toys4vip.com\/fr\/luxury-toy\/wally-power\/32\/#breadcrumb\"},\"inLanguage\":\"fr-FR\",\"potentialAction\":[{\"@type\":\"ReadAction\",\"target\":[\"https:\/\/www.toys4vip.com\/fr\/luxury-toy\/wally-power\/32\/\"]}]},{\"@type\":\"BreadcrumbList\",\"@id\":\"https:\/\/www.toys4vip.com\/fr\/luxury-toy\/wally-power\/32\/#breadcrumb\",\"itemListElement\":[{\"@type\":\"ListItem\",\"position\":1,\"name\":\"Home\",\"item\":\"https:\/\/www.toys4vip.com\/fr\/\"},{\"@type\":\"ListItem\",\"position\":2,\"name\":\"Objets \/ Cat\\u00e9gories\",\"item\":\"https:\/\/www.toys4vip.com\/fr\/luxury-toys\/\"},{\"@type\":\"ListItem\",\"position\":3,\"name\":\"Wally Power\"}]}]}<\/script>\n<!-- \/ Yoast SEO plugin. -->","yoast_head_json":{"title":"Wally Power - Toys4Vip","description":"Le 55 Wallypower est la preuve que design et sobri\u00e9t\u00e9 ne sont pas n\u00e9cessairement incompatibles. Puissamment motoris\u00e9 avec ses 4 x 435 ch Volvo Penta, cette unit\u00e9 dispose d\u2019un immense espace ext\u00e9rieur avec salon et grande plage arri\u00e8re, tandis qu\u2019il existe deux versions int\u00e9rieures, avec deux et trois cabines.","robots":{"index":"index","follow":"follow","max-snippet":"max-snippet:-1","max-image-preview":"max-image-preview:large","max-video-preview":"max-video-preview:-1"},"canonical":"https:\/\/www.toys4vip.com\/fr\/luxury-toy\/wally-power\/32\/","og_locale":"fr_FR","og_type":"article","og_title":"Wally Power - Toys4Vip","og_description":"Le 55 Wallypower est la preuve que design et sobri\u00e9t\u00e9 ne sont pas n\u00e9cessairement incompatibles. Puissamment motoris\u00e9 avec ses 4 x 435 ch Volvo Penta, cette unit\u00e9 dispose d\u2019un immense espace ext\u00e9rieur avec salon et grande plage arri\u00e8re, tandis qu\u2019il existe deux versions int\u00e9rieures, avec deux et trois cabines.","og_url":"https:\/\/www.toys4vip.com\/fr\/luxury-toy\/wally-power\/32\/","og_site_name":"Toys4Vip","article_modified_time":"2021-11-16T18:24:01+00:00","og_image":[{"width":1500,"height":1100,"url":"https:\/\/www.toys4vip.com\/app\/uploads\/2021\/11\/main-26.jpg","type":"image\/jpeg"}],"twitter_card":"summary_large_image","schema":{"@context":"https:\/\/schema.org","@graph":[{"@type":"WebSite","@id":"https:\/\/www.toys4vip.com\/fr\/#website","url":"https:\/\/www.toys4vip.com\/fr\/","name":"Toys4Vip","description":"Jouets de luxe nouveau concept store","potentialAction":[{"@type":"SearchAction","target":{"@type":"EntryPoint","urlTemplate":"https:\/\/www.toys4vip.com\/fr\/?s={search_term_string}"},"query-input":"required name=search_term_string"}],"inLanguage":"fr-FR"},{"@type":"ImageObject","@id":"https:\/\/www.toys4vip.com\/fr\/luxury-toy\/wally-power\/32\/#primaryimage","inLanguage":"fr-FR","url":"https:\/\/www.toys4vip.com\/app\/uploads\/2021\/11\/main-26.jpg","contentUrl":"https:\/\/www.toys4vip.com\/app\/uploads\/2021\/11\/main-26.jpg","width":1500,"height":1100},{"@type":"WebPage","@id":"https:\/\/www.toys4vip.com\/fr\/luxury-toy\/wally-power\/32\/#webpage","url":"https:\/\/www.toys4vip.com\/fr\/luxury-toy\/wally-power\/32\/","name":"Wally Power - Toys4Vip","isPartOf":{"@id":"https:\/\/www.toys4vip.com\/fr\/#website"},"primaryImageOfPage":{"@id":"https:\/\/www.toys4vip.com\/fr\/luxury-toy\/wally-power\/32\/#primaryimage"},"datePublished":"2021-11-02T10:23:46+00:00","dateModified":"2021-11-16T18:24:01+00:00","description":"Le 55 Wallypower est la preuve que design et sobri\u00e9t\u00e9 ne sont pas n\u00e9cessairement incompatibles. Puissamment motoris\u00e9 avec ses 4 x 435 ch Volvo Penta, cette unit\u00e9 dispose d\u2019un immense espace ext\u00e9rieur avec salon et grande plage arri\u00e8re, tandis qu\u2019il existe deux versions int\u00e9rieures, avec deux et trois cabines.","breadcrumb":{"@id":"https:\/\/www.toys4vip.com\/fr\/luxury-toy\/wally-power\/32\/#breadcrumb"},"inLanguage":"fr-FR","potentialAction":[{"@type":"ReadAction","target":["https:\/\/www.toys4vip.com\/fr\/luxury-toy\/wally-power\/32\/"]}]},{"@type":"BreadcrumbList","@id":"https:\/\/www.toys4vip.com\/fr\/luxury-toy\/wally-power\/32\/#breadcrumb","itemListElement":[{"@type":"ListItem","position":1,"name":"Home","item":"https:\/\/www.toys4vip.com\/fr\/"},{"@type":"ListItem","position":2,"name":"Objets \/ Cat\u00e9gories","item":"https:\/\/www.toys4vip.com\/fr\/luxury-toys\/"},{"@type":"ListItem","position":3,"name":"Wally Power"}]}]}},"_links":{"self":[{"href":"https:\/\/www.toys4vip.com\/fr\/wp-json\/wp\/v2\/product\/506"}],"collection":[{"href":"https:\/\/www.toys4vip.com\/fr\/wp-json\/wp\/v2\/product"}],"about":[{"href":"https:\/\/www.toys4vip.com\/fr\/wp-json\/wp\/v2\/types\/product"}],"replies":[{"embeddable":true,"href":"https:\/\/www.toys4vip.com\/fr\/wp-json\/wp\/v2\/comments?post=506"}],"wp:featuredmedia":[{"embeddable":true,"href":"https:\/\/www.toys4vip.com\/fr\/wp-json\/wp\/v2\/media\/504"}],"wp:attachment":[{"href":"https:\/\/www.toys4vip.com\/fr\/wp-json\/wp\/v2\/media?parent=506"}],"wp:term":[{"taxonomy":"product_cat","embeddable":true,"href":"https:\/\/www.toys4vip.com\/fr\/wp-json\/wp\/v2\/product_cat?post=506"},{"taxonomy":"product_tag","embeddable":true,"href":"https:\/\/www.toys4vip.com\/fr\/wp-json\/wp\/v2\/product_tag?post=506"}],"curies":[{"name":"wp","href":"https:\/\/api.w.org\/{rel}","templated":true}]}}