{"id":473,"date":"2021-11-02T10:23:42","date_gmt":"2021-11-02T10:23:42","guid":{"rendered":"https:\/\/toys4vip.com\/produit\/un-bolide-de-300-cv-100-electrique\/"},"modified":"2021-11-17T16:31:51","modified_gmt":"2021-11-17T16:31:51","slug":"un-bolide-de-300-cv-100-electrique","status":"publish","type":"product","link":"https:\/\/www.toys4vip.com\/fr\/luxury-toy\/un-bolide-de-300-cv-100-electrique\/16\/","title":{"rendered":"Un bolide de 300 CV 100% electrique !"},"content":{"rendered":"<p>Sportive sur\u00e9lev\u00e9e, 100% \u00e9lectrique, Venturi America associe aux performances, \u00e0 l&rsquo;\u00e9quilibre et \u00e0 la tenue de route d&rsquo;une voiture de sport, une hauteur de caisse, une monte pneumatique et une d\u00e9coupe de carrosserie h\u00e9rit\u00e9es du buggy. Sur routes de montagne ou du bord de mer, sur sentiers forestiers, chemins pierreux ou pistes arides, c&rsquo;est \u00e0 chaque fois le m\u00eame sentiment de libert\u00e9 qu&rsquo;exaltent l&rsquo;acc\u00e9l\u00e9ration continue et la puissance de ce \u00abmuscle car\u00bb moderne.<br \/>\nZ\u00e9ro \u00e9mission<br \/>\nPuissance 300 CV<br \/>\nCouple 400 Nm<br \/>\nVitesse max. 200 km\/h (sur circuit)<br \/>\nAutonomie 300 km*<br \/>\nA partir de 300 000 \u20acHT<\/p>\n","protected":false},"excerpt":{"rendered":"<p>Sportive sur\u00e9lev\u00e9e, 100% \u00e9lectrique, Venturi America associe aux performances, \u00e0 l&rsquo;\u00e9quilibre et \u00e0 la tenue de route d&rsquo;une voiture de sport, une hauteur de caisse, une monte pneumatique et une d\u00e9coupe de carrosserie h\u00e9rit\u00e9es du buggy. Sur routes de montagne ou du bord de mer, sur sentiers forestiers, chemins pierreux ou pistes arides, c&rsquo;est \u00e0 [&hellip;]<\/p>\n","protected":false},"featured_media":471,"comment_status":"open","ping_status":"closed","template":"","meta":[],"product_cat":[26,87],"product_tag":[],"yoast_head":"<!-- This site is optimized with the Yoast SEO plugin v17.4 - https:\/\/yoast.com\/wordpress\/plugins\/seo\/ -->\n<title>Un bolide de 300 CV 100% electrique ! - Toys4Vip<\/title>\n<meta name=\"description\" content=\"Sportive sur\u00e9lev\u00e9e, 100% \u00e9lectrique, America associe aux performances, \u00e0 l&#039;\u00e9quilibre et \u00e0 la tenue de route d&#039;une voiture de sport, une hauteur de caisse, une monte pneumatique et une d\u00e9coupe de carrosserie h\u00e9rit\u00e9es du buggy. Sur routes de montagne ou du bord de mer, sur sentiers forestiers, chemins pierreux ou pistes arides, c&#039;est \u00e0 chaque fois le m\u00eame sentiment de libert\u00e9 qu&#039;exaltent l&#039;acc\u00e9l\u00e9ration continue et la puissance de ce \u00abmuscle car\u00bb moderne.\" \/>\n<meta name=\"robots\" content=\"index, follow, max-snippet:-1, max-image-preview:large, max-video-preview:-1\" \/>\n<link rel=\"canonical\" href=\"https:\/\/www.toys4vip.com\/fr\/luxury-toy\/un-bolide-de-300-cv-100-electrique\/16\/\" \/>\n<meta property=\"og:locale\" content=\"fr_FR\" \/>\n<meta property=\"og:type\" content=\"article\" \/>\n<meta property=\"og:title\" content=\"Un bolide de 300 CV 100% electrique ! - Toys4Vip\" \/>\n<meta property=\"og:description\" content=\"Sportive sur\u00e9lev\u00e9e, 100% \u00e9lectrique, America associe aux performances, \u00e0 l&#039;\u00e9quilibre et \u00e0 la tenue de route d&#039;une voiture de sport, une hauteur de caisse, une monte pneumatique et une d\u00e9coupe de carrosserie h\u00e9rit\u00e9es du buggy. Sur routes de montagne ou du bord de mer, sur sentiers forestiers, chemins pierreux ou pistes arides, c&#039;est \u00e0 chaque fois le m\u00eame sentiment de libert\u00e9 qu&#039;exaltent l&#039;acc\u00e9l\u00e9ration continue et la puissance de ce \u00abmuscle car\u00bb moderne.\" \/>\n<meta property=\"og:url\" content=\"https:\/\/www.toys4vip.com\/fr\/luxury-toy\/un-bolide-de-300-cv-100-electrique\/16\/\" \/>\n<meta property=\"og:site_name\" content=\"Toys4Vip\" \/>\n<meta property=\"article:modified_time\" content=\"2021-11-17T16:31:51+00:00\" \/>\n<meta property=\"og:image\" content=\"https:\/\/www.toys4vip.com\/app\/uploads\/2021\/11\/main-15.jpg\" \/>\n\t<meta property=\"og:image:width\" content=\"1024\" \/>\n\t<meta property=\"og:image:height\" content=\"683\" \/>\n<meta name=\"twitter:card\" content=\"summary_large_image\" \/>\n<meta name=\"twitter:label1\" content=\"Dur\u00e9e de lecture est.\" \/>\n\t<meta name=\"twitter:data1\" content=\"1 minute\" \/>\n<script type=\"application\/ld+json\" class=\"yoast-schema-graph\">{\"@context\":\"https:\/\/schema.org\",\"@graph\":[{\"@type\":\"WebSite\",\"@id\":\"https:\/\/www.toys4vip.com\/fr\/#website\",\"url\":\"https:\/\/www.toys4vip.com\/fr\/\",\"name\":\"Toys4Vip\",\"description\":\"Jouets de luxe nouveau concept store\",\"potentialAction\":[{\"@type\":\"SearchAction\",\"target\":{\"@type\":\"EntryPoint\",\"urlTemplate\":\"https:\/\/www.toys4vip.com\/fr\/?s={search_term_string}\"},\"query-input\":\"required name=search_term_string\"}],\"inLanguage\":\"fr-FR\"},{\"@type\":\"ImageObject\",\"@id\":\"https:\/\/www.toys4vip.com\/fr\/luxury-toy\/un-bolide-de-300-cv-100-electrique\/16\/#primaryimage\",\"inLanguage\":\"fr-FR\",\"url\":\"https:\/\/www.toys4vip.com\/app\/uploads\/2021\/11\/main-15.jpg\",\"contentUrl\":\"https:\/\/www.toys4vip.com\/app\/uploads\/2021\/11\/main-15.jpg\",\"width\":1024,\"height\":683},{\"@type\":\"WebPage\",\"@id\":\"https:\/\/www.toys4vip.com\/fr\/luxury-toy\/un-bolide-de-300-cv-100-electrique\/16\/#webpage\",\"url\":\"https:\/\/www.toys4vip.com\/fr\/luxury-toy\/un-bolide-de-300-cv-100-electrique\/16\/\",\"name\":\"Un bolide de 300 CV 100% electrique ! - Toys4Vip\",\"isPartOf\":{\"@id\":\"https:\/\/www.toys4vip.com\/fr\/#website\"},\"primaryImageOfPage\":{\"@id\":\"https:\/\/www.toys4vip.com\/fr\/luxury-toy\/un-bolide-de-300-cv-100-electrique\/16\/#primaryimage\"},\"datePublished\":\"2021-11-02T10:23:42+00:00\",\"dateModified\":\"2021-11-17T16:31:51+00:00\",\"description\":\"Sportive sur\\u00e9lev\\u00e9e, 100% \\u00e9lectrique, America associe aux performances, \\u00e0 l'\\u00e9quilibre et \\u00e0 la tenue de route d'une voiture de sport, une hauteur de caisse, une monte pneumatique et une d\\u00e9coupe de carrosserie h\\u00e9rit\\u00e9es du buggy. Sur routes de montagne ou du bord de mer, sur sentiers forestiers, chemins pierreux ou pistes arides, c'est \\u00e0 chaque fois le m\\u00eame sentiment de libert\\u00e9 qu'exaltent l'acc\\u00e9l\\u00e9ration continue et la puissance de ce \\u00abmuscle car\\u00bb moderne.\",\"breadcrumb\":{\"@id\":\"https:\/\/www.toys4vip.com\/fr\/luxury-toy\/un-bolide-de-300-cv-100-electrique\/16\/#breadcrumb\"},\"inLanguage\":\"fr-FR\",\"potentialAction\":[{\"@type\":\"ReadAction\",\"target\":[\"https:\/\/www.toys4vip.com\/fr\/luxury-toy\/un-bolide-de-300-cv-100-electrique\/16\/\"]}]},{\"@type\":\"BreadcrumbList\",\"@id\":\"https:\/\/www.toys4vip.com\/fr\/luxury-toy\/un-bolide-de-300-cv-100-electrique\/16\/#breadcrumb\",\"itemListElement\":[{\"@type\":\"ListItem\",\"position\":1,\"name\":\"Home\",\"item\":\"https:\/\/www.toys4vip.com\/fr\/\"},{\"@type\":\"ListItem\",\"position\":2,\"name\":\"Objets \/ Cat\\u00e9gories\",\"item\":\"https:\/\/www.toys4vip.com\/fr\/luxury-toys\/\"},{\"@type\":\"ListItem\",\"position\":3,\"name\":\"Un bolide de 300 CV 100% electrique !\"}]}]}<\/script>\n<!-- \/ Yoast SEO plugin. -->","yoast_head_json":{"title":"Un bolide de 300 CV 100% electrique ! - Toys4Vip","description":"Sportive sur\u00e9lev\u00e9e, 100% \u00e9lectrique, America associe aux performances, \u00e0 l'\u00e9quilibre et \u00e0 la tenue de route d'une voiture de sport, une hauteur de caisse, une monte pneumatique et une d\u00e9coupe de carrosserie h\u00e9rit\u00e9es du buggy. Sur routes de montagne ou du bord de mer, sur sentiers forestiers, chemins pierreux ou pistes arides, c'est \u00e0 chaque fois le m\u00eame sentiment de libert\u00e9 qu'exaltent l'acc\u00e9l\u00e9ration continue et la puissance de ce \u00abmuscle car\u00bb moderne.","robots":{"index":"index","follow":"follow","max-snippet":"max-snippet:-1","max-image-preview":"max-image-preview:large","max-video-preview":"max-video-preview:-1"},"canonical":"https:\/\/www.toys4vip.com\/fr\/luxury-toy\/un-bolide-de-300-cv-100-electrique\/16\/","og_locale":"fr_FR","og_type":"article","og_title":"Un bolide de 300 CV 100% electrique ! - Toys4Vip","og_description":"Sportive sur\u00e9lev\u00e9e, 100% \u00e9lectrique, America associe aux performances, \u00e0 l'\u00e9quilibre et \u00e0 la tenue de route d'une voiture de sport, une hauteur de caisse, une monte pneumatique et une d\u00e9coupe de carrosserie h\u00e9rit\u00e9es du buggy. Sur routes de montagne ou du bord de mer, sur sentiers forestiers, chemins pierreux ou pistes arides, c'est \u00e0 chaque fois le m\u00eame sentiment de libert\u00e9 qu'exaltent l'acc\u00e9l\u00e9ration continue et la puissance de ce \u00abmuscle car\u00bb moderne.","og_url":"https:\/\/www.toys4vip.com\/fr\/luxury-toy\/un-bolide-de-300-cv-100-electrique\/16\/","og_site_name":"Toys4Vip","article_modified_time":"2021-11-17T16:31:51+00:00","og_image":[{"width":1024,"height":683,"url":"https:\/\/www.toys4vip.com\/app\/uploads\/2021\/11\/main-15.jpg","type":"image\/jpeg"}],"twitter_card":"summary_large_image","twitter_misc":{"Dur\u00e9e de lecture est.":"1 minute"},"schema":{"@context":"https:\/\/schema.org","@graph":[{"@type":"WebSite","@id":"https:\/\/www.toys4vip.com\/fr\/#website","url":"https:\/\/www.toys4vip.com\/fr\/","name":"Toys4Vip","description":"Jouets de luxe nouveau concept store","potentialAction":[{"@type":"SearchAction","target":{"@type":"EntryPoint","urlTemplate":"https:\/\/www.toys4vip.com\/fr\/?s={search_term_string}"},"query-input":"required name=search_term_string"}],"inLanguage":"fr-FR"},{"@type":"ImageObject","@id":"https:\/\/www.toys4vip.com\/fr\/luxury-toy\/un-bolide-de-300-cv-100-electrique\/16\/#primaryimage","inLanguage":"fr-FR","url":"https:\/\/www.toys4vip.com\/app\/uploads\/2021\/11\/main-15.jpg","contentUrl":"https:\/\/www.toys4vip.com\/app\/uploads\/2021\/11\/main-15.jpg","width":1024,"height":683},{"@type":"WebPage","@id":"https:\/\/www.toys4vip.com\/fr\/luxury-toy\/un-bolide-de-300-cv-100-electrique\/16\/#webpage","url":"https:\/\/www.toys4vip.com\/fr\/luxury-toy\/un-bolide-de-300-cv-100-electrique\/16\/","name":"Un bolide de 300 CV 100% electrique ! - Toys4Vip","isPartOf":{"@id":"https:\/\/www.toys4vip.com\/fr\/#website"},"primaryImageOfPage":{"@id":"https:\/\/www.toys4vip.com\/fr\/luxury-toy\/un-bolide-de-300-cv-100-electrique\/16\/#primaryimage"},"datePublished":"2021-11-02T10:23:42+00:00","dateModified":"2021-11-17T16:31:51+00:00","description":"Sportive sur\u00e9lev\u00e9e, 100% \u00e9lectrique, America associe aux performances, \u00e0 l'\u00e9quilibre et \u00e0 la tenue de route d'une voiture de sport, une hauteur de caisse, une monte pneumatique et une d\u00e9coupe de carrosserie h\u00e9rit\u00e9es du buggy. Sur routes de montagne ou du bord de mer, sur sentiers forestiers, chemins pierreux ou pistes arides, c'est \u00e0 chaque fois le m\u00eame sentiment de libert\u00e9 qu'exaltent l'acc\u00e9l\u00e9ration continue et la puissance de ce \u00abmuscle car\u00bb moderne.","breadcrumb":{"@id":"https:\/\/www.toys4vip.com\/fr\/luxury-toy\/un-bolide-de-300-cv-100-electrique\/16\/#breadcrumb"},"inLanguage":"fr-FR","potentialAction":[{"@type":"ReadAction","target":["https:\/\/www.toys4vip.com\/fr\/luxury-toy\/un-bolide-de-300-cv-100-electrique\/16\/"]}]},{"@type":"BreadcrumbList","@id":"https:\/\/www.toys4vip.com\/fr\/luxury-toy\/un-bolide-de-300-cv-100-electrique\/16\/#breadcrumb","itemListElement":[{"@type":"ListItem","position":1,"name":"Home","item":"https:\/\/www.toys4vip.com\/fr\/"},{"@type":"ListItem","position":2,"name":"Objets \/ Cat\u00e9gories","item":"https:\/\/www.toys4vip.com\/fr\/luxury-toys\/"},{"@type":"ListItem","position":3,"name":"Un bolide de 300 CV 100% electrique !"}]}]}},"_links":{"self":[{"href":"https:\/\/www.toys4vip.com\/fr\/wp-json\/wp\/v2\/product\/473"}],"collection":[{"href":"https:\/\/www.toys4vip.com\/fr\/wp-json\/wp\/v2\/product"}],"about":[{"href":"https:\/\/www.toys4vip.com\/fr\/wp-json\/wp\/v2\/types\/product"}],"replies":[{"embeddable":true,"href":"https:\/\/www.toys4vip.com\/fr\/wp-json\/wp\/v2\/comments?post=473"}],"wp:featuredmedia":[{"embeddable":true,"href":"https:\/\/www.toys4vip.com\/fr\/wp-json\/wp\/v2\/media\/471"}],"wp:attachment":[{"href":"https:\/\/www.toys4vip.com\/fr\/wp-json\/wp\/v2\/media?parent=473"}],"wp:term":[{"taxonomy":"product_cat","embeddable":true,"href":"https:\/\/www.toys4vip.com\/fr\/wp-json\/wp\/v2\/product_cat?post=473"},{"taxonomy":"product_tag","embeddable":true,"href":"https:\/\/www.toys4vip.com\/fr\/wp-json\/wp\/v2\/product_tag?post=473"}],"curies":[{"name":"wp","href":"https:\/\/api.w.org\/{rel}","templated":true}]}}