{"id":470,"date":"2021-11-02T10:23:41","date_gmt":"2021-11-02T10:23:41","guid":{"rendered":"https:\/\/toys4vip.com\/produit\/le-petit-sous-marin-personnel\/"},"modified":"2021-11-17T16:20:29","modified_gmt":"2021-11-17T16:20:29","slug":"le-petit-sous-marin-personnel","status":"publish","type":"product","link":"https:\/\/www.toys4vip.com\/fr\/luxury-toy\/le-petit-sous-marin-personnel\/15\/","title":{"rendered":"Le petit sous-marin personnel"},"content":{"rendered":"<p>Si vous avez toujours r\u00eav\u00e9 de d\u00e9couvrir le monde sous-marin submersible dans votre vie personnelle, alors c&rsquo;est maintenant !<\/p>\n<p>Il est facile \u00e0 manipuler, offre un design parfait, et est \u00e9quip\u00e9 d&rsquo;un syst\u00e8me de batterie Li-ion puissant et de la climatisation. Son fond de verre augmente consid\u00e9rablement la visibilit\u00e9, et vous permet \u00e9galement de voir directement vers le bas. L&rsquo;avantage unique du Quester est son faible poids et de la hauteur de stockage faible (198 cm) , qui peut \u00eatre abaiss\u00e9e encore plus loin que la totalit\u00e9 du d\u00f4me du submersible, cr\u00e9ant ainsi 120 cm de hauteur totale.<\/p>\n<p>Principales caract\u00e9ristiques<br \/>\nComplet \u00e0 360 \u00b0 acryliques et \u00e0 fond de verre coque<br \/>\n100 m\u00e8tres de profondeur d&rsquo;exploitation<br \/>\n8 heures d&rsquo;endurance<br \/>\nNorme de syst\u00e8me de climatisation<br \/>\n115 cm hauteur de stockage pour les yachts<br \/>\n2 adultes l\u00e9gers<\/p>\n<p>\u00c9quipement de s\u00e9rie:<\/p>\n<p>\u00c0 fond de verre fen\u00eatre<br \/>\nSyst\u00e8me d&rsquo;alarme<br \/>\nPinger syst\u00e8me de tra\u00e7age<br \/>\nClimatisation Syst\u00e8me<br \/>\nAnalogique surveillance de la pression interne<br \/>\nSimple t\u00e9l\u00e9phone acoustique lat\u00e9rale<br \/>\nSondeur<\/p>\n","protected":false},"excerpt":{"rendered":"<p>Si vous avez toujours r\u00eav\u00e9 de d\u00e9couvrir le monde sous-marin submersible dans votre vie personnelle, alors c&rsquo;est maintenant ! Il est facile \u00e0 manipuler, offre un design parfait, et est \u00e9quip\u00e9 d&rsquo;un syst\u00e8me de batterie Li-ion puissant et de la climatisation. Son fond de verre augmente consid\u00e9rablement la visibilit\u00e9, et vous permet \u00e9galement de voir [&hellip;]<\/p>\n","protected":false},"featured_media":468,"comment_status":"open","ping_status":"closed","template":"","meta":[],"product_cat":[26,86],"product_tag":[],"yoast_head":"<!-- This site is optimized with the Yoast SEO plugin v17.4 - https:\/\/yoast.com\/wordpress\/plugins\/seo\/ -->\n<title>Le petit sous-marin personnel - Toys4Vip<\/title>\n<meta name=\"description\" content=\"Si vous avez toujours r\u00eav\u00e9 de d\u00e9couvrir le monde sous-marin submersible dans votre vie personnelle, alors c&#039;est maintenant !Il est facile \u00e0 manipuler, offre un design parfait, et est \u00e9quip\u00e9 d&#039;un syst\u00e8me de batterie Li-ion puissant et de la climatisation. Son fond de verre augmente consid\u00e9rablement la visibilit\u00e9, et vous permet \u00e9galement de voir directement vers le bas. L&#039;avantage unique du Quester est son faible poids et de la hauteur de stockage faible (198 cm) , qui peut \u00eatre abaiss\u00e9e encore plus loin que la totalit\u00e9 du d\u00f4me du submersible, cr\u00e9ant ainsi 120 cm de hauteur totale.\" \/>\n<meta name=\"robots\" content=\"index, follow, max-snippet:-1, max-image-preview:large, max-video-preview:-1\" \/>\n<link rel=\"canonical\" href=\"https:\/\/www.toys4vip.com\/fr\/luxury-toy\/le-petit-sous-marin-personnel\/15\/\" \/>\n<meta property=\"og:locale\" content=\"fr_FR\" \/>\n<meta property=\"og:type\" content=\"article\" \/>\n<meta property=\"og:title\" content=\"Le petit sous-marin personnel - Toys4Vip\" \/>\n<meta property=\"og:description\" content=\"Si vous avez toujours r\u00eav\u00e9 de d\u00e9couvrir le monde sous-marin submersible dans votre vie personnelle, alors c&#039;est maintenant !Il est facile \u00e0 manipuler, offre un design parfait, et est \u00e9quip\u00e9 d&#039;un syst\u00e8me de batterie Li-ion puissant et de la climatisation. Son fond de verre augmente consid\u00e9rablement la visibilit\u00e9, et vous permet \u00e9galement de voir directement vers le bas. L&#039;avantage unique du Quester est son faible poids et de la hauteur de stockage faible (198 cm) , qui peut \u00eatre abaiss\u00e9e encore plus loin que la totalit\u00e9 du d\u00f4me du submersible, cr\u00e9ant ainsi 120 cm de hauteur totale.\" \/>\n<meta property=\"og:url\" content=\"https:\/\/www.toys4vip.com\/fr\/luxury-toy\/le-petit-sous-marin-personnel\/15\/\" \/>\n<meta property=\"og:site_name\" content=\"Toys4Vip\" \/>\n<meta property=\"article:modified_time\" content=\"2021-11-17T16:20:29+00:00\" \/>\n<meta property=\"og:image\" content=\"https:\/\/www.toys4vip.com\/app\/uploads\/2021\/11\/main-14.jpg\" \/>\n\t<meta property=\"og:image:width\" content=\"800\" \/>\n\t<meta property=\"og:image:height\" content=\"672\" \/>\n<meta name=\"twitter:card\" content=\"summary_large_image\" \/>\n<meta name=\"twitter:label1\" content=\"Dur\u00e9e de lecture est.\" \/>\n\t<meta name=\"twitter:data1\" content=\"1 minute\" \/>\n<script type=\"application\/ld+json\" class=\"yoast-schema-graph\">{\"@context\":\"https:\/\/schema.org\",\"@graph\":[{\"@type\":\"WebSite\",\"@id\":\"https:\/\/www.toys4vip.com\/fr\/#website\",\"url\":\"https:\/\/www.toys4vip.com\/fr\/\",\"name\":\"Toys4Vip\",\"description\":\"Jouets de luxe nouveau concept store\",\"potentialAction\":[{\"@type\":\"SearchAction\",\"target\":{\"@type\":\"EntryPoint\",\"urlTemplate\":\"https:\/\/www.toys4vip.com\/fr\/?s={search_term_string}\"},\"query-input\":\"required name=search_term_string\"}],\"inLanguage\":\"fr-FR\"},{\"@type\":\"ImageObject\",\"@id\":\"https:\/\/www.toys4vip.com\/fr\/luxury-toy\/le-petit-sous-marin-personnel\/15\/#primaryimage\",\"inLanguage\":\"fr-FR\",\"url\":\"https:\/\/www.toys4vip.com\/app\/uploads\/2021\/11\/main-14.jpg\",\"contentUrl\":\"https:\/\/www.toys4vip.com\/app\/uploads\/2021\/11\/main-14.jpg\",\"width\":800,\"height\":672},{\"@type\":\"WebPage\",\"@id\":\"https:\/\/www.toys4vip.com\/fr\/luxury-toy\/le-petit-sous-marin-personnel\/15\/#webpage\",\"url\":\"https:\/\/www.toys4vip.com\/fr\/luxury-toy\/le-petit-sous-marin-personnel\/15\/\",\"name\":\"Le petit sous-marin personnel - Toys4Vip\",\"isPartOf\":{\"@id\":\"https:\/\/www.toys4vip.com\/fr\/#website\"},\"primaryImageOfPage\":{\"@id\":\"https:\/\/www.toys4vip.com\/fr\/luxury-toy\/le-petit-sous-marin-personnel\/15\/#primaryimage\"},\"datePublished\":\"2021-11-02T10:23:41+00:00\",\"dateModified\":\"2021-11-17T16:20:29+00:00\",\"description\":\"Si vous avez toujours r\\u00eav\\u00e9 de d\\u00e9couvrir le monde sous-marin submersible dans votre vie personnelle, alors c'est maintenant !Il est facile \\u00e0 manipuler, offre un design parfait, et est \\u00e9quip\\u00e9 d'un syst\\u00e8me de batterie Li-ion puissant et de la climatisation. Son fond de verre augmente consid\\u00e9rablement la visibilit\\u00e9, et vous permet \\u00e9galement de voir directement vers le bas. L'avantage unique du Quester est son faible poids et de la hauteur de stockage faible (198 cm) , qui peut \\u00eatre abaiss\\u00e9e encore plus loin que la totalit\\u00e9 du d\\u00f4me du submersible, cr\\u00e9ant ainsi 120 cm de hauteur totale.\",\"breadcrumb\":{\"@id\":\"https:\/\/www.toys4vip.com\/fr\/luxury-toy\/le-petit-sous-marin-personnel\/15\/#breadcrumb\"},\"inLanguage\":\"fr-FR\",\"potentialAction\":[{\"@type\":\"ReadAction\",\"target\":[\"https:\/\/www.toys4vip.com\/fr\/luxury-toy\/le-petit-sous-marin-personnel\/15\/\"]}]},{\"@type\":\"BreadcrumbList\",\"@id\":\"https:\/\/www.toys4vip.com\/fr\/luxury-toy\/le-petit-sous-marin-personnel\/15\/#breadcrumb\",\"itemListElement\":[{\"@type\":\"ListItem\",\"position\":1,\"name\":\"Home\",\"item\":\"https:\/\/www.toys4vip.com\/fr\/\"},{\"@type\":\"ListItem\",\"position\":2,\"name\":\"Objets \/ Cat\\u00e9gories\",\"item\":\"https:\/\/www.toys4vip.com\/fr\/luxury-toys\/\"},{\"@type\":\"ListItem\",\"position\":3,\"name\":\"Le petit sous-marin personnel\"}]}]}<\/script>\n<!-- \/ Yoast SEO plugin. -->","yoast_head_json":{"title":"Le petit sous-marin personnel - Toys4Vip","description":"Si vous avez toujours r\u00eav\u00e9 de d\u00e9couvrir le monde sous-marin submersible dans votre vie personnelle, alors c'est maintenant !Il est facile \u00e0 manipuler, offre un design parfait, et est \u00e9quip\u00e9 d'un syst\u00e8me de batterie Li-ion puissant et de la climatisation. Son fond de verre augmente consid\u00e9rablement la visibilit\u00e9, et vous permet \u00e9galement de voir directement vers le bas. L'avantage unique du Quester est son faible poids et de la hauteur de stockage faible (198 cm) , qui peut \u00eatre abaiss\u00e9e encore plus loin que la totalit\u00e9 du d\u00f4me du submersible, cr\u00e9ant ainsi 120 cm de hauteur totale.","robots":{"index":"index","follow":"follow","max-snippet":"max-snippet:-1","max-image-preview":"max-image-preview:large","max-video-preview":"max-video-preview:-1"},"canonical":"https:\/\/www.toys4vip.com\/fr\/luxury-toy\/le-petit-sous-marin-personnel\/15\/","og_locale":"fr_FR","og_type":"article","og_title":"Le petit sous-marin personnel - Toys4Vip","og_description":"Si vous avez toujours r\u00eav\u00e9 de d\u00e9couvrir le monde sous-marin submersible dans votre vie personnelle, alors c'est maintenant !Il est facile \u00e0 manipuler, offre un design parfait, et est \u00e9quip\u00e9 d'un syst\u00e8me de batterie Li-ion puissant et de la climatisation. Son fond de verre augmente consid\u00e9rablement la visibilit\u00e9, et vous permet \u00e9galement de voir directement vers le bas. L'avantage unique du Quester est son faible poids et de la hauteur de stockage faible (198 cm) , qui peut \u00eatre abaiss\u00e9e encore plus loin que la totalit\u00e9 du d\u00f4me du submersible, cr\u00e9ant ainsi 120 cm de hauteur totale.","og_url":"https:\/\/www.toys4vip.com\/fr\/luxury-toy\/le-petit-sous-marin-personnel\/15\/","og_site_name":"Toys4Vip","article_modified_time":"2021-11-17T16:20:29+00:00","og_image":[{"width":800,"height":672,"url":"https:\/\/www.toys4vip.com\/app\/uploads\/2021\/11\/main-14.jpg","type":"image\/jpeg"}],"twitter_card":"summary_large_image","twitter_misc":{"Dur\u00e9e de lecture est.":"1 minute"},"schema":{"@context":"https:\/\/schema.org","@graph":[{"@type":"WebSite","@id":"https:\/\/www.toys4vip.com\/fr\/#website","url":"https:\/\/www.toys4vip.com\/fr\/","name":"Toys4Vip","description":"Jouets de luxe nouveau concept store","potentialAction":[{"@type":"SearchAction","target":{"@type":"EntryPoint","urlTemplate":"https:\/\/www.toys4vip.com\/fr\/?s={search_term_string}"},"query-input":"required name=search_term_string"}],"inLanguage":"fr-FR"},{"@type":"ImageObject","@id":"https:\/\/www.toys4vip.com\/fr\/luxury-toy\/le-petit-sous-marin-personnel\/15\/#primaryimage","inLanguage":"fr-FR","url":"https:\/\/www.toys4vip.com\/app\/uploads\/2021\/11\/main-14.jpg","contentUrl":"https:\/\/www.toys4vip.com\/app\/uploads\/2021\/11\/main-14.jpg","width":800,"height":672},{"@type":"WebPage","@id":"https:\/\/www.toys4vip.com\/fr\/luxury-toy\/le-petit-sous-marin-personnel\/15\/#webpage","url":"https:\/\/www.toys4vip.com\/fr\/luxury-toy\/le-petit-sous-marin-personnel\/15\/","name":"Le petit sous-marin personnel - Toys4Vip","isPartOf":{"@id":"https:\/\/www.toys4vip.com\/fr\/#website"},"primaryImageOfPage":{"@id":"https:\/\/www.toys4vip.com\/fr\/luxury-toy\/le-petit-sous-marin-personnel\/15\/#primaryimage"},"datePublished":"2021-11-02T10:23:41+00:00","dateModified":"2021-11-17T16:20:29+00:00","description":"Si vous avez toujours r\u00eav\u00e9 de d\u00e9couvrir le monde sous-marin submersible dans votre vie personnelle, alors c'est maintenant !Il est facile \u00e0 manipuler, offre un design parfait, et est \u00e9quip\u00e9 d'un syst\u00e8me de batterie Li-ion puissant et de la climatisation. Son fond de verre augmente consid\u00e9rablement la visibilit\u00e9, et vous permet \u00e9galement de voir directement vers le bas. L'avantage unique du Quester est son faible poids et de la hauteur de stockage faible (198 cm) , qui peut \u00eatre abaiss\u00e9e encore plus loin que la totalit\u00e9 du d\u00f4me du submersible, cr\u00e9ant ainsi 120 cm de hauteur totale.","breadcrumb":{"@id":"https:\/\/www.toys4vip.com\/fr\/luxury-toy\/le-petit-sous-marin-personnel\/15\/#breadcrumb"},"inLanguage":"fr-FR","potentialAction":[{"@type":"ReadAction","target":["https:\/\/www.toys4vip.com\/fr\/luxury-toy\/le-petit-sous-marin-personnel\/15\/"]}]},{"@type":"BreadcrumbList","@id":"https:\/\/www.toys4vip.com\/fr\/luxury-toy\/le-petit-sous-marin-personnel\/15\/#breadcrumb","itemListElement":[{"@type":"ListItem","position":1,"name":"Home","item":"https:\/\/www.toys4vip.com\/fr\/"},{"@type":"ListItem","position":2,"name":"Objets \/ Cat\u00e9gories","item":"https:\/\/www.toys4vip.com\/fr\/luxury-toys\/"},{"@type":"ListItem","position":3,"name":"Le petit sous-marin personnel"}]}]}},"_links":{"self":[{"href":"https:\/\/www.toys4vip.com\/fr\/wp-json\/wp\/v2\/product\/470"}],"collection":[{"href":"https:\/\/www.toys4vip.com\/fr\/wp-json\/wp\/v2\/product"}],"about":[{"href":"https:\/\/www.toys4vip.com\/fr\/wp-json\/wp\/v2\/types\/product"}],"replies":[{"embeddable":true,"href":"https:\/\/www.toys4vip.com\/fr\/wp-json\/wp\/v2\/comments?post=470"}],"wp:featuredmedia":[{"embeddable":true,"href":"https:\/\/www.toys4vip.com\/fr\/wp-json\/wp\/v2\/media\/468"}],"wp:attachment":[{"href":"https:\/\/www.toys4vip.com\/fr\/wp-json\/wp\/v2\/media?parent=470"}],"wp:term":[{"taxonomy":"product_cat","embeddable":true,"href":"https:\/\/www.toys4vip.com\/fr\/wp-json\/wp\/v2\/product_cat?post=470"},{"taxonomy":"product_tag","embeddable":true,"href":"https:\/\/www.toys4vip.com\/fr\/wp-json\/wp\/v2\/product_tag?post=470"}],"curies":[{"name":"wp","href":"https:\/\/api.w.org\/{rel}","templated":true}]}}