{"id":467,"date":"2021-11-02T10:23:41","date_gmt":"2021-11-02T10:23:41","guid":{"rendered":"https:\/\/toys4vip.com\/produit\/sous-marin-de-poche\/"},"modified":"2021-11-17T16:24:52","modified_gmt":"2021-11-17T16:24:52","slug":"sous-marin-de-poche","status":"publish","type":"product","link":"https:\/\/www.toys4vip.com\/fr\/luxury-toy\/sous-marin-de-poche\/14\/","title":{"rendered":"Sous marin C-Explorer"},"content":{"rendered":"<p>Le C-Explorateurs repr\u00e9sentent une grande famille de haute performance sous-marins de 1 \u00e0 5 passagers et peuvent \u00eatre fabriqu\u00e9s pour diff\u00e9rentes profondeurs allant de 100 m\u00e8tres jusqu&rsquo;\u00e0 1000 m\u00e8tres sous la surface stup\u00e9fiantes sur l&rsquo;oc\u00e9an `s. Ils sont tous bas\u00e9s sur une vue \u00e0 360 degr\u00e9s et donne aux passagers la meilleure vue d\u00e9gag\u00e9e possible.<br \/>\nIl descend \u00e0 300 m\u00e8tres de profondeur et se d\u00e9place \u00e0 3 noeuds avec une autonomie de 8 heures.<br \/>\nBien sur climatisation, cam\u00e9ra et autres gadgets sont inclus.<\/p>\n","protected":false},"excerpt":{"rendered":"<p>Le C-Explorateurs repr\u00e9sentent une grande famille de haute performance sous-marins de 1 \u00e0 5 passagers et peuvent \u00eatre fabriqu\u00e9s pour diff\u00e9rentes profondeurs allant de 100 m\u00e8tres jusqu&rsquo;\u00e0 1000 m\u00e8tres sous la surface stup\u00e9fiantes sur l&rsquo;oc\u00e9an `s. Ils sont tous bas\u00e9s sur une vue \u00e0 360 degr\u00e9s et donne aux passagers la meilleure vue d\u00e9gag\u00e9e possible. [&hellip;]<\/p>\n","protected":false},"featured_media":3163,"comment_status":"open","ping_status":"closed","template":"","meta":[],"product_cat":[26,86],"product_tag":[],"yoast_head":"<!-- This site is optimized with the Yoast SEO plugin v17.4 - https:\/\/yoast.com\/wordpress\/plugins\/seo\/ -->\n<title>Sous marin C-Explorer - Toys4Vip<\/title>\n<meta name=\"description\" content=\"Le C-Explorateurs repr\u00e9sentent une grande famille de haute performance sous-marins de 1 \u00e0 5 passagers et peuvent \u00eatre fabriqu\u00e9s pour diff\u00e9rentes profondeurs allant de 100 m\u00e8tres jusqu&#039;\u00e0 1000 m\u00e8tres sous la surface stup\u00e9fiantes sur l&#039;oc\u00e9an `s. Ils sont tous bas\u00e9s sur une vue \u00e0 360 degr\u00e9s et donne aux passagers la meilleure vue d\u00e9gag\u00e9e possible.Il descend \u00e0 300 m\u00e8tres de profondeur et se d\u00e9place \u00e0 3 noeuds avec une autonomie de 8 heures.Bien sur climatisation, cam\u00e9ra et autres gadgets sont inclus.\" \/>\n<meta name=\"robots\" content=\"index, follow, max-snippet:-1, max-image-preview:large, max-video-preview:-1\" \/>\n<link rel=\"canonical\" href=\"https:\/\/www.toys4vip.com\/fr\/luxury-toy\/sous-marin-de-poche\/14\/\" \/>\n<meta property=\"og:locale\" content=\"fr_FR\" \/>\n<meta property=\"og:type\" content=\"article\" \/>\n<meta property=\"og:title\" content=\"Sous marin C-Explorer - Toys4Vip\" \/>\n<meta property=\"og:description\" content=\"Le C-Explorateurs repr\u00e9sentent une grande famille de haute performance sous-marins de 1 \u00e0 5 passagers et peuvent \u00eatre fabriqu\u00e9s pour diff\u00e9rentes profondeurs allant de 100 m\u00e8tres jusqu&#039;\u00e0 1000 m\u00e8tres sous la surface stup\u00e9fiantes sur l&#039;oc\u00e9an `s. Ils sont tous bas\u00e9s sur une vue \u00e0 360 degr\u00e9s et donne aux passagers la meilleure vue d\u00e9gag\u00e9e possible.Il descend \u00e0 300 m\u00e8tres de profondeur et se d\u00e9place \u00e0 3 noeuds avec une autonomie de 8 heures.Bien sur climatisation, cam\u00e9ra et autres gadgets sont inclus.\" \/>\n<meta property=\"og:url\" content=\"https:\/\/www.toys4vip.com\/fr\/luxury-toy\/sous-marin-de-poche\/14\/\" \/>\n<meta property=\"og:site_name\" content=\"Toys4Vip\" \/>\n<meta property=\"article:modified_time\" content=\"2021-11-17T16:24:52+00:00\" \/>\n<meta property=\"og:image\" content=\"https:\/\/www.toys4vip.com\/app\/uploads\/2021\/11\/c5.jpg\" \/>\n\t<meta property=\"og:image:width\" content=\"1100\" \/>\n\t<meta property=\"og:image:height\" content=\"733\" \/>\n<meta name=\"twitter:card\" content=\"summary_large_image\" \/>\n<script type=\"application\/ld+json\" class=\"yoast-schema-graph\">{\"@context\":\"https:\/\/schema.org\",\"@graph\":[{\"@type\":\"WebSite\",\"@id\":\"https:\/\/www.toys4vip.com\/fr\/#website\",\"url\":\"https:\/\/www.toys4vip.com\/fr\/\",\"name\":\"Toys4Vip\",\"description\":\"Jouets de luxe nouveau concept store\",\"potentialAction\":[{\"@type\":\"SearchAction\",\"target\":{\"@type\":\"EntryPoint\",\"urlTemplate\":\"https:\/\/www.toys4vip.com\/fr\/?s={search_term_string}\"},\"query-input\":\"required name=search_term_string\"}],\"inLanguage\":\"fr-FR\"},{\"@type\":\"ImageObject\",\"@id\":\"https:\/\/www.toys4vip.com\/fr\/luxury-toy\/sous-marin-de-poche\/14\/#primaryimage\",\"inLanguage\":\"fr-FR\",\"url\":\"https:\/\/www.toys4vip.com\/app\/uploads\/2021\/11\/c5.jpg\",\"contentUrl\":\"https:\/\/www.toys4vip.com\/app\/uploads\/2021\/11\/c5.jpg\",\"width\":1100,\"height\":733},{\"@type\":\"WebPage\",\"@id\":\"https:\/\/www.toys4vip.com\/fr\/luxury-toy\/sous-marin-de-poche\/14\/#webpage\",\"url\":\"https:\/\/www.toys4vip.com\/fr\/luxury-toy\/sous-marin-de-poche\/14\/\",\"name\":\"Sous marin C-Explorer - Toys4Vip\",\"isPartOf\":{\"@id\":\"https:\/\/www.toys4vip.com\/fr\/#website\"},\"primaryImageOfPage\":{\"@id\":\"https:\/\/www.toys4vip.com\/fr\/luxury-toy\/sous-marin-de-poche\/14\/#primaryimage\"},\"datePublished\":\"2021-11-02T10:23:41+00:00\",\"dateModified\":\"2021-11-17T16:24:52+00:00\",\"description\":\"Le C-Explorateurs repr\\u00e9sentent une grande famille de haute performance sous-marins de 1 \\u00e0 5 passagers et peuvent \\u00eatre fabriqu\\u00e9s pour diff\\u00e9rentes profondeurs allant de 100 m\\u00e8tres jusqu'\\u00e0 1000 m\\u00e8tres sous la surface stup\\u00e9fiantes sur l'oc\\u00e9an `s. Ils sont tous bas\\u00e9s sur une vue \\u00e0 360 degr\\u00e9s et donne aux passagers la meilleure vue d\\u00e9gag\\u00e9e possible.Il descend \\u00e0 300 m\\u00e8tres de profondeur et se d\\u00e9place \\u00e0 3 noeuds avec une autonomie de 8 heures.Bien sur climatisation, cam\\u00e9ra et autres gadgets sont inclus.\",\"breadcrumb\":{\"@id\":\"https:\/\/www.toys4vip.com\/fr\/luxury-toy\/sous-marin-de-poche\/14\/#breadcrumb\"},\"inLanguage\":\"fr-FR\",\"potentialAction\":[{\"@type\":\"ReadAction\",\"target\":[\"https:\/\/www.toys4vip.com\/fr\/luxury-toy\/sous-marin-de-poche\/14\/\"]}]},{\"@type\":\"BreadcrumbList\",\"@id\":\"https:\/\/www.toys4vip.com\/fr\/luxury-toy\/sous-marin-de-poche\/14\/#breadcrumb\",\"itemListElement\":[{\"@type\":\"ListItem\",\"position\":1,\"name\":\"Home\",\"item\":\"https:\/\/www.toys4vip.com\/fr\/\"},{\"@type\":\"ListItem\",\"position\":2,\"name\":\"Objets \/ Cat\\u00e9gories\",\"item\":\"https:\/\/www.toys4vip.com\/fr\/luxury-toys\/\"},{\"@type\":\"ListItem\",\"position\":3,\"name\":\"Sous marin C-Explorer\"}]}]}<\/script>\n<!-- \/ Yoast SEO plugin. -->","yoast_head_json":{"title":"Sous marin C-Explorer - Toys4Vip","description":"Le C-Explorateurs repr\u00e9sentent une grande famille de haute performance sous-marins de 1 \u00e0 5 passagers et peuvent \u00eatre fabriqu\u00e9s pour diff\u00e9rentes profondeurs allant de 100 m\u00e8tres jusqu'\u00e0 1000 m\u00e8tres sous la surface stup\u00e9fiantes sur l'oc\u00e9an `s. Ils sont tous bas\u00e9s sur une vue \u00e0 360 degr\u00e9s et donne aux passagers la meilleure vue d\u00e9gag\u00e9e possible.Il descend \u00e0 300 m\u00e8tres de profondeur et se d\u00e9place \u00e0 3 noeuds avec une autonomie de 8 heures.Bien sur climatisation, cam\u00e9ra et autres gadgets sont inclus.","robots":{"index":"index","follow":"follow","max-snippet":"max-snippet:-1","max-image-preview":"max-image-preview:large","max-video-preview":"max-video-preview:-1"},"canonical":"https:\/\/www.toys4vip.com\/fr\/luxury-toy\/sous-marin-de-poche\/14\/","og_locale":"fr_FR","og_type":"article","og_title":"Sous marin C-Explorer - Toys4Vip","og_description":"Le C-Explorateurs repr\u00e9sentent une grande famille de haute performance sous-marins de 1 \u00e0 5 passagers et peuvent \u00eatre fabriqu\u00e9s pour diff\u00e9rentes profondeurs allant de 100 m\u00e8tres jusqu'\u00e0 1000 m\u00e8tres sous la surface stup\u00e9fiantes sur l'oc\u00e9an `s. Ils sont tous bas\u00e9s sur une vue \u00e0 360 degr\u00e9s et donne aux passagers la meilleure vue d\u00e9gag\u00e9e possible.Il descend \u00e0 300 m\u00e8tres de profondeur et se d\u00e9place \u00e0 3 noeuds avec une autonomie de 8 heures.Bien sur climatisation, cam\u00e9ra et autres gadgets sont inclus.","og_url":"https:\/\/www.toys4vip.com\/fr\/luxury-toy\/sous-marin-de-poche\/14\/","og_site_name":"Toys4Vip","article_modified_time":"2021-11-17T16:24:52+00:00","og_image":[{"width":1100,"height":733,"url":"https:\/\/www.toys4vip.com\/app\/uploads\/2021\/11\/c5.jpg","type":"image\/jpeg"}],"twitter_card":"summary_large_image","schema":{"@context":"https:\/\/schema.org","@graph":[{"@type":"WebSite","@id":"https:\/\/www.toys4vip.com\/fr\/#website","url":"https:\/\/www.toys4vip.com\/fr\/","name":"Toys4Vip","description":"Jouets de luxe nouveau concept store","potentialAction":[{"@type":"SearchAction","target":{"@type":"EntryPoint","urlTemplate":"https:\/\/www.toys4vip.com\/fr\/?s={search_term_string}"},"query-input":"required name=search_term_string"}],"inLanguage":"fr-FR"},{"@type":"ImageObject","@id":"https:\/\/www.toys4vip.com\/fr\/luxury-toy\/sous-marin-de-poche\/14\/#primaryimage","inLanguage":"fr-FR","url":"https:\/\/www.toys4vip.com\/app\/uploads\/2021\/11\/c5.jpg","contentUrl":"https:\/\/www.toys4vip.com\/app\/uploads\/2021\/11\/c5.jpg","width":1100,"height":733},{"@type":"WebPage","@id":"https:\/\/www.toys4vip.com\/fr\/luxury-toy\/sous-marin-de-poche\/14\/#webpage","url":"https:\/\/www.toys4vip.com\/fr\/luxury-toy\/sous-marin-de-poche\/14\/","name":"Sous marin C-Explorer - Toys4Vip","isPartOf":{"@id":"https:\/\/www.toys4vip.com\/fr\/#website"},"primaryImageOfPage":{"@id":"https:\/\/www.toys4vip.com\/fr\/luxury-toy\/sous-marin-de-poche\/14\/#primaryimage"},"datePublished":"2021-11-02T10:23:41+00:00","dateModified":"2021-11-17T16:24:52+00:00","description":"Le C-Explorateurs repr\u00e9sentent une grande famille de haute performance sous-marins de 1 \u00e0 5 passagers et peuvent \u00eatre fabriqu\u00e9s pour diff\u00e9rentes profondeurs allant de 100 m\u00e8tres jusqu'\u00e0 1000 m\u00e8tres sous la surface stup\u00e9fiantes sur l'oc\u00e9an `s. Ils sont tous bas\u00e9s sur une vue \u00e0 360 degr\u00e9s et donne aux passagers la meilleure vue d\u00e9gag\u00e9e possible.Il descend \u00e0 300 m\u00e8tres de profondeur et se d\u00e9place \u00e0 3 noeuds avec une autonomie de 8 heures.Bien sur climatisation, cam\u00e9ra et autres gadgets sont inclus.","breadcrumb":{"@id":"https:\/\/www.toys4vip.com\/fr\/luxury-toy\/sous-marin-de-poche\/14\/#breadcrumb"},"inLanguage":"fr-FR","potentialAction":[{"@type":"ReadAction","target":["https:\/\/www.toys4vip.com\/fr\/luxury-toy\/sous-marin-de-poche\/14\/"]}]},{"@type":"BreadcrumbList","@id":"https:\/\/www.toys4vip.com\/fr\/luxury-toy\/sous-marin-de-poche\/14\/#breadcrumb","itemListElement":[{"@type":"ListItem","position":1,"name":"Home","item":"https:\/\/www.toys4vip.com\/fr\/"},{"@type":"ListItem","position":2,"name":"Objets \/ Cat\u00e9gories","item":"https:\/\/www.toys4vip.com\/fr\/luxury-toys\/"},{"@type":"ListItem","position":3,"name":"Sous marin C-Explorer"}]}]}},"_links":{"self":[{"href":"https:\/\/www.toys4vip.com\/fr\/wp-json\/wp\/v2\/product\/467"}],"collection":[{"href":"https:\/\/www.toys4vip.com\/fr\/wp-json\/wp\/v2\/product"}],"about":[{"href":"https:\/\/www.toys4vip.com\/fr\/wp-json\/wp\/v2\/types\/product"}],"replies":[{"embeddable":true,"href":"https:\/\/www.toys4vip.com\/fr\/wp-json\/wp\/v2\/comments?post=467"}],"wp:featuredmedia":[{"embeddable":true,"href":"https:\/\/www.toys4vip.com\/fr\/wp-json\/wp\/v2\/media\/3163"}],"wp:attachment":[{"href":"https:\/\/www.toys4vip.com\/fr\/wp-json\/wp\/v2\/media?parent=467"}],"wp:term":[{"taxonomy":"product_cat","embeddable":true,"href":"https:\/\/www.toys4vip.com\/fr\/wp-json\/wp\/v2\/product_cat?post=467"},{"taxonomy":"product_tag","embeddable":true,"href":"https:\/\/www.toys4vip.com\/fr\/wp-json\/wp\/v2\/product_tag?post=467"}],"curies":[{"name":"wp","href":"https:\/\/api.w.org\/{rel}","templated":true}]}}