{"id":460,"date":"2021-11-02T10:20:06","date_gmt":"2021-11-02T10:20:06","guid":{"rendered":"https:\/\/toys4vip.com\/produit\/la-cristal-bubble\/"},"modified":"2021-11-13T11:27:31","modified_gmt":"2021-11-13T11:27:31","slug":"la-cristal-bubble","status":"publish","type":"product","link":"https:\/\/www.toys4vip.com\/fr\/luxury-toy\/la-cristal-bubble\/13\/","title":{"rendered":"La Cristal \u00ab\u00a0Bubble\u00a0\u00bb"},"content":{"rendered":"<p>Totalement transparente, la CristalBubble transforme vos espaces naturels en de v\u00e9ritables pi\u00e8ces \u00e0 vivre : jardin d\u2019hiver, espace bien-\u00eatre ou bien s\u00fbr chambre \u00e0 coucher pour des nuits insolites (\u2026) afin de profiter de la nature en toute saison.<\/p>\n<p>Dimensions en cm (diam\u00e8tre x diam\u00e8tre au sol x hauteur) :<br \/>\n330x270x260 (mod\u00e8le 3,3m) 400x350x300 (mod\u00e8le 4m)<br \/>\nPrix H.T :<br \/>\nA partir de 4 997 \u20ac (mod\u00e8le 3,3m) Option plancher: 600 \u20ac H.T<br \/>\nA partir de 6 896 \u20ac (mod\u00e8le 4m) Option plancher: 800 \u20ac H.T<\/p>\n<p>Son design a \u00e9t\u00e9 tout particuli\u00e8rement \u00e9tudi\u00e9 pour offrir une incroyable proximit\u00e9 avec la nature et pour pouvoir profiter des paysages confortablement install\u00e9 au sein de cet espace protecteur. Sa transparence conf\u00e8re une agr\u00e9able sensation de libert\u00e9.<\/p>\n<p>Rapide et simple \u00e0 installer, la CristalBubble offre un grand niveau de confort notamment gr\u00e2ce \u00e0 un syst\u00e8me de renouvellement d&rsquo;air permanent qui permet aux h\u00f4tes de respirer un air sain et de qualit\u00e9. Nomade, la Bulle saura r\u00e9pondre \u00e0 de nombreuses utilisations et \u00eatre am\u00e9nag\u00e9e et personnalis\u00e9e selon vos go\u00fbts.<\/p>\n","protected":false},"excerpt":{"rendered":"<p>Totalement transparente, la CristalBubble transforme vos espaces naturels en de v\u00e9ritables pi\u00e8ces \u00e0 vivre : jardin d\u2019hiver, espace bien-\u00eatre ou bien s\u00fbr chambre \u00e0 coucher pour des nuits insolites (\u2026) afin de profiter de la nature en toute saison. Dimensions en cm (diam\u00e8tre x diam\u00e8tre au sol x hauteur) : 330x270x260 (mod\u00e8le 3,3m) 400x350x300 (mod\u00e8le [&hellip;]<\/p>\n","protected":false},"featured_media":458,"comment_status":"open","ping_status":"closed","template":"","meta":[],"product_cat":[42],"product_tag":[],"yoast_head":"<!-- This site is optimized with the Yoast SEO plugin v17.4 - https:\/\/yoast.com\/wordpress\/plugins\/seo\/ -->\n<title>La Cristal &quot;Bubble&quot; - Toys4Vip<\/title>\n<meta name=\"description\" content=\"Totalement transparente, la CristalBubble transforme vos espaces naturels en de v\u00e9ritables pi\u00e8ces \u00e0 vivre : jardin d\u2019hiver, espace bien-\u00eatre ou bien s\u00fbr chambre \u00e0 coucher pour des nuits insolites (\u2026) afin de profiter de la nature en toute saison.Dimensions en cm (diam\u00e8tre x diam\u00e8tre au sol x hauteur) :330x270x260 (mod\u00e8le 3,3m) 400x350x300 (mod\u00e8le 4m)Prix H.T :A partir de 4 997 \u20ac (mod\u00e8le 3,3m) Option plancher: 600 \u20ac H.TA partir de 6 896 \u20ac (mod\u00e8le 4m) Option plancher: 800 \u20ac H.TSon design a \u00e9t\u00e9 tout particuli\u00e8rement \u00e9tudi\u00e9 pour offrir une incroyable proximit\u00e9 avec la nature et pour pouvoir profiter des paysages confortablement install\u00e9 au sein de cet espace protecteur. Sa transparence conf\u00e8re une agr\u00e9able sensation de libert\u00e9.Rapide et simple \u00e0 installer, la CristalBubble offre un grand niveau de confort notamment gr\u00e2ce \u00e0 un syst\u00e8me de renouvellement d&#039;air permanent qui permet aux h\u00f4tes de respirer un air sain et de qualit\u00e9. Nomade, la Bulle saura r\u00e9pondre \u00e0 de nombreuses utilisations et \u00eatre am\u00e9nag\u00e9e et personnalis\u00e9e selon vos go\u00fbts.\" \/>\n<meta name=\"robots\" content=\"index, follow, max-snippet:-1, max-image-preview:large, max-video-preview:-1\" \/>\n<link rel=\"canonical\" href=\"https:\/\/www.toys4vip.com\/fr\/luxury-toy\/la-cristal-bubble\/13\/\" \/>\n<meta property=\"og:locale\" content=\"fr_FR\" \/>\n<meta property=\"og:type\" content=\"article\" \/>\n<meta property=\"og:title\" content=\"La Cristal &quot;Bubble&quot; - Toys4Vip\" \/>\n<meta property=\"og:description\" content=\"Totalement transparente, la CristalBubble transforme vos espaces naturels en de v\u00e9ritables pi\u00e8ces \u00e0 vivre : jardin d\u2019hiver, espace bien-\u00eatre ou bien s\u00fbr chambre \u00e0 coucher pour des nuits insolites (\u2026) afin de profiter de la nature en toute saison.Dimensions en cm (diam\u00e8tre x diam\u00e8tre au sol x hauteur) :330x270x260 (mod\u00e8le 3,3m) 400x350x300 (mod\u00e8le 4m)Prix H.T :A partir de 4 997 \u20ac (mod\u00e8le 3,3m) Option plancher: 600 \u20ac H.TA partir de 6 896 \u20ac (mod\u00e8le 4m) Option plancher: 800 \u20ac H.TSon design a \u00e9t\u00e9 tout particuli\u00e8rement \u00e9tudi\u00e9 pour offrir une incroyable proximit\u00e9 avec la nature et pour pouvoir profiter des paysages confortablement install\u00e9 au sein de cet espace protecteur. Sa transparence conf\u00e8re une agr\u00e9able sensation de libert\u00e9.Rapide et simple \u00e0 installer, la CristalBubble offre un grand niveau de confort notamment gr\u00e2ce \u00e0 un syst\u00e8me de renouvellement d&#039;air permanent qui permet aux h\u00f4tes de respirer un air sain et de qualit\u00e9. Nomade, la Bulle saura r\u00e9pondre \u00e0 de nombreuses utilisations et \u00eatre am\u00e9nag\u00e9e et personnalis\u00e9e selon vos go\u00fbts.\" \/>\n<meta property=\"og:url\" content=\"https:\/\/www.toys4vip.com\/fr\/luxury-toy\/la-cristal-bubble\/13\/\" \/>\n<meta property=\"og:site_name\" content=\"Toys4Vip\" \/>\n<meta property=\"article:modified_time\" content=\"2021-11-13T11:27:31+00:00\" \/>\n<meta property=\"og:image\" content=\"https:\/\/www.toys4vip.com\/app\/uploads\/2021\/11\/main-11.jpg\" \/>\n\t<meta property=\"og:image:width\" content=\"599\" \/>\n\t<meta property=\"og:image:height\" content=\"469\" \/>\n<meta name=\"twitter:card\" content=\"summary_large_image\" \/>\n<meta name=\"twitter:label1\" content=\"Dur\u00e9e de lecture est.\" \/>\n\t<meta name=\"twitter:data1\" content=\"1 minute\" \/>\n<script type=\"application\/ld+json\" class=\"yoast-schema-graph\">{\"@context\":\"https:\/\/schema.org\",\"@graph\":[{\"@type\":\"WebSite\",\"@id\":\"https:\/\/www.toys4vip.com\/fr\/#website\",\"url\":\"https:\/\/www.toys4vip.com\/fr\/\",\"name\":\"Toys4Vip\",\"description\":\"Jouets de luxe nouveau concept store\",\"potentialAction\":[{\"@type\":\"SearchAction\",\"target\":{\"@type\":\"EntryPoint\",\"urlTemplate\":\"https:\/\/www.toys4vip.com\/fr\/?s={search_term_string}\"},\"query-input\":\"required name=search_term_string\"}],\"inLanguage\":\"fr-FR\"},{\"@type\":\"ImageObject\",\"@id\":\"https:\/\/www.toys4vip.com\/fr\/luxury-toy\/la-cristal-bubble\/13\/#primaryimage\",\"inLanguage\":\"fr-FR\",\"url\":\"https:\/\/www.toys4vip.com\/app\/uploads\/2021\/11\/main-11.jpg\",\"contentUrl\":\"https:\/\/www.toys4vip.com\/app\/uploads\/2021\/11\/main-11.jpg\",\"width\":599,\"height\":469},{\"@type\":\"WebPage\",\"@id\":\"https:\/\/www.toys4vip.com\/fr\/luxury-toy\/la-cristal-bubble\/13\/#webpage\",\"url\":\"https:\/\/www.toys4vip.com\/fr\/luxury-toy\/la-cristal-bubble\/13\/\",\"name\":\"La Cristal \\\"Bubble\\\" - Toys4Vip\",\"isPartOf\":{\"@id\":\"https:\/\/www.toys4vip.com\/fr\/#website\"},\"primaryImageOfPage\":{\"@id\":\"https:\/\/www.toys4vip.com\/fr\/luxury-toy\/la-cristal-bubble\/13\/#primaryimage\"},\"datePublished\":\"2021-11-02T10:20:06+00:00\",\"dateModified\":\"2021-11-13T11:27:31+00:00\",\"description\":\"Totalement transparente, la CristalBubble transforme vos espaces naturels en de v\\u00e9ritables pi\\u00e8ces \\u00e0 vivre : jardin d\\u2019hiver, espace bien-\\u00eatre ou bien s\\u00fbr chambre \\u00e0 coucher pour des nuits insolites (\\u2026) afin de profiter de la nature en toute saison.Dimensions en cm (diam\\u00e8tre x diam\\u00e8tre au sol x hauteur) :330x270x260 (mod\\u00e8le 3,3m) 400x350x300 (mod\\u00e8le 4m)Prix H.T :A partir de 4 997 \\u20ac (mod\\u00e8le 3,3m) Option plancher: 600 \\u20ac H.TA partir de 6 896 \\u20ac (mod\\u00e8le 4m) Option plancher: 800 \\u20ac H.TSon design a \\u00e9t\\u00e9 tout particuli\\u00e8rement \\u00e9tudi\\u00e9 pour offrir une incroyable proximit\\u00e9 avec la nature et pour pouvoir profiter des paysages confortablement install\\u00e9 au sein de cet espace protecteur. Sa transparence conf\\u00e8re une agr\\u00e9able sensation de libert\\u00e9.Rapide et simple \\u00e0 installer, la CristalBubble offre un grand niveau de confort notamment gr\\u00e2ce \\u00e0 un syst\\u00e8me de renouvellement d'air permanent qui permet aux h\\u00f4tes de respirer un air sain et de qualit\\u00e9. Nomade, la Bulle saura r\\u00e9pondre \\u00e0 de nombreuses utilisations et \\u00eatre am\\u00e9nag\\u00e9e et personnalis\\u00e9e selon vos go\\u00fbts.\",\"breadcrumb\":{\"@id\":\"https:\/\/www.toys4vip.com\/fr\/luxury-toy\/la-cristal-bubble\/13\/#breadcrumb\"},\"inLanguage\":\"fr-FR\",\"potentialAction\":[{\"@type\":\"ReadAction\",\"target\":[\"https:\/\/www.toys4vip.com\/fr\/luxury-toy\/la-cristal-bubble\/13\/\"]}]},{\"@type\":\"BreadcrumbList\",\"@id\":\"https:\/\/www.toys4vip.com\/fr\/luxury-toy\/la-cristal-bubble\/13\/#breadcrumb\",\"itemListElement\":[{\"@type\":\"ListItem\",\"position\":1,\"name\":\"Home\",\"item\":\"https:\/\/www.toys4vip.com\/fr\/\"},{\"@type\":\"ListItem\",\"position\":2,\"name\":\"Objets \/ Cat\\u00e9gories\",\"item\":\"https:\/\/www.toys4vip.com\/fr\/luxury-toys\/\"},{\"@type\":\"ListItem\",\"position\":3,\"name\":\"La Cristal &#8220;Bubble&#8221;\"}]}]}<\/script>\n<!-- \/ Yoast SEO plugin. -->","yoast_head_json":{"title":"La Cristal \"Bubble\" - Toys4Vip","description":"Totalement transparente, la CristalBubble transforme vos espaces naturels en de v\u00e9ritables pi\u00e8ces \u00e0 vivre : jardin d\u2019hiver, espace bien-\u00eatre ou bien s\u00fbr chambre \u00e0 coucher pour des nuits insolites (\u2026) afin de profiter de la nature en toute saison.Dimensions en cm (diam\u00e8tre x diam\u00e8tre au sol x hauteur) :330x270x260 (mod\u00e8le 3,3m) 400x350x300 (mod\u00e8le 4m)Prix H.T :A partir de 4 997 \u20ac (mod\u00e8le 3,3m) Option plancher: 600 \u20ac H.TA partir de 6 896 \u20ac (mod\u00e8le 4m) Option plancher: 800 \u20ac H.TSon design a \u00e9t\u00e9 tout particuli\u00e8rement \u00e9tudi\u00e9 pour offrir une incroyable proximit\u00e9 avec la nature et pour pouvoir profiter des paysages confortablement install\u00e9 au sein de cet espace protecteur. Sa transparence conf\u00e8re une agr\u00e9able sensation de libert\u00e9.Rapide et simple \u00e0 installer, la CristalBubble offre un grand niveau de confort notamment gr\u00e2ce \u00e0 un syst\u00e8me de renouvellement d'air permanent qui permet aux h\u00f4tes de respirer un air sain et de qualit\u00e9. Nomade, la Bulle saura r\u00e9pondre \u00e0 de nombreuses utilisations et \u00eatre am\u00e9nag\u00e9e et personnalis\u00e9e selon vos go\u00fbts.","robots":{"index":"index","follow":"follow","max-snippet":"max-snippet:-1","max-image-preview":"max-image-preview:large","max-video-preview":"max-video-preview:-1"},"canonical":"https:\/\/www.toys4vip.com\/fr\/luxury-toy\/la-cristal-bubble\/13\/","og_locale":"fr_FR","og_type":"article","og_title":"La Cristal \"Bubble\" - Toys4Vip","og_description":"Totalement transparente, la CristalBubble transforme vos espaces naturels en de v\u00e9ritables pi\u00e8ces \u00e0 vivre : jardin d\u2019hiver, espace bien-\u00eatre ou bien s\u00fbr chambre \u00e0 coucher pour des nuits insolites (\u2026) afin de profiter de la nature en toute saison.Dimensions en cm (diam\u00e8tre x diam\u00e8tre au sol x hauteur) :330x270x260 (mod\u00e8le 3,3m) 400x350x300 (mod\u00e8le 4m)Prix H.T :A partir de 4 997 \u20ac (mod\u00e8le 3,3m) Option plancher: 600 \u20ac H.TA partir de 6 896 \u20ac (mod\u00e8le 4m) Option plancher: 800 \u20ac H.TSon design a \u00e9t\u00e9 tout particuli\u00e8rement \u00e9tudi\u00e9 pour offrir une incroyable proximit\u00e9 avec la nature et pour pouvoir profiter des paysages confortablement install\u00e9 au sein de cet espace protecteur. Sa transparence conf\u00e8re une agr\u00e9able sensation de libert\u00e9.Rapide et simple \u00e0 installer, la CristalBubble offre un grand niveau de confort notamment gr\u00e2ce \u00e0 un syst\u00e8me de renouvellement d'air permanent qui permet aux h\u00f4tes de respirer un air sain et de qualit\u00e9. Nomade, la Bulle saura r\u00e9pondre \u00e0 de nombreuses utilisations et \u00eatre am\u00e9nag\u00e9e et personnalis\u00e9e selon vos go\u00fbts.","og_url":"https:\/\/www.toys4vip.com\/fr\/luxury-toy\/la-cristal-bubble\/13\/","og_site_name":"Toys4Vip","article_modified_time":"2021-11-13T11:27:31+00:00","og_image":[{"width":599,"height":469,"url":"https:\/\/www.toys4vip.com\/app\/uploads\/2021\/11\/main-11.jpg","type":"image\/jpeg"}],"twitter_card":"summary_large_image","twitter_misc":{"Dur\u00e9e de lecture est.":"1 minute"},"schema":{"@context":"https:\/\/schema.org","@graph":[{"@type":"WebSite","@id":"https:\/\/www.toys4vip.com\/fr\/#website","url":"https:\/\/www.toys4vip.com\/fr\/","name":"Toys4Vip","description":"Jouets de luxe nouveau concept store","potentialAction":[{"@type":"SearchAction","target":{"@type":"EntryPoint","urlTemplate":"https:\/\/www.toys4vip.com\/fr\/?s={search_term_string}"},"query-input":"required name=search_term_string"}],"inLanguage":"fr-FR"},{"@type":"ImageObject","@id":"https:\/\/www.toys4vip.com\/fr\/luxury-toy\/la-cristal-bubble\/13\/#primaryimage","inLanguage":"fr-FR","url":"https:\/\/www.toys4vip.com\/app\/uploads\/2021\/11\/main-11.jpg","contentUrl":"https:\/\/www.toys4vip.com\/app\/uploads\/2021\/11\/main-11.jpg","width":599,"height":469},{"@type":"WebPage","@id":"https:\/\/www.toys4vip.com\/fr\/luxury-toy\/la-cristal-bubble\/13\/#webpage","url":"https:\/\/www.toys4vip.com\/fr\/luxury-toy\/la-cristal-bubble\/13\/","name":"La Cristal \"Bubble\" - Toys4Vip","isPartOf":{"@id":"https:\/\/www.toys4vip.com\/fr\/#website"},"primaryImageOfPage":{"@id":"https:\/\/www.toys4vip.com\/fr\/luxury-toy\/la-cristal-bubble\/13\/#primaryimage"},"datePublished":"2021-11-02T10:20:06+00:00","dateModified":"2021-11-13T11:27:31+00:00","description":"Totalement transparente, la CristalBubble transforme vos espaces naturels en de v\u00e9ritables pi\u00e8ces \u00e0 vivre : jardin d\u2019hiver, espace bien-\u00eatre ou bien s\u00fbr chambre \u00e0 coucher pour des nuits insolites (\u2026) afin de profiter de la nature en toute saison.Dimensions en cm (diam\u00e8tre x diam\u00e8tre au sol x hauteur) :330x270x260 (mod\u00e8le 3,3m) 400x350x300 (mod\u00e8le 4m)Prix H.T :A partir de 4 997 \u20ac (mod\u00e8le 3,3m) Option plancher: 600 \u20ac H.TA partir de 6 896 \u20ac (mod\u00e8le 4m) Option plancher: 800 \u20ac H.TSon design a \u00e9t\u00e9 tout particuli\u00e8rement \u00e9tudi\u00e9 pour offrir une incroyable proximit\u00e9 avec la nature et pour pouvoir profiter des paysages confortablement install\u00e9 au sein de cet espace protecteur. Sa transparence conf\u00e8re une agr\u00e9able sensation de libert\u00e9.Rapide et simple \u00e0 installer, la CristalBubble offre un grand niveau de confort notamment gr\u00e2ce \u00e0 un syst\u00e8me de renouvellement d'air permanent qui permet aux h\u00f4tes de respirer un air sain et de qualit\u00e9. Nomade, la Bulle saura r\u00e9pondre \u00e0 de nombreuses utilisations et \u00eatre am\u00e9nag\u00e9e et personnalis\u00e9e selon vos go\u00fbts.","breadcrumb":{"@id":"https:\/\/www.toys4vip.com\/fr\/luxury-toy\/la-cristal-bubble\/13\/#breadcrumb"},"inLanguage":"fr-FR","potentialAction":[{"@type":"ReadAction","target":["https:\/\/www.toys4vip.com\/fr\/luxury-toy\/la-cristal-bubble\/13\/"]}]},{"@type":"BreadcrumbList","@id":"https:\/\/www.toys4vip.com\/fr\/luxury-toy\/la-cristal-bubble\/13\/#breadcrumb","itemListElement":[{"@type":"ListItem","position":1,"name":"Home","item":"https:\/\/www.toys4vip.com\/fr\/"},{"@type":"ListItem","position":2,"name":"Objets \/ Cat\u00e9gories","item":"https:\/\/www.toys4vip.com\/fr\/luxury-toys\/"},{"@type":"ListItem","position":3,"name":"La Cristal &#8220;Bubble&#8221;"}]}]}},"_links":{"self":[{"href":"https:\/\/www.toys4vip.com\/fr\/wp-json\/wp\/v2\/product\/460"}],"collection":[{"href":"https:\/\/www.toys4vip.com\/fr\/wp-json\/wp\/v2\/product"}],"about":[{"href":"https:\/\/www.toys4vip.com\/fr\/wp-json\/wp\/v2\/types\/product"}],"replies":[{"embeddable":true,"href":"https:\/\/www.toys4vip.com\/fr\/wp-json\/wp\/v2\/comments?post=460"}],"wp:featuredmedia":[{"embeddable":true,"href":"https:\/\/www.toys4vip.com\/fr\/wp-json\/wp\/v2\/media\/458"}],"wp:attachment":[{"href":"https:\/\/www.toys4vip.com\/fr\/wp-json\/wp\/v2\/media?parent=460"}],"wp:term":[{"taxonomy":"product_cat","embeddable":true,"href":"https:\/\/www.toys4vip.com\/fr\/wp-json\/wp\/v2\/product_cat?post=460"},{"taxonomy":"product_tag","embeddable":true,"href":"https:\/\/www.toys4vip.com\/fr\/wp-json\/wp\/v2\/product_tag?post=460"}],"curies":[{"name":"wp","href":"https:\/\/api.w.org\/{rel}","templated":true}]}}