{"id":454,"date":"2021-11-02T10:20:05","date_gmt":"2021-11-02T10:20:05","guid":{"rendered":"https:\/\/toys4vip.com\/produit\/monster-dj-emulator\/"},"modified":"2021-11-18T18:37:42","modified_gmt":"2021-11-18T17:37:42","slug":"monster-dj-emulator","status":"publish","type":"product","link":"https:\/\/www.toys4vip.com\/fr\/luxury-toy\/monster-dj-emulator\/10\/","title":{"rendered":"Monster DJ Emulator"},"content":{"rendered":"<p>Epatez vos amis avec cette table de mixage tactile. Le top du top en mati\u00e8re de table de mixage tactile. The Monster est la pi\u00e8ce ultime des spectacles pour les DJs du monde entier.<br \/>\nDisponible sur commande personnalis\u00e9e uniquement, Le Monstre dispose de 2 Ecrans Samsung \u00e0 LED de 46&Prime; coll\u00e9s dos \u00e0 dos, avec un c\u00f4t\u00e9 faisant face au DJ accompagn\u00e9 de notre technologie d&rsquo;\u00e9cran brevet\u00e9e 6 touches \u00e0 infrarouge.<br \/>\nPesant \u00e0 130 Kg, Le Monstre est recommand\u00e9 pour les artistes en tourn\u00e9e, en croisiere, en stations baln\u00e9aires et sur des installations de club permanents.<br \/>\nLe monstre est la pi\u00e8ce ultime de spectacle pour les DJs du monde entier.<br \/>\nEn raison de la nature personalisable de ce produit, chaque Monster est r\u00e9alis\u00e9 sur commande avec un delai de livraison de 6 \u00e0 8 semaines.<br \/>\nLe prix de The Monster comprend : un personnalisation totale de la boite, un \u00e9clairage LED et une carte son.<\/p>\n","protected":false},"excerpt":{"rendered":"<p>Epatez vos amis avec cette table de mixage tactile. Le top du top en mati\u00e8re de table de mixage tactile. The Monster est la pi\u00e8ce ultime des spectacles pour les DJs du monde entier. Disponible sur commande personnalis\u00e9e uniquement, Le Monstre dispose de 2 Ecrans Samsung \u00e0 LED de 46&Prime; coll\u00e9s dos \u00e0 dos, avec [&hellip;]<\/p>\n","protected":false},"featured_media":452,"comment_status":"open","ping_status":"closed","template":"","meta":[],"product_cat":[33],"product_tag":[],"yoast_head":"<!-- This site is optimized with the Yoast SEO plugin v17.4 - https:\/\/yoast.com\/wordpress\/plugins\/seo\/ -->\n<title>Monster DJ Emulator - Toys4Vip<\/title>\n<meta name=\"description\" content=\"Epatez vos amis avec cette table de mixage tactile. Le top du top en mati\u00e8re de table de mixage tactile. The Monster est la pi\u00e8ce ultime des spectacles pour les DJs du monde entier.Disponible sur commande personnalis\u00e9e uniquement, Le Monstre dispose de 2 Ecrans Samsung \u00e0 LED de 46&quot; coll\u00e9s dos \u00e0 dos, avec un c\u00f4t\u00e9 faisant face au DJ accompagn\u00e9 de notre technologie d&#039;\u00e9cran brevet\u00e9e 6 touches \u00e0 infrarouge.Pesant \u00e0 130 Kg, Le Monstre est recommand\u00e9 pour les artistes en tourn\u00e9e, en croisiere, en stations baln\u00e9aires et sur des installations de club permanents.Le monstre est la pi\u00e8ce ultime de spectacle pour les DJs du monde entier.\" \/>\n<meta name=\"robots\" content=\"index, follow, max-snippet:-1, max-image-preview:large, max-video-preview:-1\" \/>\n<link rel=\"canonical\" href=\"https:\/\/www.toys4vip.com\/fr\/luxury-toy\/monster-dj-emulator\/10\/\" \/>\n<meta property=\"og:locale\" content=\"fr_FR\" \/>\n<meta property=\"og:type\" content=\"article\" \/>\n<meta property=\"og:title\" content=\"Monster DJ Emulator - Toys4Vip\" \/>\n<meta property=\"og:description\" content=\"Epatez vos amis avec cette table de mixage tactile. Le top du top en mati\u00e8re de table de mixage tactile. The Monster est la pi\u00e8ce ultime des spectacles pour les DJs du monde entier.Disponible sur commande personnalis\u00e9e uniquement, Le Monstre dispose de 2 Ecrans Samsung \u00e0 LED de 46&quot; coll\u00e9s dos \u00e0 dos, avec un c\u00f4t\u00e9 faisant face au DJ accompagn\u00e9 de notre technologie d&#039;\u00e9cran brevet\u00e9e 6 touches \u00e0 infrarouge.Pesant \u00e0 130 Kg, Le Monstre est recommand\u00e9 pour les artistes en tourn\u00e9e, en croisiere, en stations baln\u00e9aires et sur des installations de club permanents.Le monstre est la pi\u00e8ce ultime de spectacle pour les DJs du monde entier.\" \/>\n<meta property=\"og:url\" content=\"https:\/\/www.toys4vip.com\/fr\/luxury-toy\/monster-dj-emulator\/10\/\" \/>\n<meta property=\"og:site_name\" content=\"Toys4Vip\" \/>\n<meta property=\"article:modified_time\" content=\"2021-11-18T17:37:42+00:00\" \/>\n<meta property=\"og:image\" content=\"https:\/\/www.toys4vip.com\/app\/uploads\/2021\/11\/main-9.jpg\" \/>\n\t<meta property=\"og:image:width\" content=\"620\" \/>\n\t<meta property=\"og:image:height\" content=\"417\" \/>\n<meta name=\"twitter:card\" content=\"summary_large_image\" \/>\n<meta name=\"twitter:label1\" content=\"Dur\u00e9e de lecture est.\" \/>\n\t<meta name=\"twitter:data1\" content=\"1 minute\" \/>\n<script type=\"application\/ld+json\" class=\"yoast-schema-graph\">{\"@context\":\"https:\/\/schema.org\",\"@graph\":[{\"@type\":\"WebSite\",\"@id\":\"https:\/\/www.toys4vip.com\/fr\/#website\",\"url\":\"https:\/\/www.toys4vip.com\/fr\/\",\"name\":\"Toys4Vip\",\"description\":\"Jouets de luxe nouveau concept store\",\"potentialAction\":[{\"@type\":\"SearchAction\",\"target\":{\"@type\":\"EntryPoint\",\"urlTemplate\":\"https:\/\/www.toys4vip.com\/fr\/?s={search_term_string}\"},\"query-input\":\"required name=search_term_string\"}],\"inLanguage\":\"fr-FR\"},{\"@type\":\"ImageObject\",\"@id\":\"https:\/\/www.toys4vip.com\/fr\/luxury-toy\/monster-dj-emulator\/10\/#primaryimage\",\"inLanguage\":\"fr-FR\",\"url\":\"https:\/\/www.toys4vip.com\/app\/uploads\/2021\/11\/main-9.jpg\",\"contentUrl\":\"https:\/\/www.toys4vip.com\/app\/uploads\/2021\/11\/main-9.jpg\",\"width\":620,\"height\":417},{\"@type\":\"WebPage\",\"@id\":\"https:\/\/www.toys4vip.com\/fr\/luxury-toy\/monster-dj-emulator\/10\/#webpage\",\"url\":\"https:\/\/www.toys4vip.com\/fr\/luxury-toy\/monster-dj-emulator\/10\/\",\"name\":\"Monster DJ Emulator - Toys4Vip\",\"isPartOf\":{\"@id\":\"https:\/\/www.toys4vip.com\/fr\/#website\"},\"primaryImageOfPage\":{\"@id\":\"https:\/\/www.toys4vip.com\/fr\/luxury-toy\/monster-dj-emulator\/10\/#primaryimage\"},\"datePublished\":\"2021-11-02T10:20:05+00:00\",\"dateModified\":\"2021-11-18T17:37:42+00:00\",\"description\":\"Epatez vos amis avec cette table de mixage tactile. Le top du top en mati\\u00e8re de table de mixage tactile. The Monster est la pi\\u00e8ce ultime des spectacles pour les DJs du monde entier.Disponible sur commande personnalis\\u00e9e uniquement, Le Monstre dispose de 2 Ecrans Samsung \\u00e0 LED de 46\\\" coll\\u00e9s dos \\u00e0 dos, avec un c\\u00f4t\\u00e9 faisant face au DJ accompagn\\u00e9 de notre technologie d'\\u00e9cran brevet\\u00e9e 6 touches \\u00e0 infrarouge.Pesant \\u00e0 130 Kg, Le Monstre est recommand\\u00e9 pour les artistes en tourn\\u00e9e, en croisiere, en stations baln\\u00e9aires et sur des installations de club permanents.Le monstre est la pi\\u00e8ce ultime de spectacle pour les DJs du monde entier.\",\"breadcrumb\":{\"@id\":\"https:\/\/www.toys4vip.com\/fr\/luxury-toy\/monster-dj-emulator\/10\/#breadcrumb\"},\"inLanguage\":\"fr-FR\",\"potentialAction\":[{\"@type\":\"ReadAction\",\"target\":[\"https:\/\/www.toys4vip.com\/fr\/luxury-toy\/monster-dj-emulator\/10\/\"]}]},{\"@type\":\"BreadcrumbList\",\"@id\":\"https:\/\/www.toys4vip.com\/fr\/luxury-toy\/monster-dj-emulator\/10\/#breadcrumb\",\"itemListElement\":[{\"@type\":\"ListItem\",\"position\":1,\"name\":\"Home\",\"item\":\"https:\/\/www.toys4vip.com\/fr\/\"},{\"@type\":\"ListItem\",\"position\":2,\"name\":\"Objets \/ Cat\\u00e9gories\",\"item\":\"https:\/\/www.toys4vip.com\/fr\/luxury-toys\/\"},{\"@type\":\"ListItem\",\"position\":3,\"name\":\"Monster DJ Emulator\"}]}]}<\/script>\n<!-- \/ Yoast SEO plugin. -->","yoast_head_json":{"title":"Monster DJ Emulator - Toys4Vip","description":"Epatez vos amis avec cette table de mixage tactile. Le top du top en mati\u00e8re de table de mixage tactile. The Monster est la pi\u00e8ce ultime des spectacles pour les DJs du monde entier.Disponible sur commande personnalis\u00e9e uniquement, Le Monstre dispose de 2 Ecrans Samsung \u00e0 LED de 46\" coll\u00e9s dos \u00e0 dos, avec un c\u00f4t\u00e9 faisant face au DJ accompagn\u00e9 de notre technologie d'\u00e9cran brevet\u00e9e 6 touches \u00e0 infrarouge.Pesant \u00e0 130 Kg, Le Monstre est recommand\u00e9 pour les artistes en tourn\u00e9e, en croisiere, en stations baln\u00e9aires et sur des installations de club permanents.Le monstre est la pi\u00e8ce ultime de spectacle pour les DJs du monde entier.","robots":{"index":"index","follow":"follow","max-snippet":"max-snippet:-1","max-image-preview":"max-image-preview:large","max-video-preview":"max-video-preview:-1"},"canonical":"https:\/\/www.toys4vip.com\/fr\/luxury-toy\/monster-dj-emulator\/10\/","og_locale":"fr_FR","og_type":"article","og_title":"Monster DJ Emulator - Toys4Vip","og_description":"Epatez vos amis avec cette table de mixage tactile. Le top du top en mati\u00e8re de table de mixage tactile. The Monster est la pi\u00e8ce ultime des spectacles pour les DJs du monde entier.Disponible sur commande personnalis\u00e9e uniquement, Le Monstre dispose de 2 Ecrans Samsung \u00e0 LED de 46\" coll\u00e9s dos \u00e0 dos, avec un c\u00f4t\u00e9 faisant face au DJ accompagn\u00e9 de notre technologie d'\u00e9cran brevet\u00e9e 6 touches \u00e0 infrarouge.Pesant \u00e0 130 Kg, Le Monstre est recommand\u00e9 pour les artistes en tourn\u00e9e, en croisiere, en stations baln\u00e9aires et sur des installations de club permanents.Le monstre est la pi\u00e8ce ultime de spectacle pour les DJs du monde entier.","og_url":"https:\/\/www.toys4vip.com\/fr\/luxury-toy\/monster-dj-emulator\/10\/","og_site_name":"Toys4Vip","article_modified_time":"2021-11-18T17:37:42+00:00","og_image":[{"width":620,"height":417,"url":"https:\/\/www.toys4vip.com\/app\/uploads\/2021\/11\/main-9.jpg","type":"image\/jpeg"}],"twitter_card":"summary_large_image","twitter_misc":{"Dur\u00e9e de lecture est.":"1 minute"},"schema":{"@context":"https:\/\/schema.org","@graph":[{"@type":"WebSite","@id":"https:\/\/www.toys4vip.com\/fr\/#website","url":"https:\/\/www.toys4vip.com\/fr\/","name":"Toys4Vip","description":"Jouets de luxe nouveau concept store","potentialAction":[{"@type":"SearchAction","target":{"@type":"EntryPoint","urlTemplate":"https:\/\/www.toys4vip.com\/fr\/?s={search_term_string}"},"query-input":"required name=search_term_string"}],"inLanguage":"fr-FR"},{"@type":"ImageObject","@id":"https:\/\/www.toys4vip.com\/fr\/luxury-toy\/monster-dj-emulator\/10\/#primaryimage","inLanguage":"fr-FR","url":"https:\/\/www.toys4vip.com\/app\/uploads\/2021\/11\/main-9.jpg","contentUrl":"https:\/\/www.toys4vip.com\/app\/uploads\/2021\/11\/main-9.jpg","width":620,"height":417},{"@type":"WebPage","@id":"https:\/\/www.toys4vip.com\/fr\/luxury-toy\/monster-dj-emulator\/10\/#webpage","url":"https:\/\/www.toys4vip.com\/fr\/luxury-toy\/monster-dj-emulator\/10\/","name":"Monster DJ Emulator - Toys4Vip","isPartOf":{"@id":"https:\/\/www.toys4vip.com\/fr\/#website"},"primaryImageOfPage":{"@id":"https:\/\/www.toys4vip.com\/fr\/luxury-toy\/monster-dj-emulator\/10\/#primaryimage"},"datePublished":"2021-11-02T10:20:05+00:00","dateModified":"2021-11-18T17:37:42+00:00","description":"Epatez vos amis avec cette table de mixage tactile. Le top du top en mati\u00e8re de table de mixage tactile. The Monster est la pi\u00e8ce ultime des spectacles pour les DJs du monde entier.Disponible sur commande personnalis\u00e9e uniquement, Le Monstre dispose de 2 Ecrans Samsung \u00e0 LED de 46\" coll\u00e9s dos \u00e0 dos, avec un c\u00f4t\u00e9 faisant face au DJ accompagn\u00e9 de notre technologie d'\u00e9cran brevet\u00e9e 6 touches \u00e0 infrarouge.Pesant \u00e0 130 Kg, Le Monstre est recommand\u00e9 pour les artistes en tourn\u00e9e, en croisiere, en stations baln\u00e9aires et sur des installations de club permanents.Le monstre est la pi\u00e8ce ultime de spectacle pour les DJs du monde entier.","breadcrumb":{"@id":"https:\/\/www.toys4vip.com\/fr\/luxury-toy\/monster-dj-emulator\/10\/#breadcrumb"},"inLanguage":"fr-FR","potentialAction":[{"@type":"ReadAction","target":["https:\/\/www.toys4vip.com\/fr\/luxury-toy\/monster-dj-emulator\/10\/"]}]},{"@type":"BreadcrumbList","@id":"https:\/\/www.toys4vip.com\/fr\/luxury-toy\/monster-dj-emulator\/10\/#breadcrumb","itemListElement":[{"@type":"ListItem","position":1,"name":"Home","item":"https:\/\/www.toys4vip.com\/fr\/"},{"@type":"ListItem","position":2,"name":"Objets \/ Cat\u00e9gories","item":"https:\/\/www.toys4vip.com\/fr\/luxury-toys\/"},{"@type":"ListItem","position":3,"name":"Monster DJ Emulator"}]}]}},"_links":{"self":[{"href":"https:\/\/www.toys4vip.com\/fr\/wp-json\/wp\/v2\/product\/454"}],"collection":[{"href":"https:\/\/www.toys4vip.com\/fr\/wp-json\/wp\/v2\/product"}],"about":[{"href":"https:\/\/www.toys4vip.com\/fr\/wp-json\/wp\/v2\/types\/product"}],"replies":[{"embeddable":true,"href":"https:\/\/www.toys4vip.com\/fr\/wp-json\/wp\/v2\/comments?post=454"}],"wp:featuredmedia":[{"embeddable":true,"href":"https:\/\/www.toys4vip.com\/fr\/wp-json\/wp\/v2\/media\/452"}],"wp:attachment":[{"href":"https:\/\/www.toys4vip.com\/fr\/wp-json\/wp\/v2\/media?parent=454"}],"wp:term":[{"taxonomy":"product_cat","embeddable":true,"href":"https:\/\/www.toys4vip.com\/fr\/wp-json\/wp\/v2\/product_cat?post=454"},{"taxonomy":"product_tag","embeddable":true,"href":"https:\/\/www.toys4vip.com\/fr\/wp-json\/wp\/v2\/product_tag?post=454"}],"curies":[{"name":"wp","href":"https:\/\/api.w.org\/{rel}","templated":true}]}}