{"id":451,"date":"2021-11-02T10:20:05","date_gmt":"2021-11-02T09:20:05","guid":{"rendered":"https:\/\/toys4vip.com\/produit\/ciclotte\/"},"modified":"2021-12-13T14:24:41","modified_gmt":"2021-12-13T13:24:41","slug":"ciclotte","status":"publish","type":"product","link":"https:\/\/www.toys4vip.com\/fr\/luxury-toy\/ciclotte\/9\/","title":{"rendered":"Ciclotte"},"content":{"rendered":"<p>Ciclotte est le v\u00e9lo d\u2019entra\u00eenement innovant, con\u00e7u et fabriqu\u00e9 en Italie, qui conjugue en soi l\u2019id\u00e9e, la forme et la technologie en revisitant les canons de beaut\u00e9 esth\u00e9tiques traditionnels et fonctionnels du v\u00e9lo d\u2019appartement en tant qu\u2019objet.<br \/>\nCon\u00e7u par un jeune designer milanais, Luca Schieppati, et fabriqu\u00e9 par la soci\u00e9t\u00e9 de Bergame Lamiflex Group, Ciclotte rompt avec les r\u00e8gles du design des \u00e9quipements gymniques, qui depuis toujours ne consid\u00e8rent que l\u2019aspect fonctionnel, pour s\u2019adresser \u00e0 une cible d\u2019utilisateurs \u00e9volu\u00e9s, dynamiques et amoureux de la forme physique et de l\u2019esth\u00e9tique.<br \/>\nPossibilit\u00e9 de customiser les couleurs: 3 choix de couleur pour le carbonne (noir, rouge, pourpre) et pour l&rsquo;acier de la roue (gris, rouge, blanc).<\/p>\n","protected":false},"excerpt":{"rendered":"<p>Ciclotte est le v\u00e9lo d\u2019entra\u00eenement innovant, con\u00e7u et fabriqu\u00e9 en Italie, qui conjugue en soi l\u2019id\u00e9e, la forme et la technologie en revisitant les canons de beaut\u00e9 esth\u00e9tiques traditionnels et fonctionnels du v\u00e9lo d\u2019appartement en tant qu\u2019objet. Con\u00e7u par un jeune designer milanais, Luca Schieppati, et fabriqu\u00e9 par la soci\u00e9t\u00e9 de Bergame Lamiflex Group, Ciclotte [&hellip;]<\/p>\n","protected":false},"featured_media":449,"comment_status":"open","ping_status":"closed","template":"","meta":[],"product_cat":[42],"product_tag":[],"yoast_head":"<!-- This site is optimized with the Yoast SEO plugin v17.4 - https:\/\/yoast.com\/wordpress\/plugins\/seo\/ -->\n<title>Ciclotte - Toys4Vip<\/title>\n<meta name=\"description\" content=\"Ciclotte est le v\u00e9lo d\u2019entra\u00eenement innovant, con\u00e7u et fabriqu\u00e9 en Italie, qui conjugue en soi l\u2019id\u00e9e, la forme et la technologie en revisitant les canons de beaut\u00e9 esth\u00e9tiques traditionnels et fonctionnels du v\u00e9lo d\u2019appartement en tant qu\u2019objet.Con\u00e7u par un jeune designer milanais, Luca Schieppati, et fabriqu\u00e9 par la soci\u00e9t\u00e9 de Bergame Lamiflex Group, Ciclotte rompt avec les r\u00e8gles du design des \u00e9quipements gymniques, qui depuis toujours ne consid\u00e8rent que l\u2019aspect fonctionnel, pour s\u2019adresser \u00e0 une cible d\u2019utilisateurs \u00e9volu\u00e9s, dynamiques et amoureux de la forme physique et de l\u2019esth\u00e9tique.Possibilit\u00e9 de customiser les couleurs: 3 choix de couleur pour le carbonne (noir, rouge, pourpre) et pour l&#039;acier de la roue (gris, rouge, blanc).\" \/>\n<meta name=\"robots\" content=\"index, follow, max-snippet:-1, max-image-preview:large, max-video-preview:-1\" \/>\n<link rel=\"canonical\" href=\"https:\/\/www.toys4vip.com\/fr\/luxury-toy\/ciclotte\/9\/\" \/>\n<meta property=\"og:locale\" content=\"fr_FR\" \/>\n<meta property=\"og:type\" content=\"article\" \/>\n<meta property=\"og:title\" content=\"Ciclotte - Toys4Vip\" \/>\n<meta property=\"og:description\" content=\"Ciclotte est le v\u00e9lo d\u2019entra\u00eenement innovant, con\u00e7u et fabriqu\u00e9 en Italie, qui conjugue en soi l\u2019id\u00e9e, la forme et la technologie en revisitant les canons de beaut\u00e9 esth\u00e9tiques traditionnels et fonctionnels du v\u00e9lo d\u2019appartement en tant qu\u2019objet.Con\u00e7u par un jeune designer milanais, Luca Schieppati, et fabriqu\u00e9 par la soci\u00e9t\u00e9 de Bergame Lamiflex Group, Ciclotte rompt avec les r\u00e8gles du design des \u00e9quipements gymniques, qui depuis toujours ne consid\u00e8rent que l\u2019aspect fonctionnel, pour s\u2019adresser \u00e0 une cible d\u2019utilisateurs \u00e9volu\u00e9s, dynamiques et amoureux de la forme physique et de l\u2019esth\u00e9tique.Possibilit\u00e9 de customiser les couleurs: 3 choix de couleur pour le carbonne (noir, rouge, pourpre) et pour l&#039;acier de la roue (gris, rouge, blanc).\" \/>\n<meta property=\"og:url\" content=\"https:\/\/www.toys4vip.com\/fr\/luxury-toy\/ciclotte\/9\/\" \/>\n<meta property=\"og:site_name\" content=\"Toys4Vip\" \/>\n<meta property=\"article:modified_time\" content=\"2021-12-13T13:24:41+00:00\" \/>\n<meta property=\"og:image\" content=\"https:\/\/www.toys4vip.com\/app\/uploads\/2021\/11\/main-8.jpg\" \/>\n\t<meta property=\"og:image:width\" content=\"1536\" \/>\n\t<meta property=\"og:image:height\" content=\"913\" \/>\n<meta name=\"twitter:card\" content=\"summary_large_image\" \/>\n<meta name=\"twitter:label1\" content=\"Dur\u00e9e de lecture est.\" \/>\n\t<meta name=\"twitter:data1\" content=\"1 minute\" \/>\n<script type=\"application\/ld+json\" class=\"yoast-schema-graph\">{\"@context\":\"https:\/\/schema.org\",\"@graph\":[{\"@type\":\"WebSite\",\"@id\":\"https:\/\/www.toys4vip.com\/fr\/#website\",\"url\":\"https:\/\/www.toys4vip.com\/fr\/\",\"name\":\"Toys4Vip\",\"description\":\"Jouets de luxe nouveau concept store\",\"potentialAction\":[{\"@type\":\"SearchAction\",\"target\":{\"@type\":\"EntryPoint\",\"urlTemplate\":\"https:\/\/www.toys4vip.com\/fr\/?s={search_term_string}\"},\"query-input\":\"required name=search_term_string\"}],\"inLanguage\":\"fr-FR\"},{\"@type\":\"ImageObject\",\"@id\":\"https:\/\/www.toys4vip.com\/fr\/luxury-toy\/ciclotte\/9\/#primaryimage\",\"inLanguage\":\"fr-FR\",\"url\":\"https:\/\/www.toys4vip.com\/app\/uploads\/2021\/11\/main-8.jpg\",\"contentUrl\":\"https:\/\/www.toys4vip.com\/app\/uploads\/2021\/11\/main-8.jpg\",\"width\":1536,\"height\":913},{\"@type\":\"WebPage\",\"@id\":\"https:\/\/www.toys4vip.com\/fr\/luxury-toy\/ciclotte\/9\/#webpage\",\"url\":\"https:\/\/www.toys4vip.com\/fr\/luxury-toy\/ciclotte\/9\/\",\"name\":\"Ciclotte - Toys4Vip\",\"isPartOf\":{\"@id\":\"https:\/\/www.toys4vip.com\/fr\/#website\"},\"primaryImageOfPage\":{\"@id\":\"https:\/\/www.toys4vip.com\/fr\/luxury-toy\/ciclotte\/9\/#primaryimage\"},\"datePublished\":\"2021-11-02T09:20:05+00:00\",\"dateModified\":\"2021-12-13T13:24:41+00:00\",\"description\":\"Ciclotte est le v\\u00e9lo d\\u2019entra\\u00eenement innovant, con\\u00e7u et fabriqu\\u00e9 en Italie, qui conjugue en soi l\\u2019id\\u00e9e, la forme et la technologie en revisitant les canons de beaut\\u00e9 esth\\u00e9tiques traditionnels et fonctionnels du v\\u00e9lo d\\u2019appartement en tant qu\\u2019objet.Con\\u00e7u par un jeune designer milanais, Luca Schieppati, et fabriqu\\u00e9 par la soci\\u00e9t\\u00e9 de Bergame Lamiflex Group, Ciclotte rompt avec les r\\u00e8gles du design des \\u00e9quipements gymniques, qui depuis toujours ne consid\\u00e8rent que l\\u2019aspect fonctionnel, pour s\\u2019adresser \\u00e0 une cible d\\u2019utilisateurs \\u00e9volu\\u00e9s, dynamiques et amoureux de la forme physique et de l\\u2019esth\\u00e9tique.Possibilit\\u00e9 de customiser les couleurs: 3 choix de couleur pour le carbonne (noir, rouge, pourpre) et pour l'acier de la roue (gris, rouge, blanc).\",\"breadcrumb\":{\"@id\":\"https:\/\/www.toys4vip.com\/fr\/luxury-toy\/ciclotte\/9\/#breadcrumb\"},\"inLanguage\":\"fr-FR\",\"potentialAction\":[{\"@type\":\"ReadAction\",\"target\":[\"https:\/\/www.toys4vip.com\/fr\/luxury-toy\/ciclotte\/9\/\"]}]},{\"@type\":\"BreadcrumbList\",\"@id\":\"https:\/\/www.toys4vip.com\/fr\/luxury-toy\/ciclotte\/9\/#breadcrumb\",\"itemListElement\":[{\"@type\":\"ListItem\",\"position\":1,\"name\":\"Home\",\"item\":\"https:\/\/www.toys4vip.com\/fr\/\"},{\"@type\":\"ListItem\",\"position\":2,\"name\":\"Objets \/ Cat\\u00e9gories\",\"item\":\"https:\/\/www.toys4vip.com\/fr\/luxury-toys\/\"},{\"@type\":\"ListItem\",\"position\":3,\"name\":\"Ciclotte\"}]}]}<\/script>\n<!-- \/ Yoast SEO plugin. -->","yoast_head_json":{"title":"Ciclotte - Toys4Vip","description":"Ciclotte est le v\u00e9lo d\u2019entra\u00eenement innovant, con\u00e7u et fabriqu\u00e9 en Italie, qui conjugue en soi l\u2019id\u00e9e, la forme et la technologie en revisitant les canons de beaut\u00e9 esth\u00e9tiques traditionnels et fonctionnels du v\u00e9lo d\u2019appartement en tant qu\u2019objet.Con\u00e7u par un jeune designer milanais, Luca Schieppati, et fabriqu\u00e9 par la soci\u00e9t\u00e9 de Bergame Lamiflex Group, Ciclotte rompt avec les r\u00e8gles du design des \u00e9quipements gymniques, qui depuis toujours ne consid\u00e8rent que l\u2019aspect fonctionnel, pour s\u2019adresser \u00e0 une cible d\u2019utilisateurs \u00e9volu\u00e9s, dynamiques et amoureux de la forme physique et de l\u2019esth\u00e9tique.Possibilit\u00e9 de customiser les couleurs: 3 choix de couleur pour le carbonne (noir, rouge, pourpre) et pour l'acier de la roue (gris, rouge, blanc).","robots":{"index":"index","follow":"follow","max-snippet":"max-snippet:-1","max-image-preview":"max-image-preview:large","max-video-preview":"max-video-preview:-1"},"canonical":"https:\/\/www.toys4vip.com\/fr\/luxury-toy\/ciclotte\/9\/","og_locale":"fr_FR","og_type":"article","og_title":"Ciclotte - Toys4Vip","og_description":"Ciclotte est le v\u00e9lo d\u2019entra\u00eenement innovant, con\u00e7u et fabriqu\u00e9 en Italie, qui conjugue en soi l\u2019id\u00e9e, la forme et la technologie en revisitant les canons de beaut\u00e9 esth\u00e9tiques traditionnels et fonctionnels du v\u00e9lo d\u2019appartement en tant qu\u2019objet.Con\u00e7u par un jeune designer milanais, Luca Schieppati, et fabriqu\u00e9 par la soci\u00e9t\u00e9 de Bergame Lamiflex Group, Ciclotte rompt avec les r\u00e8gles du design des \u00e9quipements gymniques, qui depuis toujours ne consid\u00e8rent que l\u2019aspect fonctionnel, pour s\u2019adresser \u00e0 une cible d\u2019utilisateurs \u00e9volu\u00e9s, dynamiques et amoureux de la forme physique et de l\u2019esth\u00e9tique.Possibilit\u00e9 de customiser les couleurs: 3 choix de couleur pour le carbonne (noir, rouge, pourpre) et pour l'acier de la roue (gris, rouge, blanc).","og_url":"https:\/\/www.toys4vip.com\/fr\/luxury-toy\/ciclotte\/9\/","og_site_name":"Toys4Vip","article_modified_time":"2021-12-13T13:24:41+00:00","og_image":[{"width":1536,"height":913,"url":"https:\/\/www.toys4vip.com\/app\/uploads\/2021\/11\/main-8.jpg","type":"image\/jpeg"}],"twitter_card":"summary_large_image","twitter_misc":{"Dur\u00e9e de lecture est.":"1 minute"},"schema":{"@context":"https:\/\/schema.org","@graph":[{"@type":"WebSite","@id":"https:\/\/www.toys4vip.com\/fr\/#website","url":"https:\/\/www.toys4vip.com\/fr\/","name":"Toys4Vip","description":"Jouets de luxe nouveau concept store","potentialAction":[{"@type":"SearchAction","target":{"@type":"EntryPoint","urlTemplate":"https:\/\/www.toys4vip.com\/fr\/?s={search_term_string}"},"query-input":"required name=search_term_string"}],"inLanguage":"fr-FR"},{"@type":"ImageObject","@id":"https:\/\/www.toys4vip.com\/fr\/luxury-toy\/ciclotte\/9\/#primaryimage","inLanguage":"fr-FR","url":"https:\/\/www.toys4vip.com\/app\/uploads\/2021\/11\/main-8.jpg","contentUrl":"https:\/\/www.toys4vip.com\/app\/uploads\/2021\/11\/main-8.jpg","width":1536,"height":913},{"@type":"WebPage","@id":"https:\/\/www.toys4vip.com\/fr\/luxury-toy\/ciclotte\/9\/#webpage","url":"https:\/\/www.toys4vip.com\/fr\/luxury-toy\/ciclotte\/9\/","name":"Ciclotte - Toys4Vip","isPartOf":{"@id":"https:\/\/www.toys4vip.com\/fr\/#website"},"primaryImageOfPage":{"@id":"https:\/\/www.toys4vip.com\/fr\/luxury-toy\/ciclotte\/9\/#primaryimage"},"datePublished":"2021-11-02T09:20:05+00:00","dateModified":"2021-12-13T13:24:41+00:00","description":"Ciclotte est le v\u00e9lo d\u2019entra\u00eenement innovant, con\u00e7u et fabriqu\u00e9 en Italie, qui conjugue en soi l\u2019id\u00e9e, la forme et la technologie en revisitant les canons de beaut\u00e9 esth\u00e9tiques traditionnels et fonctionnels du v\u00e9lo d\u2019appartement en tant qu\u2019objet.Con\u00e7u par un jeune designer milanais, Luca Schieppati, et fabriqu\u00e9 par la soci\u00e9t\u00e9 de Bergame Lamiflex Group, Ciclotte rompt avec les r\u00e8gles du design des \u00e9quipements gymniques, qui depuis toujours ne consid\u00e8rent que l\u2019aspect fonctionnel, pour s\u2019adresser \u00e0 une cible d\u2019utilisateurs \u00e9volu\u00e9s, dynamiques et amoureux de la forme physique et de l\u2019esth\u00e9tique.Possibilit\u00e9 de customiser les couleurs: 3 choix de couleur pour le carbonne (noir, rouge, pourpre) et pour l'acier de la roue (gris, rouge, blanc).","breadcrumb":{"@id":"https:\/\/www.toys4vip.com\/fr\/luxury-toy\/ciclotte\/9\/#breadcrumb"},"inLanguage":"fr-FR","potentialAction":[{"@type":"ReadAction","target":["https:\/\/www.toys4vip.com\/fr\/luxury-toy\/ciclotte\/9\/"]}]},{"@type":"BreadcrumbList","@id":"https:\/\/www.toys4vip.com\/fr\/luxury-toy\/ciclotte\/9\/#breadcrumb","itemListElement":[{"@type":"ListItem","position":1,"name":"Home","item":"https:\/\/www.toys4vip.com\/fr\/"},{"@type":"ListItem","position":2,"name":"Objets \/ Cat\u00e9gories","item":"https:\/\/www.toys4vip.com\/fr\/luxury-toys\/"},{"@type":"ListItem","position":3,"name":"Ciclotte"}]}]}},"_links":{"self":[{"href":"https:\/\/www.toys4vip.com\/fr\/wp-json\/wp\/v2\/product\/451"}],"collection":[{"href":"https:\/\/www.toys4vip.com\/fr\/wp-json\/wp\/v2\/product"}],"about":[{"href":"https:\/\/www.toys4vip.com\/fr\/wp-json\/wp\/v2\/types\/product"}],"replies":[{"embeddable":true,"href":"https:\/\/www.toys4vip.com\/fr\/wp-json\/wp\/v2\/comments?post=451"}],"wp:featuredmedia":[{"embeddable":true,"href":"https:\/\/www.toys4vip.com\/fr\/wp-json\/wp\/v2\/media\/449"}],"wp:attachment":[{"href":"https:\/\/www.toys4vip.com\/fr\/wp-json\/wp\/v2\/media?parent=451"}],"wp:term":[{"taxonomy":"product_cat","embeddable":true,"href":"https:\/\/www.toys4vip.com\/fr\/wp-json\/wp\/v2\/product_cat?post=451"},{"taxonomy":"product_tag","embeddable":true,"href":"https:\/\/www.toys4vip.com\/fr\/wp-json\/wp\/v2\/product_tag?post=451"}],"curies":[{"name":"wp","href":"https:\/\/api.w.org\/{rel}","templated":true}]}}