{"id":448,"date":"2021-11-02T10:20:04","date_gmt":"2021-11-02T10:20:04","guid":{"rendered":"https:\/\/toys4vip.com\/produit\/avantgarde-acoustic\/"},"modified":"2021-11-13T11:28:03","modified_gmt":"2021-11-13T11:28:03","slug":"avantgarde-acoustic","status":"publish","type":"product","link":"https:\/\/www.toys4vip.com\/fr\/luxury-toy\/avantgarde-acoustic\/8\/","title":{"rendered":"Avantgarde Acoustic"},"content":{"rendered":"<p>Non content de proposer l\u2019excellence technologique en mati\u00e8re de restitution sonore, Avantgarde Acoustic a aussi d\u00e9cid\u00e9 de marquer les esprits par l\u2019esth\u00e9tisme de ses collections. Pour les amateurs de mat\u00e9riel Hi-Fi pointu et de design, le slogan de l\u2019\u00e9diteur allemand parle de lui-m\u00eame: \u2018Welcome to the audiophile nirvana\u2019\u2026Inspir\u00e9s semble-t-il du gramophone d\u2019antan, les designers du Trio Classico en proposent une relecture tr\u00e8s contemporaine, toute en \u00e9pure et en rondeur.<br \/>\nDes lignes qui contrastent avec le Basshorn, monolithe high-tech d\u00e9di\u00e9 \u00e0 la gestion des basses.<br \/>\nUn combo d\u2019exception pour audiophiles exigeants\u2026<br \/>\nDimension 1,5 m\u00e8tre de haut, 1,3 m de large<br \/>\nLa sensibilit\u00e9 de ces enceintes est estim\u00e9e \u00e0 109dB et son imp\u00e9dance \u00e0 19 Ohms.<\/p>\n","protected":false},"excerpt":{"rendered":"<p>Non content de proposer l\u2019excellence technologique en mati\u00e8re de restitution sonore, Avantgarde Acoustic a aussi d\u00e9cid\u00e9 de marquer les esprits par l\u2019esth\u00e9tisme de ses collections. Pour les amateurs de mat\u00e9riel Hi-Fi pointu et de design, le slogan de l\u2019\u00e9diteur allemand parle de lui-m\u00eame: \u2018Welcome to the audiophile nirvana\u2019\u2026Inspir\u00e9s semble-t-il du gramophone d\u2019antan, les designers du [&hellip;]<\/p>\n","protected":false},"featured_media":446,"comment_status":"open","ping_status":"closed","template":"","meta":[],"product_cat":[42],"product_tag":[],"yoast_head":"<!-- This site is optimized with the Yoast SEO plugin v17.4 - https:\/\/yoast.com\/wordpress\/plugins\/seo\/ -->\n<title>Avantgarde Acoustic - Toys4Vip<\/title>\n<meta name=\"description\" content=\"Non content de proposer l\u2019excellence technologique en mati\u00e8re de restitution sonore, Avantgarde Acoustic a aussi d\u00e9cid\u00e9 de marquer les esprits par l\u2019esth\u00e9tisme de ses collections. Pour les amateurs de mat\u00e9riel Hi-Fi pointu et de design, le slogan de l\u2019\u00e9diteur allemand parle de lui-m\u00eame: \u2018Welcome to the audiophile nirvana\u2019\u2026Inspir\u00e9s semble-t-il du gramophone d\u2019antan, les designers du Trio Classico en proposent une relecture tr\u00e8s contemporaine, toute en \u00e9pure et en rondeur.Des lignes qui contrastent avec le Basshorn, monolithe high-tech d\u00e9di\u00e9 \u00e0 la gestion des basses.Un combo d\u2019exception pour audiophiles exigeants\u2026Dimension 1,5 m\u00e8tre de haut, 1,3 m de largeLa sensibilit\u00e9 de ces enceintes est estim\u00e9e \u00e0 109dB et son imp\u00e9dance \u00e0 19 Ohms.\" \/>\n<meta name=\"robots\" content=\"index, follow, max-snippet:-1, max-image-preview:large, max-video-preview:-1\" \/>\n<link rel=\"canonical\" href=\"https:\/\/www.toys4vip.com\/fr\/luxury-toy\/avantgarde-acoustic\/8\/\" \/>\n<meta property=\"og:locale\" content=\"fr_FR\" \/>\n<meta property=\"og:type\" content=\"article\" \/>\n<meta property=\"og:title\" content=\"Avantgarde Acoustic - Toys4Vip\" \/>\n<meta property=\"og:description\" content=\"Non content de proposer l\u2019excellence technologique en mati\u00e8re de restitution sonore, Avantgarde Acoustic a aussi d\u00e9cid\u00e9 de marquer les esprits par l\u2019esth\u00e9tisme de ses collections. Pour les amateurs de mat\u00e9riel Hi-Fi pointu et de design, le slogan de l\u2019\u00e9diteur allemand parle de lui-m\u00eame: \u2018Welcome to the audiophile nirvana\u2019\u2026Inspir\u00e9s semble-t-il du gramophone d\u2019antan, les designers du Trio Classico en proposent une relecture tr\u00e8s contemporaine, toute en \u00e9pure et en rondeur.Des lignes qui contrastent avec le Basshorn, monolithe high-tech d\u00e9di\u00e9 \u00e0 la gestion des basses.Un combo d\u2019exception pour audiophiles exigeants\u2026Dimension 1,5 m\u00e8tre de haut, 1,3 m de largeLa sensibilit\u00e9 de ces enceintes est estim\u00e9e \u00e0 109dB et son imp\u00e9dance \u00e0 19 Ohms.\" \/>\n<meta property=\"og:url\" content=\"https:\/\/www.toys4vip.com\/fr\/luxury-toy\/avantgarde-acoustic\/8\/\" \/>\n<meta property=\"og:site_name\" content=\"Toys4Vip\" \/>\n<meta property=\"article:modified_time\" content=\"2021-11-13T11:28:03+00:00\" \/>\n<meta property=\"og:image\" content=\"https:\/\/www.toys4vip.com\/app\/uploads\/2021\/11\/main-7.jpg\" \/>\n\t<meta property=\"og:image:width\" content=\"1001\" \/>\n\t<meta property=\"og:image:height\" content=\"690\" \/>\n<meta name=\"twitter:card\" content=\"summary_large_image\" \/>\n<meta name=\"twitter:label1\" content=\"Dur\u00e9e de lecture est.\" \/>\n\t<meta name=\"twitter:data1\" content=\"1 minute\" \/>\n<script type=\"application\/ld+json\" class=\"yoast-schema-graph\">{\"@context\":\"https:\/\/schema.org\",\"@graph\":[{\"@type\":\"WebSite\",\"@id\":\"https:\/\/www.toys4vip.com\/fr\/#website\",\"url\":\"https:\/\/www.toys4vip.com\/fr\/\",\"name\":\"Toys4Vip\",\"description\":\"Jouets de luxe nouveau concept store\",\"potentialAction\":[{\"@type\":\"SearchAction\",\"target\":{\"@type\":\"EntryPoint\",\"urlTemplate\":\"https:\/\/www.toys4vip.com\/fr\/?s={search_term_string}\"},\"query-input\":\"required name=search_term_string\"}],\"inLanguage\":\"fr-FR\"},{\"@type\":\"ImageObject\",\"@id\":\"https:\/\/www.toys4vip.com\/fr\/luxury-toy\/avantgarde-acoustic\/8\/#primaryimage\",\"inLanguage\":\"fr-FR\",\"url\":\"https:\/\/www.toys4vip.com\/app\/uploads\/2021\/11\/main-7.jpg\",\"contentUrl\":\"https:\/\/www.toys4vip.com\/app\/uploads\/2021\/11\/main-7.jpg\",\"width\":1001,\"height\":690},{\"@type\":\"WebPage\",\"@id\":\"https:\/\/www.toys4vip.com\/fr\/luxury-toy\/avantgarde-acoustic\/8\/#webpage\",\"url\":\"https:\/\/www.toys4vip.com\/fr\/luxury-toy\/avantgarde-acoustic\/8\/\",\"name\":\"Avantgarde Acoustic - Toys4Vip\",\"isPartOf\":{\"@id\":\"https:\/\/www.toys4vip.com\/fr\/#website\"},\"primaryImageOfPage\":{\"@id\":\"https:\/\/www.toys4vip.com\/fr\/luxury-toy\/avantgarde-acoustic\/8\/#primaryimage\"},\"datePublished\":\"2021-11-02T10:20:04+00:00\",\"dateModified\":\"2021-11-13T11:28:03+00:00\",\"description\":\"Non content de proposer l\\u2019excellence technologique en mati\\u00e8re de restitution sonore, Avantgarde Acoustic a aussi d\\u00e9cid\\u00e9 de marquer les esprits par l\\u2019esth\\u00e9tisme de ses collections. Pour les amateurs de mat\\u00e9riel Hi-Fi pointu et de design, le slogan de l\\u2019\\u00e9diteur allemand parle de lui-m\\u00eame: \\u2018Welcome to the audiophile nirvana\\u2019\\u2026Inspir\\u00e9s semble-t-il du gramophone d\\u2019antan, les designers du Trio Classico en proposent une relecture tr\\u00e8s contemporaine, toute en \\u00e9pure et en rondeur.Des lignes qui contrastent avec le Basshorn, monolithe high-tech d\\u00e9di\\u00e9 \\u00e0 la gestion des basses.Un combo d\\u2019exception pour audiophiles exigeants\\u2026Dimension 1,5 m\\u00e8tre de haut, 1,3 m de largeLa sensibilit\\u00e9 de ces enceintes est estim\\u00e9e \\u00e0 109dB et son imp\\u00e9dance \\u00e0 19 Ohms.\",\"breadcrumb\":{\"@id\":\"https:\/\/www.toys4vip.com\/fr\/luxury-toy\/avantgarde-acoustic\/8\/#breadcrumb\"},\"inLanguage\":\"fr-FR\",\"potentialAction\":[{\"@type\":\"ReadAction\",\"target\":[\"https:\/\/www.toys4vip.com\/fr\/luxury-toy\/avantgarde-acoustic\/8\/\"]}]},{\"@type\":\"BreadcrumbList\",\"@id\":\"https:\/\/www.toys4vip.com\/fr\/luxury-toy\/avantgarde-acoustic\/8\/#breadcrumb\",\"itemListElement\":[{\"@type\":\"ListItem\",\"position\":1,\"name\":\"Home\",\"item\":\"https:\/\/www.toys4vip.com\/fr\/\"},{\"@type\":\"ListItem\",\"position\":2,\"name\":\"Objets \/ Cat\\u00e9gories\",\"item\":\"https:\/\/www.toys4vip.com\/fr\/luxury-toys\/\"},{\"@type\":\"ListItem\",\"position\":3,\"name\":\"Avantgarde Acoustic\"}]}]}<\/script>\n<!-- \/ Yoast SEO plugin. -->","yoast_head_json":{"title":"Avantgarde Acoustic - Toys4Vip","description":"Non content de proposer l\u2019excellence technologique en mati\u00e8re de restitution sonore, Avantgarde Acoustic a aussi d\u00e9cid\u00e9 de marquer les esprits par l\u2019esth\u00e9tisme de ses collections. Pour les amateurs de mat\u00e9riel Hi-Fi pointu et de design, le slogan de l\u2019\u00e9diteur allemand parle de lui-m\u00eame: \u2018Welcome to the audiophile nirvana\u2019\u2026Inspir\u00e9s semble-t-il du gramophone d\u2019antan, les designers du Trio Classico en proposent une relecture tr\u00e8s contemporaine, toute en \u00e9pure et en rondeur.Des lignes qui contrastent avec le Basshorn, monolithe high-tech d\u00e9di\u00e9 \u00e0 la gestion des basses.Un combo d\u2019exception pour audiophiles exigeants\u2026Dimension 1,5 m\u00e8tre de haut, 1,3 m de largeLa sensibilit\u00e9 de ces enceintes est estim\u00e9e \u00e0 109dB et son imp\u00e9dance \u00e0 19 Ohms.","robots":{"index":"index","follow":"follow","max-snippet":"max-snippet:-1","max-image-preview":"max-image-preview:large","max-video-preview":"max-video-preview:-1"},"canonical":"https:\/\/www.toys4vip.com\/fr\/luxury-toy\/avantgarde-acoustic\/8\/","og_locale":"fr_FR","og_type":"article","og_title":"Avantgarde Acoustic - Toys4Vip","og_description":"Non content de proposer l\u2019excellence technologique en mati\u00e8re de restitution sonore, Avantgarde Acoustic a aussi d\u00e9cid\u00e9 de marquer les esprits par l\u2019esth\u00e9tisme de ses collections. Pour les amateurs de mat\u00e9riel Hi-Fi pointu et de design, le slogan de l\u2019\u00e9diteur allemand parle de lui-m\u00eame: \u2018Welcome to the audiophile nirvana\u2019\u2026Inspir\u00e9s semble-t-il du gramophone d\u2019antan, les designers du Trio Classico en proposent une relecture tr\u00e8s contemporaine, toute en \u00e9pure et en rondeur.Des lignes qui contrastent avec le Basshorn, monolithe high-tech d\u00e9di\u00e9 \u00e0 la gestion des basses.Un combo d\u2019exception pour audiophiles exigeants\u2026Dimension 1,5 m\u00e8tre de haut, 1,3 m de largeLa sensibilit\u00e9 de ces enceintes est estim\u00e9e \u00e0 109dB et son imp\u00e9dance \u00e0 19 Ohms.","og_url":"https:\/\/www.toys4vip.com\/fr\/luxury-toy\/avantgarde-acoustic\/8\/","og_site_name":"Toys4Vip","article_modified_time":"2021-11-13T11:28:03+00:00","og_image":[{"width":1001,"height":690,"url":"https:\/\/www.toys4vip.com\/app\/uploads\/2021\/11\/main-7.jpg","type":"image\/jpeg"}],"twitter_card":"summary_large_image","twitter_misc":{"Dur\u00e9e de lecture est.":"1 minute"},"schema":{"@context":"https:\/\/schema.org","@graph":[{"@type":"WebSite","@id":"https:\/\/www.toys4vip.com\/fr\/#website","url":"https:\/\/www.toys4vip.com\/fr\/","name":"Toys4Vip","description":"Jouets de luxe nouveau concept store","potentialAction":[{"@type":"SearchAction","target":{"@type":"EntryPoint","urlTemplate":"https:\/\/www.toys4vip.com\/fr\/?s={search_term_string}"},"query-input":"required name=search_term_string"}],"inLanguage":"fr-FR"},{"@type":"ImageObject","@id":"https:\/\/www.toys4vip.com\/fr\/luxury-toy\/avantgarde-acoustic\/8\/#primaryimage","inLanguage":"fr-FR","url":"https:\/\/www.toys4vip.com\/app\/uploads\/2021\/11\/main-7.jpg","contentUrl":"https:\/\/www.toys4vip.com\/app\/uploads\/2021\/11\/main-7.jpg","width":1001,"height":690},{"@type":"WebPage","@id":"https:\/\/www.toys4vip.com\/fr\/luxury-toy\/avantgarde-acoustic\/8\/#webpage","url":"https:\/\/www.toys4vip.com\/fr\/luxury-toy\/avantgarde-acoustic\/8\/","name":"Avantgarde Acoustic - Toys4Vip","isPartOf":{"@id":"https:\/\/www.toys4vip.com\/fr\/#website"},"primaryImageOfPage":{"@id":"https:\/\/www.toys4vip.com\/fr\/luxury-toy\/avantgarde-acoustic\/8\/#primaryimage"},"datePublished":"2021-11-02T10:20:04+00:00","dateModified":"2021-11-13T11:28:03+00:00","description":"Non content de proposer l\u2019excellence technologique en mati\u00e8re de restitution sonore, Avantgarde Acoustic a aussi d\u00e9cid\u00e9 de marquer les esprits par l\u2019esth\u00e9tisme de ses collections. Pour les amateurs de mat\u00e9riel Hi-Fi pointu et de design, le slogan de l\u2019\u00e9diteur allemand parle de lui-m\u00eame: \u2018Welcome to the audiophile nirvana\u2019\u2026Inspir\u00e9s semble-t-il du gramophone d\u2019antan, les designers du Trio Classico en proposent une relecture tr\u00e8s contemporaine, toute en \u00e9pure et en rondeur.Des lignes qui contrastent avec le Basshorn, monolithe high-tech d\u00e9di\u00e9 \u00e0 la gestion des basses.Un combo d\u2019exception pour audiophiles exigeants\u2026Dimension 1,5 m\u00e8tre de haut, 1,3 m de largeLa sensibilit\u00e9 de ces enceintes est estim\u00e9e \u00e0 109dB et son imp\u00e9dance \u00e0 19 Ohms.","breadcrumb":{"@id":"https:\/\/www.toys4vip.com\/fr\/luxury-toy\/avantgarde-acoustic\/8\/#breadcrumb"},"inLanguage":"fr-FR","potentialAction":[{"@type":"ReadAction","target":["https:\/\/www.toys4vip.com\/fr\/luxury-toy\/avantgarde-acoustic\/8\/"]}]},{"@type":"BreadcrumbList","@id":"https:\/\/www.toys4vip.com\/fr\/luxury-toy\/avantgarde-acoustic\/8\/#breadcrumb","itemListElement":[{"@type":"ListItem","position":1,"name":"Home","item":"https:\/\/www.toys4vip.com\/fr\/"},{"@type":"ListItem","position":2,"name":"Objets \/ Cat\u00e9gories","item":"https:\/\/www.toys4vip.com\/fr\/luxury-toys\/"},{"@type":"ListItem","position":3,"name":"Avantgarde Acoustic"}]}]}},"_links":{"self":[{"href":"https:\/\/www.toys4vip.com\/fr\/wp-json\/wp\/v2\/product\/448"}],"collection":[{"href":"https:\/\/www.toys4vip.com\/fr\/wp-json\/wp\/v2\/product"}],"about":[{"href":"https:\/\/www.toys4vip.com\/fr\/wp-json\/wp\/v2\/types\/product"}],"replies":[{"embeddable":true,"href":"https:\/\/www.toys4vip.com\/fr\/wp-json\/wp\/v2\/comments?post=448"}],"wp:featuredmedia":[{"embeddable":true,"href":"https:\/\/www.toys4vip.com\/fr\/wp-json\/wp\/v2\/media\/446"}],"wp:attachment":[{"href":"https:\/\/www.toys4vip.com\/fr\/wp-json\/wp\/v2\/media?parent=448"}],"wp:term":[{"taxonomy":"product_cat","embeddable":true,"href":"https:\/\/www.toys4vip.com\/fr\/wp-json\/wp\/v2\/product_cat?post=448"},{"taxonomy":"product_tag","embeddable":true,"href":"https:\/\/www.toys4vip.com\/fr\/wp-json\/wp\/v2\/product_tag?post=448"}],"curies":[{"name":"wp","href":"https:\/\/api.w.org\/{rel}","templated":true}]}}