{"id":445,"date":"2021-11-02T10:20:04","date_gmt":"2021-11-02T10:20:04","guid":{"rendered":"https:\/\/toys4vip.com\/produit\/la-malle-arcade\/"},"modified":"2021-11-18T18:09:11","modified_gmt":"2021-11-18T17:09:11","slug":"la-malle-arcade","status":"publish","type":"product","link":"https:\/\/www.toys4vip.com\/fr\/luxury-toy\/la-malle-arcade\/7\/","title":{"rendered":"La Malle Arcade"},"content":{"rendered":"<p>La malle Arcade PS est donc une sorte de bijou de luxe pour nous autres geeks puisqu\u2019elle int\u00e8gre un \u00e9cran plat Sony de 55\u2033, un syst\u00e8me son avec une puissance de 1800W, 14 jeux, 8 PS Move, 4 DualShock, 2 pistolets, 2 micros, 4 buzzers, 1 PS Eye, une t\u00e9l\u00e9commande universelle Logitech, une commande de jeux avec deux sticks arcade, le tout int\u00e9gr\u00e9 dans une malle.<br \/>\n3 \u00e0 6 mois pour la livraison !<\/p>\n","protected":false},"excerpt":{"rendered":"<p>La malle Arcade PS est donc une sorte de bijou de luxe pour nous autres geeks puisqu\u2019elle int\u00e8gre un \u00e9cran plat Sony de 55\u2033, un syst\u00e8me son avec une puissance de 1800W, 14 jeux, 8 PS Move, 4 DualShock, 2 pistolets, 2 micros, 4 buzzers, 1 PS Eye, une t\u00e9l\u00e9commande universelle Logitech, une commande de [&hellip;]<\/p>\n","protected":false},"featured_media":443,"comment_status":"open","ping_status":"closed","template":"","meta":[],"product_cat":[33],"product_tag":[],"yoast_head":"<!-- This site is optimized with the Yoast SEO plugin v17.4 - https:\/\/yoast.com\/wordpress\/plugins\/seo\/ -->\n<title>La Malle Arcade - Toys4Vip<\/title>\n<meta name=\"description\" content=\"La malle Arcade PS est donc une sorte de bijou de luxe pour nous autres geeks puisqu\u2019elle int\u00e8gre un \u00e9cran plat Sony de 55\u2033, un syst\u00e8me son avec une puissance de 1800W, 14 jeux, 8 PS Move, 4 DualShock, 2 pistolets, 2 micros, 4 buzzers, 1 PS Eye, une t\u00e9l\u00e9commande universelle Logitech, une commande de jeux avec deux sticks arcade, le tout int\u00e9gr\u00e9 dans une malle.3 \u00e0 6 mois pour la livraison !\" \/>\n<meta name=\"robots\" content=\"index, follow, max-snippet:-1, max-image-preview:large, max-video-preview:-1\" \/>\n<link rel=\"canonical\" href=\"https:\/\/www.toys4vip.com\/fr\/luxury-toy\/la-malle-arcade\/7\/\" \/>\n<meta property=\"og:locale\" content=\"fr_FR\" \/>\n<meta property=\"og:type\" content=\"article\" \/>\n<meta property=\"og:title\" content=\"La Malle Arcade - Toys4Vip\" \/>\n<meta property=\"og:description\" content=\"La malle Arcade PS est donc une sorte de bijou de luxe pour nous autres geeks puisqu\u2019elle int\u00e8gre un \u00e9cran plat Sony de 55\u2033, un syst\u00e8me son avec une puissance de 1800W, 14 jeux, 8 PS Move, 4 DualShock, 2 pistolets, 2 micros, 4 buzzers, 1 PS Eye, une t\u00e9l\u00e9commande universelle Logitech, une commande de jeux avec deux sticks arcade, le tout int\u00e9gr\u00e9 dans une malle.3 \u00e0 6 mois pour la livraison !\" \/>\n<meta property=\"og:url\" content=\"https:\/\/www.toys4vip.com\/fr\/luxury-toy\/la-malle-arcade\/7\/\" \/>\n<meta property=\"og:site_name\" content=\"Toys4Vip\" \/>\n<meta property=\"article:modified_time\" content=\"2021-11-18T17:09:11+00:00\" \/>\n<meta property=\"og:image\" content=\"https:\/\/www.toys4vip.com\/app\/uploads\/2021\/11\/main-6.jpg\" \/>\n\t<meta property=\"og:image:width\" content=\"760\" \/>\n\t<meta property=\"og:image:height\" content=\"1302\" \/>\n<meta name=\"twitter:card\" content=\"summary_large_image\" \/>\n<script type=\"application\/ld+json\" class=\"yoast-schema-graph\">{\"@context\":\"https:\/\/schema.org\",\"@graph\":[{\"@type\":\"WebSite\",\"@id\":\"https:\/\/www.toys4vip.com\/fr\/#website\",\"url\":\"https:\/\/www.toys4vip.com\/fr\/\",\"name\":\"Toys4Vip\",\"description\":\"Jouets de luxe nouveau concept store\",\"potentialAction\":[{\"@type\":\"SearchAction\",\"target\":{\"@type\":\"EntryPoint\",\"urlTemplate\":\"https:\/\/www.toys4vip.com\/fr\/?s={search_term_string}\"},\"query-input\":\"required name=search_term_string\"}],\"inLanguage\":\"fr-FR\"},{\"@type\":\"ImageObject\",\"@id\":\"https:\/\/www.toys4vip.com\/fr\/luxury-toy\/la-malle-arcade\/7\/#primaryimage\",\"inLanguage\":\"fr-FR\",\"url\":\"https:\/\/www.toys4vip.com\/app\/uploads\/2021\/11\/main-6.jpg\",\"contentUrl\":\"https:\/\/www.toys4vip.com\/app\/uploads\/2021\/11\/main-6.jpg\",\"width\":760,\"height\":1302},{\"@type\":\"WebPage\",\"@id\":\"https:\/\/www.toys4vip.com\/fr\/luxury-toy\/la-malle-arcade\/7\/#webpage\",\"url\":\"https:\/\/www.toys4vip.com\/fr\/luxury-toy\/la-malle-arcade\/7\/\",\"name\":\"La Malle Arcade - Toys4Vip\",\"isPartOf\":{\"@id\":\"https:\/\/www.toys4vip.com\/fr\/#website\"},\"primaryImageOfPage\":{\"@id\":\"https:\/\/www.toys4vip.com\/fr\/luxury-toy\/la-malle-arcade\/7\/#primaryimage\"},\"datePublished\":\"2021-11-02T10:20:04+00:00\",\"dateModified\":\"2021-11-18T17:09:11+00:00\",\"description\":\"La malle Arcade PS est donc une sorte de bijou de luxe pour nous autres geeks puisqu\\u2019elle int\\u00e8gre un \\u00e9cran plat Sony de 55\\u2033, un syst\\u00e8me son avec une puissance de 1800W, 14 jeux, 8 PS Move, 4 DualShock, 2 pistolets, 2 micros, 4 buzzers, 1 PS Eye, une t\\u00e9l\\u00e9commande universelle Logitech, une commande de jeux avec deux sticks arcade, le tout int\\u00e9gr\\u00e9 dans une malle.3 \\u00e0 6 mois pour la livraison !\",\"breadcrumb\":{\"@id\":\"https:\/\/www.toys4vip.com\/fr\/luxury-toy\/la-malle-arcade\/7\/#breadcrumb\"},\"inLanguage\":\"fr-FR\",\"potentialAction\":[{\"@type\":\"ReadAction\",\"target\":[\"https:\/\/www.toys4vip.com\/fr\/luxury-toy\/la-malle-arcade\/7\/\"]}]},{\"@type\":\"BreadcrumbList\",\"@id\":\"https:\/\/www.toys4vip.com\/fr\/luxury-toy\/la-malle-arcade\/7\/#breadcrumb\",\"itemListElement\":[{\"@type\":\"ListItem\",\"position\":1,\"name\":\"Home\",\"item\":\"https:\/\/www.toys4vip.com\/fr\/\"},{\"@type\":\"ListItem\",\"position\":2,\"name\":\"Objets \/ Cat\\u00e9gories\",\"item\":\"https:\/\/www.toys4vip.com\/fr\/luxury-toys\/\"},{\"@type\":\"ListItem\",\"position\":3,\"name\":\"La Malle Arcade\"}]}]}<\/script>\n<!-- \/ Yoast SEO plugin. -->","yoast_head_json":{"title":"La Malle Arcade - Toys4Vip","description":"La malle Arcade PS est donc une sorte de bijou de luxe pour nous autres geeks puisqu\u2019elle int\u00e8gre un \u00e9cran plat Sony de 55\u2033, un syst\u00e8me son avec une puissance de 1800W, 14 jeux, 8 PS Move, 4 DualShock, 2 pistolets, 2 micros, 4 buzzers, 1 PS Eye, une t\u00e9l\u00e9commande universelle Logitech, une commande de jeux avec deux sticks arcade, le tout int\u00e9gr\u00e9 dans une malle.3 \u00e0 6 mois pour la livraison !","robots":{"index":"index","follow":"follow","max-snippet":"max-snippet:-1","max-image-preview":"max-image-preview:large","max-video-preview":"max-video-preview:-1"},"canonical":"https:\/\/www.toys4vip.com\/fr\/luxury-toy\/la-malle-arcade\/7\/","og_locale":"fr_FR","og_type":"article","og_title":"La Malle Arcade - Toys4Vip","og_description":"La malle Arcade PS est donc une sorte de bijou de luxe pour nous autres geeks puisqu\u2019elle int\u00e8gre un \u00e9cran plat Sony de 55\u2033, un syst\u00e8me son avec une puissance de 1800W, 14 jeux, 8 PS Move, 4 DualShock, 2 pistolets, 2 micros, 4 buzzers, 1 PS Eye, une t\u00e9l\u00e9commande universelle Logitech, une commande de jeux avec deux sticks arcade, le tout int\u00e9gr\u00e9 dans une malle.3 \u00e0 6 mois pour la livraison !","og_url":"https:\/\/www.toys4vip.com\/fr\/luxury-toy\/la-malle-arcade\/7\/","og_site_name":"Toys4Vip","article_modified_time":"2021-11-18T17:09:11+00:00","og_image":[{"width":760,"height":1302,"url":"https:\/\/www.toys4vip.com\/app\/uploads\/2021\/11\/main-6.jpg","type":"image\/jpeg"}],"twitter_card":"summary_large_image","schema":{"@context":"https:\/\/schema.org","@graph":[{"@type":"WebSite","@id":"https:\/\/www.toys4vip.com\/fr\/#website","url":"https:\/\/www.toys4vip.com\/fr\/","name":"Toys4Vip","description":"Jouets de luxe nouveau concept store","potentialAction":[{"@type":"SearchAction","target":{"@type":"EntryPoint","urlTemplate":"https:\/\/www.toys4vip.com\/fr\/?s={search_term_string}"},"query-input":"required name=search_term_string"}],"inLanguage":"fr-FR"},{"@type":"ImageObject","@id":"https:\/\/www.toys4vip.com\/fr\/luxury-toy\/la-malle-arcade\/7\/#primaryimage","inLanguage":"fr-FR","url":"https:\/\/www.toys4vip.com\/app\/uploads\/2021\/11\/main-6.jpg","contentUrl":"https:\/\/www.toys4vip.com\/app\/uploads\/2021\/11\/main-6.jpg","width":760,"height":1302},{"@type":"WebPage","@id":"https:\/\/www.toys4vip.com\/fr\/luxury-toy\/la-malle-arcade\/7\/#webpage","url":"https:\/\/www.toys4vip.com\/fr\/luxury-toy\/la-malle-arcade\/7\/","name":"La Malle Arcade - Toys4Vip","isPartOf":{"@id":"https:\/\/www.toys4vip.com\/fr\/#website"},"primaryImageOfPage":{"@id":"https:\/\/www.toys4vip.com\/fr\/luxury-toy\/la-malle-arcade\/7\/#primaryimage"},"datePublished":"2021-11-02T10:20:04+00:00","dateModified":"2021-11-18T17:09:11+00:00","description":"La malle Arcade PS est donc une sorte de bijou de luxe pour nous autres geeks puisqu\u2019elle int\u00e8gre un \u00e9cran plat Sony de 55\u2033, un syst\u00e8me son avec une puissance de 1800W, 14 jeux, 8 PS Move, 4 DualShock, 2 pistolets, 2 micros, 4 buzzers, 1 PS Eye, une t\u00e9l\u00e9commande universelle Logitech, une commande de jeux avec deux sticks arcade, le tout int\u00e9gr\u00e9 dans une malle.3 \u00e0 6 mois pour la livraison !","breadcrumb":{"@id":"https:\/\/www.toys4vip.com\/fr\/luxury-toy\/la-malle-arcade\/7\/#breadcrumb"},"inLanguage":"fr-FR","potentialAction":[{"@type":"ReadAction","target":["https:\/\/www.toys4vip.com\/fr\/luxury-toy\/la-malle-arcade\/7\/"]}]},{"@type":"BreadcrumbList","@id":"https:\/\/www.toys4vip.com\/fr\/luxury-toy\/la-malle-arcade\/7\/#breadcrumb","itemListElement":[{"@type":"ListItem","position":1,"name":"Home","item":"https:\/\/www.toys4vip.com\/fr\/"},{"@type":"ListItem","position":2,"name":"Objets \/ Cat\u00e9gories","item":"https:\/\/www.toys4vip.com\/fr\/luxury-toys\/"},{"@type":"ListItem","position":3,"name":"La Malle Arcade"}]}]}},"_links":{"self":[{"href":"https:\/\/www.toys4vip.com\/fr\/wp-json\/wp\/v2\/product\/445"}],"collection":[{"href":"https:\/\/www.toys4vip.com\/fr\/wp-json\/wp\/v2\/product"}],"about":[{"href":"https:\/\/www.toys4vip.com\/fr\/wp-json\/wp\/v2\/types\/product"}],"replies":[{"embeddable":true,"href":"https:\/\/www.toys4vip.com\/fr\/wp-json\/wp\/v2\/comments?post=445"}],"wp:featuredmedia":[{"embeddable":true,"href":"https:\/\/www.toys4vip.com\/fr\/wp-json\/wp\/v2\/media\/443"}],"wp:attachment":[{"href":"https:\/\/www.toys4vip.com\/fr\/wp-json\/wp\/v2\/media?parent=445"}],"wp:term":[{"taxonomy":"product_cat","embeddable":true,"href":"https:\/\/www.toys4vip.com\/fr\/wp-json\/wp\/v2\/product_cat?post=445"},{"taxonomy":"product_tag","embeddable":true,"href":"https:\/\/www.toys4vip.com\/fr\/wp-json\/wp\/v2\/product_tag?post=445"}],"curies":[{"name":"wp","href":"https:\/\/api.w.org\/{rel}","templated":true}]}}