{"id":442,"date":"2021-11-02T10:20:04","date_gmt":"2021-11-02T10:20:04","guid":{"rendered":"https:\/\/toys4vip.com\/produit\/the-brooklyn-bike\/"},"modified":"2021-11-13T11:27:55","modified_gmt":"2021-11-13T11:27:55","slug":"the-brooklyn-bike","status":"publish","type":"product","link":"https:\/\/www.toys4vip.com\/fr\/luxury-toy\/the-brooklyn-bike\/6\/","title":{"rendered":"The Brooklyn Bike"},"content":{"rendered":"<p>Pharrell Williams qui avait d\u00e9j\u00e0 collabor\u00e9 avec Louis Vuitton pour la collection de bijoux \u00ab\u00a0Blason\u00a0\u00bb, et signe aujourd&rsquo;hui un v\u00e9lo in\u00e9dit issu de la firme The Brooklyn Bike. Sa passion pour les v\u00e9los utilis\u00e9s par les coursiers New-Yorkais l&rsquo;am\u00e8ne \u00e0 travailler sur ce mod\u00e8le enti\u00e8rement gain\u00e9 de cuir de buffle d&rsquo;eau. Paire de mitaines offerte (cuir assorti \u00e0 la couleur du v\u00e9lo).<\/p>\n","protected":false},"excerpt":{"rendered":"<p>Pharrell Williams qui avait d\u00e9j\u00e0 collabor\u00e9 avec Louis Vuitton pour la collection de bijoux \u00ab\u00a0Blason\u00a0\u00bb, et signe aujourd&rsquo;hui un v\u00e9lo in\u00e9dit issu de la firme The Brooklyn Bike. Sa passion pour les v\u00e9los utilis\u00e9s par les coursiers New-Yorkais l&rsquo;am\u00e8ne \u00e0 travailler sur ce mod\u00e8le enti\u00e8rement gain\u00e9 de cuir de buffle d&rsquo;eau. Paire de mitaines offerte [&hellip;]<\/p>\n","protected":false},"featured_media":440,"comment_status":"open","ping_status":"closed","template":"","meta":[],"product_cat":[33],"product_tag":[],"yoast_head":"<!-- This site is optimized with the Yoast SEO plugin v17.4 - https:\/\/yoast.com\/wordpress\/plugins\/seo\/ -->\n<title>The Brooklyn Bike - Toys4Vip<\/title>\n<meta name=\"description\" content=\"Pharrell Williams qui avait d\u00e9j\u00e0 collabor\u00e9 avec Louis Vuitton pour la collection de bijoux &quot;Blason&quot;, et signe aujourd&#039;hui un v\u00e9lo in\u00e9dit issu de la firme The Brooklyn Bike. Sa passion pour les v\u00e9los utilis\u00e9s par les coursiers New-Yorkais l&#039;am\u00e8ne \u00e0 travailler sur ce mod\u00e8le enti\u00e8rement gain\u00e9 de cuir de buffle d&#039;eau. Paire de mitaines offerte (cuir assorti \u00e0 la couleur du v\u00e9lo).\" \/>\n<meta name=\"robots\" content=\"index, follow, max-snippet:-1, max-image-preview:large, max-video-preview:-1\" \/>\n<link rel=\"canonical\" href=\"https:\/\/www.toys4vip.com\/fr\/luxury-toy\/the-brooklyn-bike\/6\/\" \/>\n<meta property=\"og:locale\" content=\"fr_FR\" \/>\n<meta property=\"og:type\" content=\"article\" \/>\n<meta property=\"og:title\" content=\"The Brooklyn Bike - Toys4Vip\" \/>\n<meta property=\"og:description\" content=\"Pharrell Williams qui avait d\u00e9j\u00e0 collabor\u00e9 avec Louis Vuitton pour la collection de bijoux &quot;Blason&quot;, et signe aujourd&#039;hui un v\u00e9lo in\u00e9dit issu de la firme The Brooklyn Bike. Sa passion pour les v\u00e9los utilis\u00e9s par les coursiers New-Yorkais l&#039;am\u00e8ne \u00e0 travailler sur ce mod\u00e8le enti\u00e8rement gain\u00e9 de cuir de buffle d&#039;eau. Paire de mitaines offerte (cuir assorti \u00e0 la couleur du v\u00e9lo).\" \/>\n<meta property=\"og:url\" content=\"https:\/\/www.toys4vip.com\/fr\/luxury-toy\/the-brooklyn-bike\/6\/\" \/>\n<meta property=\"og:site_name\" content=\"Toys4Vip\" \/>\n<meta property=\"article:modified_time\" content=\"2021-11-13T11:27:55+00:00\" \/>\n<meta property=\"og:image\" content=\"https:\/\/www.toys4vip.com\/app\/uploads\/2021\/11\/main-5-scaled.jpg\" \/>\n\t<meta property=\"og:image:width\" content=\"2560\" \/>\n\t<meta property=\"og:image:height\" content=\"1707\" \/>\n<meta name=\"twitter:card\" content=\"summary_large_image\" \/>\n<script type=\"application\/ld+json\" class=\"yoast-schema-graph\">{\"@context\":\"https:\/\/schema.org\",\"@graph\":[{\"@type\":\"WebSite\",\"@id\":\"https:\/\/www.toys4vip.com\/fr\/#website\",\"url\":\"https:\/\/www.toys4vip.com\/fr\/\",\"name\":\"Toys4Vip\",\"description\":\"Jouets de luxe nouveau concept store\",\"potentialAction\":[{\"@type\":\"SearchAction\",\"target\":{\"@type\":\"EntryPoint\",\"urlTemplate\":\"https:\/\/www.toys4vip.com\/fr\/?s={search_term_string}\"},\"query-input\":\"required name=search_term_string\"}],\"inLanguage\":\"fr-FR\"},{\"@type\":\"ImageObject\",\"@id\":\"https:\/\/www.toys4vip.com\/fr\/luxury-toy\/the-brooklyn-bike\/6\/#primaryimage\",\"inLanguage\":\"fr-FR\",\"url\":\"https:\/\/www.toys4vip.com\/app\/uploads\/2021\/11\/main-5-scaled.jpg\",\"contentUrl\":\"https:\/\/www.toys4vip.com\/app\/uploads\/2021\/11\/main-5-scaled.jpg\",\"width\":2560,\"height\":1707},{\"@type\":\"WebPage\",\"@id\":\"https:\/\/www.toys4vip.com\/fr\/luxury-toy\/the-brooklyn-bike\/6\/#webpage\",\"url\":\"https:\/\/www.toys4vip.com\/fr\/luxury-toy\/the-brooklyn-bike\/6\/\",\"name\":\"The Brooklyn Bike - Toys4Vip\",\"isPartOf\":{\"@id\":\"https:\/\/www.toys4vip.com\/fr\/#website\"},\"primaryImageOfPage\":{\"@id\":\"https:\/\/www.toys4vip.com\/fr\/luxury-toy\/the-brooklyn-bike\/6\/#primaryimage\"},\"datePublished\":\"2021-11-02T10:20:04+00:00\",\"dateModified\":\"2021-11-13T11:27:55+00:00\",\"description\":\"Pharrell Williams qui avait d\\u00e9j\\u00e0 collabor\\u00e9 avec Louis Vuitton pour la collection de bijoux \\\"Blason\\\", et signe aujourd'hui un v\\u00e9lo in\\u00e9dit issu de la firme The Brooklyn Bike. Sa passion pour les v\\u00e9los utilis\\u00e9s par les coursiers New-Yorkais l'am\\u00e8ne \\u00e0 travailler sur ce mod\\u00e8le enti\\u00e8rement gain\\u00e9 de cuir de buffle d'eau. Paire de mitaines offerte (cuir assorti \\u00e0 la couleur du v\\u00e9lo).\",\"breadcrumb\":{\"@id\":\"https:\/\/www.toys4vip.com\/fr\/luxury-toy\/the-brooklyn-bike\/6\/#breadcrumb\"},\"inLanguage\":\"fr-FR\",\"potentialAction\":[{\"@type\":\"ReadAction\",\"target\":[\"https:\/\/www.toys4vip.com\/fr\/luxury-toy\/the-brooklyn-bike\/6\/\"]}]},{\"@type\":\"BreadcrumbList\",\"@id\":\"https:\/\/www.toys4vip.com\/fr\/luxury-toy\/the-brooklyn-bike\/6\/#breadcrumb\",\"itemListElement\":[{\"@type\":\"ListItem\",\"position\":1,\"name\":\"Home\",\"item\":\"https:\/\/www.toys4vip.com\/fr\/\"},{\"@type\":\"ListItem\",\"position\":2,\"name\":\"Objets \/ Cat\\u00e9gories\",\"item\":\"https:\/\/www.toys4vip.com\/fr\/luxury-toys\/\"},{\"@type\":\"ListItem\",\"position\":3,\"name\":\"The Brooklyn Bike\"}]}]}<\/script>\n<!-- \/ Yoast SEO plugin. -->","yoast_head_json":{"title":"The Brooklyn Bike - Toys4Vip","description":"Pharrell Williams qui avait d\u00e9j\u00e0 collabor\u00e9 avec Louis Vuitton pour la collection de bijoux \"Blason\", et signe aujourd'hui un v\u00e9lo in\u00e9dit issu de la firme The Brooklyn Bike. Sa passion pour les v\u00e9los utilis\u00e9s par les coursiers New-Yorkais l'am\u00e8ne \u00e0 travailler sur ce mod\u00e8le enti\u00e8rement gain\u00e9 de cuir de buffle d'eau. Paire de mitaines offerte (cuir assorti \u00e0 la couleur du v\u00e9lo).","robots":{"index":"index","follow":"follow","max-snippet":"max-snippet:-1","max-image-preview":"max-image-preview:large","max-video-preview":"max-video-preview:-1"},"canonical":"https:\/\/www.toys4vip.com\/fr\/luxury-toy\/the-brooklyn-bike\/6\/","og_locale":"fr_FR","og_type":"article","og_title":"The Brooklyn Bike - Toys4Vip","og_description":"Pharrell Williams qui avait d\u00e9j\u00e0 collabor\u00e9 avec Louis Vuitton pour la collection de bijoux \"Blason\", et signe aujourd'hui un v\u00e9lo in\u00e9dit issu de la firme The Brooklyn Bike. Sa passion pour les v\u00e9los utilis\u00e9s par les coursiers New-Yorkais l'am\u00e8ne \u00e0 travailler sur ce mod\u00e8le enti\u00e8rement gain\u00e9 de cuir de buffle d'eau. Paire de mitaines offerte (cuir assorti \u00e0 la couleur du v\u00e9lo).","og_url":"https:\/\/www.toys4vip.com\/fr\/luxury-toy\/the-brooklyn-bike\/6\/","og_site_name":"Toys4Vip","article_modified_time":"2021-11-13T11:27:55+00:00","og_image":[{"width":2560,"height":1707,"url":"https:\/\/www.toys4vip.com\/app\/uploads\/2021\/11\/main-5-scaled.jpg","type":"image\/jpeg"}],"twitter_card":"summary_large_image","schema":{"@context":"https:\/\/schema.org","@graph":[{"@type":"WebSite","@id":"https:\/\/www.toys4vip.com\/fr\/#website","url":"https:\/\/www.toys4vip.com\/fr\/","name":"Toys4Vip","description":"Jouets de luxe nouveau concept store","potentialAction":[{"@type":"SearchAction","target":{"@type":"EntryPoint","urlTemplate":"https:\/\/www.toys4vip.com\/fr\/?s={search_term_string}"},"query-input":"required name=search_term_string"}],"inLanguage":"fr-FR"},{"@type":"ImageObject","@id":"https:\/\/www.toys4vip.com\/fr\/luxury-toy\/the-brooklyn-bike\/6\/#primaryimage","inLanguage":"fr-FR","url":"https:\/\/www.toys4vip.com\/app\/uploads\/2021\/11\/main-5-scaled.jpg","contentUrl":"https:\/\/www.toys4vip.com\/app\/uploads\/2021\/11\/main-5-scaled.jpg","width":2560,"height":1707},{"@type":"WebPage","@id":"https:\/\/www.toys4vip.com\/fr\/luxury-toy\/the-brooklyn-bike\/6\/#webpage","url":"https:\/\/www.toys4vip.com\/fr\/luxury-toy\/the-brooklyn-bike\/6\/","name":"The Brooklyn Bike - Toys4Vip","isPartOf":{"@id":"https:\/\/www.toys4vip.com\/fr\/#website"},"primaryImageOfPage":{"@id":"https:\/\/www.toys4vip.com\/fr\/luxury-toy\/the-brooklyn-bike\/6\/#primaryimage"},"datePublished":"2021-11-02T10:20:04+00:00","dateModified":"2021-11-13T11:27:55+00:00","description":"Pharrell Williams qui avait d\u00e9j\u00e0 collabor\u00e9 avec Louis Vuitton pour la collection de bijoux \"Blason\", et signe aujourd'hui un v\u00e9lo in\u00e9dit issu de la firme The Brooklyn Bike. Sa passion pour les v\u00e9los utilis\u00e9s par les coursiers New-Yorkais l'am\u00e8ne \u00e0 travailler sur ce mod\u00e8le enti\u00e8rement gain\u00e9 de cuir de buffle d'eau. Paire de mitaines offerte (cuir assorti \u00e0 la couleur du v\u00e9lo).","breadcrumb":{"@id":"https:\/\/www.toys4vip.com\/fr\/luxury-toy\/the-brooklyn-bike\/6\/#breadcrumb"},"inLanguage":"fr-FR","potentialAction":[{"@type":"ReadAction","target":["https:\/\/www.toys4vip.com\/fr\/luxury-toy\/the-brooklyn-bike\/6\/"]}]},{"@type":"BreadcrumbList","@id":"https:\/\/www.toys4vip.com\/fr\/luxury-toy\/the-brooklyn-bike\/6\/#breadcrumb","itemListElement":[{"@type":"ListItem","position":1,"name":"Home","item":"https:\/\/www.toys4vip.com\/fr\/"},{"@type":"ListItem","position":2,"name":"Objets \/ Cat\u00e9gories","item":"https:\/\/www.toys4vip.com\/fr\/luxury-toys\/"},{"@type":"ListItem","position":3,"name":"The Brooklyn Bike"}]}]}},"_links":{"self":[{"href":"https:\/\/www.toys4vip.com\/fr\/wp-json\/wp\/v2\/product\/442"}],"collection":[{"href":"https:\/\/www.toys4vip.com\/fr\/wp-json\/wp\/v2\/product"}],"about":[{"href":"https:\/\/www.toys4vip.com\/fr\/wp-json\/wp\/v2\/types\/product"}],"replies":[{"embeddable":true,"href":"https:\/\/www.toys4vip.com\/fr\/wp-json\/wp\/v2\/comments?post=442"}],"wp:featuredmedia":[{"embeddable":true,"href":"https:\/\/www.toys4vip.com\/fr\/wp-json\/wp\/v2\/media\/440"}],"wp:attachment":[{"href":"https:\/\/www.toys4vip.com\/fr\/wp-json\/wp\/v2\/media?parent=442"}],"wp:term":[{"taxonomy":"product_cat","embeddable":true,"href":"https:\/\/www.toys4vip.com\/fr\/wp-json\/wp\/v2\/product_cat?post=442"},{"taxonomy":"product_tag","embeddable":true,"href":"https:\/\/www.toys4vip.com\/fr\/wp-json\/wp\/v2\/product_tag?post=442"}],"curies":[{"name":"wp","href":"https:\/\/api.w.org\/{rel}","templated":true}]}}