{"id":4300,"date":"2024-11-05T11:49:05","date_gmt":"2024-11-05T10:49:05","guid":{"rendered":"https:\/\/www.toys4vip.com\/?post_type=product&#038;p=4300"},"modified":"2024-11-05T11:49:05","modified_gmt":"2024-11-05T10:49:05","slug":"laeroglisseur-volant-2","status":"publish","type":"product","link":"https:\/\/www.toys4vip.com\/fr\/luxury-toy\/laeroglisseur-volant-2\/","title":{"rendered":"L&rsquo;a\u00e9roglisseur volant"},"content":{"rendered":"<p>Le SHARK XRw Hoverwing et le SHARK XR Hovercraft sont les v\u00e9hicules les plus excitants que vous puissiez acheter. Le SHARK XR est l&rsquo;un des a\u00e9roglisseurs personnels les plus beaux, les plus puissants et les mieux \u00e9quip\u00e9s du march\u00e9, avec un design exceptionnel qui suit les fonctions et les performances. Le SHARK XRw Hoverwing n\u00e9cessite qu&rsquo;un permis de navigation de plaisance.<\/p>\n<p>Une innovation qui va red\u00e9finir vos d\u00e9placements ! Exclusivement propos\u00e9 Toys4Vip aux \u00c9mirats arabes unis. Gr\u00e2ce \u00e0 une technologie de pointe, cet a\u00e9roglisseur vous permet de survoler les terrains difficiles, tout en offrant une conduite stable et confortable \u00e0 basse altitude.<\/p>\n<p>Ce produit unique en son genre est disponible en avant-premi\u00e8re, et vous saurez vous d\u00e9marquer en le poss\u00e9dant.<\/p>\n","protected":false},"excerpt":{"rendered":"<p>Le SHARK XRw Hoverwing et le SHARK XR Hovercraft sont les v\u00e9hicules les plus excitants que vous puissiez acheter. Le SHARK XR est l&rsquo;un des a\u00e9roglisseurs personnels les plus beaux, les plus puissants et les mieux \u00e9quip\u00e9s du march\u00e9, avec un design exceptionnel qui suit les fonctions et les performances. Le SHARK XRw Hoverwing n\u00e9cessite [&hellip;]<\/p>\n","protected":false},"featured_media":4302,"comment_status":"open","ping_status":"closed","template":"","meta":[],"product_cat":[26,86],"product_tag":[],"yoast_head":"<!-- This site is optimized with the Yoast SEO plugin v17.4 - https:\/\/yoast.com\/wordpress\/plugins\/seo\/ -->\n<title>L&#039;a\u00e9roglisseur volant - Toys4Vip<\/title>\n<meta name=\"robots\" content=\"index, follow, max-snippet:-1, max-image-preview:large, max-video-preview:-1\" \/>\n<link rel=\"canonical\" href=\"https:\/\/www.toys4vip.com\/fr\/luxury-toy\/laeroglisseur-volant-2\/\" \/>\n<meta property=\"og:locale\" content=\"fr_FR\" \/>\n<meta property=\"og:type\" content=\"article\" \/>\n<meta property=\"og:title\" content=\"L&#039;a\u00e9roglisseur volant - Toys4Vip\" \/>\n<meta property=\"og:description\" content=\"Le SHARK XRw Hoverwing et le SHARK XR Hovercraft sont les v\u00e9hicules les plus excitants que vous puissiez acheter. Le SHARK XR est l&rsquo;un des a\u00e9roglisseurs personnels les plus beaux, les plus puissants et les mieux \u00e9quip\u00e9s du march\u00e9, avec un design exceptionnel qui suit les fonctions et les performances. Le SHARK XRw Hoverwing n\u00e9cessite [&hellip;]\" \/>\n<meta property=\"og:url\" content=\"https:\/\/www.toys4vip.com\/fr\/luxury-toy\/laeroglisseur-volant-2\/\" \/>\n<meta property=\"og:site_name\" content=\"Toys4Vip\" \/>\n<meta name=\"twitter:card\" content=\"summary_large_image\" \/>\n<meta name=\"twitter:image\" content=\"https:\/\/www.toys4vip.com\/app\/uploads\/2024\/11\/2.webp\" \/>\n<meta name=\"twitter:label1\" content=\"Dur\u00e9e de lecture est.\" \/>\n\t<meta name=\"twitter:data1\" content=\"1 minute\" \/>\n<script type=\"application\/ld+json\" class=\"yoast-schema-graph\">{\"@context\":\"https:\/\/schema.org\",\"@graph\":[{\"@type\":\"WebSite\",\"@id\":\"https:\/\/www.toys4vip.com\/fr\/#website\",\"url\":\"https:\/\/www.toys4vip.com\/fr\/\",\"name\":\"Toys4Vip\",\"description\":\"Jouets de luxe nouveau concept store\",\"potentialAction\":[{\"@type\":\"SearchAction\",\"target\":{\"@type\":\"EntryPoint\",\"urlTemplate\":\"https:\/\/www.toys4vip.com\/fr\/?s={search_term_string}\"},\"query-input\":\"required name=search_term_string\"}],\"inLanguage\":\"fr-FR\"},{\"@type\":\"ImageObject\",\"@id\":\"https:\/\/www.toys4vip.com\/fr\/luxury-toy\/laeroglisseur-volant-2\/#primaryimage\",\"inLanguage\":\"fr-FR\",\"url\":\"https:\/\/www.toys4vip.com\/app\/uploads\/2024\/11\/2.webp\",\"contentUrl\":\"https:\/\/www.toys4vip.com\/app\/uploads\/2024\/11\/2.webp\",\"width\":900,\"height\":395},{\"@type\":\"WebPage\",\"@id\":\"https:\/\/www.toys4vip.com\/fr\/luxury-toy\/laeroglisseur-volant-2\/#webpage\",\"url\":\"https:\/\/www.toys4vip.com\/fr\/luxury-toy\/laeroglisseur-volant-2\/\",\"name\":\"L'a\\u00e9roglisseur volant - Toys4Vip\",\"isPartOf\":{\"@id\":\"https:\/\/www.toys4vip.com\/fr\/#website\"},\"primaryImageOfPage\":{\"@id\":\"https:\/\/www.toys4vip.com\/fr\/luxury-toy\/laeroglisseur-volant-2\/#primaryimage\"},\"datePublished\":\"2024-11-05T10:49:05+00:00\",\"dateModified\":\"2024-11-05T10:49:05+00:00\",\"breadcrumb\":{\"@id\":\"https:\/\/www.toys4vip.com\/fr\/luxury-toy\/laeroglisseur-volant-2\/#breadcrumb\"},\"inLanguage\":\"fr-FR\",\"potentialAction\":[{\"@type\":\"ReadAction\",\"target\":[\"https:\/\/www.toys4vip.com\/fr\/luxury-toy\/laeroglisseur-volant-2\/\"]}]},{\"@type\":\"BreadcrumbList\",\"@id\":\"https:\/\/www.toys4vip.com\/fr\/luxury-toy\/laeroglisseur-volant-2\/#breadcrumb\",\"itemListElement\":[{\"@type\":\"ListItem\",\"position\":1,\"name\":\"Home\",\"item\":\"https:\/\/www.toys4vip.com\/fr\/\"},{\"@type\":\"ListItem\",\"position\":2,\"name\":\"Objets \/ Cat\\u00e9gories\",\"item\":\"https:\/\/www.toys4vip.com\/fr\/luxury-toys\/\"},{\"@type\":\"ListItem\",\"position\":3,\"name\":\"L&rsquo;a\\u00e9roglisseur volant\"}]}]}<\/script>\n<!-- \/ Yoast SEO plugin. -->","yoast_head_json":{"title":"L'a\u00e9roglisseur volant - Toys4Vip","robots":{"index":"index","follow":"follow","max-snippet":"max-snippet:-1","max-image-preview":"max-image-preview:large","max-video-preview":"max-video-preview:-1"},"canonical":"https:\/\/www.toys4vip.com\/fr\/luxury-toy\/laeroglisseur-volant-2\/","og_locale":"fr_FR","og_type":"article","og_title":"L'a\u00e9roglisseur volant - Toys4Vip","og_description":"Le SHARK XRw Hoverwing et le SHARK XR Hovercraft sont les v\u00e9hicules les plus excitants que vous puissiez acheter. Le SHARK XR est l&rsquo;un des a\u00e9roglisseurs personnels les plus beaux, les plus puissants et les mieux \u00e9quip\u00e9s du march\u00e9, avec un design exceptionnel qui suit les fonctions et les performances. Le SHARK XRw Hoverwing n\u00e9cessite [&hellip;]","og_url":"https:\/\/www.toys4vip.com\/fr\/luxury-toy\/laeroglisseur-volant-2\/","og_site_name":"Toys4Vip","twitter_card":"summary_large_image","twitter_image":"https:\/\/www.toys4vip.com\/app\/uploads\/2024\/11\/2.webp","twitter_misc":{"Dur\u00e9e de lecture est.":"1 minute"},"schema":{"@context":"https:\/\/schema.org","@graph":[{"@type":"WebSite","@id":"https:\/\/www.toys4vip.com\/fr\/#website","url":"https:\/\/www.toys4vip.com\/fr\/","name":"Toys4Vip","description":"Jouets de luxe nouveau concept store","potentialAction":[{"@type":"SearchAction","target":{"@type":"EntryPoint","urlTemplate":"https:\/\/www.toys4vip.com\/fr\/?s={search_term_string}"},"query-input":"required name=search_term_string"}],"inLanguage":"fr-FR"},{"@type":"ImageObject","@id":"https:\/\/www.toys4vip.com\/fr\/luxury-toy\/laeroglisseur-volant-2\/#primaryimage","inLanguage":"fr-FR","url":"https:\/\/www.toys4vip.com\/app\/uploads\/2024\/11\/2.webp","contentUrl":"https:\/\/www.toys4vip.com\/app\/uploads\/2024\/11\/2.webp","width":900,"height":395},{"@type":"WebPage","@id":"https:\/\/www.toys4vip.com\/fr\/luxury-toy\/laeroglisseur-volant-2\/#webpage","url":"https:\/\/www.toys4vip.com\/fr\/luxury-toy\/laeroglisseur-volant-2\/","name":"L'a\u00e9roglisseur volant - Toys4Vip","isPartOf":{"@id":"https:\/\/www.toys4vip.com\/fr\/#website"},"primaryImageOfPage":{"@id":"https:\/\/www.toys4vip.com\/fr\/luxury-toy\/laeroglisseur-volant-2\/#primaryimage"},"datePublished":"2024-11-05T10:49:05+00:00","dateModified":"2024-11-05T10:49:05+00:00","breadcrumb":{"@id":"https:\/\/www.toys4vip.com\/fr\/luxury-toy\/laeroglisseur-volant-2\/#breadcrumb"},"inLanguage":"fr-FR","potentialAction":[{"@type":"ReadAction","target":["https:\/\/www.toys4vip.com\/fr\/luxury-toy\/laeroglisseur-volant-2\/"]}]},{"@type":"BreadcrumbList","@id":"https:\/\/www.toys4vip.com\/fr\/luxury-toy\/laeroglisseur-volant-2\/#breadcrumb","itemListElement":[{"@type":"ListItem","position":1,"name":"Home","item":"https:\/\/www.toys4vip.com\/fr\/"},{"@type":"ListItem","position":2,"name":"Objets \/ Cat\u00e9gories","item":"https:\/\/www.toys4vip.com\/fr\/luxury-toys\/"},{"@type":"ListItem","position":3,"name":"L&rsquo;a\u00e9roglisseur volant"}]}]}},"_links":{"self":[{"href":"https:\/\/www.toys4vip.com\/fr\/wp-json\/wp\/v2\/product\/4300"}],"collection":[{"href":"https:\/\/www.toys4vip.com\/fr\/wp-json\/wp\/v2\/product"}],"about":[{"href":"https:\/\/www.toys4vip.com\/fr\/wp-json\/wp\/v2\/types\/product"}],"replies":[{"embeddable":true,"href":"https:\/\/www.toys4vip.com\/fr\/wp-json\/wp\/v2\/comments?post=4300"}],"wp:featuredmedia":[{"embeddable":true,"href":"https:\/\/www.toys4vip.com\/fr\/wp-json\/wp\/v2\/media\/4302"}],"wp:attachment":[{"href":"https:\/\/www.toys4vip.com\/fr\/wp-json\/wp\/v2\/media?parent=4300"}],"wp:term":[{"taxonomy":"product_cat","embeddable":true,"href":"https:\/\/www.toys4vip.com\/fr\/wp-json\/wp\/v2\/product_cat?post=4300"},{"taxonomy":"product_tag","embeddable":true,"href":"https:\/\/www.toys4vip.com\/fr\/wp-json\/wp\/v2\/product_tag?post=4300"}],"curies":[{"name":"wp","href":"https:\/\/api.w.org\/{rel}","templated":true}]}}