{"id":4257,"date":"2024-08-27T14:17:51","date_gmt":"2024-08-27T12:17:51","guid":{"rendered":"https:\/\/www.toys4vip.com\/?post_type=product&#038;p=4257"},"modified":"2024-08-27T15:46:45","modified_gmt":"2024-08-27T13:46:45","slug":"mercedes-g-falcon","status":"publish","type":"product","link":"https:\/\/www.toys4vip.com\/fr\/luxury-toy\/mercedes-g-falcon\/","title":{"rendered":"Mercedes G-Falcon"},"content":{"rendered":"<p>Carlex Design est toujours pr\u00eat \u00e0 relever de nouveaux d\u00e9fis. Aujourd&rsquo;hui, une occasion unique se pr\u00e9sente d&rsquo;acqu\u00e9rir une collaboration exclusive entre ces artisans d&rsquo;\u00e9lite de la Mercedes Classe G et l&rsquo;armurier le plus renomm\u00e9 au monde, inspir\u00e9e par les traditions de la chasse arabe.<\/p>\n<p>Il est rare que deux pays d&rsquo;Europe du Nord partagent une telle admiration pour le puissant faucon d&rsquo;Arabie. Le su\u00e9dois VO Vapen, connu pour fabriquer les meilleurs fusils de chasse au monde, a visit\u00e9 le monde arabe \u00e0 de nombreuses reprises, et ces rencontres ont suscit\u00e9 une profonde curiosit\u00e9 pour la fauconnerie, donnant naissance \u00e0 un fusil de chasse embl\u00e9matique qui rend hommage non seulement \u00e0 la chasse traditionnelle, mais aussi \u00e0 ces magnifiques oiseaux, v\u00e9ritables ma\u00eetres du ciel. Curieusement, Carlex Design a v\u00e9cu une exp\u00e9rience similaire.<\/p>\n<p>\u00ab L&rsquo;apprentissage de cette fantastique r\u00e9gion du monde et de la fauconnerie a \u00e9t\u00e9 remarquable. Nous avons eu envie de cr\u00e9er quelque chose d&rsquo;extraordinaire autour de cette culture. Il est rare de trouver un artisan qui partage votre vision de l&rsquo;artisanat et de la pr\u00e9cision, et il est encore plus remarquable de d\u00e9couvrir quelqu&rsquo;un qui, comme nous, a consacr\u00e9 des d\u00e9cennies \u00e0 perfectionner son art. Il \u00e9tait naturel que nous nous unissions dans cette collaboration exceptionnelle \u00bb, explique Damian Skotnicki, PDG de Carlex Design.<\/p>\n<p>R\u00e9put\u00e9e pour avoir cr\u00e9\u00e9 les plus belles modifications de style de vie et de collection pour l&#8217;embl\u00e9matique Mercedes Classe G, la soci\u00e9t\u00e9 polonaise Carlex Design a imagin\u00e9 un hommage \u00e0 cette tradition mythique. En explorant cet h\u00e9ritage ancestral, ils ont compris qu&rsquo;ils devaient unir leurs forces \u00e0 celles de leurs homologues scandinaves.<\/p>\n<p>\u00ab Lorsque nous avons r\u00e9alis\u00e9 que nous partagions la m\u00eame inspiration avec la fabrication exceptionnelle d&rsquo;armes \u00e0 feu de VO Vapen, centr\u00e9e sur le m\u00eame th\u00e8me, cela nous a vraiment encourag\u00e9s \u00e0 cr\u00e9er le G-Falcon. Cette voiture unique est une \u0153uvre d&rsquo;art automobile qui rend v\u00e9ritablement hommage \u00e0 cette culture remarquable, ce dont je suis fier. Ensemble, nous avons cr\u00e9\u00e9 un duo de collectionneurs exceptionnel \u00bb, ajoute Damian.<\/p>\n<p>Carlex Design a toujours eu une passion pour la d\u00e9couverte des tr\u00e9sors de la nature &#8211; cuirs rares, m\u00e9t\u00e9orites, m\u00e9taux pr\u00e9cieux, bois uniques &#8211; qui les pousse \u00e0 cr\u00e9er des v\u00e9hicules \u00e9tonnants, \u00e0 la fois fonctionnels et \u00e9vocateurs.<\/p>\n<p>Pendant quatre ans, ils ont transform\u00e9 la G63 AMG en une v\u00e9ritable \u0153uvre de perfection. La pi\u00e8ce ma\u00eetresse est le toit, r\u00e9alis\u00e9 \u00e0 la main, qui pr\u00e9sente des reliefs de faucons complexes, orn\u00e9s de subtiles touches d&rsquo;or sur m\u00e9tal poli &#8211; un m\u00e9lange parfait de luxe et d&rsquo;aventure.<\/p>\n","protected":false},"excerpt":{"rendered":"<p>Carlex Design est toujours pr\u00eat \u00e0 relever de nouveaux d\u00e9fis. Aujourd&rsquo;hui, une occasion unique se pr\u00e9sente d&rsquo;acqu\u00e9rir une collaboration exclusive entre ces artisans d&rsquo;\u00e9lite de la Mercedes Classe G et l&rsquo;armurier le plus renomm\u00e9 au monde, inspir\u00e9e par les traditions de la chasse arabe.<\/p>\n<p>Il est rare que deux pays d&rsquo;Europe du Nord partagent une telle admiration pour le puissant faucon d&rsquo;Arabie. Le su\u00e9dois VO Vapen, connu pour fabriquer les meilleurs fusils de chasse au monde, a visit\u00e9 le monde arabe \u00e0 de nombreuses reprises, et ces rencontres ont suscit\u00e9 une profonde curiosit\u00e9 pour la fauconnerie, donnant naissance \u00e0 un fusil de chasse embl\u00e9matique qui rend hommage non seulement \u00e0 la chasse traditionnelle, mais aussi \u00e0 ces magnifiques oiseaux, v\u00e9ritables ma\u00eetres du ciel. Curieusement, Carlex Design a v\u00e9cu une exp\u00e9rience similaire.<\/p>\n","protected":false},"featured_media":4260,"comment_status":"open","ping_status":"closed","template":"","meta":[],"product_cat":[26,87],"product_tag":[],"yoast_head":"<!-- This site is optimized with the Yoast SEO plugin v17.4 - https:\/\/yoast.com\/wordpress\/plugins\/seo\/ -->\n<title>Mercedes G-Falcon - Toys4Vip<\/title>\n<meta name=\"robots\" content=\"index, follow, max-snippet:-1, max-image-preview:large, max-video-preview:-1\" \/>\n<link rel=\"canonical\" href=\"https:\/\/www.toys4vip.com\/fr\/luxury-toy\/mercedes-g-falcon\/\" \/>\n<meta property=\"og:locale\" content=\"fr_FR\" \/>\n<meta property=\"og:type\" content=\"article\" \/>\n<meta property=\"og:title\" content=\"Mercedes G-Falcon - Toys4Vip\" \/>\n<meta property=\"og:description\" content=\"Carlex Design est toujours pr\u00eat \u00e0 relever de nouveaux d\u00e9fis. Aujourd&#039;hui, une occasion unique se pr\u00e9sente d&#039;acqu\u00e9rir une collaboration exclusive entre ces artisans d&#039;\u00e9lite de la Mercedes Classe G et l&#039;armurier le plus renomm\u00e9 au monde, inspir\u00e9e par les traditions de la chasse arabe.  Il est rare que deux pays d&#039;Europe du Nord partagent une telle admiration pour le puissant faucon d&#039;Arabie. Le su\u00e9dois VO Vapen, connu pour fabriquer les meilleurs fusils de chasse au monde, a visit\u00e9 le monde arabe \u00e0 de nombreuses reprises, et ces rencontres ont suscit\u00e9 une profonde curiosit\u00e9 pour la fauconnerie, donnant naissance \u00e0 un fusil de chasse embl\u00e9matique qui rend hommage non seulement \u00e0 la chasse traditionnelle, mais aussi \u00e0 ces magnifiques oiseaux, v\u00e9ritables ma\u00eetres du ciel. Curieusement, Carlex Design a v\u00e9cu une exp\u00e9rience similaire.\" \/>\n<meta property=\"og:url\" content=\"https:\/\/www.toys4vip.com\/fr\/luxury-toy\/mercedes-g-falcon\/\" \/>\n<meta property=\"og:site_name\" content=\"Toys4Vip\" \/>\n<meta property=\"article:modified_time\" content=\"2024-08-27T13:46:45+00:00\" \/>\n<meta property=\"og:image\" content=\"https:\/\/www.toys4vip.com\/app\/uploads\/2024\/08\/VO-Vapen-Carex-Design-33.jpg\" \/>\n\t<meta property=\"og:image:width\" content=\"1920\" \/>\n\t<meta property=\"og:image:height\" content=\"1080\" \/>\n<meta name=\"twitter:card\" content=\"summary_large_image\" \/>\n<meta name=\"twitter:label1\" content=\"Dur\u00e9e de lecture est.\" \/>\n\t<meta name=\"twitter:data1\" content=\"2 minutes\" \/>\n<script type=\"application\/ld+json\" class=\"yoast-schema-graph\">{\"@context\":\"https:\/\/schema.org\",\"@graph\":[{\"@type\":\"WebSite\",\"@id\":\"https:\/\/www.toys4vip.com\/fr\/#website\",\"url\":\"https:\/\/www.toys4vip.com\/fr\/\",\"name\":\"Toys4Vip\",\"description\":\"Jouets de luxe nouveau concept store\",\"potentialAction\":[{\"@type\":\"SearchAction\",\"target\":{\"@type\":\"EntryPoint\",\"urlTemplate\":\"https:\/\/www.toys4vip.com\/fr\/?s={search_term_string}\"},\"query-input\":\"required name=search_term_string\"}],\"inLanguage\":\"fr-FR\"},{\"@type\":\"ImageObject\",\"@id\":\"https:\/\/www.toys4vip.com\/fr\/luxury-toy\/mercedes-g-falcon\/#primaryimage\",\"inLanguage\":\"fr-FR\",\"url\":\"https:\/\/www.toys4vip.com\/app\/uploads\/2024\/08\/VO-Vapen-Carex-Design-33.jpg\",\"contentUrl\":\"https:\/\/www.toys4vip.com\/app\/uploads\/2024\/08\/VO-Vapen-Carex-Design-33.jpg\",\"width\":1920,\"height\":1080},{\"@type\":\"WebPage\",\"@id\":\"https:\/\/www.toys4vip.com\/fr\/luxury-toy\/mercedes-g-falcon\/#webpage\",\"url\":\"https:\/\/www.toys4vip.com\/fr\/luxury-toy\/mercedes-g-falcon\/\",\"name\":\"Mercedes G-Falcon - Toys4Vip\",\"isPartOf\":{\"@id\":\"https:\/\/www.toys4vip.com\/fr\/#website\"},\"primaryImageOfPage\":{\"@id\":\"https:\/\/www.toys4vip.com\/fr\/luxury-toy\/mercedes-g-falcon\/#primaryimage\"},\"datePublished\":\"2024-08-27T12:17:51+00:00\",\"dateModified\":\"2024-08-27T13:46:45+00:00\",\"breadcrumb\":{\"@id\":\"https:\/\/www.toys4vip.com\/fr\/luxury-toy\/mercedes-g-falcon\/#breadcrumb\"},\"inLanguage\":\"fr-FR\",\"potentialAction\":[{\"@type\":\"ReadAction\",\"target\":[\"https:\/\/www.toys4vip.com\/fr\/luxury-toy\/mercedes-g-falcon\/\"]}]},{\"@type\":\"BreadcrumbList\",\"@id\":\"https:\/\/www.toys4vip.com\/fr\/luxury-toy\/mercedes-g-falcon\/#breadcrumb\",\"itemListElement\":[{\"@type\":\"ListItem\",\"position\":1,\"name\":\"Home\",\"item\":\"https:\/\/www.toys4vip.com\/fr\/\"},{\"@type\":\"ListItem\",\"position\":2,\"name\":\"Objets \/ Cat\\u00e9gories\",\"item\":\"https:\/\/www.toys4vip.com\/fr\/luxury-toys\/\"},{\"@type\":\"ListItem\",\"position\":3,\"name\":\"Mercedes G-Falcon\"}]}]}<\/script>\n<!-- \/ Yoast SEO plugin. -->","yoast_head_json":{"title":"Mercedes G-Falcon - Toys4Vip","robots":{"index":"index","follow":"follow","max-snippet":"max-snippet:-1","max-image-preview":"max-image-preview:large","max-video-preview":"max-video-preview:-1"},"canonical":"https:\/\/www.toys4vip.com\/fr\/luxury-toy\/mercedes-g-falcon\/","og_locale":"fr_FR","og_type":"article","og_title":"Mercedes G-Falcon - Toys4Vip","og_description":"Carlex Design est toujours pr\u00eat \u00e0 relever de nouveaux d\u00e9fis. Aujourd'hui, une occasion unique se pr\u00e9sente d'acqu\u00e9rir une collaboration exclusive entre ces artisans d'\u00e9lite de la Mercedes Classe G et l'armurier le plus renomm\u00e9 au monde, inspir\u00e9e par les traditions de la chasse arabe.  Il est rare que deux pays d'Europe du Nord partagent une telle admiration pour le puissant faucon d'Arabie. Le su\u00e9dois VO Vapen, connu pour fabriquer les meilleurs fusils de chasse au monde, a visit\u00e9 le monde arabe \u00e0 de nombreuses reprises, et ces rencontres ont suscit\u00e9 une profonde curiosit\u00e9 pour la fauconnerie, donnant naissance \u00e0 un fusil de chasse embl\u00e9matique qui rend hommage non seulement \u00e0 la chasse traditionnelle, mais aussi \u00e0 ces magnifiques oiseaux, v\u00e9ritables ma\u00eetres du ciel. Curieusement, Carlex Design a v\u00e9cu une exp\u00e9rience similaire.","og_url":"https:\/\/www.toys4vip.com\/fr\/luxury-toy\/mercedes-g-falcon\/","og_site_name":"Toys4Vip","article_modified_time":"2024-08-27T13:46:45+00:00","og_image":[{"width":1920,"height":1080,"url":"https:\/\/www.toys4vip.com\/app\/uploads\/2024\/08\/VO-Vapen-Carex-Design-33.jpg","type":"image\/jpeg"}],"twitter_card":"summary_large_image","twitter_misc":{"Dur\u00e9e de lecture est.":"2 minutes"},"schema":{"@context":"https:\/\/schema.org","@graph":[{"@type":"WebSite","@id":"https:\/\/www.toys4vip.com\/fr\/#website","url":"https:\/\/www.toys4vip.com\/fr\/","name":"Toys4Vip","description":"Jouets de luxe nouveau concept store","potentialAction":[{"@type":"SearchAction","target":{"@type":"EntryPoint","urlTemplate":"https:\/\/www.toys4vip.com\/fr\/?s={search_term_string}"},"query-input":"required name=search_term_string"}],"inLanguage":"fr-FR"},{"@type":"ImageObject","@id":"https:\/\/www.toys4vip.com\/fr\/luxury-toy\/mercedes-g-falcon\/#primaryimage","inLanguage":"fr-FR","url":"https:\/\/www.toys4vip.com\/app\/uploads\/2024\/08\/VO-Vapen-Carex-Design-33.jpg","contentUrl":"https:\/\/www.toys4vip.com\/app\/uploads\/2024\/08\/VO-Vapen-Carex-Design-33.jpg","width":1920,"height":1080},{"@type":"WebPage","@id":"https:\/\/www.toys4vip.com\/fr\/luxury-toy\/mercedes-g-falcon\/#webpage","url":"https:\/\/www.toys4vip.com\/fr\/luxury-toy\/mercedes-g-falcon\/","name":"Mercedes G-Falcon - Toys4Vip","isPartOf":{"@id":"https:\/\/www.toys4vip.com\/fr\/#website"},"primaryImageOfPage":{"@id":"https:\/\/www.toys4vip.com\/fr\/luxury-toy\/mercedes-g-falcon\/#primaryimage"},"datePublished":"2024-08-27T12:17:51+00:00","dateModified":"2024-08-27T13:46:45+00:00","breadcrumb":{"@id":"https:\/\/www.toys4vip.com\/fr\/luxury-toy\/mercedes-g-falcon\/#breadcrumb"},"inLanguage":"fr-FR","potentialAction":[{"@type":"ReadAction","target":["https:\/\/www.toys4vip.com\/fr\/luxury-toy\/mercedes-g-falcon\/"]}]},{"@type":"BreadcrumbList","@id":"https:\/\/www.toys4vip.com\/fr\/luxury-toy\/mercedes-g-falcon\/#breadcrumb","itemListElement":[{"@type":"ListItem","position":1,"name":"Home","item":"https:\/\/www.toys4vip.com\/fr\/"},{"@type":"ListItem","position":2,"name":"Objets \/ Cat\u00e9gories","item":"https:\/\/www.toys4vip.com\/fr\/luxury-toys\/"},{"@type":"ListItem","position":3,"name":"Mercedes G-Falcon"}]}]}},"_links":{"self":[{"href":"https:\/\/www.toys4vip.com\/fr\/wp-json\/wp\/v2\/product\/4257"}],"collection":[{"href":"https:\/\/www.toys4vip.com\/fr\/wp-json\/wp\/v2\/product"}],"about":[{"href":"https:\/\/www.toys4vip.com\/fr\/wp-json\/wp\/v2\/types\/product"}],"replies":[{"embeddable":true,"href":"https:\/\/www.toys4vip.com\/fr\/wp-json\/wp\/v2\/comments?post=4257"}],"wp:featuredmedia":[{"embeddable":true,"href":"https:\/\/www.toys4vip.com\/fr\/wp-json\/wp\/v2\/media\/4260"}],"wp:attachment":[{"href":"https:\/\/www.toys4vip.com\/fr\/wp-json\/wp\/v2\/media?parent=4257"}],"wp:term":[{"taxonomy":"product_cat","embeddable":true,"href":"https:\/\/www.toys4vip.com\/fr\/wp-json\/wp\/v2\/product_cat?post=4257"},{"taxonomy":"product_tag","embeddable":true,"href":"https:\/\/www.toys4vip.com\/fr\/wp-json\/wp\/v2\/product_tag?post=4257"}],"curies":[{"name":"wp","href":"https:\/\/api.w.org\/{rel}","templated":true}]}}