{"id":423,"date":"2021-11-02T10:07:56","date_gmt":"2021-11-02T10:07:56","guid":{"rendered":"https:\/\/toys4vip.com\/produit\/fauteuil-proust\/"},"modified":"2021-11-17T17:49:08","modified_gmt":"2021-11-17T17:49:08","slug":"fauteuil-proust","status":"publish","type":"product","link":"https:\/\/www.toys4vip.com\/fr\/luxury-toy\/fauteuil-proust\/1\/","title":{"rendered":"Fauteuil \u00ab\u00a0Proust\u00a0\u00bb"},"content":{"rendered":"<p>Superbe berg\u00e8re, d&rsquo;inspiration R\u00e9gence, Proust Geometrica est une cr\u00e9ation du designer italien Alessandro Mendini, \u00e9dit\u00e9e par Cappellini.<br \/>\nColoris divers\/ textile &#8211; Mat\u00e9riel bois, textile, mousse de polyur\u00e9thane<br \/>\nDimensions Longueur : 105cm &#8211; Largeur : 93cm<br \/>\nHauteur : 109cm &#8211; Hauteur d&rsquo;assise : 42cm<br \/>\nPoids 50kg<\/p>\n","protected":false},"excerpt":{"rendered":"<p>Superbe berg\u00e8re, d&rsquo;inspiration R\u00e9gence, Proust Geometrica est une cr\u00e9ation du designer italien Alessandro Mendini, \u00e9dit\u00e9e par Cappellini. Coloris divers\/ textile &#8211; Mat\u00e9riel bois, textile, mousse de polyur\u00e9thane Dimensions Longueur : 105cm &#8211; Largeur : 93cm Hauteur : 109cm &#8211; Hauteur d&rsquo;assise : 42cm Poids 50kg<\/p>\n","protected":false},"featured_media":421,"comment_status":"open","ping_status":"closed","template":"","meta":[],"product_cat":[42],"product_tag":[],"yoast_head":"<!-- This site is optimized with the Yoast SEO plugin v17.4 - https:\/\/yoast.com\/wordpress\/plugins\/seo\/ -->\n<title>Fauteuil &quot;Proust&quot; - Toys4Vip<\/title>\n<meta name=\"description\" content=\"Superbe berg\u00e8re, d&#039;inspiration R\u00e9gence, Proust Geometrica est une cr\u00e9ation du designer italien Alessandro Mendini, \u00e9dit\u00e9e par Cappellini.Coloris divers\/ textile - Mat\u00e9riel bois, textile, mousse de polyur\u00e9thaneDimensions Longueur : 105cm - Largeur : 93cmHauteur : 109cm - Hauteur d&#039;assise : 42cmPoids 50kg\" \/>\n<meta name=\"robots\" content=\"index, follow, max-snippet:-1, max-image-preview:large, max-video-preview:-1\" \/>\n<link rel=\"canonical\" href=\"https:\/\/www.toys4vip.com\/fr\/luxury-toy\/fauteuil-proust\/1\/\" \/>\n<meta property=\"og:locale\" content=\"fr_FR\" \/>\n<meta property=\"og:type\" content=\"article\" \/>\n<meta property=\"og:title\" content=\"Fauteuil &quot;Proust&quot; - Toys4Vip\" \/>\n<meta property=\"og:description\" content=\"Superbe berg\u00e8re, d&#039;inspiration R\u00e9gence, Proust Geometrica est une cr\u00e9ation du designer italien Alessandro Mendini, \u00e9dit\u00e9e par Cappellini.Coloris divers\/ textile - Mat\u00e9riel bois, textile, mousse de polyur\u00e9thaneDimensions Longueur : 105cm - Largeur : 93cmHauteur : 109cm - Hauteur d&#039;assise : 42cmPoids 50kg\" \/>\n<meta property=\"og:url\" content=\"https:\/\/www.toys4vip.com\/fr\/luxury-toy\/fauteuil-proust\/1\/\" \/>\n<meta property=\"og:site_name\" content=\"Toys4Vip\" \/>\n<meta property=\"article:modified_time\" content=\"2021-11-17T17:49:08+00:00\" \/>\n<meta property=\"og:image\" content=\"https:\/\/www.toys4vip.com\/app\/uploads\/2021\/11\/main.jpg\" \/>\n\t<meta property=\"og:image:width\" content=\"860\" \/>\n\t<meta property=\"og:image:height\" content=\"500\" \/>\n<meta name=\"twitter:card\" content=\"summary_large_image\" \/>\n<script type=\"application\/ld+json\" class=\"yoast-schema-graph\">{\"@context\":\"https:\/\/schema.org\",\"@graph\":[{\"@type\":\"WebSite\",\"@id\":\"https:\/\/www.toys4vip.com\/fr\/#website\",\"url\":\"https:\/\/www.toys4vip.com\/fr\/\",\"name\":\"Toys4Vip\",\"description\":\"Jouets de luxe nouveau concept store\",\"potentialAction\":[{\"@type\":\"SearchAction\",\"target\":{\"@type\":\"EntryPoint\",\"urlTemplate\":\"https:\/\/www.toys4vip.com\/fr\/?s={search_term_string}\"},\"query-input\":\"required name=search_term_string\"}],\"inLanguage\":\"fr-FR\"},{\"@type\":\"ImageObject\",\"@id\":\"https:\/\/www.toys4vip.com\/fr\/luxury-toy\/fauteuil-proust\/1\/#primaryimage\",\"inLanguage\":\"fr-FR\",\"url\":\"https:\/\/www.toys4vip.com\/app\/uploads\/2021\/11\/main.jpg\",\"contentUrl\":\"https:\/\/www.toys4vip.com\/app\/uploads\/2021\/11\/main.jpg\",\"width\":860,\"height\":500},{\"@type\":\"WebPage\",\"@id\":\"https:\/\/www.toys4vip.com\/fr\/luxury-toy\/fauteuil-proust\/1\/#webpage\",\"url\":\"https:\/\/www.toys4vip.com\/fr\/luxury-toy\/fauteuil-proust\/1\/\",\"name\":\"Fauteuil \\\"Proust\\\" - Toys4Vip\",\"isPartOf\":{\"@id\":\"https:\/\/www.toys4vip.com\/fr\/#website\"},\"primaryImageOfPage\":{\"@id\":\"https:\/\/www.toys4vip.com\/fr\/luxury-toy\/fauteuil-proust\/1\/#primaryimage\"},\"datePublished\":\"2021-11-02T10:07:56+00:00\",\"dateModified\":\"2021-11-17T17:49:08+00:00\",\"description\":\"Superbe berg\\u00e8re, d'inspiration R\\u00e9gence, Proust Geometrica est une cr\\u00e9ation du designer italien Alessandro Mendini, \\u00e9dit\\u00e9e par Cappellini.Coloris divers\/ textile - Mat\\u00e9riel bois, textile, mousse de polyur\\u00e9thaneDimensions Longueur : 105cm - Largeur : 93cmHauteur : 109cm - Hauteur d'assise : 42cmPoids 50kg\",\"breadcrumb\":{\"@id\":\"https:\/\/www.toys4vip.com\/fr\/luxury-toy\/fauteuil-proust\/1\/#breadcrumb\"},\"inLanguage\":\"fr-FR\",\"potentialAction\":[{\"@type\":\"ReadAction\",\"target\":[\"https:\/\/www.toys4vip.com\/fr\/luxury-toy\/fauteuil-proust\/1\/\"]}]},{\"@type\":\"BreadcrumbList\",\"@id\":\"https:\/\/www.toys4vip.com\/fr\/luxury-toy\/fauteuil-proust\/1\/#breadcrumb\",\"itemListElement\":[{\"@type\":\"ListItem\",\"position\":1,\"name\":\"Home\",\"item\":\"https:\/\/www.toys4vip.com\/fr\/\"},{\"@type\":\"ListItem\",\"position\":2,\"name\":\"Objets \/ Cat\\u00e9gories\",\"item\":\"https:\/\/www.toys4vip.com\/fr\/luxury-toys\/\"},{\"@type\":\"ListItem\",\"position\":3,\"name\":\"Fauteuil &#8220;Proust&#8221;\"}]}]}<\/script>\n<!-- \/ Yoast SEO plugin. -->","yoast_head_json":{"title":"Fauteuil \"Proust\" - Toys4Vip","description":"Superbe berg\u00e8re, d'inspiration R\u00e9gence, Proust Geometrica est une cr\u00e9ation du designer italien Alessandro Mendini, \u00e9dit\u00e9e par Cappellini.Coloris divers\/ textile - Mat\u00e9riel bois, textile, mousse de polyur\u00e9thaneDimensions Longueur : 105cm - Largeur : 93cmHauteur : 109cm - Hauteur d'assise : 42cmPoids 50kg","robots":{"index":"index","follow":"follow","max-snippet":"max-snippet:-1","max-image-preview":"max-image-preview:large","max-video-preview":"max-video-preview:-1"},"canonical":"https:\/\/www.toys4vip.com\/fr\/luxury-toy\/fauteuil-proust\/1\/","og_locale":"fr_FR","og_type":"article","og_title":"Fauteuil \"Proust\" - Toys4Vip","og_description":"Superbe berg\u00e8re, d'inspiration R\u00e9gence, Proust Geometrica est une cr\u00e9ation du designer italien Alessandro Mendini, \u00e9dit\u00e9e par Cappellini.Coloris divers\/ textile - Mat\u00e9riel bois, textile, mousse de polyur\u00e9thaneDimensions Longueur : 105cm - Largeur : 93cmHauteur : 109cm - Hauteur d'assise : 42cmPoids 50kg","og_url":"https:\/\/www.toys4vip.com\/fr\/luxury-toy\/fauteuil-proust\/1\/","og_site_name":"Toys4Vip","article_modified_time":"2021-11-17T17:49:08+00:00","og_image":[{"width":860,"height":500,"url":"https:\/\/www.toys4vip.com\/app\/uploads\/2021\/11\/main.jpg","type":"image\/jpeg"}],"twitter_card":"summary_large_image","schema":{"@context":"https:\/\/schema.org","@graph":[{"@type":"WebSite","@id":"https:\/\/www.toys4vip.com\/fr\/#website","url":"https:\/\/www.toys4vip.com\/fr\/","name":"Toys4Vip","description":"Jouets de luxe nouveau concept store","potentialAction":[{"@type":"SearchAction","target":{"@type":"EntryPoint","urlTemplate":"https:\/\/www.toys4vip.com\/fr\/?s={search_term_string}"},"query-input":"required name=search_term_string"}],"inLanguage":"fr-FR"},{"@type":"ImageObject","@id":"https:\/\/www.toys4vip.com\/fr\/luxury-toy\/fauteuil-proust\/1\/#primaryimage","inLanguage":"fr-FR","url":"https:\/\/www.toys4vip.com\/app\/uploads\/2021\/11\/main.jpg","contentUrl":"https:\/\/www.toys4vip.com\/app\/uploads\/2021\/11\/main.jpg","width":860,"height":500},{"@type":"WebPage","@id":"https:\/\/www.toys4vip.com\/fr\/luxury-toy\/fauteuil-proust\/1\/#webpage","url":"https:\/\/www.toys4vip.com\/fr\/luxury-toy\/fauteuil-proust\/1\/","name":"Fauteuil \"Proust\" - Toys4Vip","isPartOf":{"@id":"https:\/\/www.toys4vip.com\/fr\/#website"},"primaryImageOfPage":{"@id":"https:\/\/www.toys4vip.com\/fr\/luxury-toy\/fauteuil-proust\/1\/#primaryimage"},"datePublished":"2021-11-02T10:07:56+00:00","dateModified":"2021-11-17T17:49:08+00:00","description":"Superbe berg\u00e8re, d'inspiration R\u00e9gence, Proust Geometrica est une cr\u00e9ation du designer italien Alessandro Mendini, \u00e9dit\u00e9e par Cappellini.Coloris divers\/ textile - Mat\u00e9riel bois, textile, mousse de polyur\u00e9thaneDimensions Longueur : 105cm - Largeur : 93cmHauteur : 109cm - Hauteur d'assise : 42cmPoids 50kg","breadcrumb":{"@id":"https:\/\/www.toys4vip.com\/fr\/luxury-toy\/fauteuil-proust\/1\/#breadcrumb"},"inLanguage":"fr-FR","potentialAction":[{"@type":"ReadAction","target":["https:\/\/www.toys4vip.com\/fr\/luxury-toy\/fauteuil-proust\/1\/"]}]},{"@type":"BreadcrumbList","@id":"https:\/\/www.toys4vip.com\/fr\/luxury-toy\/fauteuil-proust\/1\/#breadcrumb","itemListElement":[{"@type":"ListItem","position":1,"name":"Home","item":"https:\/\/www.toys4vip.com\/fr\/"},{"@type":"ListItem","position":2,"name":"Objets \/ Cat\u00e9gories","item":"https:\/\/www.toys4vip.com\/fr\/luxury-toys\/"},{"@type":"ListItem","position":3,"name":"Fauteuil &#8220;Proust&#8221;"}]}]}},"_links":{"self":[{"href":"https:\/\/www.toys4vip.com\/fr\/wp-json\/wp\/v2\/product\/423"}],"collection":[{"href":"https:\/\/www.toys4vip.com\/fr\/wp-json\/wp\/v2\/product"}],"about":[{"href":"https:\/\/www.toys4vip.com\/fr\/wp-json\/wp\/v2\/types\/product"}],"replies":[{"embeddable":true,"href":"https:\/\/www.toys4vip.com\/fr\/wp-json\/wp\/v2\/comments?post=423"}],"wp:featuredmedia":[{"embeddable":true,"href":"https:\/\/www.toys4vip.com\/fr\/wp-json\/wp\/v2\/media\/421"}],"wp:attachment":[{"href":"https:\/\/www.toys4vip.com\/fr\/wp-json\/wp\/v2\/media?parent=423"}],"wp:term":[{"taxonomy":"product_cat","embeddable":true,"href":"https:\/\/www.toys4vip.com\/fr\/wp-json\/wp\/v2\/product_cat?post=423"},{"taxonomy":"product_tag","embeddable":true,"href":"https:\/\/www.toys4vip.com\/fr\/wp-json\/wp\/v2\/product_tag?post=423"}],"curies":[{"name":"wp","href":"https:\/\/api.w.org\/{rel}","templated":true}]}}