{"id":4117,"date":"2023-01-02T10:04:01","date_gmt":"2023-01-02T09:04:01","guid":{"rendered":"https:\/\/www.toys4vip.com\/?post_type=product&#038;p=4117"},"modified":"2023-01-02T10:04:01","modified_gmt":"2023-01-02T09:04:01","slug":"xiaomi-ninebot-gokart-pro-lamborghini","status":"publish","type":"product","link":"https:\/\/www.toys4vip.com\/fr\/luxury-toy\/xiaomi-ninebot-gokart-pro-lamborghini\/","title":{"rendered":"Xiaomi Ninebot GoKart Pro Lamborghini"},"content":{"rendered":"<p>Le Ninebot GoKart Pro Lamborghini Edition est un kart \u00e9lectrique destin\u00e9 au plus de 14 ans dont la taille est comprise entre 1.30 m et 1.90 m dont le poids maximal ne doit pas exc\u00e9der le quintal.<br \/>\nLe kart annonce les \u00e9l\u00e9ments suivants :<\/p>\n<ul>\n<li>Longueur 1.383 m<\/li>\n<li>Largeur : 0.822 m<\/li>\n<li>Hauteur : 0.60 m<\/li>\n<li>Garde au sol : 4.0 cm<\/li>\n<li>Poids : 27.8 kg<\/li>\n<\/ul>\n<p>Le volant et le si\u00e8ge sont r\u00e9glables pour s\u2019adapter aux apprentis kartmen\u2026<br \/>\nPar ailleurs, pour faciliter son transport, le kart est pliable afin de pouvoir \u00eatre rang\u00e9 dans un coffre de voiture.<\/p>\n<p>Le Gokart \u00e9lectrique est propuls\u00e9 par deux moteurs d\u2019une puissance maximale cumul\u00e9e est de l\u2019ordre de 1.5 kW (~2.0 ch) qui sont aliment\u00e9s par un batterie d\u2019une capacit\u00e9 maximale de 432 Wh.<\/p>\n<p>Ce kart \u00e9lectrique est capable de mont\u00e9e des pentes \u00e0 15\u00b0 et il peut vous envoyer du r\u00eave en reproduisant, via un g\u00e9n\u00e9rateur de bruit et son HP, la sonorit\u00e9 du fameux V10 5.2 L italien.<\/p>\n","protected":false},"excerpt":{"rendered":"<p>Le Ninebot GoKart Pro Lamborghini Edition est un kart \u00e9lectrique destin\u00e9 au plus de 14 ans dont la taille est comprise entre 1.30 m et 1.90 m dont le poids maximal ne doit pas exc\u00e9der le quintal. Le kart annonce les \u00e9l\u00e9ments suivants : Longueur 1.383 m Largeur : 0.822 m Hauteur : 0.60 m [&hellip;]<\/p>\n","protected":false},"featured_media":4122,"comment_status":"open","ping_status":"closed","template":"","meta":[],"product_cat":[26,87],"product_tag":[],"yoast_head":"<!-- This site is optimized with the Yoast SEO plugin v17.4 - https:\/\/yoast.com\/wordpress\/plugins\/seo\/ -->\n<title>Xiaomi Ninebot GoKart Pro Lamborghini - Toys4Vip<\/title>\n<meta name=\"robots\" content=\"index, follow, max-snippet:-1, max-image-preview:large, max-video-preview:-1\" \/>\n<link rel=\"canonical\" href=\"https:\/\/www.toys4vip.com\/fr\/luxury-toy\/xiaomi-ninebot-gokart-pro-lamborghini\/\" \/>\n<meta property=\"og:locale\" content=\"fr_FR\" \/>\n<meta property=\"og:type\" content=\"article\" \/>\n<meta property=\"og:title\" content=\"Xiaomi Ninebot GoKart Pro Lamborghini - Toys4Vip\" \/>\n<meta property=\"og:description\" content=\"Le Ninebot GoKart Pro Lamborghini Edition est un kart \u00e9lectrique destin\u00e9 au plus de 14 ans dont la taille est comprise entre 1.30 m et 1.90 m dont le poids maximal ne doit pas exc\u00e9der le quintal. Le kart annonce les \u00e9l\u00e9ments suivants : Longueur 1.383 m Largeur : 0.822 m Hauteur : 0.60 m [&hellip;]\" \/>\n<meta property=\"og:url\" content=\"https:\/\/www.toys4vip.com\/fr\/luxury-toy\/xiaomi-ninebot-gokart-pro-lamborghini\/\" \/>\n<meta property=\"og:site_name\" content=\"Toys4Vip\" \/>\n<meta property=\"og:image\" content=\"https:\/\/www.toys4vip.com\/app\/uploads\/2023\/01\/g1-1.jpeg\" \/>\n\t<meta property=\"og:image:width\" content=\"1280\" \/>\n\t<meta property=\"og:image:height\" content=\"720\" \/>\n<meta name=\"twitter:card\" content=\"summary_large_image\" \/>\n<meta name=\"twitter:label1\" content=\"Dur\u00e9e de lecture est.\" \/>\n\t<meta name=\"twitter:data1\" content=\"1 minute\" \/>\n<script type=\"application\/ld+json\" class=\"yoast-schema-graph\">{\"@context\":\"https:\/\/schema.org\",\"@graph\":[{\"@type\":\"WebSite\",\"@id\":\"https:\/\/www.toys4vip.com\/fr\/#website\",\"url\":\"https:\/\/www.toys4vip.com\/fr\/\",\"name\":\"Toys4Vip\",\"description\":\"Jouets de luxe nouveau concept store\",\"potentialAction\":[{\"@type\":\"SearchAction\",\"target\":{\"@type\":\"EntryPoint\",\"urlTemplate\":\"https:\/\/www.toys4vip.com\/fr\/?s={search_term_string}\"},\"query-input\":\"required name=search_term_string\"}],\"inLanguage\":\"fr-FR\"},{\"@type\":\"ImageObject\",\"@id\":\"https:\/\/www.toys4vip.com\/fr\/luxury-toy\/xiaomi-ninebot-gokart-pro-lamborghini\/#primaryimage\",\"inLanguage\":\"fr-FR\",\"url\":\"https:\/\/www.toys4vip.com\/app\/uploads\/2023\/01\/g1-1.jpeg\",\"contentUrl\":\"https:\/\/www.toys4vip.com\/app\/uploads\/2023\/01\/g1-1.jpeg\",\"width\":1280,\"height\":720},{\"@type\":\"WebPage\",\"@id\":\"https:\/\/www.toys4vip.com\/fr\/luxury-toy\/xiaomi-ninebot-gokart-pro-lamborghini\/#webpage\",\"url\":\"https:\/\/www.toys4vip.com\/fr\/luxury-toy\/xiaomi-ninebot-gokart-pro-lamborghini\/\",\"name\":\"Xiaomi Ninebot GoKart Pro Lamborghini - Toys4Vip\",\"isPartOf\":{\"@id\":\"https:\/\/www.toys4vip.com\/fr\/#website\"},\"primaryImageOfPage\":{\"@id\":\"https:\/\/www.toys4vip.com\/fr\/luxury-toy\/xiaomi-ninebot-gokart-pro-lamborghini\/#primaryimage\"},\"datePublished\":\"2023-01-02T09:04:01+00:00\",\"dateModified\":\"2023-01-02T09:04:01+00:00\",\"breadcrumb\":{\"@id\":\"https:\/\/www.toys4vip.com\/fr\/luxury-toy\/xiaomi-ninebot-gokart-pro-lamborghini\/#breadcrumb\"},\"inLanguage\":\"fr-FR\",\"potentialAction\":[{\"@type\":\"ReadAction\",\"target\":[\"https:\/\/www.toys4vip.com\/fr\/luxury-toy\/xiaomi-ninebot-gokart-pro-lamborghini\/\"]}]},{\"@type\":\"BreadcrumbList\",\"@id\":\"https:\/\/www.toys4vip.com\/fr\/luxury-toy\/xiaomi-ninebot-gokart-pro-lamborghini\/#breadcrumb\",\"itemListElement\":[{\"@type\":\"ListItem\",\"position\":1,\"name\":\"Home\",\"item\":\"https:\/\/www.toys4vip.com\/fr\/\"},{\"@type\":\"ListItem\",\"position\":2,\"name\":\"Objets \/ Cat\\u00e9gories\",\"item\":\"https:\/\/www.toys4vip.com\/fr\/luxury-toys\/\"},{\"@type\":\"ListItem\",\"position\":3,\"name\":\"Xiaomi Ninebot GoKart Pro Lamborghini\"}]}]}<\/script>\n<!-- \/ Yoast SEO plugin. -->","yoast_head_json":{"title":"Xiaomi Ninebot GoKart Pro Lamborghini - Toys4Vip","robots":{"index":"index","follow":"follow","max-snippet":"max-snippet:-1","max-image-preview":"max-image-preview:large","max-video-preview":"max-video-preview:-1"},"canonical":"https:\/\/www.toys4vip.com\/fr\/luxury-toy\/xiaomi-ninebot-gokart-pro-lamborghini\/","og_locale":"fr_FR","og_type":"article","og_title":"Xiaomi Ninebot GoKart Pro Lamborghini - Toys4Vip","og_description":"Le Ninebot GoKart Pro Lamborghini Edition est un kart \u00e9lectrique destin\u00e9 au plus de 14 ans dont la taille est comprise entre 1.30 m et 1.90 m dont le poids maximal ne doit pas exc\u00e9der le quintal. Le kart annonce les \u00e9l\u00e9ments suivants : Longueur 1.383 m Largeur : 0.822 m Hauteur : 0.60 m [&hellip;]","og_url":"https:\/\/www.toys4vip.com\/fr\/luxury-toy\/xiaomi-ninebot-gokart-pro-lamborghini\/","og_site_name":"Toys4Vip","og_image":[{"width":1280,"height":720,"url":"https:\/\/www.toys4vip.com\/app\/uploads\/2023\/01\/g1-1.jpeg","type":"image\/jpeg"}],"twitter_card":"summary_large_image","twitter_misc":{"Dur\u00e9e de lecture est.":"1 minute"},"schema":{"@context":"https:\/\/schema.org","@graph":[{"@type":"WebSite","@id":"https:\/\/www.toys4vip.com\/fr\/#website","url":"https:\/\/www.toys4vip.com\/fr\/","name":"Toys4Vip","description":"Jouets de luxe nouveau concept store","potentialAction":[{"@type":"SearchAction","target":{"@type":"EntryPoint","urlTemplate":"https:\/\/www.toys4vip.com\/fr\/?s={search_term_string}"},"query-input":"required name=search_term_string"}],"inLanguage":"fr-FR"},{"@type":"ImageObject","@id":"https:\/\/www.toys4vip.com\/fr\/luxury-toy\/xiaomi-ninebot-gokart-pro-lamborghini\/#primaryimage","inLanguage":"fr-FR","url":"https:\/\/www.toys4vip.com\/app\/uploads\/2023\/01\/g1-1.jpeg","contentUrl":"https:\/\/www.toys4vip.com\/app\/uploads\/2023\/01\/g1-1.jpeg","width":1280,"height":720},{"@type":"WebPage","@id":"https:\/\/www.toys4vip.com\/fr\/luxury-toy\/xiaomi-ninebot-gokart-pro-lamborghini\/#webpage","url":"https:\/\/www.toys4vip.com\/fr\/luxury-toy\/xiaomi-ninebot-gokart-pro-lamborghini\/","name":"Xiaomi Ninebot GoKart Pro Lamborghini - Toys4Vip","isPartOf":{"@id":"https:\/\/www.toys4vip.com\/fr\/#website"},"primaryImageOfPage":{"@id":"https:\/\/www.toys4vip.com\/fr\/luxury-toy\/xiaomi-ninebot-gokart-pro-lamborghini\/#primaryimage"},"datePublished":"2023-01-02T09:04:01+00:00","dateModified":"2023-01-02T09:04:01+00:00","breadcrumb":{"@id":"https:\/\/www.toys4vip.com\/fr\/luxury-toy\/xiaomi-ninebot-gokart-pro-lamborghini\/#breadcrumb"},"inLanguage":"fr-FR","potentialAction":[{"@type":"ReadAction","target":["https:\/\/www.toys4vip.com\/fr\/luxury-toy\/xiaomi-ninebot-gokart-pro-lamborghini\/"]}]},{"@type":"BreadcrumbList","@id":"https:\/\/www.toys4vip.com\/fr\/luxury-toy\/xiaomi-ninebot-gokart-pro-lamborghini\/#breadcrumb","itemListElement":[{"@type":"ListItem","position":1,"name":"Home","item":"https:\/\/www.toys4vip.com\/fr\/"},{"@type":"ListItem","position":2,"name":"Objets \/ Cat\u00e9gories","item":"https:\/\/www.toys4vip.com\/fr\/luxury-toys\/"},{"@type":"ListItem","position":3,"name":"Xiaomi Ninebot GoKart Pro Lamborghini"}]}]}},"_links":{"self":[{"href":"https:\/\/www.toys4vip.com\/fr\/wp-json\/wp\/v2\/product\/4117"}],"collection":[{"href":"https:\/\/www.toys4vip.com\/fr\/wp-json\/wp\/v2\/product"}],"about":[{"href":"https:\/\/www.toys4vip.com\/fr\/wp-json\/wp\/v2\/types\/product"}],"replies":[{"embeddable":true,"href":"https:\/\/www.toys4vip.com\/fr\/wp-json\/wp\/v2\/comments?post=4117"}],"wp:featuredmedia":[{"embeddable":true,"href":"https:\/\/www.toys4vip.com\/fr\/wp-json\/wp\/v2\/media\/4122"}],"wp:attachment":[{"href":"https:\/\/www.toys4vip.com\/fr\/wp-json\/wp\/v2\/media?parent=4117"}],"wp:term":[{"taxonomy":"product_cat","embeddable":true,"href":"https:\/\/www.toys4vip.com\/fr\/wp-json\/wp\/v2\/product_cat?post=4117"},{"taxonomy":"product_tag","embeddable":true,"href":"https:\/\/www.toys4vip.com\/fr\/wp-json\/wp\/v2\/product_tag?post=4117"}],"curies":[{"name":"wp","href":"https:\/\/api.w.org\/{rel}","templated":true}]}}