{"id":4104,"date":"2022-11-04T10:49:32","date_gmt":"2022-11-04T09:49:32","guid":{"rendered":"https:\/\/www.toys4vip.com\/?post_type=product&#038;p=4104"},"modified":"2022-11-04T10:49:32","modified_gmt":"2022-11-04T09:49:32","slug":"whisky-arc-52-by-aston-martin","status":"publish","type":"product","link":"https:\/\/www.toys4vip.com\/fr\/luxury-toy\/whisky-arc-52-by-aston-martin\/","title":{"rendered":"Whisky Arc-52 by Aston Martin"},"content":{"rendered":"<p>Produite en s\u00e9rie limit\u00e9e de 100 exemplaires, la carafe Arc-52 renfermera un whisky d\u2019exception de 52 ans d\u2019\u00e2ge. Cette superbe carafe aux lignes pures et fluides \u00e9voque le dynamisme des Aston Martin. Les designers ont travaill\u00e9 de mani\u00e8re \u00e0 capturer l\u2019esprit du c\u00e9l\u00e8bre constructeur automobile britannique dans un objet d\u00e9licat tout en veillant \u00e0 ce que le whisky soit \u00e9galement mis en valeur. Visuellement cette carafe oscille entre des notions de stabilit\u00e9 et d\u2019\u00e9quilibre pour offrir un design a\u00e9rien.<\/p>\n<p>Cr\u00e9\u00e9e en\u00a01779, la distillerie Bowmore est r\u00e9put\u00e9e pour produire une tr\u00e8s grande vari\u00e9t\u00e9 de whiskies de diff\u00e9rents \u00e2ges et maturations.\u00a0Pour l\u2019Arc-52, un whisky de 52 ans d\u2019\u00e2ge vieilli en f\u00fbts de ch\u00eane am\u00e9ricains et europ\u00e9ens, \u00e0 hauteur de 50% chacun a \u00e9t\u00e9 choisi. Des ar\u00f4mes fruit\u00e9s de vanille, p\u00eache, poire et kumquat am\u00e8nent de la saveur \u00e0 ce whisky tandis que des ar\u00f4mes de cr\u00e8me p\u00e2tissi\u00e8re apportent de la rondeur.<\/p>\n","protected":false},"excerpt":{"rendered":"<p>Produite en s\u00e9rie limit\u00e9e de 100 exemplaires, la carafe Arc-52 renfermera un whisky d\u2019exception de 52 ans d\u2019\u00e2ge. Cette superbe carafe aux lignes pures et fluides \u00e9voque le dynamisme des Aston Martin. Les designers ont travaill\u00e9 de mani\u00e8re \u00e0 capturer l\u2019esprit du c\u00e9l\u00e8bre constructeur automobile britannique dans un objet d\u00e9licat tout en veillant \u00e0 ce [&hellip;]<\/p>\n","protected":false},"featured_media":4105,"comment_status":"open","ping_status":"closed","template":"","meta":[],"product_cat":[42],"product_tag":[],"yoast_head":"<!-- This site is optimized with the Yoast SEO plugin v17.4 - https:\/\/yoast.com\/wordpress\/plugins\/seo\/ -->\n<title>Whisky Arc-52 by Aston Martin - Toys4Vip<\/title>\n<meta name=\"robots\" content=\"index, follow, max-snippet:-1, max-image-preview:large, max-video-preview:-1\" \/>\n<link rel=\"canonical\" href=\"https:\/\/www.toys4vip.com\/fr\/luxury-toy\/whisky-arc-52-by-aston-martin\/\" \/>\n<meta property=\"og:locale\" content=\"fr_FR\" \/>\n<meta property=\"og:type\" content=\"article\" \/>\n<meta property=\"og:title\" content=\"Whisky Arc-52 by Aston Martin - Toys4Vip\" \/>\n<meta property=\"og:description\" content=\"Produite en s\u00e9rie limit\u00e9e de 100 exemplaires, la carafe Arc-52 renfermera un whisky d\u2019exception de 52 ans d\u2019\u00e2ge. Cette superbe carafe aux lignes pures et fluides \u00e9voque le dynamisme des Aston Martin. Les designers ont travaill\u00e9 de mani\u00e8re \u00e0 capturer l\u2019esprit du c\u00e9l\u00e8bre constructeur automobile britannique dans un objet d\u00e9licat tout en veillant \u00e0 ce [&hellip;]\" \/>\n<meta property=\"og:url\" content=\"https:\/\/www.toys4vip.com\/fr\/luxury-toy\/whisky-arc-52-by-aston-martin\/\" \/>\n<meta property=\"og:site_name\" content=\"Toys4Vip\" \/>\n<meta property=\"og:image\" content=\"https:\/\/www.toys4vip.com\/app\/uploads\/2022\/11\/Arc-52.1.jpeg\" \/>\n\t<meta property=\"og:image:width\" content=\"700\" \/>\n\t<meta property=\"og:image:height\" content=\"470\" \/>\n<meta name=\"twitter:card\" content=\"summary_large_image\" \/>\n<meta name=\"twitter:label1\" content=\"Dur\u00e9e de lecture est.\" \/>\n\t<meta name=\"twitter:data1\" content=\"1 minute\" \/>\n<script type=\"application\/ld+json\" class=\"yoast-schema-graph\">{\"@context\":\"https:\/\/schema.org\",\"@graph\":[{\"@type\":\"WebSite\",\"@id\":\"https:\/\/www.toys4vip.com\/fr\/#website\",\"url\":\"https:\/\/www.toys4vip.com\/fr\/\",\"name\":\"Toys4Vip\",\"description\":\"Jouets de luxe nouveau concept store\",\"potentialAction\":[{\"@type\":\"SearchAction\",\"target\":{\"@type\":\"EntryPoint\",\"urlTemplate\":\"https:\/\/www.toys4vip.com\/fr\/?s={search_term_string}\"},\"query-input\":\"required name=search_term_string\"}],\"inLanguage\":\"fr-FR\"},{\"@type\":\"ImageObject\",\"@id\":\"https:\/\/www.toys4vip.com\/fr\/luxury-toy\/whisky-arc-52-by-aston-martin\/#primaryimage\",\"inLanguage\":\"fr-FR\",\"url\":\"https:\/\/www.toys4vip.com\/app\/uploads\/2022\/11\/Arc-52.1.jpeg\",\"contentUrl\":\"https:\/\/www.toys4vip.com\/app\/uploads\/2022\/11\/Arc-52.1.jpeg\",\"width\":700,\"height\":470},{\"@type\":\"WebPage\",\"@id\":\"https:\/\/www.toys4vip.com\/fr\/luxury-toy\/whisky-arc-52-by-aston-martin\/#webpage\",\"url\":\"https:\/\/www.toys4vip.com\/fr\/luxury-toy\/whisky-arc-52-by-aston-martin\/\",\"name\":\"Whisky Arc-52 by Aston Martin - Toys4Vip\",\"isPartOf\":{\"@id\":\"https:\/\/www.toys4vip.com\/fr\/#website\"},\"primaryImageOfPage\":{\"@id\":\"https:\/\/www.toys4vip.com\/fr\/luxury-toy\/whisky-arc-52-by-aston-martin\/#primaryimage\"},\"datePublished\":\"2022-11-04T09:49:32+00:00\",\"dateModified\":\"2022-11-04T09:49:32+00:00\",\"breadcrumb\":{\"@id\":\"https:\/\/www.toys4vip.com\/fr\/luxury-toy\/whisky-arc-52-by-aston-martin\/#breadcrumb\"},\"inLanguage\":\"fr-FR\",\"potentialAction\":[{\"@type\":\"ReadAction\",\"target\":[\"https:\/\/www.toys4vip.com\/fr\/luxury-toy\/whisky-arc-52-by-aston-martin\/\"]}]},{\"@type\":\"BreadcrumbList\",\"@id\":\"https:\/\/www.toys4vip.com\/fr\/luxury-toy\/whisky-arc-52-by-aston-martin\/#breadcrumb\",\"itemListElement\":[{\"@type\":\"ListItem\",\"position\":1,\"name\":\"Home\",\"item\":\"https:\/\/www.toys4vip.com\/fr\/\"},{\"@type\":\"ListItem\",\"position\":2,\"name\":\"Objets \/ Cat\\u00e9gories\",\"item\":\"https:\/\/www.toys4vip.com\/fr\/luxury-toys\/\"},{\"@type\":\"ListItem\",\"position\":3,\"name\":\"Whisky Arc-52 by Aston Martin\"}]}]}<\/script>\n<!-- \/ Yoast SEO plugin. -->","yoast_head_json":{"title":"Whisky Arc-52 by Aston Martin - Toys4Vip","robots":{"index":"index","follow":"follow","max-snippet":"max-snippet:-1","max-image-preview":"max-image-preview:large","max-video-preview":"max-video-preview:-1"},"canonical":"https:\/\/www.toys4vip.com\/fr\/luxury-toy\/whisky-arc-52-by-aston-martin\/","og_locale":"fr_FR","og_type":"article","og_title":"Whisky Arc-52 by Aston Martin - Toys4Vip","og_description":"Produite en s\u00e9rie limit\u00e9e de 100 exemplaires, la carafe Arc-52 renfermera un whisky d\u2019exception de 52 ans d\u2019\u00e2ge. Cette superbe carafe aux lignes pures et fluides \u00e9voque le dynamisme des Aston Martin. Les designers ont travaill\u00e9 de mani\u00e8re \u00e0 capturer l\u2019esprit du c\u00e9l\u00e8bre constructeur automobile britannique dans un objet d\u00e9licat tout en veillant \u00e0 ce [&hellip;]","og_url":"https:\/\/www.toys4vip.com\/fr\/luxury-toy\/whisky-arc-52-by-aston-martin\/","og_site_name":"Toys4Vip","og_image":[{"width":700,"height":470,"url":"https:\/\/www.toys4vip.com\/app\/uploads\/2022\/11\/Arc-52.1.jpeg","type":"image\/jpeg"}],"twitter_card":"summary_large_image","twitter_misc":{"Dur\u00e9e de lecture est.":"1 minute"},"schema":{"@context":"https:\/\/schema.org","@graph":[{"@type":"WebSite","@id":"https:\/\/www.toys4vip.com\/fr\/#website","url":"https:\/\/www.toys4vip.com\/fr\/","name":"Toys4Vip","description":"Jouets de luxe nouveau concept store","potentialAction":[{"@type":"SearchAction","target":{"@type":"EntryPoint","urlTemplate":"https:\/\/www.toys4vip.com\/fr\/?s={search_term_string}"},"query-input":"required name=search_term_string"}],"inLanguage":"fr-FR"},{"@type":"ImageObject","@id":"https:\/\/www.toys4vip.com\/fr\/luxury-toy\/whisky-arc-52-by-aston-martin\/#primaryimage","inLanguage":"fr-FR","url":"https:\/\/www.toys4vip.com\/app\/uploads\/2022\/11\/Arc-52.1.jpeg","contentUrl":"https:\/\/www.toys4vip.com\/app\/uploads\/2022\/11\/Arc-52.1.jpeg","width":700,"height":470},{"@type":"WebPage","@id":"https:\/\/www.toys4vip.com\/fr\/luxury-toy\/whisky-arc-52-by-aston-martin\/#webpage","url":"https:\/\/www.toys4vip.com\/fr\/luxury-toy\/whisky-arc-52-by-aston-martin\/","name":"Whisky Arc-52 by Aston Martin - Toys4Vip","isPartOf":{"@id":"https:\/\/www.toys4vip.com\/fr\/#website"},"primaryImageOfPage":{"@id":"https:\/\/www.toys4vip.com\/fr\/luxury-toy\/whisky-arc-52-by-aston-martin\/#primaryimage"},"datePublished":"2022-11-04T09:49:32+00:00","dateModified":"2022-11-04T09:49:32+00:00","breadcrumb":{"@id":"https:\/\/www.toys4vip.com\/fr\/luxury-toy\/whisky-arc-52-by-aston-martin\/#breadcrumb"},"inLanguage":"fr-FR","potentialAction":[{"@type":"ReadAction","target":["https:\/\/www.toys4vip.com\/fr\/luxury-toy\/whisky-arc-52-by-aston-martin\/"]}]},{"@type":"BreadcrumbList","@id":"https:\/\/www.toys4vip.com\/fr\/luxury-toy\/whisky-arc-52-by-aston-martin\/#breadcrumb","itemListElement":[{"@type":"ListItem","position":1,"name":"Home","item":"https:\/\/www.toys4vip.com\/fr\/"},{"@type":"ListItem","position":2,"name":"Objets \/ Cat\u00e9gories","item":"https:\/\/www.toys4vip.com\/fr\/luxury-toys\/"},{"@type":"ListItem","position":3,"name":"Whisky Arc-52 by Aston Martin"}]}]}},"_links":{"self":[{"href":"https:\/\/www.toys4vip.com\/fr\/wp-json\/wp\/v2\/product\/4104"}],"collection":[{"href":"https:\/\/www.toys4vip.com\/fr\/wp-json\/wp\/v2\/product"}],"about":[{"href":"https:\/\/www.toys4vip.com\/fr\/wp-json\/wp\/v2\/types\/product"}],"replies":[{"embeddable":true,"href":"https:\/\/www.toys4vip.com\/fr\/wp-json\/wp\/v2\/comments?post=4104"}],"wp:featuredmedia":[{"embeddable":true,"href":"https:\/\/www.toys4vip.com\/fr\/wp-json\/wp\/v2\/media\/4105"}],"wp:attachment":[{"href":"https:\/\/www.toys4vip.com\/fr\/wp-json\/wp\/v2\/media?parent=4104"}],"wp:term":[{"taxonomy":"product_cat","embeddable":true,"href":"https:\/\/www.toys4vip.com\/fr\/wp-json\/wp\/v2\/product_cat?post=4104"},{"taxonomy":"product_tag","embeddable":true,"href":"https:\/\/www.toys4vip.com\/fr\/wp-json\/wp\/v2\/product_tag?post=4104"}],"curies":[{"name":"wp","href":"https:\/\/api.w.org\/{rel}","templated":true}]}}