{"id":4089,"date":"2022-06-05T14:11:17","date_gmt":"2022-06-05T12:11:17","guid":{"rendered":"https:\/\/www.toys4vip.com\/?post_type=product&#038;p=4089"},"modified":"2025-05-07T13:44:34","modified_gmt":"2025-05-07T11:44:34","slug":"microlino","status":"publish","type":"product","link":"https:\/\/www.toys4vip.com\/fr\/luxury-toy\/microlino\/","title":{"rendered":"Microlino"},"content":{"rendered":"<p>Le lancement de la Microlino 2.0 est imminent. Pr\u00e9sente au Salon de Munich, la descendante 100 % \u00e9lectrique de la BMW Isetta arrivera sur nos routes au d\u00e9but de l&rsquo;ann\u00e9e 2022.<\/p>\n<p>Une vitesse de pointe de 90 km\/h&#8230; Malgr\u00e9 ces changements, la Microlino 2.0 affiche toujours moins de 450 kg sur la balance, notamment gr\u00e2ce \u00e0 l\u2019utilisation d\u2019aluminium dans la structure et dans les panneaux de carrosserie.<\/p>\n<p>La recharge sur une prise domestique s\u2019\u00e9tend, selon la capacit\u00e9 choisie, de 3 \u00e0 4 heures. Le moteur \u00e9lectrique affiche une puissance de 12,5 kW pour un couple de 118 Nm.<\/p>\n<p>La Microlino ne propose que deux places, mais elle dispose d\u2019un habitacle soign\u00e9 pouvant b\u00e9n\u00e9ficier d\u2019un toit ouvrant en toile et d\u2019une instrumentation num\u00e9rique. Le tout est agr\u00e9ment\u00e9 d\u2019un coffre au volume plut\u00f4t g\u00e9n\u00e9reux de 230 litres.<\/p>\n","protected":false},"excerpt":{"rendered":"<p>Le lancement de la Microlino 2.0 est imminent. Pr\u00e9sente au Salon de Munich, la descendante 100 % \u00e9lectrique de la BMW Isetta arrivera sur nos routes au d\u00e9but de l&rsquo;ann\u00e9e 2022.<\/p>\n<p>Une vitesse de pointe de 90 km\/h&#8230; Malgr\u00e9 ces changements, la Microlino 2.0 affiche toujours moins de 450 kg sur la balance, notamment gr\u00e2ce \u00e0 l\u2019utilisation d\u2019aluminium dans la structure et dans les panneaux de carrosserie.<\/p>\n","protected":false},"featured_media":4098,"comment_status":"open","ping_status":"closed","template":"","meta":[],"product_cat":[26,87],"product_tag":[],"yoast_head":"<!-- This site is optimized with the Yoast SEO plugin v17.4 - https:\/\/yoast.com\/wordpress\/plugins\/seo\/ -->\n<title>Microlino - Toys4Vip<\/title>\n<meta name=\"description\" content=\"Le lancement de la Microlino 2.0 est imminent. Pr\u00e9sente au Salon de Munich, la descendante 100 % \u00e9lectrique de la BMW Isetta arrivera sur nos routes au d\u00e9but de l&#039;ann\u00e9e 2022.Une vitesse de pointe de 90 km\/h... Malgr\u00e9 ces changements, la Microlino 2.0 affiche toujours moins de 450 kg sur la balance, notamment gr\u00e2ce \u00e0 l\u2019utilisation d\u2019aluminium dans la structure et dans les panneaux de carrosserie.\" \/>\n<meta name=\"robots\" content=\"index, follow, max-snippet:-1, max-image-preview:large, max-video-preview:-1\" \/>\n<link rel=\"canonical\" href=\"https:\/\/www.toys4vip.com\/fr\/luxury-toy\/microlino\/\" \/>\n<meta property=\"og:locale\" content=\"fr_FR\" \/>\n<meta property=\"og:type\" content=\"article\" \/>\n<meta property=\"og:title\" content=\"Microlino - Toys4Vip\" \/>\n<meta property=\"og:description\" content=\"Le lancement de la Microlino 2.0 est imminent. Pr\u00e9sente au Salon de Munich, la descendante 100 % \u00e9lectrique de la BMW Isetta arrivera sur nos routes au d\u00e9but de l&#039;ann\u00e9e 2022.Une vitesse de pointe de 90 km\/h... Malgr\u00e9 ces changements, la Microlino 2.0 affiche toujours moins de 450 kg sur la balance, notamment gr\u00e2ce \u00e0 l\u2019utilisation d\u2019aluminium dans la structure et dans les panneaux de carrosserie.\" \/>\n<meta property=\"og:url\" content=\"https:\/\/www.toys4vip.com\/fr\/luxury-toy\/microlino\/\" \/>\n<meta property=\"og:site_name\" content=\"Toys4Vip\" \/>\n<meta property=\"article:modified_time\" content=\"2025-05-07T11:44:34+00:00\" \/>\n<meta property=\"og:image\" content=\"https:\/\/www.toys4vip.com\/app\/uploads\/2022\/06\/m2.jpg\" \/>\n\t<meta property=\"og:image:width\" content=\"1920\" \/>\n\t<meta property=\"og:image:height\" content=\"1190\" \/>\n<meta name=\"twitter:card\" content=\"summary_large_image\" \/>\n<meta name=\"twitter:label1\" content=\"Dur\u00e9e de lecture est.\" \/>\n\t<meta name=\"twitter:data1\" content=\"1 minute\" \/>\n<script type=\"application\/ld+json\" class=\"yoast-schema-graph\">{\"@context\":\"https:\/\/schema.org\",\"@graph\":[{\"@type\":\"WebSite\",\"@id\":\"https:\/\/www.toys4vip.com\/fr\/#website\",\"url\":\"https:\/\/www.toys4vip.com\/fr\/\",\"name\":\"Toys4Vip\",\"description\":\"Jouets de luxe nouveau concept store\",\"potentialAction\":[{\"@type\":\"SearchAction\",\"target\":{\"@type\":\"EntryPoint\",\"urlTemplate\":\"https:\/\/www.toys4vip.com\/fr\/?s={search_term_string}\"},\"query-input\":\"required name=search_term_string\"}],\"inLanguage\":\"fr-FR\"},{\"@type\":\"ImageObject\",\"@id\":\"https:\/\/www.toys4vip.com\/fr\/luxury-toy\/microlino\/#primaryimage\",\"inLanguage\":\"fr-FR\",\"url\":\"https:\/\/www.toys4vip.com\/app\/uploads\/2022\/06\/m2.jpg\",\"contentUrl\":\"https:\/\/www.toys4vip.com\/app\/uploads\/2022\/06\/m2.jpg\",\"width\":1920,\"height\":1190},{\"@type\":\"WebPage\",\"@id\":\"https:\/\/www.toys4vip.com\/fr\/luxury-toy\/microlino\/#webpage\",\"url\":\"https:\/\/www.toys4vip.com\/fr\/luxury-toy\/microlino\/\",\"name\":\"Microlino - Toys4Vip\",\"isPartOf\":{\"@id\":\"https:\/\/www.toys4vip.com\/fr\/#website\"},\"primaryImageOfPage\":{\"@id\":\"https:\/\/www.toys4vip.com\/fr\/luxury-toy\/microlino\/#primaryimage\"},\"datePublished\":\"2022-06-05T12:11:17+00:00\",\"dateModified\":\"2025-05-07T11:44:34+00:00\",\"description\":\"Le lancement de la Microlino 2.0 est imminent. Pr\\u00e9sente au Salon de Munich, la descendante 100 % \\u00e9lectrique de la BMW Isetta arrivera sur nos routes au d\\u00e9but de l'ann\\u00e9e 2022.Une vitesse de pointe de 90 km\/h... Malgr\\u00e9 ces changements, la Microlino 2.0 affiche toujours moins de 450 kg sur la balance, notamment gr\\u00e2ce \\u00e0 l\\u2019utilisation d\\u2019aluminium dans la structure et dans les panneaux de carrosserie.\",\"breadcrumb\":{\"@id\":\"https:\/\/www.toys4vip.com\/fr\/luxury-toy\/microlino\/#breadcrumb\"},\"inLanguage\":\"fr-FR\",\"potentialAction\":[{\"@type\":\"ReadAction\",\"target\":[\"https:\/\/www.toys4vip.com\/fr\/luxury-toy\/microlino\/\"]}]},{\"@type\":\"BreadcrumbList\",\"@id\":\"https:\/\/www.toys4vip.com\/fr\/luxury-toy\/microlino\/#breadcrumb\",\"itemListElement\":[{\"@type\":\"ListItem\",\"position\":1,\"name\":\"Home\",\"item\":\"https:\/\/www.toys4vip.com\/fr\/\"},{\"@type\":\"ListItem\",\"position\":2,\"name\":\"Objets \/ Cat\\u00e9gories\",\"item\":\"https:\/\/www.toys4vip.com\/fr\/luxury-toys\/\"},{\"@type\":\"ListItem\",\"position\":3,\"name\":\"Microlino\"}]}]}<\/script>\n<!-- \/ Yoast SEO plugin. -->","yoast_head_json":{"title":"Microlino - Toys4Vip","description":"Le lancement de la Microlino 2.0 est imminent. Pr\u00e9sente au Salon de Munich, la descendante 100 % \u00e9lectrique de la BMW Isetta arrivera sur nos routes au d\u00e9but de l'ann\u00e9e 2022.Une vitesse de pointe de 90 km\/h... Malgr\u00e9 ces changements, la Microlino 2.0 affiche toujours moins de 450 kg sur la balance, notamment gr\u00e2ce \u00e0 l\u2019utilisation d\u2019aluminium dans la structure et dans les panneaux de carrosserie.","robots":{"index":"index","follow":"follow","max-snippet":"max-snippet:-1","max-image-preview":"max-image-preview:large","max-video-preview":"max-video-preview:-1"},"canonical":"https:\/\/www.toys4vip.com\/fr\/luxury-toy\/microlino\/","og_locale":"fr_FR","og_type":"article","og_title":"Microlino - Toys4Vip","og_description":"Le lancement de la Microlino 2.0 est imminent. Pr\u00e9sente au Salon de Munich, la descendante 100 % \u00e9lectrique de la BMW Isetta arrivera sur nos routes au d\u00e9but de l'ann\u00e9e 2022.Une vitesse de pointe de 90 km\/h... Malgr\u00e9 ces changements, la Microlino 2.0 affiche toujours moins de 450 kg sur la balance, notamment gr\u00e2ce \u00e0 l\u2019utilisation d\u2019aluminium dans la structure et dans les panneaux de carrosserie.","og_url":"https:\/\/www.toys4vip.com\/fr\/luxury-toy\/microlino\/","og_site_name":"Toys4Vip","article_modified_time":"2025-05-07T11:44:34+00:00","og_image":[{"width":1920,"height":1190,"url":"https:\/\/www.toys4vip.com\/app\/uploads\/2022\/06\/m2.jpg","type":"image\/jpeg"}],"twitter_card":"summary_large_image","twitter_misc":{"Dur\u00e9e de lecture est.":"1 minute"},"schema":{"@context":"https:\/\/schema.org","@graph":[{"@type":"WebSite","@id":"https:\/\/www.toys4vip.com\/fr\/#website","url":"https:\/\/www.toys4vip.com\/fr\/","name":"Toys4Vip","description":"Jouets de luxe nouveau concept store","potentialAction":[{"@type":"SearchAction","target":{"@type":"EntryPoint","urlTemplate":"https:\/\/www.toys4vip.com\/fr\/?s={search_term_string}"},"query-input":"required name=search_term_string"}],"inLanguage":"fr-FR"},{"@type":"ImageObject","@id":"https:\/\/www.toys4vip.com\/fr\/luxury-toy\/microlino\/#primaryimage","inLanguage":"fr-FR","url":"https:\/\/www.toys4vip.com\/app\/uploads\/2022\/06\/m2.jpg","contentUrl":"https:\/\/www.toys4vip.com\/app\/uploads\/2022\/06\/m2.jpg","width":1920,"height":1190},{"@type":"WebPage","@id":"https:\/\/www.toys4vip.com\/fr\/luxury-toy\/microlino\/#webpage","url":"https:\/\/www.toys4vip.com\/fr\/luxury-toy\/microlino\/","name":"Microlino - Toys4Vip","isPartOf":{"@id":"https:\/\/www.toys4vip.com\/fr\/#website"},"primaryImageOfPage":{"@id":"https:\/\/www.toys4vip.com\/fr\/luxury-toy\/microlino\/#primaryimage"},"datePublished":"2022-06-05T12:11:17+00:00","dateModified":"2025-05-07T11:44:34+00:00","description":"Le lancement de la Microlino 2.0 est imminent. Pr\u00e9sente au Salon de Munich, la descendante 100 % \u00e9lectrique de la BMW Isetta arrivera sur nos routes au d\u00e9but de l'ann\u00e9e 2022.Une vitesse de pointe de 90 km\/h... Malgr\u00e9 ces changements, la Microlino 2.0 affiche toujours moins de 450 kg sur la balance, notamment gr\u00e2ce \u00e0 l\u2019utilisation d\u2019aluminium dans la structure et dans les panneaux de carrosserie.","breadcrumb":{"@id":"https:\/\/www.toys4vip.com\/fr\/luxury-toy\/microlino\/#breadcrumb"},"inLanguage":"fr-FR","potentialAction":[{"@type":"ReadAction","target":["https:\/\/www.toys4vip.com\/fr\/luxury-toy\/microlino\/"]}]},{"@type":"BreadcrumbList","@id":"https:\/\/www.toys4vip.com\/fr\/luxury-toy\/microlino\/#breadcrumb","itemListElement":[{"@type":"ListItem","position":1,"name":"Home","item":"https:\/\/www.toys4vip.com\/fr\/"},{"@type":"ListItem","position":2,"name":"Objets \/ Cat\u00e9gories","item":"https:\/\/www.toys4vip.com\/fr\/luxury-toys\/"},{"@type":"ListItem","position":3,"name":"Microlino"}]}]}},"_links":{"self":[{"href":"https:\/\/www.toys4vip.com\/fr\/wp-json\/wp\/v2\/product\/4089"}],"collection":[{"href":"https:\/\/www.toys4vip.com\/fr\/wp-json\/wp\/v2\/product"}],"about":[{"href":"https:\/\/www.toys4vip.com\/fr\/wp-json\/wp\/v2\/types\/product"}],"replies":[{"embeddable":true,"href":"https:\/\/www.toys4vip.com\/fr\/wp-json\/wp\/v2\/comments?post=4089"}],"wp:featuredmedia":[{"embeddable":true,"href":"https:\/\/www.toys4vip.com\/fr\/wp-json\/wp\/v2\/media\/4098"}],"wp:attachment":[{"href":"https:\/\/www.toys4vip.com\/fr\/wp-json\/wp\/v2\/media?parent=4089"}],"wp:term":[{"taxonomy":"product_cat","embeddable":true,"href":"https:\/\/www.toys4vip.com\/fr\/wp-json\/wp\/v2\/product_cat?post=4089"},{"taxonomy":"product_tag","embeddable":true,"href":"https:\/\/www.toys4vip.com\/fr\/wp-json\/wp\/v2\/product_tag?post=4089"}],"curies":[{"name":"wp","href":"https:\/\/api.w.org\/{rel}","templated":true}]}}