{"id":1347,"date":"2021-11-02T10:30:50","date_gmt":"2021-11-02T10:30:50","guid":{"rendered":"https:\/\/toys4vip.com\/produit\/intensa-emozione\/"},"modified":"2021-11-16T17:37:18","modified_gmt":"2021-11-16T17:37:18","slug":"intensa-emozione","status":"publish","type":"product","link":"https:\/\/www.toys4vip.com\/fr\/luxury-toy\/intensa-emozione\/432\/","title":{"rendered":"Intensa Emozione"},"content":{"rendered":"<p>Cr\u00e9\u00e9e \u00e0 partir d\u2019une feuille blanche, l\u2019Apollo IE surprend. Son design et ses performances hors normes ne laisseront personne indiff\u00e9rent\u2026 La supercar a \u00e9t\u00e9 all\u00e9g\u00e9e de certaines technologies : elle ne poss\u00e8de ni turbos, ni syst\u00e8mes hybrides. Son ch\u00e2ssis a \u00e9t\u00e9 fait sur mesure en fibre de carbone, l\u2019Intensa Emozione est donc tr\u00e8s l\u00e9g\u00e8re : elle ne p\u00e8se que 1250 kilos (avec une r\u00e9partition des masses de 45% \u00e0 l\u2019avant et 55% \u00e0 l\u2019arri\u00e8re) gr\u00e2ce \u00e0 la fibre de carbone. Le v\u00e9hicule est parfaitement a\u00e9rodynamique. Par exemple, \u00e0 300km\/h l\u2019IE produit 1 350 kg d\u2019appui a\u00e9rodynamique (44,5% \u00e0 l\u2019avant et 55,5% \u00e0 l\u2019arri\u00e8re).<\/p>\n<p>Sous le capot, l\u2019Apollo IE poss\u00e8de un moteur V12 atmosph\u00e9rique de 6,3 litres de cylindr\u00e9e d\u00e9veloppant 780 CV \u00e0 9 000 tr\/min et 760 Nm de couple. Le monstre est capable d\u2019exp\u00e9dier le 0 \u00e0 100 en 2,7 secondes. La vitesse maximale de l\u2019Intensa Emozione est de 335 km\/h. De quoi s\u2019amuser tranquillement sur circuit !<\/p>\n<p>La supercar Intensa Emozione offrira au conducteur une exp\u00e9rience sensorielle moderne, pure et intense \u00e0 la fois. Elle sera produite \u00e0 seulement 10 exemplaires et pour la modique somme de 2,3 millions d\u2019euros. Les futurs acheteurs auront \u00e9galement acc\u00e8s au programme Time Attack organis\u00e9 par Apollo Automobil sur les circuits de course les plus importants d\u2019Europe. De plus, les propri\u00e9taires auront la chance participer \u00e0 l\u2019\u00e9laboration des futurs v\u00e9hicules du constructeur.<\/p>\n","protected":false},"excerpt":{"rendered":"<p>Cr\u00e9\u00e9e \u00e0 partir d\u2019une feuille blanche, l\u2019Apollo IE surprend. Son design et ses performances hors normes ne laisseront personne indiff\u00e9rent\u2026 La supercar a \u00e9t\u00e9 all\u00e9g\u00e9e de certaines technologies : elle ne poss\u00e8de ni turbos, ni syst\u00e8mes hybrides. Son ch\u00e2ssis a \u00e9t\u00e9 fait sur mesure en fibre de carbone, l\u2019Intensa Emozione est donc tr\u00e8s l\u00e9g\u00e8re : [&hellip;]<\/p>\n","protected":false},"featured_media":1345,"comment_status":"open","ping_status":"closed","template":"","meta":[],"product_cat":[26,87],"product_tag":[],"yoast_head":"<!-- This site is optimized with the Yoast SEO plugin v17.4 - https:\/\/yoast.com\/wordpress\/plugins\/seo\/ -->\n<title>Intensa Emozione - Toys4Vip<\/title>\n<meta name=\"robots\" content=\"index, follow, max-snippet:-1, max-image-preview:large, max-video-preview:-1\" \/>\n<link rel=\"canonical\" href=\"https:\/\/www.toys4vip.com\/fr\/luxury-toy\/intensa-emozione\/432\/\" \/>\n<meta property=\"og:locale\" content=\"fr_FR\" \/>\n<meta property=\"og:type\" content=\"article\" \/>\n<meta property=\"og:title\" content=\"Intensa Emozione - Toys4Vip\" \/>\n<meta property=\"og:description\" content=\"Cr\u00e9\u00e9e \u00e0 partir d\u2019une feuille blanche, l\u2019Apollo IE surprend. Son design et ses performances hors normes ne laisseront personne indiff\u00e9rent\u2026 La supercar a \u00e9t\u00e9 all\u00e9g\u00e9e de certaines technologies : elle ne poss\u00e8de ni turbos, ni syst\u00e8mes hybrides. Son ch\u00e2ssis a \u00e9t\u00e9 fait sur mesure en fibre de carbone, l\u2019Intensa Emozione est donc tr\u00e8s l\u00e9g\u00e8re : [&hellip;]\" \/>\n<meta property=\"og:url\" content=\"https:\/\/www.toys4vip.com\/fr\/luxury-toy\/intensa-emozione\/432\/\" \/>\n<meta property=\"og:site_name\" content=\"Toys4Vip\" \/>\n<meta property=\"article:modified_time\" content=\"2021-11-16T17:37:18+00:00\" \/>\n<meta property=\"og:image\" content=\"https:\/\/www.toys4vip.com\/app\/uploads\/2021\/11\/main-301.jpg\" \/>\n\t<meta property=\"og:image:width\" content=\"1300\" \/>\n\t<meta property=\"og:image:height\" content=\"794\" \/>\n<meta name=\"twitter:card\" content=\"summary_large_image\" \/>\n<meta name=\"twitter:label1\" content=\"Dur\u00e9e de lecture est.\" \/>\n\t<meta name=\"twitter:data1\" content=\"1 minute\" \/>\n<script type=\"application\/ld+json\" class=\"yoast-schema-graph\">{\"@context\":\"https:\/\/schema.org\",\"@graph\":[{\"@type\":\"WebSite\",\"@id\":\"https:\/\/www.toys4vip.com\/fr\/#website\",\"url\":\"https:\/\/www.toys4vip.com\/fr\/\",\"name\":\"Toys4Vip\",\"description\":\"Jouets de luxe nouveau concept store\",\"potentialAction\":[{\"@type\":\"SearchAction\",\"target\":{\"@type\":\"EntryPoint\",\"urlTemplate\":\"https:\/\/www.toys4vip.com\/fr\/?s={search_term_string}\"},\"query-input\":\"required name=search_term_string\"}],\"inLanguage\":\"fr-FR\"},{\"@type\":\"ImageObject\",\"@id\":\"https:\/\/www.toys4vip.com\/fr\/luxury-toy\/intensa-emozione\/432\/#primaryimage\",\"inLanguage\":\"fr-FR\",\"url\":\"https:\/\/www.toys4vip.com\/app\/uploads\/2021\/11\/main-301.jpg\",\"contentUrl\":\"https:\/\/www.toys4vip.com\/app\/uploads\/2021\/11\/main-301.jpg\",\"width\":1300,\"height\":794},{\"@type\":\"WebPage\",\"@id\":\"https:\/\/www.toys4vip.com\/fr\/luxury-toy\/intensa-emozione\/432\/#webpage\",\"url\":\"https:\/\/www.toys4vip.com\/fr\/luxury-toy\/intensa-emozione\/432\/\",\"name\":\"Intensa Emozione - Toys4Vip\",\"isPartOf\":{\"@id\":\"https:\/\/www.toys4vip.com\/fr\/#website\"},\"primaryImageOfPage\":{\"@id\":\"https:\/\/www.toys4vip.com\/fr\/luxury-toy\/intensa-emozione\/432\/#primaryimage\"},\"datePublished\":\"2021-11-02T10:30:50+00:00\",\"dateModified\":\"2021-11-16T17:37:18+00:00\",\"breadcrumb\":{\"@id\":\"https:\/\/www.toys4vip.com\/fr\/luxury-toy\/intensa-emozione\/432\/#breadcrumb\"},\"inLanguage\":\"fr-FR\",\"potentialAction\":[{\"@type\":\"ReadAction\",\"target\":[\"https:\/\/www.toys4vip.com\/fr\/luxury-toy\/intensa-emozione\/432\/\"]}]},{\"@type\":\"BreadcrumbList\",\"@id\":\"https:\/\/www.toys4vip.com\/fr\/luxury-toy\/intensa-emozione\/432\/#breadcrumb\",\"itemListElement\":[{\"@type\":\"ListItem\",\"position\":1,\"name\":\"Home\",\"item\":\"https:\/\/www.toys4vip.com\/fr\/\"},{\"@type\":\"ListItem\",\"position\":2,\"name\":\"Objets \/ Cat\\u00e9gories\",\"item\":\"https:\/\/www.toys4vip.com\/fr\/luxury-toys\/\"},{\"@type\":\"ListItem\",\"position\":3,\"name\":\"Intensa Emozione\"}]}]}<\/script>\n<!-- \/ Yoast SEO plugin. -->","yoast_head_json":{"title":"Intensa Emozione - Toys4Vip","robots":{"index":"index","follow":"follow","max-snippet":"max-snippet:-1","max-image-preview":"max-image-preview:large","max-video-preview":"max-video-preview:-1"},"canonical":"https:\/\/www.toys4vip.com\/fr\/luxury-toy\/intensa-emozione\/432\/","og_locale":"fr_FR","og_type":"article","og_title":"Intensa Emozione - Toys4Vip","og_description":"Cr\u00e9\u00e9e \u00e0 partir d\u2019une feuille blanche, l\u2019Apollo IE surprend. Son design et ses performances hors normes ne laisseront personne indiff\u00e9rent\u2026 La supercar a \u00e9t\u00e9 all\u00e9g\u00e9e de certaines technologies : elle ne poss\u00e8de ni turbos, ni syst\u00e8mes hybrides. Son ch\u00e2ssis a \u00e9t\u00e9 fait sur mesure en fibre de carbone, l\u2019Intensa Emozione est donc tr\u00e8s l\u00e9g\u00e8re : [&hellip;]","og_url":"https:\/\/www.toys4vip.com\/fr\/luxury-toy\/intensa-emozione\/432\/","og_site_name":"Toys4Vip","article_modified_time":"2021-11-16T17:37:18+00:00","og_image":[{"width":1300,"height":794,"url":"https:\/\/www.toys4vip.com\/app\/uploads\/2021\/11\/main-301.jpg","type":"image\/jpeg"}],"twitter_card":"summary_large_image","twitter_misc":{"Dur\u00e9e de lecture est.":"1 minute"},"schema":{"@context":"https:\/\/schema.org","@graph":[{"@type":"WebSite","@id":"https:\/\/www.toys4vip.com\/fr\/#website","url":"https:\/\/www.toys4vip.com\/fr\/","name":"Toys4Vip","description":"Jouets de luxe nouveau concept store","potentialAction":[{"@type":"SearchAction","target":{"@type":"EntryPoint","urlTemplate":"https:\/\/www.toys4vip.com\/fr\/?s={search_term_string}"},"query-input":"required name=search_term_string"}],"inLanguage":"fr-FR"},{"@type":"ImageObject","@id":"https:\/\/www.toys4vip.com\/fr\/luxury-toy\/intensa-emozione\/432\/#primaryimage","inLanguage":"fr-FR","url":"https:\/\/www.toys4vip.com\/app\/uploads\/2021\/11\/main-301.jpg","contentUrl":"https:\/\/www.toys4vip.com\/app\/uploads\/2021\/11\/main-301.jpg","width":1300,"height":794},{"@type":"WebPage","@id":"https:\/\/www.toys4vip.com\/fr\/luxury-toy\/intensa-emozione\/432\/#webpage","url":"https:\/\/www.toys4vip.com\/fr\/luxury-toy\/intensa-emozione\/432\/","name":"Intensa Emozione - Toys4Vip","isPartOf":{"@id":"https:\/\/www.toys4vip.com\/fr\/#website"},"primaryImageOfPage":{"@id":"https:\/\/www.toys4vip.com\/fr\/luxury-toy\/intensa-emozione\/432\/#primaryimage"},"datePublished":"2021-11-02T10:30:50+00:00","dateModified":"2021-11-16T17:37:18+00:00","breadcrumb":{"@id":"https:\/\/www.toys4vip.com\/fr\/luxury-toy\/intensa-emozione\/432\/#breadcrumb"},"inLanguage":"fr-FR","potentialAction":[{"@type":"ReadAction","target":["https:\/\/www.toys4vip.com\/fr\/luxury-toy\/intensa-emozione\/432\/"]}]},{"@type":"BreadcrumbList","@id":"https:\/\/www.toys4vip.com\/fr\/luxury-toy\/intensa-emozione\/432\/#breadcrumb","itemListElement":[{"@type":"ListItem","position":1,"name":"Home","item":"https:\/\/www.toys4vip.com\/fr\/"},{"@type":"ListItem","position":2,"name":"Objets \/ Cat\u00e9gories","item":"https:\/\/www.toys4vip.com\/fr\/luxury-toys\/"},{"@type":"ListItem","position":3,"name":"Intensa Emozione"}]}]}},"_links":{"self":[{"href":"https:\/\/www.toys4vip.com\/fr\/wp-json\/wp\/v2\/product\/1347"}],"collection":[{"href":"https:\/\/www.toys4vip.com\/fr\/wp-json\/wp\/v2\/product"}],"about":[{"href":"https:\/\/www.toys4vip.com\/fr\/wp-json\/wp\/v2\/types\/product"}],"replies":[{"embeddable":true,"href":"https:\/\/www.toys4vip.com\/fr\/wp-json\/wp\/v2\/comments?post=1347"}],"wp:featuredmedia":[{"embeddable":true,"href":"https:\/\/www.toys4vip.com\/fr\/wp-json\/wp\/v2\/media\/1345"}],"wp:attachment":[{"href":"https:\/\/www.toys4vip.com\/fr\/wp-json\/wp\/v2\/media?parent=1347"}],"wp:term":[{"taxonomy":"product_cat","embeddable":true,"href":"https:\/\/www.toys4vip.com\/fr\/wp-json\/wp\/v2\/product_cat?post=1347"},{"taxonomy":"product_tag","embeddable":true,"href":"https:\/\/www.toys4vip.com\/fr\/wp-json\/wp\/v2\/product_tag?post=1347"}],"curies":[{"name":"wp","href":"https:\/\/api.w.org\/{rel}","templated":true}]}}