{"id":1335,"date":"2021-11-02T10:30:48","date_gmt":"2021-11-02T10:30:48","guid":{"rendered":"https:\/\/toys4vip.com\/produit\/moke-amphibie-lazareth\/"},"modified":"2021-11-17T16:23:40","modified_gmt":"2021-11-17T16:23:40","slug":"moke-amphibie-lazareth","status":"publish","type":"product","link":"https:\/\/www.toys4vip.com\/fr\/luxury-toy\/moke-amphibie-lazareth\/424\/","title":{"rendered":"Moke Amphibie Lazareth"},"content":{"rendered":"<p>La Moke Amphibie Lazareth est une voiture de plage fabriqu\u00e9e \u00e0 Annecy !<\/p>\n<p>Avec son moteur de 400cc Euro 4, la Mini Moke Amphibie Lazareth est homologu\u00e9e route (Quadricycle L7e). Elle atteint alors 90km\/h sur la terre ferme.<\/p>\n<p>Elle est conforme \u00e0 la cat\u00e9gorie de navigation des engins de plage et peut \u00e9galement \u00eatre immatricul\u00e9e comme une annexe de bateau.<br \/>\nGrace \u00e0 ses 4 roues motrice et sa carrosserie en aluminium, la Moke Lazareth est agile sur tout les terrains !<\/p>\n<p>Son insubmersibilit\u00e9 et son mode \u00ab navigation \u00bb lui permettent de passer de la route \u00e0 la mer en quelques secondes. Une h\u00e9lice limit\u00e9e \u00e0 6ch assure ensuite la propulsion et permet \u00e0 la Moke amphibie de se d\u00e9placer \u00e0 7 n\u0153uds (12 km\/h).<\/p>\n<p>Ce v\u00e9hicule, disponible sur commande, est enti\u00e8rement fabriqu\u00e9 en France \u00e0 Annecy. Il s\u2019inscrit dans une approche \u00e9co-environnementale durant tout son cycle de vie.<\/p>\n","protected":false},"excerpt":{"rendered":"<p>La Moke Amphibie Lazareth est une voiture de plage fabriqu\u00e9e \u00e0 Annecy ! Avec son moteur de 400cc Euro 4, la Mini Moke Amphibie Lazareth est homologu\u00e9e route (Quadricycle L7e). Elle atteint alors 90km\/h sur la terre ferme. Elle est conforme \u00e0 la cat\u00e9gorie de navigation des engins de plage et peut \u00e9galement \u00eatre immatricul\u00e9e [&hellip;]<\/p>\n","protected":false},"featured_media":1333,"comment_status":"open","ping_status":"closed","template":"","meta":[],"product_cat":[26,86],"product_tag":[],"yoast_head":"<!-- This site is optimized with the Yoast SEO plugin v17.4 - https:\/\/yoast.com\/wordpress\/plugins\/seo\/ -->\n<title>Moke Amphibie Lazareth - Toys4Vip<\/title>\n<meta name=\"robots\" content=\"index, follow, max-snippet:-1, max-image-preview:large, max-video-preview:-1\" \/>\n<link rel=\"canonical\" href=\"https:\/\/www.toys4vip.com\/fr\/luxury-toy\/moke-amphibie-lazareth\/424\/\" \/>\n<meta property=\"og:locale\" content=\"fr_FR\" \/>\n<meta property=\"og:type\" content=\"article\" \/>\n<meta property=\"og:title\" content=\"Moke Amphibie Lazareth - Toys4Vip\" \/>\n<meta property=\"og:description\" content=\"La Moke Amphibie Lazareth est une voiture de plage fabriqu\u00e9e \u00e0 Annecy ! Avec son moteur de 400cc Euro 4, la Mini Moke Amphibie Lazareth est homologu\u00e9e route (Quadricycle L7e). Elle atteint alors 90km\/h sur la terre ferme. Elle est conforme \u00e0 la cat\u00e9gorie de navigation des engins de plage et peut \u00e9galement \u00eatre immatricul\u00e9e [&hellip;]\" \/>\n<meta property=\"og:url\" content=\"https:\/\/www.toys4vip.com\/fr\/luxury-toy\/moke-amphibie-lazareth\/424\/\" \/>\n<meta property=\"og:site_name\" content=\"Toys4Vip\" \/>\n<meta property=\"article:modified_time\" content=\"2021-11-17T16:23:40+00:00\" \/>\n<meta property=\"og:image\" content=\"https:\/\/www.toys4vip.com\/app\/uploads\/2021\/11\/main-297.jpg\" \/>\n\t<meta property=\"og:image:width\" content=\"1500\" \/>\n\t<meta property=\"og:image:height\" content=\"1000\" \/>\n<meta name=\"twitter:card\" content=\"summary_large_image\" \/>\n<meta name=\"twitter:label1\" content=\"Dur\u00e9e de lecture est.\" \/>\n\t<meta name=\"twitter:data1\" content=\"1 minute\" \/>\n<script type=\"application\/ld+json\" class=\"yoast-schema-graph\">{\"@context\":\"https:\/\/schema.org\",\"@graph\":[{\"@type\":\"WebSite\",\"@id\":\"https:\/\/www.toys4vip.com\/fr\/#website\",\"url\":\"https:\/\/www.toys4vip.com\/fr\/\",\"name\":\"Toys4Vip\",\"description\":\"Jouets de luxe nouveau concept store\",\"potentialAction\":[{\"@type\":\"SearchAction\",\"target\":{\"@type\":\"EntryPoint\",\"urlTemplate\":\"https:\/\/www.toys4vip.com\/fr\/?s={search_term_string}\"},\"query-input\":\"required name=search_term_string\"}],\"inLanguage\":\"fr-FR\"},{\"@type\":\"ImageObject\",\"@id\":\"https:\/\/www.toys4vip.com\/fr\/luxury-toy\/moke-amphibie-lazareth\/424\/#primaryimage\",\"inLanguage\":\"fr-FR\",\"url\":\"https:\/\/www.toys4vip.com\/app\/uploads\/2021\/11\/main-297.jpg\",\"contentUrl\":\"https:\/\/www.toys4vip.com\/app\/uploads\/2021\/11\/main-297.jpg\",\"width\":1500,\"height\":1000},{\"@type\":\"WebPage\",\"@id\":\"https:\/\/www.toys4vip.com\/fr\/luxury-toy\/moke-amphibie-lazareth\/424\/#webpage\",\"url\":\"https:\/\/www.toys4vip.com\/fr\/luxury-toy\/moke-amphibie-lazareth\/424\/\",\"name\":\"Moke Amphibie Lazareth - Toys4Vip\",\"isPartOf\":{\"@id\":\"https:\/\/www.toys4vip.com\/fr\/#website\"},\"primaryImageOfPage\":{\"@id\":\"https:\/\/www.toys4vip.com\/fr\/luxury-toy\/moke-amphibie-lazareth\/424\/#primaryimage\"},\"datePublished\":\"2021-11-02T10:30:48+00:00\",\"dateModified\":\"2021-11-17T16:23:40+00:00\",\"breadcrumb\":{\"@id\":\"https:\/\/www.toys4vip.com\/fr\/luxury-toy\/moke-amphibie-lazareth\/424\/#breadcrumb\"},\"inLanguage\":\"fr-FR\",\"potentialAction\":[{\"@type\":\"ReadAction\",\"target\":[\"https:\/\/www.toys4vip.com\/fr\/luxury-toy\/moke-amphibie-lazareth\/424\/\"]}]},{\"@type\":\"BreadcrumbList\",\"@id\":\"https:\/\/www.toys4vip.com\/fr\/luxury-toy\/moke-amphibie-lazareth\/424\/#breadcrumb\",\"itemListElement\":[{\"@type\":\"ListItem\",\"position\":1,\"name\":\"Home\",\"item\":\"https:\/\/www.toys4vip.com\/fr\/\"},{\"@type\":\"ListItem\",\"position\":2,\"name\":\"Objets \/ Cat\\u00e9gories\",\"item\":\"https:\/\/www.toys4vip.com\/fr\/luxury-toys\/\"},{\"@type\":\"ListItem\",\"position\":3,\"name\":\"Moke Amphibie Lazareth\"}]}]}<\/script>\n<!-- \/ Yoast SEO plugin. -->","yoast_head_json":{"title":"Moke Amphibie Lazareth - Toys4Vip","robots":{"index":"index","follow":"follow","max-snippet":"max-snippet:-1","max-image-preview":"max-image-preview:large","max-video-preview":"max-video-preview:-1"},"canonical":"https:\/\/www.toys4vip.com\/fr\/luxury-toy\/moke-amphibie-lazareth\/424\/","og_locale":"fr_FR","og_type":"article","og_title":"Moke Amphibie Lazareth - Toys4Vip","og_description":"La Moke Amphibie Lazareth est une voiture de plage fabriqu\u00e9e \u00e0 Annecy ! Avec son moteur de 400cc Euro 4, la Mini Moke Amphibie Lazareth est homologu\u00e9e route (Quadricycle L7e). Elle atteint alors 90km\/h sur la terre ferme. Elle est conforme \u00e0 la cat\u00e9gorie de navigation des engins de plage et peut \u00e9galement \u00eatre immatricul\u00e9e [&hellip;]","og_url":"https:\/\/www.toys4vip.com\/fr\/luxury-toy\/moke-amphibie-lazareth\/424\/","og_site_name":"Toys4Vip","article_modified_time":"2021-11-17T16:23:40+00:00","og_image":[{"width":1500,"height":1000,"url":"https:\/\/www.toys4vip.com\/app\/uploads\/2021\/11\/main-297.jpg","type":"image\/jpeg"}],"twitter_card":"summary_large_image","twitter_misc":{"Dur\u00e9e de lecture est.":"1 minute"},"schema":{"@context":"https:\/\/schema.org","@graph":[{"@type":"WebSite","@id":"https:\/\/www.toys4vip.com\/fr\/#website","url":"https:\/\/www.toys4vip.com\/fr\/","name":"Toys4Vip","description":"Jouets de luxe nouveau concept store","potentialAction":[{"@type":"SearchAction","target":{"@type":"EntryPoint","urlTemplate":"https:\/\/www.toys4vip.com\/fr\/?s={search_term_string}"},"query-input":"required name=search_term_string"}],"inLanguage":"fr-FR"},{"@type":"ImageObject","@id":"https:\/\/www.toys4vip.com\/fr\/luxury-toy\/moke-amphibie-lazareth\/424\/#primaryimage","inLanguage":"fr-FR","url":"https:\/\/www.toys4vip.com\/app\/uploads\/2021\/11\/main-297.jpg","contentUrl":"https:\/\/www.toys4vip.com\/app\/uploads\/2021\/11\/main-297.jpg","width":1500,"height":1000},{"@type":"WebPage","@id":"https:\/\/www.toys4vip.com\/fr\/luxury-toy\/moke-amphibie-lazareth\/424\/#webpage","url":"https:\/\/www.toys4vip.com\/fr\/luxury-toy\/moke-amphibie-lazareth\/424\/","name":"Moke Amphibie Lazareth - Toys4Vip","isPartOf":{"@id":"https:\/\/www.toys4vip.com\/fr\/#website"},"primaryImageOfPage":{"@id":"https:\/\/www.toys4vip.com\/fr\/luxury-toy\/moke-amphibie-lazareth\/424\/#primaryimage"},"datePublished":"2021-11-02T10:30:48+00:00","dateModified":"2021-11-17T16:23:40+00:00","breadcrumb":{"@id":"https:\/\/www.toys4vip.com\/fr\/luxury-toy\/moke-amphibie-lazareth\/424\/#breadcrumb"},"inLanguage":"fr-FR","potentialAction":[{"@type":"ReadAction","target":["https:\/\/www.toys4vip.com\/fr\/luxury-toy\/moke-amphibie-lazareth\/424\/"]}]},{"@type":"BreadcrumbList","@id":"https:\/\/www.toys4vip.com\/fr\/luxury-toy\/moke-amphibie-lazareth\/424\/#breadcrumb","itemListElement":[{"@type":"ListItem","position":1,"name":"Home","item":"https:\/\/www.toys4vip.com\/fr\/"},{"@type":"ListItem","position":2,"name":"Objets \/ Cat\u00e9gories","item":"https:\/\/www.toys4vip.com\/fr\/luxury-toys\/"},{"@type":"ListItem","position":3,"name":"Moke Amphibie Lazareth"}]}]}},"_links":{"self":[{"href":"https:\/\/www.toys4vip.com\/fr\/wp-json\/wp\/v2\/product\/1335"}],"collection":[{"href":"https:\/\/www.toys4vip.com\/fr\/wp-json\/wp\/v2\/product"}],"about":[{"href":"https:\/\/www.toys4vip.com\/fr\/wp-json\/wp\/v2\/types\/product"}],"replies":[{"embeddable":true,"href":"https:\/\/www.toys4vip.com\/fr\/wp-json\/wp\/v2\/comments?post=1335"}],"wp:featuredmedia":[{"embeddable":true,"href":"https:\/\/www.toys4vip.com\/fr\/wp-json\/wp\/v2\/media\/1333"}],"wp:attachment":[{"href":"https:\/\/www.toys4vip.com\/fr\/wp-json\/wp\/v2\/media?parent=1335"}],"wp:term":[{"taxonomy":"product_cat","embeddable":true,"href":"https:\/\/www.toys4vip.com\/fr\/wp-json\/wp\/v2\/product_cat?post=1335"},{"taxonomy":"product_tag","embeddable":true,"href":"https:\/\/www.toys4vip.com\/fr\/wp-json\/wp\/v2\/product_tag?post=1335"}],"curies":[{"name":"wp","href":"https:\/\/api.w.org\/{rel}","templated":true}]}}