{"id":1332,"date":"2021-11-02T10:30:47","date_gmt":"2021-11-02T10:30:47","guid":{"rendered":"https:\/\/toys4vip.com\/produit\/c5-blast-go-kart-ultimate\/"},"modified":"2021-11-17T16:15:55","modified_gmt":"2021-11-17T16:15:55","slug":"c5-blast-go-kart-ultimate","status":"publish","type":"product","link":"https:\/\/www.toys4vip.com\/fr\/luxury-toy\/c5-blast-go-kart-ultimate\/423\/","title":{"rendered":"C5 Blast Go-Kart Ultimate"},"content":{"rendered":"<p>Pour le conduire, il faut aimer la vitesse et le grand frisson. Si jamais vous n\u2019avez pas peur d\u2019en prendre plein la vue et d\u2019atteindre des vitesses jamais \u00e9gal\u00e9es pour un \u00ab jouet \u00bb, alors le Daymark C5 Go-Kart est sans doute fait pour vous !<\/p>\n<p>Le Daymark C5 Go-Kart n\u2019a de jouet que le nom. En effet, la soci\u00e9t\u00e9 canadienne sp\u00e9cialis\u00e9e dans la fabrication de v\u00e9hicules \u00e9lectriques l\u00e9gers a d\u00e9cid\u00e9 de se pencher sur un tout autre type de v\u00e9hicule, \u00e0 savoir les karts.<\/p>\n<p>Et celui-ci est bien plus performant que la plupart des supercars ! Il est dot\u00e9 d\u2019\u00e9quipements remarquables \u00e0 commencer par ses douze petits moteurs \u00e0 h\u00e9lices situ\u00e9s sur les c\u00f4t\u00e9s et \u00e0 l\u2019arri\u00e8re de la machine. Ceux-ci permettent d\u2019all\u00e9ger le Daymark C5 Go-Kart qui p\u00e8se tout de m\u00eame 200kg.<\/p>\n<p>Le Daymark C5 Go-Kart est propuls\u00e9 par un moteur 10 kWh brushless DC Motors et par une batterie de 2400 Watt-heures Lithium combin\u00e9 Panasonic, que ce soit sur la version standard ou la version haut-de-gamme. De plus, il est \u00e9quip\u00e9 de disques de frein hydrauliques \u00e0 l\u2019arri\u00e8re et d\u2019un syst\u00e8me de refroidissement haute-performance, pour atteindre une vitesse presque irr\u00e9elle.<\/p>\n<p>En effet, la marque a longtemps travaill\u00e9 pour que le Daymark C5 Go-Kart soit en mesure de battre le record du monde du kart le plus rapide. Si la version standard peut atteindre le 0 \u00e0 97km\/h en 3,9 secondes, la version haut-de-gamme est encore plus rapide !<\/p>\n<p>Le pr\u00e9c\u00e9dent record \u00e9tait d\u00e9tenu par un constructeur allemand et \u00e9tait de 0 \u00e0 97km\/h en 2,635 secondes. C\u2019est l\u00e0 que le Daymark C5 Go-Kart se d\u00e9marque puisqu\u2019il est capable d\u2019atteindre la m\u00eame vitesse en seulement 1,5 secondes ! Absolument \u00e9patant ! Et encore, la soci\u00e9t\u00e9 entend bien am\u00e9liorer encore son kart pour qu\u2019il puisse passer sous la seconde, ce qui en ferait le v\u00e9hicule le plus rapide du monde.<\/p>\n<p>Enfin, la soci\u00e9t\u00e9 s\u2019emploie \u00e0 r\u00e9duire au maximum les \u00e9missions de CO2, une d\u00e9marche honorable \u00e0 d\u00e9faut de r\u00e9duire le prix de ses engins ! En effet, si le Daymark C5 Go-Kart standard co\u00fbte 10 000$, la version sup\u00e9rieure co\u00fbte 60 000$ ! Autre record donc pour ce \u00ab jouet \u00bb qui devient ainsi le plus cher du monde !<\/p>\n","protected":false},"excerpt":{"rendered":"<p>Pour le conduire, il faut aimer la vitesse et le grand frisson. Si jamais vous n\u2019avez pas peur d\u2019en prendre plein la vue et d\u2019atteindre des vitesses jamais \u00e9gal\u00e9es pour un \u00ab jouet \u00bb, alors le Daymark C5 Go-Kart est sans doute fait pour vous ! Le Daymark C5 Go-Kart n\u2019a de jouet que le [&hellip;]<\/p>\n","protected":false},"featured_media":1330,"comment_status":"open","ping_status":"closed","template":"","meta":[],"product_cat":[26,87],"product_tag":[],"yoast_head":"<!-- This site is optimized with the Yoast SEO plugin v17.4 - https:\/\/yoast.com\/wordpress\/plugins\/seo\/ -->\n<title>C5 Blast Go-Kart Ultimate - Toys4Vip<\/title>\n<meta name=\"description\" content=\"Pour le conduire, il faut aimer la vitesse et le grand frisson. Si jamais vous n\u2019avez pas peur d\u2019en prendre plein la vue et d\u2019atteindre des vitesses jamais \u00e9gal\u00e9es pour un \u00ab jouet \u00bb, alors le Daymark C5 Go-Kart est sans doute fait pour vous !Le Daymark C5 Go-Kart n\u2019a de jouet que le nom. En effet, la soci\u00e9t\u00e9 canadienne sp\u00e9cialis\u00e9e dans la fabrication de v\u00e9hicules \u00e9lectriques l\u00e9gers a d\u00e9cid\u00e9 de se pencher sur un tout autre type de v\u00e9hicule, \u00e0 savoir les karts.Et celui-ci est bien plus performant que la plupart des supercars ! Il est dot\u00e9 d\u2019\u00e9quipements remarquables \u00e0 commencer par ses douze petits moteurs \u00e0 h\u00e9lices situ\u00e9s sur les c\u00f4t\u00e9s et \u00e0 l\u2019arri\u00e8re de la machine. Ceux-ci permettent d\u2019all\u00e9ger le Daymark C5 Go-Kart qui p\u00e8se tout de m\u00eame 200kg.\" \/>\n<meta name=\"robots\" content=\"index, follow, max-snippet:-1, max-image-preview:large, max-video-preview:-1\" \/>\n<link rel=\"canonical\" href=\"https:\/\/www.toys4vip.com\/fr\/luxury-toy\/c5-blast-go-kart-ultimate\/423\/\" \/>\n<meta property=\"og:locale\" content=\"fr_FR\" \/>\n<meta property=\"og:type\" content=\"article\" \/>\n<meta property=\"og:title\" content=\"C5 Blast Go-Kart Ultimate - Toys4Vip\" \/>\n<meta property=\"og:description\" content=\"Pour le conduire, il faut aimer la vitesse et le grand frisson. Si jamais vous n\u2019avez pas peur d\u2019en prendre plein la vue et d\u2019atteindre des vitesses jamais \u00e9gal\u00e9es pour un \u00ab jouet \u00bb, alors le Daymark C5 Go-Kart est sans doute fait pour vous !Le Daymark C5 Go-Kart n\u2019a de jouet que le nom. En effet, la soci\u00e9t\u00e9 canadienne sp\u00e9cialis\u00e9e dans la fabrication de v\u00e9hicules \u00e9lectriques l\u00e9gers a d\u00e9cid\u00e9 de se pencher sur un tout autre type de v\u00e9hicule, \u00e0 savoir les karts.Et celui-ci est bien plus performant que la plupart des supercars ! Il est dot\u00e9 d\u2019\u00e9quipements remarquables \u00e0 commencer par ses douze petits moteurs \u00e0 h\u00e9lices situ\u00e9s sur les c\u00f4t\u00e9s et \u00e0 l\u2019arri\u00e8re de la machine. Ceux-ci permettent d\u2019all\u00e9ger le Daymark C5 Go-Kart qui p\u00e8se tout de m\u00eame 200kg.\" \/>\n<meta property=\"og:url\" content=\"https:\/\/www.toys4vip.com\/fr\/luxury-toy\/c5-blast-go-kart-ultimate\/423\/\" \/>\n<meta property=\"og:site_name\" content=\"Toys4Vip\" \/>\n<meta property=\"article:modified_time\" content=\"2021-11-17T16:15:55+00:00\" \/>\n<meta property=\"og:image\" content=\"https:\/\/www.toys4vip.com\/app\/uploads\/2021\/11\/main-296.jpg\" \/>\n\t<meta property=\"og:image:width\" content=\"1280\" \/>\n\t<meta property=\"og:image:height\" content=\"720\" \/>\n<meta name=\"twitter:card\" content=\"summary_large_image\" \/>\n<meta name=\"twitter:label1\" content=\"Dur\u00e9e de lecture est.\" \/>\n\t<meta name=\"twitter:data1\" content=\"2 minutes\" \/>\n<script type=\"application\/ld+json\" class=\"yoast-schema-graph\">{\"@context\":\"https:\/\/schema.org\",\"@graph\":[{\"@type\":\"WebSite\",\"@id\":\"https:\/\/www.toys4vip.com\/fr\/#website\",\"url\":\"https:\/\/www.toys4vip.com\/fr\/\",\"name\":\"Toys4Vip\",\"description\":\"Jouets de luxe nouveau concept store\",\"potentialAction\":[{\"@type\":\"SearchAction\",\"target\":{\"@type\":\"EntryPoint\",\"urlTemplate\":\"https:\/\/www.toys4vip.com\/fr\/?s={search_term_string}\"},\"query-input\":\"required name=search_term_string\"}],\"inLanguage\":\"fr-FR\"},{\"@type\":\"ImageObject\",\"@id\":\"https:\/\/www.toys4vip.com\/fr\/luxury-toy\/c5-blast-go-kart-ultimate\/423\/#primaryimage\",\"inLanguage\":\"fr-FR\",\"url\":\"https:\/\/www.toys4vip.com\/app\/uploads\/2021\/11\/main-296.jpg\",\"contentUrl\":\"https:\/\/www.toys4vip.com\/app\/uploads\/2021\/11\/main-296.jpg\",\"width\":1280,\"height\":720},{\"@type\":\"WebPage\",\"@id\":\"https:\/\/www.toys4vip.com\/fr\/luxury-toy\/c5-blast-go-kart-ultimate\/423\/#webpage\",\"url\":\"https:\/\/www.toys4vip.com\/fr\/luxury-toy\/c5-blast-go-kart-ultimate\/423\/\",\"name\":\"C5 Blast Go-Kart Ultimate - Toys4Vip\",\"isPartOf\":{\"@id\":\"https:\/\/www.toys4vip.com\/fr\/#website\"},\"primaryImageOfPage\":{\"@id\":\"https:\/\/www.toys4vip.com\/fr\/luxury-toy\/c5-blast-go-kart-ultimate\/423\/#primaryimage\"},\"datePublished\":\"2021-11-02T10:30:47+00:00\",\"dateModified\":\"2021-11-17T16:15:55+00:00\",\"description\":\"Pour le conduire, il faut aimer la vitesse et le grand frisson. Si jamais vous n\\u2019avez pas peur d\\u2019en prendre plein la vue et d\\u2019atteindre des vitesses jamais \\u00e9gal\\u00e9es pour un \\u00ab jouet \\u00bb, alors le Daymark C5 Go-Kart est sans doute fait pour vous !Le Daymark C5 Go-Kart n\\u2019a de jouet que le nom. En effet, la soci\\u00e9t\\u00e9 canadienne sp\\u00e9cialis\\u00e9e dans la fabrication de v\\u00e9hicules \\u00e9lectriques l\\u00e9gers a d\\u00e9cid\\u00e9 de se pencher sur un tout autre type de v\\u00e9hicule, \\u00e0 savoir les karts.Et celui-ci est bien plus performant que la plupart des supercars ! Il est dot\\u00e9 d\\u2019\\u00e9quipements remarquables \\u00e0 commencer par ses douze petits moteurs \\u00e0 h\\u00e9lices situ\\u00e9s sur les c\\u00f4t\\u00e9s et \\u00e0 l\\u2019arri\\u00e8re de la machine. Ceux-ci permettent d\\u2019all\\u00e9ger le Daymark C5 Go-Kart qui p\\u00e8se tout de m\\u00eame 200kg.\",\"breadcrumb\":{\"@id\":\"https:\/\/www.toys4vip.com\/fr\/luxury-toy\/c5-blast-go-kart-ultimate\/423\/#breadcrumb\"},\"inLanguage\":\"fr-FR\",\"potentialAction\":[{\"@type\":\"ReadAction\",\"target\":[\"https:\/\/www.toys4vip.com\/fr\/luxury-toy\/c5-blast-go-kart-ultimate\/423\/\"]}]},{\"@type\":\"BreadcrumbList\",\"@id\":\"https:\/\/www.toys4vip.com\/fr\/luxury-toy\/c5-blast-go-kart-ultimate\/423\/#breadcrumb\",\"itemListElement\":[{\"@type\":\"ListItem\",\"position\":1,\"name\":\"Home\",\"item\":\"https:\/\/www.toys4vip.com\/fr\/\"},{\"@type\":\"ListItem\",\"position\":2,\"name\":\"Objets \/ Cat\\u00e9gories\",\"item\":\"https:\/\/www.toys4vip.com\/fr\/luxury-toys\/\"},{\"@type\":\"ListItem\",\"position\":3,\"name\":\"C5 Blast Go-Kart Ultimate\"}]}]}<\/script>\n<!-- \/ Yoast SEO plugin. -->","yoast_head_json":{"title":"C5 Blast Go-Kart Ultimate - Toys4Vip","description":"Pour le conduire, il faut aimer la vitesse et le grand frisson. Si jamais vous n\u2019avez pas peur d\u2019en prendre plein la vue et d\u2019atteindre des vitesses jamais \u00e9gal\u00e9es pour un \u00ab jouet \u00bb, alors le Daymark C5 Go-Kart est sans doute fait pour vous !Le Daymark C5 Go-Kart n\u2019a de jouet que le nom. En effet, la soci\u00e9t\u00e9 canadienne sp\u00e9cialis\u00e9e dans la fabrication de v\u00e9hicules \u00e9lectriques l\u00e9gers a d\u00e9cid\u00e9 de se pencher sur un tout autre type de v\u00e9hicule, \u00e0 savoir les karts.Et celui-ci est bien plus performant que la plupart des supercars ! Il est dot\u00e9 d\u2019\u00e9quipements remarquables \u00e0 commencer par ses douze petits moteurs \u00e0 h\u00e9lices situ\u00e9s sur les c\u00f4t\u00e9s et \u00e0 l\u2019arri\u00e8re de la machine. Ceux-ci permettent d\u2019all\u00e9ger le Daymark C5 Go-Kart qui p\u00e8se tout de m\u00eame 200kg.","robots":{"index":"index","follow":"follow","max-snippet":"max-snippet:-1","max-image-preview":"max-image-preview:large","max-video-preview":"max-video-preview:-1"},"canonical":"https:\/\/www.toys4vip.com\/fr\/luxury-toy\/c5-blast-go-kart-ultimate\/423\/","og_locale":"fr_FR","og_type":"article","og_title":"C5 Blast Go-Kart Ultimate - Toys4Vip","og_description":"Pour le conduire, il faut aimer la vitesse et le grand frisson. Si jamais vous n\u2019avez pas peur d\u2019en prendre plein la vue et d\u2019atteindre des vitesses jamais \u00e9gal\u00e9es pour un \u00ab jouet \u00bb, alors le Daymark C5 Go-Kart est sans doute fait pour vous !Le Daymark C5 Go-Kart n\u2019a de jouet que le nom. En effet, la soci\u00e9t\u00e9 canadienne sp\u00e9cialis\u00e9e dans la fabrication de v\u00e9hicules \u00e9lectriques l\u00e9gers a d\u00e9cid\u00e9 de se pencher sur un tout autre type de v\u00e9hicule, \u00e0 savoir les karts.Et celui-ci est bien plus performant que la plupart des supercars ! Il est dot\u00e9 d\u2019\u00e9quipements remarquables \u00e0 commencer par ses douze petits moteurs \u00e0 h\u00e9lices situ\u00e9s sur les c\u00f4t\u00e9s et \u00e0 l\u2019arri\u00e8re de la machine. Ceux-ci permettent d\u2019all\u00e9ger le Daymark C5 Go-Kart qui p\u00e8se tout de m\u00eame 200kg.","og_url":"https:\/\/www.toys4vip.com\/fr\/luxury-toy\/c5-blast-go-kart-ultimate\/423\/","og_site_name":"Toys4Vip","article_modified_time":"2021-11-17T16:15:55+00:00","og_image":[{"width":1280,"height":720,"url":"https:\/\/www.toys4vip.com\/app\/uploads\/2021\/11\/main-296.jpg","type":"image\/jpeg"}],"twitter_card":"summary_large_image","twitter_misc":{"Dur\u00e9e de lecture est.":"2 minutes"},"schema":{"@context":"https:\/\/schema.org","@graph":[{"@type":"WebSite","@id":"https:\/\/www.toys4vip.com\/fr\/#website","url":"https:\/\/www.toys4vip.com\/fr\/","name":"Toys4Vip","description":"Jouets de luxe nouveau concept store","potentialAction":[{"@type":"SearchAction","target":{"@type":"EntryPoint","urlTemplate":"https:\/\/www.toys4vip.com\/fr\/?s={search_term_string}"},"query-input":"required name=search_term_string"}],"inLanguage":"fr-FR"},{"@type":"ImageObject","@id":"https:\/\/www.toys4vip.com\/fr\/luxury-toy\/c5-blast-go-kart-ultimate\/423\/#primaryimage","inLanguage":"fr-FR","url":"https:\/\/www.toys4vip.com\/app\/uploads\/2021\/11\/main-296.jpg","contentUrl":"https:\/\/www.toys4vip.com\/app\/uploads\/2021\/11\/main-296.jpg","width":1280,"height":720},{"@type":"WebPage","@id":"https:\/\/www.toys4vip.com\/fr\/luxury-toy\/c5-blast-go-kart-ultimate\/423\/#webpage","url":"https:\/\/www.toys4vip.com\/fr\/luxury-toy\/c5-blast-go-kart-ultimate\/423\/","name":"C5 Blast Go-Kart Ultimate - Toys4Vip","isPartOf":{"@id":"https:\/\/www.toys4vip.com\/fr\/#website"},"primaryImageOfPage":{"@id":"https:\/\/www.toys4vip.com\/fr\/luxury-toy\/c5-blast-go-kart-ultimate\/423\/#primaryimage"},"datePublished":"2021-11-02T10:30:47+00:00","dateModified":"2021-11-17T16:15:55+00:00","description":"Pour le conduire, il faut aimer la vitesse et le grand frisson. Si jamais vous n\u2019avez pas peur d\u2019en prendre plein la vue et d\u2019atteindre des vitesses jamais \u00e9gal\u00e9es pour un \u00ab jouet \u00bb, alors le Daymark C5 Go-Kart est sans doute fait pour vous !Le Daymark C5 Go-Kart n\u2019a de jouet que le nom. En effet, la soci\u00e9t\u00e9 canadienne sp\u00e9cialis\u00e9e dans la fabrication de v\u00e9hicules \u00e9lectriques l\u00e9gers a d\u00e9cid\u00e9 de se pencher sur un tout autre type de v\u00e9hicule, \u00e0 savoir les karts.Et celui-ci est bien plus performant que la plupart des supercars ! Il est dot\u00e9 d\u2019\u00e9quipements remarquables \u00e0 commencer par ses douze petits moteurs \u00e0 h\u00e9lices situ\u00e9s sur les c\u00f4t\u00e9s et \u00e0 l\u2019arri\u00e8re de la machine. Ceux-ci permettent d\u2019all\u00e9ger le Daymark C5 Go-Kart qui p\u00e8se tout de m\u00eame 200kg.","breadcrumb":{"@id":"https:\/\/www.toys4vip.com\/fr\/luxury-toy\/c5-blast-go-kart-ultimate\/423\/#breadcrumb"},"inLanguage":"fr-FR","potentialAction":[{"@type":"ReadAction","target":["https:\/\/www.toys4vip.com\/fr\/luxury-toy\/c5-blast-go-kart-ultimate\/423\/"]}]},{"@type":"BreadcrumbList","@id":"https:\/\/www.toys4vip.com\/fr\/luxury-toy\/c5-blast-go-kart-ultimate\/423\/#breadcrumb","itemListElement":[{"@type":"ListItem","position":1,"name":"Home","item":"https:\/\/www.toys4vip.com\/fr\/"},{"@type":"ListItem","position":2,"name":"Objets \/ Cat\u00e9gories","item":"https:\/\/www.toys4vip.com\/fr\/luxury-toys\/"},{"@type":"ListItem","position":3,"name":"C5 Blast Go-Kart Ultimate"}]}]}},"_links":{"self":[{"href":"https:\/\/www.toys4vip.com\/fr\/wp-json\/wp\/v2\/product\/1332"}],"collection":[{"href":"https:\/\/www.toys4vip.com\/fr\/wp-json\/wp\/v2\/product"}],"about":[{"href":"https:\/\/www.toys4vip.com\/fr\/wp-json\/wp\/v2\/types\/product"}],"replies":[{"embeddable":true,"href":"https:\/\/www.toys4vip.com\/fr\/wp-json\/wp\/v2\/comments?post=1332"}],"wp:featuredmedia":[{"embeddable":true,"href":"https:\/\/www.toys4vip.com\/fr\/wp-json\/wp\/v2\/media\/1330"}],"wp:attachment":[{"href":"https:\/\/www.toys4vip.com\/fr\/wp-json\/wp\/v2\/media?parent=1332"}],"wp:term":[{"taxonomy":"product_cat","embeddable":true,"href":"https:\/\/www.toys4vip.com\/fr\/wp-json\/wp\/v2\/product_cat?post=1332"},{"taxonomy":"product_tag","embeddable":true,"href":"https:\/\/www.toys4vip.com\/fr\/wp-json\/wp\/v2\/product_tag?post=1332"}],"curies":[{"name":"wp","href":"https:\/\/api.w.org\/{rel}","templated":true}]}}