{"id":1326,"date":"2021-11-02T10:30:46","date_gmt":"2021-11-02T10:30:46","guid":{"rendered":"https:\/\/toys4vip.com\/produit\/le-simulateur-de-serie-mclaren-ultime\/"},"modified":"2021-11-18T18:12:22","modified_gmt":"2021-11-18T17:12:22","slug":"le-simulateur-de-serie-mclaren-ultime","status":"publish","type":"product","link":"https:\/\/www.toys4vip.com\/fr\/luxury-toy\/le-simulateur-de-serie-mclaren-ultime\/421\/","title":{"rendered":"Le simulateur de s\u00e9rie McLaren ultime"},"content":{"rendered":"<p>Les simulateurs McLaren Ultimate Series incarnent l&rsquo;ing\u00e9nierie et le design de la gamme de v\u00e9hicules McLaren Ultimate Series, apportant des \u00e9l\u00e9ments de conception subtils et des composants authentiques des voitures dans un syst\u00e8me de simulation de classe mondiale prim\u00e9. McLaren a abouti \u00e0 une collaboration unique et une premi\u00e8re mondiale pour l&rsquo;industrie de la simulation.<\/p>\n<p>Les simulateurs de McLaren sont con\u00e7us sous licence exclusive en collaboration avec l&rsquo;\u00e9quipe de conception du McLaren Technology Center, Woking. Les simulateurs ont fait l&rsquo;objet d&rsquo;un vigoureux processus de test et d&rsquo;approbation dirig\u00e9 par le chef de test de McLaren automobile.<\/p>\n<p>Le simulateur utilise des composants authentiques pris directement \u00e0 partir des v\u00e9hicules McLaren eux-m\u00eames, ce qui garantit une exp\u00e9rience McLaren la plus haute et la plus authentique possible. L&rsquo;un de ces composants cl\u00e9s est le volant; Une v\u00e9ritable roue de production McLaren qui int\u00e8gre les m\u00eames paletteurs trouv\u00e9s dans la voiture de route, r\u00e9pliquant le sens de changement de vitesse de changement de palette et solidifiant le lien entre simulateur et voiture<\/p>\n<p>Comprend un si\u00e8ge sportif authentique<\/p>\n<p>Le simulateur comprend un syst\u00e8me professionnel de direction de la force motrice directe, une technologie de pointe D-BOX, un son int\u00e9gr\u00e9 \u00e0 bord, un ordinateur int\u00e9gr\u00e9 embarqu\u00e9, un retour tactile, des logiciels fournissant des circuits du monde entier et un large \u00e9ventail de V\u00e9hicules virtuels McLaren pour conduire.<\/p>\n<p>La technologie de mouvement offre un mouvement Heave, Pitch et Roll complet, ainsi que des vibrations tactiles intelligentes \u00e0 plusieurs positions. La motion offre une r\u00e9cr\u00e9ation compl\u00e8te de la suspension et des mouvements de v\u00e9hicules des vrais v\u00e9hicules McLaren et les vibrations intelligentes cr\u00e9ent des sensations tactiles de la sensation de la route, des vibrations du moteur et d&rsquo;autres sensations tactiles.<\/p>\n<p>Le syst\u00e8me audio int\u00e9gr\u00e9 embarqu\u00e9 utilise des subwoofers \u00e0 faible profil situ\u00e9s discr\u00e8tement sous la base de l&rsquo;assise et des amplificateurs audio int\u00e9gr\u00e9s directement dans le simulateur. Ce type de solution audio fournit la solution la plus discr\u00e8te et la plus simple, sans composants branch\u00e9 s\u00e9par\u00e9ment du simulateur.<\/p>\n<p>En compl\u00e9tant l&rsquo;approche \u00e9l\u00e9gante et simplifi\u00e9e du design, les simulateurs incluent des syst\u00e8mes informatiques int\u00e9gr\u00e9s enti\u00e8rement int\u00e9gr\u00e9s pour alimenter les diff\u00e9rents syst\u00e8mes \u00e9lectroniques. Cela fournit au client une installation propre et intelligente dans sa maison et une installation facile avec des syst\u00e8mes pr\u00eats \u00e0 sortir. Il suffit de brancher l&rsquo;alimentation et de le d\u00e9marrer!<\/p>\n<p>Le simulateur est compact et ne n\u00e9cessite que deux prises standard, ce qui les rend id\u00e9al pour toute maison sans avoir besoin d&rsquo;\u00e9nergie particuli\u00e8re.<\/p>\n","protected":false},"excerpt":{"rendered":"<p>Les simulateurs McLaren Ultimate Series incarnent l&rsquo;ing\u00e9nierie et le design de la gamme de v\u00e9hicules McLaren Ultimate Series, apportant des \u00e9l\u00e9ments de conception subtils et des composants authentiques des voitures dans un syst\u00e8me de simulation de classe mondiale prim\u00e9. McLaren a abouti \u00e0 une collaboration unique et une premi\u00e8re mondiale pour l&rsquo;industrie de la simulation. [&hellip;]<\/p>\n","protected":false},"featured_media":1324,"comment_status":"open","ping_status":"closed","template":"","meta":[],"product_cat":[33],"product_tag":[],"yoast_head":"<!-- This site is optimized with the Yoast SEO plugin v17.4 - https:\/\/yoast.com\/wordpress\/plugins\/seo\/ -->\n<title>Le simulateur de s\u00e9rie McLaren ultime - Toys4Vip<\/title>\n<meta name=\"description\" content=\"Les simulateurs McLaren Ultimate Series incarnent l&#039;ing\u00e9nierie et le design de la gamme de v\u00e9hicules McLaren Ultimate Series, apportant des \u00e9l\u00e9ments de conception subtils et des composants authentiques des voitures dans un syst\u00e8me de simulation de classe mondiale prim\u00e9. McLaren a abouti \u00e0 une collaboration unique et une premi\u00e8re mondiale pour l&#039;industrie de la simulation.\" \/>\n<meta name=\"robots\" content=\"index, follow, max-snippet:-1, max-image-preview:large, max-video-preview:-1\" \/>\n<link rel=\"canonical\" href=\"https:\/\/www.toys4vip.com\/fr\/luxury-toy\/le-simulateur-de-serie-mclaren-ultime\/421\/\" \/>\n<meta property=\"og:locale\" content=\"fr_FR\" \/>\n<meta property=\"og:type\" content=\"article\" \/>\n<meta property=\"og:title\" content=\"Le simulateur de s\u00e9rie McLaren ultime - Toys4Vip\" \/>\n<meta property=\"og:description\" content=\"Les simulateurs McLaren Ultimate Series incarnent l&#039;ing\u00e9nierie et le design de la gamme de v\u00e9hicules McLaren Ultimate Series, apportant des \u00e9l\u00e9ments de conception subtils et des composants authentiques des voitures dans un syst\u00e8me de simulation de classe mondiale prim\u00e9. McLaren a abouti \u00e0 une collaboration unique et une premi\u00e8re mondiale pour l&#039;industrie de la simulation.\" \/>\n<meta property=\"og:url\" content=\"https:\/\/www.toys4vip.com\/fr\/luxury-toy\/le-simulateur-de-serie-mclaren-ultime\/421\/\" \/>\n<meta property=\"og:site_name\" content=\"Toys4Vip\" \/>\n<meta property=\"article:modified_time\" content=\"2021-11-18T17:12:22+00:00\" \/>\n<meta property=\"og:image\" content=\"https:\/\/www.toys4vip.com\/app\/uploads\/2021\/11\/main-294.jpg\" \/>\n\t<meta property=\"og:image:width\" content=\"1300\" \/>\n\t<meta property=\"og:image:height\" content=\"975\" \/>\n<meta name=\"twitter:card\" content=\"summary_large_image\" \/>\n<meta name=\"twitter:label1\" content=\"Dur\u00e9e de lecture est.\" \/>\n\t<meta name=\"twitter:data1\" content=\"2 minutes\" \/>\n<script type=\"application\/ld+json\" class=\"yoast-schema-graph\">{\"@context\":\"https:\/\/schema.org\",\"@graph\":[{\"@type\":\"WebSite\",\"@id\":\"https:\/\/www.toys4vip.com\/fr\/#website\",\"url\":\"https:\/\/www.toys4vip.com\/fr\/\",\"name\":\"Toys4Vip\",\"description\":\"Jouets de luxe nouveau concept store\",\"potentialAction\":[{\"@type\":\"SearchAction\",\"target\":{\"@type\":\"EntryPoint\",\"urlTemplate\":\"https:\/\/www.toys4vip.com\/fr\/?s={search_term_string}\"},\"query-input\":\"required name=search_term_string\"}],\"inLanguage\":\"fr-FR\"},{\"@type\":\"ImageObject\",\"@id\":\"https:\/\/www.toys4vip.com\/fr\/luxury-toy\/le-simulateur-de-serie-mclaren-ultime\/421\/#primaryimage\",\"inLanguage\":\"fr-FR\",\"url\":\"https:\/\/www.toys4vip.com\/app\/uploads\/2021\/11\/main-294.jpg\",\"contentUrl\":\"https:\/\/www.toys4vip.com\/app\/uploads\/2021\/11\/main-294.jpg\",\"width\":1300,\"height\":975},{\"@type\":\"WebPage\",\"@id\":\"https:\/\/www.toys4vip.com\/fr\/luxury-toy\/le-simulateur-de-serie-mclaren-ultime\/421\/#webpage\",\"url\":\"https:\/\/www.toys4vip.com\/fr\/luxury-toy\/le-simulateur-de-serie-mclaren-ultime\/421\/\",\"name\":\"Le simulateur de s\\u00e9rie McLaren ultime - Toys4Vip\",\"isPartOf\":{\"@id\":\"https:\/\/www.toys4vip.com\/fr\/#website\"},\"primaryImageOfPage\":{\"@id\":\"https:\/\/www.toys4vip.com\/fr\/luxury-toy\/le-simulateur-de-serie-mclaren-ultime\/421\/#primaryimage\"},\"datePublished\":\"2021-11-02T10:30:46+00:00\",\"dateModified\":\"2021-11-18T17:12:22+00:00\",\"description\":\"Les simulateurs McLaren Ultimate Series incarnent l'ing\\u00e9nierie et le design de la gamme de v\\u00e9hicules McLaren Ultimate Series, apportant des \\u00e9l\\u00e9ments de conception subtils et des composants authentiques des voitures dans un syst\\u00e8me de simulation de classe mondiale prim\\u00e9. McLaren a abouti \\u00e0 une collaboration unique et une premi\\u00e8re mondiale pour l'industrie de la simulation.\",\"breadcrumb\":{\"@id\":\"https:\/\/www.toys4vip.com\/fr\/luxury-toy\/le-simulateur-de-serie-mclaren-ultime\/421\/#breadcrumb\"},\"inLanguage\":\"fr-FR\",\"potentialAction\":[{\"@type\":\"ReadAction\",\"target\":[\"https:\/\/www.toys4vip.com\/fr\/luxury-toy\/le-simulateur-de-serie-mclaren-ultime\/421\/\"]}]},{\"@type\":\"BreadcrumbList\",\"@id\":\"https:\/\/www.toys4vip.com\/fr\/luxury-toy\/le-simulateur-de-serie-mclaren-ultime\/421\/#breadcrumb\",\"itemListElement\":[{\"@type\":\"ListItem\",\"position\":1,\"name\":\"Home\",\"item\":\"https:\/\/www.toys4vip.com\/fr\/\"},{\"@type\":\"ListItem\",\"position\":2,\"name\":\"Objets \/ Cat\\u00e9gories\",\"item\":\"https:\/\/www.toys4vip.com\/fr\/luxury-toys\/\"},{\"@type\":\"ListItem\",\"position\":3,\"name\":\"Le simulateur de s\\u00e9rie McLaren ultime\"}]}]}<\/script>\n<!-- \/ Yoast SEO plugin. -->","yoast_head_json":{"title":"Le simulateur de s\u00e9rie McLaren ultime - Toys4Vip","description":"Les simulateurs McLaren Ultimate Series incarnent l'ing\u00e9nierie et le design de la gamme de v\u00e9hicules McLaren Ultimate Series, apportant des \u00e9l\u00e9ments de conception subtils et des composants authentiques des voitures dans un syst\u00e8me de simulation de classe mondiale prim\u00e9. McLaren a abouti \u00e0 une collaboration unique et une premi\u00e8re mondiale pour l'industrie de la simulation.","robots":{"index":"index","follow":"follow","max-snippet":"max-snippet:-1","max-image-preview":"max-image-preview:large","max-video-preview":"max-video-preview:-1"},"canonical":"https:\/\/www.toys4vip.com\/fr\/luxury-toy\/le-simulateur-de-serie-mclaren-ultime\/421\/","og_locale":"fr_FR","og_type":"article","og_title":"Le simulateur de s\u00e9rie McLaren ultime - Toys4Vip","og_description":"Les simulateurs McLaren Ultimate Series incarnent l'ing\u00e9nierie et le design de la gamme de v\u00e9hicules McLaren Ultimate Series, apportant des \u00e9l\u00e9ments de conception subtils et des composants authentiques des voitures dans un syst\u00e8me de simulation de classe mondiale prim\u00e9. McLaren a abouti \u00e0 une collaboration unique et une premi\u00e8re mondiale pour l'industrie de la simulation.","og_url":"https:\/\/www.toys4vip.com\/fr\/luxury-toy\/le-simulateur-de-serie-mclaren-ultime\/421\/","og_site_name":"Toys4Vip","article_modified_time":"2021-11-18T17:12:22+00:00","og_image":[{"width":1300,"height":975,"url":"https:\/\/www.toys4vip.com\/app\/uploads\/2021\/11\/main-294.jpg","type":"image\/jpeg"}],"twitter_card":"summary_large_image","twitter_misc":{"Dur\u00e9e de lecture est.":"2 minutes"},"schema":{"@context":"https:\/\/schema.org","@graph":[{"@type":"WebSite","@id":"https:\/\/www.toys4vip.com\/fr\/#website","url":"https:\/\/www.toys4vip.com\/fr\/","name":"Toys4Vip","description":"Jouets de luxe nouveau concept store","potentialAction":[{"@type":"SearchAction","target":{"@type":"EntryPoint","urlTemplate":"https:\/\/www.toys4vip.com\/fr\/?s={search_term_string}"},"query-input":"required name=search_term_string"}],"inLanguage":"fr-FR"},{"@type":"ImageObject","@id":"https:\/\/www.toys4vip.com\/fr\/luxury-toy\/le-simulateur-de-serie-mclaren-ultime\/421\/#primaryimage","inLanguage":"fr-FR","url":"https:\/\/www.toys4vip.com\/app\/uploads\/2021\/11\/main-294.jpg","contentUrl":"https:\/\/www.toys4vip.com\/app\/uploads\/2021\/11\/main-294.jpg","width":1300,"height":975},{"@type":"WebPage","@id":"https:\/\/www.toys4vip.com\/fr\/luxury-toy\/le-simulateur-de-serie-mclaren-ultime\/421\/#webpage","url":"https:\/\/www.toys4vip.com\/fr\/luxury-toy\/le-simulateur-de-serie-mclaren-ultime\/421\/","name":"Le simulateur de s\u00e9rie McLaren ultime - Toys4Vip","isPartOf":{"@id":"https:\/\/www.toys4vip.com\/fr\/#website"},"primaryImageOfPage":{"@id":"https:\/\/www.toys4vip.com\/fr\/luxury-toy\/le-simulateur-de-serie-mclaren-ultime\/421\/#primaryimage"},"datePublished":"2021-11-02T10:30:46+00:00","dateModified":"2021-11-18T17:12:22+00:00","description":"Les simulateurs McLaren Ultimate Series incarnent l'ing\u00e9nierie et le design de la gamme de v\u00e9hicules McLaren Ultimate Series, apportant des \u00e9l\u00e9ments de conception subtils et des composants authentiques des voitures dans un syst\u00e8me de simulation de classe mondiale prim\u00e9. McLaren a abouti \u00e0 une collaboration unique et une premi\u00e8re mondiale pour l'industrie de la simulation.","breadcrumb":{"@id":"https:\/\/www.toys4vip.com\/fr\/luxury-toy\/le-simulateur-de-serie-mclaren-ultime\/421\/#breadcrumb"},"inLanguage":"fr-FR","potentialAction":[{"@type":"ReadAction","target":["https:\/\/www.toys4vip.com\/fr\/luxury-toy\/le-simulateur-de-serie-mclaren-ultime\/421\/"]}]},{"@type":"BreadcrumbList","@id":"https:\/\/www.toys4vip.com\/fr\/luxury-toy\/le-simulateur-de-serie-mclaren-ultime\/421\/#breadcrumb","itemListElement":[{"@type":"ListItem","position":1,"name":"Home","item":"https:\/\/www.toys4vip.com\/fr\/"},{"@type":"ListItem","position":2,"name":"Objets \/ Cat\u00e9gories","item":"https:\/\/www.toys4vip.com\/fr\/luxury-toys\/"},{"@type":"ListItem","position":3,"name":"Le simulateur de s\u00e9rie McLaren ultime"}]}]}},"_links":{"self":[{"href":"https:\/\/www.toys4vip.com\/fr\/wp-json\/wp\/v2\/product\/1326"}],"collection":[{"href":"https:\/\/www.toys4vip.com\/fr\/wp-json\/wp\/v2\/product"}],"about":[{"href":"https:\/\/www.toys4vip.com\/fr\/wp-json\/wp\/v2\/types\/product"}],"replies":[{"embeddable":true,"href":"https:\/\/www.toys4vip.com\/fr\/wp-json\/wp\/v2\/comments?post=1326"}],"wp:featuredmedia":[{"embeddable":true,"href":"https:\/\/www.toys4vip.com\/fr\/wp-json\/wp\/v2\/media\/1324"}],"wp:attachment":[{"href":"https:\/\/www.toys4vip.com\/fr\/wp-json\/wp\/v2\/media?parent=1326"}],"wp:term":[{"taxonomy":"product_cat","embeddable":true,"href":"https:\/\/www.toys4vip.com\/fr\/wp-json\/wp\/v2\/product_cat?post=1326"},{"taxonomy":"product_tag","embeddable":true,"href":"https:\/\/www.toys4vip.com\/fr\/wp-json\/wp\/v2\/product_tag?post=1326"}],"curies":[{"name":"wp","href":"https:\/\/api.w.org\/{rel}","templated":true}]}}