{"id":1323,"date":"2021-11-02T10:30:46","date_gmt":"2021-11-02T10:30:46","guid":{"rendered":"https:\/\/toys4vip.com\/produit\/hysek-colossal\/"},"modified":"2021-11-13T10:45:44","modified_gmt":"2021-11-13T10:45:44","slug":"hysek-colossal","status":"publish","type":"product","link":"https:\/\/www.toys4vip.com\/fr\/luxury-toy\/hysek-colossal\/420\/","title":{"rendered":"Hysek Colossal"},"content":{"rendered":"<p>Si la Grande Complication Colossal n\u2019est limit\u00e9e qu\u2019\u00e0 huit pi\u00e8ces uniques, c\u2019est parce qu\u2019elle m\u00eame est extraordinaire. Apr\u00e8s plus de trois ans de recherches et plusieurs d\u00e9p\u00f4ts de brevet, les 1000 composant de la montre se sont assembl\u00e9s pour r\u00e9v\u00e9ler une complexit\u00e9 hors norme.<\/p>\n<p>La Grande Complication Colossal r\u00e9pond aux trois concepts mis en avant par Hysek : les Heures Sautantes, le Quanti\u00e8me Perpetuel Sautant et la Phase de lune tridimensionnelle. Trois mouvements complexes, d\u2019autant plus qu\u2019ils sont tous affich\u00e9s \u00e0 la verticale ! Cela fait de la Grande Complication Colossal l\u2019une des montres les plus complexes jamais r\u00e9alis\u00e9es.<\/p>\n<p>Mais comment afficher le minuit parfait, \u00e0 savoir le 00 :00, sur un affichage des heures vertical ou lin\u00e9aire, et donc compos\u00e9 de rouleaux ? En effet, en tournant, le chiffre suivant le \u00ab 3 \u00bb est logiquement le \u00ab 4 \u00bb. Il a donc fallu trouver un syst\u00e8me pour que la Grande Complication Colossal affiche 00 :00 au lieu de 24 :00 puis 25 etc\u2026et donc interrompre le mouvement du rouleau.<\/p>\n<p>Pour ce faire, Hysek a trouv\u00e9 un syst\u00e8me exclusif encore jamais vu dans le monde. En effet, sur la Grande Complication Colossal, le chiffre \u00ab 3 \u00bb des heures fait marche arri\u00e8re quelques secondes avant minuit, vient se poser sur le \u00ab 9 \u00bb un court instant, avant de sauter \u00e0 \u00ab 0 \u00bb en m\u00eame temps que les trois autres rouleaux. Un ballet merveilleux de chiffre se d\u00e9voile alors sous nos yeux, et tout se met en place avec une synchronisation parfaite.<\/p>\n<p>Autre grande innovation de la Grande Complication Colossal, la Phase de Lune fixe, ancr\u00e9e dans une coupole en rotation. La lune centrale est fixe, tandis que la coupole constell\u00e9e d\u00e9voile les phases lunaires en imitant ses rotations, soit un tour de 360\u00b0 en 29,5 jours, un mouvement aussi pr\u00e9cis que les lunettes astronomiques.<\/p>\n<p>Puis, la Grande Complication Colossal pr\u00e9sente \u00e9galement les fuseaux horaires, la r\u00e9serve de marche et l\u2019indicateur saisonnier jour \/ nuit dans un noir intense en ce qui concerne les complications horaires habituelles, alors que les autres sont rhodi\u00e9es.<\/p>\n<p>La r\u00e9serve de marche de 42h de la Grande Complication Colossal ainsi que l\u2019indicateur saisonnier sont visibles sur les c\u00f4t\u00e9s de la montre gr\u00e2ce \u00e0 deux verres saphir. Autre mat\u00e9riau pr\u00e9cieux : le platine utilis\u00e9 pour le remontage automatique avec micro-rotor, aussi rare que confortable pour son porteur !<\/p>\n<p>La Grande Complication Colossal a \u00e9t\u00e9 cr\u00e9\u00e9e pour f\u00eater le 20e anniversaire d\u2019Hysek, qui depuis 2007 n\u2019en fini pas de nous surprendre. Un cadeau d\u2019anniversaire, qui co\u00fbte tout de m\u00eame 700 000$ !<\/p>\n","protected":false},"excerpt":{"rendered":"<p>Si la Grande Complication Colossal n\u2019est limit\u00e9e qu\u2019\u00e0 huit pi\u00e8ces uniques, c\u2019est parce qu\u2019elle m\u00eame est extraordinaire. Apr\u00e8s plus de trois ans de recherches et plusieurs d\u00e9p\u00f4ts de brevet, les 1000 composant de la montre se sont assembl\u00e9s pour r\u00e9v\u00e9ler une complexit\u00e9 hors norme. La Grande Complication Colossal r\u00e9pond aux trois concepts mis en avant [&hellip;]<\/p>\n","protected":false},"featured_media":1321,"comment_status":"open","ping_status":"closed","template":"","meta":[],"product_cat":[35],"product_tag":[],"yoast_head":"<!-- This site is optimized with the Yoast SEO plugin v17.4 - https:\/\/yoast.com\/wordpress\/plugins\/seo\/ -->\n<title>Hysek Colossal - Toys4Vip<\/title>\n<meta name=\"description\" content=\"Si la Grande Complication Colossal n\u2019est limit\u00e9e qu\u2019\u00e0 huit pi\u00e8ces uniques, c\u2019est parce qu\u2019elle m\u00eame est extraordinaire. Apr\u00e8s plus de trois ans de recherches et plusieurs d\u00e9p\u00f4ts de brevet, les 1000 composant de la montre se sont assembl\u00e9s pour r\u00e9v\u00e9ler une complexit\u00e9 hors norme.La Grande Complication Colossal r\u00e9pond aux trois concepts mis en avant par Hysek : les Heures Sautantes, le Quanti\u00e8me Perpetuel Sautant et la Phase de lune tridimensionnelle.\" \/>\n<meta name=\"robots\" content=\"index, follow, max-snippet:-1, max-image-preview:large, max-video-preview:-1\" \/>\n<link rel=\"canonical\" href=\"https:\/\/www.toys4vip.com\/fr\/luxury-toy\/hysek-colossal\/420\/\" \/>\n<meta property=\"og:locale\" content=\"fr_FR\" \/>\n<meta property=\"og:type\" content=\"article\" \/>\n<meta property=\"og:title\" content=\"Hysek Colossal - Toys4Vip\" \/>\n<meta property=\"og:description\" content=\"Si la Grande Complication Colossal n\u2019est limit\u00e9e qu\u2019\u00e0 huit pi\u00e8ces uniques, c\u2019est parce qu\u2019elle m\u00eame est extraordinaire. Apr\u00e8s plus de trois ans de recherches et plusieurs d\u00e9p\u00f4ts de brevet, les 1000 composant de la montre se sont assembl\u00e9s pour r\u00e9v\u00e9ler une complexit\u00e9 hors norme.La Grande Complication Colossal r\u00e9pond aux trois concepts mis en avant par Hysek : les Heures Sautantes, le Quanti\u00e8me Perpetuel Sautant et la Phase de lune tridimensionnelle.\" \/>\n<meta property=\"og:url\" content=\"https:\/\/www.toys4vip.com\/fr\/luxury-toy\/hysek-colossal\/420\/\" \/>\n<meta property=\"og:site_name\" content=\"Toys4Vip\" \/>\n<meta property=\"article:modified_time\" content=\"2021-11-13T10:45:44+00:00\" \/>\n<meta property=\"og:image\" content=\"https:\/\/www.toys4vip.com\/app\/uploads\/2021\/11\/main-293.jpg\" \/>\n\t<meta property=\"og:image:width\" content=\"688\" \/>\n\t<meta property=\"og:image:height\" content=\"688\" \/>\n<meta name=\"twitter:card\" content=\"summary_large_image\" \/>\n<meta name=\"twitter:label1\" content=\"Dur\u00e9e de lecture est.\" \/>\n\t<meta name=\"twitter:data1\" content=\"2 minutes\" \/>\n<script type=\"application\/ld+json\" class=\"yoast-schema-graph\">{\"@context\":\"https:\/\/schema.org\",\"@graph\":[{\"@type\":\"WebSite\",\"@id\":\"https:\/\/www.toys4vip.com\/fr\/#website\",\"url\":\"https:\/\/www.toys4vip.com\/fr\/\",\"name\":\"Toys4Vip\",\"description\":\"Jouets de luxe nouveau concept store\",\"potentialAction\":[{\"@type\":\"SearchAction\",\"target\":{\"@type\":\"EntryPoint\",\"urlTemplate\":\"https:\/\/www.toys4vip.com\/fr\/?s={search_term_string}\"},\"query-input\":\"required name=search_term_string\"}],\"inLanguage\":\"fr-FR\"},{\"@type\":\"ImageObject\",\"@id\":\"https:\/\/www.toys4vip.com\/fr\/luxury-toy\/hysek-colossal\/420\/#primaryimage\",\"inLanguage\":\"fr-FR\",\"url\":\"https:\/\/www.toys4vip.com\/app\/uploads\/2021\/11\/main-293.jpg\",\"contentUrl\":\"https:\/\/www.toys4vip.com\/app\/uploads\/2021\/11\/main-293.jpg\",\"width\":688,\"height\":688},{\"@type\":\"WebPage\",\"@id\":\"https:\/\/www.toys4vip.com\/fr\/luxury-toy\/hysek-colossal\/420\/#webpage\",\"url\":\"https:\/\/www.toys4vip.com\/fr\/luxury-toy\/hysek-colossal\/420\/\",\"name\":\"Hysek Colossal - Toys4Vip\",\"isPartOf\":{\"@id\":\"https:\/\/www.toys4vip.com\/fr\/#website\"},\"primaryImageOfPage\":{\"@id\":\"https:\/\/www.toys4vip.com\/fr\/luxury-toy\/hysek-colossal\/420\/#primaryimage\"},\"datePublished\":\"2021-11-02T10:30:46+00:00\",\"dateModified\":\"2021-11-13T10:45:44+00:00\",\"description\":\"Si la Grande Complication Colossal n\\u2019est limit\\u00e9e qu\\u2019\\u00e0 huit pi\\u00e8ces uniques, c\\u2019est parce qu\\u2019elle m\\u00eame est extraordinaire. Apr\\u00e8s plus de trois ans de recherches et plusieurs d\\u00e9p\\u00f4ts de brevet, les 1000 composant de la montre se sont assembl\\u00e9s pour r\\u00e9v\\u00e9ler une complexit\\u00e9 hors norme.La Grande Complication Colossal r\\u00e9pond aux trois concepts mis en avant par Hysek : les Heures Sautantes, le Quanti\\u00e8me Perpetuel Sautant et la Phase de lune tridimensionnelle.\",\"breadcrumb\":{\"@id\":\"https:\/\/www.toys4vip.com\/fr\/luxury-toy\/hysek-colossal\/420\/#breadcrumb\"},\"inLanguage\":\"fr-FR\",\"potentialAction\":[{\"@type\":\"ReadAction\",\"target\":[\"https:\/\/www.toys4vip.com\/fr\/luxury-toy\/hysek-colossal\/420\/\"]}]},{\"@type\":\"BreadcrumbList\",\"@id\":\"https:\/\/www.toys4vip.com\/fr\/luxury-toy\/hysek-colossal\/420\/#breadcrumb\",\"itemListElement\":[{\"@type\":\"ListItem\",\"position\":1,\"name\":\"Home\",\"item\":\"https:\/\/www.toys4vip.com\/fr\/\"},{\"@type\":\"ListItem\",\"position\":2,\"name\":\"Objets \/ Cat\\u00e9gories\",\"item\":\"https:\/\/www.toys4vip.com\/fr\/luxury-toys\/\"},{\"@type\":\"ListItem\",\"position\":3,\"name\":\"Hysek Colossal\"}]}]}<\/script>\n<!-- \/ Yoast SEO plugin. -->","yoast_head_json":{"title":"Hysek Colossal - Toys4Vip","description":"Si la Grande Complication Colossal n\u2019est limit\u00e9e qu\u2019\u00e0 huit pi\u00e8ces uniques, c\u2019est parce qu\u2019elle m\u00eame est extraordinaire. Apr\u00e8s plus de trois ans de recherches et plusieurs d\u00e9p\u00f4ts de brevet, les 1000 composant de la montre se sont assembl\u00e9s pour r\u00e9v\u00e9ler une complexit\u00e9 hors norme.La Grande Complication Colossal r\u00e9pond aux trois concepts mis en avant par Hysek : les Heures Sautantes, le Quanti\u00e8me Perpetuel Sautant et la Phase de lune tridimensionnelle.","robots":{"index":"index","follow":"follow","max-snippet":"max-snippet:-1","max-image-preview":"max-image-preview:large","max-video-preview":"max-video-preview:-1"},"canonical":"https:\/\/www.toys4vip.com\/fr\/luxury-toy\/hysek-colossal\/420\/","og_locale":"fr_FR","og_type":"article","og_title":"Hysek Colossal - Toys4Vip","og_description":"Si la Grande Complication Colossal n\u2019est limit\u00e9e qu\u2019\u00e0 huit pi\u00e8ces uniques, c\u2019est parce qu\u2019elle m\u00eame est extraordinaire. Apr\u00e8s plus de trois ans de recherches et plusieurs d\u00e9p\u00f4ts de brevet, les 1000 composant de la montre se sont assembl\u00e9s pour r\u00e9v\u00e9ler une complexit\u00e9 hors norme.La Grande Complication Colossal r\u00e9pond aux trois concepts mis en avant par Hysek : les Heures Sautantes, le Quanti\u00e8me Perpetuel Sautant et la Phase de lune tridimensionnelle.","og_url":"https:\/\/www.toys4vip.com\/fr\/luxury-toy\/hysek-colossal\/420\/","og_site_name":"Toys4Vip","article_modified_time":"2021-11-13T10:45:44+00:00","og_image":[{"width":688,"height":688,"url":"https:\/\/www.toys4vip.com\/app\/uploads\/2021\/11\/main-293.jpg","type":"image\/jpeg"}],"twitter_card":"summary_large_image","twitter_misc":{"Dur\u00e9e de lecture est.":"2 minutes"},"schema":{"@context":"https:\/\/schema.org","@graph":[{"@type":"WebSite","@id":"https:\/\/www.toys4vip.com\/fr\/#website","url":"https:\/\/www.toys4vip.com\/fr\/","name":"Toys4Vip","description":"Jouets de luxe nouveau concept store","potentialAction":[{"@type":"SearchAction","target":{"@type":"EntryPoint","urlTemplate":"https:\/\/www.toys4vip.com\/fr\/?s={search_term_string}"},"query-input":"required name=search_term_string"}],"inLanguage":"fr-FR"},{"@type":"ImageObject","@id":"https:\/\/www.toys4vip.com\/fr\/luxury-toy\/hysek-colossal\/420\/#primaryimage","inLanguage":"fr-FR","url":"https:\/\/www.toys4vip.com\/app\/uploads\/2021\/11\/main-293.jpg","contentUrl":"https:\/\/www.toys4vip.com\/app\/uploads\/2021\/11\/main-293.jpg","width":688,"height":688},{"@type":"WebPage","@id":"https:\/\/www.toys4vip.com\/fr\/luxury-toy\/hysek-colossal\/420\/#webpage","url":"https:\/\/www.toys4vip.com\/fr\/luxury-toy\/hysek-colossal\/420\/","name":"Hysek Colossal - Toys4Vip","isPartOf":{"@id":"https:\/\/www.toys4vip.com\/fr\/#website"},"primaryImageOfPage":{"@id":"https:\/\/www.toys4vip.com\/fr\/luxury-toy\/hysek-colossal\/420\/#primaryimage"},"datePublished":"2021-11-02T10:30:46+00:00","dateModified":"2021-11-13T10:45:44+00:00","description":"Si la Grande Complication Colossal n\u2019est limit\u00e9e qu\u2019\u00e0 huit pi\u00e8ces uniques, c\u2019est parce qu\u2019elle m\u00eame est extraordinaire. Apr\u00e8s plus de trois ans de recherches et plusieurs d\u00e9p\u00f4ts de brevet, les 1000 composant de la montre se sont assembl\u00e9s pour r\u00e9v\u00e9ler une complexit\u00e9 hors norme.La Grande Complication Colossal r\u00e9pond aux trois concepts mis en avant par Hysek : les Heures Sautantes, le Quanti\u00e8me Perpetuel Sautant et la Phase de lune tridimensionnelle.","breadcrumb":{"@id":"https:\/\/www.toys4vip.com\/fr\/luxury-toy\/hysek-colossal\/420\/#breadcrumb"},"inLanguage":"fr-FR","potentialAction":[{"@type":"ReadAction","target":["https:\/\/www.toys4vip.com\/fr\/luxury-toy\/hysek-colossal\/420\/"]}]},{"@type":"BreadcrumbList","@id":"https:\/\/www.toys4vip.com\/fr\/luxury-toy\/hysek-colossal\/420\/#breadcrumb","itemListElement":[{"@type":"ListItem","position":1,"name":"Home","item":"https:\/\/www.toys4vip.com\/fr\/"},{"@type":"ListItem","position":2,"name":"Objets \/ Cat\u00e9gories","item":"https:\/\/www.toys4vip.com\/fr\/luxury-toys\/"},{"@type":"ListItem","position":3,"name":"Hysek Colossal"}]}]}},"_links":{"self":[{"href":"https:\/\/www.toys4vip.com\/fr\/wp-json\/wp\/v2\/product\/1323"}],"collection":[{"href":"https:\/\/www.toys4vip.com\/fr\/wp-json\/wp\/v2\/product"}],"about":[{"href":"https:\/\/www.toys4vip.com\/fr\/wp-json\/wp\/v2\/types\/product"}],"replies":[{"embeddable":true,"href":"https:\/\/www.toys4vip.com\/fr\/wp-json\/wp\/v2\/comments?post=1323"}],"wp:featuredmedia":[{"embeddable":true,"href":"https:\/\/www.toys4vip.com\/fr\/wp-json\/wp\/v2\/media\/1321"}],"wp:attachment":[{"href":"https:\/\/www.toys4vip.com\/fr\/wp-json\/wp\/v2\/media?parent=1323"}],"wp:term":[{"taxonomy":"product_cat","embeddable":true,"href":"https:\/\/www.toys4vip.com\/fr\/wp-json\/wp\/v2\/product_cat?post=1323"},{"taxonomy":"product_tag","embeddable":true,"href":"https:\/\/www.toys4vip.com\/fr\/wp-json\/wp\/v2\/product_tag?post=1323"}],"curies":[{"name":"wp","href":"https:\/\/api.w.org\/{rel}","templated":true}]}}