{"id":1317,"date":"2021-11-02T10:30:45","date_gmt":"2021-11-02T10:30:45","guid":{"rendered":"https:\/\/toys4vip.com\/produit\/formquadrat\/"},"modified":"2021-11-16T17:39:47","modified_gmt":"2021-11-16T17:39:47","slug":"formquadrat","status":"publish","type":"product","link":"https:\/\/www.toys4vip.com\/fr\/luxury-toy\/formquadrat\/418\/","title":{"rendered":"Formquadrat"},"content":{"rendered":"<p>Amendes Pliable est un bateau multi-coque et un concept impressionnant. Dans le premier rapport, il semble \u00eatre un v\u00e9hicule compact avec seulement 4 \u00e0 6 personnes \u00e0 bord. Mais les apparences sont trompeuses, car les temps d&rsquo;arr\u00eat est d&rsquo;\u00e9largir la plate &#8211; forme de luxe. Les avantages d&rsquo;un petit bateau (mouillages, stationnement en parall\u00e8le), avec tout le confort d&rsquo;un grand \u00e9chantillon.<\/p>\n<p>Les fins amor\u00e7ages se compose de trois \u00e9l\u00e9ments qui, dans l&rsquo;\u00e9tat repli\u00e9 ont une taille de 2,6 \u00e0 7 m\u00e8tres. Une fois arrim\u00e9 \u00e0 une magnifique baie ou une autre zone, le bateau se replie dans une mini &#8211; \u00eele 7 de 7 m\u00e8tres. De cette fa\u00e7on, le yacht est l&rsquo;id\u00e9al aire de jeux pour se d\u00e9tendre ou nager.<\/p>\n<p>La grande pelouse \u00e0 l&rsquo;avant peut \u00eatre un coin salon avec table. L\u2019int\u00e9gration d\u2019une plaque de cuisson permet la pr\u00e9paration de plats chauds.<br \/>\nParmi eux, un espace de rangement et un plateau de boissons. Un syst\u00e8me d&rsquo;ombrage variable peut \u00eatre adapt\u00e9e aux besoins des passagers.<\/p>\n<p>Le contr\u00f4le de l&rsquo;unit\u00e9 centrale permet une tr\u00e8s bonne visibilit\u00e9 tous azimuts et fonctionne en position debout. L&rsquo;unit\u00e9 de poche d\u00e9tachable, les fonctions peuvent \u00eatre contr\u00f4l\u00e9es de mani\u00e8re flexible. Le panneau de commande peut \u00eatre abaiss\u00e9e en cas de non utilisation, pour encore plus d&rsquo;espace libre. Par la fonction de pilote automatique les itin\u00e9raires peuvent \u00eatre port\u00e9s, le syst\u00e8me Hold permet de garder le bateau en place sans d\u00e9rive.<\/p>\n","protected":false},"excerpt":{"rendered":"<p>Amendes Pliable est un bateau multi-coque et un concept impressionnant. Dans le premier rapport, il semble \u00eatre un v\u00e9hicule compact avec seulement 4 \u00e0 6 personnes \u00e0 bord. Mais les apparences sont trompeuses, car les temps d&rsquo;arr\u00eat est d&rsquo;\u00e9largir la plate &#8211; forme de luxe. Les avantages d&rsquo;un petit bateau (mouillages, stationnement en parall\u00e8le), avec [&hellip;]<\/p>\n","protected":false},"featured_media":1315,"comment_status":"open","ping_status":"closed","template":"","meta":[],"product_cat":[26,86],"product_tag":[],"yoast_head":"<!-- This site is optimized with the Yoast SEO plugin v17.4 - https:\/\/yoast.com\/wordpress\/plugins\/seo\/ -->\n<title>Formquadrat - Toys4Vip<\/title>\n<meta name=\"description\" content=\"Amendes Pliable est un bateau multi-coque et un concept impressionnant. Dans le premier rapport, il semble \u00eatre un v\u00e9hicule compact avec seulement 4 \u00e0 6 personnes \u00e0 bord. Mais les apparences sont trompeuses, car les temps d&#039;arr\u00eat est d&#039;\u00e9largir la plate - forme de luxe. Les avantages d&#039;un petit bateau (mouillages, stationnement en parall\u00e8le), avec tout le confort d&#039;un grand \u00e9chantillon.\" \/>\n<meta name=\"robots\" content=\"index, follow, max-snippet:-1, max-image-preview:large, max-video-preview:-1\" \/>\n<link rel=\"canonical\" href=\"https:\/\/www.toys4vip.com\/fr\/luxury-toy\/formquadrat\/418\/\" \/>\n<meta property=\"og:locale\" content=\"fr_FR\" \/>\n<meta property=\"og:type\" content=\"article\" \/>\n<meta property=\"og:title\" content=\"Formquadrat - Toys4Vip\" \/>\n<meta property=\"og:description\" content=\"Amendes Pliable est un bateau multi-coque et un concept impressionnant. Dans le premier rapport, il semble \u00eatre un v\u00e9hicule compact avec seulement 4 \u00e0 6 personnes \u00e0 bord. Mais les apparences sont trompeuses, car les temps d&#039;arr\u00eat est d&#039;\u00e9largir la plate - forme de luxe. Les avantages d&#039;un petit bateau (mouillages, stationnement en parall\u00e8le), avec tout le confort d&#039;un grand \u00e9chantillon.\" \/>\n<meta property=\"og:url\" content=\"https:\/\/www.toys4vip.com\/fr\/luxury-toy\/formquadrat\/418\/\" \/>\n<meta property=\"og:site_name\" content=\"Toys4Vip\" \/>\n<meta property=\"article:modified_time\" content=\"2021-11-16T17:39:47+00:00\" \/>\n<meta property=\"og:image\" content=\"https:\/\/www.toys4vip.com\/app\/uploads\/2021\/11\/main-291.jpg\" \/>\n\t<meta property=\"og:image:width\" content=\"1111\" \/>\n\t<meta property=\"og:image:height\" content=\"739\" \/>\n<meta name=\"twitter:card\" content=\"summary_large_image\" \/>\n<meta name=\"twitter:label1\" content=\"Dur\u00e9e de lecture est.\" \/>\n\t<meta name=\"twitter:data1\" content=\"1 minute\" \/>\n<script type=\"application\/ld+json\" class=\"yoast-schema-graph\">{\"@context\":\"https:\/\/schema.org\",\"@graph\":[{\"@type\":\"WebSite\",\"@id\":\"https:\/\/www.toys4vip.com\/fr\/#website\",\"url\":\"https:\/\/www.toys4vip.com\/fr\/\",\"name\":\"Toys4Vip\",\"description\":\"Jouets de luxe nouveau concept store\",\"potentialAction\":[{\"@type\":\"SearchAction\",\"target\":{\"@type\":\"EntryPoint\",\"urlTemplate\":\"https:\/\/www.toys4vip.com\/fr\/?s={search_term_string}\"},\"query-input\":\"required name=search_term_string\"}],\"inLanguage\":\"fr-FR\"},{\"@type\":\"ImageObject\",\"@id\":\"https:\/\/www.toys4vip.com\/fr\/luxury-toy\/formquadrat\/418\/#primaryimage\",\"inLanguage\":\"fr-FR\",\"url\":\"https:\/\/www.toys4vip.com\/app\/uploads\/2021\/11\/main-291.jpg\",\"contentUrl\":\"https:\/\/www.toys4vip.com\/app\/uploads\/2021\/11\/main-291.jpg\",\"width\":1111,\"height\":739},{\"@type\":\"WebPage\",\"@id\":\"https:\/\/www.toys4vip.com\/fr\/luxury-toy\/formquadrat\/418\/#webpage\",\"url\":\"https:\/\/www.toys4vip.com\/fr\/luxury-toy\/formquadrat\/418\/\",\"name\":\"Formquadrat - Toys4Vip\",\"isPartOf\":{\"@id\":\"https:\/\/www.toys4vip.com\/fr\/#website\"},\"primaryImageOfPage\":{\"@id\":\"https:\/\/www.toys4vip.com\/fr\/luxury-toy\/formquadrat\/418\/#primaryimage\"},\"datePublished\":\"2021-11-02T10:30:45+00:00\",\"dateModified\":\"2021-11-16T17:39:47+00:00\",\"description\":\"Amendes Pliable est un bateau multi-coque et un concept impressionnant. Dans le premier rapport, il semble \\u00eatre un v\\u00e9hicule compact avec seulement 4 \\u00e0 6 personnes \\u00e0 bord. Mais les apparences sont trompeuses, car les temps d'arr\\u00eat est d'\\u00e9largir la plate - forme de luxe. Les avantages d'un petit bateau (mouillages, stationnement en parall\\u00e8le), avec tout le confort d'un grand \\u00e9chantillon.\",\"breadcrumb\":{\"@id\":\"https:\/\/www.toys4vip.com\/fr\/luxury-toy\/formquadrat\/418\/#breadcrumb\"},\"inLanguage\":\"fr-FR\",\"potentialAction\":[{\"@type\":\"ReadAction\",\"target\":[\"https:\/\/www.toys4vip.com\/fr\/luxury-toy\/formquadrat\/418\/\"]}]},{\"@type\":\"BreadcrumbList\",\"@id\":\"https:\/\/www.toys4vip.com\/fr\/luxury-toy\/formquadrat\/418\/#breadcrumb\",\"itemListElement\":[{\"@type\":\"ListItem\",\"position\":1,\"name\":\"Home\",\"item\":\"https:\/\/www.toys4vip.com\/fr\/\"},{\"@type\":\"ListItem\",\"position\":2,\"name\":\"Objets \/ Cat\\u00e9gories\",\"item\":\"https:\/\/www.toys4vip.com\/fr\/luxury-toys\/\"},{\"@type\":\"ListItem\",\"position\":3,\"name\":\"Formquadrat\"}]}]}<\/script>\n<!-- \/ Yoast SEO plugin. -->","yoast_head_json":{"title":"Formquadrat - Toys4Vip","description":"Amendes Pliable est un bateau multi-coque et un concept impressionnant. Dans le premier rapport, il semble \u00eatre un v\u00e9hicule compact avec seulement 4 \u00e0 6 personnes \u00e0 bord. Mais les apparences sont trompeuses, car les temps d'arr\u00eat est d'\u00e9largir la plate - forme de luxe. Les avantages d'un petit bateau (mouillages, stationnement en parall\u00e8le), avec tout le confort d'un grand \u00e9chantillon.","robots":{"index":"index","follow":"follow","max-snippet":"max-snippet:-1","max-image-preview":"max-image-preview:large","max-video-preview":"max-video-preview:-1"},"canonical":"https:\/\/www.toys4vip.com\/fr\/luxury-toy\/formquadrat\/418\/","og_locale":"fr_FR","og_type":"article","og_title":"Formquadrat - Toys4Vip","og_description":"Amendes Pliable est un bateau multi-coque et un concept impressionnant. Dans le premier rapport, il semble \u00eatre un v\u00e9hicule compact avec seulement 4 \u00e0 6 personnes \u00e0 bord. Mais les apparences sont trompeuses, car les temps d'arr\u00eat est d'\u00e9largir la plate - forme de luxe. Les avantages d'un petit bateau (mouillages, stationnement en parall\u00e8le), avec tout le confort d'un grand \u00e9chantillon.","og_url":"https:\/\/www.toys4vip.com\/fr\/luxury-toy\/formquadrat\/418\/","og_site_name":"Toys4Vip","article_modified_time":"2021-11-16T17:39:47+00:00","og_image":[{"width":1111,"height":739,"url":"https:\/\/www.toys4vip.com\/app\/uploads\/2021\/11\/main-291.jpg","type":"image\/jpeg"}],"twitter_card":"summary_large_image","twitter_misc":{"Dur\u00e9e de lecture est.":"1 minute"},"schema":{"@context":"https:\/\/schema.org","@graph":[{"@type":"WebSite","@id":"https:\/\/www.toys4vip.com\/fr\/#website","url":"https:\/\/www.toys4vip.com\/fr\/","name":"Toys4Vip","description":"Jouets de luxe nouveau concept store","potentialAction":[{"@type":"SearchAction","target":{"@type":"EntryPoint","urlTemplate":"https:\/\/www.toys4vip.com\/fr\/?s={search_term_string}"},"query-input":"required name=search_term_string"}],"inLanguage":"fr-FR"},{"@type":"ImageObject","@id":"https:\/\/www.toys4vip.com\/fr\/luxury-toy\/formquadrat\/418\/#primaryimage","inLanguage":"fr-FR","url":"https:\/\/www.toys4vip.com\/app\/uploads\/2021\/11\/main-291.jpg","contentUrl":"https:\/\/www.toys4vip.com\/app\/uploads\/2021\/11\/main-291.jpg","width":1111,"height":739},{"@type":"WebPage","@id":"https:\/\/www.toys4vip.com\/fr\/luxury-toy\/formquadrat\/418\/#webpage","url":"https:\/\/www.toys4vip.com\/fr\/luxury-toy\/formquadrat\/418\/","name":"Formquadrat - Toys4Vip","isPartOf":{"@id":"https:\/\/www.toys4vip.com\/fr\/#website"},"primaryImageOfPage":{"@id":"https:\/\/www.toys4vip.com\/fr\/luxury-toy\/formquadrat\/418\/#primaryimage"},"datePublished":"2021-11-02T10:30:45+00:00","dateModified":"2021-11-16T17:39:47+00:00","description":"Amendes Pliable est un bateau multi-coque et un concept impressionnant. Dans le premier rapport, il semble \u00eatre un v\u00e9hicule compact avec seulement 4 \u00e0 6 personnes \u00e0 bord. Mais les apparences sont trompeuses, car les temps d'arr\u00eat est d'\u00e9largir la plate - forme de luxe. Les avantages d'un petit bateau (mouillages, stationnement en parall\u00e8le), avec tout le confort d'un grand \u00e9chantillon.","breadcrumb":{"@id":"https:\/\/www.toys4vip.com\/fr\/luxury-toy\/formquadrat\/418\/#breadcrumb"},"inLanguage":"fr-FR","potentialAction":[{"@type":"ReadAction","target":["https:\/\/www.toys4vip.com\/fr\/luxury-toy\/formquadrat\/418\/"]}]},{"@type":"BreadcrumbList","@id":"https:\/\/www.toys4vip.com\/fr\/luxury-toy\/formquadrat\/418\/#breadcrumb","itemListElement":[{"@type":"ListItem","position":1,"name":"Home","item":"https:\/\/www.toys4vip.com\/fr\/"},{"@type":"ListItem","position":2,"name":"Objets \/ Cat\u00e9gories","item":"https:\/\/www.toys4vip.com\/fr\/luxury-toys\/"},{"@type":"ListItem","position":3,"name":"Formquadrat"}]}]}},"_links":{"self":[{"href":"https:\/\/www.toys4vip.com\/fr\/wp-json\/wp\/v2\/product\/1317"}],"collection":[{"href":"https:\/\/www.toys4vip.com\/fr\/wp-json\/wp\/v2\/product"}],"about":[{"href":"https:\/\/www.toys4vip.com\/fr\/wp-json\/wp\/v2\/types\/product"}],"replies":[{"embeddable":true,"href":"https:\/\/www.toys4vip.com\/fr\/wp-json\/wp\/v2\/comments?post=1317"}],"wp:featuredmedia":[{"embeddable":true,"href":"https:\/\/www.toys4vip.com\/fr\/wp-json\/wp\/v2\/media\/1315"}],"wp:attachment":[{"href":"https:\/\/www.toys4vip.com\/fr\/wp-json\/wp\/v2\/media?parent=1317"}],"wp:term":[{"taxonomy":"product_cat","embeddable":true,"href":"https:\/\/www.toys4vip.com\/fr\/wp-json\/wp\/v2\/product_cat?post=1317"},{"taxonomy":"product_tag","embeddable":true,"href":"https:\/\/www.toys4vip.com\/fr\/wp-json\/wp\/v2\/product_tag?post=1317"}],"curies":[{"name":"wp","href":"https:\/\/api.w.org\/{rel}","templated":true}]}}