{"id":1314,"date":"2021-11-02T10:30:45","date_gmt":"2021-11-02T10:30:45","guid":{"rendered":"https:\/\/toys4vip.com\/produit\/ornate-garden\/"},"modified":"2021-11-18T17:11:09","modified_gmt":"2021-11-18T16:11:09","slug":"ornate-garden","status":"publish","type":"product","link":"https:\/\/www.toys4vip.com\/fr\/luxury-toy\/ornate-garden\/417\/","title":{"rendered":"Ornate Garden"},"content":{"rendered":"<p>&lsquo;Bulle de Luxe&rsquo;, Grand mod\u00e8le<\/p>\n<p>Evadez vous de la pression de la vie quotidienne et profitez de l&rsquo;ambiance de votre jardin. Distingu\u00e9e, spacieuse et aux finitions impeccable la Bulle de Luxe est \u00e9quip\u00e9e de deux banquettes incorpor\u00e9es pouvant accueillir 10 personnes confortablement et assez spacieuse pour votre d\u00e9tente et celle de vos amis. Vous pouvez choisir d&rsquo;installer un \u00e9clairage et un int\u00e9rieur sur mesure a votre go\u00fbt. C&rsquo;est tout ce dont vous r\u00eavez dans votre jardin.<\/p>\n<p>&#8211; Cr\u00e9ez l\u2019int\u00e9rieur \u00e0 votre gout, avec l&rsquo;aide de notre \u00e9quipe de d\u00e9corateurs<br \/>\n&#8211; Porte polycarbonate coulissante et deux baies coulissantes<br \/>\n&#8211; 16 arches en bois de sapin trait\u00e9 \u00e9cologique<br \/>\n&#8211; Ext\u00e9rieur en Inox pour r\u00e9fl\u00e9chir la chaleur et refl\u00e9ter les alentours<br \/>\n&#8211; Equip\u00e9e de deux banquettes de luxe pour accueillir<br \/>\nconfortablement 10 personnes<br \/>\n&#8211; Int\u00e9rieur facile \u00e0 nettoyer, anti tache, anti moisissure<br \/>\n&#8211; Eclairage int\u00e9rieur d&rsquo;ambiance<br \/>\nUne chambre jardin avec une multitude de possibilit\u00e9s<\/p>\n<p>Installation:<br \/>\nUn surface de 340cm en diam\u00e8tre sera n\u00e9cessaire pour installer votre Bulle de Salon. Une base dure de 200cm en diam\u00e8tre sera n\u00e9cessaire pour la construction. La bulle peux \u00eatre install\u00e9 sur une surface b\u00e9tonne, terrasse ou plancher.<\/p>\n<p>Dimensions<br \/>\nHauteur: 333cm Largeur: 280cm diam\u00e8tre de base: 200cm<\/p>\n","protected":false},"excerpt":{"rendered":"<p>&lsquo;Bulle de Luxe&rsquo;, Grand mod\u00e8le Evadez vous de la pression de la vie quotidienne et profitez de l&rsquo;ambiance de votre jardin. Distingu\u00e9e, spacieuse et aux finitions impeccable la Bulle de Luxe est \u00e9quip\u00e9e de deux banquettes incorpor\u00e9es pouvant accueillir 10 personnes confortablement et assez spacieuse pour votre d\u00e9tente et celle de vos amis. Vous pouvez [&hellip;]<\/p>\n","protected":false},"featured_media":1312,"comment_status":"open","ping_status":"closed","template":"","meta":[],"product_cat":[42],"product_tag":[],"yoast_head":"<!-- This site is optimized with the Yoast SEO plugin v17.4 - https:\/\/yoast.com\/wordpress\/plugins\/seo\/ -->\n<title>Ornate Garden - Toys4Vip<\/title>\n<meta name=\"description\" content=\"&#039;Bulle de Luxe&#039;, Grand mod\u00e8leEvadez vous de la pression de la vie quotidienne et profitez de l&#039;ambiance de votre jardin. Distingu\u00e9e, spacieuse et aux finitions impeccable la Bulle de Luxe est \u00e9quip\u00e9e de deux banquettes incorpor\u00e9es pouvant accueillir 10 personnes confortablement et assez spacieuse pour votre d\u00e9tente et celle de vos amis. Vous pouvez choisir d&#039;installer un \u00e9clairage et un int\u00e9rieur sur mesure a votre go\u00fbt. C&#039;est tout ce dont vous r\u00eavez dans votre jardin.\" \/>\n<meta name=\"robots\" content=\"index, follow, max-snippet:-1, max-image-preview:large, max-video-preview:-1\" \/>\n<link rel=\"canonical\" href=\"https:\/\/www.toys4vip.com\/fr\/luxury-toy\/ornate-garden\/417\/\" \/>\n<meta property=\"og:locale\" content=\"fr_FR\" \/>\n<meta property=\"og:type\" content=\"article\" \/>\n<meta property=\"og:title\" content=\"Ornate Garden - Toys4Vip\" \/>\n<meta property=\"og:description\" content=\"&#039;Bulle de Luxe&#039;, Grand mod\u00e8leEvadez vous de la pression de la vie quotidienne et profitez de l&#039;ambiance de votre jardin. Distingu\u00e9e, spacieuse et aux finitions impeccable la Bulle de Luxe est \u00e9quip\u00e9e de deux banquettes incorpor\u00e9es pouvant accueillir 10 personnes confortablement et assez spacieuse pour votre d\u00e9tente et celle de vos amis. Vous pouvez choisir d&#039;installer un \u00e9clairage et un int\u00e9rieur sur mesure a votre go\u00fbt. C&#039;est tout ce dont vous r\u00eavez dans votre jardin.\" \/>\n<meta property=\"og:url\" content=\"https:\/\/www.toys4vip.com\/fr\/luxury-toy\/ornate-garden\/417\/\" \/>\n<meta property=\"og:site_name\" content=\"Toys4Vip\" \/>\n<meta property=\"article:modified_time\" content=\"2021-11-18T16:11:09+00:00\" \/>\n<meta property=\"og:image\" content=\"https:\/\/www.toys4vip.com\/app\/uploads\/2021\/11\/main-290.jpg\" \/>\n\t<meta property=\"og:image:width\" content=\"900\" \/>\n\t<meta property=\"og:image:height\" content=\"480\" \/>\n<meta name=\"twitter:card\" content=\"summary_large_image\" \/>\n<meta name=\"twitter:label1\" content=\"Dur\u00e9e de lecture est.\" \/>\n\t<meta name=\"twitter:data1\" content=\"1 minute\" \/>\n<script type=\"application\/ld+json\" class=\"yoast-schema-graph\">{\"@context\":\"https:\/\/schema.org\",\"@graph\":[{\"@type\":\"WebSite\",\"@id\":\"https:\/\/www.toys4vip.com\/fr\/#website\",\"url\":\"https:\/\/www.toys4vip.com\/fr\/\",\"name\":\"Toys4Vip\",\"description\":\"Jouets de luxe nouveau concept store\",\"potentialAction\":[{\"@type\":\"SearchAction\",\"target\":{\"@type\":\"EntryPoint\",\"urlTemplate\":\"https:\/\/www.toys4vip.com\/fr\/?s={search_term_string}\"},\"query-input\":\"required name=search_term_string\"}],\"inLanguage\":\"fr-FR\"},{\"@type\":\"ImageObject\",\"@id\":\"https:\/\/www.toys4vip.com\/fr\/luxury-toy\/ornate-garden\/417\/#primaryimage\",\"inLanguage\":\"fr-FR\",\"url\":\"https:\/\/www.toys4vip.com\/app\/uploads\/2021\/11\/main-290.jpg\",\"contentUrl\":\"https:\/\/www.toys4vip.com\/app\/uploads\/2021\/11\/main-290.jpg\",\"width\":900,\"height\":480},{\"@type\":\"WebPage\",\"@id\":\"https:\/\/www.toys4vip.com\/fr\/luxury-toy\/ornate-garden\/417\/#webpage\",\"url\":\"https:\/\/www.toys4vip.com\/fr\/luxury-toy\/ornate-garden\/417\/\",\"name\":\"Ornate Garden - Toys4Vip\",\"isPartOf\":{\"@id\":\"https:\/\/www.toys4vip.com\/fr\/#website\"},\"primaryImageOfPage\":{\"@id\":\"https:\/\/www.toys4vip.com\/fr\/luxury-toy\/ornate-garden\/417\/#primaryimage\"},\"datePublished\":\"2021-11-02T10:30:45+00:00\",\"dateModified\":\"2021-11-18T16:11:09+00:00\",\"description\":\"'Bulle de Luxe', Grand mod\\u00e8leEvadez vous de la pression de la vie quotidienne et profitez de l'ambiance de votre jardin. Distingu\\u00e9e, spacieuse et aux finitions impeccable la Bulle de Luxe est \\u00e9quip\\u00e9e de deux banquettes incorpor\\u00e9es pouvant accueillir 10 personnes confortablement et assez spacieuse pour votre d\\u00e9tente et celle de vos amis. Vous pouvez choisir d'installer un \\u00e9clairage et un int\\u00e9rieur sur mesure a votre go\\u00fbt. C'est tout ce dont vous r\\u00eavez dans votre jardin.\",\"breadcrumb\":{\"@id\":\"https:\/\/www.toys4vip.com\/fr\/luxury-toy\/ornate-garden\/417\/#breadcrumb\"},\"inLanguage\":\"fr-FR\",\"potentialAction\":[{\"@type\":\"ReadAction\",\"target\":[\"https:\/\/www.toys4vip.com\/fr\/luxury-toy\/ornate-garden\/417\/\"]}]},{\"@type\":\"BreadcrumbList\",\"@id\":\"https:\/\/www.toys4vip.com\/fr\/luxury-toy\/ornate-garden\/417\/#breadcrumb\",\"itemListElement\":[{\"@type\":\"ListItem\",\"position\":1,\"name\":\"Home\",\"item\":\"https:\/\/www.toys4vip.com\/fr\/\"},{\"@type\":\"ListItem\",\"position\":2,\"name\":\"Objets \/ Cat\\u00e9gories\",\"item\":\"https:\/\/www.toys4vip.com\/fr\/luxury-toys\/\"},{\"@type\":\"ListItem\",\"position\":3,\"name\":\"Ornate Garden\"}]}]}<\/script>\n<!-- \/ Yoast SEO plugin. -->","yoast_head_json":{"title":"Ornate Garden - Toys4Vip","description":"'Bulle de Luxe', Grand mod\u00e8leEvadez vous de la pression de la vie quotidienne et profitez de l'ambiance de votre jardin. Distingu\u00e9e, spacieuse et aux finitions impeccable la Bulle de Luxe est \u00e9quip\u00e9e de deux banquettes incorpor\u00e9es pouvant accueillir 10 personnes confortablement et assez spacieuse pour votre d\u00e9tente et celle de vos amis. Vous pouvez choisir d'installer un \u00e9clairage et un int\u00e9rieur sur mesure a votre go\u00fbt. C'est tout ce dont vous r\u00eavez dans votre jardin.","robots":{"index":"index","follow":"follow","max-snippet":"max-snippet:-1","max-image-preview":"max-image-preview:large","max-video-preview":"max-video-preview:-1"},"canonical":"https:\/\/www.toys4vip.com\/fr\/luxury-toy\/ornate-garden\/417\/","og_locale":"fr_FR","og_type":"article","og_title":"Ornate Garden - Toys4Vip","og_description":"'Bulle de Luxe', Grand mod\u00e8leEvadez vous de la pression de la vie quotidienne et profitez de l'ambiance de votre jardin. Distingu\u00e9e, spacieuse et aux finitions impeccable la Bulle de Luxe est \u00e9quip\u00e9e de deux banquettes incorpor\u00e9es pouvant accueillir 10 personnes confortablement et assez spacieuse pour votre d\u00e9tente et celle de vos amis. Vous pouvez choisir d'installer un \u00e9clairage et un int\u00e9rieur sur mesure a votre go\u00fbt. C'est tout ce dont vous r\u00eavez dans votre jardin.","og_url":"https:\/\/www.toys4vip.com\/fr\/luxury-toy\/ornate-garden\/417\/","og_site_name":"Toys4Vip","article_modified_time":"2021-11-18T16:11:09+00:00","og_image":[{"width":900,"height":480,"url":"https:\/\/www.toys4vip.com\/app\/uploads\/2021\/11\/main-290.jpg","type":"image\/jpeg"}],"twitter_card":"summary_large_image","twitter_misc":{"Dur\u00e9e de lecture est.":"1 minute"},"schema":{"@context":"https:\/\/schema.org","@graph":[{"@type":"WebSite","@id":"https:\/\/www.toys4vip.com\/fr\/#website","url":"https:\/\/www.toys4vip.com\/fr\/","name":"Toys4Vip","description":"Jouets de luxe nouveau concept store","potentialAction":[{"@type":"SearchAction","target":{"@type":"EntryPoint","urlTemplate":"https:\/\/www.toys4vip.com\/fr\/?s={search_term_string}"},"query-input":"required name=search_term_string"}],"inLanguage":"fr-FR"},{"@type":"ImageObject","@id":"https:\/\/www.toys4vip.com\/fr\/luxury-toy\/ornate-garden\/417\/#primaryimage","inLanguage":"fr-FR","url":"https:\/\/www.toys4vip.com\/app\/uploads\/2021\/11\/main-290.jpg","contentUrl":"https:\/\/www.toys4vip.com\/app\/uploads\/2021\/11\/main-290.jpg","width":900,"height":480},{"@type":"WebPage","@id":"https:\/\/www.toys4vip.com\/fr\/luxury-toy\/ornate-garden\/417\/#webpage","url":"https:\/\/www.toys4vip.com\/fr\/luxury-toy\/ornate-garden\/417\/","name":"Ornate Garden - Toys4Vip","isPartOf":{"@id":"https:\/\/www.toys4vip.com\/fr\/#website"},"primaryImageOfPage":{"@id":"https:\/\/www.toys4vip.com\/fr\/luxury-toy\/ornate-garden\/417\/#primaryimage"},"datePublished":"2021-11-02T10:30:45+00:00","dateModified":"2021-11-18T16:11:09+00:00","description":"'Bulle de Luxe', Grand mod\u00e8leEvadez vous de la pression de la vie quotidienne et profitez de l'ambiance de votre jardin. Distingu\u00e9e, spacieuse et aux finitions impeccable la Bulle de Luxe est \u00e9quip\u00e9e de deux banquettes incorpor\u00e9es pouvant accueillir 10 personnes confortablement et assez spacieuse pour votre d\u00e9tente et celle de vos amis. Vous pouvez choisir d'installer un \u00e9clairage et un int\u00e9rieur sur mesure a votre go\u00fbt. C'est tout ce dont vous r\u00eavez dans votre jardin.","breadcrumb":{"@id":"https:\/\/www.toys4vip.com\/fr\/luxury-toy\/ornate-garden\/417\/#breadcrumb"},"inLanguage":"fr-FR","potentialAction":[{"@type":"ReadAction","target":["https:\/\/www.toys4vip.com\/fr\/luxury-toy\/ornate-garden\/417\/"]}]},{"@type":"BreadcrumbList","@id":"https:\/\/www.toys4vip.com\/fr\/luxury-toy\/ornate-garden\/417\/#breadcrumb","itemListElement":[{"@type":"ListItem","position":1,"name":"Home","item":"https:\/\/www.toys4vip.com\/fr\/"},{"@type":"ListItem","position":2,"name":"Objets \/ Cat\u00e9gories","item":"https:\/\/www.toys4vip.com\/fr\/luxury-toys\/"},{"@type":"ListItem","position":3,"name":"Ornate Garden"}]}]}},"_links":{"self":[{"href":"https:\/\/www.toys4vip.com\/fr\/wp-json\/wp\/v2\/product\/1314"}],"collection":[{"href":"https:\/\/www.toys4vip.com\/fr\/wp-json\/wp\/v2\/product"}],"about":[{"href":"https:\/\/www.toys4vip.com\/fr\/wp-json\/wp\/v2\/types\/product"}],"replies":[{"embeddable":true,"href":"https:\/\/www.toys4vip.com\/fr\/wp-json\/wp\/v2\/comments?post=1314"}],"wp:featuredmedia":[{"embeddable":true,"href":"https:\/\/www.toys4vip.com\/fr\/wp-json\/wp\/v2\/media\/1312"}],"wp:attachment":[{"href":"https:\/\/www.toys4vip.com\/fr\/wp-json\/wp\/v2\/media?parent=1314"}],"wp:term":[{"taxonomy":"product_cat","embeddable":true,"href":"https:\/\/www.toys4vip.com\/fr\/wp-json\/wp\/v2\/product_cat?post=1314"},{"taxonomy":"product_tag","embeddable":true,"href":"https:\/\/www.toys4vip.com\/fr\/wp-json\/wp\/v2\/product_tag?post=1314"}],"curies":[{"name":"wp","href":"https:\/\/api.w.org\/{rel}","templated":true}]}}