{"id":1305,"date":"2021-11-02T10:30:43","date_gmt":"2021-11-02T10:30:43","guid":{"rendered":"https:\/\/toys4vip.com\/produit\/newmar-king-aire-luxury-motor-coach\/"},"modified":"2021-11-16T17:40:03","modified_gmt":"2021-11-16T17:40:03","slug":"newmar-king-aire-luxury-motor-coach","status":"publish","type":"product","link":"https:\/\/www.toys4vip.com\/fr\/luxury-toy\/newmar-king-aire-luxury-motor-coach\/414\/","title":{"rendered":"Newmar King Aire Luxury Motor Coach"},"content":{"rendered":"<p>Con\u00e7u pour repr\u00e9senter le summum du luxe, King Aire pr\u00e9sente les derni\u00e8res nouveaut\u00e9s dans le style, le confort et la technologie. Pour 2017, King Aire poss\u00e8de un ext\u00e9rieur r\u00e9imagin\u00e9, dirig\u00e9 par une paire dynamique de capuchons avant et arri\u00e8re habill\u00e9s avec une t\u00eate LED et des feux arri\u00e8re. Un ch\u00e2ssis \u00e0 axe de balise Spartan\u00ae K3 est la base de tous les 2017 King Aire, qui b\u00e9n\u00e9ficie d\u00e9sormais d&rsquo;un nouveau soutien de la Newmar STAR Foundation, une superstructure en acier moderne qui offre une force que vous pouvez ressentir.<\/p>\n<p>\u00c0 l&rsquo;int\u00e9rieur, vous \u00eates accueillis par un poste de pilotage qui s\u00e9pare encore King Aire de sa concurrence d\u00e9j\u00e0 \u00e9loign\u00e9e. Les coutures transversales contrast\u00e9es fonctionnent \u00e0 travers le tableau de bord, qui abrite un \u00e9cran de charge antid\u00e9rapant sans fil, un \u00e9cran LCD plein \u00e9cran et deux \u00e9crans tactiles de 12,1 \u00ab\u00a0qui peuvent fournir une visibilit\u00e9 ext\u00e9rieure de 360 degr\u00e9s. Un syst\u00e8me audio de cockpit JBL\u00ae \u00e0 11 haut-parleurs personnalis\u00e9 fournit la bande sonore, tandis que les tissus exclusifs de Ralph Lauren\u00ae Home Collection d\u00e9finissent une tonalit\u00e9 plut\u00f4t opulente.<\/p>\n","protected":false},"excerpt":{"rendered":"<p>Con\u00e7u pour repr\u00e9senter le summum du luxe, King Aire pr\u00e9sente les derni\u00e8res nouveaut\u00e9s dans le style, le confort et la technologie. Pour 2017, King Aire poss\u00e8de un ext\u00e9rieur r\u00e9imagin\u00e9, dirig\u00e9 par une paire dynamique de capuchons avant et arri\u00e8re habill\u00e9s avec une t\u00eate LED et des feux arri\u00e8re. Un ch\u00e2ssis \u00e0 axe de balise Spartan\u00ae [&hellip;]<\/p>\n","protected":false},"featured_media":1303,"comment_status":"open","ping_status":"closed","template":"","meta":[],"product_cat":[26,87],"product_tag":[],"yoast_head":"<!-- This site is optimized with the Yoast SEO plugin v17.4 - https:\/\/yoast.com\/wordpress\/plugins\/seo\/ -->\n<title>Newmar King Aire Luxury Motor Coach - Toys4Vip<\/title>\n<meta name=\"description\" content=\"Con\u00e7u pour repr\u00e9senter le summum du luxe, King Aire pr\u00e9sente les derni\u00e8res nouveaut\u00e9s dans le style, le confort et la technologie. Pour 2017, King Aire poss\u00e8de un ext\u00e9rieur r\u00e9imagin\u00e9, dirig\u00e9 par une paire dynamique de capuchons avant et arri\u00e8re habill\u00e9s avec une t\u00eate LED et des feux arri\u00e8re. Un ch\u00e2ssis \u00e0 axe de balise Spartan\u00ae K3 est la base de tous les 2017 King Aire, qui b\u00e9n\u00e9ficie d\u00e9sormais d&#039;un nouveau soutien de la Newmar STAR Foundation, une superstructure en acier moderne qui offre une force que vous pouvez ressentir.\" \/>\n<meta name=\"robots\" content=\"index, follow, max-snippet:-1, max-image-preview:large, max-video-preview:-1\" \/>\n<link rel=\"canonical\" href=\"https:\/\/www.toys4vip.com\/fr\/luxury-toy\/newmar-king-aire-luxury-motor-coach\/414\/\" \/>\n<meta property=\"og:locale\" content=\"fr_FR\" \/>\n<meta property=\"og:type\" content=\"article\" \/>\n<meta property=\"og:title\" content=\"Newmar King Aire Luxury Motor Coach - Toys4Vip\" \/>\n<meta property=\"og:description\" content=\"Con\u00e7u pour repr\u00e9senter le summum du luxe, King Aire pr\u00e9sente les derni\u00e8res nouveaut\u00e9s dans le style, le confort et la technologie. Pour 2017, King Aire poss\u00e8de un ext\u00e9rieur r\u00e9imagin\u00e9, dirig\u00e9 par une paire dynamique de capuchons avant et arri\u00e8re habill\u00e9s avec une t\u00eate LED et des feux arri\u00e8re. Un ch\u00e2ssis \u00e0 axe de balise Spartan\u00ae K3 est la base de tous les 2017 King Aire, qui b\u00e9n\u00e9ficie d\u00e9sormais d&#039;un nouveau soutien de la Newmar STAR Foundation, une superstructure en acier moderne qui offre une force que vous pouvez ressentir.\" \/>\n<meta property=\"og:url\" content=\"https:\/\/www.toys4vip.com\/fr\/luxury-toy\/newmar-king-aire-luxury-motor-coach\/414\/\" \/>\n<meta property=\"og:site_name\" content=\"Toys4Vip\" \/>\n<meta property=\"article:modified_time\" content=\"2021-11-16T17:40:03+00:00\" \/>\n<meta property=\"og:image\" content=\"https:\/\/www.toys4vip.com\/app\/uploads\/2021\/11\/main-287.jpg\" \/>\n\t<meta property=\"og:image:width\" content=\"2100\" \/>\n\t<meta property=\"og:image:height\" content=\"1400\" \/>\n<meta name=\"twitter:card\" content=\"summary_large_image\" \/>\n<meta name=\"twitter:label1\" content=\"Dur\u00e9e de lecture est.\" \/>\n\t<meta name=\"twitter:data1\" content=\"1 minute\" \/>\n<script type=\"application\/ld+json\" class=\"yoast-schema-graph\">{\"@context\":\"https:\/\/schema.org\",\"@graph\":[{\"@type\":\"WebSite\",\"@id\":\"https:\/\/www.toys4vip.com\/fr\/#website\",\"url\":\"https:\/\/www.toys4vip.com\/fr\/\",\"name\":\"Toys4Vip\",\"description\":\"Jouets de luxe nouveau concept store\",\"potentialAction\":[{\"@type\":\"SearchAction\",\"target\":{\"@type\":\"EntryPoint\",\"urlTemplate\":\"https:\/\/www.toys4vip.com\/fr\/?s={search_term_string}\"},\"query-input\":\"required name=search_term_string\"}],\"inLanguage\":\"fr-FR\"},{\"@type\":\"ImageObject\",\"@id\":\"https:\/\/www.toys4vip.com\/fr\/luxury-toy\/newmar-king-aire-luxury-motor-coach\/414\/#primaryimage\",\"inLanguage\":\"fr-FR\",\"url\":\"https:\/\/www.toys4vip.com\/app\/uploads\/2021\/11\/main-287.jpg\",\"contentUrl\":\"https:\/\/www.toys4vip.com\/app\/uploads\/2021\/11\/main-287.jpg\",\"width\":2100,\"height\":1400},{\"@type\":\"WebPage\",\"@id\":\"https:\/\/www.toys4vip.com\/fr\/luxury-toy\/newmar-king-aire-luxury-motor-coach\/414\/#webpage\",\"url\":\"https:\/\/www.toys4vip.com\/fr\/luxury-toy\/newmar-king-aire-luxury-motor-coach\/414\/\",\"name\":\"Newmar King Aire Luxury Motor Coach - Toys4Vip\",\"isPartOf\":{\"@id\":\"https:\/\/www.toys4vip.com\/fr\/#website\"},\"primaryImageOfPage\":{\"@id\":\"https:\/\/www.toys4vip.com\/fr\/luxury-toy\/newmar-king-aire-luxury-motor-coach\/414\/#primaryimage\"},\"datePublished\":\"2021-11-02T10:30:43+00:00\",\"dateModified\":\"2021-11-16T17:40:03+00:00\",\"description\":\"Con\\u00e7u pour repr\\u00e9senter le summum du luxe, King Aire pr\\u00e9sente les derni\\u00e8res nouveaut\\u00e9s dans le style, le confort et la technologie. Pour 2017, King Aire poss\\u00e8de un ext\\u00e9rieur r\\u00e9imagin\\u00e9, dirig\\u00e9 par une paire dynamique de capuchons avant et arri\\u00e8re habill\\u00e9s avec une t\\u00eate LED et des feux arri\\u00e8re. Un ch\\u00e2ssis \\u00e0 axe de balise Spartan\\u00ae K3 est la base de tous les 2017 King Aire, qui b\\u00e9n\\u00e9ficie d\\u00e9sormais d'un nouveau soutien de la Newmar STAR Foundation, une superstructure en acier moderne qui offre une force que vous pouvez ressentir.\",\"breadcrumb\":{\"@id\":\"https:\/\/www.toys4vip.com\/fr\/luxury-toy\/newmar-king-aire-luxury-motor-coach\/414\/#breadcrumb\"},\"inLanguage\":\"fr-FR\",\"potentialAction\":[{\"@type\":\"ReadAction\",\"target\":[\"https:\/\/www.toys4vip.com\/fr\/luxury-toy\/newmar-king-aire-luxury-motor-coach\/414\/\"]}]},{\"@type\":\"BreadcrumbList\",\"@id\":\"https:\/\/www.toys4vip.com\/fr\/luxury-toy\/newmar-king-aire-luxury-motor-coach\/414\/#breadcrumb\",\"itemListElement\":[{\"@type\":\"ListItem\",\"position\":1,\"name\":\"Home\",\"item\":\"https:\/\/www.toys4vip.com\/fr\/\"},{\"@type\":\"ListItem\",\"position\":2,\"name\":\"Objets \/ Cat\\u00e9gories\",\"item\":\"https:\/\/www.toys4vip.com\/fr\/luxury-toys\/\"},{\"@type\":\"ListItem\",\"position\":3,\"name\":\"Newmar King Aire Luxury Motor Coach\"}]}]}<\/script>\n<!-- \/ Yoast SEO plugin. -->","yoast_head_json":{"title":"Newmar King Aire Luxury Motor Coach - Toys4Vip","description":"Con\u00e7u pour repr\u00e9senter le summum du luxe, King Aire pr\u00e9sente les derni\u00e8res nouveaut\u00e9s dans le style, le confort et la technologie. Pour 2017, King Aire poss\u00e8de un ext\u00e9rieur r\u00e9imagin\u00e9, dirig\u00e9 par une paire dynamique de capuchons avant et arri\u00e8re habill\u00e9s avec une t\u00eate LED et des feux arri\u00e8re. Un ch\u00e2ssis \u00e0 axe de balise Spartan\u00ae K3 est la base de tous les 2017 King Aire, qui b\u00e9n\u00e9ficie d\u00e9sormais d'un nouveau soutien de la Newmar STAR Foundation, une superstructure en acier moderne qui offre une force que vous pouvez ressentir.","robots":{"index":"index","follow":"follow","max-snippet":"max-snippet:-1","max-image-preview":"max-image-preview:large","max-video-preview":"max-video-preview:-1"},"canonical":"https:\/\/www.toys4vip.com\/fr\/luxury-toy\/newmar-king-aire-luxury-motor-coach\/414\/","og_locale":"fr_FR","og_type":"article","og_title":"Newmar King Aire Luxury Motor Coach - Toys4Vip","og_description":"Con\u00e7u pour repr\u00e9senter le summum du luxe, King Aire pr\u00e9sente les derni\u00e8res nouveaut\u00e9s dans le style, le confort et la technologie. Pour 2017, King Aire poss\u00e8de un ext\u00e9rieur r\u00e9imagin\u00e9, dirig\u00e9 par une paire dynamique de capuchons avant et arri\u00e8re habill\u00e9s avec une t\u00eate LED et des feux arri\u00e8re. Un ch\u00e2ssis \u00e0 axe de balise Spartan\u00ae K3 est la base de tous les 2017 King Aire, qui b\u00e9n\u00e9ficie d\u00e9sormais d'un nouveau soutien de la Newmar STAR Foundation, une superstructure en acier moderne qui offre une force que vous pouvez ressentir.","og_url":"https:\/\/www.toys4vip.com\/fr\/luxury-toy\/newmar-king-aire-luxury-motor-coach\/414\/","og_site_name":"Toys4Vip","article_modified_time":"2021-11-16T17:40:03+00:00","og_image":[{"width":2100,"height":1400,"url":"https:\/\/www.toys4vip.com\/app\/uploads\/2021\/11\/main-287.jpg","type":"image\/jpeg"}],"twitter_card":"summary_large_image","twitter_misc":{"Dur\u00e9e de lecture est.":"1 minute"},"schema":{"@context":"https:\/\/schema.org","@graph":[{"@type":"WebSite","@id":"https:\/\/www.toys4vip.com\/fr\/#website","url":"https:\/\/www.toys4vip.com\/fr\/","name":"Toys4Vip","description":"Jouets de luxe nouveau concept store","potentialAction":[{"@type":"SearchAction","target":{"@type":"EntryPoint","urlTemplate":"https:\/\/www.toys4vip.com\/fr\/?s={search_term_string}"},"query-input":"required name=search_term_string"}],"inLanguage":"fr-FR"},{"@type":"ImageObject","@id":"https:\/\/www.toys4vip.com\/fr\/luxury-toy\/newmar-king-aire-luxury-motor-coach\/414\/#primaryimage","inLanguage":"fr-FR","url":"https:\/\/www.toys4vip.com\/app\/uploads\/2021\/11\/main-287.jpg","contentUrl":"https:\/\/www.toys4vip.com\/app\/uploads\/2021\/11\/main-287.jpg","width":2100,"height":1400},{"@type":"WebPage","@id":"https:\/\/www.toys4vip.com\/fr\/luxury-toy\/newmar-king-aire-luxury-motor-coach\/414\/#webpage","url":"https:\/\/www.toys4vip.com\/fr\/luxury-toy\/newmar-king-aire-luxury-motor-coach\/414\/","name":"Newmar King Aire Luxury Motor Coach - Toys4Vip","isPartOf":{"@id":"https:\/\/www.toys4vip.com\/fr\/#website"},"primaryImageOfPage":{"@id":"https:\/\/www.toys4vip.com\/fr\/luxury-toy\/newmar-king-aire-luxury-motor-coach\/414\/#primaryimage"},"datePublished":"2021-11-02T10:30:43+00:00","dateModified":"2021-11-16T17:40:03+00:00","description":"Con\u00e7u pour repr\u00e9senter le summum du luxe, King Aire pr\u00e9sente les derni\u00e8res nouveaut\u00e9s dans le style, le confort et la technologie. Pour 2017, King Aire poss\u00e8de un ext\u00e9rieur r\u00e9imagin\u00e9, dirig\u00e9 par une paire dynamique de capuchons avant et arri\u00e8re habill\u00e9s avec une t\u00eate LED et des feux arri\u00e8re. Un ch\u00e2ssis \u00e0 axe de balise Spartan\u00ae K3 est la base de tous les 2017 King Aire, qui b\u00e9n\u00e9ficie d\u00e9sormais d'un nouveau soutien de la Newmar STAR Foundation, une superstructure en acier moderne qui offre une force que vous pouvez ressentir.","breadcrumb":{"@id":"https:\/\/www.toys4vip.com\/fr\/luxury-toy\/newmar-king-aire-luxury-motor-coach\/414\/#breadcrumb"},"inLanguage":"fr-FR","potentialAction":[{"@type":"ReadAction","target":["https:\/\/www.toys4vip.com\/fr\/luxury-toy\/newmar-king-aire-luxury-motor-coach\/414\/"]}]},{"@type":"BreadcrumbList","@id":"https:\/\/www.toys4vip.com\/fr\/luxury-toy\/newmar-king-aire-luxury-motor-coach\/414\/#breadcrumb","itemListElement":[{"@type":"ListItem","position":1,"name":"Home","item":"https:\/\/www.toys4vip.com\/fr\/"},{"@type":"ListItem","position":2,"name":"Objets \/ Cat\u00e9gories","item":"https:\/\/www.toys4vip.com\/fr\/luxury-toys\/"},{"@type":"ListItem","position":3,"name":"Newmar King Aire Luxury Motor Coach"}]}]}},"_links":{"self":[{"href":"https:\/\/www.toys4vip.com\/fr\/wp-json\/wp\/v2\/product\/1305"}],"collection":[{"href":"https:\/\/www.toys4vip.com\/fr\/wp-json\/wp\/v2\/product"}],"about":[{"href":"https:\/\/www.toys4vip.com\/fr\/wp-json\/wp\/v2\/types\/product"}],"replies":[{"embeddable":true,"href":"https:\/\/www.toys4vip.com\/fr\/wp-json\/wp\/v2\/comments?post=1305"}],"wp:featuredmedia":[{"embeddable":true,"href":"https:\/\/www.toys4vip.com\/fr\/wp-json\/wp\/v2\/media\/1303"}],"wp:attachment":[{"href":"https:\/\/www.toys4vip.com\/fr\/wp-json\/wp\/v2\/media?parent=1305"}],"wp:term":[{"taxonomy":"product_cat","embeddable":true,"href":"https:\/\/www.toys4vip.com\/fr\/wp-json\/wp\/v2\/product_cat?post=1305"},{"taxonomy":"product_tag","embeddable":true,"href":"https:\/\/www.toys4vip.com\/fr\/wp-json\/wp\/v2\/product_tag?post=1305"}],"curies":[{"name":"wp","href":"https:\/\/api.w.org\/{rel}","templated":true}]}}