{"id":1302,"date":"2021-11-02T10:30:43","date_gmt":"2021-11-02T10:30:43","guid":{"rendered":"https:\/\/toys4vip.com\/produit\/rolls-royce-srh\/"},"modified":"2021-11-13T10:48:01","modified_gmt":"2021-11-13T10:48:01","slug":"rolls-royce-srh","status":"publish","type":"product","link":"https:\/\/www.toys4vip.com\/fr\/luxury-toy\/rolls-royce-srh\/413\/","title":{"rendered":"Rolls-Royce SRH"},"content":{"rendered":"<p>Rolls-Royce, d\u00e9j\u00e0 connu et reconnu pour son savoir-faire artisanal, vient de livrer un nouveau concept miniature et bienveillant pour un client tr\u00e8s particulier. On vous pr\u00e9sente ce cadeau nomm\u00e9 Rolls-Royce SRH.<\/p>\n<p>Fort de sa comp\u00e9tence \u00e0 pouvoir r\u00e9pondre aux besoins de clients ais\u00e9s et attach\u00e9s \u00e0 la perfection, Rolls-Royce Motor Cars a d\u00fb, pour la premi\u00e8re fois, r\u00e9pondre \u00e0 un besoin singulier du service p\u00e9diatrique de chirurgie du St Richard\u2019s Hospital de Chichester.<\/p>\n<p>Destin\u00e9e \u00e0 r\u00e9duire le stress des enfants avant l\u2019op\u00e9ration, cette nouvelle voiture nomm\u00e9e Rolls-Royce SRH, a \u00e9t\u00e9 enti\u00e8rement r\u00e9alis\u00e9e par l\u2019\u00e9quipe d\u00e9di\u00e9e de l\u2019atelier Bespoke. Comme pour les mod\u00e8les de ses clients prestigieux, cette Rolls-Royce SRH respecte les codes du constructeur et s\u2019approprie deux tons \u2013 en l\u2019occurrence blanc andalou et bleu Salamanque. Si la fameuse \u00ab coach line \u00bb, la ligne rouge Saint James est peinte \u00e0 la main sur toute la longueur, l\u2019espace int\u00e9rieur est pour sa part con\u00e7u avec la m\u00eame finesse que toutes les Rolls-Royce. Celui-ci poss\u00e8de un volant, des si\u00e8ges et des centres de roues en deux tons, les couleurs choisies \u00e9tant parfaitement assorties \u00e0 la ligne rouge Saint James.<\/p>\n<p>Le v\u00e9hicule offrira avec une vitesse de pointe de 16 km\/h en quelques secondes gr\u00e2ce \u00e0 une batterie gel de 24 volts qui propulse le v\u00e9hicule de mani\u00e8re aussi silencieuse que les fantastiques moteurs V12 de Rolls-Royce. Pour tous ceux qui aspirent \u00e0 une conduite plus tranquille, la vitesse peut \u00eatre modul\u00e9e et limit\u00e9e \u00e0 6 km\/h.<\/p>\n<p>La Rolls-Royce SRH en quelques chiffres\u00a0:<br \/>\nHauteur : 70 cm,<br \/>\nLongueur : 165 cm<br \/>\nLargeur : 80 cm.<br \/>\nPoids : 135 kg.<br \/>\nPerformance : une vitesse modulable, pouvant \u00eatre limit\u00e9e \u00e0 6 km\/h ou atteindre 16 km\/h en pointe, gr\u00e2ce \u00e0 l\u2019\u00e9nergie d\u2019une batterie gel de 24 volts.<\/p>\n","protected":false},"excerpt":{"rendered":"<p>Rolls-Royce, d\u00e9j\u00e0 connu et reconnu pour son savoir-faire artisanal, vient de livrer un nouveau concept miniature et bienveillant pour un client tr\u00e8s particulier. On vous pr\u00e9sente ce cadeau nomm\u00e9 Rolls-Royce SRH. Fort de sa comp\u00e9tence \u00e0 pouvoir r\u00e9pondre aux besoins de clients ais\u00e9s et attach\u00e9s \u00e0 la perfection, Rolls-Royce Motor Cars a d\u00fb, pour la [&hellip;]<\/p>\n","protected":false},"featured_media":1300,"comment_status":"open","ping_status":"closed","template":"","meta":[],"product_cat":[33],"product_tag":[],"yoast_head":"<!-- This site is optimized with the Yoast SEO plugin v17.4 - https:\/\/yoast.com\/wordpress\/plugins\/seo\/ -->\n<title>Rolls-Royce SRH - Toys4Vip<\/title>\n<meta name=\"description\" content=\"Rolls-Royce, d\u00e9j\u00e0 connu et reconnu pour son savoir-faire artisanal, vient de livrer un nouveau concept miniature et bienveillant pour un client tr\u00e8s particulier. On vous pr\u00e9sente ce cadeau nomm\u00e9 Rolls-Royce SRH.Fort de sa comp\u00e9tence \u00e0 pouvoir r\u00e9pondre aux besoins de clients ais\u00e9s et attach\u00e9s \u00e0 la perfection, Rolls-Royce Motor Cars a d\u00fb, pour la premi\u00e8re fois, r\u00e9pondre \u00e0 un besoin singulier du service p\u00e9diatrique de chirurgie du St Richard\u2019s Hospital de Chichester.\" \/>\n<meta name=\"robots\" content=\"index, follow, max-snippet:-1, max-image-preview:large, max-video-preview:-1\" \/>\n<link rel=\"canonical\" href=\"https:\/\/www.toys4vip.com\/fr\/luxury-toy\/rolls-royce-srh\/413\/\" \/>\n<meta property=\"og:locale\" content=\"fr_FR\" \/>\n<meta property=\"og:type\" content=\"article\" \/>\n<meta property=\"og:title\" content=\"Rolls-Royce SRH - Toys4Vip\" \/>\n<meta property=\"og:description\" content=\"Rolls-Royce, d\u00e9j\u00e0 connu et reconnu pour son savoir-faire artisanal, vient de livrer un nouveau concept miniature et bienveillant pour un client tr\u00e8s particulier. On vous pr\u00e9sente ce cadeau nomm\u00e9 Rolls-Royce SRH.Fort de sa comp\u00e9tence \u00e0 pouvoir r\u00e9pondre aux besoins de clients ais\u00e9s et attach\u00e9s \u00e0 la perfection, Rolls-Royce Motor Cars a d\u00fb, pour la premi\u00e8re fois, r\u00e9pondre \u00e0 un besoin singulier du service p\u00e9diatrique de chirurgie du St Richard\u2019s Hospital de Chichester.\" \/>\n<meta property=\"og:url\" content=\"https:\/\/www.toys4vip.com\/fr\/luxury-toy\/rolls-royce-srh\/413\/\" \/>\n<meta property=\"og:site_name\" content=\"Toys4Vip\" \/>\n<meta property=\"article:modified_time\" content=\"2021-11-13T10:48:01+00:00\" \/>\n<meta property=\"og:image\" content=\"https:\/\/www.toys4vip.com\/app\/uploads\/2021\/11\/main-286.jpg\" \/>\n\t<meta property=\"og:image:width\" content=\"1920\" \/>\n\t<meta property=\"og:image:height\" content=\"1280\" \/>\n<meta name=\"twitter:card\" content=\"summary_large_image\" \/>\n<meta name=\"twitter:label1\" content=\"Dur\u00e9e de lecture est.\" \/>\n\t<meta name=\"twitter:data1\" content=\"2 minutes\" \/>\n<script type=\"application\/ld+json\" class=\"yoast-schema-graph\">{\"@context\":\"https:\/\/schema.org\",\"@graph\":[{\"@type\":\"WebSite\",\"@id\":\"https:\/\/www.toys4vip.com\/fr\/#website\",\"url\":\"https:\/\/www.toys4vip.com\/fr\/\",\"name\":\"Toys4Vip\",\"description\":\"Jouets de luxe nouveau concept store\",\"potentialAction\":[{\"@type\":\"SearchAction\",\"target\":{\"@type\":\"EntryPoint\",\"urlTemplate\":\"https:\/\/www.toys4vip.com\/fr\/?s={search_term_string}\"},\"query-input\":\"required name=search_term_string\"}],\"inLanguage\":\"fr-FR\"},{\"@type\":\"ImageObject\",\"@id\":\"https:\/\/www.toys4vip.com\/fr\/luxury-toy\/rolls-royce-srh\/413\/#primaryimage\",\"inLanguage\":\"fr-FR\",\"url\":\"https:\/\/www.toys4vip.com\/app\/uploads\/2021\/11\/main-286.jpg\",\"contentUrl\":\"https:\/\/www.toys4vip.com\/app\/uploads\/2021\/11\/main-286.jpg\",\"width\":1920,\"height\":1280},{\"@type\":\"WebPage\",\"@id\":\"https:\/\/www.toys4vip.com\/fr\/luxury-toy\/rolls-royce-srh\/413\/#webpage\",\"url\":\"https:\/\/www.toys4vip.com\/fr\/luxury-toy\/rolls-royce-srh\/413\/\",\"name\":\"Rolls-Royce SRH - Toys4Vip\",\"isPartOf\":{\"@id\":\"https:\/\/www.toys4vip.com\/fr\/#website\"},\"primaryImageOfPage\":{\"@id\":\"https:\/\/www.toys4vip.com\/fr\/luxury-toy\/rolls-royce-srh\/413\/#primaryimage\"},\"datePublished\":\"2021-11-02T10:30:43+00:00\",\"dateModified\":\"2021-11-13T10:48:01+00:00\",\"description\":\"Rolls-Royce, d\\u00e9j\\u00e0 connu et reconnu pour son savoir-faire artisanal, vient de livrer un nouveau concept miniature et bienveillant pour un client tr\\u00e8s particulier. On vous pr\\u00e9sente ce cadeau nomm\\u00e9 Rolls-Royce SRH.Fort de sa comp\\u00e9tence \\u00e0 pouvoir r\\u00e9pondre aux besoins de clients ais\\u00e9s et attach\\u00e9s \\u00e0 la perfection, Rolls-Royce Motor Cars a d\\u00fb, pour la premi\\u00e8re fois, r\\u00e9pondre \\u00e0 un besoin singulier du service p\\u00e9diatrique de chirurgie du St Richard\\u2019s Hospital de Chichester.\",\"breadcrumb\":{\"@id\":\"https:\/\/www.toys4vip.com\/fr\/luxury-toy\/rolls-royce-srh\/413\/#breadcrumb\"},\"inLanguage\":\"fr-FR\",\"potentialAction\":[{\"@type\":\"ReadAction\",\"target\":[\"https:\/\/www.toys4vip.com\/fr\/luxury-toy\/rolls-royce-srh\/413\/\"]}]},{\"@type\":\"BreadcrumbList\",\"@id\":\"https:\/\/www.toys4vip.com\/fr\/luxury-toy\/rolls-royce-srh\/413\/#breadcrumb\",\"itemListElement\":[{\"@type\":\"ListItem\",\"position\":1,\"name\":\"Home\",\"item\":\"https:\/\/www.toys4vip.com\/fr\/\"},{\"@type\":\"ListItem\",\"position\":2,\"name\":\"Objets \/ Cat\\u00e9gories\",\"item\":\"https:\/\/www.toys4vip.com\/fr\/luxury-toys\/\"},{\"@type\":\"ListItem\",\"position\":3,\"name\":\"Rolls-Royce SRH\"}]}]}<\/script>\n<!-- \/ Yoast SEO plugin. -->","yoast_head_json":{"title":"Rolls-Royce SRH - Toys4Vip","description":"Rolls-Royce, d\u00e9j\u00e0 connu et reconnu pour son savoir-faire artisanal, vient de livrer un nouveau concept miniature et bienveillant pour un client tr\u00e8s particulier. On vous pr\u00e9sente ce cadeau nomm\u00e9 Rolls-Royce SRH.Fort de sa comp\u00e9tence \u00e0 pouvoir r\u00e9pondre aux besoins de clients ais\u00e9s et attach\u00e9s \u00e0 la perfection, Rolls-Royce Motor Cars a d\u00fb, pour la premi\u00e8re fois, r\u00e9pondre \u00e0 un besoin singulier du service p\u00e9diatrique de chirurgie du St Richard\u2019s Hospital de Chichester.","robots":{"index":"index","follow":"follow","max-snippet":"max-snippet:-1","max-image-preview":"max-image-preview:large","max-video-preview":"max-video-preview:-1"},"canonical":"https:\/\/www.toys4vip.com\/fr\/luxury-toy\/rolls-royce-srh\/413\/","og_locale":"fr_FR","og_type":"article","og_title":"Rolls-Royce SRH - Toys4Vip","og_description":"Rolls-Royce, d\u00e9j\u00e0 connu et reconnu pour son savoir-faire artisanal, vient de livrer un nouveau concept miniature et bienveillant pour un client tr\u00e8s particulier. On vous pr\u00e9sente ce cadeau nomm\u00e9 Rolls-Royce SRH.Fort de sa comp\u00e9tence \u00e0 pouvoir r\u00e9pondre aux besoins de clients ais\u00e9s et attach\u00e9s \u00e0 la perfection, Rolls-Royce Motor Cars a d\u00fb, pour la premi\u00e8re fois, r\u00e9pondre \u00e0 un besoin singulier du service p\u00e9diatrique de chirurgie du St Richard\u2019s Hospital de Chichester.","og_url":"https:\/\/www.toys4vip.com\/fr\/luxury-toy\/rolls-royce-srh\/413\/","og_site_name":"Toys4Vip","article_modified_time":"2021-11-13T10:48:01+00:00","og_image":[{"width":1920,"height":1280,"url":"https:\/\/www.toys4vip.com\/app\/uploads\/2021\/11\/main-286.jpg","type":"image\/jpeg"}],"twitter_card":"summary_large_image","twitter_misc":{"Dur\u00e9e de lecture est.":"2 minutes"},"schema":{"@context":"https:\/\/schema.org","@graph":[{"@type":"WebSite","@id":"https:\/\/www.toys4vip.com\/fr\/#website","url":"https:\/\/www.toys4vip.com\/fr\/","name":"Toys4Vip","description":"Jouets de luxe nouveau concept store","potentialAction":[{"@type":"SearchAction","target":{"@type":"EntryPoint","urlTemplate":"https:\/\/www.toys4vip.com\/fr\/?s={search_term_string}"},"query-input":"required name=search_term_string"}],"inLanguage":"fr-FR"},{"@type":"ImageObject","@id":"https:\/\/www.toys4vip.com\/fr\/luxury-toy\/rolls-royce-srh\/413\/#primaryimage","inLanguage":"fr-FR","url":"https:\/\/www.toys4vip.com\/app\/uploads\/2021\/11\/main-286.jpg","contentUrl":"https:\/\/www.toys4vip.com\/app\/uploads\/2021\/11\/main-286.jpg","width":1920,"height":1280},{"@type":"WebPage","@id":"https:\/\/www.toys4vip.com\/fr\/luxury-toy\/rolls-royce-srh\/413\/#webpage","url":"https:\/\/www.toys4vip.com\/fr\/luxury-toy\/rolls-royce-srh\/413\/","name":"Rolls-Royce SRH - Toys4Vip","isPartOf":{"@id":"https:\/\/www.toys4vip.com\/fr\/#website"},"primaryImageOfPage":{"@id":"https:\/\/www.toys4vip.com\/fr\/luxury-toy\/rolls-royce-srh\/413\/#primaryimage"},"datePublished":"2021-11-02T10:30:43+00:00","dateModified":"2021-11-13T10:48:01+00:00","description":"Rolls-Royce, d\u00e9j\u00e0 connu et reconnu pour son savoir-faire artisanal, vient de livrer un nouveau concept miniature et bienveillant pour un client tr\u00e8s particulier. On vous pr\u00e9sente ce cadeau nomm\u00e9 Rolls-Royce SRH.Fort de sa comp\u00e9tence \u00e0 pouvoir r\u00e9pondre aux besoins de clients ais\u00e9s et attach\u00e9s \u00e0 la perfection, Rolls-Royce Motor Cars a d\u00fb, pour la premi\u00e8re fois, r\u00e9pondre \u00e0 un besoin singulier du service p\u00e9diatrique de chirurgie du St Richard\u2019s Hospital de Chichester.","breadcrumb":{"@id":"https:\/\/www.toys4vip.com\/fr\/luxury-toy\/rolls-royce-srh\/413\/#breadcrumb"},"inLanguage":"fr-FR","potentialAction":[{"@type":"ReadAction","target":["https:\/\/www.toys4vip.com\/fr\/luxury-toy\/rolls-royce-srh\/413\/"]}]},{"@type":"BreadcrumbList","@id":"https:\/\/www.toys4vip.com\/fr\/luxury-toy\/rolls-royce-srh\/413\/#breadcrumb","itemListElement":[{"@type":"ListItem","position":1,"name":"Home","item":"https:\/\/www.toys4vip.com\/fr\/"},{"@type":"ListItem","position":2,"name":"Objets \/ Cat\u00e9gories","item":"https:\/\/www.toys4vip.com\/fr\/luxury-toys\/"},{"@type":"ListItem","position":3,"name":"Rolls-Royce SRH"}]}]}},"_links":{"self":[{"href":"https:\/\/www.toys4vip.com\/fr\/wp-json\/wp\/v2\/product\/1302"}],"collection":[{"href":"https:\/\/www.toys4vip.com\/fr\/wp-json\/wp\/v2\/product"}],"about":[{"href":"https:\/\/www.toys4vip.com\/fr\/wp-json\/wp\/v2\/types\/product"}],"replies":[{"embeddable":true,"href":"https:\/\/www.toys4vip.com\/fr\/wp-json\/wp\/v2\/comments?post=1302"}],"wp:featuredmedia":[{"embeddable":true,"href":"https:\/\/www.toys4vip.com\/fr\/wp-json\/wp\/v2\/media\/1300"}],"wp:attachment":[{"href":"https:\/\/www.toys4vip.com\/fr\/wp-json\/wp\/v2\/media?parent=1302"}],"wp:term":[{"taxonomy":"product_cat","embeddable":true,"href":"https:\/\/www.toys4vip.com\/fr\/wp-json\/wp\/v2\/product_cat?post=1302"},{"taxonomy":"product_tag","embeddable":true,"href":"https:\/\/www.toys4vip.com\/fr\/wp-json\/wp\/v2\/product_tag?post=1302"}],"curies":[{"name":"wp","href":"https:\/\/api.w.org\/{rel}","templated":true}]}}