{"id":1293,"date":"2021-11-02T10:30:41","date_gmt":"2021-11-02T10:30:41","guid":{"rendered":"https:\/\/toys4vip.com\/produit\/focal-x-tournaire\/"},"modified":"2021-11-18T17:40:05","modified_gmt":"2021-11-18T16:40:05","slug":"focal-x-tournaire","status":"publish","type":"product","link":"https:\/\/www.toys4vip.com\/fr\/luxury-toy\/focal-x-tournaire\/410\/","title":{"rendered":"Focal x Tournaire"},"content":{"rendered":"<p>Lorsque la marque fran\u00e7aise Focal, reconnue pour son savoir faire en terme d\u2019enceintes acoustiques haute-fid\u00e9lit\u00e9, s\u2019associe \u00e0 la marque Tournaire, une autre marque fran\u00e7aise reconnue pour ses pi\u00e8ces d\u2019exception en joaillerie, cela donne une pi\u00e8ce unique : le casque Utopia by Tournaire.<\/p>\n<p>Le casque Utopia avait \u00e9t\u00e9 pr\u00e9sent\u00e9 par FOCAL l\u2019ann\u00e9e derni\u00e8re et c\u2019est de cette pi\u00e8ce ultra haut-de-gamme que les deux marques ont choisi comme point de d\u00e9part \u00e0 la cr\u00e9ation Utopia By Tournaire.<\/p>\n<p>Le casque de Focal utilisait d\u00e9j\u00e0 des technologies avanc\u00e9es comme le seul haut-parleur large bande ouvert sur l\u2019arri\u00e8re \u00e0 d\u00f4me \u00ab M \u00bb en B\u00e9ryllium pur, ainsi que des coussinets ultra confortables en cuir d\u2019agneau. Alors quand Tournaire s\u2019est empar\u00e9 de cette pi\u00e8ce unique pour cr\u00e9er l\u2019Utopia By Tournaire, elle a su le transformer en v\u00e9ritable pi\u00e8ce de joaillerie.<\/p>\n<p>Le casque Utopia By Tournaire a ainsi \u00e9t\u00e9 dessin\u00e9 et r\u00e9alis\u00e9 par Philippe et Mathieu Tournaire, qui ont su puiser en famille l\u2019inspiration de son nouvel esth\u00e9tisme. Le casque est ainsi recouvert d\u2019or jaune 750 milli\u00e8mes et de 6 carats de diamants.<\/p>\n<p>Apr\u00e8s un an de travail, Tournaire a su imposer sa marque sur le casque Utopia By Tournaire en y ajoutant son empreinte au travers de la Trilogie, symbole repr\u00e9sentant le pass\u00e9 par le carr\u00e9, le pr\u00e9sent par le triangle et le cercle de la pl\u00e9nitude pour l\u2019avenir.<\/p>\n<p>De plus, le casque Utopia By Tournaire peut \u00eatre fourni avec un support repr\u00e9sentant un visage sculpt\u00e9 en bronze jaune et patin\u00e9 \u00e0 la main.<\/p>\n<p>Si le casque Utopia By Tournaire est aujourd\u2019hui le plus prestigieux et le plus cher au monde (100.000 euros ou 110.000 euros avec le socle), il est n\u00e9anmoins emprunt de g\u00e9n\u00e9rosit\u00e9 car une partie des b\u00e9n\u00e9fices des ventes seront revers\u00e9 \u00e0 l\u2019association P\u2019tit Louis, qui lutte pour sauver le petit Louis Biscini, 8 ans, atteint d\u2019Amyotrophie.<\/p>\n<p>Utopia By Tournaire est limit\u00e9 \u00e0 huit pi\u00e8ces exclusives et num\u00e9rot\u00e9es.<\/p>\n","protected":false},"excerpt":{"rendered":"<p>Lorsque la marque fran\u00e7aise Focal, reconnue pour son savoir faire en terme d\u2019enceintes acoustiques haute-fid\u00e9lit\u00e9, s\u2019associe \u00e0 la marque Tournaire, une autre marque fran\u00e7aise reconnue pour ses pi\u00e8ces d\u2019exception en joaillerie, cela donne une pi\u00e8ce unique : le casque Utopia by Tournaire. Le casque Utopia avait \u00e9t\u00e9 pr\u00e9sent\u00e9 par FOCAL l\u2019ann\u00e9e derni\u00e8re et c\u2019est de [&hellip;]<\/p>\n","protected":false},"featured_media":1291,"comment_status":"open","ping_status":"closed","template":"","meta":[],"product_cat":[33],"product_tag":[],"yoast_head":"<!-- This site is optimized with the Yoast SEO plugin v17.4 - https:\/\/yoast.com\/wordpress\/plugins\/seo\/ -->\n<title>Focal x Tournaire - Toys4Vip<\/title>\n<meta name=\"description\" content=\"Lorsque la marque fran\u00e7aise Focal, reconnue pour son savoir faire en terme d\u2019enceintes acoustiques haute-fid\u00e9lit\u00e9, s\u2019associe \u00e0 la marque Tournaire, une autre marque fran\u00e7aise reconnue pour ses pi\u00e8ces d\u2019exception en joaillerie, cela donne une pi\u00e8ce unique : le casque Utopia by Tournaire.Le casque Utopia avait \u00e9t\u00e9 pr\u00e9sent\u00e9 par FOCAL l\u2019ann\u00e9e derni\u00e8re et c\u2019est de cette pi\u00e8ce ultra haut-de-gamme que les deux marques ont choisi comme point de d\u00e9part \u00e0 la cr\u00e9ation Utopia By Tournaire.\" \/>\n<meta name=\"robots\" content=\"index, follow, max-snippet:-1, max-image-preview:large, max-video-preview:-1\" \/>\n<link rel=\"canonical\" href=\"https:\/\/www.toys4vip.com\/fr\/luxury-toy\/focal-x-tournaire\/410\/\" \/>\n<meta property=\"og:locale\" content=\"fr_FR\" \/>\n<meta property=\"og:type\" content=\"article\" \/>\n<meta property=\"og:title\" content=\"Focal x Tournaire - Toys4Vip\" \/>\n<meta property=\"og:description\" content=\"Lorsque la marque fran\u00e7aise Focal, reconnue pour son savoir faire en terme d\u2019enceintes acoustiques haute-fid\u00e9lit\u00e9, s\u2019associe \u00e0 la marque Tournaire, une autre marque fran\u00e7aise reconnue pour ses pi\u00e8ces d\u2019exception en joaillerie, cela donne une pi\u00e8ce unique : le casque Utopia by Tournaire.Le casque Utopia avait \u00e9t\u00e9 pr\u00e9sent\u00e9 par FOCAL l\u2019ann\u00e9e derni\u00e8re et c\u2019est de cette pi\u00e8ce ultra haut-de-gamme que les deux marques ont choisi comme point de d\u00e9part \u00e0 la cr\u00e9ation Utopia By Tournaire.\" \/>\n<meta property=\"og:url\" content=\"https:\/\/www.toys4vip.com\/fr\/luxury-toy\/focal-x-tournaire\/410\/\" \/>\n<meta property=\"og:site_name\" content=\"Toys4Vip\" \/>\n<meta property=\"article:modified_time\" content=\"2021-11-18T16:40:05+00:00\" \/>\n<meta property=\"og:image\" content=\"https:\/\/www.toys4vip.com\/app\/uploads\/2021\/11\/main-283.jpg\" \/>\n\t<meta property=\"og:image:width\" content=\"1300\" \/>\n\t<meta property=\"og:image:height\" content=\"1486\" \/>\n<meta name=\"twitter:card\" content=\"summary_large_image\" \/>\n<meta name=\"twitter:label1\" content=\"Dur\u00e9e de lecture est.\" \/>\n\t<meta name=\"twitter:data1\" content=\"2 minutes\" \/>\n<script type=\"application\/ld+json\" class=\"yoast-schema-graph\">{\"@context\":\"https:\/\/schema.org\",\"@graph\":[{\"@type\":\"WebSite\",\"@id\":\"https:\/\/www.toys4vip.com\/fr\/#website\",\"url\":\"https:\/\/www.toys4vip.com\/fr\/\",\"name\":\"Toys4Vip\",\"description\":\"Jouets de luxe nouveau concept store\",\"potentialAction\":[{\"@type\":\"SearchAction\",\"target\":{\"@type\":\"EntryPoint\",\"urlTemplate\":\"https:\/\/www.toys4vip.com\/fr\/?s={search_term_string}\"},\"query-input\":\"required name=search_term_string\"}],\"inLanguage\":\"fr-FR\"},{\"@type\":\"ImageObject\",\"@id\":\"https:\/\/www.toys4vip.com\/fr\/luxury-toy\/focal-x-tournaire\/410\/#primaryimage\",\"inLanguage\":\"fr-FR\",\"url\":\"https:\/\/www.toys4vip.com\/app\/uploads\/2021\/11\/main-283.jpg\",\"contentUrl\":\"https:\/\/www.toys4vip.com\/app\/uploads\/2021\/11\/main-283.jpg\",\"width\":1300,\"height\":1486},{\"@type\":\"WebPage\",\"@id\":\"https:\/\/www.toys4vip.com\/fr\/luxury-toy\/focal-x-tournaire\/410\/#webpage\",\"url\":\"https:\/\/www.toys4vip.com\/fr\/luxury-toy\/focal-x-tournaire\/410\/\",\"name\":\"Focal x Tournaire - Toys4Vip\",\"isPartOf\":{\"@id\":\"https:\/\/www.toys4vip.com\/fr\/#website\"},\"primaryImageOfPage\":{\"@id\":\"https:\/\/www.toys4vip.com\/fr\/luxury-toy\/focal-x-tournaire\/410\/#primaryimage\"},\"datePublished\":\"2021-11-02T10:30:41+00:00\",\"dateModified\":\"2021-11-18T16:40:05+00:00\",\"description\":\"Lorsque la marque fran\\u00e7aise Focal, reconnue pour son savoir faire en terme d\\u2019enceintes acoustiques haute-fid\\u00e9lit\\u00e9, s\\u2019associe \\u00e0 la marque Tournaire, une autre marque fran\\u00e7aise reconnue pour ses pi\\u00e8ces d\\u2019exception en joaillerie, cela donne une pi\\u00e8ce unique : le casque Utopia by Tournaire.Le casque Utopia avait \\u00e9t\\u00e9 pr\\u00e9sent\\u00e9 par FOCAL l\\u2019ann\\u00e9e derni\\u00e8re et c\\u2019est de cette pi\\u00e8ce ultra haut-de-gamme que les deux marques ont choisi comme point de d\\u00e9part \\u00e0 la cr\\u00e9ation Utopia By Tournaire.\",\"breadcrumb\":{\"@id\":\"https:\/\/www.toys4vip.com\/fr\/luxury-toy\/focal-x-tournaire\/410\/#breadcrumb\"},\"inLanguage\":\"fr-FR\",\"potentialAction\":[{\"@type\":\"ReadAction\",\"target\":[\"https:\/\/www.toys4vip.com\/fr\/luxury-toy\/focal-x-tournaire\/410\/\"]}]},{\"@type\":\"BreadcrumbList\",\"@id\":\"https:\/\/www.toys4vip.com\/fr\/luxury-toy\/focal-x-tournaire\/410\/#breadcrumb\",\"itemListElement\":[{\"@type\":\"ListItem\",\"position\":1,\"name\":\"Home\",\"item\":\"https:\/\/www.toys4vip.com\/fr\/\"},{\"@type\":\"ListItem\",\"position\":2,\"name\":\"Objets \/ Cat\\u00e9gories\",\"item\":\"https:\/\/www.toys4vip.com\/fr\/luxury-toys\/\"},{\"@type\":\"ListItem\",\"position\":3,\"name\":\"Focal x Tournaire\"}]}]}<\/script>\n<!-- \/ Yoast SEO plugin. -->","yoast_head_json":{"title":"Focal x Tournaire - Toys4Vip","description":"Lorsque la marque fran\u00e7aise Focal, reconnue pour son savoir faire en terme d\u2019enceintes acoustiques haute-fid\u00e9lit\u00e9, s\u2019associe \u00e0 la marque Tournaire, une autre marque fran\u00e7aise reconnue pour ses pi\u00e8ces d\u2019exception en joaillerie, cela donne une pi\u00e8ce unique : le casque Utopia by Tournaire.Le casque Utopia avait \u00e9t\u00e9 pr\u00e9sent\u00e9 par FOCAL l\u2019ann\u00e9e derni\u00e8re et c\u2019est de cette pi\u00e8ce ultra haut-de-gamme que les deux marques ont choisi comme point de d\u00e9part \u00e0 la cr\u00e9ation Utopia By Tournaire.","robots":{"index":"index","follow":"follow","max-snippet":"max-snippet:-1","max-image-preview":"max-image-preview:large","max-video-preview":"max-video-preview:-1"},"canonical":"https:\/\/www.toys4vip.com\/fr\/luxury-toy\/focal-x-tournaire\/410\/","og_locale":"fr_FR","og_type":"article","og_title":"Focal x Tournaire - Toys4Vip","og_description":"Lorsque la marque fran\u00e7aise Focal, reconnue pour son savoir faire en terme d\u2019enceintes acoustiques haute-fid\u00e9lit\u00e9, s\u2019associe \u00e0 la marque Tournaire, une autre marque fran\u00e7aise reconnue pour ses pi\u00e8ces d\u2019exception en joaillerie, cela donne une pi\u00e8ce unique : le casque Utopia by Tournaire.Le casque Utopia avait \u00e9t\u00e9 pr\u00e9sent\u00e9 par FOCAL l\u2019ann\u00e9e derni\u00e8re et c\u2019est de cette pi\u00e8ce ultra haut-de-gamme que les deux marques ont choisi comme point de d\u00e9part \u00e0 la cr\u00e9ation Utopia By Tournaire.","og_url":"https:\/\/www.toys4vip.com\/fr\/luxury-toy\/focal-x-tournaire\/410\/","og_site_name":"Toys4Vip","article_modified_time":"2021-11-18T16:40:05+00:00","og_image":[{"width":1300,"height":1486,"url":"https:\/\/www.toys4vip.com\/app\/uploads\/2021\/11\/main-283.jpg","type":"image\/jpeg"}],"twitter_card":"summary_large_image","twitter_misc":{"Dur\u00e9e de lecture est.":"2 minutes"},"schema":{"@context":"https:\/\/schema.org","@graph":[{"@type":"WebSite","@id":"https:\/\/www.toys4vip.com\/fr\/#website","url":"https:\/\/www.toys4vip.com\/fr\/","name":"Toys4Vip","description":"Jouets de luxe nouveau concept store","potentialAction":[{"@type":"SearchAction","target":{"@type":"EntryPoint","urlTemplate":"https:\/\/www.toys4vip.com\/fr\/?s={search_term_string}"},"query-input":"required name=search_term_string"}],"inLanguage":"fr-FR"},{"@type":"ImageObject","@id":"https:\/\/www.toys4vip.com\/fr\/luxury-toy\/focal-x-tournaire\/410\/#primaryimage","inLanguage":"fr-FR","url":"https:\/\/www.toys4vip.com\/app\/uploads\/2021\/11\/main-283.jpg","contentUrl":"https:\/\/www.toys4vip.com\/app\/uploads\/2021\/11\/main-283.jpg","width":1300,"height":1486},{"@type":"WebPage","@id":"https:\/\/www.toys4vip.com\/fr\/luxury-toy\/focal-x-tournaire\/410\/#webpage","url":"https:\/\/www.toys4vip.com\/fr\/luxury-toy\/focal-x-tournaire\/410\/","name":"Focal x Tournaire - Toys4Vip","isPartOf":{"@id":"https:\/\/www.toys4vip.com\/fr\/#website"},"primaryImageOfPage":{"@id":"https:\/\/www.toys4vip.com\/fr\/luxury-toy\/focal-x-tournaire\/410\/#primaryimage"},"datePublished":"2021-11-02T10:30:41+00:00","dateModified":"2021-11-18T16:40:05+00:00","description":"Lorsque la marque fran\u00e7aise Focal, reconnue pour son savoir faire en terme d\u2019enceintes acoustiques haute-fid\u00e9lit\u00e9, s\u2019associe \u00e0 la marque Tournaire, une autre marque fran\u00e7aise reconnue pour ses pi\u00e8ces d\u2019exception en joaillerie, cela donne une pi\u00e8ce unique : le casque Utopia by Tournaire.Le casque Utopia avait \u00e9t\u00e9 pr\u00e9sent\u00e9 par FOCAL l\u2019ann\u00e9e derni\u00e8re et c\u2019est de cette pi\u00e8ce ultra haut-de-gamme que les deux marques ont choisi comme point de d\u00e9part \u00e0 la cr\u00e9ation Utopia By Tournaire.","breadcrumb":{"@id":"https:\/\/www.toys4vip.com\/fr\/luxury-toy\/focal-x-tournaire\/410\/#breadcrumb"},"inLanguage":"fr-FR","potentialAction":[{"@type":"ReadAction","target":["https:\/\/www.toys4vip.com\/fr\/luxury-toy\/focal-x-tournaire\/410\/"]}]},{"@type":"BreadcrumbList","@id":"https:\/\/www.toys4vip.com\/fr\/luxury-toy\/focal-x-tournaire\/410\/#breadcrumb","itemListElement":[{"@type":"ListItem","position":1,"name":"Home","item":"https:\/\/www.toys4vip.com\/fr\/"},{"@type":"ListItem","position":2,"name":"Objets \/ Cat\u00e9gories","item":"https:\/\/www.toys4vip.com\/fr\/luxury-toys\/"},{"@type":"ListItem","position":3,"name":"Focal x Tournaire"}]}]}},"_links":{"self":[{"href":"https:\/\/www.toys4vip.com\/fr\/wp-json\/wp\/v2\/product\/1293"}],"collection":[{"href":"https:\/\/www.toys4vip.com\/fr\/wp-json\/wp\/v2\/product"}],"about":[{"href":"https:\/\/www.toys4vip.com\/fr\/wp-json\/wp\/v2\/types\/product"}],"replies":[{"embeddable":true,"href":"https:\/\/www.toys4vip.com\/fr\/wp-json\/wp\/v2\/comments?post=1293"}],"wp:featuredmedia":[{"embeddable":true,"href":"https:\/\/www.toys4vip.com\/fr\/wp-json\/wp\/v2\/media\/1291"}],"wp:attachment":[{"href":"https:\/\/www.toys4vip.com\/fr\/wp-json\/wp\/v2\/media?parent=1293"}],"wp:term":[{"taxonomy":"product_cat","embeddable":true,"href":"https:\/\/www.toys4vip.com\/fr\/wp-json\/wp\/v2\/product_cat?post=1293"},{"taxonomy":"product_tag","embeddable":true,"href":"https:\/\/www.toys4vip.com\/fr\/wp-json\/wp\/v2\/product_tag?post=1293"}],"curies":[{"name":"wp","href":"https:\/\/api.w.org\/{rel}","templated":true}]}}