{"id":1266,"date":"2021-11-02T10:30:38","date_gmt":"2021-11-02T09:30:38","guid":{"rendered":"https:\/\/toys4vip.com\/produit\/chaise-ak47\/"},"modified":"2022-01-06T09:25:47","modified_gmt":"2022-01-06T08:25:47","slug":"chaise-ak47","status":"publish","type":"product","link":"https:\/\/www.toys4vip.com\/fr\/luxury-toy\/chaise-ak47\/399\/","title":{"rendered":"Chaise AK47"},"content":{"rendered":"<p>Non vous ne r\u00eavez pas, ce sont bien des kalachnikov que vous voyez. Plus pr\u00e9cis\u00e9ment, des fusils AK47 ayant d\u00e9j\u00e0 servi et recycl\u00e9s en \u00e9l\u00e9ment design quelque peu \u00e9tonnants. Cette chaise incroyable et insolite est l\u2019\u0153uvre de l\u2019artiste Rainer Weber, originaire de Vienne.<\/p>\n<p>Passionn\u00e9 de design depuis son enfance, et plus particuli\u00e8rement de si\u00e8ges sous toutes leur forme, Rainer Weber souhaitait concevoir une pi\u00e8ce totalement in\u00e9dite, qui ne manquerait pas de retenir l\u2019attention des collectionneurs. Ainsi est n\u00e9e l\u2019AK47 Chair.<\/p>\n<p>C\u2019est en lisant un livre de Michail Kalashnikov que l\u2019id\u00e9e lui est venue, concevoir son AK47 Chair compos\u00e9e de 6 AK47 v\u00e9ritables. Apr\u00e8s les avoir d\u00e9nich\u00e9s puis d\u00e9mont\u00e9s, il en \u00e9parpilla les pi\u00e8ces pour former les bras, les jambes, le dossier et autres composants de ce si\u00e8ge unique au monde.<\/p>\n<p>La structure de l\u2019AK47 chair ainsi que les diff\u00e9rents \u00e9l\u00e9ments des kalachnikov ont \u00e9t\u00e9 enti\u00e8rement chrom\u00e9es avant d\u2019\u00eatre assembl\u00e9s, pour un rendu des plus contemporains. Quant aux poign\u00e9es des pistolets, qui ne se trouvent qu\u2019en synth\u00e9tique, elles ont \u00e9t\u00e9 gard\u00e9es en leur \u00e9tat d\u2019origine mais vernies de noir, tout comme les finitions en bois.<\/p>\n<p>Certaines commandes de l\u2019AK 47 Chair peuvent aussi \u00eatre accompagn\u00e9es d\u2019un casque russe en m\u00e9tal, lui aussi enti\u00e8rement chrom\u00e9, dont l\u2019int\u00e9rieur a \u00e9t\u00e9 recouvert de cuir. Du cuir que l\u2019on retrouve \u00e9galement sur les canons des fusils.<\/p>\n<p>Rassurez-vous, cette chaise n\u2019a absolument rien de dangereux si ce n\u2019est son allure percutante qui ravirait les plus grands patrons de la mafia russe et d\u2019ailleurs. Si vous \u00eates amateurs de chaises design, sachez que les commandes de l\u2019AK47 Chair peuvent se faire en diff\u00e9rents coloris et diff\u00e9rentes formes, \u00e0 la demande.<\/p>\n","protected":false},"excerpt":{"rendered":"<p>Non vous ne r\u00eavez pas, ce sont bien des kalachnikov que vous voyez. Plus pr\u00e9cis\u00e9ment, des fusils AK47 ayant d\u00e9j\u00e0 servi et recycl\u00e9s en \u00e9l\u00e9ment design quelque peu \u00e9tonnants. Cette chaise incroyable et insolite est l\u2019\u0153uvre de l\u2019artiste Rainer Weber, originaire de Vienne. Passionn\u00e9 de design depuis son enfance, et plus particuli\u00e8rement de si\u00e8ges sous [&hellip;]<\/p>\n","protected":false},"featured_media":1264,"comment_status":"open","ping_status":"closed","template":"","meta":[],"product_cat":[42],"product_tag":[],"yoast_head":"<!-- This site is optimized with the Yoast SEO plugin v17.4 - https:\/\/yoast.com\/wordpress\/plugins\/seo\/ -->\n<title>Chaise AK47 - Toys4Vip<\/title>\n<meta name=\"description\" content=\"Non vous ne r\u00eavez pas, ce sont bien des kalachnikov que vous voyez. Plus pr\u00e9cis\u00e9ment, des fusils AK47 ayant d\u00e9j\u00e0 servi et recycl\u00e9s en \u00e9l\u00e9ment design quelque peu \u00e9tonnants. Cette chaise incroyable et insolite est l\u2019\u0153uvre de l\u2019artiste Rainer Weber, originaire de Vienne.Passionn\u00e9 de design depuis son enfance, et plus particuli\u00e8rement de si\u00e8ges sous toutes leur forme, Rainer Weber souhaitait concevoir une pi\u00e8ce totalement in\u00e9dite, qui ne manquerait pas de retenir l\u2019attention des collectionneurs. Ainsi est n\u00e9e l\u2019AK47 Chair.\" \/>\n<meta name=\"robots\" content=\"index, follow, max-snippet:-1, max-image-preview:large, max-video-preview:-1\" \/>\n<link rel=\"canonical\" href=\"https:\/\/www.toys4vip.com\/fr\/luxury-toy\/chaise-ak47\/399\/\" \/>\n<meta property=\"og:locale\" content=\"fr_FR\" \/>\n<meta property=\"og:type\" content=\"article\" \/>\n<meta property=\"og:title\" content=\"Chaise AK47 - Toys4Vip\" \/>\n<meta property=\"og:description\" content=\"Non vous ne r\u00eavez pas, ce sont bien des kalachnikov que vous voyez. Plus pr\u00e9cis\u00e9ment, des fusils AK47 ayant d\u00e9j\u00e0 servi et recycl\u00e9s en \u00e9l\u00e9ment design quelque peu \u00e9tonnants. Cette chaise incroyable et insolite est l\u2019\u0153uvre de l\u2019artiste Rainer Weber, originaire de Vienne.Passionn\u00e9 de design depuis son enfance, et plus particuli\u00e8rement de si\u00e8ges sous toutes leur forme, Rainer Weber souhaitait concevoir une pi\u00e8ce totalement in\u00e9dite, qui ne manquerait pas de retenir l\u2019attention des collectionneurs. Ainsi est n\u00e9e l\u2019AK47 Chair.\" \/>\n<meta property=\"og:url\" content=\"https:\/\/www.toys4vip.com\/fr\/luxury-toy\/chaise-ak47\/399\/\" \/>\n<meta property=\"og:site_name\" content=\"Toys4Vip\" \/>\n<meta property=\"article:modified_time\" content=\"2022-01-06T08:25:47+00:00\" \/>\n<meta property=\"og:image\" content=\"https:\/\/www.toys4vip.com\/app\/uploads\/2021\/11\/main-274.jpg\" \/>\n\t<meta property=\"og:image:width\" content=\"1866\" \/>\n\t<meta property=\"og:image:height\" content=\"1244\" \/>\n<meta name=\"twitter:card\" content=\"summary_large_image\" \/>\n<meta name=\"twitter:label1\" content=\"Dur\u00e9e de lecture est.\" \/>\n\t<meta name=\"twitter:data1\" content=\"2 minutes\" \/>\n<script type=\"application\/ld+json\" class=\"yoast-schema-graph\">{\"@context\":\"https:\/\/schema.org\",\"@graph\":[{\"@type\":\"WebSite\",\"@id\":\"https:\/\/www.toys4vip.com\/fr\/#website\",\"url\":\"https:\/\/www.toys4vip.com\/fr\/\",\"name\":\"Toys4Vip\",\"description\":\"Jouets de luxe nouveau concept store\",\"potentialAction\":[{\"@type\":\"SearchAction\",\"target\":{\"@type\":\"EntryPoint\",\"urlTemplate\":\"https:\/\/www.toys4vip.com\/fr\/?s={search_term_string}\"},\"query-input\":\"required name=search_term_string\"}],\"inLanguage\":\"fr-FR\"},{\"@type\":\"ImageObject\",\"@id\":\"https:\/\/www.toys4vip.com\/fr\/luxury-toy\/chaise-ak47\/399\/#primaryimage\",\"inLanguage\":\"fr-FR\",\"url\":\"https:\/\/www.toys4vip.com\/app\/uploads\/2021\/11\/main-274.jpg\",\"contentUrl\":\"https:\/\/www.toys4vip.com\/app\/uploads\/2021\/11\/main-274.jpg\",\"width\":1866,\"height\":1244},{\"@type\":\"WebPage\",\"@id\":\"https:\/\/www.toys4vip.com\/fr\/luxury-toy\/chaise-ak47\/399\/#webpage\",\"url\":\"https:\/\/www.toys4vip.com\/fr\/luxury-toy\/chaise-ak47\/399\/\",\"name\":\"Chaise AK47 - Toys4Vip\",\"isPartOf\":{\"@id\":\"https:\/\/www.toys4vip.com\/fr\/#website\"},\"primaryImageOfPage\":{\"@id\":\"https:\/\/www.toys4vip.com\/fr\/luxury-toy\/chaise-ak47\/399\/#primaryimage\"},\"datePublished\":\"2021-11-02T09:30:38+00:00\",\"dateModified\":\"2022-01-06T08:25:47+00:00\",\"description\":\"Non vous ne r\\u00eavez pas, ce sont bien des kalachnikov que vous voyez. Plus pr\\u00e9cis\\u00e9ment, des fusils AK47 ayant d\\u00e9j\\u00e0 servi et recycl\\u00e9s en \\u00e9l\\u00e9ment design quelque peu \\u00e9tonnants. Cette chaise incroyable et insolite est l\\u2019\\u0153uvre de l\\u2019artiste Rainer Weber, originaire de Vienne.Passionn\\u00e9 de design depuis son enfance, et plus particuli\\u00e8rement de si\\u00e8ges sous toutes leur forme, Rainer Weber souhaitait concevoir une pi\\u00e8ce totalement in\\u00e9dite, qui ne manquerait pas de retenir l\\u2019attention des collectionneurs. Ainsi est n\\u00e9e l\\u2019AK47 Chair.\",\"breadcrumb\":{\"@id\":\"https:\/\/www.toys4vip.com\/fr\/luxury-toy\/chaise-ak47\/399\/#breadcrumb\"},\"inLanguage\":\"fr-FR\",\"potentialAction\":[{\"@type\":\"ReadAction\",\"target\":[\"https:\/\/www.toys4vip.com\/fr\/luxury-toy\/chaise-ak47\/399\/\"]}]},{\"@type\":\"BreadcrumbList\",\"@id\":\"https:\/\/www.toys4vip.com\/fr\/luxury-toy\/chaise-ak47\/399\/#breadcrumb\",\"itemListElement\":[{\"@type\":\"ListItem\",\"position\":1,\"name\":\"Home\",\"item\":\"https:\/\/www.toys4vip.com\/fr\/\"},{\"@type\":\"ListItem\",\"position\":2,\"name\":\"Objets \/ Cat\\u00e9gories\",\"item\":\"https:\/\/www.toys4vip.com\/fr\/luxury-toys\/\"},{\"@type\":\"ListItem\",\"position\":3,\"name\":\"Chaise AK47\"}]}]}<\/script>\n<!-- \/ Yoast SEO plugin. -->","yoast_head_json":{"title":"Chaise AK47 - Toys4Vip","description":"Non vous ne r\u00eavez pas, ce sont bien des kalachnikov que vous voyez. Plus pr\u00e9cis\u00e9ment, des fusils AK47 ayant d\u00e9j\u00e0 servi et recycl\u00e9s en \u00e9l\u00e9ment design quelque peu \u00e9tonnants. Cette chaise incroyable et insolite est l\u2019\u0153uvre de l\u2019artiste Rainer Weber, originaire de Vienne.Passionn\u00e9 de design depuis son enfance, et plus particuli\u00e8rement de si\u00e8ges sous toutes leur forme, Rainer Weber souhaitait concevoir une pi\u00e8ce totalement in\u00e9dite, qui ne manquerait pas de retenir l\u2019attention des collectionneurs. Ainsi est n\u00e9e l\u2019AK47 Chair.","robots":{"index":"index","follow":"follow","max-snippet":"max-snippet:-1","max-image-preview":"max-image-preview:large","max-video-preview":"max-video-preview:-1"},"canonical":"https:\/\/www.toys4vip.com\/fr\/luxury-toy\/chaise-ak47\/399\/","og_locale":"fr_FR","og_type":"article","og_title":"Chaise AK47 - Toys4Vip","og_description":"Non vous ne r\u00eavez pas, ce sont bien des kalachnikov que vous voyez. Plus pr\u00e9cis\u00e9ment, des fusils AK47 ayant d\u00e9j\u00e0 servi et recycl\u00e9s en \u00e9l\u00e9ment design quelque peu \u00e9tonnants. Cette chaise incroyable et insolite est l\u2019\u0153uvre de l\u2019artiste Rainer Weber, originaire de Vienne.Passionn\u00e9 de design depuis son enfance, et plus particuli\u00e8rement de si\u00e8ges sous toutes leur forme, Rainer Weber souhaitait concevoir une pi\u00e8ce totalement in\u00e9dite, qui ne manquerait pas de retenir l\u2019attention des collectionneurs. Ainsi est n\u00e9e l\u2019AK47 Chair.","og_url":"https:\/\/www.toys4vip.com\/fr\/luxury-toy\/chaise-ak47\/399\/","og_site_name":"Toys4Vip","article_modified_time":"2022-01-06T08:25:47+00:00","og_image":[{"width":1866,"height":1244,"url":"https:\/\/www.toys4vip.com\/app\/uploads\/2021\/11\/main-274.jpg","type":"image\/jpeg"}],"twitter_card":"summary_large_image","twitter_misc":{"Dur\u00e9e de lecture est.":"2 minutes"},"schema":{"@context":"https:\/\/schema.org","@graph":[{"@type":"WebSite","@id":"https:\/\/www.toys4vip.com\/fr\/#website","url":"https:\/\/www.toys4vip.com\/fr\/","name":"Toys4Vip","description":"Jouets de luxe nouveau concept store","potentialAction":[{"@type":"SearchAction","target":{"@type":"EntryPoint","urlTemplate":"https:\/\/www.toys4vip.com\/fr\/?s={search_term_string}"},"query-input":"required name=search_term_string"}],"inLanguage":"fr-FR"},{"@type":"ImageObject","@id":"https:\/\/www.toys4vip.com\/fr\/luxury-toy\/chaise-ak47\/399\/#primaryimage","inLanguage":"fr-FR","url":"https:\/\/www.toys4vip.com\/app\/uploads\/2021\/11\/main-274.jpg","contentUrl":"https:\/\/www.toys4vip.com\/app\/uploads\/2021\/11\/main-274.jpg","width":1866,"height":1244},{"@type":"WebPage","@id":"https:\/\/www.toys4vip.com\/fr\/luxury-toy\/chaise-ak47\/399\/#webpage","url":"https:\/\/www.toys4vip.com\/fr\/luxury-toy\/chaise-ak47\/399\/","name":"Chaise AK47 - Toys4Vip","isPartOf":{"@id":"https:\/\/www.toys4vip.com\/fr\/#website"},"primaryImageOfPage":{"@id":"https:\/\/www.toys4vip.com\/fr\/luxury-toy\/chaise-ak47\/399\/#primaryimage"},"datePublished":"2021-11-02T09:30:38+00:00","dateModified":"2022-01-06T08:25:47+00:00","description":"Non vous ne r\u00eavez pas, ce sont bien des kalachnikov que vous voyez. Plus pr\u00e9cis\u00e9ment, des fusils AK47 ayant d\u00e9j\u00e0 servi et recycl\u00e9s en \u00e9l\u00e9ment design quelque peu \u00e9tonnants. Cette chaise incroyable et insolite est l\u2019\u0153uvre de l\u2019artiste Rainer Weber, originaire de Vienne.Passionn\u00e9 de design depuis son enfance, et plus particuli\u00e8rement de si\u00e8ges sous toutes leur forme, Rainer Weber souhaitait concevoir une pi\u00e8ce totalement in\u00e9dite, qui ne manquerait pas de retenir l\u2019attention des collectionneurs. Ainsi est n\u00e9e l\u2019AK47 Chair.","breadcrumb":{"@id":"https:\/\/www.toys4vip.com\/fr\/luxury-toy\/chaise-ak47\/399\/#breadcrumb"},"inLanguage":"fr-FR","potentialAction":[{"@type":"ReadAction","target":["https:\/\/www.toys4vip.com\/fr\/luxury-toy\/chaise-ak47\/399\/"]}]},{"@type":"BreadcrumbList","@id":"https:\/\/www.toys4vip.com\/fr\/luxury-toy\/chaise-ak47\/399\/#breadcrumb","itemListElement":[{"@type":"ListItem","position":1,"name":"Home","item":"https:\/\/www.toys4vip.com\/fr\/"},{"@type":"ListItem","position":2,"name":"Objets \/ Cat\u00e9gories","item":"https:\/\/www.toys4vip.com\/fr\/luxury-toys\/"},{"@type":"ListItem","position":3,"name":"Chaise AK47"}]}]}},"_links":{"self":[{"href":"https:\/\/www.toys4vip.com\/fr\/wp-json\/wp\/v2\/product\/1266"}],"collection":[{"href":"https:\/\/www.toys4vip.com\/fr\/wp-json\/wp\/v2\/product"}],"about":[{"href":"https:\/\/www.toys4vip.com\/fr\/wp-json\/wp\/v2\/types\/product"}],"replies":[{"embeddable":true,"href":"https:\/\/www.toys4vip.com\/fr\/wp-json\/wp\/v2\/comments?post=1266"}],"wp:featuredmedia":[{"embeddable":true,"href":"https:\/\/www.toys4vip.com\/fr\/wp-json\/wp\/v2\/media\/1264"}],"wp:attachment":[{"href":"https:\/\/www.toys4vip.com\/fr\/wp-json\/wp\/v2\/media?parent=1266"}],"wp:term":[{"taxonomy":"product_cat","embeddable":true,"href":"https:\/\/www.toys4vip.com\/fr\/wp-json\/wp\/v2\/product_cat?post=1266"},{"taxonomy":"product_tag","embeddable":true,"href":"https:\/\/www.toys4vip.com\/fr\/wp-json\/wp\/v2\/product_tag?post=1266"}],"curies":[{"name":"wp","href":"https:\/\/api.w.org\/{rel}","templated":true}]}}