{"id":1263,"date":"2021-11-02T10:30:37","date_gmt":"2021-11-02T10:30:37","guid":{"rendered":"https:\/\/toys4vip.com\/produit\/arne-quinze\/"},"modified":"2021-11-05T15:46:41","modified_gmt":"2021-11-05T15:46:41","slug":"arne-quinze","status":"publish","type":"product","link":"https:\/\/www.toys4vip.com\/fr\/luxury-toy\/arne-quinze\/398\/","title":{"rendered":"Arne Quinze"},"content":{"rendered":"<p>Le Lieb Manufaktur est synonyme de plaisir. Les mat\u00e9riaux s\u00e9lectionn\u00e9s sont trait\u00e9s avec d\u00e9vouement \u00e0 un produit plein d&rsquo;unicit\u00e9 et de passion. Qualit\u00e9 Made in Germany, la perfection du Bade-Wurtemberg. Notre sp\u00e9cialit\u00e9 est la personnalisation dans les moindres d\u00e9tails.<\/p>\n<p>\u00c0 partir d&rsquo;une id\u00e9e faible, l&rsquo;art peut se transformer en quelque chose de vraiment exceptionnel. Il nous remplit de fiert\u00e9 pour vous pr\u00e9senter un v\u00e9ritable chef-d&rsquo;\u0153uvre. Une \u0153uvre d&rsquo;art qui ne peut \u00eatre d\u00e9finie que par un terme: l&rsquo;esprit-souffle. Accompagnez-nous dans un voyage au cours duquel les fronti\u00e8res entre le r\u00eave et la r\u00e9alit\u00e9 deviennent floues.<\/p>\n<p>En collaboration avec Veridor, le c\u00e9l\u00e8bre artiste Belge Arne Quinze a cr\u00e9\u00e9 en juin 2014 une \u0153uvre unique: 45 kg de m\u00e9tal pr\u00e9cieux fabriqu\u00e9s dans un \u00abChaos Naturel\u00bb. Cette pi\u00e8ce d&rsquo;art \u00e9tait principalement faite d&rsquo;or rose 18 carats et de l&rsquo;or blanc palladium de 18 carats le plus fin en tige et en forme de tuyau, ainsi que du fil d&rsquo;or et des feuilles.<\/p>\n<p>M\u00e9taux pr\u00e9cieux utilis\u00e9s:<\/p>\n<p>\u2022 Or rose 18 kt: 27 955,50 g<\/p>\n<p>\u2022 Or blanc 18 kt: 5 708,60 g<\/p>\n<p>\u2022 Palladium fin: 770,66 g<\/p>\n<p>\u2022 Argent fin: 11,380.00 g<\/p>\n<p>Dimensions de l&rsquo;oeuvre:<\/p>\n<p>\u2022 1,30 m x 1,25 m x 1,55 m (L x l x H)<\/p>\n","protected":false},"excerpt":{"rendered":"<p>Le Lieb Manufaktur est synonyme de plaisir. Les mat\u00e9riaux s\u00e9lectionn\u00e9s sont trait\u00e9s avec d\u00e9vouement \u00e0 un produit plein d&rsquo;unicit\u00e9 et de passion. Qualit\u00e9 Made in Germany, la perfection du Bade-Wurtemberg. Notre sp\u00e9cialit\u00e9 est la personnalisation dans les moindres d\u00e9tails. \u00c0 partir d&rsquo;une id\u00e9e faible, l&rsquo;art peut se transformer en quelque chose de vraiment exceptionnel. Il [&hellip;]<\/p>\n","protected":false},"featured_media":1261,"comment_status":"open","ping_status":"closed","template":"","meta":[],"product_cat":[42],"product_tag":[],"yoast_head":"<!-- This site is optimized with the Yoast SEO plugin v17.4 - https:\/\/yoast.com\/wordpress\/plugins\/seo\/ -->\n<title>Arne Quinze - Toys4Vip<\/title>\n<meta name=\"description\" content=\"Le Lieb Manufaktur est synonyme de plaisir. Les mat\u00e9riaux s\u00e9lectionn\u00e9s sont trait\u00e9s avec d\u00e9vouement \u00e0 un produit plein d&#039;unicit\u00e9 et de passion. Qualit\u00e9 Made in Germany, la perfection du Bade-Wurtemberg. Notre sp\u00e9cialit\u00e9 est la personnalisation dans les moindres d\u00e9tails.\u00c0 partir d&#039;une id\u00e9e faible, l&#039;art peut se transformer en quelque chose de vraiment exceptionnel. Il nous remplit de fiert\u00e9 pour vous pr\u00e9senter un v\u00e9ritable chef-d&#039;\u0153uvre. Une \u0153uvre d&#039;art qui ne peut \u00eatre d\u00e9finie que par un terme: l&#039;esprit-souffle.\" \/>\n<meta name=\"robots\" content=\"index, follow, max-snippet:-1, max-image-preview:large, max-video-preview:-1\" \/>\n<link rel=\"canonical\" href=\"https:\/\/www.toys4vip.com\/fr\/luxury-toy\/arne-quinze\/398\/\" \/>\n<meta property=\"og:locale\" content=\"fr_FR\" \/>\n<meta property=\"og:type\" content=\"article\" \/>\n<meta property=\"og:title\" content=\"Arne Quinze - Toys4Vip\" \/>\n<meta property=\"og:description\" content=\"Le Lieb Manufaktur est synonyme de plaisir. Les mat\u00e9riaux s\u00e9lectionn\u00e9s sont trait\u00e9s avec d\u00e9vouement \u00e0 un produit plein d&#039;unicit\u00e9 et de passion. Qualit\u00e9 Made in Germany, la perfection du Bade-Wurtemberg. Notre sp\u00e9cialit\u00e9 est la personnalisation dans les moindres d\u00e9tails.\u00c0 partir d&#039;une id\u00e9e faible, l&#039;art peut se transformer en quelque chose de vraiment exceptionnel. Il nous remplit de fiert\u00e9 pour vous pr\u00e9senter un v\u00e9ritable chef-d&#039;\u0153uvre. Une \u0153uvre d&#039;art qui ne peut \u00eatre d\u00e9finie que par un terme: l&#039;esprit-souffle.\" \/>\n<meta property=\"og:url\" content=\"https:\/\/www.toys4vip.com\/fr\/luxury-toy\/arne-quinze\/398\/\" \/>\n<meta property=\"og:site_name\" content=\"Toys4Vip\" \/>\n<meta property=\"article:modified_time\" content=\"2021-11-05T15:46:41+00:00\" \/>\n<meta property=\"og:image\" content=\"https:\/\/www.toys4vip.com\/app\/uploads\/2021\/11\/main-273.jpg\" \/>\n\t<meta property=\"og:image:width\" content=\"1040\" \/>\n\t<meta property=\"og:image:height\" content=\"620\" \/>\n<meta name=\"twitter:card\" content=\"summary_large_image\" \/>\n<meta name=\"twitter:label1\" content=\"Dur\u00e9e de lecture est.\" \/>\n\t<meta name=\"twitter:data1\" content=\"1 minute\" \/>\n<script type=\"application\/ld+json\" class=\"yoast-schema-graph\">{\"@context\":\"https:\/\/schema.org\",\"@graph\":[{\"@type\":\"WebSite\",\"@id\":\"https:\/\/www.toys4vip.com\/fr\/#website\",\"url\":\"https:\/\/www.toys4vip.com\/fr\/\",\"name\":\"Toys4Vip\",\"description\":\"Jouets de luxe nouveau concept store\",\"potentialAction\":[{\"@type\":\"SearchAction\",\"target\":{\"@type\":\"EntryPoint\",\"urlTemplate\":\"https:\/\/www.toys4vip.com\/fr\/?s={search_term_string}\"},\"query-input\":\"required name=search_term_string\"}],\"inLanguage\":\"fr-FR\"},{\"@type\":\"ImageObject\",\"@id\":\"https:\/\/www.toys4vip.com\/fr\/luxury-toy\/arne-quinze\/398\/#primaryimage\",\"inLanguage\":\"fr-FR\",\"url\":\"https:\/\/www.toys4vip.com\/app\/uploads\/2021\/11\/main-273.jpg\",\"contentUrl\":\"https:\/\/www.toys4vip.com\/app\/uploads\/2021\/11\/main-273.jpg\",\"width\":1040,\"height\":620},{\"@type\":\"WebPage\",\"@id\":\"https:\/\/www.toys4vip.com\/fr\/luxury-toy\/arne-quinze\/398\/#webpage\",\"url\":\"https:\/\/www.toys4vip.com\/fr\/luxury-toy\/arne-quinze\/398\/\",\"name\":\"Arne Quinze - Toys4Vip\",\"isPartOf\":{\"@id\":\"https:\/\/www.toys4vip.com\/fr\/#website\"},\"primaryImageOfPage\":{\"@id\":\"https:\/\/www.toys4vip.com\/fr\/luxury-toy\/arne-quinze\/398\/#primaryimage\"},\"datePublished\":\"2021-11-02T10:30:37+00:00\",\"dateModified\":\"2021-11-05T15:46:41+00:00\",\"description\":\"Le Lieb Manufaktur est synonyme de plaisir. Les mat\\u00e9riaux s\\u00e9lectionn\\u00e9s sont trait\\u00e9s avec d\\u00e9vouement \\u00e0 un produit plein d'unicit\\u00e9 et de passion. Qualit\\u00e9 Made in Germany, la perfection du Bade-Wurtemberg. Notre sp\\u00e9cialit\\u00e9 est la personnalisation dans les moindres d\\u00e9tails.\\u00c0 partir d'une id\\u00e9e faible, l'art peut se transformer en quelque chose de vraiment exceptionnel. Il nous remplit de fiert\\u00e9 pour vous pr\\u00e9senter un v\\u00e9ritable chef-d'\\u0153uvre. Une \\u0153uvre d'art qui ne peut \\u00eatre d\\u00e9finie que par un terme: l'esprit-souffle.\",\"breadcrumb\":{\"@id\":\"https:\/\/www.toys4vip.com\/fr\/luxury-toy\/arne-quinze\/398\/#breadcrumb\"},\"inLanguage\":\"fr-FR\",\"potentialAction\":[{\"@type\":\"ReadAction\",\"target\":[\"https:\/\/www.toys4vip.com\/fr\/luxury-toy\/arne-quinze\/398\/\"]}]},{\"@type\":\"BreadcrumbList\",\"@id\":\"https:\/\/www.toys4vip.com\/fr\/luxury-toy\/arne-quinze\/398\/#breadcrumb\",\"itemListElement\":[{\"@type\":\"ListItem\",\"position\":1,\"name\":\"Home\",\"item\":\"https:\/\/www.toys4vip.com\/fr\/\"},{\"@type\":\"ListItem\",\"position\":2,\"name\":\"Objets \/ Cat\\u00e9gories\",\"item\":\"https:\/\/www.toys4vip.com\/fr\/luxury-toys\/\"},{\"@type\":\"ListItem\",\"position\":3,\"name\":\"Arne Quinze\"}]}]}<\/script>\n<!-- \/ Yoast SEO plugin. -->","yoast_head_json":{"title":"Arne Quinze - Toys4Vip","description":"Le Lieb Manufaktur est synonyme de plaisir. Les mat\u00e9riaux s\u00e9lectionn\u00e9s sont trait\u00e9s avec d\u00e9vouement \u00e0 un produit plein d'unicit\u00e9 et de passion. Qualit\u00e9 Made in Germany, la perfection du Bade-Wurtemberg. Notre sp\u00e9cialit\u00e9 est la personnalisation dans les moindres d\u00e9tails.\u00c0 partir d'une id\u00e9e faible, l'art peut se transformer en quelque chose de vraiment exceptionnel. Il nous remplit de fiert\u00e9 pour vous pr\u00e9senter un v\u00e9ritable chef-d'\u0153uvre. Une \u0153uvre d'art qui ne peut \u00eatre d\u00e9finie que par un terme: l'esprit-souffle.","robots":{"index":"index","follow":"follow","max-snippet":"max-snippet:-1","max-image-preview":"max-image-preview:large","max-video-preview":"max-video-preview:-1"},"canonical":"https:\/\/www.toys4vip.com\/fr\/luxury-toy\/arne-quinze\/398\/","og_locale":"fr_FR","og_type":"article","og_title":"Arne Quinze - Toys4Vip","og_description":"Le Lieb Manufaktur est synonyme de plaisir. Les mat\u00e9riaux s\u00e9lectionn\u00e9s sont trait\u00e9s avec d\u00e9vouement \u00e0 un produit plein d'unicit\u00e9 et de passion. Qualit\u00e9 Made in Germany, la perfection du Bade-Wurtemberg. Notre sp\u00e9cialit\u00e9 est la personnalisation dans les moindres d\u00e9tails.\u00c0 partir d'une id\u00e9e faible, l'art peut se transformer en quelque chose de vraiment exceptionnel. Il nous remplit de fiert\u00e9 pour vous pr\u00e9senter un v\u00e9ritable chef-d'\u0153uvre. Une \u0153uvre d'art qui ne peut \u00eatre d\u00e9finie que par un terme: l'esprit-souffle.","og_url":"https:\/\/www.toys4vip.com\/fr\/luxury-toy\/arne-quinze\/398\/","og_site_name":"Toys4Vip","article_modified_time":"2021-11-05T15:46:41+00:00","og_image":[{"width":1040,"height":620,"url":"https:\/\/www.toys4vip.com\/app\/uploads\/2021\/11\/main-273.jpg","type":"image\/jpeg"}],"twitter_card":"summary_large_image","twitter_misc":{"Dur\u00e9e de lecture est.":"1 minute"},"schema":{"@context":"https:\/\/schema.org","@graph":[{"@type":"WebSite","@id":"https:\/\/www.toys4vip.com\/fr\/#website","url":"https:\/\/www.toys4vip.com\/fr\/","name":"Toys4Vip","description":"Jouets de luxe nouveau concept store","potentialAction":[{"@type":"SearchAction","target":{"@type":"EntryPoint","urlTemplate":"https:\/\/www.toys4vip.com\/fr\/?s={search_term_string}"},"query-input":"required name=search_term_string"}],"inLanguage":"fr-FR"},{"@type":"ImageObject","@id":"https:\/\/www.toys4vip.com\/fr\/luxury-toy\/arne-quinze\/398\/#primaryimage","inLanguage":"fr-FR","url":"https:\/\/www.toys4vip.com\/app\/uploads\/2021\/11\/main-273.jpg","contentUrl":"https:\/\/www.toys4vip.com\/app\/uploads\/2021\/11\/main-273.jpg","width":1040,"height":620},{"@type":"WebPage","@id":"https:\/\/www.toys4vip.com\/fr\/luxury-toy\/arne-quinze\/398\/#webpage","url":"https:\/\/www.toys4vip.com\/fr\/luxury-toy\/arne-quinze\/398\/","name":"Arne Quinze - Toys4Vip","isPartOf":{"@id":"https:\/\/www.toys4vip.com\/fr\/#website"},"primaryImageOfPage":{"@id":"https:\/\/www.toys4vip.com\/fr\/luxury-toy\/arne-quinze\/398\/#primaryimage"},"datePublished":"2021-11-02T10:30:37+00:00","dateModified":"2021-11-05T15:46:41+00:00","description":"Le Lieb Manufaktur est synonyme de plaisir. Les mat\u00e9riaux s\u00e9lectionn\u00e9s sont trait\u00e9s avec d\u00e9vouement \u00e0 un produit plein d'unicit\u00e9 et de passion. Qualit\u00e9 Made in Germany, la perfection du Bade-Wurtemberg. Notre sp\u00e9cialit\u00e9 est la personnalisation dans les moindres d\u00e9tails.\u00c0 partir d'une id\u00e9e faible, l'art peut se transformer en quelque chose de vraiment exceptionnel. Il nous remplit de fiert\u00e9 pour vous pr\u00e9senter un v\u00e9ritable chef-d'\u0153uvre. Une \u0153uvre d'art qui ne peut \u00eatre d\u00e9finie que par un terme: l'esprit-souffle.","breadcrumb":{"@id":"https:\/\/www.toys4vip.com\/fr\/luxury-toy\/arne-quinze\/398\/#breadcrumb"},"inLanguage":"fr-FR","potentialAction":[{"@type":"ReadAction","target":["https:\/\/www.toys4vip.com\/fr\/luxury-toy\/arne-quinze\/398\/"]}]},{"@type":"BreadcrumbList","@id":"https:\/\/www.toys4vip.com\/fr\/luxury-toy\/arne-quinze\/398\/#breadcrumb","itemListElement":[{"@type":"ListItem","position":1,"name":"Home","item":"https:\/\/www.toys4vip.com\/fr\/"},{"@type":"ListItem","position":2,"name":"Objets \/ Cat\u00e9gories","item":"https:\/\/www.toys4vip.com\/fr\/luxury-toys\/"},{"@type":"ListItem","position":3,"name":"Arne Quinze"}]}]}},"_links":{"self":[{"href":"https:\/\/www.toys4vip.com\/fr\/wp-json\/wp\/v2\/product\/1263"}],"collection":[{"href":"https:\/\/www.toys4vip.com\/fr\/wp-json\/wp\/v2\/product"}],"about":[{"href":"https:\/\/www.toys4vip.com\/fr\/wp-json\/wp\/v2\/types\/product"}],"replies":[{"embeddable":true,"href":"https:\/\/www.toys4vip.com\/fr\/wp-json\/wp\/v2\/comments?post=1263"}],"wp:featuredmedia":[{"embeddable":true,"href":"https:\/\/www.toys4vip.com\/fr\/wp-json\/wp\/v2\/media\/1261"}],"wp:attachment":[{"href":"https:\/\/www.toys4vip.com\/fr\/wp-json\/wp\/v2\/media?parent=1263"}],"wp:term":[{"taxonomy":"product_cat","embeddable":true,"href":"https:\/\/www.toys4vip.com\/fr\/wp-json\/wp\/v2\/product_cat?post=1263"},{"taxonomy":"product_tag","embeddable":true,"href":"https:\/\/www.toys4vip.com\/fr\/wp-json\/wp\/v2\/product_tag?post=1263"}],"curies":[{"name":"wp","href":"https:\/\/api.w.org\/{rel}","templated":true}]}}