{"id":1254,"date":"2021-11-02T10:30:36","date_gmt":"2021-11-02T10:30:36","guid":{"rendered":"https:\/\/toys4vip.com\/produit\/drop-box-intenta-design\/"},"modified":"2021-11-18T19:33:29","modified_gmt":"2021-11-18T18:33:29","slug":"drop-box-intenta-design","status":"publish","type":"product","link":"https:\/\/www.toys4vip.com\/fr\/luxury-toy\/drop-box-intenta-design\/395\/","title":{"rendered":"DROP box Intenta Design"},"content":{"rendered":"<p>La bo\u00eete DROP fait partie de la collection de microarchitecture DROP, une suite d&rsquo;h\u00f4tel modulaire pouvant \u00eatre install\u00e9e sur des sites naturels.<\/p>\n<p>La collection DROP fait partie de la grande tendance \u00e9mergente dans le domaine de la microarchitecture modulaire. DROP box est une suite d&rsquo;h\u00f4tel modulable, convenant pour \u00eatre plac\u00e9e\u00e7 dans la nature qui offrent aux invit\u00e9s une pi\u00e8ce durable et confortable pour rester dedans.<\/p>\n<p>Con\u00e7us pour avoir peu ou pas d&rsquo;impact sur l&rsquo;environnement \u00e9cologique naturel, les modules sont fabriqu\u00e9s hors site et utilisent des mat\u00e9riaux l\u00e9gers qui les rend faciles \u00e0 transporter \u00e0 l&rsquo;endroit. Le mat\u00e9riau principal est le bois, un mat\u00e9riau de construction renouvelable qui n\u00e9cessite moins d&rsquo;\u00e9nergie pour produire, extraire, fabriquer et transporter que les autres mat\u00e9riaux de construction communs. Ce mat\u00e9riau naturel offre une solution \u00e0 la fois \u00e9cologique et moderne.<\/p>\n<p>\u00c9loignez-vous de tout dans une suite d&rsquo;h\u00f4tel modulaire! Prendre un caf\u00e9 au milieu de la for\u00eat, ou tra\u00eener sur une falaise &#8230; DROP bo\u00eete est particuli\u00e8rement adapt\u00e9e pour quiconque a un d\u00e9sir inh\u00e9rent pour la nature, mais ne veut pas causer un impact n\u00e9gatif sur l&rsquo;environnement en cons\u00e9quence De son logement temporaire dans la nature.<\/p>\n<p>Il ya deux tailles de chambre pour accueillir confortablement 2 adultes ou une famille de quatre. Il dispose d&rsquo;une ou deux chambres de bonne taille, salle de bains 3 pi\u00e8ces avec douche panoramique, ainsi qu&rsquo;une terrasse ext\u00e9rieure. L&rsquo;espace est couvert par de grandes fen\u00eatres qui supprime les barri\u00e8res de l&rsquo;int\u00e9rieur et l&rsquo;ext\u00e9rieur et aide \u00e0 plonger les voyageurs dans le monde naturel \u00e0 l&rsquo;ext\u00e9rieur.<\/p>\n","protected":false},"excerpt":{"rendered":"<p>La bo\u00eete DROP fait partie de la collection de microarchitecture DROP, une suite d&rsquo;h\u00f4tel modulaire pouvant \u00eatre install\u00e9e sur des sites naturels. La collection DROP fait partie de la grande tendance \u00e9mergente dans le domaine de la microarchitecture modulaire. DROP box est une suite d&rsquo;h\u00f4tel modulable, convenant pour \u00eatre plac\u00e9e\u00e7 dans la nature qui offrent [&hellip;]<\/p>\n","protected":false},"featured_media":1252,"comment_status":"open","ping_status":"closed","template":"","meta":[],"product_cat":[31],"product_tag":[],"yoast_head":"<!-- This site is optimized with the Yoast SEO plugin v17.4 - https:\/\/yoast.com\/wordpress\/plugins\/seo\/ -->\n<title>DROP box Intenta Design - Toys4Vip<\/title>\n<meta name=\"description\" content=\"La bo\u00eete DROP fait partie de la collection de microarchitecture DROP, une suite d&#039;h\u00f4tel modulaire pouvant \u00eatre install\u00e9e sur des sites naturels.La collection DROP fait partie de la grande tendance \u00e9mergente dans le domaine de la microarchitecture modulaire. DROP box est une suite d&#039;h\u00f4tel modulable, convenant pour \u00eatre plac\u00e9e\u00e7 dans la nature qui offrent aux invit\u00e9s une pi\u00e8ce durable et confortable pour rester dedans.\" \/>\n<meta name=\"robots\" content=\"index, follow, max-snippet:-1, max-image-preview:large, max-video-preview:-1\" \/>\n<link rel=\"canonical\" href=\"https:\/\/www.toys4vip.com\/fr\/luxury-toy\/drop-box-intenta-design\/395\/\" \/>\n<meta property=\"og:locale\" content=\"fr_FR\" \/>\n<meta property=\"og:type\" content=\"article\" \/>\n<meta property=\"og:title\" content=\"DROP box Intenta Design - Toys4Vip\" \/>\n<meta property=\"og:description\" content=\"La bo\u00eete DROP fait partie de la collection de microarchitecture DROP, une suite d&#039;h\u00f4tel modulaire pouvant \u00eatre install\u00e9e sur des sites naturels.La collection DROP fait partie de la grande tendance \u00e9mergente dans le domaine de la microarchitecture modulaire. DROP box est une suite d&#039;h\u00f4tel modulable, convenant pour \u00eatre plac\u00e9e\u00e7 dans la nature qui offrent aux invit\u00e9s une pi\u00e8ce durable et confortable pour rester dedans.\" \/>\n<meta property=\"og:url\" content=\"https:\/\/www.toys4vip.com\/fr\/luxury-toy\/drop-box-intenta-design\/395\/\" \/>\n<meta property=\"og:site_name\" content=\"Toys4Vip\" \/>\n<meta property=\"article:modified_time\" content=\"2021-11-18T18:33:29+00:00\" \/>\n<meta property=\"og:image\" content=\"https:\/\/www.toys4vip.com\/app\/uploads\/2021\/11\/main-270.jpg\" \/>\n\t<meta property=\"og:image:width\" content=\"940\" \/>\n\t<meta property=\"og:image:height\" content=\"696\" \/>\n<meta name=\"twitter:card\" content=\"summary_large_image\" \/>\n<meta name=\"twitter:label1\" content=\"Dur\u00e9e de lecture est.\" \/>\n\t<meta name=\"twitter:data1\" content=\"1 minute\" \/>\n<script type=\"application\/ld+json\" class=\"yoast-schema-graph\">{\"@context\":\"https:\/\/schema.org\",\"@graph\":[{\"@type\":\"WebSite\",\"@id\":\"https:\/\/www.toys4vip.com\/fr\/#website\",\"url\":\"https:\/\/www.toys4vip.com\/fr\/\",\"name\":\"Toys4Vip\",\"description\":\"Jouets de luxe nouveau concept store\",\"potentialAction\":[{\"@type\":\"SearchAction\",\"target\":{\"@type\":\"EntryPoint\",\"urlTemplate\":\"https:\/\/www.toys4vip.com\/fr\/?s={search_term_string}\"},\"query-input\":\"required name=search_term_string\"}],\"inLanguage\":\"fr-FR\"},{\"@type\":\"ImageObject\",\"@id\":\"https:\/\/www.toys4vip.com\/fr\/luxury-toy\/drop-box-intenta-design\/395\/#primaryimage\",\"inLanguage\":\"fr-FR\",\"url\":\"https:\/\/www.toys4vip.com\/app\/uploads\/2021\/11\/main-270.jpg\",\"contentUrl\":\"https:\/\/www.toys4vip.com\/app\/uploads\/2021\/11\/main-270.jpg\",\"width\":940,\"height\":696},{\"@type\":\"WebPage\",\"@id\":\"https:\/\/www.toys4vip.com\/fr\/luxury-toy\/drop-box-intenta-design\/395\/#webpage\",\"url\":\"https:\/\/www.toys4vip.com\/fr\/luxury-toy\/drop-box-intenta-design\/395\/\",\"name\":\"DROP box Intenta Design - Toys4Vip\",\"isPartOf\":{\"@id\":\"https:\/\/www.toys4vip.com\/fr\/#website\"},\"primaryImageOfPage\":{\"@id\":\"https:\/\/www.toys4vip.com\/fr\/luxury-toy\/drop-box-intenta-design\/395\/#primaryimage\"},\"datePublished\":\"2021-11-02T10:30:36+00:00\",\"dateModified\":\"2021-11-18T18:33:29+00:00\",\"description\":\"La bo\\u00eete DROP fait partie de la collection de microarchitecture DROP, une suite d'h\\u00f4tel modulaire pouvant \\u00eatre install\\u00e9e sur des sites naturels.La collection DROP fait partie de la grande tendance \\u00e9mergente dans le domaine de la microarchitecture modulaire. DROP box est une suite d'h\\u00f4tel modulable, convenant pour \\u00eatre plac\\u00e9e\\u00e7 dans la nature qui offrent aux invit\\u00e9s une pi\\u00e8ce durable et confortable pour rester dedans.\",\"breadcrumb\":{\"@id\":\"https:\/\/www.toys4vip.com\/fr\/luxury-toy\/drop-box-intenta-design\/395\/#breadcrumb\"},\"inLanguage\":\"fr-FR\",\"potentialAction\":[{\"@type\":\"ReadAction\",\"target\":[\"https:\/\/www.toys4vip.com\/fr\/luxury-toy\/drop-box-intenta-design\/395\/\"]}]},{\"@type\":\"BreadcrumbList\",\"@id\":\"https:\/\/www.toys4vip.com\/fr\/luxury-toy\/drop-box-intenta-design\/395\/#breadcrumb\",\"itemListElement\":[{\"@type\":\"ListItem\",\"position\":1,\"name\":\"Home\",\"item\":\"https:\/\/www.toys4vip.com\/fr\/\"},{\"@type\":\"ListItem\",\"position\":2,\"name\":\"Objets \/ Cat\\u00e9gories\",\"item\":\"https:\/\/www.toys4vip.com\/fr\/luxury-toys\/\"},{\"@type\":\"ListItem\",\"position\":3,\"name\":\"DROP box Intenta Design\"}]}]}<\/script>\n<!-- \/ Yoast SEO plugin. -->","yoast_head_json":{"title":"DROP box Intenta Design - Toys4Vip","description":"La bo\u00eete DROP fait partie de la collection de microarchitecture DROP, une suite d'h\u00f4tel modulaire pouvant \u00eatre install\u00e9e sur des sites naturels.La collection DROP fait partie de la grande tendance \u00e9mergente dans le domaine de la microarchitecture modulaire. DROP box est une suite d'h\u00f4tel modulable, convenant pour \u00eatre plac\u00e9e\u00e7 dans la nature qui offrent aux invit\u00e9s une pi\u00e8ce durable et confortable pour rester dedans.","robots":{"index":"index","follow":"follow","max-snippet":"max-snippet:-1","max-image-preview":"max-image-preview:large","max-video-preview":"max-video-preview:-1"},"canonical":"https:\/\/www.toys4vip.com\/fr\/luxury-toy\/drop-box-intenta-design\/395\/","og_locale":"fr_FR","og_type":"article","og_title":"DROP box Intenta Design - Toys4Vip","og_description":"La bo\u00eete DROP fait partie de la collection de microarchitecture DROP, une suite d'h\u00f4tel modulaire pouvant \u00eatre install\u00e9e sur des sites naturels.La collection DROP fait partie de la grande tendance \u00e9mergente dans le domaine de la microarchitecture modulaire. DROP box est une suite d'h\u00f4tel modulable, convenant pour \u00eatre plac\u00e9e\u00e7 dans la nature qui offrent aux invit\u00e9s une pi\u00e8ce durable et confortable pour rester dedans.","og_url":"https:\/\/www.toys4vip.com\/fr\/luxury-toy\/drop-box-intenta-design\/395\/","og_site_name":"Toys4Vip","article_modified_time":"2021-11-18T18:33:29+00:00","og_image":[{"width":940,"height":696,"url":"https:\/\/www.toys4vip.com\/app\/uploads\/2021\/11\/main-270.jpg","type":"image\/jpeg"}],"twitter_card":"summary_large_image","twitter_misc":{"Dur\u00e9e de lecture est.":"1 minute"},"schema":{"@context":"https:\/\/schema.org","@graph":[{"@type":"WebSite","@id":"https:\/\/www.toys4vip.com\/fr\/#website","url":"https:\/\/www.toys4vip.com\/fr\/","name":"Toys4Vip","description":"Jouets de luxe nouveau concept store","potentialAction":[{"@type":"SearchAction","target":{"@type":"EntryPoint","urlTemplate":"https:\/\/www.toys4vip.com\/fr\/?s={search_term_string}"},"query-input":"required name=search_term_string"}],"inLanguage":"fr-FR"},{"@type":"ImageObject","@id":"https:\/\/www.toys4vip.com\/fr\/luxury-toy\/drop-box-intenta-design\/395\/#primaryimage","inLanguage":"fr-FR","url":"https:\/\/www.toys4vip.com\/app\/uploads\/2021\/11\/main-270.jpg","contentUrl":"https:\/\/www.toys4vip.com\/app\/uploads\/2021\/11\/main-270.jpg","width":940,"height":696},{"@type":"WebPage","@id":"https:\/\/www.toys4vip.com\/fr\/luxury-toy\/drop-box-intenta-design\/395\/#webpage","url":"https:\/\/www.toys4vip.com\/fr\/luxury-toy\/drop-box-intenta-design\/395\/","name":"DROP box Intenta Design - Toys4Vip","isPartOf":{"@id":"https:\/\/www.toys4vip.com\/fr\/#website"},"primaryImageOfPage":{"@id":"https:\/\/www.toys4vip.com\/fr\/luxury-toy\/drop-box-intenta-design\/395\/#primaryimage"},"datePublished":"2021-11-02T10:30:36+00:00","dateModified":"2021-11-18T18:33:29+00:00","description":"La bo\u00eete DROP fait partie de la collection de microarchitecture DROP, une suite d'h\u00f4tel modulaire pouvant \u00eatre install\u00e9e sur des sites naturels.La collection DROP fait partie de la grande tendance \u00e9mergente dans le domaine de la microarchitecture modulaire. DROP box est une suite d'h\u00f4tel modulable, convenant pour \u00eatre plac\u00e9e\u00e7 dans la nature qui offrent aux invit\u00e9s une pi\u00e8ce durable et confortable pour rester dedans.","breadcrumb":{"@id":"https:\/\/www.toys4vip.com\/fr\/luxury-toy\/drop-box-intenta-design\/395\/#breadcrumb"},"inLanguage":"fr-FR","potentialAction":[{"@type":"ReadAction","target":["https:\/\/www.toys4vip.com\/fr\/luxury-toy\/drop-box-intenta-design\/395\/"]}]},{"@type":"BreadcrumbList","@id":"https:\/\/www.toys4vip.com\/fr\/luxury-toy\/drop-box-intenta-design\/395\/#breadcrumb","itemListElement":[{"@type":"ListItem","position":1,"name":"Home","item":"https:\/\/www.toys4vip.com\/fr\/"},{"@type":"ListItem","position":2,"name":"Objets \/ Cat\u00e9gories","item":"https:\/\/www.toys4vip.com\/fr\/luxury-toys\/"},{"@type":"ListItem","position":3,"name":"DROP box Intenta Design"}]}]}},"_links":{"self":[{"href":"https:\/\/www.toys4vip.com\/fr\/wp-json\/wp\/v2\/product\/1254"}],"collection":[{"href":"https:\/\/www.toys4vip.com\/fr\/wp-json\/wp\/v2\/product"}],"about":[{"href":"https:\/\/www.toys4vip.com\/fr\/wp-json\/wp\/v2\/types\/product"}],"replies":[{"embeddable":true,"href":"https:\/\/www.toys4vip.com\/fr\/wp-json\/wp\/v2\/comments?post=1254"}],"wp:featuredmedia":[{"embeddable":true,"href":"https:\/\/www.toys4vip.com\/fr\/wp-json\/wp\/v2\/media\/1252"}],"wp:attachment":[{"href":"https:\/\/www.toys4vip.com\/fr\/wp-json\/wp\/v2\/media?parent=1254"}],"wp:term":[{"taxonomy":"product_cat","embeddable":true,"href":"https:\/\/www.toys4vip.com\/fr\/wp-json\/wp\/v2\/product_cat?post=1254"},{"taxonomy":"product_tag","embeddable":true,"href":"https:\/\/www.toys4vip.com\/fr\/wp-json\/wp\/v2\/product_tag?post=1254"}],"curies":[{"name":"wp","href":"https:\/\/api.w.org\/{rel}","templated":true}]}}