{"id":1251,"date":"2021-11-02T10:30:36","date_gmt":"2021-11-02T10:30:36","guid":{"rendered":"https:\/\/toys4vip.com\/produit\/globecruiser-7500-family\/"},"modified":"2021-11-16T17:49:53","modified_gmt":"2021-11-16T17:49:53","slug":"globecruiser-7500-family","status":"publish","type":"product","link":"https:\/\/www.toys4vip.com\/fr\/luxury-toy\/globecruiser-7500-family\/394\/","title":{"rendered":"Globecruiser 7500 Family"},"content":{"rendered":"<p>Ils sont le fruit de notre exp\u00e9rience avec les innovations les plus pointues. Que vous souhaitiez un toit relevable, un lit escamotable ou un support hydraulique pour votre moto install\u00e9 \u00e0 l\u2019arri\u00e8re de votre cellule, votre v\u00e9hicule d\u2019exp\u00e9dition ACTION MOBIL toutes roues motrices sera \u00e9quip\u00e9 de mani\u00e8re optimale pour votre plaisir, voyage aventureux ou exp\u00e9dition.<\/p>\n<p>Nous vous invitons \u00e0 regarder nos diff\u00e9rentes gammes de camping-car tout-terrain. Par exemple la s\u00e9rie ATACAMA qui offre une grande flexibilit\u00e9 d\u2019am\u00e9nagements int\u00e9rieurs, un espace ouvert procur\u00e9 par l\u2019ing\u00e9nieuse position de la porte install\u00e9e entre l\u2019espace sanitaire et l\u2019espace de vie. Nous serons ravis d\u2019int\u00e9grer dans ces espaces vos id\u00e9es personnelles d\u2019am\u00e9nagement du v\u00e9hicule de vos r\u00eaves.<\/p>\n<p>Bien conscient de notre grande responsabilit\u00e9 cons\u00e9quente \u00e0 la construction de cellule pour v\u00e9hicule d\u2019exp\u00e9dition, nous n\u2019offrons que les meilleurs mat\u00e9riaux et \u00e9l\u00e9ments de constructions pour la r\u00e9alisation de nos cellules. La recherche constante d\u2019am\u00e9lioration et d\u2019innovation se refl\u00e8te dans le prix final de nos v\u00e9hicules. Pour nos clients qui recherchent la version la plus \u00e9conomique, nous proposons la gamme \u00ab PURE \u00bb. Quintessence du v\u00e9hicule d\u2019exp\u00e9dition d\u2019ACTION MOBIL. Sans compromis de qualit\u00e9 ni de s\u00e9curit\u00e9, nous n\u2019avons qu\u2019une mani\u00e8re de construire, cette gamme est propos\u00e9e avec tous les \u00e9l\u00e9ments indispensables et essentiels, \u00ab l\u2019\u00e9conomie \u00bb r\u00e9alis\u00e9e se rapporte exclusivement sur des \u00e9quipements non-indispensables.<\/p>\n<p>Nous sommes fiers de vous signaler que toutes les modifications et travaux ex\u00e9cut\u00e9s sur les ch\u00e2ssis MAN ont subi de nombreux tests rigoureux et intensifs \u00e0 l\u2019usine MAN, \u00e9tape n\u00e9cessaire pour obtenir la certification MAN. Si vous souhaitez acqu\u00e9rir un confortable v\u00e9hicule d\u2019exp\u00e9dition, avec 2, 3 ou 4 essieux moteurs, nous pouvons faire de votre r\u00eave une r\u00e9alit\u00e9. Si durant votre voyage un souci technique devait appara\u00eetre, vous aurez la capacit\u00e9 de le diagnostiquer \u00e0 l\u2019aide du \u00ab manuel du propri\u00e9taire \u00bb. Vous pourrez nous contacter \u00e0 tout moment \u00e0 l\u2019aide d\u2019un de vos appareils de communication, antenne satellite, t\u00e9l\u00e9phone satellite, balise GPS. Nous prendrons imm\u00e9diatement les mesures n\u00e9cessaires pour vous aider.<\/p>\n","protected":false},"excerpt":{"rendered":"<p>Ils sont le fruit de notre exp\u00e9rience avec les innovations les plus pointues. Que vous souhaitiez un toit relevable, un lit escamotable ou un support hydraulique pour votre moto install\u00e9 \u00e0 l\u2019arri\u00e8re de votre cellule, votre v\u00e9hicule d\u2019exp\u00e9dition ACTION MOBIL toutes roues motrices sera \u00e9quip\u00e9 de mani\u00e8re optimale pour votre plaisir, voyage aventureux ou exp\u00e9dition. [&hellip;]<\/p>\n","protected":false},"featured_media":1249,"comment_status":"open","ping_status":"closed","template":"","meta":[],"product_cat":[26,87],"product_tag":[],"yoast_head":"<!-- This site is optimized with the Yoast SEO plugin v17.4 - https:\/\/yoast.com\/wordpress\/plugins\/seo\/ -->\n<title>Globecruiser 7500 Family - Toys4Vip<\/title>\n<meta name=\"description\" content=\"Ils sont le fruit de notre exp\u00e9rience avec les innovations les plus pointues. Que vous souhaitiez un toit relevable, un lit escamotable ou un support hydraulique pour votre moto install\u00e9 \u00e0 l\u2019arri\u00e8re de votre cellule, votre v\u00e9hicule d\u2019exp\u00e9dition ACTION MOBIL toutes roues motrices sera \u00e9quip\u00e9 de mani\u00e8re optimale pour votre plaisir, voyage aventureux ou exp\u00e9dition.Nous vous invitons \u00e0 regarder nos diff\u00e9rentes gammes de camping-car tout-terrain.\" \/>\n<meta name=\"robots\" content=\"index, follow, max-snippet:-1, max-image-preview:large, max-video-preview:-1\" \/>\n<link rel=\"canonical\" href=\"https:\/\/www.toys4vip.com\/fr\/luxury-toy\/globecruiser-7500-family\/394\/\" \/>\n<meta property=\"og:locale\" content=\"fr_FR\" \/>\n<meta property=\"og:type\" content=\"article\" \/>\n<meta property=\"og:title\" content=\"Globecruiser 7500 Family - Toys4Vip\" \/>\n<meta property=\"og:description\" content=\"Ils sont le fruit de notre exp\u00e9rience avec les innovations les plus pointues. Que vous souhaitiez un toit relevable, un lit escamotable ou un support hydraulique pour votre moto install\u00e9 \u00e0 l\u2019arri\u00e8re de votre cellule, votre v\u00e9hicule d\u2019exp\u00e9dition ACTION MOBIL toutes roues motrices sera \u00e9quip\u00e9 de mani\u00e8re optimale pour votre plaisir, voyage aventureux ou exp\u00e9dition.Nous vous invitons \u00e0 regarder nos diff\u00e9rentes gammes de camping-car tout-terrain.\" \/>\n<meta property=\"og:url\" content=\"https:\/\/www.toys4vip.com\/fr\/luxury-toy\/globecruiser-7500-family\/394\/\" \/>\n<meta property=\"og:site_name\" content=\"Toys4Vip\" \/>\n<meta property=\"article:modified_time\" content=\"2021-11-16T17:49:53+00:00\" \/>\n<meta property=\"og:image\" content=\"https:\/\/www.toys4vip.com\/app\/uploads\/2021\/11\/main-269.jpg\" \/>\n\t<meta property=\"og:image:width\" content=\"967\" \/>\n\t<meta property=\"og:image:height\" content=\"580\" \/>\n<meta name=\"twitter:card\" content=\"summary_large_image\" \/>\n<meta name=\"twitter:label1\" content=\"Dur\u00e9e de lecture est.\" \/>\n\t<meta name=\"twitter:data1\" content=\"2 minutes\" \/>\n<script type=\"application\/ld+json\" class=\"yoast-schema-graph\">{\"@context\":\"https:\/\/schema.org\",\"@graph\":[{\"@type\":\"WebSite\",\"@id\":\"https:\/\/www.toys4vip.com\/fr\/#website\",\"url\":\"https:\/\/www.toys4vip.com\/fr\/\",\"name\":\"Toys4Vip\",\"description\":\"Jouets de luxe nouveau concept store\",\"potentialAction\":[{\"@type\":\"SearchAction\",\"target\":{\"@type\":\"EntryPoint\",\"urlTemplate\":\"https:\/\/www.toys4vip.com\/fr\/?s={search_term_string}\"},\"query-input\":\"required name=search_term_string\"}],\"inLanguage\":\"fr-FR\"},{\"@type\":\"ImageObject\",\"@id\":\"https:\/\/www.toys4vip.com\/fr\/luxury-toy\/globecruiser-7500-family\/394\/#primaryimage\",\"inLanguage\":\"fr-FR\",\"url\":\"https:\/\/www.toys4vip.com\/app\/uploads\/2021\/11\/main-269.jpg\",\"contentUrl\":\"https:\/\/www.toys4vip.com\/app\/uploads\/2021\/11\/main-269.jpg\",\"width\":967,\"height\":580},{\"@type\":\"WebPage\",\"@id\":\"https:\/\/www.toys4vip.com\/fr\/luxury-toy\/globecruiser-7500-family\/394\/#webpage\",\"url\":\"https:\/\/www.toys4vip.com\/fr\/luxury-toy\/globecruiser-7500-family\/394\/\",\"name\":\"Globecruiser 7500 Family - Toys4Vip\",\"isPartOf\":{\"@id\":\"https:\/\/www.toys4vip.com\/fr\/#website\"},\"primaryImageOfPage\":{\"@id\":\"https:\/\/www.toys4vip.com\/fr\/luxury-toy\/globecruiser-7500-family\/394\/#primaryimage\"},\"datePublished\":\"2021-11-02T10:30:36+00:00\",\"dateModified\":\"2021-11-16T17:49:53+00:00\",\"description\":\"Ils sont le fruit de notre exp\\u00e9rience avec les innovations les plus pointues. Que vous souhaitiez un toit relevable, un lit escamotable ou un support hydraulique pour votre moto install\\u00e9 \\u00e0 l\\u2019arri\\u00e8re de votre cellule, votre v\\u00e9hicule d\\u2019exp\\u00e9dition ACTION MOBIL toutes roues motrices sera \\u00e9quip\\u00e9 de mani\\u00e8re optimale pour votre plaisir, voyage aventureux ou exp\\u00e9dition.Nous vous invitons \\u00e0 regarder nos diff\\u00e9rentes gammes de camping-car tout-terrain.\",\"breadcrumb\":{\"@id\":\"https:\/\/www.toys4vip.com\/fr\/luxury-toy\/globecruiser-7500-family\/394\/#breadcrumb\"},\"inLanguage\":\"fr-FR\",\"potentialAction\":[{\"@type\":\"ReadAction\",\"target\":[\"https:\/\/www.toys4vip.com\/fr\/luxury-toy\/globecruiser-7500-family\/394\/\"]}]},{\"@type\":\"BreadcrumbList\",\"@id\":\"https:\/\/www.toys4vip.com\/fr\/luxury-toy\/globecruiser-7500-family\/394\/#breadcrumb\",\"itemListElement\":[{\"@type\":\"ListItem\",\"position\":1,\"name\":\"Home\",\"item\":\"https:\/\/www.toys4vip.com\/fr\/\"},{\"@type\":\"ListItem\",\"position\":2,\"name\":\"Objets \/ Cat\\u00e9gories\",\"item\":\"https:\/\/www.toys4vip.com\/fr\/luxury-toys\/\"},{\"@type\":\"ListItem\",\"position\":3,\"name\":\"Globecruiser 7500 Family\"}]}]}<\/script>\n<!-- \/ Yoast SEO plugin. -->","yoast_head_json":{"title":"Globecruiser 7500 Family - Toys4Vip","description":"Ils sont le fruit de notre exp\u00e9rience avec les innovations les plus pointues. Que vous souhaitiez un toit relevable, un lit escamotable ou un support hydraulique pour votre moto install\u00e9 \u00e0 l\u2019arri\u00e8re de votre cellule, votre v\u00e9hicule d\u2019exp\u00e9dition ACTION MOBIL toutes roues motrices sera \u00e9quip\u00e9 de mani\u00e8re optimale pour votre plaisir, voyage aventureux ou exp\u00e9dition.Nous vous invitons \u00e0 regarder nos diff\u00e9rentes gammes de camping-car tout-terrain.","robots":{"index":"index","follow":"follow","max-snippet":"max-snippet:-1","max-image-preview":"max-image-preview:large","max-video-preview":"max-video-preview:-1"},"canonical":"https:\/\/www.toys4vip.com\/fr\/luxury-toy\/globecruiser-7500-family\/394\/","og_locale":"fr_FR","og_type":"article","og_title":"Globecruiser 7500 Family - Toys4Vip","og_description":"Ils sont le fruit de notre exp\u00e9rience avec les innovations les plus pointues. Que vous souhaitiez un toit relevable, un lit escamotable ou un support hydraulique pour votre moto install\u00e9 \u00e0 l\u2019arri\u00e8re de votre cellule, votre v\u00e9hicule d\u2019exp\u00e9dition ACTION MOBIL toutes roues motrices sera \u00e9quip\u00e9 de mani\u00e8re optimale pour votre plaisir, voyage aventureux ou exp\u00e9dition.Nous vous invitons \u00e0 regarder nos diff\u00e9rentes gammes de camping-car tout-terrain.","og_url":"https:\/\/www.toys4vip.com\/fr\/luxury-toy\/globecruiser-7500-family\/394\/","og_site_name":"Toys4Vip","article_modified_time":"2021-11-16T17:49:53+00:00","og_image":[{"width":967,"height":580,"url":"https:\/\/www.toys4vip.com\/app\/uploads\/2021\/11\/main-269.jpg","type":"image\/jpeg"}],"twitter_card":"summary_large_image","twitter_misc":{"Dur\u00e9e de lecture est.":"2 minutes"},"schema":{"@context":"https:\/\/schema.org","@graph":[{"@type":"WebSite","@id":"https:\/\/www.toys4vip.com\/fr\/#website","url":"https:\/\/www.toys4vip.com\/fr\/","name":"Toys4Vip","description":"Jouets de luxe nouveau concept store","potentialAction":[{"@type":"SearchAction","target":{"@type":"EntryPoint","urlTemplate":"https:\/\/www.toys4vip.com\/fr\/?s={search_term_string}"},"query-input":"required name=search_term_string"}],"inLanguage":"fr-FR"},{"@type":"ImageObject","@id":"https:\/\/www.toys4vip.com\/fr\/luxury-toy\/globecruiser-7500-family\/394\/#primaryimage","inLanguage":"fr-FR","url":"https:\/\/www.toys4vip.com\/app\/uploads\/2021\/11\/main-269.jpg","contentUrl":"https:\/\/www.toys4vip.com\/app\/uploads\/2021\/11\/main-269.jpg","width":967,"height":580},{"@type":"WebPage","@id":"https:\/\/www.toys4vip.com\/fr\/luxury-toy\/globecruiser-7500-family\/394\/#webpage","url":"https:\/\/www.toys4vip.com\/fr\/luxury-toy\/globecruiser-7500-family\/394\/","name":"Globecruiser 7500 Family - Toys4Vip","isPartOf":{"@id":"https:\/\/www.toys4vip.com\/fr\/#website"},"primaryImageOfPage":{"@id":"https:\/\/www.toys4vip.com\/fr\/luxury-toy\/globecruiser-7500-family\/394\/#primaryimage"},"datePublished":"2021-11-02T10:30:36+00:00","dateModified":"2021-11-16T17:49:53+00:00","description":"Ils sont le fruit de notre exp\u00e9rience avec les innovations les plus pointues. Que vous souhaitiez un toit relevable, un lit escamotable ou un support hydraulique pour votre moto install\u00e9 \u00e0 l\u2019arri\u00e8re de votre cellule, votre v\u00e9hicule d\u2019exp\u00e9dition ACTION MOBIL toutes roues motrices sera \u00e9quip\u00e9 de mani\u00e8re optimale pour votre plaisir, voyage aventureux ou exp\u00e9dition.Nous vous invitons \u00e0 regarder nos diff\u00e9rentes gammes de camping-car tout-terrain.","breadcrumb":{"@id":"https:\/\/www.toys4vip.com\/fr\/luxury-toy\/globecruiser-7500-family\/394\/#breadcrumb"},"inLanguage":"fr-FR","potentialAction":[{"@type":"ReadAction","target":["https:\/\/www.toys4vip.com\/fr\/luxury-toy\/globecruiser-7500-family\/394\/"]}]},{"@type":"BreadcrumbList","@id":"https:\/\/www.toys4vip.com\/fr\/luxury-toy\/globecruiser-7500-family\/394\/#breadcrumb","itemListElement":[{"@type":"ListItem","position":1,"name":"Home","item":"https:\/\/www.toys4vip.com\/fr\/"},{"@type":"ListItem","position":2,"name":"Objets \/ Cat\u00e9gories","item":"https:\/\/www.toys4vip.com\/fr\/luxury-toys\/"},{"@type":"ListItem","position":3,"name":"Globecruiser 7500 Family"}]}]}},"_links":{"self":[{"href":"https:\/\/www.toys4vip.com\/fr\/wp-json\/wp\/v2\/product\/1251"}],"collection":[{"href":"https:\/\/www.toys4vip.com\/fr\/wp-json\/wp\/v2\/product"}],"about":[{"href":"https:\/\/www.toys4vip.com\/fr\/wp-json\/wp\/v2\/types\/product"}],"replies":[{"embeddable":true,"href":"https:\/\/www.toys4vip.com\/fr\/wp-json\/wp\/v2\/comments?post=1251"}],"wp:featuredmedia":[{"embeddable":true,"href":"https:\/\/www.toys4vip.com\/fr\/wp-json\/wp\/v2\/media\/1249"}],"wp:attachment":[{"href":"https:\/\/www.toys4vip.com\/fr\/wp-json\/wp\/v2\/media?parent=1251"}],"wp:term":[{"taxonomy":"product_cat","embeddable":true,"href":"https:\/\/www.toys4vip.com\/fr\/wp-json\/wp\/v2\/product_cat?post=1251"},{"taxonomy":"product_tag","embeddable":true,"href":"https:\/\/www.toys4vip.com\/fr\/wp-json\/wp\/v2\/product_tag?post=1251"}],"curies":[{"name":"wp","href":"https:\/\/api.w.org\/{rel}","templated":true}]}}