{"id":1239,"date":"2021-11-02T10:30:34","date_gmt":"2021-11-02T10:30:34","guid":{"rendered":"https:\/\/toys4vip.com\/produit\/gyrowinder\/"},"modified":"2021-11-18T16:40:54","modified_gmt":"2021-11-18T15:40:54","slug":"gyrowinder","status":"publish","type":"product","link":"https:\/\/www.toys4vip.com\/fr\/luxury-toy\/gyrowinder\/390\/","title":{"rendered":"Gyrowinder"},"content":{"rendered":"<p>Le Gyrowinder est vraiment une pi\u00e8ce unique de l&rsquo;ing\u00e9nierie. Il est consid\u00e9r\u00e9 comme l&rsquo;un des remontoirs de montres les plus luxueux pour la montre la plus pr\u00e9cieuse d&rsquo;une collection. Le Gyrowinder ventile votre montre automatique mais peut aussi \u00eatre vu comme une pi\u00e8ce de d\u00e9coration tr\u00e8s exclusive. Le mouvement du Gyrowinder se rapproche le plus du mouvement d&rsquo;un poignet, o\u00f9 les enrouleurs de montre r\u00e9guli\u00e8re tournent simplement d&rsquo;un c\u00f4t\u00e9.<\/p>\n<p>Ce qui rend \u00e9galement le Gyrowinder si unique est la vaste port\u00e9e des possibilit\u00e9s d&rsquo;ajustement. Par exemple, puisque les montres ont tous des poids diff\u00e9rents, il est livr\u00e9 avec un ensemble de contrepoids &#8211; comme une \u00e9chelle antique. En les utilisant, chaque montre peut \u00eatre \u00e9quilibr\u00e9e individuellement. La position optimale du Gyrowinder est r\u00e9gl\u00e9e au pr\u00e9alable \u00e0 l&rsquo;aide du niveau \u00e0 bulle int\u00e9gr\u00e9 et de trois pieds r\u00e9glables.<\/p>\n<p>Chaque Gyrowinder est fabriqu\u00e9 en Allemagne \u00e0 la main aux normes les plus \u00e9lev\u00e9es possibles. Pr\u00e9f\u00e9rez-vous un fini mat ou un fini mat de 18 ct. Rose or Gyrowinder? Pas de probl\u00e8me. Nous offrons les deux. Chaque Gyrowinder est livr\u00e9 avec un couvercle en verre de cristal pour prot\u00e9ger le syst\u00e8me Gyro et chaque Gyrowinder a 4 lumi\u00e8res int\u00e9gr\u00e9es qui mettent en valeur la montre \u00e0 l&rsquo;int\u00e9rieur.<\/p>\n","protected":false},"excerpt":{"rendered":"<p>Le Gyrowinder est vraiment une pi\u00e8ce unique de l&rsquo;ing\u00e9nierie. Il est consid\u00e9r\u00e9 comme l&rsquo;un des remontoirs de montres les plus luxueux pour la montre la plus pr\u00e9cieuse d&rsquo;une collection. Le Gyrowinder ventile votre montre automatique mais peut aussi \u00eatre vu comme une pi\u00e8ce de d\u00e9coration tr\u00e8s exclusive. Le mouvement du Gyrowinder se rapproche le plus [&hellip;]<\/p>\n","protected":false},"featured_media":1237,"comment_status":"open","ping_status":"closed","template":"","meta":[],"product_cat":[42],"product_tag":[],"yoast_head":"<!-- This site is optimized with the Yoast SEO plugin v17.4 - https:\/\/yoast.com\/wordpress\/plugins\/seo\/ -->\n<title>Gyrowinder - Toys4Vip<\/title>\n<meta name=\"description\" content=\"Le Gyrowinder est vraiment une pi\u00e8ce unique de l&#039;ing\u00e9nierie. Il est consid\u00e9r\u00e9 comme l&#039;un des remontoirs de montres les plus luxueux pour la montre la plus pr\u00e9cieuse d&#039;une collection. Le Gyrowinder ventile votre montre automatique mais peut aussi \u00eatre vu comme une pi\u00e8ce de d\u00e9coration tr\u00e8s exclusive. Le mouvement du Gyrowinder se rapproche le plus du mouvement d&#039;un poignet, o\u00f9 les enrouleurs de montre r\u00e9guli\u00e8re tournent simplement d&#039;un c\u00f4t\u00e9.\" \/>\n<meta name=\"robots\" content=\"index, follow, max-snippet:-1, max-image-preview:large, max-video-preview:-1\" \/>\n<link rel=\"canonical\" href=\"https:\/\/www.toys4vip.com\/fr\/luxury-toy\/gyrowinder\/390\/\" \/>\n<meta property=\"og:locale\" content=\"fr_FR\" \/>\n<meta property=\"og:type\" content=\"article\" \/>\n<meta property=\"og:title\" content=\"Gyrowinder - Toys4Vip\" \/>\n<meta property=\"og:description\" content=\"Le Gyrowinder est vraiment une pi\u00e8ce unique de l&#039;ing\u00e9nierie. Il est consid\u00e9r\u00e9 comme l&#039;un des remontoirs de montres les plus luxueux pour la montre la plus pr\u00e9cieuse d&#039;une collection. Le Gyrowinder ventile votre montre automatique mais peut aussi \u00eatre vu comme une pi\u00e8ce de d\u00e9coration tr\u00e8s exclusive. Le mouvement du Gyrowinder se rapproche le plus du mouvement d&#039;un poignet, o\u00f9 les enrouleurs de montre r\u00e9guli\u00e8re tournent simplement d&#039;un c\u00f4t\u00e9.\" \/>\n<meta property=\"og:url\" content=\"https:\/\/www.toys4vip.com\/fr\/luxury-toy\/gyrowinder\/390\/\" \/>\n<meta property=\"og:site_name\" content=\"Toys4Vip\" \/>\n<meta property=\"article:modified_time\" content=\"2021-11-18T15:40:54+00:00\" \/>\n<meta property=\"og:image\" content=\"https:\/\/www.toys4vip.com\/app\/uploads\/2021\/11\/main-265.jpg\" \/>\n\t<meta property=\"og:image:width\" content=\"1500\" \/>\n\t<meta property=\"og:image:height\" content=\"1500\" \/>\n<meta name=\"twitter:card\" content=\"summary_large_image\" \/>\n<meta name=\"twitter:label1\" content=\"Dur\u00e9e de lecture est.\" \/>\n\t<meta name=\"twitter:data1\" content=\"1 minute\" \/>\n<script type=\"application\/ld+json\" class=\"yoast-schema-graph\">{\"@context\":\"https:\/\/schema.org\",\"@graph\":[{\"@type\":\"WebSite\",\"@id\":\"https:\/\/www.toys4vip.com\/fr\/#website\",\"url\":\"https:\/\/www.toys4vip.com\/fr\/\",\"name\":\"Toys4Vip\",\"description\":\"Jouets de luxe nouveau concept store\",\"potentialAction\":[{\"@type\":\"SearchAction\",\"target\":{\"@type\":\"EntryPoint\",\"urlTemplate\":\"https:\/\/www.toys4vip.com\/fr\/?s={search_term_string}\"},\"query-input\":\"required name=search_term_string\"}],\"inLanguage\":\"fr-FR\"},{\"@type\":\"ImageObject\",\"@id\":\"https:\/\/www.toys4vip.com\/fr\/luxury-toy\/gyrowinder\/390\/#primaryimage\",\"inLanguage\":\"fr-FR\",\"url\":\"https:\/\/www.toys4vip.com\/app\/uploads\/2021\/11\/main-265.jpg\",\"contentUrl\":\"https:\/\/www.toys4vip.com\/app\/uploads\/2021\/11\/main-265.jpg\",\"width\":1500,\"height\":1500},{\"@type\":\"WebPage\",\"@id\":\"https:\/\/www.toys4vip.com\/fr\/luxury-toy\/gyrowinder\/390\/#webpage\",\"url\":\"https:\/\/www.toys4vip.com\/fr\/luxury-toy\/gyrowinder\/390\/\",\"name\":\"Gyrowinder - Toys4Vip\",\"isPartOf\":{\"@id\":\"https:\/\/www.toys4vip.com\/fr\/#website\"},\"primaryImageOfPage\":{\"@id\":\"https:\/\/www.toys4vip.com\/fr\/luxury-toy\/gyrowinder\/390\/#primaryimage\"},\"datePublished\":\"2021-11-02T10:30:34+00:00\",\"dateModified\":\"2021-11-18T15:40:54+00:00\",\"description\":\"Le Gyrowinder est vraiment une pi\\u00e8ce unique de l'ing\\u00e9nierie. Il est consid\\u00e9r\\u00e9 comme l'un des remontoirs de montres les plus luxueux pour la montre la plus pr\\u00e9cieuse d'une collection. Le Gyrowinder ventile votre montre automatique mais peut aussi \\u00eatre vu comme une pi\\u00e8ce de d\\u00e9coration tr\\u00e8s exclusive. Le mouvement du Gyrowinder se rapproche le plus du mouvement d'un poignet, o\\u00f9 les enrouleurs de montre r\\u00e9guli\\u00e8re tournent simplement d'un c\\u00f4t\\u00e9.\",\"breadcrumb\":{\"@id\":\"https:\/\/www.toys4vip.com\/fr\/luxury-toy\/gyrowinder\/390\/#breadcrumb\"},\"inLanguage\":\"fr-FR\",\"potentialAction\":[{\"@type\":\"ReadAction\",\"target\":[\"https:\/\/www.toys4vip.com\/fr\/luxury-toy\/gyrowinder\/390\/\"]}]},{\"@type\":\"BreadcrumbList\",\"@id\":\"https:\/\/www.toys4vip.com\/fr\/luxury-toy\/gyrowinder\/390\/#breadcrumb\",\"itemListElement\":[{\"@type\":\"ListItem\",\"position\":1,\"name\":\"Home\",\"item\":\"https:\/\/www.toys4vip.com\/fr\/\"},{\"@type\":\"ListItem\",\"position\":2,\"name\":\"Objets \/ Cat\\u00e9gories\",\"item\":\"https:\/\/www.toys4vip.com\/fr\/luxury-toys\/\"},{\"@type\":\"ListItem\",\"position\":3,\"name\":\"Gyrowinder\"}]}]}<\/script>\n<!-- \/ Yoast SEO plugin. -->","yoast_head_json":{"title":"Gyrowinder - Toys4Vip","description":"Le Gyrowinder est vraiment une pi\u00e8ce unique de l'ing\u00e9nierie. Il est consid\u00e9r\u00e9 comme l'un des remontoirs de montres les plus luxueux pour la montre la plus pr\u00e9cieuse d'une collection. Le Gyrowinder ventile votre montre automatique mais peut aussi \u00eatre vu comme une pi\u00e8ce de d\u00e9coration tr\u00e8s exclusive. Le mouvement du Gyrowinder se rapproche le plus du mouvement d'un poignet, o\u00f9 les enrouleurs de montre r\u00e9guli\u00e8re tournent simplement d'un c\u00f4t\u00e9.","robots":{"index":"index","follow":"follow","max-snippet":"max-snippet:-1","max-image-preview":"max-image-preview:large","max-video-preview":"max-video-preview:-1"},"canonical":"https:\/\/www.toys4vip.com\/fr\/luxury-toy\/gyrowinder\/390\/","og_locale":"fr_FR","og_type":"article","og_title":"Gyrowinder - Toys4Vip","og_description":"Le Gyrowinder est vraiment une pi\u00e8ce unique de l'ing\u00e9nierie. Il est consid\u00e9r\u00e9 comme l'un des remontoirs de montres les plus luxueux pour la montre la plus pr\u00e9cieuse d'une collection. Le Gyrowinder ventile votre montre automatique mais peut aussi \u00eatre vu comme une pi\u00e8ce de d\u00e9coration tr\u00e8s exclusive. Le mouvement du Gyrowinder se rapproche le plus du mouvement d'un poignet, o\u00f9 les enrouleurs de montre r\u00e9guli\u00e8re tournent simplement d'un c\u00f4t\u00e9.","og_url":"https:\/\/www.toys4vip.com\/fr\/luxury-toy\/gyrowinder\/390\/","og_site_name":"Toys4Vip","article_modified_time":"2021-11-18T15:40:54+00:00","og_image":[{"width":1500,"height":1500,"url":"https:\/\/www.toys4vip.com\/app\/uploads\/2021\/11\/main-265.jpg","type":"image\/jpeg"}],"twitter_card":"summary_large_image","twitter_misc":{"Dur\u00e9e de lecture est.":"1 minute"},"schema":{"@context":"https:\/\/schema.org","@graph":[{"@type":"WebSite","@id":"https:\/\/www.toys4vip.com\/fr\/#website","url":"https:\/\/www.toys4vip.com\/fr\/","name":"Toys4Vip","description":"Jouets de luxe nouveau concept store","potentialAction":[{"@type":"SearchAction","target":{"@type":"EntryPoint","urlTemplate":"https:\/\/www.toys4vip.com\/fr\/?s={search_term_string}"},"query-input":"required name=search_term_string"}],"inLanguage":"fr-FR"},{"@type":"ImageObject","@id":"https:\/\/www.toys4vip.com\/fr\/luxury-toy\/gyrowinder\/390\/#primaryimage","inLanguage":"fr-FR","url":"https:\/\/www.toys4vip.com\/app\/uploads\/2021\/11\/main-265.jpg","contentUrl":"https:\/\/www.toys4vip.com\/app\/uploads\/2021\/11\/main-265.jpg","width":1500,"height":1500},{"@type":"WebPage","@id":"https:\/\/www.toys4vip.com\/fr\/luxury-toy\/gyrowinder\/390\/#webpage","url":"https:\/\/www.toys4vip.com\/fr\/luxury-toy\/gyrowinder\/390\/","name":"Gyrowinder - Toys4Vip","isPartOf":{"@id":"https:\/\/www.toys4vip.com\/fr\/#website"},"primaryImageOfPage":{"@id":"https:\/\/www.toys4vip.com\/fr\/luxury-toy\/gyrowinder\/390\/#primaryimage"},"datePublished":"2021-11-02T10:30:34+00:00","dateModified":"2021-11-18T15:40:54+00:00","description":"Le Gyrowinder est vraiment une pi\u00e8ce unique de l'ing\u00e9nierie. Il est consid\u00e9r\u00e9 comme l'un des remontoirs de montres les plus luxueux pour la montre la plus pr\u00e9cieuse d'une collection. Le Gyrowinder ventile votre montre automatique mais peut aussi \u00eatre vu comme une pi\u00e8ce de d\u00e9coration tr\u00e8s exclusive. Le mouvement du Gyrowinder se rapproche le plus du mouvement d'un poignet, o\u00f9 les enrouleurs de montre r\u00e9guli\u00e8re tournent simplement d'un c\u00f4t\u00e9.","breadcrumb":{"@id":"https:\/\/www.toys4vip.com\/fr\/luxury-toy\/gyrowinder\/390\/#breadcrumb"},"inLanguage":"fr-FR","potentialAction":[{"@type":"ReadAction","target":["https:\/\/www.toys4vip.com\/fr\/luxury-toy\/gyrowinder\/390\/"]}]},{"@type":"BreadcrumbList","@id":"https:\/\/www.toys4vip.com\/fr\/luxury-toy\/gyrowinder\/390\/#breadcrumb","itemListElement":[{"@type":"ListItem","position":1,"name":"Home","item":"https:\/\/www.toys4vip.com\/fr\/"},{"@type":"ListItem","position":2,"name":"Objets \/ Cat\u00e9gories","item":"https:\/\/www.toys4vip.com\/fr\/luxury-toys\/"},{"@type":"ListItem","position":3,"name":"Gyrowinder"}]}]}},"_links":{"self":[{"href":"https:\/\/www.toys4vip.com\/fr\/wp-json\/wp\/v2\/product\/1239"}],"collection":[{"href":"https:\/\/www.toys4vip.com\/fr\/wp-json\/wp\/v2\/product"}],"about":[{"href":"https:\/\/www.toys4vip.com\/fr\/wp-json\/wp\/v2\/types\/product"}],"replies":[{"embeddable":true,"href":"https:\/\/www.toys4vip.com\/fr\/wp-json\/wp\/v2\/comments?post=1239"}],"wp:featuredmedia":[{"embeddable":true,"href":"https:\/\/www.toys4vip.com\/fr\/wp-json\/wp\/v2\/media\/1237"}],"wp:attachment":[{"href":"https:\/\/www.toys4vip.com\/fr\/wp-json\/wp\/v2\/media?parent=1239"}],"wp:term":[{"taxonomy":"product_cat","embeddable":true,"href":"https:\/\/www.toys4vip.com\/fr\/wp-json\/wp\/v2\/product_cat?post=1239"},{"taxonomy":"product_tag","embeddable":true,"href":"https:\/\/www.toys4vip.com\/fr\/wp-json\/wp\/v2\/product_tag?post=1239"}],"curies":[{"name":"wp","href":"https:\/\/api.w.org\/{rel}","templated":true}]}}