{"id":1233,"date":"2021-11-02T10:30:33","date_gmt":"2021-11-02T10:30:33","guid":{"rendered":"https:\/\/toys4vip.com\/produit\/velo-noordung\/"},"modified":"2021-11-13T10:54:42","modified_gmt":"2021-11-13T10:54:42","slug":"velo-noordung","status":"publish","type":"product","link":"https:\/\/www.toys4vip.com\/fr\/luxury-toy\/velo-noordung\/354\/","title":{"rendered":"V\u00e9lo Noordung"},"content":{"rendered":"<p>Noordung Angel Edition est une s\u00e9rie exclusive de pr\u00e9-production de seulement 15 v\u00e9los faits \u00e0 la main. Les v\u00e9los ont un design \u00e9l\u00e9gant et les cadres l\u00e9gers sont faits de composites de carbone. Le v\u00e9lo Noordung a un moteur \u00e9lectrique ultra-l\u00e9ger avec une port\u00e9e de plus de 28 kilom\u00e8tres par charge. Les moteurs \u00e9lectriques Vivax Assist sont consid\u00e9r\u00e9s comme les meilleurs moteurs \u00e9lectriques au monde.<\/p>\n<p>Le v\u00e9lo est con\u00e7u de telle mani\u00e8re que vous pouvez charger votre \u00e9lectronique sur la route en utilisant les ports USB. Une partie fascinante au sujet des v\u00e9los de Noordung est que sa batterie est amovible et est enti\u00e8rement portable.<\/p>\n<p>Le Noordung Angel Edition est limit\u00e9 \u00e0 seulement 15 v\u00e9los faits \u00e0 la main. Chaque v\u00e9lo est annonc\u00e9 au prix de 8 000 euros.<\/p>\n","protected":false},"excerpt":{"rendered":"<p>Noordung Angel Edition est une s\u00e9rie exclusive de pr\u00e9-production de seulement 15 v\u00e9los faits \u00e0 la main. Les v\u00e9los ont un design \u00e9l\u00e9gant et les cadres l\u00e9gers sont faits de composites de carbone. Le v\u00e9lo Noordung a un moteur \u00e9lectrique ultra-l\u00e9ger avec une port\u00e9e de plus de 28 kilom\u00e8tres par charge. Les moteurs \u00e9lectriques Vivax [&hellip;]<\/p>\n","protected":false},"featured_media":1231,"comment_status":"open","ping_status":"closed","template":"","meta":[],"product_cat":[33],"product_tag":[],"yoast_head":"<!-- This site is optimized with the Yoast SEO plugin v17.4 - https:\/\/yoast.com\/wordpress\/plugins\/seo\/ -->\n<title>V\u00e9lo Noordung - Toys4Vip<\/title>\n<meta name=\"description\" content=\"Noordung Angel Edition est une s\u00e9rie exclusive de pr\u00e9-production de seulement 15 v\u00e9los faits \u00e0 la main. Les v\u00e9los ont un design \u00e9l\u00e9gant et les cadres l\u00e9gers sont faits de composites de carbone. Le v\u00e9lo Noordung a un moteur \u00e9lectrique ultra-l\u00e9ger avec une port\u00e9e de plus de 28 kilom\u00e8tres par charge. Les moteurs \u00e9lectriques Vivax Assist sont consid\u00e9r\u00e9s comme les meilleurs moteurs \u00e9lectriques au monde.\" \/>\n<meta name=\"robots\" content=\"index, follow, max-snippet:-1, max-image-preview:large, max-video-preview:-1\" \/>\n<link rel=\"canonical\" href=\"https:\/\/www.toys4vip.com\/fr\/luxury-toy\/velo-noordung\/354\/\" \/>\n<meta property=\"og:locale\" content=\"fr_FR\" \/>\n<meta property=\"og:type\" content=\"article\" \/>\n<meta property=\"og:title\" content=\"V\u00e9lo Noordung - Toys4Vip\" \/>\n<meta property=\"og:description\" content=\"Noordung Angel Edition est une s\u00e9rie exclusive de pr\u00e9-production de seulement 15 v\u00e9los faits \u00e0 la main. Les v\u00e9los ont un design \u00e9l\u00e9gant et les cadres l\u00e9gers sont faits de composites de carbone. Le v\u00e9lo Noordung a un moteur \u00e9lectrique ultra-l\u00e9ger avec une port\u00e9e de plus de 28 kilom\u00e8tres par charge. Les moteurs \u00e9lectriques Vivax Assist sont consid\u00e9r\u00e9s comme les meilleurs moteurs \u00e9lectriques au monde.\" \/>\n<meta property=\"og:url\" content=\"https:\/\/www.toys4vip.com\/fr\/luxury-toy\/velo-noordung\/354\/\" \/>\n<meta property=\"og:site_name\" content=\"Toys4Vip\" \/>\n<meta property=\"article:modified_time\" content=\"2021-11-13T10:54:42+00:00\" \/>\n<meta property=\"og:image\" content=\"https:\/\/www.toys4vip.com\/app\/uploads\/2021\/11\/main-263.jpg\" \/>\n\t<meta property=\"og:image:width\" content=\"1920\" \/>\n\t<meta property=\"og:image:height\" content=\"550\" \/>\n<meta name=\"twitter:card\" content=\"summary_large_image\" \/>\n<meta name=\"twitter:label1\" content=\"Dur\u00e9e de lecture est.\" \/>\n\t<meta name=\"twitter:data1\" content=\"1 minute\" \/>\n<script type=\"application\/ld+json\" class=\"yoast-schema-graph\">{\"@context\":\"https:\/\/schema.org\",\"@graph\":[{\"@type\":\"WebSite\",\"@id\":\"https:\/\/www.toys4vip.com\/fr\/#website\",\"url\":\"https:\/\/www.toys4vip.com\/fr\/\",\"name\":\"Toys4Vip\",\"description\":\"Jouets de luxe nouveau concept store\",\"potentialAction\":[{\"@type\":\"SearchAction\",\"target\":{\"@type\":\"EntryPoint\",\"urlTemplate\":\"https:\/\/www.toys4vip.com\/fr\/?s={search_term_string}\"},\"query-input\":\"required name=search_term_string\"}],\"inLanguage\":\"fr-FR\"},{\"@type\":\"ImageObject\",\"@id\":\"https:\/\/www.toys4vip.com\/fr\/luxury-toy\/velo-noordung\/354\/#primaryimage\",\"inLanguage\":\"fr-FR\",\"url\":\"https:\/\/www.toys4vip.com\/app\/uploads\/2021\/11\/main-263.jpg\",\"contentUrl\":\"https:\/\/www.toys4vip.com\/app\/uploads\/2021\/11\/main-263.jpg\",\"width\":1920,\"height\":550},{\"@type\":\"WebPage\",\"@id\":\"https:\/\/www.toys4vip.com\/fr\/luxury-toy\/velo-noordung\/354\/#webpage\",\"url\":\"https:\/\/www.toys4vip.com\/fr\/luxury-toy\/velo-noordung\/354\/\",\"name\":\"V\\u00e9lo Noordung - Toys4Vip\",\"isPartOf\":{\"@id\":\"https:\/\/www.toys4vip.com\/fr\/#website\"},\"primaryImageOfPage\":{\"@id\":\"https:\/\/www.toys4vip.com\/fr\/luxury-toy\/velo-noordung\/354\/#primaryimage\"},\"datePublished\":\"2021-11-02T10:30:33+00:00\",\"dateModified\":\"2021-11-13T10:54:42+00:00\",\"description\":\"Noordung Angel Edition est une s\\u00e9rie exclusive de pr\\u00e9-production de seulement 15 v\\u00e9los faits \\u00e0 la main. Les v\\u00e9los ont un design \\u00e9l\\u00e9gant et les cadres l\\u00e9gers sont faits de composites de carbone. Le v\\u00e9lo Noordung a un moteur \\u00e9lectrique ultra-l\\u00e9ger avec une port\\u00e9e de plus de 28 kilom\\u00e8tres par charge. Les moteurs \\u00e9lectriques Vivax Assist sont consid\\u00e9r\\u00e9s comme les meilleurs moteurs \\u00e9lectriques au monde.\",\"breadcrumb\":{\"@id\":\"https:\/\/www.toys4vip.com\/fr\/luxury-toy\/velo-noordung\/354\/#breadcrumb\"},\"inLanguage\":\"fr-FR\",\"potentialAction\":[{\"@type\":\"ReadAction\",\"target\":[\"https:\/\/www.toys4vip.com\/fr\/luxury-toy\/velo-noordung\/354\/\"]}]},{\"@type\":\"BreadcrumbList\",\"@id\":\"https:\/\/www.toys4vip.com\/fr\/luxury-toy\/velo-noordung\/354\/#breadcrumb\",\"itemListElement\":[{\"@type\":\"ListItem\",\"position\":1,\"name\":\"Home\",\"item\":\"https:\/\/www.toys4vip.com\/fr\/\"},{\"@type\":\"ListItem\",\"position\":2,\"name\":\"Objets \/ Cat\\u00e9gories\",\"item\":\"https:\/\/www.toys4vip.com\/fr\/luxury-toys\/\"},{\"@type\":\"ListItem\",\"position\":3,\"name\":\"V\\u00e9lo Noordung\"}]}]}<\/script>\n<!-- \/ Yoast SEO plugin. -->","yoast_head_json":{"title":"V\u00e9lo Noordung - Toys4Vip","description":"Noordung Angel Edition est une s\u00e9rie exclusive de pr\u00e9-production de seulement 15 v\u00e9los faits \u00e0 la main. Les v\u00e9los ont un design \u00e9l\u00e9gant et les cadres l\u00e9gers sont faits de composites de carbone. Le v\u00e9lo Noordung a un moteur \u00e9lectrique ultra-l\u00e9ger avec une port\u00e9e de plus de 28 kilom\u00e8tres par charge. Les moteurs \u00e9lectriques Vivax Assist sont consid\u00e9r\u00e9s comme les meilleurs moteurs \u00e9lectriques au monde.","robots":{"index":"index","follow":"follow","max-snippet":"max-snippet:-1","max-image-preview":"max-image-preview:large","max-video-preview":"max-video-preview:-1"},"canonical":"https:\/\/www.toys4vip.com\/fr\/luxury-toy\/velo-noordung\/354\/","og_locale":"fr_FR","og_type":"article","og_title":"V\u00e9lo Noordung - Toys4Vip","og_description":"Noordung Angel Edition est une s\u00e9rie exclusive de pr\u00e9-production de seulement 15 v\u00e9los faits \u00e0 la main. Les v\u00e9los ont un design \u00e9l\u00e9gant et les cadres l\u00e9gers sont faits de composites de carbone. Le v\u00e9lo Noordung a un moteur \u00e9lectrique ultra-l\u00e9ger avec une port\u00e9e de plus de 28 kilom\u00e8tres par charge. Les moteurs \u00e9lectriques Vivax Assist sont consid\u00e9r\u00e9s comme les meilleurs moteurs \u00e9lectriques au monde.","og_url":"https:\/\/www.toys4vip.com\/fr\/luxury-toy\/velo-noordung\/354\/","og_site_name":"Toys4Vip","article_modified_time":"2021-11-13T10:54:42+00:00","og_image":[{"width":1920,"height":550,"url":"https:\/\/www.toys4vip.com\/app\/uploads\/2021\/11\/main-263.jpg","type":"image\/jpeg"}],"twitter_card":"summary_large_image","twitter_misc":{"Dur\u00e9e de lecture est.":"1 minute"},"schema":{"@context":"https:\/\/schema.org","@graph":[{"@type":"WebSite","@id":"https:\/\/www.toys4vip.com\/fr\/#website","url":"https:\/\/www.toys4vip.com\/fr\/","name":"Toys4Vip","description":"Jouets de luxe nouveau concept store","potentialAction":[{"@type":"SearchAction","target":{"@type":"EntryPoint","urlTemplate":"https:\/\/www.toys4vip.com\/fr\/?s={search_term_string}"},"query-input":"required name=search_term_string"}],"inLanguage":"fr-FR"},{"@type":"ImageObject","@id":"https:\/\/www.toys4vip.com\/fr\/luxury-toy\/velo-noordung\/354\/#primaryimage","inLanguage":"fr-FR","url":"https:\/\/www.toys4vip.com\/app\/uploads\/2021\/11\/main-263.jpg","contentUrl":"https:\/\/www.toys4vip.com\/app\/uploads\/2021\/11\/main-263.jpg","width":1920,"height":550},{"@type":"WebPage","@id":"https:\/\/www.toys4vip.com\/fr\/luxury-toy\/velo-noordung\/354\/#webpage","url":"https:\/\/www.toys4vip.com\/fr\/luxury-toy\/velo-noordung\/354\/","name":"V\u00e9lo Noordung - Toys4Vip","isPartOf":{"@id":"https:\/\/www.toys4vip.com\/fr\/#website"},"primaryImageOfPage":{"@id":"https:\/\/www.toys4vip.com\/fr\/luxury-toy\/velo-noordung\/354\/#primaryimage"},"datePublished":"2021-11-02T10:30:33+00:00","dateModified":"2021-11-13T10:54:42+00:00","description":"Noordung Angel Edition est une s\u00e9rie exclusive de pr\u00e9-production de seulement 15 v\u00e9los faits \u00e0 la main. Les v\u00e9los ont un design \u00e9l\u00e9gant et les cadres l\u00e9gers sont faits de composites de carbone. Le v\u00e9lo Noordung a un moteur \u00e9lectrique ultra-l\u00e9ger avec une port\u00e9e de plus de 28 kilom\u00e8tres par charge. Les moteurs \u00e9lectriques Vivax Assist sont consid\u00e9r\u00e9s comme les meilleurs moteurs \u00e9lectriques au monde.","breadcrumb":{"@id":"https:\/\/www.toys4vip.com\/fr\/luxury-toy\/velo-noordung\/354\/#breadcrumb"},"inLanguage":"fr-FR","potentialAction":[{"@type":"ReadAction","target":["https:\/\/www.toys4vip.com\/fr\/luxury-toy\/velo-noordung\/354\/"]}]},{"@type":"BreadcrumbList","@id":"https:\/\/www.toys4vip.com\/fr\/luxury-toy\/velo-noordung\/354\/#breadcrumb","itemListElement":[{"@type":"ListItem","position":1,"name":"Home","item":"https:\/\/www.toys4vip.com\/fr\/"},{"@type":"ListItem","position":2,"name":"Objets \/ Cat\u00e9gories","item":"https:\/\/www.toys4vip.com\/fr\/luxury-toys\/"},{"@type":"ListItem","position":3,"name":"V\u00e9lo Noordung"}]}]}},"_links":{"self":[{"href":"https:\/\/www.toys4vip.com\/fr\/wp-json\/wp\/v2\/product\/1233"}],"collection":[{"href":"https:\/\/www.toys4vip.com\/fr\/wp-json\/wp\/v2\/product"}],"about":[{"href":"https:\/\/www.toys4vip.com\/fr\/wp-json\/wp\/v2\/types\/product"}],"replies":[{"embeddable":true,"href":"https:\/\/www.toys4vip.com\/fr\/wp-json\/wp\/v2\/comments?post=1233"}],"wp:featuredmedia":[{"embeddable":true,"href":"https:\/\/www.toys4vip.com\/fr\/wp-json\/wp\/v2\/media\/1231"}],"wp:attachment":[{"href":"https:\/\/www.toys4vip.com\/fr\/wp-json\/wp\/v2\/media?parent=1233"}],"wp:term":[{"taxonomy":"product_cat","embeddable":true,"href":"https:\/\/www.toys4vip.com\/fr\/wp-json\/wp\/v2\/product_cat?post=1233"},{"taxonomy":"product_tag","embeddable":true,"href":"https:\/\/www.toys4vip.com\/fr\/wp-json\/wp\/v2\/product_tag?post=1233"}],"curies":[{"name":"wp","href":"https:\/\/api.w.org\/{rel}","templated":true}]}}