{"id":1227,"date":"2021-11-02T10:30:32","date_gmt":"2021-11-02T10:30:32","guid":{"rendered":"https:\/\/toys4vip.com\/produit\/peigne-pantheon-tomas-veres\/"},"modified":"2021-11-13T10:55:04","modified_gmt":"2021-11-13T10:55:04","slug":"peigne-pantheon-tomas-veres","status":"publish","type":"product","link":"https:\/\/www.toys4vip.com\/fr\/luxury-toy\/peigne-pantheon-tomas-veres\/346\/","title":{"rendered":"Peigne Pantheon &#8211; Tomas Veres"},"content":{"rendered":"<p>Qui aurait cru que nous verrions le jour o\u00f9 un peigne m\u00e9riterait des milliers de dollars? Eh bien, gr\u00e2ce \u00e0 une soci\u00e9t\u00e9 slovaque appel\u00e9e Tomas Veres, nous regardons le peigne le plus cher du monde, qui est au prix de 9 500 $. La soci\u00e9t\u00e9 utilise des m\u00e9taux pr\u00e9cieux afin de cr\u00e9er ces \u00e9l\u00e9ments, \u00e0 savoir argent sterling, or rose et or jaune.<\/p>\n<p>Tous les peignes viennent dans des \u00e9tuis en cuir d&rsquo;autruche, et chaque pi\u00e8ce est assembl\u00e9e en Italie par des artisans experts. Le peigne en question a \u00e9t\u00e9 cr\u00e9\u00e9 \u00e0 l&rsquo;aide d\u2019or rose 14 carats, et il fait partie d&rsquo;une \u00e9dition limit\u00e9e de 800 pi\u00e8ces, chacune avec son propre num\u00e9ro unique. Les cas viennent dans diff\u00e9rentes couleurs telles que le rouge, vert ou pourpre, et les peignes peuvent m\u00eame \u00eatre grav\u00e9s avec divers messages ou ensembles d&rsquo;initiales.<\/p>\n","protected":false},"excerpt":{"rendered":"<p>Qui aurait cru que nous verrions le jour o\u00f9 un peigne m\u00e9riterait des milliers de dollars? Eh bien, gr\u00e2ce \u00e0 une soci\u00e9t\u00e9 slovaque appel\u00e9e Tomas Veres, nous regardons le peigne le plus cher du monde, qui est au prix de 9 500 $. La soci\u00e9t\u00e9 utilise des m\u00e9taux pr\u00e9cieux afin de cr\u00e9er ces \u00e9l\u00e9ments, \u00e0 [&hellip;]<\/p>\n","protected":false},"featured_media":1225,"comment_status":"open","ping_status":"closed","template":"","meta":[],"product_cat":[35],"product_tag":[],"yoast_head":"<!-- This site is optimized with the Yoast SEO plugin v17.4 - https:\/\/yoast.com\/wordpress\/plugins\/seo\/ -->\n<title>Peigne Pantheon - Tomas Veres - Toys4Vip<\/title>\n<meta name=\"description\" content=\"Qui aurait cru que nous verrions le jour o\u00f9 un peigne m\u00e9riterait des milliers de dollars? Eh bien, gr\u00e2ce \u00e0 une soci\u00e9t\u00e9 slovaque appel\u00e9e Tomas Veres, nous regardons le peigne le plus cher du monde, qui est au prix de 9 500 $. La soci\u00e9t\u00e9 utilise des m\u00e9taux pr\u00e9cieux afin de cr\u00e9er ces \u00e9l\u00e9ments, \u00e0 savoir argent sterling, or rose et or jaune.\" \/>\n<meta name=\"robots\" content=\"index, follow, max-snippet:-1, max-image-preview:large, max-video-preview:-1\" \/>\n<link rel=\"canonical\" href=\"https:\/\/www.toys4vip.com\/fr\/luxury-toy\/peigne-pantheon-tomas-veres\/346\/\" \/>\n<meta property=\"og:locale\" content=\"fr_FR\" \/>\n<meta property=\"og:type\" content=\"article\" \/>\n<meta property=\"og:title\" content=\"Peigne Pantheon - Tomas Veres - Toys4Vip\" \/>\n<meta property=\"og:description\" content=\"Qui aurait cru que nous verrions le jour o\u00f9 un peigne m\u00e9riterait des milliers de dollars? Eh bien, gr\u00e2ce \u00e0 une soci\u00e9t\u00e9 slovaque appel\u00e9e Tomas Veres, nous regardons le peigne le plus cher du monde, qui est au prix de 9 500 $. La soci\u00e9t\u00e9 utilise des m\u00e9taux pr\u00e9cieux afin de cr\u00e9er ces \u00e9l\u00e9ments, \u00e0 savoir argent sterling, or rose et or jaune.\" \/>\n<meta property=\"og:url\" content=\"https:\/\/www.toys4vip.com\/fr\/luxury-toy\/peigne-pantheon-tomas-veres\/346\/\" \/>\n<meta property=\"og:site_name\" content=\"Toys4Vip\" \/>\n<meta property=\"article:modified_time\" content=\"2021-11-13T10:55:04+00:00\" \/>\n<meta property=\"og:image\" content=\"https:\/\/www.toys4vip.com\/app\/uploads\/2021\/11\/main-261.jpg\" \/>\n\t<meta property=\"og:image:width\" content=\"1024\" \/>\n\t<meta property=\"og:image:height\" content=\"666\" \/>\n<meta name=\"twitter:card\" content=\"summary_large_image\" \/>\n<meta name=\"twitter:label1\" content=\"Dur\u00e9e de lecture est.\" \/>\n\t<meta name=\"twitter:data1\" content=\"1 minute\" \/>\n<script type=\"application\/ld+json\" class=\"yoast-schema-graph\">{\"@context\":\"https:\/\/schema.org\",\"@graph\":[{\"@type\":\"WebSite\",\"@id\":\"https:\/\/www.toys4vip.com\/fr\/#website\",\"url\":\"https:\/\/www.toys4vip.com\/fr\/\",\"name\":\"Toys4Vip\",\"description\":\"Jouets de luxe nouveau concept store\",\"potentialAction\":[{\"@type\":\"SearchAction\",\"target\":{\"@type\":\"EntryPoint\",\"urlTemplate\":\"https:\/\/www.toys4vip.com\/fr\/?s={search_term_string}\"},\"query-input\":\"required name=search_term_string\"}],\"inLanguage\":\"fr-FR\"},{\"@type\":\"ImageObject\",\"@id\":\"https:\/\/www.toys4vip.com\/fr\/luxury-toy\/peigne-pantheon-tomas-veres\/346\/#primaryimage\",\"inLanguage\":\"fr-FR\",\"url\":\"https:\/\/www.toys4vip.com\/app\/uploads\/2021\/11\/main-261.jpg\",\"contentUrl\":\"https:\/\/www.toys4vip.com\/app\/uploads\/2021\/11\/main-261.jpg\",\"width\":1024,\"height\":666},{\"@type\":\"WebPage\",\"@id\":\"https:\/\/www.toys4vip.com\/fr\/luxury-toy\/peigne-pantheon-tomas-veres\/346\/#webpage\",\"url\":\"https:\/\/www.toys4vip.com\/fr\/luxury-toy\/peigne-pantheon-tomas-veres\/346\/\",\"name\":\"Peigne Pantheon - Tomas Veres - Toys4Vip\",\"isPartOf\":{\"@id\":\"https:\/\/www.toys4vip.com\/fr\/#website\"},\"primaryImageOfPage\":{\"@id\":\"https:\/\/www.toys4vip.com\/fr\/luxury-toy\/peigne-pantheon-tomas-veres\/346\/#primaryimage\"},\"datePublished\":\"2021-11-02T10:30:32+00:00\",\"dateModified\":\"2021-11-13T10:55:04+00:00\",\"description\":\"Qui aurait cru que nous verrions le jour o\\u00f9 un peigne m\\u00e9riterait des milliers de dollars? Eh bien, gr\\u00e2ce \\u00e0 une soci\\u00e9t\\u00e9 slovaque appel\\u00e9e Tomas Veres, nous regardons le peigne le plus cher du monde, qui est au prix de 9 500 $. La soci\\u00e9t\\u00e9 utilise des m\\u00e9taux pr\\u00e9cieux afin de cr\\u00e9er ces \\u00e9l\\u00e9ments, \\u00e0 savoir argent sterling, or rose et or jaune.\",\"breadcrumb\":{\"@id\":\"https:\/\/www.toys4vip.com\/fr\/luxury-toy\/peigne-pantheon-tomas-veres\/346\/#breadcrumb\"},\"inLanguage\":\"fr-FR\",\"potentialAction\":[{\"@type\":\"ReadAction\",\"target\":[\"https:\/\/www.toys4vip.com\/fr\/luxury-toy\/peigne-pantheon-tomas-veres\/346\/\"]}]},{\"@type\":\"BreadcrumbList\",\"@id\":\"https:\/\/www.toys4vip.com\/fr\/luxury-toy\/peigne-pantheon-tomas-veres\/346\/#breadcrumb\",\"itemListElement\":[{\"@type\":\"ListItem\",\"position\":1,\"name\":\"Home\",\"item\":\"https:\/\/www.toys4vip.com\/fr\/\"},{\"@type\":\"ListItem\",\"position\":2,\"name\":\"Objets \/ Cat\\u00e9gories\",\"item\":\"https:\/\/www.toys4vip.com\/fr\/luxury-toys\/\"},{\"@type\":\"ListItem\",\"position\":3,\"name\":\"Peigne Pantheon &#8211; Tomas Veres\"}]}]}<\/script>\n<!-- \/ Yoast SEO plugin. -->","yoast_head_json":{"title":"Peigne Pantheon - Tomas Veres - Toys4Vip","description":"Qui aurait cru que nous verrions le jour o\u00f9 un peigne m\u00e9riterait des milliers de dollars? Eh bien, gr\u00e2ce \u00e0 une soci\u00e9t\u00e9 slovaque appel\u00e9e Tomas Veres, nous regardons le peigne le plus cher du monde, qui est au prix de 9 500 $. La soci\u00e9t\u00e9 utilise des m\u00e9taux pr\u00e9cieux afin de cr\u00e9er ces \u00e9l\u00e9ments, \u00e0 savoir argent sterling, or rose et or jaune.","robots":{"index":"index","follow":"follow","max-snippet":"max-snippet:-1","max-image-preview":"max-image-preview:large","max-video-preview":"max-video-preview:-1"},"canonical":"https:\/\/www.toys4vip.com\/fr\/luxury-toy\/peigne-pantheon-tomas-veres\/346\/","og_locale":"fr_FR","og_type":"article","og_title":"Peigne Pantheon - Tomas Veres - Toys4Vip","og_description":"Qui aurait cru que nous verrions le jour o\u00f9 un peigne m\u00e9riterait des milliers de dollars? Eh bien, gr\u00e2ce \u00e0 une soci\u00e9t\u00e9 slovaque appel\u00e9e Tomas Veres, nous regardons le peigne le plus cher du monde, qui est au prix de 9 500 $. La soci\u00e9t\u00e9 utilise des m\u00e9taux pr\u00e9cieux afin de cr\u00e9er ces \u00e9l\u00e9ments, \u00e0 savoir argent sterling, or rose et or jaune.","og_url":"https:\/\/www.toys4vip.com\/fr\/luxury-toy\/peigne-pantheon-tomas-veres\/346\/","og_site_name":"Toys4Vip","article_modified_time":"2021-11-13T10:55:04+00:00","og_image":[{"width":1024,"height":666,"url":"https:\/\/www.toys4vip.com\/app\/uploads\/2021\/11\/main-261.jpg","type":"image\/jpeg"}],"twitter_card":"summary_large_image","twitter_misc":{"Dur\u00e9e de lecture est.":"1 minute"},"schema":{"@context":"https:\/\/schema.org","@graph":[{"@type":"WebSite","@id":"https:\/\/www.toys4vip.com\/fr\/#website","url":"https:\/\/www.toys4vip.com\/fr\/","name":"Toys4Vip","description":"Jouets de luxe nouveau concept store","potentialAction":[{"@type":"SearchAction","target":{"@type":"EntryPoint","urlTemplate":"https:\/\/www.toys4vip.com\/fr\/?s={search_term_string}"},"query-input":"required name=search_term_string"}],"inLanguage":"fr-FR"},{"@type":"ImageObject","@id":"https:\/\/www.toys4vip.com\/fr\/luxury-toy\/peigne-pantheon-tomas-veres\/346\/#primaryimage","inLanguage":"fr-FR","url":"https:\/\/www.toys4vip.com\/app\/uploads\/2021\/11\/main-261.jpg","contentUrl":"https:\/\/www.toys4vip.com\/app\/uploads\/2021\/11\/main-261.jpg","width":1024,"height":666},{"@type":"WebPage","@id":"https:\/\/www.toys4vip.com\/fr\/luxury-toy\/peigne-pantheon-tomas-veres\/346\/#webpage","url":"https:\/\/www.toys4vip.com\/fr\/luxury-toy\/peigne-pantheon-tomas-veres\/346\/","name":"Peigne Pantheon - Tomas Veres - Toys4Vip","isPartOf":{"@id":"https:\/\/www.toys4vip.com\/fr\/#website"},"primaryImageOfPage":{"@id":"https:\/\/www.toys4vip.com\/fr\/luxury-toy\/peigne-pantheon-tomas-veres\/346\/#primaryimage"},"datePublished":"2021-11-02T10:30:32+00:00","dateModified":"2021-11-13T10:55:04+00:00","description":"Qui aurait cru que nous verrions le jour o\u00f9 un peigne m\u00e9riterait des milliers de dollars? Eh bien, gr\u00e2ce \u00e0 une soci\u00e9t\u00e9 slovaque appel\u00e9e Tomas Veres, nous regardons le peigne le plus cher du monde, qui est au prix de 9 500 $. La soci\u00e9t\u00e9 utilise des m\u00e9taux pr\u00e9cieux afin de cr\u00e9er ces \u00e9l\u00e9ments, \u00e0 savoir argent sterling, or rose et or jaune.","breadcrumb":{"@id":"https:\/\/www.toys4vip.com\/fr\/luxury-toy\/peigne-pantheon-tomas-veres\/346\/#breadcrumb"},"inLanguage":"fr-FR","potentialAction":[{"@type":"ReadAction","target":["https:\/\/www.toys4vip.com\/fr\/luxury-toy\/peigne-pantheon-tomas-veres\/346\/"]}]},{"@type":"BreadcrumbList","@id":"https:\/\/www.toys4vip.com\/fr\/luxury-toy\/peigne-pantheon-tomas-veres\/346\/#breadcrumb","itemListElement":[{"@type":"ListItem","position":1,"name":"Home","item":"https:\/\/www.toys4vip.com\/fr\/"},{"@type":"ListItem","position":2,"name":"Objets \/ Cat\u00e9gories","item":"https:\/\/www.toys4vip.com\/fr\/luxury-toys\/"},{"@type":"ListItem","position":3,"name":"Peigne Pantheon &#8211; Tomas Veres"}]}]}},"_links":{"self":[{"href":"https:\/\/www.toys4vip.com\/fr\/wp-json\/wp\/v2\/product\/1227"}],"collection":[{"href":"https:\/\/www.toys4vip.com\/fr\/wp-json\/wp\/v2\/product"}],"about":[{"href":"https:\/\/www.toys4vip.com\/fr\/wp-json\/wp\/v2\/types\/product"}],"replies":[{"embeddable":true,"href":"https:\/\/www.toys4vip.com\/fr\/wp-json\/wp\/v2\/comments?post=1227"}],"wp:featuredmedia":[{"embeddable":true,"href":"https:\/\/www.toys4vip.com\/fr\/wp-json\/wp\/v2\/media\/1225"}],"wp:attachment":[{"href":"https:\/\/www.toys4vip.com\/fr\/wp-json\/wp\/v2\/media?parent=1227"}],"wp:term":[{"taxonomy":"product_cat","embeddable":true,"href":"https:\/\/www.toys4vip.com\/fr\/wp-json\/wp\/v2\/product_cat?post=1227"},{"taxonomy":"product_tag","embeddable":true,"href":"https:\/\/www.toys4vip.com\/fr\/wp-json\/wp\/v2\/product_tag?post=1227"}],"curies":[{"name":"wp","href":"https:\/\/api.w.org\/{rel}","templated":true}]}}