{"id":1224,"date":"2021-11-02T10:30:32","date_gmt":"2021-11-02T10:30:32","guid":{"rendered":"https:\/\/toys4vip.com\/produit\/golf-board\/"},"modified":"2021-11-13T10:54:53","modified_gmt":"2021-11-13T10:54:53","slug":"golf-board","status":"publish","type":"product","link":"https:\/\/www.toys4vip.com\/fr\/luxury-toy\/golf-board\/345\/","title":{"rendered":"Golf Board"},"content":{"rendered":"<p>10 MPH Vitesse maximale<\/p>\n<p>Acc\u00e9l\u00e9rateur de pouce avec une touche de contr\u00f4le de vitesse et indicateur de niveau de charge de la batterie LED<\/p>\n<p>Poign\u00e9e \u00e0 deux positions avec syst\u00e8me antid\u00e9rapant rembourr\u00e9<\/p>\n<p>Plate-forme de sac de golf appropri\u00e9e pour le tournoi ou le sac de transport<\/p>\n<p>Interrupteur \u00e0 cl\u00e9 ma\u00eetre avec cl\u00e9 amovible pour protection antivol<\/p>\n<p>Sangles r\u00e9glables avec syst\u00e8me de serrage facile \u00e0 utiliser<\/p>\n<p>Haut \/ Bas + Commutateurs avant \/ arri\u00e8re pour une meilleure manoeuvrabilit\u00e9<\/p>\n<p>Porte-gobelet polyvalent et durable<\/p>\n<p>Support de fixation \u00e0 barre de stabilit\u00e9 \u00e0 d\u00e9gagement rapide<\/p>\n<p>Roues de 11 pouces r\u00e9sistantes aux rayures et \u00e0 la poussi\u00e8re avec pneus Kenda durables<\/p>\n<p>Syst\u00e8me de ressort de suspension r\u00e9glable propri\u00e9taire<\/p>\n<p>Bac de protection avec acc\u00e8s facile<\/p>\n<p>Pare-chocs de protection personnalis\u00e9<\/p>\n<p>Amortisseurs de vide et cache-roue<\/p>\n<p>Groupe motopropulseur \u00e0 quatre roues avec moteur int\u00e9gr\u00e9 et bo\u00eete de vitesses<\/p>\n<p>GOLFBOARD AVEC SPEEDBOOST:<br \/>\nAUGMENTEZ LA PERFORMANCE STANDARD DE GOLFBOARD * DE PLUS DE 40% AVEC SPEEDBOOST.<br \/>\n* La performance varie en fonction de l&rsquo;angle et du terrain<\/p>\n<p>FRAIS ADDITIONNELS: 500,00 $<\/p>\n","protected":false},"excerpt":{"rendered":"<p>10 MPH Vitesse maximale Acc\u00e9l\u00e9rateur de pouce avec une touche de contr\u00f4le de vitesse et indicateur de niveau de charge de la batterie LED Poign\u00e9e \u00e0 deux positions avec syst\u00e8me antid\u00e9rapant rembourr\u00e9 Plate-forme de sac de golf appropri\u00e9e pour le tournoi ou le sac de transport Interrupteur \u00e0 cl\u00e9 ma\u00eetre avec cl\u00e9 amovible pour protection [&hellip;]<\/p>\n","protected":false},"featured_media":1222,"comment_status":"open","ping_status":"closed","template":"","meta":[],"product_cat":[33],"product_tag":[],"yoast_head":"<!-- This site is optimized with the Yoast SEO plugin v17.4 - https:\/\/yoast.com\/wordpress\/plugins\/seo\/ -->\n<title>Golf Board - Toys4Vip<\/title>\n<meta name=\"description\" content=\"10 MPH Vitesse maximaleAcc\u00e9l\u00e9rateur de pouce avec une touche de contr\u00f4le de vitesse et indicateur de niveau de charge de la batterie LEDPoign\u00e9e \u00e0 deux positions avec syst\u00e8me antid\u00e9rapant rembourr\u00e9Plate-forme de sac de golf appropri\u00e9e pour le tournoi ou le sac de transportInterrupteur \u00e0 cl\u00e9 ma\u00eetre avec cl\u00e9 amovible pour protection antivolSangles r\u00e9glables avec syst\u00e8me de serrage facile \u00e0 utiliser\" \/>\n<meta name=\"robots\" content=\"index, follow, max-snippet:-1, max-image-preview:large, max-video-preview:-1\" \/>\n<link rel=\"canonical\" href=\"https:\/\/www.toys4vip.com\/fr\/luxury-toy\/golf-board\/345\/\" \/>\n<meta property=\"og:locale\" content=\"fr_FR\" \/>\n<meta property=\"og:type\" content=\"article\" \/>\n<meta property=\"og:title\" content=\"Golf Board - Toys4Vip\" \/>\n<meta property=\"og:description\" content=\"10 MPH Vitesse maximaleAcc\u00e9l\u00e9rateur de pouce avec une touche de contr\u00f4le de vitesse et indicateur de niveau de charge de la batterie LEDPoign\u00e9e \u00e0 deux positions avec syst\u00e8me antid\u00e9rapant rembourr\u00e9Plate-forme de sac de golf appropri\u00e9e pour le tournoi ou le sac de transportInterrupteur \u00e0 cl\u00e9 ma\u00eetre avec cl\u00e9 amovible pour protection antivolSangles r\u00e9glables avec syst\u00e8me de serrage facile \u00e0 utiliser\" \/>\n<meta property=\"og:url\" content=\"https:\/\/www.toys4vip.com\/fr\/luxury-toy\/golf-board\/345\/\" \/>\n<meta property=\"og:site_name\" content=\"Toys4Vip\" \/>\n<meta property=\"article:modified_time\" content=\"2021-11-13T10:54:53+00:00\" \/>\n<meta property=\"og:image\" content=\"https:\/\/www.toys4vip.com\/app\/uploads\/2021\/11\/main-260.jpg\" \/>\n\t<meta property=\"og:image:width\" content=\"720\" \/>\n\t<meta property=\"og:image:height\" content=\"540\" \/>\n<meta name=\"twitter:card\" content=\"summary_large_image\" \/>\n<meta name=\"twitter:label1\" content=\"Dur\u00e9e de lecture est.\" \/>\n\t<meta name=\"twitter:data1\" content=\"1 minute\" \/>\n<script type=\"application\/ld+json\" class=\"yoast-schema-graph\">{\"@context\":\"https:\/\/schema.org\",\"@graph\":[{\"@type\":\"WebSite\",\"@id\":\"https:\/\/www.toys4vip.com\/fr\/#website\",\"url\":\"https:\/\/www.toys4vip.com\/fr\/\",\"name\":\"Toys4Vip\",\"description\":\"Jouets de luxe nouveau concept store\",\"potentialAction\":[{\"@type\":\"SearchAction\",\"target\":{\"@type\":\"EntryPoint\",\"urlTemplate\":\"https:\/\/www.toys4vip.com\/fr\/?s={search_term_string}\"},\"query-input\":\"required name=search_term_string\"}],\"inLanguage\":\"fr-FR\"},{\"@type\":\"ImageObject\",\"@id\":\"https:\/\/www.toys4vip.com\/fr\/luxury-toy\/golf-board\/345\/#primaryimage\",\"inLanguage\":\"fr-FR\",\"url\":\"https:\/\/www.toys4vip.com\/app\/uploads\/2021\/11\/main-260.jpg\",\"contentUrl\":\"https:\/\/www.toys4vip.com\/app\/uploads\/2021\/11\/main-260.jpg\",\"width\":720,\"height\":540},{\"@type\":\"WebPage\",\"@id\":\"https:\/\/www.toys4vip.com\/fr\/luxury-toy\/golf-board\/345\/#webpage\",\"url\":\"https:\/\/www.toys4vip.com\/fr\/luxury-toy\/golf-board\/345\/\",\"name\":\"Golf Board - Toys4Vip\",\"isPartOf\":{\"@id\":\"https:\/\/www.toys4vip.com\/fr\/#website\"},\"primaryImageOfPage\":{\"@id\":\"https:\/\/www.toys4vip.com\/fr\/luxury-toy\/golf-board\/345\/#primaryimage\"},\"datePublished\":\"2021-11-02T10:30:32+00:00\",\"dateModified\":\"2021-11-13T10:54:53+00:00\",\"description\":\"10 MPH Vitesse maximaleAcc\\u00e9l\\u00e9rateur de pouce avec une touche de contr\\u00f4le de vitesse et indicateur de niveau de charge de la batterie LEDPoign\\u00e9e \\u00e0 deux positions avec syst\\u00e8me antid\\u00e9rapant rembourr\\u00e9Plate-forme de sac de golf appropri\\u00e9e pour le tournoi ou le sac de transportInterrupteur \\u00e0 cl\\u00e9 ma\\u00eetre avec cl\\u00e9 amovible pour protection antivolSangles r\\u00e9glables avec syst\\u00e8me de serrage facile \\u00e0 utiliser\",\"breadcrumb\":{\"@id\":\"https:\/\/www.toys4vip.com\/fr\/luxury-toy\/golf-board\/345\/#breadcrumb\"},\"inLanguage\":\"fr-FR\",\"potentialAction\":[{\"@type\":\"ReadAction\",\"target\":[\"https:\/\/www.toys4vip.com\/fr\/luxury-toy\/golf-board\/345\/\"]}]},{\"@type\":\"BreadcrumbList\",\"@id\":\"https:\/\/www.toys4vip.com\/fr\/luxury-toy\/golf-board\/345\/#breadcrumb\",\"itemListElement\":[{\"@type\":\"ListItem\",\"position\":1,\"name\":\"Home\",\"item\":\"https:\/\/www.toys4vip.com\/fr\/\"},{\"@type\":\"ListItem\",\"position\":2,\"name\":\"Objets \/ Cat\\u00e9gories\",\"item\":\"https:\/\/www.toys4vip.com\/fr\/luxury-toys\/\"},{\"@type\":\"ListItem\",\"position\":3,\"name\":\"Golf Board\"}]}]}<\/script>\n<!-- \/ Yoast SEO plugin. -->","yoast_head_json":{"title":"Golf Board - Toys4Vip","description":"10 MPH Vitesse maximaleAcc\u00e9l\u00e9rateur de pouce avec une touche de contr\u00f4le de vitesse et indicateur de niveau de charge de la batterie LEDPoign\u00e9e \u00e0 deux positions avec syst\u00e8me antid\u00e9rapant rembourr\u00e9Plate-forme de sac de golf appropri\u00e9e pour le tournoi ou le sac de transportInterrupteur \u00e0 cl\u00e9 ma\u00eetre avec cl\u00e9 amovible pour protection antivolSangles r\u00e9glables avec syst\u00e8me de serrage facile \u00e0 utiliser","robots":{"index":"index","follow":"follow","max-snippet":"max-snippet:-1","max-image-preview":"max-image-preview:large","max-video-preview":"max-video-preview:-1"},"canonical":"https:\/\/www.toys4vip.com\/fr\/luxury-toy\/golf-board\/345\/","og_locale":"fr_FR","og_type":"article","og_title":"Golf Board - Toys4Vip","og_description":"10 MPH Vitesse maximaleAcc\u00e9l\u00e9rateur de pouce avec une touche de contr\u00f4le de vitesse et indicateur de niveau de charge de la batterie LEDPoign\u00e9e \u00e0 deux positions avec syst\u00e8me antid\u00e9rapant rembourr\u00e9Plate-forme de sac de golf appropri\u00e9e pour le tournoi ou le sac de transportInterrupteur \u00e0 cl\u00e9 ma\u00eetre avec cl\u00e9 amovible pour protection antivolSangles r\u00e9glables avec syst\u00e8me de serrage facile \u00e0 utiliser","og_url":"https:\/\/www.toys4vip.com\/fr\/luxury-toy\/golf-board\/345\/","og_site_name":"Toys4Vip","article_modified_time":"2021-11-13T10:54:53+00:00","og_image":[{"width":720,"height":540,"url":"https:\/\/www.toys4vip.com\/app\/uploads\/2021\/11\/main-260.jpg","type":"image\/jpeg"}],"twitter_card":"summary_large_image","twitter_misc":{"Dur\u00e9e de lecture est.":"1 minute"},"schema":{"@context":"https:\/\/schema.org","@graph":[{"@type":"WebSite","@id":"https:\/\/www.toys4vip.com\/fr\/#website","url":"https:\/\/www.toys4vip.com\/fr\/","name":"Toys4Vip","description":"Jouets de luxe nouveau concept store","potentialAction":[{"@type":"SearchAction","target":{"@type":"EntryPoint","urlTemplate":"https:\/\/www.toys4vip.com\/fr\/?s={search_term_string}"},"query-input":"required name=search_term_string"}],"inLanguage":"fr-FR"},{"@type":"ImageObject","@id":"https:\/\/www.toys4vip.com\/fr\/luxury-toy\/golf-board\/345\/#primaryimage","inLanguage":"fr-FR","url":"https:\/\/www.toys4vip.com\/app\/uploads\/2021\/11\/main-260.jpg","contentUrl":"https:\/\/www.toys4vip.com\/app\/uploads\/2021\/11\/main-260.jpg","width":720,"height":540},{"@type":"WebPage","@id":"https:\/\/www.toys4vip.com\/fr\/luxury-toy\/golf-board\/345\/#webpage","url":"https:\/\/www.toys4vip.com\/fr\/luxury-toy\/golf-board\/345\/","name":"Golf Board - Toys4Vip","isPartOf":{"@id":"https:\/\/www.toys4vip.com\/fr\/#website"},"primaryImageOfPage":{"@id":"https:\/\/www.toys4vip.com\/fr\/luxury-toy\/golf-board\/345\/#primaryimage"},"datePublished":"2021-11-02T10:30:32+00:00","dateModified":"2021-11-13T10:54:53+00:00","description":"10 MPH Vitesse maximaleAcc\u00e9l\u00e9rateur de pouce avec une touche de contr\u00f4le de vitesse et indicateur de niveau de charge de la batterie LEDPoign\u00e9e \u00e0 deux positions avec syst\u00e8me antid\u00e9rapant rembourr\u00e9Plate-forme de sac de golf appropri\u00e9e pour le tournoi ou le sac de transportInterrupteur \u00e0 cl\u00e9 ma\u00eetre avec cl\u00e9 amovible pour protection antivolSangles r\u00e9glables avec syst\u00e8me de serrage facile \u00e0 utiliser","breadcrumb":{"@id":"https:\/\/www.toys4vip.com\/fr\/luxury-toy\/golf-board\/345\/#breadcrumb"},"inLanguage":"fr-FR","potentialAction":[{"@type":"ReadAction","target":["https:\/\/www.toys4vip.com\/fr\/luxury-toy\/golf-board\/345\/"]}]},{"@type":"BreadcrumbList","@id":"https:\/\/www.toys4vip.com\/fr\/luxury-toy\/golf-board\/345\/#breadcrumb","itemListElement":[{"@type":"ListItem","position":1,"name":"Home","item":"https:\/\/www.toys4vip.com\/fr\/"},{"@type":"ListItem","position":2,"name":"Objets \/ Cat\u00e9gories","item":"https:\/\/www.toys4vip.com\/fr\/luxury-toys\/"},{"@type":"ListItem","position":3,"name":"Golf Board"}]}]}},"_links":{"self":[{"href":"https:\/\/www.toys4vip.com\/fr\/wp-json\/wp\/v2\/product\/1224"}],"collection":[{"href":"https:\/\/www.toys4vip.com\/fr\/wp-json\/wp\/v2\/product"}],"about":[{"href":"https:\/\/www.toys4vip.com\/fr\/wp-json\/wp\/v2\/types\/product"}],"replies":[{"embeddable":true,"href":"https:\/\/www.toys4vip.com\/fr\/wp-json\/wp\/v2\/comments?post=1224"}],"wp:featuredmedia":[{"embeddable":true,"href":"https:\/\/www.toys4vip.com\/fr\/wp-json\/wp\/v2\/media\/1222"}],"wp:attachment":[{"href":"https:\/\/www.toys4vip.com\/fr\/wp-json\/wp\/v2\/media?parent=1224"}],"wp:term":[{"taxonomy":"product_cat","embeddable":true,"href":"https:\/\/www.toys4vip.com\/fr\/wp-json\/wp\/v2\/product_cat?post=1224"},{"taxonomy":"product_tag","embeddable":true,"href":"https:\/\/www.toys4vip.com\/fr\/wp-json\/wp\/v2\/product_tag?post=1224"}],"curies":[{"name":"wp","href":"https:\/\/api.w.org\/{rel}","templated":true}]}}