{"id":1221,"date":"2021-11-02T10:30:32","date_gmt":"2021-11-02T10:30:32","guid":{"rendered":"https:\/\/toys4vip.com\/produit\/mercedes-classe-g-par-paul-bocuse\/"},"modified":"2021-11-16T17:50:49","modified_gmt":"2021-11-16T17:50:49","slug":"mercedes-classe-g-par-paul-bocuse","status":"publish","type":"product","link":"https:\/\/www.toys4vip.com\/fr\/luxury-toy\/mercedes-classe-g-par-paul-bocuse\/344\/","title":{"rendered":"Mercedes Classe G par Paul Bocuse"},"content":{"rendered":"<p>La Classe G \u00ab Paul Bocuse \u00bb est le nouveau tout-terrain ultra luxueux \u00e0 avoir. En \u00e9dition tr\u00e8s limit\u00e9e, cette s\u00e9rie exclusive r\u00e9serve de nombreuses surprises et rend hommage \u00e0 l\u2019exigence d\u2019un grand homme, Paul Bocuse.<\/p>\n<p>Il y a d\u00e9j\u00e0 35 ans, Paul Bocuse tombait en amour pour la Mercedes-Benz Classe G avant d\u2019en devenir l\u2019Ambassadeur. Depuis, le Chef a gagn\u00e9 ses trois \u00e9toiles et a plac\u00e9 la notion de partage au coeur de ses priorit\u00e9s. Ainsi, il a form\u00e9 des centaines de chefs, a d\u00e9velopp\u00e9 l\u2019Institut d\u2019Ecully dans lequel les \u00e9l\u00e8ves du monde entier apprennent les bases de la cuisine traditionnelle fran\u00e7aise, a fond\u00e9 une fondation et Le Bocuse d\u2019Or, un concours de cuisine international.<\/p>\n<p>Depuis leur rencontre, Paul Bocuse et la Classe G, deux \u00e9toiles dans leur domaine respectif, n\u2019ont cess\u00e9 d\u2019\u00e9merveiller les amateurs d\u2019excellence et de prestige. Alors pour c\u00e9l\u00e9brer les 90 ans du Chef et la fid\u00e9lit\u00e9 de celui-ci envers la Mercedes-Benz Classe G, le filiale lyonnaise de Mercedes-Benz lance une s\u00e9rie exclusive produite en sept exemplaires, la Classe G \u00ab Paul Bocuse \u00bb.<\/p>\n<p>R\u00e9f\u00e9rence dans l\u2019univers du tout-terrain, ce mod\u00e8le \u00e0 la silhouette robuste, s\u2019empare des univers pr\u00e9f\u00e9r\u00e9s de \u00ab Monsieur Paul \u00bb : le voyage et la chasse. Pour refl\u00e9ter fid\u00e8lement l\u2019univers du chef \u00e9toil\u00e9 sur cette s\u00e9rie exclusive du Classe G \u00ab Paul Bocuse \u00bb, J\u00e9r\u00f4me Bocuse raconte \u00ab J\u2019ai associ\u00e9 mon p\u00e8re \u00e0 toutes les \u00e9tapes cl\u00e9s du projet. Il souhaitait une malle pour le pique-nique et nous a fourni les sp\u00e9cifications pour le pack chasse qui est une de nos passions communes depuis toujours \u00bb.<\/p>\n<p>Alors, dans cette Mercedes-Benz Classe G \u00ab Paul Bocuse \u00bb recouverte d\u2019une peinture m\u00e9tallis\u00e9e \u00ab noir moka \u00bb sur laquelle des logos exclusifs Paul Bocuse et Mercedes-Benz ont \u00e9t\u00e9 appos\u00e9s sur les ailes avant et \u00e0 l\u2019arri\u00e8re du v\u00e9hicule, les futurs acqu\u00e9reurs d\u00e9couvriront une gamme d\u2019accessoires en cuir et de bagagerie con\u00e7ue en collaboration avec Alexandre Mareuil. Sac Polochon, sac Square, housses, malle \u00e0 pique-nique accompagneront le pack chasse, vendu en option avec un fourreau \u00e0 fusil, une cartouchi\u00e8re, une laisse et un collier de chien ainsi que deux tr\u00e9pieds.<\/p>\n<p>Fabriqu\u00e9 dans l\u2019usine de Graz en Autriche, ce tout-terrain construit avec une rigueur identique \u00e0 celle d\u2019un plat de haute gastronomie sera produit en 7 exemplaires. Si vous vous demandez pourquoi ce chiffre, Fr\u00e9d\u00e9ric Blanc donne la r\u00e9ponse en disant \u201c 7 comme le chiffre porte-bonheur de Monsieur Paul\u201d.<\/p>\n","protected":false},"excerpt":{"rendered":"<p>La Classe G \u00ab Paul Bocuse \u00bb est le nouveau tout-terrain ultra luxueux \u00e0 avoir. En \u00e9dition tr\u00e8s limit\u00e9e, cette s\u00e9rie exclusive r\u00e9serve de nombreuses surprises et rend hommage \u00e0 l\u2019exigence d\u2019un grand homme, Paul Bocuse. Il y a d\u00e9j\u00e0 35 ans, Paul Bocuse tombait en amour pour la Mercedes-Benz Classe G avant d\u2019en devenir [&hellip;]<\/p>\n","protected":false},"featured_media":1219,"comment_status":"open","ping_status":"closed","template":"","meta":[],"product_cat":[26,87],"product_tag":[],"yoast_head":"<!-- This site is optimized with the Yoast SEO plugin v17.4 - https:\/\/yoast.com\/wordpress\/plugins\/seo\/ -->\n<title>Mercedes Classe G par Paul Bocuse - Toys4Vip<\/title>\n<meta name=\"description\" content=\"La Classe G \u00ab Paul Bocuse \u00bb est le nouveau tout-terrain ultra luxueux \u00e0 avoir. En \u00e9dition tr\u00e8s limit\u00e9e, cette s\u00e9rie exclusive r\u00e9serve de nombreuses surprises et rend hommage \u00e0 l\u2019exigence d\u2019un grand homme, Paul Bocuse.Il y a d\u00e9j\u00e0 35 ans, Paul Bocuse tombait en amour pour la Mercedes-Benz Classe G avant d\u2019en devenir l\u2019Ambassadeur. Depuis, le Chef a gagn\u00e9 ses trois \u00e9toiles et a plac\u00e9 la notion de partage au coeur de ses priorit\u00e9s. Ainsi, il a form\u00e9 des centaines de chefs, a d\u00e9velopp\u00e9 l\u2019Institut d\u2019Ecully dans lequel les \u00e9l\u00e8ves du monde entier apprennent les bases de la cuisine traditionnelle fran\u00e7aise, a fond\u00e9 une fondation et Le Bocuse d\u2019Or, un concours de cuisine international.\" \/>\n<meta name=\"robots\" content=\"index, follow, max-snippet:-1, max-image-preview:large, max-video-preview:-1\" \/>\n<link rel=\"canonical\" href=\"https:\/\/www.toys4vip.com\/fr\/luxury-toy\/mercedes-classe-g-par-paul-bocuse\/344\/\" \/>\n<meta property=\"og:locale\" content=\"fr_FR\" \/>\n<meta property=\"og:type\" content=\"article\" \/>\n<meta property=\"og:title\" content=\"Mercedes Classe G par Paul Bocuse - Toys4Vip\" \/>\n<meta property=\"og:description\" content=\"La Classe G \u00ab Paul Bocuse \u00bb est le nouveau tout-terrain ultra luxueux \u00e0 avoir. En \u00e9dition tr\u00e8s limit\u00e9e, cette s\u00e9rie exclusive r\u00e9serve de nombreuses surprises et rend hommage \u00e0 l\u2019exigence d\u2019un grand homme, Paul Bocuse.Il y a d\u00e9j\u00e0 35 ans, Paul Bocuse tombait en amour pour la Mercedes-Benz Classe G avant d\u2019en devenir l\u2019Ambassadeur. Depuis, le Chef a gagn\u00e9 ses trois \u00e9toiles et a plac\u00e9 la notion de partage au coeur de ses priorit\u00e9s. Ainsi, il a form\u00e9 des centaines de chefs, a d\u00e9velopp\u00e9 l\u2019Institut d\u2019Ecully dans lequel les \u00e9l\u00e8ves du monde entier apprennent les bases de la cuisine traditionnelle fran\u00e7aise, a fond\u00e9 une fondation et Le Bocuse d\u2019Or, un concours de cuisine international.\" \/>\n<meta property=\"og:url\" content=\"https:\/\/www.toys4vip.com\/fr\/luxury-toy\/mercedes-classe-g-par-paul-bocuse\/344\/\" \/>\n<meta property=\"og:site_name\" content=\"Toys4Vip\" \/>\n<meta property=\"article:modified_time\" content=\"2021-11-16T17:50:49+00:00\" \/>\n<meta property=\"og:image\" content=\"https:\/\/www.toys4vip.com\/app\/uploads\/2021\/11\/main-259.jpg\" \/>\n\t<meta property=\"og:image:width\" content=\"1920\" \/>\n\t<meta property=\"og:image:height\" content=\"1280\" \/>\n<meta name=\"twitter:card\" content=\"summary_large_image\" \/>\n<meta name=\"twitter:label1\" content=\"Dur\u00e9e de lecture est.\" \/>\n\t<meta name=\"twitter:data1\" content=\"2 minutes\" \/>\n<script type=\"application\/ld+json\" class=\"yoast-schema-graph\">{\"@context\":\"https:\/\/schema.org\",\"@graph\":[{\"@type\":\"WebSite\",\"@id\":\"https:\/\/www.toys4vip.com\/fr\/#website\",\"url\":\"https:\/\/www.toys4vip.com\/fr\/\",\"name\":\"Toys4Vip\",\"description\":\"Jouets de luxe nouveau concept store\",\"potentialAction\":[{\"@type\":\"SearchAction\",\"target\":{\"@type\":\"EntryPoint\",\"urlTemplate\":\"https:\/\/www.toys4vip.com\/fr\/?s={search_term_string}\"},\"query-input\":\"required name=search_term_string\"}],\"inLanguage\":\"fr-FR\"},{\"@type\":\"ImageObject\",\"@id\":\"https:\/\/www.toys4vip.com\/fr\/luxury-toy\/mercedes-classe-g-par-paul-bocuse\/344\/#primaryimage\",\"inLanguage\":\"fr-FR\",\"url\":\"https:\/\/www.toys4vip.com\/app\/uploads\/2021\/11\/main-259.jpg\",\"contentUrl\":\"https:\/\/www.toys4vip.com\/app\/uploads\/2021\/11\/main-259.jpg\",\"width\":1920,\"height\":1280},{\"@type\":\"WebPage\",\"@id\":\"https:\/\/www.toys4vip.com\/fr\/luxury-toy\/mercedes-classe-g-par-paul-bocuse\/344\/#webpage\",\"url\":\"https:\/\/www.toys4vip.com\/fr\/luxury-toy\/mercedes-classe-g-par-paul-bocuse\/344\/\",\"name\":\"Mercedes Classe G par Paul Bocuse - Toys4Vip\",\"isPartOf\":{\"@id\":\"https:\/\/www.toys4vip.com\/fr\/#website\"},\"primaryImageOfPage\":{\"@id\":\"https:\/\/www.toys4vip.com\/fr\/luxury-toy\/mercedes-classe-g-par-paul-bocuse\/344\/#primaryimage\"},\"datePublished\":\"2021-11-02T10:30:32+00:00\",\"dateModified\":\"2021-11-16T17:50:49+00:00\",\"description\":\"La Classe G \\u00ab Paul Bocuse \\u00bb est le nouveau tout-terrain ultra luxueux \\u00e0 avoir. En \\u00e9dition tr\\u00e8s limit\\u00e9e, cette s\\u00e9rie exclusive r\\u00e9serve de nombreuses surprises et rend hommage \\u00e0 l\\u2019exigence d\\u2019un grand homme, Paul Bocuse.Il y a d\\u00e9j\\u00e0 35 ans, Paul Bocuse tombait en amour pour la Mercedes-Benz Classe G avant d\\u2019en devenir l\\u2019Ambassadeur. Depuis, le Chef a gagn\\u00e9 ses trois \\u00e9toiles et a plac\\u00e9 la notion de partage au coeur de ses priorit\\u00e9s. Ainsi, il a form\\u00e9 des centaines de chefs, a d\\u00e9velopp\\u00e9 l\\u2019Institut d\\u2019Ecully dans lequel les \\u00e9l\\u00e8ves du monde entier apprennent les bases de la cuisine traditionnelle fran\\u00e7aise, a fond\\u00e9 une fondation et Le Bocuse d\\u2019Or, un concours de cuisine international.\",\"breadcrumb\":{\"@id\":\"https:\/\/www.toys4vip.com\/fr\/luxury-toy\/mercedes-classe-g-par-paul-bocuse\/344\/#breadcrumb\"},\"inLanguage\":\"fr-FR\",\"potentialAction\":[{\"@type\":\"ReadAction\",\"target\":[\"https:\/\/www.toys4vip.com\/fr\/luxury-toy\/mercedes-classe-g-par-paul-bocuse\/344\/\"]}]},{\"@type\":\"BreadcrumbList\",\"@id\":\"https:\/\/www.toys4vip.com\/fr\/luxury-toy\/mercedes-classe-g-par-paul-bocuse\/344\/#breadcrumb\",\"itemListElement\":[{\"@type\":\"ListItem\",\"position\":1,\"name\":\"Home\",\"item\":\"https:\/\/www.toys4vip.com\/fr\/\"},{\"@type\":\"ListItem\",\"position\":2,\"name\":\"Objets \/ Cat\\u00e9gories\",\"item\":\"https:\/\/www.toys4vip.com\/fr\/luxury-toys\/\"},{\"@type\":\"ListItem\",\"position\":3,\"name\":\"Mercedes Classe G par Paul Bocuse\"}]}]}<\/script>\n<!-- \/ Yoast SEO plugin. -->","yoast_head_json":{"title":"Mercedes Classe G par Paul Bocuse - Toys4Vip","description":"La Classe G \u00ab Paul Bocuse \u00bb est le nouveau tout-terrain ultra luxueux \u00e0 avoir. En \u00e9dition tr\u00e8s limit\u00e9e, cette s\u00e9rie exclusive r\u00e9serve de nombreuses surprises et rend hommage \u00e0 l\u2019exigence d\u2019un grand homme, Paul Bocuse.Il y a d\u00e9j\u00e0 35 ans, Paul Bocuse tombait en amour pour la Mercedes-Benz Classe G avant d\u2019en devenir l\u2019Ambassadeur. Depuis, le Chef a gagn\u00e9 ses trois \u00e9toiles et a plac\u00e9 la notion de partage au coeur de ses priorit\u00e9s. Ainsi, il a form\u00e9 des centaines de chefs, a d\u00e9velopp\u00e9 l\u2019Institut d\u2019Ecully dans lequel les \u00e9l\u00e8ves du monde entier apprennent les bases de la cuisine traditionnelle fran\u00e7aise, a fond\u00e9 une fondation et Le Bocuse d\u2019Or, un concours de cuisine international.","robots":{"index":"index","follow":"follow","max-snippet":"max-snippet:-1","max-image-preview":"max-image-preview:large","max-video-preview":"max-video-preview:-1"},"canonical":"https:\/\/www.toys4vip.com\/fr\/luxury-toy\/mercedes-classe-g-par-paul-bocuse\/344\/","og_locale":"fr_FR","og_type":"article","og_title":"Mercedes Classe G par Paul Bocuse - Toys4Vip","og_description":"La Classe G \u00ab Paul Bocuse \u00bb est le nouveau tout-terrain ultra luxueux \u00e0 avoir. En \u00e9dition tr\u00e8s limit\u00e9e, cette s\u00e9rie exclusive r\u00e9serve de nombreuses surprises et rend hommage \u00e0 l\u2019exigence d\u2019un grand homme, Paul Bocuse.Il y a d\u00e9j\u00e0 35 ans, Paul Bocuse tombait en amour pour la Mercedes-Benz Classe G avant d\u2019en devenir l\u2019Ambassadeur. Depuis, le Chef a gagn\u00e9 ses trois \u00e9toiles et a plac\u00e9 la notion de partage au coeur de ses priorit\u00e9s. Ainsi, il a form\u00e9 des centaines de chefs, a d\u00e9velopp\u00e9 l\u2019Institut d\u2019Ecully dans lequel les \u00e9l\u00e8ves du monde entier apprennent les bases de la cuisine traditionnelle fran\u00e7aise, a fond\u00e9 une fondation et Le Bocuse d\u2019Or, un concours de cuisine international.","og_url":"https:\/\/www.toys4vip.com\/fr\/luxury-toy\/mercedes-classe-g-par-paul-bocuse\/344\/","og_site_name":"Toys4Vip","article_modified_time":"2021-11-16T17:50:49+00:00","og_image":[{"width":1920,"height":1280,"url":"https:\/\/www.toys4vip.com\/app\/uploads\/2021\/11\/main-259.jpg","type":"image\/jpeg"}],"twitter_card":"summary_large_image","twitter_misc":{"Dur\u00e9e de lecture est.":"2 minutes"},"schema":{"@context":"https:\/\/schema.org","@graph":[{"@type":"WebSite","@id":"https:\/\/www.toys4vip.com\/fr\/#website","url":"https:\/\/www.toys4vip.com\/fr\/","name":"Toys4Vip","description":"Jouets de luxe nouveau concept store","potentialAction":[{"@type":"SearchAction","target":{"@type":"EntryPoint","urlTemplate":"https:\/\/www.toys4vip.com\/fr\/?s={search_term_string}"},"query-input":"required name=search_term_string"}],"inLanguage":"fr-FR"},{"@type":"ImageObject","@id":"https:\/\/www.toys4vip.com\/fr\/luxury-toy\/mercedes-classe-g-par-paul-bocuse\/344\/#primaryimage","inLanguage":"fr-FR","url":"https:\/\/www.toys4vip.com\/app\/uploads\/2021\/11\/main-259.jpg","contentUrl":"https:\/\/www.toys4vip.com\/app\/uploads\/2021\/11\/main-259.jpg","width":1920,"height":1280},{"@type":"WebPage","@id":"https:\/\/www.toys4vip.com\/fr\/luxury-toy\/mercedes-classe-g-par-paul-bocuse\/344\/#webpage","url":"https:\/\/www.toys4vip.com\/fr\/luxury-toy\/mercedes-classe-g-par-paul-bocuse\/344\/","name":"Mercedes Classe G par Paul Bocuse - Toys4Vip","isPartOf":{"@id":"https:\/\/www.toys4vip.com\/fr\/#website"},"primaryImageOfPage":{"@id":"https:\/\/www.toys4vip.com\/fr\/luxury-toy\/mercedes-classe-g-par-paul-bocuse\/344\/#primaryimage"},"datePublished":"2021-11-02T10:30:32+00:00","dateModified":"2021-11-16T17:50:49+00:00","description":"La Classe G \u00ab Paul Bocuse \u00bb est le nouveau tout-terrain ultra luxueux \u00e0 avoir. En \u00e9dition tr\u00e8s limit\u00e9e, cette s\u00e9rie exclusive r\u00e9serve de nombreuses surprises et rend hommage \u00e0 l\u2019exigence d\u2019un grand homme, Paul Bocuse.Il y a d\u00e9j\u00e0 35 ans, Paul Bocuse tombait en amour pour la Mercedes-Benz Classe G avant d\u2019en devenir l\u2019Ambassadeur. Depuis, le Chef a gagn\u00e9 ses trois \u00e9toiles et a plac\u00e9 la notion de partage au coeur de ses priorit\u00e9s. Ainsi, il a form\u00e9 des centaines de chefs, a d\u00e9velopp\u00e9 l\u2019Institut d\u2019Ecully dans lequel les \u00e9l\u00e8ves du monde entier apprennent les bases de la cuisine traditionnelle fran\u00e7aise, a fond\u00e9 une fondation et Le Bocuse d\u2019Or, un concours de cuisine international.","breadcrumb":{"@id":"https:\/\/www.toys4vip.com\/fr\/luxury-toy\/mercedes-classe-g-par-paul-bocuse\/344\/#breadcrumb"},"inLanguage":"fr-FR","potentialAction":[{"@type":"ReadAction","target":["https:\/\/www.toys4vip.com\/fr\/luxury-toy\/mercedes-classe-g-par-paul-bocuse\/344\/"]}]},{"@type":"BreadcrumbList","@id":"https:\/\/www.toys4vip.com\/fr\/luxury-toy\/mercedes-classe-g-par-paul-bocuse\/344\/#breadcrumb","itemListElement":[{"@type":"ListItem","position":1,"name":"Home","item":"https:\/\/www.toys4vip.com\/fr\/"},{"@type":"ListItem","position":2,"name":"Objets \/ Cat\u00e9gories","item":"https:\/\/www.toys4vip.com\/fr\/luxury-toys\/"},{"@type":"ListItem","position":3,"name":"Mercedes Classe G par Paul Bocuse"}]}]}},"_links":{"self":[{"href":"https:\/\/www.toys4vip.com\/fr\/wp-json\/wp\/v2\/product\/1221"}],"collection":[{"href":"https:\/\/www.toys4vip.com\/fr\/wp-json\/wp\/v2\/product"}],"about":[{"href":"https:\/\/www.toys4vip.com\/fr\/wp-json\/wp\/v2\/types\/product"}],"replies":[{"embeddable":true,"href":"https:\/\/www.toys4vip.com\/fr\/wp-json\/wp\/v2\/comments?post=1221"}],"wp:featuredmedia":[{"embeddable":true,"href":"https:\/\/www.toys4vip.com\/fr\/wp-json\/wp\/v2\/media\/1219"}],"wp:attachment":[{"href":"https:\/\/www.toys4vip.com\/fr\/wp-json\/wp\/v2\/media?parent=1221"}],"wp:term":[{"taxonomy":"product_cat","embeddable":true,"href":"https:\/\/www.toys4vip.com\/fr\/wp-json\/wp\/v2\/product_cat?post=1221"},{"taxonomy":"product_tag","embeddable":true,"href":"https:\/\/www.toys4vip.com\/fr\/wp-json\/wp\/v2\/product_tag?post=1221"}],"curies":[{"name":"wp","href":"https:\/\/api.w.org\/{rel}","templated":true}]}}