{"id":1218,"date":"2021-11-02T10:30:31","date_gmt":"2021-11-02T10:30:31","guid":{"rendered":"https:\/\/toys4vip.com\/produit\/hublot-big-bang-ferrari\/"},"modified":"2021-11-13T10:55:19","modified_gmt":"2021-11-13T10:55:19","slug":"hublot-big-bang-ferrari","status":"publish","type":"product","link":"https:\/\/www.toys4vip.com\/fr\/luxury-toy\/hublot-big-bang-ferrari\/343\/","title":{"rendered":"Hublot Big Bang Ferrari"},"content":{"rendered":"<p>Depuis 2011, l\u2019association d\u2019Hublot et Ferrari nous offre des \u00e9ditions limit\u00e9es exceptionnelles. Cette ann\u00e9e n\u2019\u00e9chappera pas \u00e0 la r\u00e8gle avec la nouvelle Big Bang Ferrari, un mod\u00e8le Big Bang Unico inspir\u00e9 du design LaFerrari.<\/p>\n<p>Ces trois atouts correspondent parfaitement \u00e0 nos deux marques de pointe, et donc naturellement au nouveau mod\u00e8le Big Bang Ferrari. Celui-ci reprend les formes, les couleurs et les \u00e9l\u00e9ments des derni\u00e8res supercars Ferrari, de leur esth\u00e9tique \u00e0 leurs performances.<\/p>\n<p>Visuellement, la Big Bang Ferrari reprend les formes des compte-tours Ferrari avec son compteur de minutes situ\u00e9 \u00e0 3h mais aussi par l\u2019affichage de la date qui nous rappelle tr\u00e8s clairement les s\u00e9lecteurs de vitesse. A 6h, le c\u00e9l\u00e8bre embl\u00e8me Ferrari se r\u00e9v\u00e8le, et \u00e0 9h le compteur de secondes reprend les formes des prises d\u2019air. Pour cette \u00e9dition limit\u00e9e, les aiguilles des heures et des minutes ont subi un total relooking et se font plus lisibles, tout comme les chiffres qui n\u2019apparaissent plus horizontalement. Effet 3D garanti !<\/p>\n<p>Les formes LaFerrari se retrouvent \u00e9galement au travers du boitier de la Big Bang Ferrari aux lignes effil\u00e9es et fonctionnelles, presque a\u00e9rodynamiques. La lunette affiche de nouveaux contours et d\u00e9coupe, comme pour le volant des v\u00e9hicules de la marque italienne.<\/p>\n<p>Enfin sur la couronne de la Big Bang Ferrari on aper\u00e7oit tr\u00e8s nettement la bande rouge pr\u00e9sente sur l\u2019arri\u00e8re de la LaFerrari, difficile de faire hommage plus fid\u00e8le ! La montre poursuit jusque dans ses boutons poussoirs \u00e0 la forme des p\u00e9dales de voiture, mais la marque impose son identit\u00e9 \u00e0 travers le logo Hublot situ\u00e9 sur la couronne. D\u2019autres rappels sont \u00e0 noter comme le prot\u00e8ge-couronne reprenant la forme du TPE pr\u00e9sent sur les tableaux de bord ou encore le profil inverse au m\u00eame design que les v\u00e9hicules Ferrari. 7 lettres qui s\u2019affichent fi\u00e8rement en rouge flamboyant.<\/p>\n<p>La Big Bang Ferrari se veut aussi puissante que les v\u00e9hicules Ferrari notamment gr\u00e2ce \u00e0 son moteur Unico surpuissant permettant une r\u00e9serve de marche d\u2019environ 72h. Il int\u00e8gre un mouvement chronographe FlyBack c\u00f4t\u00e9 cadran dont les masses oscillantes reprennent l\u2019apparence des jantes \u00e9toile Ferrari. Le mouvement se r\u00e9v\u00e8le au travers d\u2019un fond et cadran saphir, le tout mont\u00e9 sur un bracelet en cuir Alcantara, le m\u00eame que Ferrari utilise pour ses habitacles, agr\u00e9ment\u00e9 des m\u00eames surpiq\u00fbres rouges, ou encore en cuir Schedoni noir, comme les si\u00e8ges visuellement parfaits des voitures de sport.<\/p>\n<p>Pour coller \u00e0 son homologue \u00e0 quatre roues, la Big Bang Ferrari se devait d\u2019\u00eatre aussi rare que celui-ci. En effet, vous ne trouverez que 1000 exemplaires en titane, 500 en King Gold, et enfin 500 en carbone.<\/p>\n","protected":false},"excerpt":{"rendered":"<p>Depuis 2011, l\u2019association d\u2019Hublot et Ferrari nous offre des \u00e9ditions limit\u00e9es exceptionnelles. Cette ann\u00e9e n\u2019\u00e9chappera pas \u00e0 la r\u00e8gle avec la nouvelle Big Bang Ferrari, un mod\u00e8le Big Bang Unico inspir\u00e9 du design LaFerrari. Ces trois atouts correspondent parfaitement \u00e0 nos deux marques de pointe, et donc naturellement au nouveau mod\u00e8le Big Bang Ferrari. Celui-ci [&hellip;]<\/p>\n","protected":false},"featured_media":1216,"comment_status":"open","ping_status":"closed","template":"","meta":[],"product_cat":[35],"product_tag":[],"yoast_head":"<!-- This site is optimized with the Yoast SEO plugin v17.4 - https:\/\/yoast.com\/wordpress\/plugins\/seo\/ -->\n<title>Hublot Big Bang Ferrari - Toys4Vip<\/title>\n<meta name=\"description\" content=\"Depuis 2011, l\u2019association d\u2019Hublot et Ferrari nous offre des \u00e9ditions limit\u00e9es exceptionnelles. Cette ann\u00e9e n\u2019\u00e9chappera pas \u00e0 la r\u00e8gle avec la nouvelle Big Bang Ferrari, un mod\u00e8le Big Bang Unico inspir\u00e9 du design LaFerrari.Ces trois atouts correspondent parfaitement \u00e0 nos deux marques de pointe, et donc naturellement au nouveau mod\u00e8le Big Bang Ferrari. Celui-ci reprend les formes, les couleurs et les \u00e9l\u00e9ments des derni\u00e8res supercars Ferrari, de leur esth\u00e9tique \u00e0 leurs performances.\" \/>\n<meta name=\"robots\" content=\"index, follow, max-snippet:-1, max-image-preview:large, max-video-preview:-1\" \/>\n<link rel=\"canonical\" href=\"https:\/\/www.toys4vip.com\/fr\/luxury-toy\/hublot-big-bang-ferrari\/343\/\" \/>\n<meta property=\"og:locale\" content=\"fr_FR\" \/>\n<meta property=\"og:type\" content=\"article\" \/>\n<meta property=\"og:title\" content=\"Hublot Big Bang Ferrari - Toys4Vip\" \/>\n<meta property=\"og:description\" content=\"Depuis 2011, l\u2019association d\u2019Hublot et Ferrari nous offre des \u00e9ditions limit\u00e9es exceptionnelles. Cette ann\u00e9e n\u2019\u00e9chappera pas \u00e0 la r\u00e8gle avec la nouvelle Big Bang Ferrari, un mod\u00e8le Big Bang Unico inspir\u00e9 du design LaFerrari.Ces trois atouts correspondent parfaitement \u00e0 nos deux marques de pointe, et donc naturellement au nouveau mod\u00e8le Big Bang Ferrari. Celui-ci reprend les formes, les couleurs et les \u00e9l\u00e9ments des derni\u00e8res supercars Ferrari, de leur esth\u00e9tique \u00e0 leurs performances.\" \/>\n<meta property=\"og:url\" content=\"https:\/\/www.toys4vip.com\/fr\/luxury-toy\/hublot-big-bang-ferrari\/343\/\" \/>\n<meta property=\"og:site_name\" content=\"Toys4Vip\" \/>\n<meta property=\"article:modified_time\" content=\"2021-11-13T10:55:19+00:00\" \/>\n<meta property=\"og:image\" content=\"https:\/\/www.toys4vip.com\/app\/uploads\/2021\/11\/main-258.jpg\" \/>\n\t<meta property=\"og:image:width\" content=\"1300\" \/>\n\t<meta property=\"og:image:height\" content=\"976\" \/>\n<meta name=\"twitter:card\" content=\"summary_large_image\" \/>\n<meta name=\"twitter:label1\" content=\"Dur\u00e9e de lecture est.\" \/>\n\t<meta name=\"twitter:data1\" content=\"2 minutes\" \/>\n<script type=\"application\/ld+json\" class=\"yoast-schema-graph\">{\"@context\":\"https:\/\/schema.org\",\"@graph\":[{\"@type\":\"WebSite\",\"@id\":\"https:\/\/www.toys4vip.com\/fr\/#website\",\"url\":\"https:\/\/www.toys4vip.com\/fr\/\",\"name\":\"Toys4Vip\",\"description\":\"Jouets de luxe nouveau concept store\",\"potentialAction\":[{\"@type\":\"SearchAction\",\"target\":{\"@type\":\"EntryPoint\",\"urlTemplate\":\"https:\/\/www.toys4vip.com\/fr\/?s={search_term_string}\"},\"query-input\":\"required name=search_term_string\"}],\"inLanguage\":\"fr-FR\"},{\"@type\":\"ImageObject\",\"@id\":\"https:\/\/www.toys4vip.com\/fr\/luxury-toy\/hublot-big-bang-ferrari\/343\/#primaryimage\",\"inLanguage\":\"fr-FR\",\"url\":\"https:\/\/www.toys4vip.com\/app\/uploads\/2021\/11\/main-258.jpg\",\"contentUrl\":\"https:\/\/www.toys4vip.com\/app\/uploads\/2021\/11\/main-258.jpg\",\"width\":1300,\"height\":976},{\"@type\":\"WebPage\",\"@id\":\"https:\/\/www.toys4vip.com\/fr\/luxury-toy\/hublot-big-bang-ferrari\/343\/#webpage\",\"url\":\"https:\/\/www.toys4vip.com\/fr\/luxury-toy\/hublot-big-bang-ferrari\/343\/\",\"name\":\"Hublot Big Bang Ferrari - Toys4Vip\",\"isPartOf\":{\"@id\":\"https:\/\/www.toys4vip.com\/fr\/#website\"},\"primaryImageOfPage\":{\"@id\":\"https:\/\/www.toys4vip.com\/fr\/luxury-toy\/hublot-big-bang-ferrari\/343\/#primaryimage\"},\"datePublished\":\"2021-11-02T10:30:31+00:00\",\"dateModified\":\"2021-11-13T10:55:19+00:00\",\"description\":\"Depuis 2011, l\\u2019association d\\u2019Hublot et Ferrari nous offre des \\u00e9ditions limit\\u00e9es exceptionnelles. Cette ann\\u00e9e n\\u2019\\u00e9chappera pas \\u00e0 la r\\u00e8gle avec la nouvelle Big Bang Ferrari, un mod\\u00e8le Big Bang Unico inspir\\u00e9 du design LaFerrari.Ces trois atouts correspondent parfaitement \\u00e0 nos deux marques de pointe, et donc naturellement au nouveau mod\\u00e8le Big Bang Ferrari. Celui-ci reprend les formes, les couleurs et les \\u00e9l\\u00e9ments des derni\\u00e8res supercars Ferrari, de leur esth\\u00e9tique \\u00e0 leurs performances.\",\"breadcrumb\":{\"@id\":\"https:\/\/www.toys4vip.com\/fr\/luxury-toy\/hublot-big-bang-ferrari\/343\/#breadcrumb\"},\"inLanguage\":\"fr-FR\",\"potentialAction\":[{\"@type\":\"ReadAction\",\"target\":[\"https:\/\/www.toys4vip.com\/fr\/luxury-toy\/hublot-big-bang-ferrari\/343\/\"]}]},{\"@type\":\"BreadcrumbList\",\"@id\":\"https:\/\/www.toys4vip.com\/fr\/luxury-toy\/hublot-big-bang-ferrari\/343\/#breadcrumb\",\"itemListElement\":[{\"@type\":\"ListItem\",\"position\":1,\"name\":\"Home\",\"item\":\"https:\/\/www.toys4vip.com\/fr\/\"},{\"@type\":\"ListItem\",\"position\":2,\"name\":\"Objets \/ Cat\\u00e9gories\",\"item\":\"https:\/\/www.toys4vip.com\/fr\/luxury-toys\/\"},{\"@type\":\"ListItem\",\"position\":3,\"name\":\"Hublot Big Bang Ferrari\"}]}]}<\/script>\n<!-- \/ Yoast SEO plugin. -->","yoast_head_json":{"title":"Hublot Big Bang Ferrari - Toys4Vip","description":"Depuis 2011, l\u2019association d\u2019Hublot et Ferrari nous offre des \u00e9ditions limit\u00e9es exceptionnelles. Cette ann\u00e9e n\u2019\u00e9chappera pas \u00e0 la r\u00e8gle avec la nouvelle Big Bang Ferrari, un mod\u00e8le Big Bang Unico inspir\u00e9 du design LaFerrari.Ces trois atouts correspondent parfaitement \u00e0 nos deux marques de pointe, et donc naturellement au nouveau mod\u00e8le Big Bang Ferrari. Celui-ci reprend les formes, les couleurs et les \u00e9l\u00e9ments des derni\u00e8res supercars Ferrari, de leur esth\u00e9tique \u00e0 leurs performances.","robots":{"index":"index","follow":"follow","max-snippet":"max-snippet:-1","max-image-preview":"max-image-preview:large","max-video-preview":"max-video-preview:-1"},"canonical":"https:\/\/www.toys4vip.com\/fr\/luxury-toy\/hublot-big-bang-ferrari\/343\/","og_locale":"fr_FR","og_type":"article","og_title":"Hublot Big Bang Ferrari - Toys4Vip","og_description":"Depuis 2011, l\u2019association d\u2019Hublot et Ferrari nous offre des \u00e9ditions limit\u00e9es exceptionnelles. Cette ann\u00e9e n\u2019\u00e9chappera pas \u00e0 la r\u00e8gle avec la nouvelle Big Bang Ferrari, un mod\u00e8le Big Bang Unico inspir\u00e9 du design LaFerrari.Ces trois atouts correspondent parfaitement \u00e0 nos deux marques de pointe, et donc naturellement au nouveau mod\u00e8le Big Bang Ferrari. Celui-ci reprend les formes, les couleurs et les \u00e9l\u00e9ments des derni\u00e8res supercars Ferrari, de leur esth\u00e9tique \u00e0 leurs performances.","og_url":"https:\/\/www.toys4vip.com\/fr\/luxury-toy\/hublot-big-bang-ferrari\/343\/","og_site_name":"Toys4Vip","article_modified_time":"2021-11-13T10:55:19+00:00","og_image":[{"width":1300,"height":976,"url":"https:\/\/www.toys4vip.com\/app\/uploads\/2021\/11\/main-258.jpg","type":"image\/jpeg"}],"twitter_card":"summary_large_image","twitter_misc":{"Dur\u00e9e de lecture est.":"2 minutes"},"schema":{"@context":"https:\/\/schema.org","@graph":[{"@type":"WebSite","@id":"https:\/\/www.toys4vip.com\/fr\/#website","url":"https:\/\/www.toys4vip.com\/fr\/","name":"Toys4Vip","description":"Jouets de luxe nouveau concept store","potentialAction":[{"@type":"SearchAction","target":{"@type":"EntryPoint","urlTemplate":"https:\/\/www.toys4vip.com\/fr\/?s={search_term_string}"},"query-input":"required name=search_term_string"}],"inLanguage":"fr-FR"},{"@type":"ImageObject","@id":"https:\/\/www.toys4vip.com\/fr\/luxury-toy\/hublot-big-bang-ferrari\/343\/#primaryimage","inLanguage":"fr-FR","url":"https:\/\/www.toys4vip.com\/app\/uploads\/2021\/11\/main-258.jpg","contentUrl":"https:\/\/www.toys4vip.com\/app\/uploads\/2021\/11\/main-258.jpg","width":1300,"height":976},{"@type":"WebPage","@id":"https:\/\/www.toys4vip.com\/fr\/luxury-toy\/hublot-big-bang-ferrari\/343\/#webpage","url":"https:\/\/www.toys4vip.com\/fr\/luxury-toy\/hublot-big-bang-ferrari\/343\/","name":"Hublot Big Bang Ferrari - Toys4Vip","isPartOf":{"@id":"https:\/\/www.toys4vip.com\/fr\/#website"},"primaryImageOfPage":{"@id":"https:\/\/www.toys4vip.com\/fr\/luxury-toy\/hublot-big-bang-ferrari\/343\/#primaryimage"},"datePublished":"2021-11-02T10:30:31+00:00","dateModified":"2021-11-13T10:55:19+00:00","description":"Depuis 2011, l\u2019association d\u2019Hublot et Ferrari nous offre des \u00e9ditions limit\u00e9es exceptionnelles. Cette ann\u00e9e n\u2019\u00e9chappera pas \u00e0 la r\u00e8gle avec la nouvelle Big Bang Ferrari, un mod\u00e8le Big Bang Unico inspir\u00e9 du design LaFerrari.Ces trois atouts correspondent parfaitement \u00e0 nos deux marques de pointe, et donc naturellement au nouveau mod\u00e8le Big Bang Ferrari. Celui-ci reprend les formes, les couleurs et les \u00e9l\u00e9ments des derni\u00e8res supercars Ferrari, de leur esth\u00e9tique \u00e0 leurs performances.","breadcrumb":{"@id":"https:\/\/www.toys4vip.com\/fr\/luxury-toy\/hublot-big-bang-ferrari\/343\/#breadcrumb"},"inLanguage":"fr-FR","potentialAction":[{"@type":"ReadAction","target":["https:\/\/www.toys4vip.com\/fr\/luxury-toy\/hublot-big-bang-ferrari\/343\/"]}]},{"@type":"BreadcrumbList","@id":"https:\/\/www.toys4vip.com\/fr\/luxury-toy\/hublot-big-bang-ferrari\/343\/#breadcrumb","itemListElement":[{"@type":"ListItem","position":1,"name":"Home","item":"https:\/\/www.toys4vip.com\/fr\/"},{"@type":"ListItem","position":2,"name":"Objets \/ Cat\u00e9gories","item":"https:\/\/www.toys4vip.com\/fr\/luxury-toys\/"},{"@type":"ListItem","position":3,"name":"Hublot Big Bang Ferrari"}]}]}},"_links":{"self":[{"href":"https:\/\/www.toys4vip.com\/fr\/wp-json\/wp\/v2\/product\/1218"}],"collection":[{"href":"https:\/\/www.toys4vip.com\/fr\/wp-json\/wp\/v2\/product"}],"about":[{"href":"https:\/\/www.toys4vip.com\/fr\/wp-json\/wp\/v2\/types\/product"}],"replies":[{"embeddable":true,"href":"https:\/\/www.toys4vip.com\/fr\/wp-json\/wp\/v2\/comments?post=1218"}],"wp:featuredmedia":[{"embeddable":true,"href":"https:\/\/www.toys4vip.com\/fr\/wp-json\/wp\/v2\/media\/1216"}],"wp:attachment":[{"href":"https:\/\/www.toys4vip.com\/fr\/wp-json\/wp\/v2\/media?parent=1218"}],"wp:term":[{"taxonomy":"product_cat","embeddable":true,"href":"https:\/\/www.toys4vip.com\/fr\/wp-json\/wp\/v2\/product_cat?post=1218"},{"taxonomy":"product_tag","embeddable":true,"href":"https:\/\/www.toys4vip.com\/fr\/wp-json\/wp\/v2\/product_tag?post=1218"}],"curies":[{"name":"wp","href":"https:\/\/api.w.org\/{rel}","templated":true}]}}