{"id":1209,"date":"2021-11-02T10:30:29","date_gmt":"2021-11-02T10:30:29","guid":{"rendered":"https:\/\/toys4vip.com\/produit\/sex-toy-lelo\/"},"modified":"2021-11-05T11:45:11","modified_gmt":"2021-11-05T11:45:11","slug":"sex-toy-lelo","status":"publish","type":"product","link":"https:\/\/www.toys4vip.com\/fr\/luxury-toy\/sex-toy-lelo\/340\/","title":{"rendered":"Sex Toy LELO"},"content":{"rendered":"<p>D\u00e9fini par la d\u00e9cadence et l&rsquo;\u00e9l\u00e9gance, INEZ \u2122 est disponible en acier inoxydable ou plat en or 24 carats somptueux. C&rsquo;est parfait pour ceux qui comprennent que vous ne pouvez pas mettre un prix sur le plaisir.<\/p>\n<p>Il ya un rituel sexy et sensuel \u00e0 l&rsquo;ouverture d&rsquo;une bo\u00eete LELO: c&rsquo;est une c\u00e9l\u00e9bration du plaisir, l&rsquo;expression ultime de l&rsquo;indulgence et l&rsquo;excitation. Partagez-le sagement, souvent, et avec soin.<\/p>\n<p>\u00ab\u00a0LELO, un pionnier dans le design \u00e9l\u00e9gant sex-toy.\u00a0\u00bb<\/p>\n","protected":false},"excerpt":{"rendered":"<p>D\u00e9fini par la d\u00e9cadence et l&rsquo;\u00e9l\u00e9gance, INEZ \u2122 est disponible en acier inoxydable ou plat en or 24 carats somptueux. C&rsquo;est parfait pour ceux qui comprennent que vous ne pouvez pas mettre un prix sur le plaisir. Il ya un rituel sexy et sensuel \u00e0 l&rsquo;ouverture d&rsquo;une bo\u00eete LELO: c&rsquo;est une c\u00e9l\u00e9bration du plaisir, l&rsquo;expression [&hellip;]<\/p>\n","protected":false},"featured_media":1207,"comment_status":"open","ping_status":"closed","template":"","meta":[],"product_cat":[33],"product_tag":[],"yoast_head":"<!-- This site is optimized with the Yoast SEO plugin v17.4 - https:\/\/yoast.com\/wordpress\/plugins\/seo\/ -->\n<title>Sex Toy LELO - Toys4Vip<\/title>\n<meta name=\"description\" content=\"D\u00e9fini par la d\u00e9cadence et l&#039;\u00e9l\u00e9gance, INEZ \u2122 est disponible en acier inoxydable ou plat en or 24 carats somptueux. C&#039;est parfait pour ceux qui comprennent que vous ne pouvez pas mettre un prix sur le plaisir.Il ya un rituel sexy et sensuel \u00e0 l&#039;ouverture d&#039;une bo\u00eete LELO: c&#039;est une c\u00e9l\u00e9bration du plaisir, l&#039;expression ultime de l&#039;indulgence et l&#039;excitation. Partagez-le sagement, souvent, et avec soin.&quot;LELO, un pionnier dans le design \u00e9l\u00e9gant sex-toy.&quot;\" \/>\n<meta name=\"robots\" content=\"index, follow, max-snippet:-1, max-image-preview:large, max-video-preview:-1\" \/>\n<link rel=\"canonical\" href=\"https:\/\/www.toys4vip.com\/fr\/luxury-toy\/sex-toy-lelo\/340\/\" \/>\n<meta property=\"og:locale\" content=\"fr_FR\" \/>\n<meta property=\"og:type\" content=\"article\" \/>\n<meta property=\"og:title\" content=\"Sex Toy LELO - Toys4Vip\" \/>\n<meta property=\"og:description\" content=\"D\u00e9fini par la d\u00e9cadence et l&#039;\u00e9l\u00e9gance, INEZ \u2122 est disponible en acier inoxydable ou plat en or 24 carats somptueux. C&#039;est parfait pour ceux qui comprennent que vous ne pouvez pas mettre un prix sur le plaisir.Il ya un rituel sexy et sensuel \u00e0 l&#039;ouverture d&#039;une bo\u00eete LELO: c&#039;est une c\u00e9l\u00e9bration du plaisir, l&#039;expression ultime de l&#039;indulgence et l&#039;excitation. Partagez-le sagement, souvent, et avec soin.&quot;LELO, un pionnier dans le design \u00e9l\u00e9gant sex-toy.&quot;\" \/>\n<meta property=\"og:url\" content=\"https:\/\/www.toys4vip.com\/fr\/luxury-toy\/sex-toy-lelo\/340\/\" \/>\n<meta property=\"og:site_name\" content=\"Toys4Vip\" \/>\n<meta property=\"article:modified_time\" content=\"2021-11-05T11:45:11+00:00\" \/>\n<meta property=\"og:image\" content=\"https:\/\/www.toys4vip.com\/app\/uploads\/2021\/11\/main-255.jpg\" \/>\n\t<meta property=\"og:image:width\" content=\"480\" \/>\n\t<meta property=\"og:image:height\" content=\"480\" \/>\n<meta name=\"twitter:card\" content=\"summary_large_image\" \/>\n<script type=\"application\/ld+json\" class=\"yoast-schema-graph\">{\"@context\":\"https:\/\/schema.org\",\"@graph\":[{\"@type\":\"WebSite\",\"@id\":\"https:\/\/www.toys4vip.com\/fr\/#website\",\"url\":\"https:\/\/www.toys4vip.com\/fr\/\",\"name\":\"Toys4Vip\",\"description\":\"Jouets de luxe nouveau concept store\",\"potentialAction\":[{\"@type\":\"SearchAction\",\"target\":{\"@type\":\"EntryPoint\",\"urlTemplate\":\"https:\/\/www.toys4vip.com\/fr\/?s={search_term_string}\"},\"query-input\":\"required name=search_term_string\"}],\"inLanguage\":\"fr-FR\"},{\"@type\":\"ImageObject\",\"@id\":\"https:\/\/www.toys4vip.com\/fr\/luxury-toy\/sex-toy-lelo\/340\/#primaryimage\",\"inLanguage\":\"fr-FR\",\"url\":\"https:\/\/www.toys4vip.com\/app\/uploads\/2021\/11\/main-255.jpg\",\"contentUrl\":\"https:\/\/www.toys4vip.com\/app\/uploads\/2021\/11\/main-255.jpg\",\"width\":480,\"height\":480},{\"@type\":\"WebPage\",\"@id\":\"https:\/\/www.toys4vip.com\/fr\/luxury-toy\/sex-toy-lelo\/340\/#webpage\",\"url\":\"https:\/\/www.toys4vip.com\/fr\/luxury-toy\/sex-toy-lelo\/340\/\",\"name\":\"Sex Toy LELO - Toys4Vip\",\"isPartOf\":{\"@id\":\"https:\/\/www.toys4vip.com\/fr\/#website\"},\"primaryImageOfPage\":{\"@id\":\"https:\/\/www.toys4vip.com\/fr\/luxury-toy\/sex-toy-lelo\/340\/#primaryimage\"},\"datePublished\":\"2021-11-02T10:30:29+00:00\",\"dateModified\":\"2021-11-05T11:45:11+00:00\",\"description\":\"D\\u00e9fini par la d\\u00e9cadence et l'\\u00e9l\\u00e9gance, INEZ \\u2122 est disponible en acier inoxydable ou plat en or 24 carats somptueux. C'est parfait pour ceux qui comprennent que vous ne pouvez pas mettre un prix sur le plaisir.Il ya un rituel sexy et sensuel \\u00e0 l'ouverture d'une bo\\u00eete LELO: c'est une c\\u00e9l\\u00e9bration du plaisir, l'expression ultime de l'indulgence et l'excitation. Partagez-le sagement, souvent, et avec soin.\\\"LELO, un pionnier dans le design \\u00e9l\\u00e9gant sex-toy.\\\"\",\"breadcrumb\":{\"@id\":\"https:\/\/www.toys4vip.com\/fr\/luxury-toy\/sex-toy-lelo\/340\/#breadcrumb\"},\"inLanguage\":\"fr-FR\",\"potentialAction\":[{\"@type\":\"ReadAction\",\"target\":[\"https:\/\/www.toys4vip.com\/fr\/luxury-toy\/sex-toy-lelo\/340\/\"]}]},{\"@type\":\"BreadcrumbList\",\"@id\":\"https:\/\/www.toys4vip.com\/fr\/luxury-toy\/sex-toy-lelo\/340\/#breadcrumb\",\"itemListElement\":[{\"@type\":\"ListItem\",\"position\":1,\"name\":\"Home\",\"item\":\"https:\/\/www.toys4vip.com\/fr\/\"},{\"@type\":\"ListItem\",\"position\":2,\"name\":\"Objets \/ Cat\\u00e9gories\",\"item\":\"https:\/\/www.toys4vip.com\/fr\/luxury-toys\/\"},{\"@type\":\"ListItem\",\"position\":3,\"name\":\"Sex Toy LELO\"}]}]}<\/script>\n<!-- \/ Yoast SEO plugin. -->","yoast_head_json":{"title":"Sex Toy LELO - Toys4Vip","description":"D\u00e9fini par la d\u00e9cadence et l'\u00e9l\u00e9gance, INEZ \u2122 est disponible en acier inoxydable ou plat en or 24 carats somptueux. C'est parfait pour ceux qui comprennent que vous ne pouvez pas mettre un prix sur le plaisir.Il ya un rituel sexy et sensuel \u00e0 l'ouverture d'une bo\u00eete LELO: c'est une c\u00e9l\u00e9bration du plaisir, l'expression ultime de l'indulgence et l'excitation. Partagez-le sagement, souvent, et avec soin.\"LELO, un pionnier dans le design \u00e9l\u00e9gant sex-toy.\"","robots":{"index":"index","follow":"follow","max-snippet":"max-snippet:-1","max-image-preview":"max-image-preview:large","max-video-preview":"max-video-preview:-1"},"canonical":"https:\/\/www.toys4vip.com\/fr\/luxury-toy\/sex-toy-lelo\/340\/","og_locale":"fr_FR","og_type":"article","og_title":"Sex Toy LELO - Toys4Vip","og_description":"D\u00e9fini par la d\u00e9cadence et l'\u00e9l\u00e9gance, INEZ \u2122 est disponible en acier inoxydable ou plat en or 24 carats somptueux. C'est parfait pour ceux qui comprennent que vous ne pouvez pas mettre un prix sur le plaisir.Il ya un rituel sexy et sensuel \u00e0 l'ouverture d'une bo\u00eete LELO: c'est une c\u00e9l\u00e9bration du plaisir, l'expression ultime de l'indulgence et l'excitation. Partagez-le sagement, souvent, et avec soin.\"LELO, un pionnier dans le design \u00e9l\u00e9gant sex-toy.\"","og_url":"https:\/\/www.toys4vip.com\/fr\/luxury-toy\/sex-toy-lelo\/340\/","og_site_name":"Toys4Vip","article_modified_time":"2021-11-05T11:45:11+00:00","og_image":[{"width":480,"height":480,"url":"https:\/\/www.toys4vip.com\/app\/uploads\/2021\/11\/main-255.jpg","type":"image\/jpeg"}],"twitter_card":"summary_large_image","schema":{"@context":"https:\/\/schema.org","@graph":[{"@type":"WebSite","@id":"https:\/\/www.toys4vip.com\/fr\/#website","url":"https:\/\/www.toys4vip.com\/fr\/","name":"Toys4Vip","description":"Jouets de luxe nouveau concept store","potentialAction":[{"@type":"SearchAction","target":{"@type":"EntryPoint","urlTemplate":"https:\/\/www.toys4vip.com\/fr\/?s={search_term_string}"},"query-input":"required name=search_term_string"}],"inLanguage":"fr-FR"},{"@type":"ImageObject","@id":"https:\/\/www.toys4vip.com\/fr\/luxury-toy\/sex-toy-lelo\/340\/#primaryimage","inLanguage":"fr-FR","url":"https:\/\/www.toys4vip.com\/app\/uploads\/2021\/11\/main-255.jpg","contentUrl":"https:\/\/www.toys4vip.com\/app\/uploads\/2021\/11\/main-255.jpg","width":480,"height":480},{"@type":"WebPage","@id":"https:\/\/www.toys4vip.com\/fr\/luxury-toy\/sex-toy-lelo\/340\/#webpage","url":"https:\/\/www.toys4vip.com\/fr\/luxury-toy\/sex-toy-lelo\/340\/","name":"Sex Toy LELO - Toys4Vip","isPartOf":{"@id":"https:\/\/www.toys4vip.com\/fr\/#website"},"primaryImageOfPage":{"@id":"https:\/\/www.toys4vip.com\/fr\/luxury-toy\/sex-toy-lelo\/340\/#primaryimage"},"datePublished":"2021-11-02T10:30:29+00:00","dateModified":"2021-11-05T11:45:11+00:00","description":"D\u00e9fini par la d\u00e9cadence et l'\u00e9l\u00e9gance, INEZ \u2122 est disponible en acier inoxydable ou plat en or 24 carats somptueux. C'est parfait pour ceux qui comprennent que vous ne pouvez pas mettre un prix sur le plaisir.Il ya un rituel sexy et sensuel \u00e0 l'ouverture d'une bo\u00eete LELO: c'est une c\u00e9l\u00e9bration du plaisir, l'expression ultime de l'indulgence et l'excitation. Partagez-le sagement, souvent, et avec soin.\"LELO, un pionnier dans le design \u00e9l\u00e9gant sex-toy.\"","breadcrumb":{"@id":"https:\/\/www.toys4vip.com\/fr\/luxury-toy\/sex-toy-lelo\/340\/#breadcrumb"},"inLanguage":"fr-FR","potentialAction":[{"@type":"ReadAction","target":["https:\/\/www.toys4vip.com\/fr\/luxury-toy\/sex-toy-lelo\/340\/"]}]},{"@type":"BreadcrumbList","@id":"https:\/\/www.toys4vip.com\/fr\/luxury-toy\/sex-toy-lelo\/340\/#breadcrumb","itemListElement":[{"@type":"ListItem","position":1,"name":"Home","item":"https:\/\/www.toys4vip.com\/fr\/"},{"@type":"ListItem","position":2,"name":"Objets \/ Cat\u00e9gories","item":"https:\/\/www.toys4vip.com\/fr\/luxury-toys\/"},{"@type":"ListItem","position":3,"name":"Sex Toy LELO"}]}]}},"_links":{"self":[{"href":"https:\/\/www.toys4vip.com\/fr\/wp-json\/wp\/v2\/product\/1209"}],"collection":[{"href":"https:\/\/www.toys4vip.com\/fr\/wp-json\/wp\/v2\/product"}],"about":[{"href":"https:\/\/www.toys4vip.com\/fr\/wp-json\/wp\/v2\/types\/product"}],"replies":[{"embeddable":true,"href":"https:\/\/www.toys4vip.com\/fr\/wp-json\/wp\/v2\/comments?post=1209"}],"wp:featuredmedia":[{"embeddable":true,"href":"https:\/\/www.toys4vip.com\/fr\/wp-json\/wp\/v2\/media\/1207"}],"wp:attachment":[{"href":"https:\/\/www.toys4vip.com\/fr\/wp-json\/wp\/v2\/media?parent=1209"}],"wp:term":[{"taxonomy":"product_cat","embeddable":true,"href":"https:\/\/www.toys4vip.com\/fr\/wp-json\/wp\/v2\/product_cat?post=1209"},{"taxonomy":"product_tag","embeddable":true,"href":"https:\/\/www.toys4vip.com\/fr\/wp-json\/wp\/v2\/product_tag?post=1209"}],"curies":[{"name":"wp","href":"https:\/\/api.w.org\/{rel}","templated":true}]}}