{"id":1203,"date":"2021-11-02T10:30:28","date_gmt":"2021-11-02T10:30:28","guid":{"rendered":"https:\/\/toys4vip.com\/produit\/passport-to-50\/"},"modified":"2021-11-18T19:31:02","modified_gmt":"2021-11-18T18:31:02","slug":"passport-to-50","status":"publish","type":"product","link":"https:\/\/www.toys4vip.com\/fr\/luxury-toy\/passport-to-50\/338\/","title":{"rendered":"Passport to 50"},"content":{"rendered":"<p>La boutique de voyages exp\u00e9rimentale DreamMaker (www.HouseofDreamMaker.com) a con\u00e7u un voyage autour du globe \u00e0 bord d&rsquo;un Boeing 767 priv\u00e9 pour sa client\u00e8le ultra-riche. Passeport to 50 est con\u00e7u comme une c\u00e9l\u00e9bration \u00e9tape par \u00e9tape pour le client milliardaire et jusqu&rsquo;\u00e0 50 amis et la famille qui volent en tandem sur un deuxi\u00e8me Boeing Business Jet. Propos\u00e9e \u00e0 13 875 000 $, l&rsquo;exp\u00e9rience sans pr\u00e9c\u00e9dent de DreamMaker est pr\u00e9vue pour ao\u00fbt 2017, couvrant 20 villes en 20 jours.<\/p>\n<p>Passeport to 50 est le premier de son genre \u00e0 faire le tour du monde et couvrir 50.000 kilom\u00e8tres dans l&rsquo;air. Le voyage comprend un temps \u00e9tonnant de 88% au sol et de 12% dans l&rsquo;air. \u00abDepuis 1988, nous \u00e9tablissons des rep\u00e8res dans l&rsquo;espace de voyage exp\u00e9rientiel dans le monde entier\u00bb, explique Gregory Patrick, fondateur et concepteur d&rsquo;exp\u00e9rience. \u00abEn 2017, nous serons les premiers \u00e0 pr\u00e9senter Experiential Aviation\u2120 comme le sommet de l&rsquo;aviation priv\u00e9e.\u00bb Parmi les faits saillants de l&rsquo;air figurent un tournoi de poker de 500 000 $ avec le meilleur joueur de poker au monde, une session de yoga en vol, un d\u00e9fil\u00e9 de mode et Un ma\u00eetre sommelier.<\/p>\n<p>Partner World of Diamonds Group a \u00e9t\u00e9 charg\u00e9 de cr\u00e9er l&rsquo;\u00e9quipement le plus luxueux du voyage; Un ensemble de b\u00e2tons de swizzle d&rsquo;or de 18 carats a plac\u00e9 avec les diamants blancs et bleus d&rsquo;une valeur totale de $ 1 million. \u00ab\u00a0La commission de DreamMaker d\u00e9montre notre expertise dans la cr\u00e9ation de pi\u00e8ces spectaculaires sur mesure de diamants de fantaisie de couleur\u00a0\u00bb, a d\u00e9clar\u00e9 le directeur Karan Tilani. Dans un monde tournoyant au sommet des 50 b\u00e2tonnets, 20 \u00e9tincelles blanches, chacune repr\u00e9sentant chaque passage de la ville de Passport \u00e0 50. Un diamant bleu rare, une sp\u00e9cialit\u00e9 du conglom\u00e9rat minier diamant, \u00e9voque le ciel bleu parcouru lors de ce voyage.<\/p>\n<p>Passeport to 50 commence \u00e0 Koh Samui et continue \u00e0 travers Siem Reap, Katmandou, Agra, Florence, Sienne, Cannes, Moulinet, Londres, Barcelone, Ibiza, Marbella, Marrakech, La Havane, Knoxville, Kona, El Nido, une \u00eele secr\u00e8te avant de conclure \u00c0 Manille. Le voyage est actuellement propos\u00e9 \u00e0 13 875 000 $ pour un groupe de jusqu&rsquo;\u00e0 50 personnes en ao\u00fbt de 2017.<\/p>\n","protected":false},"excerpt":{"rendered":"<p>La boutique de voyages exp\u00e9rimentale DreamMaker (www.HouseofDreamMaker.com) a con\u00e7u un voyage autour du globe \u00e0 bord d&rsquo;un Boeing 767 priv\u00e9 pour sa client\u00e8le ultra-riche. Passeport to 50 est con\u00e7u comme une c\u00e9l\u00e9bration \u00e9tape par \u00e9tape pour le client milliardaire et jusqu&rsquo;\u00e0 50 amis et la famille qui volent en tandem sur un deuxi\u00e8me Boeing Business [&hellip;]<\/p>\n","protected":false},"featured_media":1201,"comment_status":"open","ping_status":"closed","template":"","meta":[],"product_cat":[31],"product_tag":[],"yoast_head":"<!-- This site is optimized with the Yoast SEO plugin v17.4 - https:\/\/yoast.com\/wordpress\/plugins\/seo\/ -->\n<title>Passport to 50 - Toys4Vip<\/title>\n<meta name=\"description\" content=\"La boutique de voyages exp\u00e9rimentale DreamMaker (www.HouseofDreamMaker.com) a con\u00e7u un voyage autour du globe \u00e0 bord d&#039;un Boeing 767 priv\u00e9 pour sa client\u00e8le ultra-riche. Passeport to 50 est con\u00e7u comme une c\u00e9l\u00e9bration \u00e9tape par \u00e9tape pour le client milliardaire et jusqu&#039;\u00e0 50 amis et la famille qui volent en tandem sur un deuxi\u00e8me Boeing Business Jet. Propos\u00e9e \u00e0 13 875 000 $, l&#039;exp\u00e9rience sans pr\u00e9c\u00e9dent de DreamMaker est pr\u00e9vue pour ao\u00fbt 2017, couvrant 20 villes en 20 jours.\" \/>\n<meta name=\"robots\" content=\"index, follow, max-snippet:-1, max-image-preview:large, max-video-preview:-1\" \/>\n<link rel=\"canonical\" href=\"https:\/\/www.toys4vip.com\/fr\/luxury-toy\/passport-to-50\/338\/\" \/>\n<meta property=\"og:locale\" content=\"fr_FR\" \/>\n<meta property=\"og:type\" content=\"article\" \/>\n<meta property=\"og:title\" content=\"Passport to 50 - Toys4Vip\" \/>\n<meta property=\"og:description\" content=\"La boutique de voyages exp\u00e9rimentale DreamMaker (www.HouseofDreamMaker.com) a con\u00e7u un voyage autour du globe \u00e0 bord d&#039;un Boeing 767 priv\u00e9 pour sa client\u00e8le ultra-riche. Passeport to 50 est con\u00e7u comme une c\u00e9l\u00e9bration \u00e9tape par \u00e9tape pour le client milliardaire et jusqu&#039;\u00e0 50 amis et la famille qui volent en tandem sur un deuxi\u00e8me Boeing Business Jet. Propos\u00e9e \u00e0 13 875 000 $, l&#039;exp\u00e9rience sans pr\u00e9c\u00e9dent de DreamMaker est pr\u00e9vue pour ao\u00fbt 2017, couvrant 20 villes en 20 jours.\" \/>\n<meta property=\"og:url\" content=\"https:\/\/www.toys4vip.com\/fr\/luxury-toy\/passport-to-50\/338\/\" \/>\n<meta property=\"og:site_name\" content=\"Toys4Vip\" \/>\n<meta property=\"article:modified_time\" content=\"2021-11-18T18:31:02+00:00\" \/>\n<meta property=\"og:image\" content=\"https:\/\/www.toys4vip.com\/app\/uploads\/2021\/11\/main-253.jpg\" \/>\n\t<meta property=\"og:image:width\" content=\"2047\" \/>\n\t<meta property=\"og:image:height\" content=\"1199\" \/>\n<meta name=\"twitter:card\" content=\"summary_large_image\" \/>\n<meta name=\"twitter:label1\" content=\"Dur\u00e9e de lecture est.\" \/>\n\t<meta name=\"twitter:data1\" content=\"2 minutes\" \/>\n<script type=\"application\/ld+json\" class=\"yoast-schema-graph\">{\"@context\":\"https:\/\/schema.org\",\"@graph\":[{\"@type\":\"WebSite\",\"@id\":\"https:\/\/www.toys4vip.com\/fr\/#website\",\"url\":\"https:\/\/www.toys4vip.com\/fr\/\",\"name\":\"Toys4Vip\",\"description\":\"Jouets de luxe nouveau concept store\",\"potentialAction\":[{\"@type\":\"SearchAction\",\"target\":{\"@type\":\"EntryPoint\",\"urlTemplate\":\"https:\/\/www.toys4vip.com\/fr\/?s={search_term_string}\"},\"query-input\":\"required name=search_term_string\"}],\"inLanguage\":\"fr-FR\"},{\"@type\":\"ImageObject\",\"@id\":\"https:\/\/www.toys4vip.com\/fr\/luxury-toy\/passport-to-50\/338\/#primaryimage\",\"inLanguage\":\"fr-FR\",\"url\":\"https:\/\/www.toys4vip.com\/app\/uploads\/2021\/11\/main-253.jpg\",\"contentUrl\":\"https:\/\/www.toys4vip.com\/app\/uploads\/2021\/11\/main-253.jpg\",\"width\":2047,\"height\":1199},{\"@type\":\"WebPage\",\"@id\":\"https:\/\/www.toys4vip.com\/fr\/luxury-toy\/passport-to-50\/338\/#webpage\",\"url\":\"https:\/\/www.toys4vip.com\/fr\/luxury-toy\/passport-to-50\/338\/\",\"name\":\"Passport to 50 - Toys4Vip\",\"isPartOf\":{\"@id\":\"https:\/\/www.toys4vip.com\/fr\/#website\"},\"primaryImageOfPage\":{\"@id\":\"https:\/\/www.toys4vip.com\/fr\/luxury-toy\/passport-to-50\/338\/#primaryimage\"},\"datePublished\":\"2021-11-02T10:30:28+00:00\",\"dateModified\":\"2021-11-18T18:31:02+00:00\",\"description\":\"La boutique de voyages exp\\u00e9rimentale DreamMaker (www.HouseofDreamMaker.com) a con\\u00e7u un voyage autour du globe \\u00e0 bord d'un Boeing 767 priv\\u00e9 pour sa client\\u00e8le ultra-riche. Passeport to 50 est con\\u00e7u comme une c\\u00e9l\\u00e9bration \\u00e9tape par \\u00e9tape pour le client milliardaire et jusqu'\\u00e0 50 amis et la famille qui volent en tandem sur un deuxi\\u00e8me Boeing Business Jet. Propos\\u00e9e \\u00e0 13 875 000 $, l'exp\\u00e9rience sans pr\\u00e9c\\u00e9dent de DreamMaker est pr\\u00e9vue pour ao\\u00fbt 2017, couvrant 20 villes en 20 jours.\",\"breadcrumb\":{\"@id\":\"https:\/\/www.toys4vip.com\/fr\/luxury-toy\/passport-to-50\/338\/#breadcrumb\"},\"inLanguage\":\"fr-FR\",\"potentialAction\":[{\"@type\":\"ReadAction\",\"target\":[\"https:\/\/www.toys4vip.com\/fr\/luxury-toy\/passport-to-50\/338\/\"]}]},{\"@type\":\"BreadcrumbList\",\"@id\":\"https:\/\/www.toys4vip.com\/fr\/luxury-toy\/passport-to-50\/338\/#breadcrumb\",\"itemListElement\":[{\"@type\":\"ListItem\",\"position\":1,\"name\":\"Home\",\"item\":\"https:\/\/www.toys4vip.com\/fr\/\"},{\"@type\":\"ListItem\",\"position\":2,\"name\":\"Objets \/ Cat\\u00e9gories\",\"item\":\"https:\/\/www.toys4vip.com\/fr\/luxury-toys\/\"},{\"@type\":\"ListItem\",\"position\":3,\"name\":\"Passport to 50\"}]}]}<\/script>\n<!-- \/ Yoast SEO plugin. -->","yoast_head_json":{"title":"Passport to 50 - Toys4Vip","description":"La boutique de voyages exp\u00e9rimentale DreamMaker (www.HouseofDreamMaker.com) a con\u00e7u un voyage autour du globe \u00e0 bord d'un Boeing 767 priv\u00e9 pour sa client\u00e8le ultra-riche. Passeport to 50 est con\u00e7u comme une c\u00e9l\u00e9bration \u00e9tape par \u00e9tape pour le client milliardaire et jusqu'\u00e0 50 amis et la famille qui volent en tandem sur un deuxi\u00e8me Boeing Business Jet. Propos\u00e9e \u00e0 13 875 000 $, l'exp\u00e9rience sans pr\u00e9c\u00e9dent de DreamMaker est pr\u00e9vue pour ao\u00fbt 2017, couvrant 20 villes en 20 jours.","robots":{"index":"index","follow":"follow","max-snippet":"max-snippet:-1","max-image-preview":"max-image-preview:large","max-video-preview":"max-video-preview:-1"},"canonical":"https:\/\/www.toys4vip.com\/fr\/luxury-toy\/passport-to-50\/338\/","og_locale":"fr_FR","og_type":"article","og_title":"Passport to 50 - Toys4Vip","og_description":"La boutique de voyages exp\u00e9rimentale DreamMaker (www.HouseofDreamMaker.com) a con\u00e7u un voyage autour du globe \u00e0 bord d'un Boeing 767 priv\u00e9 pour sa client\u00e8le ultra-riche. Passeport to 50 est con\u00e7u comme une c\u00e9l\u00e9bration \u00e9tape par \u00e9tape pour le client milliardaire et jusqu'\u00e0 50 amis et la famille qui volent en tandem sur un deuxi\u00e8me Boeing Business Jet. Propos\u00e9e \u00e0 13 875 000 $, l'exp\u00e9rience sans pr\u00e9c\u00e9dent de DreamMaker est pr\u00e9vue pour ao\u00fbt 2017, couvrant 20 villes en 20 jours.","og_url":"https:\/\/www.toys4vip.com\/fr\/luxury-toy\/passport-to-50\/338\/","og_site_name":"Toys4Vip","article_modified_time":"2021-11-18T18:31:02+00:00","og_image":[{"width":2047,"height":1199,"url":"https:\/\/www.toys4vip.com\/app\/uploads\/2021\/11\/main-253.jpg","type":"image\/jpeg"}],"twitter_card":"summary_large_image","twitter_misc":{"Dur\u00e9e de lecture est.":"2 minutes"},"schema":{"@context":"https:\/\/schema.org","@graph":[{"@type":"WebSite","@id":"https:\/\/www.toys4vip.com\/fr\/#website","url":"https:\/\/www.toys4vip.com\/fr\/","name":"Toys4Vip","description":"Jouets de luxe nouveau concept store","potentialAction":[{"@type":"SearchAction","target":{"@type":"EntryPoint","urlTemplate":"https:\/\/www.toys4vip.com\/fr\/?s={search_term_string}"},"query-input":"required name=search_term_string"}],"inLanguage":"fr-FR"},{"@type":"ImageObject","@id":"https:\/\/www.toys4vip.com\/fr\/luxury-toy\/passport-to-50\/338\/#primaryimage","inLanguage":"fr-FR","url":"https:\/\/www.toys4vip.com\/app\/uploads\/2021\/11\/main-253.jpg","contentUrl":"https:\/\/www.toys4vip.com\/app\/uploads\/2021\/11\/main-253.jpg","width":2047,"height":1199},{"@type":"WebPage","@id":"https:\/\/www.toys4vip.com\/fr\/luxury-toy\/passport-to-50\/338\/#webpage","url":"https:\/\/www.toys4vip.com\/fr\/luxury-toy\/passport-to-50\/338\/","name":"Passport to 50 - Toys4Vip","isPartOf":{"@id":"https:\/\/www.toys4vip.com\/fr\/#website"},"primaryImageOfPage":{"@id":"https:\/\/www.toys4vip.com\/fr\/luxury-toy\/passport-to-50\/338\/#primaryimage"},"datePublished":"2021-11-02T10:30:28+00:00","dateModified":"2021-11-18T18:31:02+00:00","description":"La boutique de voyages exp\u00e9rimentale DreamMaker (www.HouseofDreamMaker.com) a con\u00e7u un voyage autour du globe \u00e0 bord d'un Boeing 767 priv\u00e9 pour sa client\u00e8le ultra-riche. Passeport to 50 est con\u00e7u comme une c\u00e9l\u00e9bration \u00e9tape par \u00e9tape pour le client milliardaire et jusqu'\u00e0 50 amis et la famille qui volent en tandem sur un deuxi\u00e8me Boeing Business Jet. Propos\u00e9e \u00e0 13 875 000 $, l'exp\u00e9rience sans pr\u00e9c\u00e9dent de DreamMaker est pr\u00e9vue pour ao\u00fbt 2017, couvrant 20 villes en 20 jours.","breadcrumb":{"@id":"https:\/\/www.toys4vip.com\/fr\/luxury-toy\/passport-to-50\/338\/#breadcrumb"},"inLanguage":"fr-FR","potentialAction":[{"@type":"ReadAction","target":["https:\/\/www.toys4vip.com\/fr\/luxury-toy\/passport-to-50\/338\/"]}]},{"@type":"BreadcrumbList","@id":"https:\/\/www.toys4vip.com\/fr\/luxury-toy\/passport-to-50\/338\/#breadcrumb","itemListElement":[{"@type":"ListItem","position":1,"name":"Home","item":"https:\/\/www.toys4vip.com\/fr\/"},{"@type":"ListItem","position":2,"name":"Objets \/ Cat\u00e9gories","item":"https:\/\/www.toys4vip.com\/fr\/luxury-toys\/"},{"@type":"ListItem","position":3,"name":"Passport to 50"}]}]}},"_links":{"self":[{"href":"https:\/\/www.toys4vip.com\/fr\/wp-json\/wp\/v2\/product\/1203"}],"collection":[{"href":"https:\/\/www.toys4vip.com\/fr\/wp-json\/wp\/v2\/product"}],"about":[{"href":"https:\/\/www.toys4vip.com\/fr\/wp-json\/wp\/v2\/types\/product"}],"replies":[{"embeddable":true,"href":"https:\/\/www.toys4vip.com\/fr\/wp-json\/wp\/v2\/comments?post=1203"}],"wp:featuredmedia":[{"embeddable":true,"href":"https:\/\/www.toys4vip.com\/fr\/wp-json\/wp\/v2\/media\/1201"}],"wp:attachment":[{"href":"https:\/\/www.toys4vip.com\/fr\/wp-json\/wp\/v2\/media?parent=1203"}],"wp:term":[{"taxonomy":"product_cat","embeddable":true,"href":"https:\/\/www.toys4vip.com\/fr\/wp-json\/wp\/v2\/product_cat?post=1203"},{"taxonomy":"product_tag","embeddable":true,"href":"https:\/\/www.toys4vip.com\/fr\/wp-json\/wp\/v2\/product_tag?post=1203"}],"curies":[{"name":"wp","href":"https:\/\/api.w.org\/{rel}","templated":true}]}}