{"id":1200,"date":"2021-11-02T10:30:28","date_gmt":"2021-11-02T10:30:28","guid":{"rendered":"https:\/\/toys4vip.com\/produit\/snow-crawler\/"},"modified":"2021-11-16T17:51:18","modified_gmt":"2021-11-16T17:51:18","slug":"snow-crawler","status":"publish","type":"product","link":"https:\/\/www.toys4vip.com\/fr\/luxury-toy\/snow-crawler\/337\/","title":{"rendered":"Snow Crawler"},"content":{"rendered":"<p>De belles choses peuvent susciter des besoins pervers en nous. Comme certains exhibitionnistes de parc, nous voulons les montrer au monde qui nous entoure, que cela nous plaise ou non. C&rsquo;est juste ce genre de v\u00e9hicule.<\/p>\n<p>La conception est conduite par la nature provocante de l&rsquo;homme et l&rsquo;obstination inn\u00e9e pour prouver ceux qui n&rsquo;aiment pas l&rsquo;hiver mal et leur donner une bonne raison de l&rsquo;aimer.<\/p>\n<p>Il y a une pl\u00e9thore de diverses motoneiges sur le march\u00e9. Professionnel, amateur, grand, petit &#8211; vous le nommez. Pourtant, tous peuvent \u00eatre un peu trop froid et trop de vent pour les amants de confort de cr\u00e9ature. Voici quelque chose de plus fou &#8211; un mariage parfait d&rsquo;excellente manutention, tout-terrain et une cabine ferm\u00e9e pour le conducteur.<\/p>\n<p>La version pr\u00e9sent\u00e9e est destin\u00e9e \u00e0 une seule personne. La beaut\u00e9 et le plaisir de conduire sur la fonctionnalit\u00e9 et le bon sens &#8211; ce sont les caract\u00e9ristiques d&rsquo;une super voiture et de notre v\u00e9hicule.<\/p>\n<p>Sporting un lecteur \u00e9lectrique efficace, il nous emm\u00e8nera facilement vers le haut de la pente (m\u00eame ceux \u00e0 peine accessibles) ou \u00e0 travailler par une route enneig\u00e9e oubli\u00e9e par la civilisation. Alors, que voulez-vous de plus ? Eh bien, c&rsquo;est juste travers\u00e9 mon esprit &#8211; la neige, plus de neige !<\/p>\n<p>Ils disent qu&rsquo;une image vaut mille mots, alors voici un petit quelque chose pour stimuler votre imagination et la laisser courir sauvage. Voyez-le et commencez \u00e0 r\u00eaver de la prochaine p\u00e9riode glaciaire. Oh et ne pas avoir honte de crier haut: et fort J&rsquo;aime l&rsquo;hiver!<\/p>\n","protected":false},"excerpt":{"rendered":"<p>De belles choses peuvent susciter des besoins pervers en nous. Comme certains exhibitionnistes de parc, nous voulons les montrer au monde qui nous entoure, que cela nous plaise ou non. C&rsquo;est juste ce genre de v\u00e9hicule. La conception est conduite par la nature provocante de l&rsquo;homme et l&rsquo;obstination inn\u00e9e pour prouver ceux qui n&rsquo;aiment pas [&hellip;]<\/p>\n","protected":false},"featured_media":1198,"comment_status":"open","ping_status":"closed","template":"","meta":[],"product_cat":[26,87],"product_tag":[],"yoast_head":"<!-- This site is optimized with the Yoast SEO plugin v17.4 - https:\/\/yoast.com\/wordpress\/plugins\/seo\/ -->\n<title>Snow Crawler - Toys4Vip<\/title>\n<meta name=\"description\" content=\"De belles choses peuvent susciter des besoins pervers en nous. Comme certains exhibitionnistes de parc, nous voulons les montrer au monde qui nous entoure, que cela nous plaise ou non. C&#039;est juste ce genre de v\u00e9hicule.La conception est conduite par la nature provocante de l&#039;homme et l&#039;obstination inn\u00e9e pour prouver ceux qui n&#039;aiment pas l&#039;hiver mal et leur donner une bonne raison de l&#039;aimer.\" \/>\n<meta name=\"robots\" content=\"index, follow, max-snippet:-1, max-image-preview:large, max-video-preview:-1\" \/>\n<link rel=\"canonical\" href=\"https:\/\/www.toys4vip.com\/fr\/luxury-toy\/snow-crawler\/337\/\" \/>\n<meta property=\"og:locale\" content=\"fr_FR\" \/>\n<meta property=\"og:type\" content=\"article\" \/>\n<meta property=\"og:title\" content=\"Snow Crawler - Toys4Vip\" \/>\n<meta property=\"og:description\" content=\"De belles choses peuvent susciter des besoins pervers en nous. Comme certains exhibitionnistes de parc, nous voulons les montrer au monde qui nous entoure, que cela nous plaise ou non. C&#039;est juste ce genre de v\u00e9hicule.La conception est conduite par la nature provocante de l&#039;homme et l&#039;obstination inn\u00e9e pour prouver ceux qui n&#039;aiment pas l&#039;hiver mal et leur donner une bonne raison de l&#039;aimer.\" \/>\n<meta property=\"og:url\" content=\"https:\/\/www.toys4vip.com\/fr\/luxury-toy\/snow-crawler\/337\/\" \/>\n<meta property=\"og:site_name\" content=\"Toys4Vip\" \/>\n<meta property=\"article:modified_time\" content=\"2021-11-16T17:51:18+00:00\" \/>\n<meta property=\"og:image\" content=\"https:\/\/www.toys4vip.com\/app\/uploads\/2021\/11\/main-252.jpg\" \/>\n\t<meta property=\"og:image:width\" content=\"1920\" \/>\n\t<meta property=\"og:image:height\" content=\"1200\" \/>\n<meta name=\"twitter:card\" content=\"summary_large_image\" \/>\n<meta name=\"twitter:label1\" content=\"Dur\u00e9e de lecture est.\" \/>\n\t<meta name=\"twitter:data1\" content=\"1 minute\" \/>\n<script type=\"application\/ld+json\" class=\"yoast-schema-graph\">{\"@context\":\"https:\/\/schema.org\",\"@graph\":[{\"@type\":\"WebSite\",\"@id\":\"https:\/\/www.toys4vip.com\/fr\/#website\",\"url\":\"https:\/\/www.toys4vip.com\/fr\/\",\"name\":\"Toys4Vip\",\"description\":\"Jouets de luxe nouveau concept store\",\"potentialAction\":[{\"@type\":\"SearchAction\",\"target\":{\"@type\":\"EntryPoint\",\"urlTemplate\":\"https:\/\/www.toys4vip.com\/fr\/?s={search_term_string}\"},\"query-input\":\"required name=search_term_string\"}],\"inLanguage\":\"fr-FR\"},{\"@type\":\"ImageObject\",\"@id\":\"https:\/\/www.toys4vip.com\/fr\/luxury-toy\/snow-crawler\/337\/#primaryimage\",\"inLanguage\":\"fr-FR\",\"url\":\"https:\/\/www.toys4vip.com\/app\/uploads\/2021\/11\/main-252.jpg\",\"contentUrl\":\"https:\/\/www.toys4vip.com\/app\/uploads\/2021\/11\/main-252.jpg\",\"width\":1920,\"height\":1200},{\"@type\":\"WebPage\",\"@id\":\"https:\/\/www.toys4vip.com\/fr\/luxury-toy\/snow-crawler\/337\/#webpage\",\"url\":\"https:\/\/www.toys4vip.com\/fr\/luxury-toy\/snow-crawler\/337\/\",\"name\":\"Snow Crawler - Toys4Vip\",\"isPartOf\":{\"@id\":\"https:\/\/www.toys4vip.com\/fr\/#website\"},\"primaryImageOfPage\":{\"@id\":\"https:\/\/www.toys4vip.com\/fr\/luxury-toy\/snow-crawler\/337\/#primaryimage\"},\"datePublished\":\"2021-11-02T10:30:28+00:00\",\"dateModified\":\"2021-11-16T17:51:18+00:00\",\"description\":\"De belles choses peuvent susciter des besoins pervers en nous. Comme certains exhibitionnistes de parc, nous voulons les montrer au monde qui nous entoure, que cela nous plaise ou non. C'est juste ce genre de v\\u00e9hicule.La conception est conduite par la nature provocante de l'homme et l'obstination inn\\u00e9e pour prouver ceux qui n'aiment pas l'hiver mal et leur donner une bonne raison de l'aimer.\",\"breadcrumb\":{\"@id\":\"https:\/\/www.toys4vip.com\/fr\/luxury-toy\/snow-crawler\/337\/#breadcrumb\"},\"inLanguage\":\"fr-FR\",\"potentialAction\":[{\"@type\":\"ReadAction\",\"target\":[\"https:\/\/www.toys4vip.com\/fr\/luxury-toy\/snow-crawler\/337\/\"]}]},{\"@type\":\"BreadcrumbList\",\"@id\":\"https:\/\/www.toys4vip.com\/fr\/luxury-toy\/snow-crawler\/337\/#breadcrumb\",\"itemListElement\":[{\"@type\":\"ListItem\",\"position\":1,\"name\":\"Home\",\"item\":\"https:\/\/www.toys4vip.com\/fr\/\"},{\"@type\":\"ListItem\",\"position\":2,\"name\":\"Objets \/ Cat\\u00e9gories\",\"item\":\"https:\/\/www.toys4vip.com\/fr\/luxury-toys\/\"},{\"@type\":\"ListItem\",\"position\":3,\"name\":\"Snow Crawler\"}]}]}<\/script>\n<!-- \/ Yoast SEO plugin. -->","yoast_head_json":{"title":"Snow Crawler - Toys4Vip","description":"De belles choses peuvent susciter des besoins pervers en nous. Comme certains exhibitionnistes de parc, nous voulons les montrer au monde qui nous entoure, que cela nous plaise ou non. C'est juste ce genre de v\u00e9hicule.La conception est conduite par la nature provocante de l'homme et l'obstination inn\u00e9e pour prouver ceux qui n'aiment pas l'hiver mal et leur donner une bonne raison de l'aimer.","robots":{"index":"index","follow":"follow","max-snippet":"max-snippet:-1","max-image-preview":"max-image-preview:large","max-video-preview":"max-video-preview:-1"},"canonical":"https:\/\/www.toys4vip.com\/fr\/luxury-toy\/snow-crawler\/337\/","og_locale":"fr_FR","og_type":"article","og_title":"Snow Crawler - Toys4Vip","og_description":"De belles choses peuvent susciter des besoins pervers en nous. Comme certains exhibitionnistes de parc, nous voulons les montrer au monde qui nous entoure, que cela nous plaise ou non. C'est juste ce genre de v\u00e9hicule.La conception est conduite par la nature provocante de l'homme et l'obstination inn\u00e9e pour prouver ceux qui n'aiment pas l'hiver mal et leur donner une bonne raison de l'aimer.","og_url":"https:\/\/www.toys4vip.com\/fr\/luxury-toy\/snow-crawler\/337\/","og_site_name":"Toys4Vip","article_modified_time":"2021-11-16T17:51:18+00:00","og_image":[{"width":1920,"height":1200,"url":"https:\/\/www.toys4vip.com\/app\/uploads\/2021\/11\/main-252.jpg","type":"image\/jpeg"}],"twitter_card":"summary_large_image","twitter_misc":{"Dur\u00e9e de lecture est.":"1 minute"},"schema":{"@context":"https:\/\/schema.org","@graph":[{"@type":"WebSite","@id":"https:\/\/www.toys4vip.com\/fr\/#website","url":"https:\/\/www.toys4vip.com\/fr\/","name":"Toys4Vip","description":"Jouets de luxe nouveau concept store","potentialAction":[{"@type":"SearchAction","target":{"@type":"EntryPoint","urlTemplate":"https:\/\/www.toys4vip.com\/fr\/?s={search_term_string}"},"query-input":"required name=search_term_string"}],"inLanguage":"fr-FR"},{"@type":"ImageObject","@id":"https:\/\/www.toys4vip.com\/fr\/luxury-toy\/snow-crawler\/337\/#primaryimage","inLanguage":"fr-FR","url":"https:\/\/www.toys4vip.com\/app\/uploads\/2021\/11\/main-252.jpg","contentUrl":"https:\/\/www.toys4vip.com\/app\/uploads\/2021\/11\/main-252.jpg","width":1920,"height":1200},{"@type":"WebPage","@id":"https:\/\/www.toys4vip.com\/fr\/luxury-toy\/snow-crawler\/337\/#webpage","url":"https:\/\/www.toys4vip.com\/fr\/luxury-toy\/snow-crawler\/337\/","name":"Snow Crawler - Toys4Vip","isPartOf":{"@id":"https:\/\/www.toys4vip.com\/fr\/#website"},"primaryImageOfPage":{"@id":"https:\/\/www.toys4vip.com\/fr\/luxury-toy\/snow-crawler\/337\/#primaryimage"},"datePublished":"2021-11-02T10:30:28+00:00","dateModified":"2021-11-16T17:51:18+00:00","description":"De belles choses peuvent susciter des besoins pervers en nous. Comme certains exhibitionnistes de parc, nous voulons les montrer au monde qui nous entoure, que cela nous plaise ou non. C'est juste ce genre de v\u00e9hicule.La conception est conduite par la nature provocante de l'homme et l'obstination inn\u00e9e pour prouver ceux qui n'aiment pas l'hiver mal et leur donner une bonne raison de l'aimer.","breadcrumb":{"@id":"https:\/\/www.toys4vip.com\/fr\/luxury-toy\/snow-crawler\/337\/#breadcrumb"},"inLanguage":"fr-FR","potentialAction":[{"@type":"ReadAction","target":["https:\/\/www.toys4vip.com\/fr\/luxury-toy\/snow-crawler\/337\/"]}]},{"@type":"BreadcrumbList","@id":"https:\/\/www.toys4vip.com\/fr\/luxury-toy\/snow-crawler\/337\/#breadcrumb","itemListElement":[{"@type":"ListItem","position":1,"name":"Home","item":"https:\/\/www.toys4vip.com\/fr\/"},{"@type":"ListItem","position":2,"name":"Objets \/ Cat\u00e9gories","item":"https:\/\/www.toys4vip.com\/fr\/luxury-toys\/"},{"@type":"ListItem","position":3,"name":"Snow Crawler"}]}]}},"_links":{"self":[{"href":"https:\/\/www.toys4vip.com\/fr\/wp-json\/wp\/v2\/product\/1200"}],"collection":[{"href":"https:\/\/www.toys4vip.com\/fr\/wp-json\/wp\/v2\/product"}],"about":[{"href":"https:\/\/www.toys4vip.com\/fr\/wp-json\/wp\/v2\/types\/product"}],"replies":[{"embeddable":true,"href":"https:\/\/www.toys4vip.com\/fr\/wp-json\/wp\/v2\/comments?post=1200"}],"wp:featuredmedia":[{"embeddable":true,"href":"https:\/\/www.toys4vip.com\/fr\/wp-json\/wp\/v2\/media\/1198"}],"wp:attachment":[{"href":"https:\/\/www.toys4vip.com\/fr\/wp-json\/wp\/v2\/media?parent=1200"}],"wp:term":[{"taxonomy":"product_cat","embeddable":true,"href":"https:\/\/www.toys4vip.com\/fr\/wp-json\/wp\/v2\/product_cat?post=1200"},{"taxonomy":"product_tag","embeddable":true,"href":"https:\/\/www.toys4vip.com\/fr\/wp-json\/wp\/v2\/product_tag?post=1200"}],"curies":[{"name":"wp","href":"https:\/\/api.w.org\/{rel}","templated":true}]}}