{"id":1185,"date":"2021-11-02T10:30:25","date_gmt":"2021-11-02T10:30:25","guid":{"rendered":"https:\/\/toys4vip.com\/produit\/powerray\/"},"modified":"2021-11-06T09:46:09","modified_gmt":"2021-11-06T09:46:09","slug":"powerray","status":"publish","type":"product","link":"https:\/\/www.toys4vip.com\/fr\/luxury-toy\/powerray\/331\/","title":{"rendered":"PowerRay"},"content":{"rendered":"<p>La p\u00eache peut \u00eatre une exp\u00e9rience relaxante et contemplative. Ou il peut \u00eatre incroyablement amusant avec le PowerRay Fishfinder.<\/p>\n<p>Le Fishfinder est un drone \u00e9tanche que vous mettez gratuitement en qu\u00eate de votre prochaine grosse capture. Il imite les mouvements sous-marins de poissons, peut fonctionner jusqu&rsquo;\u00e0 4 heures, peut plonger jusqu&rsquo;\u00e0 100 pieds sous l&rsquo;eau, et comprend m\u00eame une lumi\u00e8re int\u00e9gr\u00e9e de p\u00eache en plus du leurre.<\/p>\n<p>Et si vous obtenez un grignotage, vous pouvez regarder vos prises en temps r\u00e9el en utilisant le syst\u00e8me Wi-Fi interne et la cam\u00e9ra 4K UHD. Et si vous vous sentez encore plus aventureux,<br \/>\nVous pouvez utiliser les lunettes de r\u00e9alit\u00e9 augment\u00e9e pour une exp\u00e9rience de p\u00eache immersive incroyable.<\/p>\n<p>PowerVision change radicalement la fa\u00e7on dont nous p\u00eachons depuis ces 7 000 derni\u00e8res ann\u00e9es. \u201cPowerRay va fournir plus d&rsquo;efficacit\u00e9 et de plaisir pour les p\u00eacheurs \u00e0 travers le monde \u00ab\u00a0, a d\u00e9clar\u00e9 Wally Zheng, PDG de PowerVision Technology Group. \u00ab\u00a0La p\u00eache r\u00e9cr\u00e9ative ne sera plus jamais la m\u00eame.\u00a0\u00bb<\/p>\n","protected":false},"excerpt":{"rendered":"<p>La p\u00eache peut \u00eatre une exp\u00e9rience relaxante et contemplative. Ou il peut \u00eatre incroyablement amusant avec le PowerRay Fishfinder. Le Fishfinder est un drone \u00e9tanche que vous mettez gratuitement en qu\u00eate de votre prochaine grosse capture. Il imite les mouvements sous-marins de poissons, peut fonctionner jusqu&rsquo;\u00e0 4 heures, peut plonger jusqu&rsquo;\u00e0 100 pieds sous l&rsquo;eau, [&hellip;]<\/p>\n","protected":false},"featured_media":1183,"comment_status":"open","ping_status":"closed","template":"","meta":[],"product_cat":[33],"product_tag":[],"yoast_head":"<!-- This site is optimized with the Yoast SEO plugin v17.4 - https:\/\/yoast.com\/wordpress\/plugins\/seo\/ -->\n<title>PowerRay - Toys4Vip<\/title>\n<meta name=\"description\" content=\"La p\u00eache peut \u00eatre une exp\u00e9rience relaxante et contemplative. Ou il peut \u00eatre incroyablement amusant avec le PowerRay Fishfinder.Le Fishfinder est un drone \u00e9tanche que vous mettez gratuitement en qu\u00eate de votre prochaine grosse capture. Il imite les mouvements sous-marins de poissons, peut fonctionner jusqu&#039;\u00e0 4 heures, peut plonger jusqu&#039;\u00e0 100 pieds sous l&#039;eau, et comprend m\u00eame une lumi\u00e8re int\u00e9gr\u00e9e de p\u00eache en plus du leurre.\" \/>\n<meta name=\"robots\" content=\"index, follow, max-snippet:-1, max-image-preview:large, max-video-preview:-1\" \/>\n<link rel=\"canonical\" href=\"https:\/\/www.toys4vip.com\/fr\/luxury-toy\/powerray\/331\/\" \/>\n<meta property=\"og:locale\" content=\"fr_FR\" \/>\n<meta property=\"og:type\" content=\"article\" \/>\n<meta property=\"og:title\" content=\"PowerRay - Toys4Vip\" \/>\n<meta property=\"og:description\" content=\"La p\u00eache peut \u00eatre une exp\u00e9rience relaxante et contemplative. Ou il peut \u00eatre incroyablement amusant avec le PowerRay Fishfinder.Le Fishfinder est un drone \u00e9tanche que vous mettez gratuitement en qu\u00eate de votre prochaine grosse capture. Il imite les mouvements sous-marins de poissons, peut fonctionner jusqu&#039;\u00e0 4 heures, peut plonger jusqu&#039;\u00e0 100 pieds sous l&#039;eau, et comprend m\u00eame une lumi\u00e8re int\u00e9gr\u00e9e de p\u00eache en plus du leurre.\" \/>\n<meta property=\"og:url\" content=\"https:\/\/www.toys4vip.com\/fr\/luxury-toy\/powerray\/331\/\" \/>\n<meta property=\"og:site_name\" content=\"Toys4Vip\" \/>\n<meta property=\"article:modified_time\" content=\"2021-11-06T09:46:09+00:00\" \/>\n<meta property=\"og:image\" content=\"https:\/\/www.toys4vip.com\/app\/uploads\/2021\/11\/main-247.jpg\" \/>\n\t<meta property=\"og:image:width\" content=\"960\" \/>\n\t<meta property=\"og:image:height\" content=\"640\" \/>\n<meta name=\"twitter:card\" content=\"summary_large_image\" \/>\n<meta name=\"twitter:label1\" content=\"Dur\u00e9e de lecture est.\" \/>\n\t<meta name=\"twitter:data1\" content=\"1 minute\" \/>\n<script type=\"application\/ld+json\" class=\"yoast-schema-graph\">{\"@context\":\"https:\/\/schema.org\",\"@graph\":[{\"@type\":\"WebSite\",\"@id\":\"https:\/\/www.toys4vip.com\/fr\/#website\",\"url\":\"https:\/\/www.toys4vip.com\/fr\/\",\"name\":\"Toys4Vip\",\"description\":\"Jouets de luxe nouveau concept store\",\"potentialAction\":[{\"@type\":\"SearchAction\",\"target\":{\"@type\":\"EntryPoint\",\"urlTemplate\":\"https:\/\/www.toys4vip.com\/fr\/?s={search_term_string}\"},\"query-input\":\"required name=search_term_string\"}],\"inLanguage\":\"fr-FR\"},{\"@type\":\"ImageObject\",\"@id\":\"https:\/\/www.toys4vip.com\/fr\/luxury-toy\/powerray\/331\/#primaryimage\",\"inLanguage\":\"fr-FR\",\"url\":\"https:\/\/www.toys4vip.com\/app\/uploads\/2021\/11\/main-247.jpg\",\"contentUrl\":\"https:\/\/www.toys4vip.com\/app\/uploads\/2021\/11\/main-247.jpg\",\"width\":960,\"height\":640},{\"@type\":\"WebPage\",\"@id\":\"https:\/\/www.toys4vip.com\/fr\/luxury-toy\/powerray\/331\/#webpage\",\"url\":\"https:\/\/www.toys4vip.com\/fr\/luxury-toy\/powerray\/331\/\",\"name\":\"PowerRay - Toys4Vip\",\"isPartOf\":{\"@id\":\"https:\/\/www.toys4vip.com\/fr\/#website\"},\"primaryImageOfPage\":{\"@id\":\"https:\/\/www.toys4vip.com\/fr\/luxury-toy\/powerray\/331\/#primaryimage\"},\"datePublished\":\"2021-11-02T10:30:25+00:00\",\"dateModified\":\"2021-11-06T09:46:09+00:00\",\"description\":\"La p\\u00eache peut \\u00eatre une exp\\u00e9rience relaxante et contemplative. Ou il peut \\u00eatre incroyablement amusant avec le PowerRay Fishfinder.Le Fishfinder est un drone \\u00e9tanche que vous mettez gratuitement en qu\\u00eate de votre prochaine grosse capture. Il imite les mouvements sous-marins de poissons, peut fonctionner jusqu'\\u00e0 4 heures, peut plonger jusqu'\\u00e0 100 pieds sous l'eau, et comprend m\\u00eame une lumi\\u00e8re int\\u00e9gr\\u00e9e de p\\u00eache en plus du leurre.\",\"breadcrumb\":{\"@id\":\"https:\/\/www.toys4vip.com\/fr\/luxury-toy\/powerray\/331\/#breadcrumb\"},\"inLanguage\":\"fr-FR\",\"potentialAction\":[{\"@type\":\"ReadAction\",\"target\":[\"https:\/\/www.toys4vip.com\/fr\/luxury-toy\/powerray\/331\/\"]}]},{\"@type\":\"BreadcrumbList\",\"@id\":\"https:\/\/www.toys4vip.com\/fr\/luxury-toy\/powerray\/331\/#breadcrumb\",\"itemListElement\":[{\"@type\":\"ListItem\",\"position\":1,\"name\":\"Home\",\"item\":\"https:\/\/www.toys4vip.com\/fr\/\"},{\"@type\":\"ListItem\",\"position\":2,\"name\":\"Objets \/ Cat\\u00e9gories\",\"item\":\"https:\/\/www.toys4vip.com\/fr\/luxury-toys\/\"},{\"@type\":\"ListItem\",\"position\":3,\"name\":\"PowerRay\"}]}]}<\/script>\n<!-- \/ Yoast SEO plugin. -->","yoast_head_json":{"title":"PowerRay - Toys4Vip","description":"La p\u00eache peut \u00eatre une exp\u00e9rience relaxante et contemplative. Ou il peut \u00eatre incroyablement amusant avec le PowerRay Fishfinder.Le Fishfinder est un drone \u00e9tanche que vous mettez gratuitement en qu\u00eate de votre prochaine grosse capture. Il imite les mouvements sous-marins de poissons, peut fonctionner jusqu'\u00e0 4 heures, peut plonger jusqu'\u00e0 100 pieds sous l'eau, et comprend m\u00eame une lumi\u00e8re int\u00e9gr\u00e9e de p\u00eache en plus du leurre.","robots":{"index":"index","follow":"follow","max-snippet":"max-snippet:-1","max-image-preview":"max-image-preview:large","max-video-preview":"max-video-preview:-1"},"canonical":"https:\/\/www.toys4vip.com\/fr\/luxury-toy\/powerray\/331\/","og_locale":"fr_FR","og_type":"article","og_title":"PowerRay - Toys4Vip","og_description":"La p\u00eache peut \u00eatre une exp\u00e9rience relaxante et contemplative. Ou il peut \u00eatre incroyablement amusant avec le PowerRay Fishfinder.Le Fishfinder est un drone \u00e9tanche que vous mettez gratuitement en qu\u00eate de votre prochaine grosse capture. Il imite les mouvements sous-marins de poissons, peut fonctionner jusqu'\u00e0 4 heures, peut plonger jusqu'\u00e0 100 pieds sous l'eau, et comprend m\u00eame une lumi\u00e8re int\u00e9gr\u00e9e de p\u00eache en plus du leurre.","og_url":"https:\/\/www.toys4vip.com\/fr\/luxury-toy\/powerray\/331\/","og_site_name":"Toys4Vip","article_modified_time":"2021-11-06T09:46:09+00:00","og_image":[{"width":960,"height":640,"url":"https:\/\/www.toys4vip.com\/app\/uploads\/2021\/11\/main-247.jpg","type":"image\/jpeg"}],"twitter_card":"summary_large_image","twitter_misc":{"Dur\u00e9e de lecture est.":"1 minute"},"schema":{"@context":"https:\/\/schema.org","@graph":[{"@type":"WebSite","@id":"https:\/\/www.toys4vip.com\/fr\/#website","url":"https:\/\/www.toys4vip.com\/fr\/","name":"Toys4Vip","description":"Jouets de luxe nouveau concept store","potentialAction":[{"@type":"SearchAction","target":{"@type":"EntryPoint","urlTemplate":"https:\/\/www.toys4vip.com\/fr\/?s={search_term_string}"},"query-input":"required name=search_term_string"}],"inLanguage":"fr-FR"},{"@type":"ImageObject","@id":"https:\/\/www.toys4vip.com\/fr\/luxury-toy\/powerray\/331\/#primaryimage","inLanguage":"fr-FR","url":"https:\/\/www.toys4vip.com\/app\/uploads\/2021\/11\/main-247.jpg","contentUrl":"https:\/\/www.toys4vip.com\/app\/uploads\/2021\/11\/main-247.jpg","width":960,"height":640},{"@type":"WebPage","@id":"https:\/\/www.toys4vip.com\/fr\/luxury-toy\/powerray\/331\/#webpage","url":"https:\/\/www.toys4vip.com\/fr\/luxury-toy\/powerray\/331\/","name":"PowerRay - Toys4Vip","isPartOf":{"@id":"https:\/\/www.toys4vip.com\/fr\/#website"},"primaryImageOfPage":{"@id":"https:\/\/www.toys4vip.com\/fr\/luxury-toy\/powerray\/331\/#primaryimage"},"datePublished":"2021-11-02T10:30:25+00:00","dateModified":"2021-11-06T09:46:09+00:00","description":"La p\u00eache peut \u00eatre une exp\u00e9rience relaxante et contemplative. Ou il peut \u00eatre incroyablement amusant avec le PowerRay Fishfinder.Le Fishfinder est un drone \u00e9tanche que vous mettez gratuitement en qu\u00eate de votre prochaine grosse capture. Il imite les mouvements sous-marins de poissons, peut fonctionner jusqu'\u00e0 4 heures, peut plonger jusqu'\u00e0 100 pieds sous l'eau, et comprend m\u00eame une lumi\u00e8re int\u00e9gr\u00e9e de p\u00eache en plus du leurre.","breadcrumb":{"@id":"https:\/\/www.toys4vip.com\/fr\/luxury-toy\/powerray\/331\/#breadcrumb"},"inLanguage":"fr-FR","potentialAction":[{"@type":"ReadAction","target":["https:\/\/www.toys4vip.com\/fr\/luxury-toy\/powerray\/331\/"]}]},{"@type":"BreadcrumbList","@id":"https:\/\/www.toys4vip.com\/fr\/luxury-toy\/powerray\/331\/#breadcrumb","itemListElement":[{"@type":"ListItem","position":1,"name":"Home","item":"https:\/\/www.toys4vip.com\/fr\/"},{"@type":"ListItem","position":2,"name":"Objets \/ Cat\u00e9gories","item":"https:\/\/www.toys4vip.com\/fr\/luxury-toys\/"},{"@type":"ListItem","position":3,"name":"PowerRay"}]}]}},"_links":{"self":[{"href":"https:\/\/www.toys4vip.com\/fr\/wp-json\/wp\/v2\/product\/1185"}],"collection":[{"href":"https:\/\/www.toys4vip.com\/fr\/wp-json\/wp\/v2\/product"}],"about":[{"href":"https:\/\/www.toys4vip.com\/fr\/wp-json\/wp\/v2\/types\/product"}],"replies":[{"embeddable":true,"href":"https:\/\/www.toys4vip.com\/fr\/wp-json\/wp\/v2\/comments?post=1185"}],"wp:featuredmedia":[{"embeddable":true,"href":"https:\/\/www.toys4vip.com\/fr\/wp-json\/wp\/v2\/media\/1183"}],"wp:attachment":[{"href":"https:\/\/www.toys4vip.com\/fr\/wp-json\/wp\/v2\/media?parent=1185"}],"wp:term":[{"taxonomy":"product_cat","embeddable":true,"href":"https:\/\/www.toys4vip.com\/fr\/wp-json\/wp\/v2\/product_cat?post=1185"},{"taxonomy":"product_tag","embeddable":true,"href":"https:\/\/www.toys4vip.com\/fr\/wp-json\/wp\/v2\/product_tag?post=1185"}],"curies":[{"name":"wp","href":"https:\/\/api.w.org\/{rel}","templated":true}]}}