{"id":1182,"date":"2021-11-02T10:30:25","date_gmt":"2021-11-02T10:30:25","guid":{"rendered":"https:\/\/toys4vip.com\/produit\/henk-attache\/"},"modified":"2021-11-18T19:22:22","modified_gmt":"2021-11-18T18:22:22","slug":"henk-attache","status":"publish","type":"product","link":"https:\/\/www.toys4vip.com\/fr\/luxury-toy\/henk-attache\/330\/","title":{"rendered":"HENK Attach\u00e9"},"content":{"rendered":"<p>Cette attach\u00e9-case, extr\u00eamement compacte par rapport aux mallettes classiques, offre un espace maximum ainsi qu&rsquo;un syst\u00e8me de rangement souple.<\/p>\n<p>Lors de la conception de l&rsquo;affaire, nous avons mis une valeur particuli\u00e8re dans le maintien de la conception r\u00e9tro-futuriste de la HENK Classic tout en restant fid\u00e8le \u00e0 nos normes d&rsquo;innovation maximale.<\/p>\n<p>G\u00e9n\u00e9ralement, les coins de toute mallette attach\u00e9 sont ses points faibles. Pour minimiser l&rsquo;usure, nous avons &#8211; tout comme avec le HENK Classic &#8211; appliqu\u00e9 des protections en acier inoxydable particuli\u00e8rement robustes aux coins et aux bords. Les \u00e9l\u00e9ments de coin peuvent \u00eatre personnalis\u00e9s sur demande et sont disponibles dans une vari\u00e9t\u00e9 de couleurs standard. Les \u00e9l\u00e9ments de protection peuvent \u00e9galement \u00eatre remplac\u00e9s si n\u00e9cessaire.<\/p>\n<p>L&rsquo;int\u00e9rieur a \u00e9t\u00e9 con\u00e7u pour permettre \u00e0 la tablette et aux instruments d&rsquo;\u00e9criture, par exemple, d&rsquo;\u00eatre stock\u00e9s discr\u00e8tement derri\u00e8re le panneau arri\u00e8re souple. Les billets d&rsquo;avion, les passeports et les cartes d&rsquo;affaires sont facilement accessibles depuis l&rsquo;avant. Votre ordinateur portable est stock\u00e9 en toute s\u00e9curit\u00e9 sous un faux fond.<\/p>\n<p>Si vous le souhaitez, vous pouvez soit supprimer ce faux fond pour cr\u00e9er plus d&rsquo;espace ou tout simplement le tourner et le placer sur le fond r\u00e9el de la mallette. Cela vous donne plus d&rsquo;espace de stockage tout en ayant tout \u00e0 la main pour faire un autre compartiment de stockage au besoin. Le compartiment de rangement est flexible et l\u00e9ger, mais aussi assez solide pour supporter un poids raisonnable.<\/p>\n","protected":false},"excerpt":{"rendered":"<p>Cette attach\u00e9-case, extr\u00eamement compacte par rapport aux mallettes classiques, offre un espace maximum ainsi qu&rsquo;un syst\u00e8me de rangement souple. Lors de la conception de l&rsquo;affaire, nous avons mis une valeur particuli\u00e8re dans le maintien de la conception r\u00e9tro-futuriste de la HENK Classic tout en restant fid\u00e8le \u00e0 nos normes d&rsquo;innovation maximale. G\u00e9n\u00e9ralement, les coins de [&hellip;]<\/p>\n","protected":false},"featured_media":1180,"comment_status":"open","ping_status":"closed","template":"","meta":[],"product_cat":[35],"product_tag":[],"yoast_head":"<!-- This site is optimized with the Yoast SEO plugin v17.4 - https:\/\/yoast.com\/wordpress\/plugins\/seo\/ -->\n<title>HENK Attach\u00e9 - Toys4Vip<\/title>\n<meta name=\"description\" content=\"Cette attach\u00e9-case, extr\u00eamement compacte par rapport aux mallettes classiques, offre un espace maximum ainsi qu&#039;un syst\u00e8me de rangement souple.Lors de la conception de l&#039;affaire, nous avons mis une valeur particuli\u00e8re dans le maintien de la conception r\u00e9tro-futuriste de la HENK Classic tout en restant fid\u00e8le \u00e0 nos normes d&#039;innovation maximale.\" \/>\n<meta name=\"robots\" content=\"index, follow, max-snippet:-1, max-image-preview:large, max-video-preview:-1\" \/>\n<link rel=\"canonical\" href=\"https:\/\/www.toys4vip.com\/fr\/luxury-toy\/henk-attache\/330\/\" \/>\n<meta property=\"og:locale\" content=\"fr_FR\" \/>\n<meta property=\"og:type\" content=\"article\" \/>\n<meta property=\"og:title\" content=\"HENK Attach\u00e9 - Toys4Vip\" \/>\n<meta property=\"og:description\" content=\"Cette attach\u00e9-case, extr\u00eamement compacte par rapport aux mallettes classiques, offre un espace maximum ainsi qu&#039;un syst\u00e8me de rangement souple.Lors de la conception de l&#039;affaire, nous avons mis une valeur particuli\u00e8re dans le maintien de la conception r\u00e9tro-futuriste de la HENK Classic tout en restant fid\u00e8le \u00e0 nos normes d&#039;innovation maximale.\" \/>\n<meta property=\"og:url\" content=\"https:\/\/www.toys4vip.com\/fr\/luxury-toy\/henk-attache\/330\/\" \/>\n<meta property=\"og:site_name\" content=\"Toys4Vip\" \/>\n<meta property=\"article:modified_time\" content=\"2021-11-18T18:22:22+00:00\" \/>\n<meta property=\"og:image\" content=\"https:\/\/www.toys4vip.com\/app\/uploads\/2021\/11\/main-5.png\" \/>\n\t<meta property=\"og:image:width\" content=\"500\" \/>\n\t<meta property=\"og:image:height\" content=\"500\" \/>\n<meta name=\"twitter:card\" content=\"summary_large_image\" \/>\n<meta name=\"twitter:label1\" content=\"Dur\u00e9e de lecture est.\" \/>\n\t<meta name=\"twitter:data1\" content=\"1 minute\" \/>\n<script type=\"application\/ld+json\" class=\"yoast-schema-graph\">{\"@context\":\"https:\/\/schema.org\",\"@graph\":[{\"@type\":\"WebSite\",\"@id\":\"https:\/\/www.toys4vip.com\/fr\/#website\",\"url\":\"https:\/\/www.toys4vip.com\/fr\/\",\"name\":\"Toys4Vip\",\"description\":\"Jouets de luxe nouveau concept store\",\"potentialAction\":[{\"@type\":\"SearchAction\",\"target\":{\"@type\":\"EntryPoint\",\"urlTemplate\":\"https:\/\/www.toys4vip.com\/fr\/?s={search_term_string}\"},\"query-input\":\"required name=search_term_string\"}],\"inLanguage\":\"fr-FR\"},{\"@type\":\"ImageObject\",\"@id\":\"https:\/\/www.toys4vip.com\/fr\/luxury-toy\/henk-attache\/330\/#primaryimage\",\"inLanguage\":\"fr-FR\",\"url\":\"https:\/\/www.toys4vip.com\/app\/uploads\/2021\/11\/main-5.png\",\"contentUrl\":\"https:\/\/www.toys4vip.com\/app\/uploads\/2021\/11\/main-5.png\",\"width\":500,\"height\":500},{\"@type\":\"WebPage\",\"@id\":\"https:\/\/www.toys4vip.com\/fr\/luxury-toy\/henk-attache\/330\/#webpage\",\"url\":\"https:\/\/www.toys4vip.com\/fr\/luxury-toy\/henk-attache\/330\/\",\"name\":\"HENK Attach\\u00e9 - Toys4Vip\",\"isPartOf\":{\"@id\":\"https:\/\/www.toys4vip.com\/fr\/#website\"},\"primaryImageOfPage\":{\"@id\":\"https:\/\/www.toys4vip.com\/fr\/luxury-toy\/henk-attache\/330\/#primaryimage\"},\"datePublished\":\"2021-11-02T10:30:25+00:00\",\"dateModified\":\"2021-11-18T18:22:22+00:00\",\"description\":\"Cette attach\\u00e9-case, extr\\u00eamement compacte par rapport aux mallettes classiques, offre un espace maximum ainsi qu'un syst\\u00e8me de rangement souple.Lors de la conception de l'affaire, nous avons mis une valeur particuli\\u00e8re dans le maintien de la conception r\\u00e9tro-futuriste de la HENK Classic tout en restant fid\\u00e8le \\u00e0 nos normes d'innovation maximale.\",\"breadcrumb\":{\"@id\":\"https:\/\/www.toys4vip.com\/fr\/luxury-toy\/henk-attache\/330\/#breadcrumb\"},\"inLanguage\":\"fr-FR\",\"potentialAction\":[{\"@type\":\"ReadAction\",\"target\":[\"https:\/\/www.toys4vip.com\/fr\/luxury-toy\/henk-attache\/330\/\"]}]},{\"@type\":\"BreadcrumbList\",\"@id\":\"https:\/\/www.toys4vip.com\/fr\/luxury-toy\/henk-attache\/330\/#breadcrumb\",\"itemListElement\":[{\"@type\":\"ListItem\",\"position\":1,\"name\":\"Home\",\"item\":\"https:\/\/www.toys4vip.com\/fr\/\"},{\"@type\":\"ListItem\",\"position\":2,\"name\":\"Objets \/ Cat\\u00e9gories\",\"item\":\"https:\/\/www.toys4vip.com\/fr\/luxury-toys\/\"},{\"@type\":\"ListItem\",\"position\":3,\"name\":\"HENK Attach\\u00e9\"}]}]}<\/script>\n<!-- \/ Yoast SEO plugin. -->","yoast_head_json":{"title":"HENK Attach\u00e9 - Toys4Vip","description":"Cette attach\u00e9-case, extr\u00eamement compacte par rapport aux mallettes classiques, offre un espace maximum ainsi qu'un syst\u00e8me de rangement souple.Lors de la conception de l'affaire, nous avons mis une valeur particuli\u00e8re dans le maintien de la conception r\u00e9tro-futuriste de la HENK Classic tout en restant fid\u00e8le \u00e0 nos normes d'innovation maximale.","robots":{"index":"index","follow":"follow","max-snippet":"max-snippet:-1","max-image-preview":"max-image-preview:large","max-video-preview":"max-video-preview:-1"},"canonical":"https:\/\/www.toys4vip.com\/fr\/luxury-toy\/henk-attache\/330\/","og_locale":"fr_FR","og_type":"article","og_title":"HENK Attach\u00e9 - Toys4Vip","og_description":"Cette attach\u00e9-case, extr\u00eamement compacte par rapport aux mallettes classiques, offre un espace maximum ainsi qu'un syst\u00e8me de rangement souple.Lors de la conception de l'affaire, nous avons mis une valeur particuli\u00e8re dans le maintien de la conception r\u00e9tro-futuriste de la HENK Classic tout en restant fid\u00e8le \u00e0 nos normes d'innovation maximale.","og_url":"https:\/\/www.toys4vip.com\/fr\/luxury-toy\/henk-attache\/330\/","og_site_name":"Toys4Vip","article_modified_time":"2021-11-18T18:22:22+00:00","og_image":[{"width":500,"height":500,"url":"https:\/\/www.toys4vip.com\/app\/uploads\/2021\/11\/main-5.png","type":"image\/png"}],"twitter_card":"summary_large_image","twitter_misc":{"Dur\u00e9e de lecture est.":"1 minute"},"schema":{"@context":"https:\/\/schema.org","@graph":[{"@type":"WebSite","@id":"https:\/\/www.toys4vip.com\/fr\/#website","url":"https:\/\/www.toys4vip.com\/fr\/","name":"Toys4Vip","description":"Jouets de luxe nouveau concept store","potentialAction":[{"@type":"SearchAction","target":{"@type":"EntryPoint","urlTemplate":"https:\/\/www.toys4vip.com\/fr\/?s={search_term_string}"},"query-input":"required name=search_term_string"}],"inLanguage":"fr-FR"},{"@type":"ImageObject","@id":"https:\/\/www.toys4vip.com\/fr\/luxury-toy\/henk-attache\/330\/#primaryimage","inLanguage":"fr-FR","url":"https:\/\/www.toys4vip.com\/app\/uploads\/2021\/11\/main-5.png","contentUrl":"https:\/\/www.toys4vip.com\/app\/uploads\/2021\/11\/main-5.png","width":500,"height":500},{"@type":"WebPage","@id":"https:\/\/www.toys4vip.com\/fr\/luxury-toy\/henk-attache\/330\/#webpage","url":"https:\/\/www.toys4vip.com\/fr\/luxury-toy\/henk-attache\/330\/","name":"HENK Attach\u00e9 - Toys4Vip","isPartOf":{"@id":"https:\/\/www.toys4vip.com\/fr\/#website"},"primaryImageOfPage":{"@id":"https:\/\/www.toys4vip.com\/fr\/luxury-toy\/henk-attache\/330\/#primaryimage"},"datePublished":"2021-11-02T10:30:25+00:00","dateModified":"2021-11-18T18:22:22+00:00","description":"Cette attach\u00e9-case, extr\u00eamement compacte par rapport aux mallettes classiques, offre un espace maximum ainsi qu'un syst\u00e8me de rangement souple.Lors de la conception de l'affaire, nous avons mis une valeur particuli\u00e8re dans le maintien de la conception r\u00e9tro-futuriste de la HENK Classic tout en restant fid\u00e8le \u00e0 nos normes d'innovation maximale.","breadcrumb":{"@id":"https:\/\/www.toys4vip.com\/fr\/luxury-toy\/henk-attache\/330\/#breadcrumb"},"inLanguage":"fr-FR","potentialAction":[{"@type":"ReadAction","target":["https:\/\/www.toys4vip.com\/fr\/luxury-toy\/henk-attache\/330\/"]}]},{"@type":"BreadcrumbList","@id":"https:\/\/www.toys4vip.com\/fr\/luxury-toy\/henk-attache\/330\/#breadcrumb","itemListElement":[{"@type":"ListItem","position":1,"name":"Home","item":"https:\/\/www.toys4vip.com\/fr\/"},{"@type":"ListItem","position":2,"name":"Objets \/ Cat\u00e9gories","item":"https:\/\/www.toys4vip.com\/fr\/luxury-toys\/"},{"@type":"ListItem","position":3,"name":"HENK Attach\u00e9"}]}]}},"_links":{"self":[{"href":"https:\/\/www.toys4vip.com\/fr\/wp-json\/wp\/v2\/product\/1182"}],"collection":[{"href":"https:\/\/www.toys4vip.com\/fr\/wp-json\/wp\/v2\/product"}],"about":[{"href":"https:\/\/www.toys4vip.com\/fr\/wp-json\/wp\/v2\/types\/product"}],"replies":[{"embeddable":true,"href":"https:\/\/www.toys4vip.com\/fr\/wp-json\/wp\/v2\/comments?post=1182"}],"wp:featuredmedia":[{"embeddable":true,"href":"https:\/\/www.toys4vip.com\/fr\/wp-json\/wp\/v2\/media\/1180"}],"wp:attachment":[{"href":"https:\/\/www.toys4vip.com\/fr\/wp-json\/wp\/v2\/media?parent=1182"}],"wp:term":[{"taxonomy":"product_cat","embeddable":true,"href":"https:\/\/www.toys4vip.com\/fr\/wp-json\/wp\/v2\/product_cat?post=1182"},{"taxonomy":"product_tag","embeddable":true,"href":"https:\/\/www.toys4vip.com\/fr\/wp-json\/wp\/v2\/product_tag?post=1182"}],"curies":[{"name":"wp","href":"https:\/\/api.w.org\/{rel}","templated":true}]}}