{"id":1176,"date":"2021-11-02T10:30:23","date_gmt":"2021-11-02T10:30:23","guid":{"rendered":"https:\/\/toys4vip.com\/produit\/rhum-clement-tournaire-1966\/"},"modified":"2021-11-13T10:58:33","modified_gmt":"2021-11-13T10:58:33","slug":"rhum-clement-tournaire-1966","status":"publish","type":"product","link":"https:\/\/www.toys4vip.com\/fr\/luxury-toy\/rhum-clement-tournaire-1966\/328\/","title":{"rendered":"Rhum Cl\u00e9ment &#8211; Tournaire 1966"},"content":{"rendered":"<p>De la rencontre entre la Maison Cl\u00e9ment et la Maison Tournaire est n\u00e9 un partenariat permettant de marier les savoir-faire exceptionnels de 2 marques fran\u00e7aises d\u2019excellence.<\/p>\n<p>Cette collaboration a permis la cr\u00e9ation d\u2019une pi\u00e8ce unique r\u00e9serv\u00e9e aux plus grands amateurs de rhum et aux collectionneurs de pi\u00e8ces hors du commun : La bouteille de Rhum la plus ch\u00e8re du monde.<\/p>\n<p>La bouteille en cristal de Baccarat contient un rhum d\u2019une qualit\u00e9 sans \u00e9gal et jamais commercialis\u00e9 \u00e0 ce jour. Il s\u2019agit de l\u2019exceptionnel mill\u00e9sime 1966 !<\/p>\n<p>Cette bouteille unique au monde est ins\u00e9r\u00e9e sur un socle en bronze jaune patin\u00e9, l\u2019ensemble \u00e9tant dispos\u00e9 dans un \u00e9crin sur mesure r\u00e9alis\u00e9 en cuir vieilli.<br \/>\nL\u2019 ensemble de cette \u0153uvre a n\u00e9cessit\u00e9 plus d\u2019un an de travail et est disponible au prix de 100 000 \u20ac<\/p>\n<p>Cette pi\u00e8ce d\u2019exception se d\u00e9cline aussi en une version en bronze d\u2019art, patin\u00e9 \u00e0 la main et limit\u00e9e \u00e0 8 exemplaires num\u00e9rot\u00e9s pour les collectionneurs d\u2019objets d\u2019exception.<\/p>\n<p>Pour ces 8 pi\u00e8ces le bouchon repr\u00e9sentant l\u2019Habitation Cl\u00e9ment a \u00e9t\u00e9 r\u00e9alis\u00e9 en bronze poli plaqu\u00e9 or jaune et or rouge, ornant ainsi la bouteille plac\u00e9e avec \u00e9l\u00e9gance sur son socle en bronze jaune patin\u00e9 ; l\u2019ensemble habill\u00e9 d\u2019un \u00e9crin unique et disponible au prix de 19 000 \u20ac<\/p>\n<p>Pr\u00e9cieusement conserv\u00e9 depuis des d\u00e9cennies dans le \u00ab paradis \u00bb de l\u2019Habitation CLEMENT \u00e0 la Martinique, le mill\u00e9sime 1966 est un rhum d\u2019une tr\u00e8s grande raret\u00e9.<\/p>\n","protected":false},"excerpt":{"rendered":"<p>De la rencontre entre la Maison Cl\u00e9ment et la Maison Tournaire est n\u00e9 un partenariat permettant de marier les savoir-faire exceptionnels de 2 marques fran\u00e7aises d\u2019excellence. Cette collaboration a permis la cr\u00e9ation d\u2019une pi\u00e8ce unique r\u00e9serv\u00e9e aux plus grands amateurs de rhum et aux collectionneurs de pi\u00e8ces hors du commun : La bouteille de Rhum [&hellip;]<\/p>\n","protected":false},"featured_media":1174,"comment_status":"open","ping_status":"closed","template":"","meta":[],"product_cat":[42],"product_tag":[],"yoast_head":"<!-- This site is optimized with the Yoast SEO plugin v17.4 - https:\/\/yoast.com\/wordpress\/plugins\/seo\/ -->\n<title>Rhum Cl\u00e9ment - Tournaire 1966 - Toys4Vip<\/title>\n<meta name=\"description\" content=\"De la rencontre entre la Maison Cl\u00e9ment et la Maison Tournaire est n\u00e9 un partenariat permettant de marier les savoir-faire exceptionnels de 2 marques fran\u00e7aises d\u2019excellence.Cette collaboration a permis la cr\u00e9ation d\u2019une pi\u00e8ce unique r\u00e9serv\u00e9e aux plus grands amateurs de rhum et aux collectionneurs de pi\u00e8ces hors du commun : La bouteille de Rhum la plus ch\u00e8re du monde.La bouteille en cristal de Baccarat contient un rhum d\u2019une qualit\u00e9 sans \u00e9gal et jamais commercialis\u00e9 \u00e0 ce jour. Il s\u2019agit de l\u2019exceptionnel mill\u00e9sime 1966 !\" \/>\n<meta name=\"robots\" content=\"index, follow, max-snippet:-1, max-image-preview:large, max-video-preview:-1\" \/>\n<link rel=\"canonical\" href=\"https:\/\/www.toys4vip.com\/fr\/luxury-toy\/rhum-clement-tournaire-1966\/328\/\" \/>\n<meta property=\"og:locale\" content=\"fr_FR\" \/>\n<meta property=\"og:type\" content=\"article\" \/>\n<meta property=\"og:title\" content=\"Rhum Cl\u00e9ment - Tournaire 1966 - Toys4Vip\" \/>\n<meta property=\"og:description\" content=\"De la rencontre entre la Maison Cl\u00e9ment et la Maison Tournaire est n\u00e9 un partenariat permettant de marier les savoir-faire exceptionnels de 2 marques fran\u00e7aises d\u2019excellence.Cette collaboration a permis la cr\u00e9ation d\u2019une pi\u00e8ce unique r\u00e9serv\u00e9e aux plus grands amateurs de rhum et aux collectionneurs de pi\u00e8ces hors du commun : La bouteille de Rhum la plus ch\u00e8re du monde.La bouteille en cristal de Baccarat contient un rhum d\u2019une qualit\u00e9 sans \u00e9gal et jamais commercialis\u00e9 \u00e0 ce jour. Il s\u2019agit de l\u2019exceptionnel mill\u00e9sime 1966 !\" \/>\n<meta property=\"og:url\" content=\"https:\/\/www.toys4vip.com\/fr\/luxury-toy\/rhum-clement-tournaire-1966\/328\/\" \/>\n<meta property=\"og:site_name\" content=\"Toys4Vip\" \/>\n<meta property=\"article:modified_time\" content=\"2021-11-13T10:58:33+00:00\" \/>\n<meta property=\"og:image\" content=\"https:\/\/www.toys4vip.com\/app\/uploads\/2021\/11\/main-246.jpg\" \/>\n\t<meta property=\"og:image:width\" content=\"620\" \/>\n\t<meta property=\"og:image:height\" content=\"793\" \/>\n<meta name=\"twitter:card\" content=\"summary_large_image\" \/>\n<meta name=\"twitter:label1\" content=\"Dur\u00e9e de lecture est.\" \/>\n\t<meta name=\"twitter:data1\" content=\"1 minute\" \/>\n<script type=\"application\/ld+json\" class=\"yoast-schema-graph\">{\"@context\":\"https:\/\/schema.org\",\"@graph\":[{\"@type\":\"WebSite\",\"@id\":\"https:\/\/www.toys4vip.com\/fr\/#website\",\"url\":\"https:\/\/www.toys4vip.com\/fr\/\",\"name\":\"Toys4Vip\",\"description\":\"Jouets de luxe nouveau concept store\",\"potentialAction\":[{\"@type\":\"SearchAction\",\"target\":{\"@type\":\"EntryPoint\",\"urlTemplate\":\"https:\/\/www.toys4vip.com\/fr\/?s={search_term_string}\"},\"query-input\":\"required name=search_term_string\"}],\"inLanguage\":\"fr-FR\"},{\"@type\":\"ImageObject\",\"@id\":\"https:\/\/www.toys4vip.com\/fr\/luxury-toy\/rhum-clement-tournaire-1966\/328\/#primaryimage\",\"inLanguage\":\"fr-FR\",\"url\":\"https:\/\/www.toys4vip.com\/app\/uploads\/2021\/11\/main-246.jpg\",\"contentUrl\":\"https:\/\/www.toys4vip.com\/app\/uploads\/2021\/11\/main-246.jpg\",\"width\":620,\"height\":793},{\"@type\":\"WebPage\",\"@id\":\"https:\/\/www.toys4vip.com\/fr\/luxury-toy\/rhum-clement-tournaire-1966\/328\/#webpage\",\"url\":\"https:\/\/www.toys4vip.com\/fr\/luxury-toy\/rhum-clement-tournaire-1966\/328\/\",\"name\":\"Rhum Cl\\u00e9ment - Tournaire 1966 - Toys4Vip\",\"isPartOf\":{\"@id\":\"https:\/\/www.toys4vip.com\/fr\/#website\"},\"primaryImageOfPage\":{\"@id\":\"https:\/\/www.toys4vip.com\/fr\/luxury-toy\/rhum-clement-tournaire-1966\/328\/#primaryimage\"},\"datePublished\":\"2021-11-02T10:30:23+00:00\",\"dateModified\":\"2021-11-13T10:58:33+00:00\",\"description\":\"De la rencontre entre la Maison Cl\\u00e9ment et la Maison Tournaire est n\\u00e9 un partenariat permettant de marier les savoir-faire exceptionnels de 2 marques fran\\u00e7aises d\\u2019excellence.Cette collaboration a permis la cr\\u00e9ation d\\u2019une pi\\u00e8ce unique r\\u00e9serv\\u00e9e aux plus grands amateurs de rhum et aux collectionneurs de pi\\u00e8ces hors du commun : La bouteille de Rhum la plus ch\\u00e8re du monde.La bouteille en cristal de Baccarat contient un rhum d\\u2019une qualit\\u00e9 sans \\u00e9gal et jamais commercialis\\u00e9 \\u00e0 ce jour. Il s\\u2019agit de l\\u2019exceptionnel mill\\u00e9sime 1966 !\",\"breadcrumb\":{\"@id\":\"https:\/\/www.toys4vip.com\/fr\/luxury-toy\/rhum-clement-tournaire-1966\/328\/#breadcrumb\"},\"inLanguage\":\"fr-FR\",\"potentialAction\":[{\"@type\":\"ReadAction\",\"target\":[\"https:\/\/www.toys4vip.com\/fr\/luxury-toy\/rhum-clement-tournaire-1966\/328\/\"]}]},{\"@type\":\"BreadcrumbList\",\"@id\":\"https:\/\/www.toys4vip.com\/fr\/luxury-toy\/rhum-clement-tournaire-1966\/328\/#breadcrumb\",\"itemListElement\":[{\"@type\":\"ListItem\",\"position\":1,\"name\":\"Home\",\"item\":\"https:\/\/www.toys4vip.com\/fr\/\"},{\"@type\":\"ListItem\",\"position\":2,\"name\":\"Objets \/ Cat\\u00e9gories\",\"item\":\"https:\/\/www.toys4vip.com\/fr\/luxury-toys\/\"},{\"@type\":\"ListItem\",\"position\":3,\"name\":\"Rhum Cl\\u00e9ment &#8211; Tournaire 1966\"}]}]}<\/script>\n<!-- \/ Yoast SEO plugin. -->","yoast_head_json":{"title":"Rhum Cl\u00e9ment - Tournaire 1966 - Toys4Vip","description":"De la rencontre entre la Maison Cl\u00e9ment et la Maison Tournaire est n\u00e9 un partenariat permettant de marier les savoir-faire exceptionnels de 2 marques fran\u00e7aises d\u2019excellence.Cette collaboration a permis la cr\u00e9ation d\u2019une pi\u00e8ce unique r\u00e9serv\u00e9e aux plus grands amateurs de rhum et aux collectionneurs de pi\u00e8ces hors du commun : La bouteille de Rhum la plus ch\u00e8re du monde.La bouteille en cristal de Baccarat contient un rhum d\u2019une qualit\u00e9 sans \u00e9gal et jamais commercialis\u00e9 \u00e0 ce jour. Il s\u2019agit de l\u2019exceptionnel mill\u00e9sime 1966 !","robots":{"index":"index","follow":"follow","max-snippet":"max-snippet:-1","max-image-preview":"max-image-preview:large","max-video-preview":"max-video-preview:-1"},"canonical":"https:\/\/www.toys4vip.com\/fr\/luxury-toy\/rhum-clement-tournaire-1966\/328\/","og_locale":"fr_FR","og_type":"article","og_title":"Rhum Cl\u00e9ment - Tournaire 1966 - Toys4Vip","og_description":"De la rencontre entre la Maison Cl\u00e9ment et la Maison Tournaire est n\u00e9 un partenariat permettant de marier les savoir-faire exceptionnels de 2 marques fran\u00e7aises d\u2019excellence.Cette collaboration a permis la cr\u00e9ation d\u2019une pi\u00e8ce unique r\u00e9serv\u00e9e aux plus grands amateurs de rhum et aux collectionneurs de pi\u00e8ces hors du commun : La bouteille de Rhum la plus ch\u00e8re du monde.La bouteille en cristal de Baccarat contient un rhum d\u2019une qualit\u00e9 sans \u00e9gal et jamais commercialis\u00e9 \u00e0 ce jour. Il s\u2019agit de l\u2019exceptionnel mill\u00e9sime 1966 !","og_url":"https:\/\/www.toys4vip.com\/fr\/luxury-toy\/rhum-clement-tournaire-1966\/328\/","og_site_name":"Toys4Vip","article_modified_time":"2021-11-13T10:58:33+00:00","og_image":[{"width":620,"height":793,"url":"https:\/\/www.toys4vip.com\/app\/uploads\/2021\/11\/main-246.jpg","type":"image\/jpeg"}],"twitter_card":"summary_large_image","twitter_misc":{"Dur\u00e9e de lecture est.":"1 minute"},"schema":{"@context":"https:\/\/schema.org","@graph":[{"@type":"WebSite","@id":"https:\/\/www.toys4vip.com\/fr\/#website","url":"https:\/\/www.toys4vip.com\/fr\/","name":"Toys4Vip","description":"Jouets de luxe nouveau concept store","potentialAction":[{"@type":"SearchAction","target":{"@type":"EntryPoint","urlTemplate":"https:\/\/www.toys4vip.com\/fr\/?s={search_term_string}"},"query-input":"required name=search_term_string"}],"inLanguage":"fr-FR"},{"@type":"ImageObject","@id":"https:\/\/www.toys4vip.com\/fr\/luxury-toy\/rhum-clement-tournaire-1966\/328\/#primaryimage","inLanguage":"fr-FR","url":"https:\/\/www.toys4vip.com\/app\/uploads\/2021\/11\/main-246.jpg","contentUrl":"https:\/\/www.toys4vip.com\/app\/uploads\/2021\/11\/main-246.jpg","width":620,"height":793},{"@type":"WebPage","@id":"https:\/\/www.toys4vip.com\/fr\/luxury-toy\/rhum-clement-tournaire-1966\/328\/#webpage","url":"https:\/\/www.toys4vip.com\/fr\/luxury-toy\/rhum-clement-tournaire-1966\/328\/","name":"Rhum Cl\u00e9ment - Tournaire 1966 - Toys4Vip","isPartOf":{"@id":"https:\/\/www.toys4vip.com\/fr\/#website"},"primaryImageOfPage":{"@id":"https:\/\/www.toys4vip.com\/fr\/luxury-toy\/rhum-clement-tournaire-1966\/328\/#primaryimage"},"datePublished":"2021-11-02T10:30:23+00:00","dateModified":"2021-11-13T10:58:33+00:00","description":"De la rencontre entre la Maison Cl\u00e9ment et la Maison Tournaire est n\u00e9 un partenariat permettant de marier les savoir-faire exceptionnels de 2 marques fran\u00e7aises d\u2019excellence.Cette collaboration a permis la cr\u00e9ation d\u2019une pi\u00e8ce unique r\u00e9serv\u00e9e aux plus grands amateurs de rhum et aux collectionneurs de pi\u00e8ces hors du commun : La bouteille de Rhum la plus ch\u00e8re du monde.La bouteille en cristal de Baccarat contient un rhum d\u2019une qualit\u00e9 sans \u00e9gal et jamais commercialis\u00e9 \u00e0 ce jour. Il s\u2019agit de l\u2019exceptionnel mill\u00e9sime 1966 !","breadcrumb":{"@id":"https:\/\/www.toys4vip.com\/fr\/luxury-toy\/rhum-clement-tournaire-1966\/328\/#breadcrumb"},"inLanguage":"fr-FR","potentialAction":[{"@type":"ReadAction","target":["https:\/\/www.toys4vip.com\/fr\/luxury-toy\/rhum-clement-tournaire-1966\/328\/"]}]},{"@type":"BreadcrumbList","@id":"https:\/\/www.toys4vip.com\/fr\/luxury-toy\/rhum-clement-tournaire-1966\/328\/#breadcrumb","itemListElement":[{"@type":"ListItem","position":1,"name":"Home","item":"https:\/\/www.toys4vip.com\/fr\/"},{"@type":"ListItem","position":2,"name":"Objets \/ Cat\u00e9gories","item":"https:\/\/www.toys4vip.com\/fr\/luxury-toys\/"},{"@type":"ListItem","position":3,"name":"Rhum Cl\u00e9ment &#8211; Tournaire 1966"}]}]}},"_links":{"self":[{"href":"https:\/\/www.toys4vip.com\/fr\/wp-json\/wp\/v2\/product\/1176"}],"collection":[{"href":"https:\/\/www.toys4vip.com\/fr\/wp-json\/wp\/v2\/product"}],"about":[{"href":"https:\/\/www.toys4vip.com\/fr\/wp-json\/wp\/v2\/types\/product"}],"replies":[{"embeddable":true,"href":"https:\/\/www.toys4vip.com\/fr\/wp-json\/wp\/v2\/comments?post=1176"}],"wp:featuredmedia":[{"embeddable":true,"href":"https:\/\/www.toys4vip.com\/fr\/wp-json\/wp\/v2\/media\/1174"}],"wp:attachment":[{"href":"https:\/\/www.toys4vip.com\/fr\/wp-json\/wp\/v2\/media?parent=1176"}],"wp:term":[{"taxonomy":"product_cat","embeddable":true,"href":"https:\/\/www.toys4vip.com\/fr\/wp-json\/wp\/v2\/product_cat?post=1176"},{"taxonomy":"product_tag","embeddable":true,"href":"https:\/\/www.toys4vip.com\/fr\/wp-json\/wp\/v2\/product_tag?post=1176"}],"curies":[{"name":"wp","href":"https:\/\/api.w.org\/{rel}","templated":true}]}}