{"id":1149,"date":"2021-11-02T10:30:14","date_gmt":"2021-11-02T10:30:14","guid":{"rendered":"https:\/\/toys4vip.com\/produit\/la-malle-plenitude-by-dom-perignon\/"},"modified":"2021-11-13T10:59:24","modified_gmt":"2021-11-13T10:59:24","slug":"la-malle-plenitude-by-dom-perignon","status":"publish","type":"product","link":"https:\/\/www.toys4vip.com\/fr\/luxury-toy\/la-malle-plenitude-by-dom-perignon\/317\/","title":{"rendered":"La Malle Pl\u00e9nitude by Dom P\u00e9rignon"},"content":{"rendered":"<p>Cette vente aux ench\u00e8res est d\u00e9di\u00e9e \u00e0 un objet vraiment extraordinaire: La Malle Pl\u00e9nitude de Dom P\u00e9rignon. Un coffre fabriqu\u00e9 \u00e0 la main, limit\u00e9 \u00e0 une \u00e9dition de cinq exemplaires, rempli de 23 bouteilles de champagne cueillies \u00e0 la main par Richard Geoffroy, chef de cave de Dom P\u00e9rignon. Par son esth\u00e9tique sur mesure, La Malle Pl\u00e9nitude encapsule v\u00e9ritablement l&rsquo;univers singulier de Dom P\u00e9rignon.<\/p>\n<p>C&rsquo;est une occasion unique de commander un de ces articles exceptionnels, qu&rsquo;on ne trouve nulle part ailleurs, avec la plus belle s\u00e9lection de mill\u00e9simes dans les trois Pl\u00e9nitudes. C&rsquo;est aussi une rare occasion de voir dans le berceau du champagne: l&rsquo;abbaye d&rsquo;Hautvillers, o\u00f9 Dom Pierre P\u00e9rignon s&rsquo;est consacr\u00e9 \u00e0 la perfection de son art.<\/p>\n<p>Pour correspondre \u00e0 la raret\u00e9 de la collection pour laquelle il a \u00e9t\u00e9 cr\u00e9\u00e9, Dom P\u00e9rignon a con\u00e7u le cas ultime. Ce coffre est un article de collection exceptionnel, fabriqu\u00e9 \u00e0 partir des meilleurs mat\u00e9riaux et fabriqu\u00e9 \u00e0 la main selon vos sp\u00e9cifications. La vari\u00e9t\u00e9 de bois, le type et la couleur de cuir, la gravure nominative et les d\u00e9tails de finition seront tous d\u00e9finis par vous, rendant votre tronc enti\u00e8rement unique, un travail d&rsquo;artisanat artisanal.<\/p>\n<p>Les 23 bouteilles de champagne encaiss\u00e9es dans le Tronc Pl\u00e9nitude repr\u00e9sentent un voyage \u00e0 travers 50 ans de l&rsquo;histoire de Dom P\u00e9rignon. Le c\u0153ur de la s\u00e9lection se compose de tous les mill\u00e9simes de la Deuxi\u00e8me Pl\u00e9nitude jusqu&rsquo;ici d\u00e9voil\u00e9s: 10 bouteilles de l&rsquo;\u00e9nergie intense et vibrante de P2. Ils sont accompagn\u00e9s de 10 bouteilles de mill\u00e9simes dans la Premi\u00e8re Pl\u00e9nitude, et de trois bouteilles exceptionnelles de mill\u00e9simes dans la Troisi\u00e8me Pl\u00e9nitude.<\/p>\n","protected":false},"excerpt":{"rendered":"<p>Cette vente aux ench\u00e8res est d\u00e9di\u00e9e \u00e0 un objet vraiment extraordinaire: La Malle Pl\u00e9nitude de Dom P\u00e9rignon. Un coffre fabriqu\u00e9 \u00e0 la main, limit\u00e9 \u00e0 une \u00e9dition de cinq exemplaires, rempli de 23 bouteilles de champagne cueillies \u00e0 la main par Richard Geoffroy, chef de cave de Dom P\u00e9rignon. Par son esth\u00e9tique sur mesure, La [&hellip;]<\/p>\n","protected":false},"featured_media":1147,"comment_status":"open","ping_status":"closed","template":"","meta":[],"product_cat":[42],"product_tag":[],"yoast_head":"<!-- This site is optimized with the Yoast SEO plugin v17.4 - https:\/\/yoast.com\/wordpress\/plugins\/seo\/ -->\n<title>La Malle Pl\u00e9nitude by Dom P\u00e9rignon - Toys4Vip<\/title>\n<meta name=\"description\" content=\"Cette vente aux ench\u00e8res est d\u00e9di\u00e9e \u00e0 un objet vraiment extraordinaire: La Malle Pl\u00e9nitude de Dom P\u00e9rignon. Un coffre fabriqu\u00e9 \u00e0 la main, limit\u00e9 \u00e0 une \u00e9dition de cinq exemplaires, rempli de 23 bouteilles de champagne cueillies \u00e0 la main par Richard Geoffroy, chef de cave de Dom P\u00e9rignon. Par son esth\u00e9tique sur mesure, La Malle Pl\u00e9nitude encapsule v\u00e9ritablement l&#039;univers singulier de Dom P\u00e9rignon.C&#039;est une occasion unique de commander un de ces articles exceptionnels, qu&#039;on ne trouve nulle part ailleurs, avec la plus belle s\u00e9lection de mill\u00e9simes dans les trois Pl\u00e9nitudes.\" \/>\n<meta name=\"robots\" content=\"index, follow, max-snippet:-1, max-image-preview:large, max-video-preview:-1\" \/>\n<link rel=\"canonical\" href=\"https:\/\/www.toys4vip.com\/fr\/luxury-toy\/la-malle-plenitude-by-dom-perignon\/317\/\" \/>\n<meta property=\"og:locale\" content=\"fr_FR\" \/>\n<meta property=\"og:type\" content=\"article\" \/>\n<meta property=\"og:title\" content=\"La Malle Pl\u00e9nitude by Dom P\u00e9rignon - Toys4Vip\" \/>\n<meta property=\"og:description\" content=\"Cette vente aux ench\u00e8res est d\u00e9di\u00e9e \u00e0 un objet vraiment extraordinaire: La Malle Pl\u00e9nitude de Dom P\u00e9rignon. Un coffre fabriqu\u00e9 \u00e0 la main, limit\u00e9 \u00e0 une \u00e9dition de cinq exemplaires, rempli de 23 bouteilles de champagne cueillies \u00e0 la main par Richard Geoffroy, chef de cave de Dom P\u00e9rignon. Par son esth\u00e9tique sur mesure, La Malle Pl\u00e9nitude encapsule v\u00e9ritablement l&#039;univers singulier de Dom P\u00e9rignon.C&#039;est une occasion unique de commander un de ces articles exceptionnels, qu&#039;on ne trouve nulle part ailleurs, avec la plus belle s\u00e9lection de mill\u00e9simes dans les trois Pl\u00e9nitudes.\" \/>\n<meta property=\"og:url\" content=\"https:\/\/www.toys4vip.com\/fr\/luxury-toy\/la-malle-plenitude-by-dom-perignon\/317\/\" \/>\n<meta property=\"og:site_name\" content=\"Toys4Vip\" \/>\n<meta property=\"article:modified_time\" content=\"2021-11-13T10:59:24+00:00\" \/>\n<meta property=\"og:image\" content=\"https:\/\/www.toys4vip.com\/app\/uploads\/2021\/11\/main-238.jpg\" \/>\n\t<meta property=\"og:image:width\" content=\"800\" \/>\n\t<meta property=\"og:image:height\" content=\"565\" \/>\n<meta name=\"twitter:card\" content=\"summary_large_image\" \/>\n<meta name=\"twitter:label1\" content=\"Dur\u00e9e de lecture est.\" \/>\n\t<meta name=\"twitter:data1\" content=\"1 minute\" \/>\n<script type=\"application\/ld+json\" class=\"yoast-schema-graph\">{\"@context\":\"https:\/\/schema.org\",\"@graph\":[{\"@type\":\"WebSite\",\"@id\":\"https:\/\/www.toys4vip.com\/fr\/#website\",\"url\":\"https:\/\/www.toys4vip.com\/fr\/\",\"name\":\"Toys4Vip\",\"description\":\"Jouets de luxe nouveau concept store\",\"potentialAction\":[{\"@type\":\"SearchAction\",\"target\":{\"@type\":\"EntryPoint\",\"urlTemplate\":\"https:\/\/www.toys4vip.com\/fr\/?s={search_term_string}\"},\"query-input\":\"required name=search_term_string\"}],\"inLanguage\":\"fr-FR\"},{\"@type\":\"ImageObject\",\"@id\":\"https:\/\/www.toys4vip.com\/fr\/luxury-toy\/la-malle-plenitude-by-dom-perignon\/317\/#primaryimage\",\"inLanguage\":\"fr-FR\",\"url\":\"https:\/\/www.toys4vip.com\/app\/uploads\/2021\/11\/main-238.jpg\",\"contentUrl\":\"https:\/\/www.toys4vip.com\/app\/uploads\/2021\/11\/main-238.jpg\",\"width\":800,\"height\":565},{\"@type\":\"WebPage\",\"@id\":\"https:\/\/www.toys4vip.com\/fr\/luxury-toy\/la-malle-plenitude-by-dom-perignon\/317\/#webpage\",\"url\":\"https:\/\/www.toys4vip.com\/fr\/luxury-toy\/la-malle-plenitude-by-dom-perignon\/317\/\",\"name\":\"La Malle Pl\\u00e9nitude by Dom P\\u00e9rignon - Toys4Vip\",\"isPartOf\":{\"@id\":\"https:\/\/www.toys4vip.com\/fr\/#website\"},\"primaryImageOfPage\":{\"@id\":\"https:\/\/www.toys4vip.com\/fr\/luxury-toy\/la-malle-plenitude-by-dom-perignon\/317\/#primaryimage\"},\"datePublished\":\"2021-11-02T10:30:14+00:00\",\"dateModified\":\"2021-11-13T10:59:24+00:00\",\"description\":\"Cette vente aux ench\\u00e8res est d\\u00e9di\\u00e9e \\u00e0 un objet vraiment extraordinaire: La Malle Pl\\u00e9nitude de Dom P\\u00e9rignon. Un coffre fabriqu\\u00e9 \\u00e0 la main, limit\\u00e9 \\u00e0 une \\u00e9dition de cinq exemplaires, rempli de 23 bouteilles de champagne cueillies \\u00e0 la main par Richard Geoffroy, chef de cave de Dom P\\u00e9rignon. Par son esth\\u00e9tique sur mesure, La Malle Pl\\u00e9nitude encapsule v\\u00e9ritablement l'univers singulier de Dom P\\u00e9rignon.C'est une occasion unique de commander un de ces articles exceptionnels, qu'on ne trouve nulle part ailleurs, avec la plus belle s\\u00e9lection de mill\\u00e9simes dans les trois Pl\\u00e9nitudes.\",\"breadcrumb\":{\"@id\":\"https:\/\/www.toys4vip.com\/fr\/luxury-toy\/la-malle-plenitude-by-dom-perignon\/317\/#breadcrumb\"},\"inLanguage\":\"fr-FR\",\"potentialAction\":[{\"@type\":\"ReadAction\",\"target\":[\"https:\/\/www.toys4vip.com\/fr\/luxury-toy\/la-malle-plenitude-by-dom-perignon\/317\/\"]}]},{\"@type\":\"BreadcrumbList\",\"@id\":\"https:\/\/www.toys4vip.com\/fr\/luxury-toy\/la-malle-plenitude-by-dom-perignon\/317\/#breadcrumb\",\"itemListElement\":[{\"@type\":\"ListItem\",\"position\":1,\"name\":\"Home\",\"item\":\"https:\/\/www.toys4vip.com\/fr\/\"},{\"@type\":\"ListItem\",\"position\":2,\"name\":\"Objets \/ Cat\\u00e9gories\",\"item\":\"https:\/\/www.toys4vip.com\/fr\/luxury-toys\/\"},{\"@type\":\"ListItem\",\"position\":3,\"name\":\"La Malle Pl\\u00e9nitude by Dom P\\u00e9rignon\"}]}]}<\/script>\n<!-- \/ Yoast SEO plugin. -->","yoast_head_json":{"title":"La Malle Pl\u00e9nitude by Dom P\u00e9rignon - Toys4Vip","description":"Cette vente aux ench\u00e8res est d\u00e9di\u00e9e \u00e0 un objet vraiment extraordinaire: La Malle Pl\u00e9nitude de Dom P\u00e9rignon. Un coffre fabriqu\u00e9 \u00e0 la main, limit\u00e9 \u00e0 une \u00e9dition de cinq exemplaires, rempli de 23 bouteilles de champagne cueillies \u00e0 la main par Richard Geoffroy, chef de cave de Dom P\u00e9rignon. Par son esth\u00e9tique sur mesure, La Malle Pl\u00e9nitude encapsule v\u00e9ritablement l'univers singulier de Dom P\u00e9rignon.C'est une occasion unique de commander un de ces articles exceptionnels, qu'on ne trouve nulle part ailleurs, avec la plus belle s\u00e9lection de mill\u00e9simes dans les trois Pl\u00e9nitudes.","robots":{"index":"index","follow":"follow","max-snippet":"max-snippet:-1","max-image-preview":"max-image-preview:large","max-video-preview":"max-video-preview:-1"},"canonical":"https:\/\/www.toys4vip.com\/fr\/luxury-toy\/la-malle-plenitude-by-dom-perignon\/317\/","og_locale":"fr_FR","og_type":"article","og_title":"La Malle Pl\u00e9nitude by Dom P\u00e9rignon - Toys4Vip","og_description":"Cette vente aux ench\u00e8res est d\u00e9di\u00e9e \u00e0 un objet vraiment extraordinaire: La Malle Pl\u00e9nitude de Dom P\u00e9rignon. Un coffre fabriqu\u00e9 \u00e0 la main, limit\u00e9 \u00e0 une \u00e9dition de cinq exemplaires, rempli de 23 bouteilles de champagne cueillies \u00e0 la main par Richard Geoffroy, chef de cave de Dom P\u00e9rignon. Par son esth\u00e9tique sur mesure, La Malle Pl\u00e9nitude encapsule v\u00e9ritablement l'univers singulier de Dom P\u00e9rignon.C'est une occasion unique de commander un de ces articles exceptionnels, qu'on ne trouve nulle part ailleurs, avec la plus belle s\u00e9lection de mill\u00e9simes dans les trois Pl\u00e9nitudes.","og_url":"https:\/\/www.toys4vip.com\/fr\/luxury-toy\/la-malle-plenitude-by-dom-perignon\/317\/","og_site_name":"Toys4Vip","article_modified_time":"2021-11-13T10:59:24+00:00","og_image":[{"width":800,"height":565,"url":"https:\/\/www.toys4vip.com\/app\/uploads\/2021\/11\/main-238.jpg","type":"image\/jpeg"}],"twitter_card":"summary_large_image","twitter_misc":{"Dur\u00e9e de lecture est.":"1 minute"},"schema":{"@context":"https:\/\/schema.org","@graph":[{"@type":"WebSite","@id":"https:\/\/www.toys4vip.com\/fr\/#website","url":"https:\/\/www.toys4vip.com\/fr\/","name":"Toys4Vip","description":"Jouets de luxe nouveau concept store","potentialAction":[{"@type":"SearchAction","target":{"@type":"EntryPoint","urlTemplate":"https:\/\/www.toys4vip.com\/fr\/?s={search_term_string}"},"query-input":"required name=search_term_string"}],"inLanguage":"fr-FR"},{"@type":"ImageObject","@id":"https:\/\/www.toys4vip.com\/fr\/luxury-toy\/la-malle-plenitude-by-dom-perignon\/317\/#primaryimage","inLanguage":"fr-FR","url":"https:\/\/www.toys4vip.com\/app\/uploads\/2021\/11\/main-238.jpg","contentUrl":"https:\/\/www.toys4vip.com\/app\/uploads\/2021\/11\/main-238.jpg","width":800,"height":565},{"@type":"WebPage","@id":"https:\/\/www.toys4vip.com\/fr\/luxury-toy\/la-malle-plenitude-by-dom-perignon\/317\/#webpage","url":"https:\/\/www.toys4vip.com\/fr\/luxury-toy\/la-malle-plenitude-by-dom-perignon\/317\/","name":"La Malle Pl\u00e9nitude by Dom P\u00e9rignon - Toys4Vip","isPartOf":{"@id":"https:\/\/www.toys4vip.com\/fr\/#website"},"primaryImageOfPage":{"@id":"https:\/\/www.toys4vip.com\/fr\/luxury-toy\/la-malle-plenitude-by-dom-perignon\/317\/#primaryimage"},"datePublished":"2021-11-02T10:30:14+00:00","dateModified":"2021-11-13T10:59:24+00:00","description":"Cette vente aux ench\u00e8res est d\u00e9di\u00e9e \u00e0 un objet vraiment extraordinaire: La Malle Pl\u00e9nitude de Dom P\u00e9rignon. Un coffre fabriqu\u00e9 \u00e0 la main, limit\u00e9 \u00e0 une \u00e9dition de cinq exemplaires, rempli de 23 bouteilles de champagne cueillies \u00e0 la main par Richard Geoffroy, chef de cave de Dom P\u00e9rignon. Par son esth\u00e9tique sur mesure, La Malle Pl\u00e9nitude encapsule v\u00e9ritablement l'univers singulier de Dom P\u00e9rignon.C'est une occasion unique de commander un de ces articles exceptionnels, qu'on ne trouve nulle part ailleurs, avec la plus belle s\u00e9lection de mill\u00e9simes dans les trois Pl\u00e9nitudes.","breadcrumb":{"@id":"https:\/\/www.toys4vip.com\/fr\/luxury-toy\/la-malle-plenitude-by-dom-perignon\/317\/#breadcrumb"},"inLanguage":"fr-FR","potentialAction":[{"@type":"ReadAction","target":["https:\/\/www.toys4vip.com\/fr\/luxury-toy\/la-malle-plenitude-by-dom-perignon\/317\/"]}]},{"@type":"BreadcrumbList","@id":"https:\/\/www.toys4vip.com\/fr\/luxury-toy\/la-malle-plenitude-by-dom-perignon\/317\/#breadcrumb","itemListElement":[{"@type":"ListItem","position":1,"name":"Home","item":"https:\/\/www.toys4vip.com\/fr\/"},{"@type":"ListItem","position":2,"name":"Objets \/ Cat\u00e9gories","item":"https:\/\/www.toys4vip.com\/fr\/luxury-toys\/"},{"@type":"ListItem","position":3,"name":"La Malle Pl\u00e9nitude by Dom P\u00e9rignon"}]}]}},"_links":{"self":[{"href":"https:\/\/www.toys4vip.com\/fr\/wp-json\/wp\/v2\/product\/1149"}],"collection":[{"href":"https:\/\/www.toys4vip.com\/fr\/wp-json\/wp\/v2\/product"}],"about":[{"href":"https:\/\/www.toys4vip.com\/fr\/wp-json\/wp\/v2\/types\/product"}],"replies":[{"embeddable":true,"href":"https:\/\/www.toys4vip.com\/fr\/wp-json\/wp\/v2\/comments?post=1149"}],"wp:featuredmedia":[{"embeddable":true,"href":"https:\/\/www.toys4vip.com\/fr\/wp-json\/wp\/v2\/media\/1147"}],"wp:attachment":[{"href":"https:\/\/www.toys4vip.com\/fr\/wp-json\/wp\/v2\/media?parent=1149"}],"wp:term":[{"taxonomy":"product_cat","embeddable":true,"href":"https:\/\/www.toys4vip.com\/fr\/wp-json\/wp\/v2\/product_cat?post=1149"},{"taxonomy":"product_tag","embeddable":true,"href":"https:\/\/www.toys4vip.com\/fr\/wp-json\/wp\/v2\/product_tag?post=1149"}],"curies":[{"name":"wp","href":"https:\/\/api.w.org\/{rel}","templated":true}]}}