{"id":1140,"date":"2021-11-02T10:30:13","date_gmt":"2021-11-02T10:30:13","guid":{"rendered":"https:\/\/toys4vip.com\/produit\/deepflight-super-falcon\/"},"modified":"2021-11-13T10:59:55","modified_gmt":"2021-11-13T10:59:55","slug":"deepflight-super-falcon","status":"publish","type":"product","link":"https:\/\/www.toys4vip.com\/fr\/luxury-toy\/deepflight-super-falcon\/312\/","title":{"rendered":"Deepflight Super Falcon"},"content":{"rendered":"<p>Oubliez tout ce que vous savez sur les sous-marins: le Super Falcon tire parti des principes et de la dynamique du vol en int\u00e9grant un design ail\u00e9 invers\u00e9 brevet\u00e9. C&rsquo;est l&rsquo;\u00e9quivalent d\u2019un avion, mais sous l\u2019eau. Plonger le Super Falcon Mark II est une exp\u00e9rience radicalement diff\u00e9rente d&rsquo;un sous-marin conventionnel, vous connectant \u00e0 l&rsquo;espace bleu autour de vous comme jamais auparavant.<\/p>\n<p>Con\u00e7us avec la s\u00e9curit\u00e9 comme le crit\u00e8re num\u00e9ro un, tous les bateaux Super Falcon sont soumis aux rigoureuses normes d&rsquo;essai de DeepFlight et sont test\u00e9s sous pression pour la s\u00e9curit\u00e9. Contrairement aux sous-marins conventionnels qui utilisent des syst\u00e8mes \u00e0 ballast variable, le Super Falcon Mark II int\u00e8gre une flottabilit\u00e9 positive fixe &#8211; avec un retour automatique \u00e0 la surface &#8211; offrant une s\u00e9curit\u00e9 in\u00e9gal\u00e9e.<\/p>\n<p>\u00c0 1800 kg et seulement 5,9 m de longueur, le Super Falcon est capable de s&rsquo;adapter sur plus de yachts que n&rsquo;importe quel autre sous-marin sur le march\u00e9 (\u00e0 l&rsquo;exception de sa soeur le Dragon), avec peu ou pas de rafra\u00eechissement n\u00e9cessaire. Nous fournissons des services d&rsquo;int\u00e9gration sur les yachts ainsi que dans les op\u00e9rations \u00e0 terre, y compris avec un achat.<\/p>\n<p>Contrairement aux sous-marins traditionnels \u00e9quip\u00e9s de cockpits aussi compliqu\u00e9s que les 747, le Super Falcon emploie des commandes intuitives, une technologie fly-by-wire et une mise en page simple, vous permettant de plonger votre Super Falcon avec une formation minimale. Si Apple a con\u00e7u un cockpit sous-marin, ce serait le seul.<\/p>\n<p>Gr\u00e2ce \u00e0 sa transmission \u00e0 courant continu sans balai \u00e0 haut rendement et \u00e0 sa batterie lithium-fer-phosphate sous-marine, le Super Falcon est rapide, propre et silencieux. Une tension de syst\u00e8me de 40V et une signature \u00e9lectrique faible rendent le Super Falcon s\u00e9curitaire pour fonctionner autour des nageurs, ainsi que tous les grands animaux marins que vous pourriez rencontrer.<\/p>\n","protected":false},"excerpt":{"rendered":"<p>Oubliez tout ce que vous savez sur les sous-marins: le Super Falcon tire parti des principes et de la dynamique du vol en int\u00e9grant un design ail\u00e9 invers\u00e9 brevet\u00e9. C&rsquo;est l&rsquo;\u00e9quivalent d\u2019un avion, mais sous l\u2019eau. Plonger le Super Falcon Mark II est une exp\u00e9rience radicalement diff\u00e9rente d&rsquo;un sous-marin conventionnel, vous connectant \u00e0 l&rsquo;espace bleu [&hellip;]<\/p>\n","protected":false},"featured_media":1138,"comment_status":"open","ping_status":"closed","template":"","meta":[],"product_cat":[31],"product_tag":[],"yoast_head":"<!-- This site is optimized with the Yoast SEO plugin v17.4 - https:\/\/yoast.com\/wordpress\/plugins\/seo\/ -->\n<title>Deepflight Super Falcon - Toys4Vip<\/title>\n<meta name=\"description\" content=\"Oubliez tout ce que vous savez sur les sous-marins: le Super Falcon tire parti des principes et de la dynamique du vol en int\u00e9grant un design ail\u00e9 invers\u00e9 brevet\u00e9. C&#039;est l&#039;\u00e9quivalent d\u2019un avion, mais sous l\u2019eau. Plonger le Super Falcon Mark II est une exp\u00e9rience radicalement diff\u00e9rente d&#039;un sous-marin conventionnel, vous connectant \u00e0 l&#039;espace bleu autour de vous comme jamais auparavant.Con\u00e7us avec la s\u00e9curit\u00e9 comme le crit\u00e8re num\u00e9ro un, tous les bateaux Super Falcon sont soumis aux rigoureuses normes d&#039;essai de DeepFlight et sont test\u00e9s sous pression pour la s\u00e9curit\u00e9.\" \/>\n<meta name=\"robots\" content=\"index, follow, max-snippet:-1, max-image-preview:large, max-video-preview:-1\" \/>\n<link rel=\"canonical\" href=\"https:\/\/www.toys4vip.com\/fr\/luxury-toy\/deepflight-super-falcon\/312\/\" \/>\n<meta property=\"og:locale\" content=\"fr_FR\" \/>\n<meta property=\"og:type\" content=\"article\" \/>\n<meta property=\"og:title\" content=\"Deepflight Super Falcon - Toys4Vip\" \/>\n<meta property=\"og:description\" content=\"Oubliez tout ce que vous savez sur les sous-marins: le Super Falcon tire parti des principes et de la dynamique du vol en int\u00e9grant un design ail\u00e9 invers\u00e9 brevet\u00e9. C&#039;est l&#039;\u00e9quivalent d\u2019un avion, mais sous l\u2019eau. Plonger le Super Falcon Mark II est une exp\u00e9rience radicalement diff\u00e9rente d&#039;un sous-marin conventionnel, vous connectant \u00e0 l&#039;espace bleu autour de vous comme jamais auparavant.Con\u00e7us avec la s\u00e9curit\u00e9 comme le crit\u00e8re num\u00e9ro un, tous les bateaux Super Falcon sont soumis aux rigoureuses normes d&#039;essai de DeepFlight et sont test\u00e9s sous pression pour la s\u00e9curit\u00e9.\" \/>\n<meta property=\"og:url\" content=\"https:\/\/www.toys4vip.com\/fr\/luxury-toy\/deepflight-super-falcon\/312\/\" \/>\n<meta property=\"og:site_name\" content=\"Toys4Vip\" \/>\n<meta property=\"article:modified_time\" content=\"2021-11-13T10:59:55+00:00\" \/>\n<meta property=\"og:image\" content=\"https:\/\/www.toys4vip.com\/app\/uploads\/2021\/11\/main-235.jpg\" \/>\n\t<meta property=\"og:image:width\" content=\"1799\" \/>\n\t<meta property=\"og:image:height\" content=\"1200\" \/>\n<meta name=\"twitter:card\" content=\"summary_large_image\" \/>\n<meta name=\"twitter:label1\" content=\"Dur\u00e9e de lecture est.\" \/>\n\t<meta name=\"twitter:data1\" content=\"2 minutes\" \/>\n<script type=\"application\/ld+json\" class=\"yoast-schema-graph\">{\"@context\":\"https:\/\/schema.org\",\"@graph\":[{\"@type\":\"WebSite\",\"@id\":\"https:\/\/www.toys4vip.com\/fr\/#website\",\"url\":\"https:\/\/www.toys4vip.com\/fr\/\",\"name\":\"Toys4Vip\",\"description\":\"Jouets de luxe nouveau concept store\",\"potentialAction\":[{\"@type\":\"SearchAction\",\"target\":{\"@type\":\"EntryPoint\",\"urlTemplate\":\"https:\/\/www.toys4vip.com\/fr\/?s={search_term_string}\"},\"query-input\":\"required name=search_term_string\"}],\"inLanguage\":\"fr-FR\"},{\"@type\":\"ImageObject\",\"@id\":\"https:\/\/www.toys4vip.com\/fr\/luxury-toy\/deepflight-super-falcon\/312\/#primaryimage\",\"inLanguage\":\"fr-FR\",\"url\":\"https:\/\/www.toys4vip.com\/app\/uploads\/2021\/11\/main-235.jpg\",\"contentUrl\":\"https:\/\/www.toys4vip.com\/app\/uploads\/2021\/11\/main-235.jpg\",\"width\":1799,\"height\":1200},{\"@type\":\"WebPage\",\"@id\":\"https:\/\/www.toys4vip.com\/fr\/luxury-toy\/deepflight-super-falcon\/312\/#webpage\",\"url\":\"https:\/\/www.toys4vip.com\/fr\/luxury-toy\/deepflight-super-falcon\/312\/\",\"name\":\"Deepflight Super Falcon - Toys4Vip\",\"isPartOf\":{\"@id\":\"https:\/\/www.toys4vip.com\/fr\/#website\"},\"primaryImageOfPage\":{\"@id\":\"https:\/\/www.toys4vip.com\/fr\/luxury-toy\/deepflight-super-falcon\/312\/#primaryimage\"},\"datePublished\":\"2021-11-02T10:30:13+00:00\",\"dateModified\":\"2021-11-13T10:59:55+00:00\",\"description\":\"Oubliez tout ce que vous savez sur les sous-marins: le Super Falcon tire parti des principes et de la dynamique du vol en int\\u00e9grant un design ail\\u00e9 invers\\u00e9 brevet\\u00e9. C'est l'\\u00e9quivalent d\\u2019un avion, mais sous l\\u2019eau. Plonger le Super Falcon Mark II est une exp\\u00e9rience radicalement diff\\u00e9rente d'un sous-marin conventionnel, vous connectant \\u00e0 l'espace bleu autour de vous comme jamais auparavant.Con\\u00e7us avec la s\\u00e9curit\\u00e9 comme le crit\\u00e8re num\\u00e9ro un, tous les bateaux Super Falcon sont soumis aux rigoureuses normes d'essai de DeepFlight et sont test\\u00e9s sous pression pour la s\\u00e9curit\\u00e9.\",\"breadcrumb\":{\"@id\":\"https:\/\/www.toys4vip.com\/fr\/luxury-toy\/deepflight-super-falcon\/312\/#breadcrumb\"},\"inLanguage\":\"fr-FR\",\"potentialAction\":[{\"@type\":\"ReadAction\",\"target\":[\"https:\/\/www.toys4vip.com\/fr\/luxury-toy\/deepflight-super-falcon\/312\/\"]}]},{\"@type\":\"BreadcrumbList\",\"@id\":\"https:\/\/www.toys4vip.com\/fr\/luxury-toy\/deepflight-super-falcon\/312\/#breadcrumb\",\"itemListElement\":[{\"@type\":\"ListItem\",\"position\":1,\"name\":\"Home\",\"item\":\"https:\/\/www.toys4vip.com\/fr\/\"},{\"@type\":\"ListItem\",\"position\":2,\"name\":\"Objets \/ Cat\\u00e9gories\",\"item\":\"https:\/\/www.toys4vip.com\/fr\/luxury-toys\/\"},{\"@type\":\"ListItem\",\"position\":3,\"name\":\"Deepflight Super Falcon\"}]}]}<\/script>\n<!-- \/ Yoast SEO plugin. -->","yoast_head_json":{"title":"Deepflight Super Falcon - Toys4Vip","description":"Oubliez tout ce que vous savez sur les sous-marins: le Super Falcon tire parti des principes et de la dynamique du vol en int\u00e9grant un design ail\u00e9 invers\u00e9 brevet\u00e9. C'est l'\u00e9quivalent d\u2019un avion, mais sous l\u2019eau. Plonger le Super Falcon Mark II est une exp\u00e9rience radicalement diff\u00e9rente d'un sous-marin conventionnel, vous connectant \u00e0 l'espace bleu autour de vous comme jamais auparavant.Con\u00e7us avec la s\u00e9curit\u00e9 comme le crit\u00e8re num\u00e9ro un, tous les bateaux Super Falcon sont soumis aux rigoureuses normes d'essai de DeepFlight et sont test\u00e9s sous pression pour la s\u00e9curit\u00e9.","robots":{"index":"index","follow":"follow","max-snippet":"max-snippet:-1","max-image-preview":"max-image-preview:large","max-video-preview":"max-video-preview:-1"},"canonical":"https:\/\/www.toys4vip.com\/fr\/luxury-toy\/deepflight-super-falcon\/312\/","og_locale":"fr_FR","og_type":"article","og_title":"Deepflight Super Falcon - Toys4Vip","og_description":"Oubliez tout ce que vous savez sur les sous-marins: le Super Falcon tire parti des principes et de la dynamique du vol en int\u00e9grant un design ail\u00e9 invers\u00e9 brevet\u00e9. C'est l'\u00e9quivalent d\u2019un avion, mais sous l\u2019eau. Plonger le Super Falcon Mark II est une exp\u00e9rience radicalement diff\u00e9rente d'un sous-marin conventionnel, vous connectant \u00e0 l'espace bleu autour de vous comme jamais auparavant.Con\u00e7us avec la s\u00e9curit\u00e9 comme le crit\u00e8re num\u00e9ro un, tous les bateaux Super Falcon sont soumis aux rigoureuses normes d'essai de DeepFlight et sont test\u00e9s sous pression pour la s\u00e9curit\u00e9.","og_url":"https:\/\/www.toys4vip.com\/fr\/luxury-toy\/deepflight-super-falcon\/312\/","og_site_name":"Toys4Vip","article_modified_time":"2021-11-13T10:59:55+00:00","og_image":[{"width":1799,"height":1200,"url":"https:\/\/www.toys4vip.com\/app\/uploads\/2021\/11\/main-235.jpg","type":"image\/jpeg"}],"twitter_card":"summary_large_image","twitter_misc":{"Dur\u00e9e de lecture est.":"2 minutes"},"schema":{"@context":"https:\/\/schema.org","@graph":[{"@type":"WebSite","@id":"https:\/\/www.toys4vip.com\/fr\/#website","url":"https:\/\/www.toys4vip.com\/fr\/","name":"Toys4Vip","description":"Jouets de luxe nouveau concept store","potentialAction":[{"@type":"SearchAction","target":{"@type":"EntryPoint","urlTemplate":"https:\/\/www.toys4vip.com\/fr\/?s={search_term_string}"},"query-input":"required name=search_term_string"}],"inLanguage":"fr-FR"},{"@type":"ImageObject","@id":"https:\/\/www.toys4vip.com\/fr\/luxury-toy\/deepflight-super-falcon\/312\/#primaryimage","inLanguage":"fr-FR","url":"https:\/\/www.toys4vip.com\/app\/uploads\/2021\/11\/main-235.jpg","contentUrl":"https:\/\/www.toys4vip.com\/app\/uploads\/2021\/11\/main-235.jpg","width":1799,"height":1200},{"@type":"WebPage","@id":"https:\/\/www.toys4vip.com\/fr\/luxury-toy\/deepflight-super-falcon\/312\/#webpage","url":"https:\/\/www.toys4vip.com\/fr\/luxury-toy\/deepflight-super-falcon\/312\/","name":"Deepflight Super Falcon - Toys4Vip","isPartOf":{"@id":"https:\/\/www.toys4vip.com\/fr\/#website"},"primaryImageOfPage":{"@id":"https:\/\/www.toys4vip.com\/fr\/luxury-toy\/deepflight-super-falcon\/312\/#primaryimage"},"datePublished":"2021-11-02T10:30:13+00:00","dateModified":"2021-11-13T10:59:55+00:00","description":"Oubliez tout ce que vous savez sur les sous-marins: le Super Falcon tire parti des principes et de la dynamique du vol en int\u00e9grant un design ail\u00e9 invers\u00e9 brevet\u00e9. C'est l'\u00e9quivalent d\u2019un avion, mais sous l\u2019eau. Plonger le Super Falcon Mark II est une exp\u00e9rience radicalement diff\u00e9rente d'un sous-marin conventionnel, vous connectant \u00e0 l'espace bleu autour de vous comme jamais auparavant.Con\u00e7us avec la s\u00e9curit\u00e9 comme le crit\u00e8re num\u00e9ro un, tous les bateaux Super Falcon sont soumis aux rigoureuses normes d'essai de DeepFlight et sont test\u00e9s sous pression pour la s\u00e9curit\u00e9.","breadcrumb":{"@id":"https:\/\/www.toys4vip.com\/fr\/luxury-toy\/deepflight-super-falcon\/312\/#breadcrumb"},"inLanguage":"fr-FR","potentialAction":[{"@type":"ReadAction","target":["https:\/\/www.toys4vip.com\/fr\/luxury-toy\/deepflight-super-falcon\/312\/"]}]},{"@type":"BreadcrumbList","@id":"https:\/\/www.toys4vip.com\/fr\/luxury-toy\/deepflight-super-falcon\/312\/#breadcrumb","itemListElement":[{"@type":"ListItem","position":1,"name":"Home","item":"https:\/\/www.toys4vip.com\/fr\/"},{"@type":"ListItem","position":2,"name":"Objets \/ Cat\u00e9gories","item":"https:\/\/www.toys4vip.com\/fr\/luxury-toys\/"},{"@type":"ListItem","position":3,"name":"Deepflight Super Falcon"}]}]}},"_links":{"self":[{"href":"https:\/\/www.toys4vip.com\/fr\/wp-json\/wp\/v2\/product\/1140"}],"collection":[{"href":"https:\/\/www.toys4vip.com\/fr\/wp-json\/wp\/v2\/product"}],"about":[{"href":"https:\/\/www.toys4vip.com\/fr\/wp-json\/wp\/v2\/types\/product"}],"replies":[{"embeddable":true,"href":"https:\/\/www.toys4vip.com\/fr\/wp-json\/wp\/v2\/comments?post=1140"}],"wp:featuredmedia":[{"embeddable":true,"href":"https:\/\/www.toys4vip.com\/fr\/wp-json\/wp\/v2\/media\/1138"}],"wp:attachment":[{"href":"https:\/\/www.toys4vip.com\/fr\/wp-json\/wp\/v2\/media?parent=1140"}],"wp:term":[{"taxonomy":"product_cat","embeddable":true,"href":"https:\/\/www.toys4vip.com\/fr\/wp-json\/wp\/v2\/product_cat?post=1140"},{"taxonomy":"product_tag","embeddable":true,"href":"https:\/\/www.toys4vip.com\/fr\/wp-json\/wp\/v2\/product_tag?post=1140"}],"curies":[{"name":"wp","href":"https:\/\/api.w.org\/{rel}","templated":true}]}}