{"id":1137,"date":"2021-11-02T10:30:12","date_gmt":"2021-11-02T10:30:12","guid":{"rendered":"https:\/\/toys4vip.com\/produit\/sennheiser-he-1\/"},"modified":"2021-11-13T11:00:15","modified_gmt":"2021-11-13T11:00:15","slug":"sennheiser-he-1","status":"publish","type":"product","link":"https:\/\/www.toys4vip.com\/fr\/luxury-toy\/sennheiser-he-1\/311\/","title":{"rendered":"Sennheiser HE 1"},"content":{"rendered":"<p>En 1991, nous avons cr\u00e9\u00e9 le meilleur casque du monde. Nous l&rsquo;avions baptis\u00e9 Orpheus. Aujourd&rsquo;hui, nous recommen\u00e7ons. Dans toute sa beaut\u00e9 mystique et intemporelle. Con\u00e7u \u00e0 la perfection. Dot\u00e9 de fonctionnalit\u00e9s uniques et d&rsquo;une technologie de pointe, ce casque transforme la musique : vous ne l&rsquo;\u00e9coutez plus, vous la vivez.<\/p>\n<p>Vous n&rsquo;avez sans doute jamais vu un casque d&rsquo;une telle beaut\u00e9. Mais ce n&rsquo;est qu&rsquo;une mise en bouche. Regardez le Sennheiser HE 1 s&rsquo;\u00e9veiller progressivement apr\u00e8s contact \u2013 ce qui laisse les tubes de son amplificateur atteindre leur temp\u00e9rature optimale. Puis mettez-le et voyagez au c\u0153ur d&rsquo;un son pur. L\u00e0 o\u00f9 vous n&rsquo;avez jamais \u00e9t\u00e9. En des lieux cach\u00e9s dans votre musique. Sur vinyle. Sur CD. Dans des fichiers de donn\u00e9es \u00e0 haute r\u00e9solution.<\/p>\n<p>Les avantages des amplificateurs \u00e0 tubes et des amplificateurs \u00e0 transistors \u2013 avec le Sennheiser HE 1, vous les avez tous. Gr\u00e2ce \u00e0 une conception de circuit en attente de brevet. Avec ses tubes \u00e0 vide connect\u00e9s \u00e0 la base en marbre amortie par ressorts pour \u00e9viter les bruits de structure et sa ceinture de lampes \u00e0 quartz de haute qualit\u00e9 qui prot\u00e8gent contre les bruits a\u00e9riens, cet amplificateur de pointe apporte une fid\u00e9lit\u00e9 d&rsquo;impulsion ultra-\u00e9lev\u00e9e pour un niveau de distorsion ultra-faible. Pour la conversion num\u00e9rique\/analogique, l&rsquo;amplificateur peut recevoir des signaux num\u00e9riques par les entr\u00e9es SPDIF optique et coaxiale ou l&rsquo;entr\u00e9e USB, il accepte \u00e9galement les donn\u00e9es PCM et DSD \u00e0 haute r\u00e9solution. Les donn\u00e9es musicales sont converties en signaux analogiques \u00e0 l&rsquo;aide des 8 convertisseurs N\/A internes du SABRE ES9018 d&rsquo;ESS. Quatre canaux sont utilis\u00e9s en parall\u00e8le pour chaque c\u00f4t\u00e9 de la st\u00e9r\u00e9o afin d&rsquo;am\u00e9liorer l&rsquo;exactitude et de r\u00e9duire le niveau de distorsion et de bruit.<\/p>\n<p>Le design exceptionnel de le Sennheiser HE 1 associe la forme \u00e0 la fonction. Son amplificateur repose sur une base compos\u00e9e de verre et d&rsquo;un bloc massif de marbre de Carrare. Cette luxueuse pierre naturelle \u2013 rendue c\u00e9l\u00e8bre par les sculptures de la renaissance de Michel-Ange \u2013 participe \u00e0 la beaut\u00e9 de l&rsquo;objet mais emp\u00eache \u00e9galement les bruits de structure. Pour un design visuellement magnifique, les boutons de commande b\u00e9n\u00e9ficient d&rsquo;une r\u00e9alisation m\u00e9ticuleuse de la plus haute qualit\u00e9. Chacun est usin\u00e9 dans un seul bloc d&rsquo;aluminium avant son plaquage chrome. C&rsquo;est la musique faite objet.<\/p>\n","protected":false},"excerpt":{"rendered":"<p>En 1991, nous avons cr\u00e9\u00e9 le meilleur casque du monde. Nous l&rsquo;avions baptis\u00e9 Orpheus. Aujourd&rsquo;hui, nous recommen\u00e7ons. Dans toute sa beaut\u00e9 mystique et intemporelle. Con\u00e7u \u00e0 la perfection. Dot\u00e9 de fonctionnalit\u00e9s uniques et d&rsquo;une technologie de pointe, ce casque transforme la musique : vous ne l&rsquo;\u00e9coutez plus, vous la vivez. Vous n&rsquo;avez sans doute jamais [&hellip;]<\/p>\n","protected":false},"featured_media":1135,"comment_status":"open","ping_status":"closed","template":"","meta":[],"product_cat":[33],"product_tag":[],"yoast_head":"<!-- This site is optimized with the Yoast SEO plugin v17.4 - https:\/\/yoast.com\/wordpress\/plugins\/seo\/ -->\n<title>Sennheiser HE 1 - Toys4Vip<\/title>\n<meta name=\"description\" content=\"En 1991, nous avons cr\u00e9\u00e9 le meilleur casque du monde. Nous l&#039;avions baptis\u00e9 Orpheus. Aujourd&#039;hui, nous recommen\u00e7ons. Dans toute sa beaut\u00e9 mystique et intemporelle. Con\u00e7u \u00e0 la perfection. Dot\u00e9 de fonctionnalit\u00e9s uniques et d&#039;une technologie de pointe, ce casque transforme la musique : vous ne l&#039;\u00e9coutez plus, vous la vivez.Vous n&#039;avez sans doute jamais vu un casque d&#039;une telle beaut\u00e9. Mais ce n&#039;est qu&#039;une mise en bouche. Regardez le Sennheiser HE 1 s&#039;\u00e9veiller progressivement apr\u00e8s contact \u2013 ce qui laisse les tubes de son amplificateur atteindre leur temp\u00e9rature optimale. Puis mettez-le et voyagez au c\u0153ur d&#039;un son pur.\" \/>\n<meta name=\"robots\" content=\"index, follow, max-snippet:-1, max-image-preview:large, max-video-preview:-1\" \/>\n<link rel=\"canonical\" href=\"https:\/\/www.toys4vip.com\/fr\/luxury-toy\/sennheiser-he-1\/311\/\" \/>\n<meta property=\"og:locale\" content=\"fr_FR\" \/>\n<meta property=\"og:type\" content=\"article\" \/>\n<meta property=\"og:title\" content=\"Sennheiser HE 1 - Toys4Vip\" \/>\n<meta property=\"og:description\" content=\"En 1991, nous avons cr\u00e9\u00e9 le meilleur casque du monde. Nous l&#039;avions baptis\u00e9 Orpheus. Aujourd&#039;hui, nous recommen\u00e7ons. Dans toute sa beaut\u00e9 mystique et intemporelle. Con\u00e7u \u00e0 la perfection. Dot\u00e9 de fonctionnalit\u00e9s uniques et d&#039;une technologie de pointe, ce casque transforme la musique : vous ne l&#039;\u00e9coutez plus, vous la vivez.Vous n&#039;avez sans doute jamais vu un casque d&#039;une telle beaut\u00e9. Mais ce n&#039;est qu&#039;une mise en bouche. Regardez le Sennheiser HE 1 s&#039;\u00e9veiller progressivement apr\u00e8s contact \u2013 ce qui laisse les tubes de son amplificateur atteindre leur temp\u00e9rature optimale. Puis mettez-le et voyagez au c\u0153ur d&#039;un son pur.\" \/>\n<meta property=\"og:url\" content=\"https:\/\/www.toys4vip.com\/fr\/luxury-toy\/sennheiser-he-1\/311\/\" \/>\n<meta property=\"og:site_name\" content=\"Toys4Vip\" \/>\n<meta property=\"article:modified_time\" content=\"2021-11-13T11:00:15+00:00\" \/>\n<meta property=\"og:image\" content=\"https:\/\/www.toys4vip.com\/app\/uploads\/2021\/11\/main-234.jpg\" \/>\n\t<meta property=\"og:image:width\" content=\"950\" \/>\n\t<meta property=\"og:image:height\" content=\"534\" \/>\n<meta name=\"twitter:card\" content=\"summary_large_image\" \/>\n<meta name=\"twitter:label1\" content=\"Dur\u00e9e de lecture est.\" \/>\n\t<meta name=\"twitter:data1\" content=\"2 minutes\" \/>\n<script type=\"application\/ld+json\" class=\"yoast-schema-graph\">{\"@context\":\"https:\/\/schema.org\",\"@graph\":[{\"@type\":\"WebSite\",\"@id\":\"https:\/\/www.toys4vip.com\/fr\/#website\",\"url\":\"https:\/\/www.toys4vip.com\/fr\/\",\"name\":\"Toys4Vip\",\"description\":\"Jouets de luxe nouveau concept store\",\"potentialAction\":[{\"@type\":\"SearchAction\",\"target\":{\"@type\":\"EntryPoint\",\"urlTemplate\":\"https:\/\/www.toys4vip.com\/fr\/?s={search_term_string}\"},\"query-input\":\"required name=search_term_string\"}],\"inLanguage\":\"fr-FR\"},{\"@type\":\"ImageObject\",\"@id\":\"https:\/\/www.toys4vip.com\/fr\/luxury-toy\/sennheiser-he-1\/311\/#primaryimage\",\"inLanguage\":\"fr-FR\",\"url\":\"https:\/\/www.toys4vip.com\/app\/uploads\/2021\/11\/main-234.jpg\",\"contentUrl\":\"https:\/\/www.toys4vip.com\/app\/uploads\/2021\/11\/main-234.jpg\",\"width\":950,\"height\":534},{\"@type\":\"WebPage\",\"@id\":\"https:\/\/www.toys4vip.com\/fr\/luxury-toy\/sennheiser-he-1\/311\/#webpage\",\"url\":\"https:\/\/www.toys4vip.com\/fr\/luxury-toy\/sennheiser-he-1\/311\/\",\"name\":\"Sennheiser HE 1 - Toys4Vip\",\"isPartOf\":{\"@id\":\"https:\/\/www.toys4vip.com\/fr\/#website\"},\"primaryImageOfPage\":{\"@id\":\"https:\/\/www.toys4vip.com\/fr\/luxury-toy\/sennheiser-he-1\/311\/#primaryimage\"},\"datePublished\":\"2021-11-02T10:30:12+00:00\",\"dateModified\":\"2021-11-13T11:00:15+00:00\",\"description\":\"En 1991, nous avons cr\\u00e9\\u00e9 le meilleur casque du monde. Nous l'avions baptis\\u00e9 Orpheus. Aujourd'hui, nous recommen\\u00e7ons. Dans toute sa beaut\\u00e9 mystique et intemporelle. Con\\u00e7u \\u00e0 la perfection. Dot\\u00e9 de fonctionnalit\\u00e9s uniques et d'une technologie de pointe, ce casque transforme la musique : vous ne l'\\u00e9coutez plus, vous la vivez.Vous n'avez sans doute jamais vu un casque d'une telle beaut\\u00e9. Mais ce n'est qu'une mise en bouche. Regardez le Sennheiser HE 1 s'\\u00e9veiller progressivement apr\\u00e8s contact \\u2013 ce qui laisse les tubes de son amplificateur atteindre leur temp\\u00e9rature optimale. Puis mettez-le et voyagez au c\\u0153ur d'un son pur.\",\"breadcrumb\":{\"@id\":\"https:\/\/www.toys4vip.com\/fr\/luxury-toy\/sennheiser-he-1\/311\/#breadcrumb\"},\"inLanguage\":\"fr-FR\",\"potentialAction\":[{\"@type\":\"ReadAction\",\"target\":[\"https:\/\/www.toys4vip.com\/fr\/luxury-toy\/sennheiser-he-1\/311\/\"]}]},{\"@type\":\"BreadcrumbList\",\"@id\":\"https:\/\/www.toys4vip.com\/fr\/luxury-toy\/sennheiser-he-1\/311\/#breadcrumb\",\"itemListElement\":[{\"@type\":\"ListItem\",\"position\":1,\"name\":\"Home\",\"item\":\"https:\/\/www.toys4vip.com\/fr\/\"},{\"@type\":\"ListItem\",\"position\":2,\"name\":\"Objets \/ Cat\\u00e9gories\",\"item\":\"https:\/\/www.toys4vip.com\/fr\/luxury-toys\/\"},{\"@type\":\"ListItem\",\"position\":3,\"name\":\"Sennheiser HE 1\"}]}]}<\/script>\n<!-- \/ Yoast SEO plugin. -->","yoast_head_json":{"title":"Sennheiser HE 1 - Toys4Vip","description":"En 1991, nous avons cr\u00e9\u00e9 le meilleur casque du monde. Nous l'avions baptis\u00e9 Orpheus. Aujourd'hui, nous recommen\u00e7ons. Dans toute sa beaut\u00e9 mystique et intemporelle. Con\u00e7u \u00e0 la perfection. Dot\u00e9 de fonctionnalit\u00e9s uniques et d'une technologie de pointe, ce casque transforme la musique : vous ne l'\u00e9coutez plus, vous la vivez.Vous n'avez sans doute jamais vu un casque d'une telle beaut\u00e9. Mais ce n'est qu'une mise en bouche. Regardez le Sennheiser HE 1 s'\u00e9veiller progressivement apr\u00e8s contact \u2013 ce qui laisse les tubes de son amplificateur atteindre leur temp\u00e9rature optimale. Puis mettez-le et voyagez au c\u0153ur d'un son pur.","robots":{"index":"index","follow":"follow","max-snippet":"max-snippet:-1","max-image-preview":"max-image-preview:large","max-video-preview":"max-video-preview:-1"},"canonical":"https:\/\/www.toys4vip.com\/fr\/luxury-toy\/sennheiser-he-1\/311\/","og_locale":"fr_FR","og_type":"article","og_title":"Sennheiser HE 1 - Toys4Vip","og_description":"En 1991, nous avons cr\u00e9\u00e9 le meilleur casque du monde. Nous l'avions baptis\u00e9 Orpheus. Aujourd'hui, nous recommen\u00e7ons. Dans toute sa beaut\u00e9 mystique et intemporelle. Con\u00e7u \u00e0 la perfection. Dot\u00e9 de fonctionnalit\u00e9s uniques et d'une technologie de pointe, ce casque transforme la musique : vous ne l'\u00e9coutez plus, vous la vivez.Vous n'avez sans doute jamais vu un casque d'une telle beaut\u00e9. Mais ce n'est qu'une mise en bouche. Regardez le Sennheiser HE 1 s'\u00e9veiller progressivement apr\u00e8s contact \u2013 ce qui laisse les tubes de son amplificateur atteindre leur temp\u00e9rature optimale. Puis mettez-le et voyagez au c\u0153ur d'un son pur.","og_url":"https:\/\/www.toys4vip.com\/fr\/luxury-toy\/sennheiser-he-1\/311\/","og_site_name":"Toys4Vip","article_modified_time":"2021-11-13T11:00:15+00:00","og_image":[{"width":950,"height":534,"url":"https:\/\/www.toys4vip.com\/app\/uploads\/2021\/11\/main-234.jpg","type":"image\/jpeg"}],"twitter_card":"summary_large_image","twitter_misc":{"Dur\u00e9e de lecture est.":"2 minutes"},"schema":{"@context":"https:\/\/schema.org","@graph":[{"@type":"WebSite","@id":"https:\/\/www.toys4vip.com\/fr\/#website","url":"https:\/\/www.toys4vip.com\/fr\/","name":"Toys4Vip","description":"Jouets de luxe nouveau concept store","potentialAction":[{"@type":"SearchAction","target":{"@type":"EntryPoint","urlTemplate":"https:\/\/www.toys4vip.com\/fr\/?s={search_term_string}"},"query-input":"required name=search_term_string"}],"inLanguage":"fr-FR"},{"@type":"ImageObject","@id":"https:\/\/www.toys4vip.com\/fr\/luxury-toy\/sennheiser-he-1\/311\/#primaryimage","inLanguage":"fr-FR","url":"https:\/\/www.toys4vip.com\/app\/uploads\/2021\/11\/main-234.jpg","contentUrl":"https:\/\/www.toys4vip.com\/app\/uploads\/2021\/11\/main-234.jpg","width":950,"height":534},{"@type":"WebPage","@id":"https:\/\/www.toys4vip.com\/fr\/luxury-toy\/sennheiser-he-1\/311\/#webpage","url":"https:\/\/www.toys4vip.com\/fr\/luxury-toy\/sennheiser-he-1\/311\/","name":"Sennheiser HE 1 - Toys4Vip","isPartOf":{"@id":"https:\/\/www.toys4vip.com\/fr\/#website"},"primaryImageOfPage":{"@id":"https:\/\/www.toys4vip.com\/fr\/luxury-toy\/sennheiser-he-1\/311\/#primaryimage"},"datePublished":"2021-11-02T10:30:12+00:00","dateModified":"2021-11-13T11:00:15+00:00","description":"En 1991, nous avons cr\u00e9\u00e9 le meilleur casque du monde. Nous l'avions baptis\u00e9 Orpheus. Aujourd'hui, nous recommen\u00e7ons. Dans toute sa beaut\u00e9 mystique et intemporelle. Con\u00e7u \u00e0 la perfection. Dot\u00e9 de fonctionnalit\u00e9s uniques et d'une technologie de pointe, ce casque transforme la musique : vous ne l'\u00e9coutez plus, vous la vivez.Vous n'avez sans doute jamais vu un casque d'une telle beaut\u00e9. Mais ce n'est qu'une mise en bouche. Regardez le Sennheiser HE 1 s'\u00e9veiller progressivement apr\u00e8s contact \u2013 ce qui laisse les tubes de son amplificateur atteindre leur temp\u00e9rature optimale. Puis mettez-le et voyagez au c\u0153ur d'un son pur.","breadcrumb":{"@id":"https:\/\/www.toys4vip.com\/fr\/luxury-toy\/sennheiser-he-1\/311\/#breadcrumb"},"inLanguage":"fr-FR","potentialAction":[{"@type":"ReadAction","target":["https:\/\/www.toys4vip.com\/fr\/luxury-toy\/sennheiser-he-1\/311\/"]}]},{"@type":"BreadcrumbList","@id":"https:\/\/www.toys4vip.com\/fr\/luxury-toy\/sennheiser-he-1\/311\/#breadcrumb","itemListElement":[{"@type":"ListItem","position":1,"name":"Home","item":"https:\/\/www.toys4vip.com\/fr\/"},{"@type":"ListItem","position":2,"name":"Objets \/ Cat\u00e9gories","item":"https:\/\/www.toys4vip.com\/fr\/luxury-toys\/"},{"@type":"ListItem","position":3,"name":"Sennheiser HE 1"}]}]}},"_links":{"self":[{"href":"https:\/\/www.toys4vip.com\/fr\/wp-json\/wp\/v2\/product\/1137"}],"collection":[{"href":"https:\/\/www.toys4vip.com\/fr\/wp-json\/wp\/v2\/product"}],"about":[{"href":"https:\/\/www.toys4vip.com\/fr\/wp-json\/wp\/v2\/types\/product"}],"replies":[{"embeddable":true,"href":"https:\/\/www.toys4vip.com\/fr\/wp-json\/wp\/v2\/comments?post=1137"}],"wp:featuredmedia":[{"embeddable":true,"href":"https:\/\/www.toys4vip.com\/fr\/wp-json\/wp\/v2\/media\/1135"}],"wp:attachment":[{"href":"https:\/\/www.toys4vip.com\/fr\/wp-json\/wp\/v2\/media?parent=1137"}],"wp:term":[{"taxonomy":"product_cat","embeddable":true,"href":"https:\/\/www.toys4vip.com\/fr\/wp-json\/wp\/v2\/product_cat?post=1137"},{"taxonomy":"product_tag","embeddable":true,"href":"https:\/\/www.toys4vip.com\/fr\/wp-json\/wp\/v2\/product_tag?post=1137"}],"curies":[{"name":"wp","href":"https:\/\/api.w.org\/{rel}","templated":true}]}}