{"id":1134,"date":"2021-11-02T10:30:12","date_gmt":"2021-11-02T10:30:12","guid":{"rendered":"https:\/\/toys4vip.com\/produit\/bar-a-vin-mobile\/"},"modified":"2021-11-13T11:00:03","modified_gmt":"2021-11-13T11:00:03","slug":"bar-a-vin-mobile","status":"publish","type":"product","link":"https:\/\/www.toys4vip.com\/fr\/luxury-toy\/bar-a-vin-mobile\/310\/","title":{"rendered":"Bar \u00e0 Vin Mobile"},"content":{"rendered":"<p>Le Bongos Wine est un bar \u00e0 vin mobile et autonome, avec deux r\u00e9frig\u00e9rateurs \u00e0 vin ind\u00e9pendants.<\/p>\n<p>Etant amateur our professionnel, vous avez la possibilit\u00e9 de conserver et servir de diff\u00e9rents types de vin \u00e0 la temp\u00e9rature adapt\u00e9e. Huit porte-bouteilles, deux porte-verres, des r\u00e9cipi\u00ebnts \u00e0 snacker,<br \/>\nun porte gla\u00e7ons et une tablette pour servir le vin sont int\u00e9gr\u00e9s dans l\u2019appareil.<\/p>\n<p>Le Bar est fabriqu\u00e9 avec 4 roues pivotantes, afin de pouvoir le d\u00e9placer facilement.<br \/>\nLa fabrication enti\u00e8rement en inoxydable permet de l\u2019employer \u00e0 l\u2019ext\u00e9rieur \u00e9galement.<br \/>\nLa surface de travail en inoxydable de 67&#215;136 cm est tr\u00e8s facile \u00e0 nettoyer, grace \u00e0 sa forme lisse. Les planches sont adaptables aux bouteilles de vin, les portes bouteilles en inox, ainsi que les r\u00e9cipients pour les fruits ou les snacks sont d\u00e9montables et interchangeables.<\/p>\n","protected":false},"excerpt":{"rendered":"<p>Le Bongos Wine est un bar \u00e0 vin mobile et autonome, avec deux r\u00e9frig\u00e9rateurs \u00e0 vin ind\u00e9pendants. Etant amateur our professionnel, vous avez la possibilit\u00e9 de conserver et servir de diff\u00e9rents types de vin \u00e0 la temp\u00e9rature adapt\u00e9e. Huit porte-bouteilles, deux porte-verres, des r\u00e9cipi\u00ebnts \u00e0 snacker, un porte gla\u00e7ons et une tablette pour servir le [&hellip;]<\/p>\n","protected":false},"featured_media":1132,"comment_status":"open","ping_status":"closed","template":"","meta":[],"product_cat":[42],"product_tag":[],"yoast_head":"<!-- This site is optimized with the Yoast SEO plugin v17.4 - https:\/\/yoast.com\/wordpress\/plugins\/seo\/ -->\n<title>Bar \u00e0 Vin Mobile - Toys4Vip<\/title>\n<meta name=\"description\" content=\"Le Bongos Wine est un bar \u00e0 vin mobile et autonome, avec deux r\u00e9frig\u00e9rateurs \u00e0 vin ind\u00e9pendants.Etant amateur our professionnel, vous avez la possibilit\u00e9 de conserver et servir de diff\u00e9rents types de vin \u00e0 la temp\u00e9rature adapt\u00e9e. Huit porte-bouteilles, deux porte-verres, des r\u00e9cipi\u00ebnts \u00e0 snacker,un porte gla\u00e7ons et une tablette pour servir le vin sont int\u00e9gr\u00e9s dans l\u2019appareil.\" \/>\n<meta name=\"robots\" content=\"index, follow, max-snippet:-1, max-image-preview:large, max-video-preview:-1\" \/>\n<link rel=\"canonical\" href=\"https:\/\/www.toys4vip.com\/fr\/luxury-toy\/bar-a-vin-mobile\/310\/\" \/>\n<meta property=\"og:locale\" content=\"fr_FR\" \/>\n<meta property=\"og:type\" content=\"article\" \/>\n<meta property=\"og:title\" content=\"Bar \u00e0 Vin Mobile - Toys4Vip\" \/>\n<meta property=\"og:description\" content=\"Le Bongos Wine est un bar \u00e0 vin mobile et autonome, avec deux r\u00e9frig\u00e9rateurs \u00e0 vin ind\u00e9pendants.Etant amateur our professionnel, vous avez la possibilit\u00e9 de conserver et servir de diff\u00e9rents types de vin \u00e0 la temp\u00e9rature adapt\u00e9e. Huit porte-bouteilles, deux porte-verres, des r\u00e9cipi\u00ebnts \u00e0 snacker,un porte gla\u00e7ons et une tablette pour servir le vin sont int\u00e9gr\u00e9s dans l\u2019appareil.\" \/>\n<meta property=\"og:url\" content=\"https:\/\/www.toys4vip.com\/fr\/luxury-toy\/bar-a-vin-mobile\/310\/\" \/>\n<meta property=\"og:site_name\" content=\"Toys4Vip\" \/>\n<meta property=\"article:modified_time\" content=\"2021-11-13T11:00:03+00:00\" \/>\n<meta property=\"og:image\" content=\"https:\/\/www.toys4vip.com\/app\/uploads\/2021\/11\/main-233.jpg\" \/>\n\t<meta property=\"og:image:width\" content=\"878\" \/>\n\t<meta property=\"og:image:height\" content=\"842\" \/>\n<meta name=\"twitter:card\" content=\"summary_large_image\" \/>\n<meta name=\"twitter:label1\" content=\"Dur\u00e9e de lecture est.\" \/>\n\t<meta name=\"twitter:data1\" content=\"1 minute\" \/>\n<script type=\"application\/ld+json\" class=\"yoast-schema-graph\">{\"@context\":\"https:\/\/schema.org\",\"@graph\":[{\"@type\":\"WebSite\",\"@id\":\"https:\/\/www.toys4vip.com\/fr\/#website\",\"url\":\"https:\/\/www.toys4vip.com\/fr\/\",\"name\":\"Toys4Vip\",\"description\":\"Jouets de luxe nouveau concept store\",\"potentialAction\":[{\"@type\":\"SearchAction\",\"target\":{\"@type\":\"EntryPoint\",\"urlTemplate\":\"https:\/\/www.toys4vip.com\/fr\/?s={search_term_string}\"},\"query-input\":\"required name=search_term_string\"}],\"inLanguage\":\"fr-FR\"},{\"@type\":\"ImageObject\",\"@id\":\"https:\/\/www.toys4vip.com\/fr\/luxury-toy\/bar-a-vin-mobile\/310\/#primaryimage\",\"inLanguage\":\"fr-FR\",\"url\":\"https:\/\/www.toys4vip.com\/app\/uploads\/2021\/11\/main-233.jpg\",\"contentUrl\":\"https:\/\/www.toys4vip.com\/app\/uploads\/2021\/11\/main-233.jpg\",\"width\":878,\"height\":842},{\"@type\":\"WebPage\",\"@id\":\"https:\/\/www.toys4vip.com\/fr\/luxury-toy\/bar-a-vin-mobile\/310\/#webpage\",\"url\":\"https:\/\/www.toys4vip.com\/fr\/luxury-toy\/bar-a-vin-mobile\/310\/\",\"name\":\"Bar \\u00e0 Vin Mobile - Toys4Vip\",\"isPartOf\":{\"@id\":\"https:\/\/www.toys4vip.com\/fr\/#website\"},\"primaryImageOfPage\":{\"@id\":\"https:\/\/www.toys4vip.com\/fr\/luxury-toy\/bar-a-vin-mobile\/310\/#primaryimage\"},\"datePublished\":\"2021-11-02T10:30:12+00:00\",\"dateModified\":\"2021-11-13T11:00:03+00:00\",\"description\":\"Le Bongos Wine est un bar \\u00e0 vin mobile et autonome, avec deux r\\u00e9frig\\u00e9rateurs \\u00e0 vin ind\\u00e9pendants.Etant amateur our professionnel, vous avez la possibilit\\u00e9 de conserver et servir de diff\\u00e9rents types de vin \\u00e0 la temp\\u00e9rature adapt\\u00e9e. Huit porte-bouteilles, deux porte-verres, des r\\u00e9cipi\\u00ebnts \\u00e0 snacker,un porte gla\\u00e7ons et une tablette pour servir le vin sont int\\u00e9gr\\u00e9s dans l\\u2019appareil.\",\"breadcrumb\":{\"@id\":\"https:\/\/www.toys4vip.com\/fr\/luxury-toy\/bar-a-vin-mobile\/310\/#breadcrumb\"},\"inLanguage\":\"fr-FR\",\"potentialAction\":[{\"@type\":\"ReadAction\",\"target\":[\"https:\/\/www.toys4vip.com\/fr\/luxury-toy\/bar-a-vin-mobile\/310\/\"]}]},{\"@type\":\"BreadcrumbList\",\"@id\":\"https:\/\/www.toys4vip.com\/fr\/luxury-toy\/bar-a-vin-mobile\/310\/#breadcrumb\",\"itemListElement\":[{\"@type\":\"ListItem\",\"position\":1,\"name\":\"Home\",\"item\":\"https:\/\/www.toys4vip.com\/fr\/\"},{\"@type\":\"ListItem\",\"position\":2,\"name\":\"Objets \/ Cat\\u00e9gories\",\"item\":\"https:\/\/www.toys4vip.com\/fr\/luxury-toys\/\"},{\"@type\":\"ListItem\",\"position\":3,\"name\":\"Bar \\u00e0 Vin Mobile\"}]}]}<\/script>\n<!-- \/ Yoast SEO plugin. -->","yoast_head_json":{"title":"Bar \u00e0 Vin Mobile - Toys4Vip","description":"Le Bongos Wine est un bar \u00e0 vin mobile et autonome, avec deux r\u00e9frig\u00e9rateurs \u00e0 vin ind\u00e9pendants.Etant amateur our professionnel, vous avez la possibilit\u00e9 de conserver et servir de diff\u00e9rents types de vin \u00e0 la temp\u00e9rature adapt\u00e9e. Huit porte-bouteilles, deux porte-verres, des r\u00e9cipi\u00ebnts \u00e0 snacker,un porte gla\u00e7ons et une tablette pour servir le vin sont int\u00e9gr\u00e9s dans l\u2019appareil.","robots":{"index":"index","follow":"follow","max-snippet":"max-snippet:-1","max-image-preview":"max-image-preview:large","max-video-preview":"max-video-preview:-1"},"canonical":"https:\/\/www.toys4vip.com\/fr\/luxury-toy\/bar-a-vin-mobile\/310\/","og_locale":"fr_FR","og_type":"article","og_title":"Bar \u00e0 Vin Mobile - Toys4Vip","og_description":"Le Bongos Wine est un bar \u00e0 vin mobile et autonome, avec deux r\u00e9frig\u00e9rateurs \u00e0 vin ind\u00e9pendants.Etant amateur our professionnel, vous avez la possibilit\u00e9 de conserver et servir de diff\u00e9rents types de vin \u00e0 la temp\u00e9rature adapt\u00e9e. Huit porte-bouteilles, deux porte-verres, des r\u00e9cipi\u00ebnts \u00e0 snacker,un porte gla\u00e7ons et une tablette pour servir le vin sont int\u00e9gr\u00e9s dans l\u2019appareil.","og_url":"https:\/\/www.toys4vip.com\/fr\/luxury-toy\/bar-a-vin-mobile\/310\/","og_site_name":"Toys4Vip","article_modified_time":"2021-11-13T11:00:03+00:00","og_image":[{"width":878,"height":842,"url":"https:\/\/www.toys4vip.com\/app\/uploads\/2021\/11\/main-233.jpg","type":"image\/jpeg"}],"twitter_card":"summary_large_image","twitter_misc":{"Dur\u00e9e de lecture est.":"1 minute"},"schema":{"@context":"https:\/\/schema.org","@graph":[{"@type":"WebSite","@id":"https:\/\/www.toys4vip.com\/fr\/#website","url":"https:\/\/www.toys4vip.com\/fr\/","name":"Toys4Vip","description":"Jouets de luxe nouveau concept store","potentialAction":[{"@type":"SearchAction","target":{"@type":"EntryPoint","urlTemplate":"https:\/\/www.toys4vip.com\/fr\/?s={search_term_string}"},"query-input":"required name=search_term_string"}],"inLanguage":"fr-FR"},{"@type":"ImageObject","@id":"https:\/\/www.toys4vip.com\/fr\/luxury-toy\/bar-a-vin-mobile\/310\/#primaryimage","inLanguage":"fr-FR","url":"https:\/\/www.toys4vip.com\/app\/uploads\/2021\/11\/main-233.jpg","contentUrl":"https:\/\/www.toys4vip.com\/app\/uploads\/2021\/11\/main-233.jpg","width":878,"height":842},{"@type":"WebPage","@id":"https:\/\/www.toys4vip.com\/fr\/luxury-toy\/bar-a-vin-mobile\/310\/#webpage","url":"https:\/\/www.toys4vip.com\/fr\/luxury-toy\/bar-a-vin-mobile\/310\/","name":"Bar \u00e0 Vin Mobile - Toys4Vip","isPartOf":{"@id":"https:\/\/www.toys4vip.com\/fr\/#website"},"primaryImageOfPage":{"@id":"https:\/\/www.toys4vip.com\/fr\/luxury-toy\/bar-a-vin-mobile\/310\/#primaryimage"},"datePublished":"2021-11-02T10:30:12+00:00","dateModified":"2021-11-13T11:00:03+00:00","description":"Le Bongos Wine est un bar \u00e0 vin mobile et autonome, avec deux r\u00e9frig\u00e9rateurs \u00e0 vin ind\u00e9pendants.Etant amateur our professionnel, vous avez la possibilit\u00e9 de conserver et servir de diff\u00e9rents types de vin \u00e0 la temp\u00e9rature adapt\u00e9e. Huit porte-bouteilles, deux porte-verres, des r\u00e9cipi\u00ebnts \u00e0 snacker,un porte gla\u00e7ons et une tablette pour servir le vin sont int\u00e9gr\u00e9s dans l\u2019appareil.","breadcrumb":{"@id":"https:\/\/www.toys4vip.com\/fr\/luxury-toy\/bar-a-vin-mobile\/310\/#breadcrumb"},"inLanguage":"fr-FR","potentialAction":[{"@type":"ReadAction","target":["https:\/\/www.toys4vip.com\/fr\/luxury-toy\/bar-a-vin-mobile\/310\/"]}]},{"@type":"BreadcrumbList","@id":"https:\/\/www.toys4vip.com\/fr\/luxury-toy\/bar-a-vin-mobile\/310\/#breadcrumb","itemListElement":[{"@type":"ListItem","position":1,"name":"Home","item":"https:\/\/www.toys4vip.com\/fr\/"},{"@type":"ListItem","position":2,"name":"Objets \/ Cat\u00e9gories","item":"https:\/\/www.toys4vip.com\/fr\/luxury-toys\/"},{"@type":"ListItem","position":3,"name":"Bar \u00e0 Vin Mobile"}]}]}},"_links":{"self":[{"href":"https:\/\/www.toys4vip.com\/fr\/wp-json\/wp\/v2\/product\/1134"}],"collection":[{"href":"https:\/\/www.toys4vip.com\/fr\/wp-json\/wp\/v2\/product"}],"about":[{"href":"https:\/\/www.toys4vip.com\/fr\/wp-json\/wp\/v2\/types\/product"}],"replies":[{"embeddable":true,"href":"https:\/\/www.toys4vip.com\/fr\/wp-json\/wp\/v2\/comments?post=1134"}],"wp:featuredmedia":[{"embeddable":true,"href":"https:\/\/www.toys4vip.com\/fr\/wp-json\/wp\/v2\/media\/1132"}],"wp:attachment":[{"href":"https:\/\/www.toys4vip.com\/fr\/wp-json\/wp\/v2\/media?parent=1134"}],"wp:term":[{"taxonomy":"product_cat","embeddable":true,"href":"https:\/\/www.toys4vip.com\/fr\/wp-json\/wp\/v2\/product_cat?post=1134"},{"taxonomy":"product_tag","embeddable":true,"href":"https:\/\/www.toys4vip.com\/fr\/wp-json\/wp\/v2\/product_tag?post=1134"}],"curies":[{"name":"wp","href":"https:\/\/api.w.org\/{rel}","templated":true}]}}