{"id":1122,"date":"2021-11-02T10:30:10","date_gmt":"2021-11-02T10:30:10","guid":{"rendered":"https:\/\/toys4vip.com\/produit\/hublot-mp-o5-laferrari-edition-saphirre\/"},"modified":"2021-11-13T11:00:25","modified_gmt":"2021-11-13T11:00:25","slug":"hublot-mp-o5-laferrari-edition-saphirre","status":"publish","type":"product","link":"https:\/\/www.toys4vip.com\/fr\/luxury-toy\/hublot-mp-o5-laferrari-edition-saphirre\/300\/","title":{"rendered":"Hublot MP-O5 LaFerrari &#8211; Edition Saphirre"},"content":{"rendered":"<p>La Hublot MP-05 \u00ab LaFerrari \u00bb con\u00e7ue en hommage \u00e0 la supercar du m\u00eame nom se refait une jeunesse et surprend \u00e0 nouveau avec sa nouvelle \u00e9dition \u00ab Sapphire \u00bb limit\u00e9e \u00e0 seulement 20 exemplaires. Un mod\u00e8le tout en transparence nous r\u00e9v\u00e9lant ce qui d\u2019ordinaire est invisible \u00e0 nos yeux.<\/p>\n<p>La montre Hublot MP-05 \u00ab LaFerrari \u00bb avait d\u00e9j\u00e0 surpris bon nombre de collectionneurs gr\u00e2ce \u00e0 toutes ses innovations et ses caract\u00e9ristiques uniques. Imagin\u00e9e par les designers Hublot et Flavio Manzoni, designer de Ferrari, cette pi\u00e8ce unique r\u00e9v\u00e9lait un mouvement extr\u00eamement complexe et subtil disposant notamment d\u2019une r\u00e9serve de marche de 50 jours, du jamais vu !<\/p>\n<p>La Hublot MP-05 \u00ab LaFerrari \u00bb est aussi la montre la plus complexe de la marque \u00e0 ce jour puisqu\u2019elle dispose du moteur au plus grands nombre de composants \u00e0 savoir 637. Des caract\u00e9ristiques hors normes que l\u2019on retrouve \u00e9videmment dans cette nouvelle \u00e9dition limit\u00e9e Hublot MP-05 \u00ab LaFerrari \u00bb Sapphire.<\/p>\n<p>Ce qu\u2019il y\u2019a de nouveau dans l\u2019\u00e9dition MP-05 \u00ab LaFerrari \u00bb Sapphire, c\u2019est avant tout cet incroyable jeu de transparence, laissant pleinement le champs libre au mouvement de la montre, ainsi observable \u00e0 360\u00b0. Il se r\u00e9v\u00e8le ainsi pleinement au regard gr\u00e2ce \u00e0 sa construction en saphir, deuxi\u00e8me mat\u00e9riau le plus r\u00e9sistant au monde.<\/p>\n<p>Construite \u00e0 partir de 7 blocs de saphir, la MP-05 \u00ab LaFerrari \u00bb Sapphire n\u00e9cessite plus de 600h de travail et un usinage 3D pour un r\u00e9sultat plus que surprenant. Ainsi le mouvement semble flotter dans les airs et c\u2019est \u00e0 peine si l\u2019on remarque son boitier transparent d\u2019environ 53,5 grammes.<\/p>\n<p>Cette fois le pont du mouvement de la MP-05 \u00ab LaFerrari \u00bb Sapphire se dote du lettrage Hublot, et cette fois la petite seconde est visible sur un cylindre transparent fix\u00e9 \u00e0 la cage du tourbillon suspendu. A droite des barillets on retrouve l\u2019affichage des heures et des minutes, et sur la gauche la r\u00e9serve de marche comme sur le pr\u00e9c\u00e9dent mod\u00e8le, mais cette fois aussi indiqu\u00e9s par des cylindres transparents.<\/p>\n<p>Vous l\u2019aurez compris la MP-05 \u00ab LaFerrari \u00bb Sapphire se joue du visible et de l\u2019invisible jusque dans son bracelet en silicone dont le fermoir pr\u00e9sente aussi des \u00e9l\u00e9ments taill\u00e9s dans le saphir. Futuriste, design et unique en son genre, la MP-05 \u00ab LaFerrari \u00bb Sapphire se remonte gr\u00e2ce \u00e0 un m\u00e9canisme activ\u00e9 par un tournevis automatique, petit clin d\u2019\u0153il aux pneus de Formule 1.<\/p>\n<p>Aussi rare qu\u2019impressionnante, il ne fait aucun doute que la MP-05 \u00ab LaFerrari \u00bb Sapphire s\u00e9duira tout autant que le pr\u00e9c\u00e9dent mod\u00e8le, d\u00e9j\u00e0 victime de son succ\u00e8s !<\/p>\n","protected":false},"excerpt":{"rendered":"<p>La Hublot MP-05 \u00ab LaFerrari \u00bb con\u00e7ue en hommage \u00e0 la supercar du m\u00eame nom se refait une jeunesse et surprend \u00e0 nouveau avec sa nouvelle \u00e9dition \u00ab Sapphire \u00bb limit\u00e9e \u00e0 seulement 20 exemplaires. Un mod\u00e8le tout en transparence nous r\u00e9v\u00e9lant ce qui d\u2019ordinaire est invisible \u00e0 nos yeux. La montre Hublot MP-05 \u00ab [&hellip;]<\/p>\n","protected":false},"featured_media":1120,"comment_status":"open","ping_status":"closed","template":"","meta":[],"product_cat":[35],"product_tag":[],"yoast_head":"<!-- This site is optimized with the Yoast SEO plugin v17.4 - https:\/\/yoast.com\/wordpress\/plugins\/seo\/ -->\n<title>Hublot MP-O5 LaFerrari - Edition Saphirre - Toys4Vip<\/title>\n<meta name=\"description\" content=\"La Hublot MP-05 \u00ab LaFerrari \u00bb con\u00e7ue en hommage \u00e0 la supercar du m\u00eame nom se refait une jeunesse et surprend \u00e0 nouveau avec sa nouvelle \u00e9dition \u00ab Sapphire \u00bb limit\u00e9e \u00e0 seulement 20 exemplaires. Un mod\u00e8le tout en transparence nous r\u00e9v\u00e9lant ce qui d\u2019ordinaire est invisible \u00e0 nos yeux.La montre Hublot MP-05 \u00ab LaFerrari \u00bb avait d\u00e9j\u00e0 surpris bon nombre de collectionneurs gr\u00e2ce \u00e0 toutes ses innovations et ses caract\u00e9ristiques uniques.\" \/>\n<meta name=\"robots\" content=\"index, follow, max-snippet:-1, max-image-preview:large, max-video-preview:-1\" \/>\n<link rel=\"canonical\" href=\"https:\/\/www.toys4vip.com\/fr\/luxury-toy\/hublot-mp-o5-laferrari-edition-saphirre\/300\/\" \/>\n<meta property=\"og:locale\" content=\"fr_FR\" \/>\n<meta property=\"og:type\" content=\"article\" \/>\n<meta property=\"og:title\" content=\"Hublot MP-O5 LaFerrari - Edition Saphirre - Toys4Vip\" \/>\n<meta property=\"og:description\" content=\"La Hublot MP-05 \u00ab LaFerrari \u00bb con\u00e7ue en hommage \u00e0 la supercar du m\u00eame nom se refait une jeunesse et surprend \u00e0 nouveau avec sa nouvelle \u00e9dition \u00ab Sapphire \u00bb limit\u00e9e \u00e0 seulement 20 exemplaires. Un mod\u00e8le tout en transparence nous r\u00e9v\u00e9lant ce qui d\u2019ordinaire est invisible \u00e0 nos yeux.La montre Hublot MP-05 \u00ab LaFerrari \u00bb avait d\u00e9j\u00e0 surpris bon nombre de collectionneurs gr\u00e2ce \u00e0 toutes ses innovations et ses caract\u00e9ristiques uniques.\" \/>\n<meta property=\"og:url\" content=\"https:\/\/www.toys4vip.com\/fr\/luxury-toy\/hublot-mp-o5-laferrari-edition-saphirre\/300\/\" \/>\n<meta property=\"og:site_name\" content=\"Toys4Vip\" \/>\n<meta property=\"article:modified_time\" content=\"2021-11-13T11:00:25+00:00\" \/>\n<meta property=\"og:image\" content=\"https:\/\/www.toys4vip.com\/app\/uploads\/2021\/11\/main-229.jpg\" \/>\n\t<meta property=\"og:image:width\" content=\"1300\" \/>\n\t<meta property=\"og:image:height\" content=\"1690\" \/>\n<meta name=\"twitter:card\" content=\"summary_large_image\" \/>\n<meta name=\"twitter:label1\" content=\"Dur\u00e9e de lecture est.\" \/>\n\t<meta name=\"twitter:data1\" content=\"2 minutes\" \/>\n<script type=\"application\/ld+json\" class=\"yoast-schema-graph\">{\"@context\":\"https:\/\/schema.org\",\"@graph\":[{\"@type\":\"WebSite\",\"@id\":\"https:\/\/www.toys4vip.com\/fr\/#website\",\"url\":\"https:\/\/www.toys4vip.com\/fr\/\",\"name\":\"Toys4Vip\",\"description\":\"Jouets de luxe nouveau concept store\",\"potentialAction\":[{\"@type\":\"SearchAction\",\"target\":{\"@type\":\"EntryPoint\",\"urlTemplate\":\"https:\/\/www.toys4vip.com\/fr\/?s={search_term_string}\"},\"query-input\":\"required name=search_term_string\"}],\"inLanguage\":\"fr-FR\"},{\"@type\":\"ImageObject\",\"@id\":\"https:\/\/www.toys4vip.com\/fr\/luxury-toy\/hublot-mp-o5-laferrari-edition-saphirre\/300\/#primaryimage\",\"inLanguage\":\"fr-FR\",\"url\":\"https:\/\/www.toys4vip.com\/app\/uploads\/2021\/11\/main-229.jpg\",\"contentUrl\":\"https:\/\/www.toys4vip.com\/app\/uploads\/2021\/11\/main-229.jpg\",\"width\":1300,\"height\":1690},{\"@type\":\"WebPage\",\"@id\":\"https:\/\/www.toys4vip.com\/fr\/luxury-toy\/hublot-mp-o5-laferrari-edition-saphirre\/300\/#webpage\",\"url\":\"https:\/\/www.toys4vip.com\/fr\/luxury-toy\/hublot-mp-o5-laferrari-edition-saphirre\/300\/\",\"name\":\"Hublot MP-O5 LaFerrari - Edition Saphirre - Toys4Vip\",\"isPartOf\":{\"@id\":\"https:\/\/www.toys4vip.com\/fr\/#website\"},\"primaryImageOfPage\":{\"@id\":\"https:\/\/www.toys4vip.com\/fr\/luxury-toy\/hublot-mp-o5-laferrari-edition-saphirre\/300\/#primaryimage\"},\"datePublished\":\"2021-11-02T10:30:10+00:00\",\"dateModified\":\"2021-11-13T11:00:25+00:00\",\"description\":\"La Hublot MP-05 \\u00ab LaFerrari \\u00bb con\\u00e7ue en hommage \\u00e0 la supercar du m\\u00eame nom se refait une jeunesse et surprend \\u00e0 nouveau avec sa nouvelle \\u00e9dition \\u00ab Sapphire \\u00bb limit\\u00e9e \\u00e0 seulement 20 exemplaires. Un mod\\u00e8le tout en transparence nous r\\u00e9v\\u00e9lant ce qui d\\u2019ordinaire est invisible \\u00e0 nos yeux.La montre Hublot MP-05 \\u00ab LaFerrari \\u00bb avait d\\u00e9j\\u00e0 surpris bon nombre de collectionneurs gr\\u00e2ce \\u00e0 toutes ses innovations et ses caract\\u00e9ristiques uniques.\",\"breadcrumb\":{\"@id\":\"https:\/\/www.toys4vip.com\/fr\/luxury-toy\/hublot-mp-o5-laferrari-edition-saphirre\/300\/#breadcrumb\"},\"inLanguage\":\"fr-FR\",\"potentialAction\":[{\"@type\":\"ReadAction\",\"target\":[\"https:\/\/www.toys4vip.com\/fr\/luxury-toy\/hublot-mp-o5-laferrari-edition-saphirre\/300\/\"]}]},{\"@type\":\"BreadcrumbList\",\"@id\":\"https:\/\/www.toys4vip.com\/fr\/luxury-toy\/hublot-mp-o5-laferrari-edition-saphirre\/300\/#breadcrumb\",\"itemListElement\":[{\"@type\":\"ListItem\",\"position\":1,\"name\":\"Home\",\"item\":\"https:\/\/www.toys4vip.com\/fr\/\"},{\"@type\":\"ListItem\",\"position\":2,\"name\":\"Objets \/ Cat\\u00e9gories\",\"item\":\"https:\/\/www.toys4vip.com\/fr\/luxury-toys\/\"},{\"@type\":\"ListItem\",\"position\":3,\"name\":\"Hublot MP-O5 LaFerrari &#8211; Edition Saphirre\"}]}]}<\/script>\n<!-- \/ Yoast SEO plugin. -->","yoast_head_json":{"title":"Hublot MP-O5 LaFerrari - Edition Saphirre - Toys4Vip","description":"La Hublot MP-05 \u00ab LaFerrari \u00bb con\u00e7ue en hommage \u00e0 la supercar du m\u00eame nom se refait une jeunesse et surprend \u00e0 nouveau avec sa nouvelle \u00e9dition \u00ab Sapphire \u00bb limit\u00e9e \u00e0 seulement 20 exemplaires. Un mod\u00e8le tout en transparence nous r\u00e9v\u00e9lant ce qui d\u2019ordinaire est invisible \u00e0 nos yeux.La montre Hublot MP-05 \u00ab LaFerrari \u00bb avait d\u00e9j\u00e0 surpris bon nombre de collectionneurs gr\u00e2ce \u00e0 toutes ses innovations et ses caract\u00e9ristiques uniques.","robots":{"index":"index","follow":"follow","max-snippet":"max-snippet:-1","max-image-preview":"max-image-preview:large","max-video-preview":"max-video-preview:-1"},"canonical":"https:\/\/www.toys4vip.com\/fr\/luxury-toy\/hublot-mp-o5-laferrari-edition-saphirre\/300\/","og_locale":"fr_FR","og_type":"article","og_title":"Hublot MP-O5 LaFerrari - Edition Saphirre - Toys4Vip","og_description":"La Hublot MP-05 \u00ab LaFerrari \u00bb con\u00e7ue en hommage \u00e0 la supercar du m\u00eame nom se refait une jeunesse et surprend \u00e0 nouveau avec sa nouvelle \u00e9dition \u00ab Sapphire \u00bb limit\u00e9e \u00e0 seulement 20 exemplaires. Un mod\u00e8le tout en transparence nous r\u00e9v\u00e9lant ce qui d\u2019ordinaire est invisible \u00e0 nos yeux.La montre Hublot MP-05 \u00ab LaFerrari \u00bb avait d\u00e9j\u00e0 surpris bon nombre de collectionneurs gr\u00e2ce \u00e0 toutes ses innovations et ses caract\u00e9ristiques uniques.","og_url":"https:\/\/www.toys4vip.com\/fr\/luxury-toy\/hublot-mp-o5-laferrari-edition-saphirre\/300\/","og_site_name":"Toys4Vip","article_modified_time":"2021-11-13T11:00:25+00:00","og_image":[{"width":1300,"height":1690,"url":"https:\/\/www.toys4vip.com\/app\/uploads\/2021\/11\/main-229.jpg","type":"image\/jpeg"}],"twitter_card":"summary_large_image","twitter_misc":{"Dur\u00e9e de lecture est.":"2 minutes"},"schema":{"@context":"https:\/\/schema.org","@graph":[{"@type":"WebSite","@id":"https:\/\/www.toys4vip.com\/fr\/#website","url":"https:\/\/www.toys4vip.com\/fr\/","name":"Toys4Vip","description":"Jouets de luxe nouveau concept store","potentialAction":[{"@type":"SearchAction","target":{"@type":"EntryPoint","urlTemplate":"https:\/\/www.toys4vip.com\/fr\/?s={search_term_string}"},"query-input":"required name=search_term_string"}],"inLanguage":"fr-FR"},{"@type":"ImageObject","@id":"https:\/\/www.toys4vip.com\/fr\/luxury-toy\/hublot-mp-o5-laferrari-edition-saphirre\/300\/#primaryimage","inLanguage":"fr-FR","url":"https:\/\/www.toys4vip.com\/app\/uploads\/2021\/11\/main-229.jpg","contentUrl":"https:\/\/www.toys4vip.com\/app\/uploads\/2021\/11\/main-229.jpg","width":1300,"height":1690},{"@type":"WebPage","@id":"https:\/\/www.toys4vip.com\/fr\/luxury-toy\/hublot-mp-o5-laferrari-edition-saphirre\/300\/#webpage","url":"https:\/\/www.toys4vip.com\/fr\/luxury-toy\/hublot-mp-o5-laferrari-edition-saphirre\/300\/","name":"Hublot MP-O5 LaFerrari - Edition Saphirre - Toys4Vip","isPartOf":{"@id":"https:\/\/www.toys4vip.com\/fr\/#website"},"primaryImageOfPage":{"@id":"https:\/\/www.toys4vip.com\/fr\/luxury-toy\/hublot-mp-o5-laferrari-edition-saphirre\/300\/#primaryimage"},"datePublished":"2021-11-02T10:30:10+00:00","dateModified":"2021-11-13T11:00:25+00:00","description":"La Hublot MP-05 \u00ab LaFerrari \u00bb con\u00e7ue en hommage \u00e0 la supercar du m\u00eame nom se refait une jeunesse et surprend \u00e0 nouveau avec sa nouvelle \u00e9dition \u00ab Sapphire \u00bb limit\u00e9e \u00e0 seulement 20 exemplaires. Un mod\u00e8le tout en transparence nous r\u00e9v\u00e9lant ce qui d\u2019ordinaire est invisible \u00e0 nos yeux.La montre Hublot MP-05 \u00ab LaFerrari \u00bb avait d\u00e9j\u00e0 surpris bon nombre de collectionneurs gr\u00e2ce \u00e0 toutes ses innovations et ses caract\u00e9ristiques uniques.","breadcrumb":{"@id":"https:\/\/www.toys4vip.com\/fr\/luxury-toy\/hublot-mp-o5-laferrari-edition-saphirre\/300\/#breadcrumb"},"inLanguage":"fr-FR","potentialAction":[{"@type":"ReadAction","target":["https:\/\/www.toys4vip.com\/fr\/luxury-toy\/hublot-mp-o5-laferrari-edition-saphirre\/300\/"]}]},{"@type":"BreadcrumbList","@id":"https:\/\/www.toys4vip.com\/fr\/luxury-toy\/hublot-mp-o5-laferrari-edition-saphirre\/300\/#breadcrumb","itemListElement":[{"@type":"ListItem","position":1,"name":"Home","item":"https:\/\/www.toys4vip.com\/fr\/"},{"@type":"ListItem","position":2,"name":"Objets \/ Cat\u00e9gories","item":"https:\/\/www.toys4vip.com\/fr\/luxury-toys\/"},{"@type":"ListItem","position":3,"name":"Hublot MP-O5 LaFerrari &#8211; Edition Saphirre"}]}]}},"_links":{"self":[{"href":"https:\/\/www.toys4vip.com\/fr\/wp-json\/wp\/v2\/product\/1122"}],"collection":[{"href":"https:\/\/www.toys4vip.com\/fr\/wp-json\/wp\/v2\/product"}],"about":[{"href":"https:\/\/www.toys4vip.com\/fr\/wp-json\/wp\/v2\/types\/product"}],"replies":[{"embeddable":true,"href":"https:\/\/www.toys4vip.com\/fr\/wp-json\/wp\/v2\/comments?post=1122"}],"wp:featuredmedia":[{"embeddable":true,"href":"https:\/\/www.toys4vip.com\/fr\/wp-json\/wp\/v2\/media\/1120"}],"wp:attachment":[{"href":"https:\/\/www.toys4vip.com\/fr\/wp-json\/wp\/v2\/media?parent=1122"}],"wp:term":[{"taxonomy":"product_cat","embeddable":true,"href":"https:\/\/www.toys4vip.com\/fr\/wp-json\/wp\/v2\/product_cat?post=1122"},{"taxonomy":"product_tag","embeddable":true,"href":"https:\/\/www.toys4vip.com\/fr\/wp-json\/wp\/v2\/product_tag?post=1122"}],"curies":[{"name":"wp","href":"https:\/\/api.w.org\/{rel}","templated":true}]}}