{"id":1119,"date":"2021-11-02T10:30:09","date_gmt":"2021-11-02T10:30:09","guid":{"rendered":"https:\/\/toys4vip.com\/produit\/lm847-lazareth\/"},"modified":"2021-11-17T16:21:16","modified_gmt":"2021-11-17T16:21:16","slug":"lm847-lazareth","status":"publish","type":"product","link":"https:\/\/www.toys4vip.com\/fr\/luxury-toy\/lm847-lazareth\/299\/","title":{"rendered":"LM847 LAZARETH"},"content":{"rendered":"<p>La LM847 LAZARETH est une moto pendulaire \u00e0 4 roues, propuls\u00e9e par un V8 Maserati de 470 chevaux.<br \/>\nElle s\u2019incline gr\u00e2ce \u00e0 une conception et une cin\u00e9matique sp\u00e9cifique de suspension ind\u00e9pendante.<\/p>\n<p>Le freinage est assur\u00e9 par deux \u00e9triers 8 pistons, sur des disques p\u00e9rim\u00e9triques de 420mm de diam\u00e8tre. Un d\u00e9tail, les leviers de frein sont invers\u00e9s pour am\u00e9liorer l\u2019ergonomie et la pr\u00e9cision dans le freinage. Le m\u00e9canisme se retrouve \u00e0 l\u2019int\u00e9rieur m\u00eame du guidon.<br \/>\nCette moto ne poss\u00e8de qu\u2019une seule vitesse, la puissance est transmise via un convertisseur de couple qui vous emm\u00e8nera de 0 \u00e0 150km\/h en quelques secondes !<\/p>\n","protected":false},"excerpt":{"rendered":"<p>La LM847 LAZARETH est une moto pendulaire \u00e0 4 roues, propuls\u00e9e par un V8 Maserati de 470 chevaux. Elle s\u2019incline gr\u00e2ce \u00e0 une conception et une cin\u00e9matique sp\u00e9cifique de suspension ind\u00e9pendante. Le freinage est assur\u00e9 par deux \u00e9triers 8 pistons, sur des disques p\u00e9rim\u00e9triques de 420mm de diam\u00e8tre. Un d\u00e9tail, les leviers de frein sont [&hellip;]<\/p>\n","protected":false},"featured_media":1117,"comment_status":"open","ping_status":"closed","template":"","meta":[],"product_cat":[26,87],"product_tag":[],"yoast_head":"<!-- This site is optimized with the Yoast SEO plugin v17.4 - https:\/\/yoast.com\/wordpress\/plugins\/seo\/ -->\n<title>LM847 LAZARETH - Toys4Vip<\/title>\n<meta name=\"description\" content=\"La LM847 LAZARETH est une moto pendulaire \u00e0 4 roues, propuls\u00e9e par un V8 Maserati de 470 chevaux.Elle s\u2019incline gr\u00e2ce \u00e0 une conception et une cin\u00e9matique sp\u00e9cifique de suspension ind\u00e9pendante.Le freinage est assur\u00e9 par deux \u00e9triers 8 pistons, sur des disques p\u00e9rim\u00e9triques de 420mm de diam\u00e8tre. Un d\u00e9tail, les leviers de frein sont invers\u00e9s pour am\u00e9liorer l\u2019ergonomie et la pr\u00e9cision dans le freinage. Le m\u00e9canisme se retrouve \u00e0 l\u2019int\u00e9rieur m\u00eame du guidon.\" \/>\n<meta name=\"robots\" content=\"index, follow, max-snippet:-1, max-image-preview:large, max-video-preview:-1\" \/>\n<link rel=\"canonical\" href=\"https:\/\/www.toys4vip.com\/fr\/luxury-toy\/lm847-lazareth\/299\/\" \/>\n<meta property=\"og:locale\" content=\"fr_FR\" \/>\n<meta property=\"og:type\" content=\"article\" \/>\n<meta property=\"og:title\" content=\"LM847 LAZARETH - Toys4Vip\" \/>\n<meta property=\"og:description\" content=\"La LM847 LAZARETH est une moto pendulaire \u00e0 4 roues, propuls\u00e9e par un V8 Maserati de 470 chevaux.Elle s\u2019incline gr\u00e2ce \u00e0 une conception et une cin\u00e9matique sp\u00e9cifique de suspension ind\u00e9pendante.Le freinage est assur\u00e9 par deux \u00e9triers 8 pistons, sur des disques p\u00e9rim\u00e9triques de 420mm de diam\u00e8tre. Un d\u00e9tail, les leviers de frein sont invers\u00e9s pour am\u00e9liorer l\u2019ergonomie et la pr\u00e9cision dans le freinage. Le m\u00e9canisme se retrouve \u00e0 l\u2019int\u00e9rieur m\u00eame du guidon.\" \/>\n<meta property=\"og:url\" content=\"https:\/\/www.toys4vip.com\/fr\/luxury-toy\/lm847-lazareth\/299\/\" \/>\n<meta property=\"og:site_name\" content=\"Toys4Vip\" \/>\n<meta property=\"article:modified_time\" content=\"2021-11-17T16:21:16+00:00\" \/>\n<meta property=\"og:image\" content=\"https:\/\/www.toys4vip.com\/app\/uploads\/2021\/11\/main-228.jpg\" \/>\n\t<meta property=\"og:image:width\" content=\"750\" \/>\n\t<meta property=\"og:image:height\" content=\"510\" \/>\n<meta name=\"twitter:card\" content=\"summary_large_image\" \/>\n<meta name=\"twitter:label1\" content=\"Dur\u00e9e de lecture est.\" \/>\n\t<meta name=\"twitter:data1\" content=\"1 minute\" \/>\n<script type=\"application\/ld+json\" class=\"yoast-schema-graph\">{\"@context\":\"https:\/\/schema.org\",\"@graph\":[{\"@type\":\"WebSite\",\"@id\":\"https:\/\/www.toys4vip.com\/fr\/#website\",\"url\":\"https:\/\/www.toys4vip.com\/fr\/\",\"name\":\"Toys4Vip\",\"description\":\"Jouets de luxe nouveau concept store\",\"potentialAction\":[{\"@type\":\"SearchAction\",\"target\":{\"@type\":\"EntryPoint\",\"urlTemplate\":\"https:\/\/www.toys4vip.com\/fr\/?s={search_term_string}\"},\"query-input\":\"required name=search_term_string\"}],\"inLanguage\":\"fr-FR\"},{\"@type\":\"ImageObject\",\"@id\":\"https:\/\/www.toys4vip.com\/fr\/luxury-toy\/lm847-lazareth\/299\/#primaryimage\",\"inLanguage\":\"fr-FR\",\"url\":\"https:\/\/www.toys4vip.com\/app\/uploads\/2021\/11\/main-228.jpg\",\"contentUrl\":\"https:\/\/www.toys4vip.com\/app\/uploads\/2021\/11\/main-228.jpg\",\"width\":750,\"height\":510},{\"@type\":\"WebPage\",\"@id\":\"https:\/\/www.toys4vip.com\/fr\/luxury-toy\/lm847-lazareth\/299\/#webpage\",\"url\":\"https:\/\/www.toys4vip.com\/fr\/luxury-toy\/lm847-lazareth\/299\/\",\"name\":\"LM847 LAZARETH - Toys4Vip\",\"isPartOf\":{\"@id\":\"https:\/\/www.toys4vip.com\/fr\/#website\"},\"primaryImageOfPage\":{\"@id\":\"https:\/\/www.toys4vip.com\/fr\/luxury-toy\/lm847-lazareth\/299\/#primaryimage\"},\"datePublished\":\"2021-11-02T10:30:09+00:00\",\"dateModified\":\"2021-11-17T16:21:16+00:00\",\"description\":\"La LM847 LAZARETH est une moto pendulaire \\u00e0 4 roues, propuls\\u00e9e par un V8 Maserati de 470 chevaux.Elle s\\u2019incline gr\\u00e2ce \\u00e0 une conception et une cin\\u00e9matique sp\\u00e9cifique de suspension ind\\u00e9pendante.Le freinage est assur\\u00e9 par deux \\u00e9triers 8 pistons, sur des disques p\\u00e9rim\\u00e9triques de 420mm de diam\\u00e8tre. Un d\\u00e9tail, les leviers de frein sont invers\\u00e9s pour am\\u00e9liorer l\\u2019ergonomie et la pr\\u00e9cision dans le freinage. Le m\\u00e9canisme se retrouve \\u00e0 l\\u2019int\\u00e9rieur m\\u00eame du guidon.\",\"breadcrumb\":{\"@id\":\"https:\/\/www.toys4vip.com\/fr\/luxury-toy\/lm847-lazareth\/299\/#breadcrumb\"},\"inLanguage\":\"fr-FR\",\"potentialAction\":[{\"@type\":\"ReadAction\",\"target\":[\"https:\/\/www.toys4vip.com\/fr\/luxury-toy\/lm847-lazareth\/299\/\"]}]},{\"@type\":\"BreadcrumbList\",\"@id\":\"https:\/\/www.toys4vip.com\/fr\/luxury-toy\/lm847-lazareth\/299\/#breadcrumb\",\"itemListElement\":[{\"@type\":\"ListItem\",\"position\":1,\"name\":\"Home\",\"item\":\"https:\/\/www.toys4vip.com\/fr\/\"},{\"@type\":\"ListItem\",\"position\":2,\"name\":\"Objets \/ Cat\\u00e9gories\",\"item\":\"https:\/\/www.toys4vip.com\/fr\/luxury-toys\/\"},{\"@type\":\"ListItem\",\"position\":3,\"name\":\"LM847 LAZARETH\"}]}]}<\/script>\n<!-- \/ Yoast SEO plugin. -->","yoast_head_json":{"title":"LM847 LAZARETH - Toys4Vip","description":"La LM847 LAZARETH est une moto pendulaire \u00e0 4 roues, propuls\u00e9e par un V8 Maserati de 470 chevaux.Elle s\u2019incline gr\u00e2ce \u00e0 une conception et une cin\u00e9matique sp\u00e9cifique de suspension ind\u00e9pendante.Le freinage est assur\u00e9 par deux \u00e9triers 8 pistons, sur des disques p\u00e9rim\u00e9triques de 420mm de diam\u00e8tre. Un d\u00e9tail, les leviers de frein sont invers\u00e9s pour am\u00e9liorer l\u2019ergonomie et la pr\u00e9cision dans le freinage. Le m\u00e9canisme se retrouve \u00e0 l\u2019int\u00e9rieur m\u00eame du guidon.","robots":{"index":"index","follow":"follow","max-snippet":"max-snippet:-1","max-image-preview":"max-image-preview:large","max-video-preview":"max-video-preview:-1"},"canonical":"https:\/\/www.toys4vip.com\/fr\/luxury-toy\/lm847-lazareth\/299\/","og_locale":"fr_FR","og_type":"article","og_title":"LM847 LAZARETH - Toys4Vip","og_description":"La LM847 LAZARETH est une moto pendulaire \u00e0 4 roues, propuls\u00e9e par un V8 Maserati de 470 chevaux.Elle s\u2019incline gr\u00e2ce \u00e0 une conception et une cin\u00e9matique sp\u00e9cifique de suspension ind\u00e9pendante.Le freinage est assur\u00e9 par deux \u00e9triers 8 pistons, sur des disques p\u00e9rim\u00e9triques de 420mm de diam\u00e8tre. Un d\u00e9tail, les leviers de frein sont invers\u00e9s pour am\u00e9liorer l\u2019ergonomie et la pr\u00e9cision dans le freinage. Le m\u00e9canisme se retrouve \u00e0 l\u2019int\u00e9rieur m\u00eame du guidon.","og_url":"https:\/\/www.toys4vip.com\/fr\/luxury-toy\/lm847-lazareth\/299\/","og_site_name":"Toys4Vip","article_modified_time":"2021-11-17T16:21:16+00:00","og_image":[{"width":750,"height":510,"url":"https:\/\/www.toys4vip.com\/app\/uploads\/2021\/11\/main-228.jpg","type":"image\/jpeg"}],"twitter_card":"summary_large_image","twitter_misc":{"Dur\u00e9e de lecture est.":"1 minute"},"schema":{"@context":"https:\/\/schema.org","@graph":[{"@type":"WebSite","@id":"https:\/\/www.toys4vip.com\/fr\/#website","url":"https:\/\/www.toys4vip.com\/fr\/","name":"Toys4Vip","description":"Jouets de luxe nouveau concept store","potentialAction":[{"@type":"SearchAction","target":{"@type":"EntryPoint","urlTemplate":"https:\/\/www.toys4vip.com\/fr\/?s={search_term_string}"},"query-input":"required name=search_term_string"}],"inLanguage":"fr-FR"},{"@type":"ImageObject","@id":"https:\/\/www.toys4vip.com\/fr\/luxury-toy\/lm847-lazareth\/299\/#primaryimage","inLanguage":"fr-FR","url":"https:\/\/www.toys4vip.com\/app\/uploads\/2021\/11\/main-228.jpg","contentUrl":"https:\/\/www.toys4vip.com\/app\/uploads\/2021\/11\/main-228.jpg","width":750,"height":510},{"@type":"WebPage","@id":"https:\/\/www.toys4vip.com\/fr\/luxury-toy\/lm847-lazareth\/299\/#webpage","url":"https:\/\/www.toys4vip.com\/fr\/luxury-toy\/lm847-lazareth\/299\/","name":"LM847 LAZARETH - Toys4Vip","isPartOf":{"@id":"https:\/\/www.toys4vip.com\/fr\/#website"},"primaryImageOfPage":{"@id":"https:\/\/www.toys4vip.com\/fr\/luxury-toy\/lm847-lazareth\/299\/#primaryimage"},"datePublished":"2021-11-02T10:30:09+00:00","dateModified":"2021-11-17T16:21:16+00:00","description":"La LM847 LAZARETH est une moto pendulaire \u00e0 4 roues, propuls\u00e9e par un V8 Maserati de 470 chevaux.Elle s\u2019incline gr\u00e2ce \u00e0 une conception et une cin\u00e9matique sp\u00e9cifique de suspension ind\u00e9pendante.Le freinage est assur\u00e9 par deux \u00e9triers 8 pistons, sur des disques p\u00e9rim\u00e9triques de 420mm de diam\u00e8tre. Un d\u00e9tail, les leviers de frein sont invers\u00e9s pour am\u00e9liorer l\u2019ergonomie et la pr\u00e9cision dans le freinage. Le m\u00e9canisme se retrouve \u00e0 l\u2019int\u00e9rieur m\u00eame du guidon.","breadcrumb":{"@id":"https:\/\/www.toys4vip.com\/fr\/luxury-toy\/lm847-lazareth\/299\/#breadcrumb"},"inLanguage":"fr-FR","potentialAction":[{"@type":"ReadAction","target":["https:\/\/www.toys4vip.com\/fr\/luxury-toy\/lm847-lazareth\/299\/"]}]},{"@type":"BreadcrumbList","@id":"https:\/\/www.toys4vip.com\/fr\/luxury-toy\/lm847-lazareth\/299\/#breadcrumb","itemListElement":[{"@type":"ListItem","position":1,"name":"Home","item":"https:\/\/www.toys4vip.com\/fr\/"},{"@type":"ListItem","position":2,"name":"Objets \/ Cat\u00e9gories","item":"https:\/\/www.toys4vip.com\/fr\/luxury-toys\/"},{"@type":"ListItem","position":3,"name":"LM847 LAZARETH"}]}]}},"_links":{"self":[{"href":"https:\/\/www.toys4vip.com\/fr\/wp-json\/wp\/v2\/product\/1119"}],"collection":[{"href":"https:\/\/www.toys4vip.com\/fr\/wp-json\/wp\/v2\/product"}],"about":[{"href":"https:\/\/www.toys4vip.com\/fr\/wp-json\/wp\/v2\/types\/product"}],"replies":[{"embeddable":true,"href":"https:\/\/www.toys4vip.com\/fr\/wp-json\/wp\/v2\/comments?post=1119"}],"wp:featuredmedia":[{"embeddable":true,"href":"https:\/\/www.toys4vip.com\/fr\/wp-json\/wp\/v2\/media\/1117"}],"wp:attachment":[{"href":"https:\/\/www.toys4vip.com\/fr\/wp-json\/wp\/v2\/media?parent=1119"}],"wp:term":[{"taxonomy":"product_cat","embeddable":true,"href":"https:\/\/www.toys4vip.com\/fr\/wp-json\/wp\/v2\/product_cat?post=1119"},{"taxonomy":"product_tag","embeddable":true,"href":"https:\/\/www.toys4vip.com\/fr\/wp-json\/wp\/v2\/product_tag?post=1119"}],"curies":[{"name":"wp","href":"https:\/\/api.w.org\/{rel}","templated":true}]}}