{"id":1110,"date":"2021-11-02T10:30:08","date_gmt":"2021-11-02T10:30:08","guid":{"rendered":"https:\/\/toys4vip.com\/produit\/beovision14\/"},"modified":"2021-11-18T10:52:30","modified_gmt":"2021-11-18T09:52:30","slug":"beovision14","status":"publish","type":"product","link":"https:\/\/www.toys4vip.com\/fr\/luxury-toy\/beovision14\/296\/","title":{"rendered":"BeoVision14"},"content":{"rendered":"<p>La gamme BeoVision est d\u00e9velopp\u00e9e par Bang &amp; Olufsen depuis de nombreuses ann\u00e9es. Mais cette ann\u00e9e la famille s\u2019agrandit avec l\u2019arriv\u00e9e de la BeoVision 14 TV, une t\u00e9l\u00e9 4K Ultra HD LED enti\u00e8rement repens\u00e9e de l\u2019int\u00e9rieur comme de l\u2019ext\u00e9rieur.<\/p>\n<p>La BeoVision 14 TV appara\u00eet comme un \u00e9l\u00e9ment de design unique parfaitement int\u00e9gr\u00e9 \u00e0 votre salon, aux formes \u00e9l\u00e9gantes et discr\u00e8tes, faite de mati\u00e8res nobles comme le bois de ch\u00eane, le verre et l\u2019aluminium.<\/p>\n<p>La forme carr\u00e9e de la BeoVision 14 TV est typique de Bang &amp; Olufsen, et celle-ci bien que discr\u00e8te vous transporte imm\u00e9diatement au c\u0153ur de l\u2019action une fois la t\u00e9l\u00e9 allum\u00e9e. Petit plus, vous pouvez changer le couvre-enceinte selon vos go\u00fbts et votre d\u00e9co. Quant \u00e0 la t\u00e9l\u00e9, elle se place sur un bras motoris\u00e9 qui s\u2019adapte \u00e0 chaque angle de vue de votre pi\u00e8ce et votre position, directement sur le sol \u00e0 la fa\u00e7on d\u2019un meuble design ou au mur, comme une \u0153uvre d\u2019art.<\/p>\n<p>Sous le bois, vous trouverez l\u2019une des grandes innovations de la BeoVision 14 TV, de nouveaux speakers et un caisson de basses \u00e9mettant un son si pur qu\u2019aucune t\u00e9l\u00e9 ne peut se vanter d\u2019un tel degr\u00e9 de perfection. De plus, vous pouvez connecter des speakers suppl\u00e9mentaires avec ou sans fil et la t\u00e9l\u00e9 s\u2019adaptera automatiquement \u00e0 ces nouveaux \u00e9l\u00e9ments sonores.<\/p>\n<p>Plus qu\u2019une simple t\u00e9l\u00e9, la BeoVision 14 TV est un vrai divertissement pour toute la famille. Equip\u00e9e du dernier syst\u00e8me Android TV, votre t\u00e9l\u00e9 \u00e9voluera au fil des am\u00e9liorations du logiciel et sera toujours \u00e0 la pointe de la connectivit\u00e9. Ainsi vous avez acc\u00e8s en quelques clics \u00e0 tout le contenu internet d\u00e9sir\u00e9 : applications, infos, jeux\u2026et vous pouvez partager vos photos en une seule man\u0153uvre depuis votre t\u00e9l\u00e9phone ou tablette gr\u00e2ce au Google Cast.<\/p>\n<p>De plus, vous avez acc\u00e8s \u00e0 des milliers de chansons gr\u00e2ces aux applications Deezer, Spotify et TuneIn Radio pour profiter au maximum de tout le potentiel sonore de la BeoVision 14 TV. Enfin, toutes vos manipulations sont facilit\u00e9s gr\u00e2ce \u00e0 sa fonction OneTouch vous permettant de programmer vos cha\u00eenes, positions et modes pr\u00e9f\u00e9r\u00e9s gr\u00e2ce \u00e0 un seul bouton.<\/p>\n<p>Pour atteindre une telle qualit\u00e9 de son et d\u2019image, la BeoVision 14 TV utilise des mat\u00e9riaux travaill\u00e9s avec soin et pr\u00e9cision comme une glace anti-reflet vous permettant de ne jamais \u00eatre d\u00e9rang\u00e9 par la lumi\u00e8re du jour. La fonction Automatic Picture Control sentira le degr\u00e9 de luminosit\u00e9 et ajustera l\u2019image pour ne jamais perdre de sa qualit\u00e9 de jour comme de nuit.<\/p>\n<p>La structure en aluminium de la BeoVision 14 TV est extra-fine, et embrasse chaque sonorit\u00e9 et image, tout en laissant le maximum de place \u00e0 la surface vitr\u00e9e fortifi\u00e9e, tandis que l\u2019arri\u00e8re de l\u2019\u00e9cran refl\u00e8te la couleur du mur.<\/p>\n<p>Enfin, vous pouvez contr\u00f4ler tous vos appareils Bang &amp; Olufsen depuis une simple t\u00e9l\u00e9commande mais aussi votre box ou votre lecteur BlueRay. Minimaliste et pratique jusqu\u2019au bout des touches !<\/p>\n","protected":false},"excerpt":{"rendered":"<p>La gamme BeoVision est d\u00e9velopp\u00e9e par Bang &amp; Olufsen depuis de nombreuses ann\u00e9es. Mais cette ann\u00e9e la famille s\u2019agrandit avec l\u2019arriv\u00e9e de la BeoVision 14 TV, une t\u00e9l\u00e9 4K Ultra HD LED enti\u00e8rement repens\u00e9e de l\u2019int\u00e9rieur comme de l\u2019ext\u00e9rieur. La BeoVision 14 TV appara\u00eet comme un \u00e9l\u00e9ment de design unique parfaitement int\u00e9gr\u00e9 \u00e0 votre salon, [&hellip;]<\/p>\n","protected":false},"featured_media":1108,"comment_status":"open","ping_status":"closed","template":"","meta":[],"product_cat":[42],"product_tag":[],"yoast_head":"<!-- This site is optimized with the Yoast SEO plugin v17.4 - https:\/\/yoast.com\/wordpress\/plugins\/seo\/ -->\n<title>BeoVision14 - Toys4Vip<\/title>\n<meta name=\"description\" content=\"La gamme BeoVision est d\u00e9velopp\u00e9e par Bang &amp; Olufsen depuis de nombreuses ann\u00e9es. Mais cette ann\u00e9e la famille s\u2019agrandit avec l\u2019arriv\u00e9e de la BeoVision 14 TV, une t\u00e9l\u00e9 4K Ultra HD LED enti\u00e8rement repens\u00e9e de l\u2019int\u00e9rieur comme de l\u2019ext\u00e9rieur.La BeoVision 14 TV appara\u00eet comme un \u00e9l\u00e9ment de design unique parfaitement int\u00e9gr\u00e9 \u00e0 votre salon, aux formes \u00e9l\u00e9gantes et discr\u00e8tes, faite de mati\u00e8res nobles comme le bois de ch\u00eane, le verre et l\u2019aluminium.\" \/>\n<meta name=\"robots\" content=\"index, follow, max-snippet:-1, max-image-preview:large, max-video-preview:-1\" \/>\n<link rel=\"canonical\" href=\"https:\/\/www.toys4vip.com\/fr\/luxury-toy\/beovision14\/296\/\" \/>\n<meta property=\"og:locale\" content=\"fr_FR\" \/>\n<meta property=\"og:type\" content=\"article\" \/>\n<meta property=\"og:title\" content=\"BeoVision14 - Toys4Vip\" \/>\n<meta property=\"og:description\" content=\"La gamme BeoVision est d\u00e9velopp\u00e9e par Bang &amp; Olufsen depuis de nombreuses ann\u00e9es. Mais cette ann\u00e9e la famille s\u2019agrandit avec l\u2019arriv\u00e9e de la BeoVision 14 TV, une t\u00e9l\u00e9 4K Ultra HD LED enti\u00e8rement repens\u00e9e de l\u2019int\u00e9rieur comme de l\u2019ext\u00e9rieur.La BeoVision 14 TV appara\u00eet comme un \u00e9l\u00e9ment de design unique parfaitement int\u00e9gr\u00e9 \u00e0 votre salon, aux formes \u00e9l\u00e9gantes et discr\u00e8tes, faite de mati\u00e8res nobles comme le bois de ch\u00eane, le verre et l\u2019aluminium.\" \/>\n<meta property=\"og:url\" content=\"https:\/\/www.toys4vip.com\/fr\/luxury-toy\/beovision14\/296\/\" \/>\n<meta property=\"og:site_name\" content=\"Toys4Vip\" \/>\n<meta property=\"article:modified_time\" content=\"2021-11-18T09:52:30+00:00\" \/>\n<meta property=\"og:image\" content=\"https:\/\/www.toys4vip.com\/app\/uploads\/2021\/11\/main-225.jpg\" \/>\n\t<meta property=\"og:image:width\" content=\"1300\" \/>\n\t<meta property=\"og:image:height\" content=\"851\" \/>\n<meta name=\"twitter:card\" content=\"summary_large_image\" \/>\n<meta name=\"twitter:label1\" content=\"Dur\u00e9e de lecture est.\" \/>\n\t<meta name=\"twitter:data1\" content=\"3 minutes\" \/>\n<script type=\"application\/ld+json\" class=\"yoast-schema-graph\">{\"@context\":\"https:\/\/schema.org\",\"@graph\":[{\"@type\":\"WebSite\",\"@id\":\"https:\/\/www.toys4vip.com\/fr\/#website\",\"url\":\"https:\/\/www.toys4vip.com\/fr\/\",\"name\":\"Toys4Vip\",\"description\":\"Jouets de luxe nouveau concept store\",\"potentialAction\":[{\"@type\":\"SearchAction\",\"target\":{\"@type\":\"EntryPoint\",\"urlTemplate\":\"https:\/\/www.toys4vip.com\/fr\/?s={search_term_string}\"},\"query-input\":\"required name=search_term_string\"}],\"inLanguage\":\"fr-FR\"},{\"@type\":\"ImageObject\",\"@id\":\"https:\/\/www.toys4vip.com\/fr\/luxury-toy\/beovision14\/296\/#primaryimage\",\"inLanguage\":\"fr-FR\",\"url\":\"https:\/\/www.toys4vip.com\/app\/uploads\/2021\/11\/main-225.jpg\",\"contentUrl\":\"https:\/\/www.toys4vip.com\/app\/uploads\/2021\/11\/main-225.jpg\",\"width\":1300,\"height\":851},{\"@type\":\"WebPage\",\"@id\":\"https:\/\/www.toys4vip.com\/fr\/luxury-toy\/beovision14\/296\/#webpage\",\"url\":\"https:\/\/www.toys4vip.com\/fr\/luxury-toy\/beovision14\/296\/\",\"name\":\"BeoVision14 - Toys4Vip\",\"isPartOf\":{\"@id\":\"https:\/\/www.toys4vip.com\/fr\/#website\"},\"primaryImageOfPage\":{\"@id\":\"https:\/\/www.toys4vip.com\/fr\/luxury-toy\/beovision14\/296\/#primaryimage\"},\"datePublished\":\"2021-11-02T10:30:08+00:00\",\"dateModified\":\"2021-11-18T09:52:30+00:00\",\"description\":\"La gamme BeoVision est d\\u00e9velopp\\u00e9e par Bang & Olufsen depuis de nombreuses ann\\u00e9es. Mais cette ann\\u00e9e la famille s\\u2019agrandit avec l\\u2019arriv\\u00e9e de la BeoVision 14 TV, une t\\u00e9l\\u00e9 4K Ultra HD LED enti\\u00e8rement repens\\u00e9e de l\\u2019int\\u00e9rieur comme de l\\u2019ext\\u00e9rieur.La BeoVision 14 TV appara\\u00eet comme un \\u00e9l\\u00e9ment de design unique parfaitement int\\u00e9gr\\u00e9 \\u00e0 votre salon, aux formes \\u00e9l\\u00e9gantes et discr\\u00e8tes, faite de mati\\u00e8res nobles comme le bois de ch\\u00eane, le verre et l\\u2019aluminium.\",\"breadcrumb\":{\"@id\":\"https:\/\/www.toys4vip.com\/fr\/luxury-toy\/beovision14\/296\/#breadcrumb\"},\"inLanguage\":\"fr-FR\",\"potentialAction\":[{\"@type\":\"ReadAction\",\"target\":[\"https:\/\/www.toys4vip.com\/fr\/luxury-toy\/beovision14\/296\/\"]}]},{\"@type\":\"BreadcrumbList\",\"@id\":\"https:\/\/www.toys4vip.com\/fr\/luxury-toy\/beovision14\/296\/#breadcrumb\",\"itemListElement\":[{\"@type\":\"ListItem\",\"position\":1,\"name\":\"Home\",\"item\":\"https:\/\/www.toys4vip.com\/fr\/\"},{\"@type\":\"ListItem\",\"position\":2,\"name\":\"Objets \/ Cat\\u00e9gories\",\"item\":\"https:\/\/www.toys4vip.com\/fr\/luxury-toys\/\"},{\"@type\":\"ListItem\",\"position\":3,\"name\":\"BeoVision14\"}]}]}<\/script>\n<!-- \/ Yoast SEO plugin. -->","yoast_head_json":{"title":"BeoVision14 - Toys4Vip","description":"La gamme BeoVision est d\u00e9velopp\u00e9e par Bang & Olufsen depuis de nombreuses ann\u00e9es. Mais cette ann\u00e9e la famille s\u2019agrandit avec l\u2019arriv\u00e9e de la BeoVision 14 TV, une t\u00e9l\u00e9 4K Ultra HD LED enti\u00e8rement repens\u00e9e de l\u2019int\u00e9rieur comme de l\u2019ext\u00e9rieur.La BeoVision 14 TV appara\u00eet comme un \u00e9l\u00e9ment de design unique parfaitement int\u00e9gr\u00e9 \u00e0 votre salon, aux formes \u00e9l\u00e9gantes et discr\u00e8tes, faite de mati\u00e8res nobles comme le bois de ch\u00eane, le verre et l\u2019aluminium.","robots":{"index":"index","follow":"follow","max-snippet":"max-snippet:-1","max-image-preview":"max-image-preview:large","max-video-preview":"max-video-preview:-1"},"canonical":"https:\/\/www.toys4vip.com\/fr\/luxury-toy\/beovision14\/296\/","og_locale":"fr_FR","og_type":"article","og_title":"BeoVision14 - Toys4Vip","og_description":"La gamme BeoVision est d\u00e9velopp\u00e9e par Bang & Olufsen depuis de nombreuses ann\u00e9es. Mais cette ann\u00e9e la famille s\u2019agrandit avec l\u2019arriv\u00e9e de la BeoVision 14 TV, une t\u00e9l\u00e9 4K Ultra HD LED enti\u00e8rement repens\u00e9e de l\u2019int\u00e9rieur comme de l\u2019ext\u00e9rieur.La BeoVision 14 TV appara\u00eet comme un \u00e9l\u00e9ment de design unique parfaitement int\u00e9gr\u00e9 \u00e0 votre salon, aux formes \u00e9l\u00e9gantes et discr\u00e8tes, faite de mati\u00e8res nobles comme le bois de ch\u00eane, le verre et l\u2019aluminium.","og_url":"https:\/\/www.toys4vip.com\/fr\/luxury-toy\/beovision14\/296\/","og_site_name":"Toys4Vip","article_modified_time":"2021-11-18T09:52:30+00:00","og_image":[{"width":1300,"height":851,"url":"https:\/\/www.toys4vip.com\/app\/uploads\/2021\/11\/main-225.jpg","type":"image\/jpeg"}],"twitter_card":"summary_large_image","twitter_misc":{"Dur\u00e9e de lecture est.":"3 minutes"},"schema":{"@context":"https:\/\/schema.org","@graph":[{"@type":"WebSite","@id":"https:\/\/www.toys4vip.com\/fr\/#website","url":"https:\/\/www.toys4vip.com\/fr\/","name":"Toys4Vip","description":"Jouets de luxe nouveau concept store","potentialAction":[{"@type":"SearchAction","target":{"@type":"EntryPoint","urlTemplate":"https:\/\/www.toys4vip.com\/fr\/?s={search_term_string}"},"query-input":"required name=search_term_string"}],"inLanguage":"fr-FR"},{"@type":"ImageObject","@id":"https:\/\/www.toys4vip.com\/fr\/luxury-toy\/beovision14\/296\/#primaryimage","inLanguage":"fr-FR","url":"https:\/\/www.toys4vip.com\/app\/uploads\/2021\/11\/main-225.jpg","contentUrl":"https:\/\/www.toys4vip.com\/app\/uploads\/2021\/11\/main-225.jpg","width":1300,"height":851},{"@type":"WebPage","@id":"https:\/\/www.toys4vip.com\/fr\/luxury-toy\/beovision14\/296\/#webpage","url":"https:\/\/www.toys4vip.com\/fr\/luxury-toy\/beovision14\/296\/","name":"BeoVision14 - Toys4Vip","isPartOf":{"@id":"https:\/\/www.toys4vip.com\/fr\/#website"},"primaryImageOfPage":{"@id":"https:\/\/www.toys4vip.com\/fr\/luxury-toy\/beovision14\/296\/#primaryimage"},"datePublished":"2021-11-02T10:30:08+00:00","dateModified":"2021-11-18T09:52:30+00:00","description":"La gamme BeoVision est d\u00e9velopp\u00e9e par Bang & Olufsen depuis de nombreuses ann\u00e9es. Mais cette ann\u00e9e la famille s\u2019agrandit avec l\u2019arriv\u00e9e de la BeoVision 14 TV, une t\u00e9l\u00e9 4K Ultra HD LED enti\u00e8rement repens\u00e9e de l\u2019int\u00e9rieur comme de l\u2019ext\u00e9rieur.La BeoVision 14 TV appara\u00eet comme un \u00e9l\u00e9ment de design unique parfaitement int\u00e9gr\u00e9 \u00e0 votre salon, aux formes \u00e9l\u00e9gantes et discr\u00e8tes, faite de mati\u00e8res nobles comme le bois de ch\u00eane, le verre et l\u2019aluminium.","breadcrumb":{"@id":"https:\/\/www.toys4vip.com\/fr\/luxury-toy\/beovision14\/296\/#breadcrumb"},"inLanguage":"fr-FR","potentialAction":[{"@type":"ReadAction","target":["https:\/\/www.toys4vip.com\/fr\/luxury-toy\/beovision14\/296\/"]}]},{"@type":"BreadcrumbList","@id":"https:\/\/www.toys4vip.com\/fr\/luxury-toy\/beovision14\/296\/#breadcrumb","itemListElement":[{"@type":"ListItem","position":1,"name":"Home","item":"https:\/\/www.toys4vip.com\/fr\/"},{"@type":"ListItem","position":2,"name":"Objets \/ Cat\u00e9gories","item":"https:\/\/www.toys4vip.com\/fr\/luxury-toys\/"},{"@type":"ListItem","position":3,"name":"BeoVision14"}]}]}},"_links":{"self":[{"href":"https:\/\/www.toys4vip.com\/fr\/wp-json\/wp\/v2\/product\/1110"}],"collection":[{"href":"https:\/\/www.toys4vip.com\/fr\/wp-json\/wp\/v2\/product"}],"about":[{"href":"https:\/\/www.toys4vip.com\/fr\/wp-json\/wp\/v2\/types\/product"}],"replies":[{"embeddable":true,"href":"https:\/\/www.toys4vip.com\/fr\/wp-json\/wp\/v2\/comments?post=1110"}],"wp:featuredmedia":[{"embeddable":true,"href":"https:\/\/www.toys4vip.com\/fr\/wp-json\/wp\/v2\/media\/1108"}],"wp:attachment":[{"href":"https:\/\/www.toys4vip.com\/fr\/wp-json\/wp\/v2\/media?parent=1110"}],"wp:term":[{"taxonomy":"product_cat","embeddable":true,"href":"https:\/\/www.toys4vip.com\/fr\/wp-json\/wp\/v2\/product_cat?post=1110"},{"taxonomy":"product_tag","embeddable":true,"href":"https:\/\/www.toys4vip.com\/fr\/wp-json\/wp\/v2\/product_tag?post=1110"}],"curies":[{"name":"wp","href":"https:\/\/api.w.org\/{rel}","templated":true}]}}